{"id":8828,"date":"2021-06-17T11:53:07","date_gmt":"2021-06-17T09:53:07","guid":{"rendered":"https:\/\/frontaliers-grandest.eu\/?page_id=8828"},"modified":"2024-03-13T12:18:31","modified_gmt":"2024-03-13T11:18:31","slug":"sie-haben-den-wunsch-im-buchhaltungssektor-in-luxemburg-zu-arbeiten","status":"publish","type":"page","link":"https:\/\/frontaliers-grandest.eu\/de\/startseite\/grenzganger\/deutschland-luxemburg\/ausbildung-anerkennung-von-beruflichen-qualifikationen\/anerkennung-von-beruflichen-qualifikationen-in-luxemburg\/sie-haben-den-wunsch-im-buchhaltungssektor-in-luxemburg-zu-arbeiten\/","title":{"rendered":"Sie haben den wunsch, im buchhaltungssektor in Luxemburg zu arbeiten"},"content":{"rendered":"\n<p><strong>Sie m\u00f6chten sich als selbstst\u00e4ndiger Buchhalter in Luxemburg niederlassen. Die Aus\u00fcbung dieses Berufs wird der Niederlassungsgenehmigung untergeordnet, die auf dem Besitz bestimmter Qualifikationen basiert.<\/strong><\/p>\n\n\n\n<h4 class=\"wp-block-heading\"><strong>Geforderte Qualifikationen und Anerkennung der Berufszeugnisse<\/strong><\/h4>\n\n\n\n<p>Um die in Luxemburg erforderlichen Qualifikationen nachzuweisen und den Beruf des\u00a0<strong>selbstst\u00e4ndigen Buchhalters\u00a0<\/strong>auszu\u00fcben, m\u00fcssen die Leiter Folgendes belegen::<\/p>\n\n\n\n<ul class=\"wp-block-list\"><li>Den Abschluss\u00a0<strong>einer Fachhochschule\u00a0<\/strong>oder Fachschule, Verwaltungs- oder Handelsfachbereich oder gleichwertig<\/li><li>Oder eine\u00a0<strong>3-j\u00e4hrige Berufspraxis\u00a0<\/strong>in der Sparte nach der Erlangung des Berufszeugnisses,\u00a0<strong>davon zumindest 1 Jahr<\/strong>\u00a0bei einem Buchhalter, Wirtschaftspr\u00fcfer oder Revisor, das ordnungsgem\u00e4\u00df nachgewiesen wird.<\/li><\/ul>\n\n\n\n<p>Der Bewerber aus der EU, der den Wunsch hat, sich lm Rahmen seines Antrags auf Niederlassungsgenehmigung als Buchhalter niederzulassen:<\/p>\n\n\n\n<ul class=\"wp-block-list\"><li>Eine Kopie seines Berufsabschlusses,<\/li><li>Im Fall der Berufspraxis in einem anderen EU-Land eine Bescheinigung der zust\u00e4ndigen Beh\u00f6rde oder Einrichtung des Herkunftslandes (im Allgemeinen eine Berufskammer).<\/li><\/ul>\n\n\n\n<h5 class=\"wp-block-heading\">Informationen und Niederlassungsantr\u00e4ge:<\/h5>\n\n\n\n<figure class=\"wp-block-pullquote\"><blockquote><p><strong>Direction G\u00e9n\u00e9rale PME, Entrepreneuriat et March\u00e9 Int\u00e9rieur (Generaldirektion KMU, Unternehmertum und Binnenmarkt)<\/strong><\/p><p>(Service Droit d\u2019\u00c9tablissement &#8211; Niederlassungsabteilung)<br>BP 535<br>L-2937 Luxembourg<br>Tel:. (+352) 247 74\u00a0700<\/p><\/blockquote><\/figure>\n","protected":false},"excerpt":{"rendered":"<p>Sie m\u00f6chten sich als selbstst\u00e4ndiger Buchhalter in Luxemburg niederlassen. Die Aus\u00fcbung dieses Berufs wird der Niederlassungsgenehmigung untergeordnet, die auf dem Besitz bestimmter Qualifikationen basiert. Geforderte Qualifikationen und Anerkennung der Berufszeugnisse Um die in Luxemburg erforderlichen Qualifikationen nachzuweisen und den Beruf des\u00a0selbstst\u00e4ndigen Buchhalters\u00a0auszu\u00fcben, m\u00fcssen die Leiter Folgendes belegen:: Den Abschluss\u00a0einer Fachhochschule\u00a0oder Fachschule, Verwaltungs- oder Handelsfachbereich oder [&hellip;]<\/p>\n","protected":false},"author":7,"featured_media":0,"parent":8811,"menu_order":4,"comment_status":"closed","ping_status":"closed","template":"","meta":{"inline_featured_image":false,"footnotes":""},"tags":[],"frge_profile":[],"class_list":["post-8828","page","type-page","status-publish","hentry"],"yoast_head":"<!-- This site is optimized with the Yoast SEO plugin v27.1.1 - https:\/\/yoast.com\/product\/yoast-seo-wordpress\/ -->\n<title>Sie haben den wunsch, im buchhaltungssektor in Luxemburg zu arbeiten - Frontaliers Grand Est<\/title>\n<meta name=\"robots\" content=\"index, follow, max-snippet:-1, max-image-preview:large, max-video-preview:-1\" \/>\n<link rel=\"canonical\" href=\"https:\/\/frontaliers-grandest.eu\/de\/startseite\/grenzganger\/deutschland-luxemburg\/ausbildung-anerkennung-von-beruflichen-qualifikationen\/anerkennung-von-beruflichen-qualifikationen-in-luxemburg\/sie-haben-den-wunsch-im-buchhaltungssektor-in-luxemburg-zu-arbeiten\/\" \/>\n<meta property=\"og:locale\" content=\"de_DE\" \/>\n<meta property=\"og:type\" content=\"article\" \/>\n<meta property=\"og:title\" content=\"Sie haben den wunsch, im buchhaltungssektor in Luxemburg zu arbeiten - Frontaliers Grand Est\" \/>\n<meta property=\"og:description\" content=\"Sie m\u00f6chten sich als selbstst\u00e4ndiger Buchhalter in Luxemburg niederlassen. Die Aus\u00fcbung dieses Berufs wird der Niederlassungsgenehmigung untergeordnet, die auf dem Besitz bestimmter Qualifikationen basiert. Geforderte Qualifikationen und Anerkennung der Berufszeugnisse Um die in Luxemburg erforderlichen Qualifikationen nachzuweisen und den Beruf des\u00a0selbstst\u00e4ndigen Buchhalters\u00a0auszu\u00fcben, m\u00fcssen die Leiter Folgendes belegen:: Den Abschluss\u00a0einer Fachhochschule\u00a0oder Fachschule, Verwaltungs- oder Handelsfachbereich oder [&hellip;]\" \/>\n<meta property=\"og:url\" content=\"https:\/\/frontaliers-grandest.eu\/de\/startseite\/grenzganger\/deutschland-luxemburg\/ausbildung-anerkennung-von-beruflichen-qualifikationen\/anerkennung-von-beruflichen-qualifikationen-in-luxemburg\/sie-haben-den-wunsch-im-buchhaltungssektor-in-luxemburg-zu-arbeiten\/\" \/>\n<meta property=\"og:site_name\" content=\"Frontaliers Grand Est\" \/>\n<meta property=\"article:publisher\" content=\"https:\/\/www.facebook.com\/frontaliers.GR.EST\/?locale=fr_FR\" \/>\n<meta property=\"article:modified_time\" content=\"2024-03-13T11:18:31+00:00\" \/>\n<meta name=\"twitter:card\" content=\"summary_large_image\" \/>\n<meta name=\"twitter:label1\" content=\"Gesch\u00e4tzte Lesezeit\" \/>\n\t<meta name=\"twitter:data1\" content=\"1\u00a0Minute\" \/>\n<script type=\"application\/ld+json\" class=\"yoast-schema-graph\">{\"@context\":\"https:\/\/schema.org\",\"@graph\":[{\"@type\":\"WebPage\",\"@id\":\"https:\/\/frontaliers-grandest.eu\/de\/startseite\/grenzganger\/deutschland-luxemburg\/ausbildung-anerkennung-von-beruflichen-qualifikationen\/anerkennung-von-beruflichen-qualifikationen-in-luxemburg\/sie-haben-den-wunsch-im-buchhaltungssektor-in-luxemburg-zu-arbeiten\/\",\"url\":\"https:\/\/frontaliers-grandest.eu\/de\/startseite\/grenzganger\/deutschland-luxemburg\/ausbildung-anerkennung-von-beruflichen-qualifikationen\/anerkennung-von-beruflichen-qualifikationen-in-luxemburg\/sie-haben-den-wunsch-im-buchhaltungssektor-in-luxemburg-zu-arbeiten\/\",\"name\":\"Sie haben den wunsch, im buchhaltungssektor in Luxemburg zu arbeiten - Frontaliers Grand Est\",\"isPartOf\":{\"@id\":\"https:\/\/frontaliers-grandest.eu\/de\/#website\"},\"datePublished\":\"2021-06-17T09:53:07+00:00\",\"dateModified\":\"2024-03-13T11:18:31+00:00\",\"breadcrumb\":{\"@id\":\"https:\/\/frontaliers-grandest.eu\/de\/startseite\/grenzganger\/deutschland-luxemburg\/ausbildung-anerkennung-von-beruflichen-qualifikationen\/anerkennung-von-beruflichen-qualifikationen-in-luxemburg\/sie-haben-den-wunsch-im-buchhaltungssektor-in-luxemburg-zu-arbeiten\/#breadcrumb\"},\"inLanguage\":\"de\",\"potentialAction\":[{\"@type\":\"ReadAction\",\"target\":[\"https:\/\/frontaliers-grandest.eu\/de\/startseite\/grenzganger\/deutschland-luxemburg\/ausbildung-anerkennung-von-beruflichen-qualifikationen\/anerkennung-von-beruflichen-qualifikationen-in-luxemburg\/sie-haben-den-wunsch-im-buchhaltungssektor-in-luxemburg-zu-arbeiten\/\"]}]},{\"@type\":\"BreadcrumbList\",\"@id\":\"https:\/\/frontaliers-grandest.eu\/de\/startseite\/grenzganger\/deutschland-luxemburg\/ausbildung-anerkennung-von-beruflichen-qualifikationen\/anerkennung-von-beruflichen-qualifikationen-in-luxemburg\/sie-haben-den-wunsch-im-buchhaltungssektor-in-luxemburg-zu-arbeiten\/#breadcrumb\",\"itemListElement\":[{\"@type\":\"ListItem\",\"position\":1,\"name\":\"Startseite\",\"item\":\"https:\/\/frontaliers-grandest.eu\/de\/\"},{\"@type\":\"ListItem\",\"position\":2,\"name\":\"Grenzg\u00e4nger\",\"item\":\"https:\/\/frontaliers-grandest.eu\/de\/startseite\/grenzganger\/\"},{\"@type\":\"ListItem\",\"position\":3,\"name\":\"Deutschland - Luxemburg\",\"item\":\"https:\/\/frontaliers-grandest.eu\/de\/startseite\/grenzganger\/deutschland-luxemburg\/\"},{\"@type\":\"ListItem\",\"position\":4,\"name\":\"Ausbildung\/ Anerkennung von beruflichen qualifikationen in Luxemburg\",\"item\":\"https:\/\/frontaliers-grandest.eu\/de\/startseite\/grenzganger\/deutschland-luxemburg\/ausbildung-anerkennung-von-beruflichen-qualifikationen\/\"},{\"@type\":\"ListItem\",\"position\":5,\"name\":\"Anerkennung von beruflichen qualifikationen in Luxemburg\",\"item\":\"https:\/\/frontaliers-grandest.eu\/de\/startseite\/grenzganger\/deutschland-luxemburg\/ausbildung-anerkennung-von-beruflichen-qualifikationen\/anerkennung-von-beruflichen-qualifikationen-in-luxemburg\/\"},{\"@type\":\"ListItem\",\"position\":6,\"name\":\"Sie haben den wunsch, im buchhaltungssektor in Luxemburg zu arbeiten\"}]},{\"@type\":\"WebSite\",\"@id\":\"https:\/\/frontaliers-grandest.eu\/de\/#website\",\"url\":\"https:\/\/frontaliers-grandest.eu\/de\/\",\"name\":\"Frontaliers Grand Est\",\"description\":\"Le site ressource du travail frontalier\",\"publisher\":{\"@id\":\"https:\/\/frontaliers-grandest.eu\/de\/#organization\"},\"alternateName\":\"Frontaliers Grand Est\",\"potentialAction\":[{\"@type\":\"SearchAction\",\"target\":{\"@type\":\"EntryPoint\",\"urlTemplate\":\"https:\/\/frontaliers-grandest.eu\/de\/?s={search_term_string}\"},\"query-input\":{\"@type\":\"PropertyValueSpecification\",\"valueRequired\":true,\"valueName\":\"search_term_string\"}}],\"inLanguage\":\"de\"},{\"@type\":\"Organization\",\"@id\":\"https:\/\/frontaliers-grandest.eu\/de\/#organization\",\"name\":\"Frontaliers Grand Est\",\"alternateName\":\"Frontaliers Grand Est\",\"url\":\"https:\/\/frontaliers-grandest.eu\/de\/\",\"logo\":{\"@type\":\"ImageObject\",\"inLanguage\":\"de\",\"@id\":\"https:\/\/frontaliers-grandest.eu\/de\/#\/schema\/logo\/image\/\",\"url\":\"https:\/\/frontaliers-grandest.eu\/wp-content\/uploads\/2025\/07\/260328234_2966785176920310_3332838526503858160_n.jpg\",\"contentUrl\":\"https:\/\/frontaliers-grandest.eu\/wp-content\/uploads\/2025\/07\/260328234_2966785176920310_3332838526503858160_n.jpg\",\"width\":396,\"height\":396,\"caption\":\"Frontaliers Grand Est\"},\"image\":{\"@id\":\"https:\/\/frontaliers-grandest.eu\/de\/#\/schema\/logo\/image\/\"},\"sameAs\":[\"https:\/\/www.facebook.com\/frontaliers.GR.EST\/?locale=fr_FR\"]}]}<\/script>\n<!-- \/ Yoast SEO plugin. -->","yoast_head_json":{"title":"Sie haben den wunsch, im buchhaltungssektor in Luxemburg zu arbeiten - Frontaliers Grand Est","robots":{"index":"index","follow":"follow","max-snippet":"max-snippet:-1","max-image-preview":"max-image-preview:large","max-video-preview":"max-video-preview:-1"},"canonical":"https:\/\/frontaliers-grandest.eu\/de\/startseite\/grenzganger\/deutschland-luxemburg\/ausbildung-anerkennung-von-beruflichen-qualifikationen\/anerkennung-von-beruflichen-qualifikationen-in-luxemburg\/sie-haben-den-wunsch-im-buchhaltungssektor-in-luxemburg-zu-arbeiten\/","og_locale":"de_DE","og_type":"article","og_title":"Sie haben den wunsch, im buchhaltungssektor in Luxemburg zu arbeiten - Frontaliers Grand Est","og_description":"Sie m\u00f6chten sich als selbstst\u00e4ndiger Buchhalter in Luxemburg niederlassen. Die Aus\u00fcbung dieses Berufs wird der Niederlassungsgenehmigung untergeordnet, die auf dem Besitz bestimmter Qualifikationen basiert. Geforderte Qualifikationen und Anerkennung der Berufszeugnisse Um die in Luxemburg erforderlichen Qualifikationen nachzuweisen und den Beruf des\u00a0selbstst\u00e4ndigen Buchhalters\u00a0auszu\u00fcben, m\u00fcssen die Leiter Folgendes belegen:: Den Abschluss\u00a0einer Fachhochschule\u00a0oder Fachschule, Verwaltungs- oder Handelsfachbereich oder [&hellip;]","og_url":"https:\/\/frontaliers-grandest.eu\/de\/startseite\/grenzganger\/deutschland-luxemburg\/ausbildung-anerkennung-von-beruflichen-qualifikationen\/anerkennung-von-beruflichen-qualifikationen-in-luxemburg\/sie-haben-den-wunsch-im-buchhaltungssektor-in-luxemburg-zu-arbeiten\/","og_site_name":"Frontaliers Grand Est","article_publisher":"https:\/\/www.facebook.com\/frontaliers.GR.EST\/?locale=fr_FR","article_modified_time":"2024-03-13T11:18:31+00:00","twitter_card":"summary_large_image","twitter_misc":{"Gesch\u00e4tzte Lesezeit":"1\u00a0Minute"},"schema":{"@context":"https:\/\/schema.org","@graph":[{"@type":"WebPage","@id":"https:\/\/frontaliers-grandest.eu\/de\/startseite\/grenzganger\/deutschland-luxemburg\/ausbildung-anerkennung-von-beruflichen-qualifikationen\/anerkennung-von-beruflichen-qualifikationen-in-luxemburg\/sie-haben-den-wunsch-im-buchhaltungssektor-in-luxemburg-zu-arbeiten\/","url":"https:\/\/frontaliers-grandest.eu\/de\/startseite\/grenzganger\/deutschland-luxemburg\/ausbildung-anerkennung-von-beruflichen-qualifikationen\/anerkennung-von-beruflichen-qualifikationen-in-luxemburg\/sie-haben-den-wunsch-im-buchhaltungssektor-in-luxemburg-zu-arbeiten\/","name":"Sie haben den wunsch, im buchhaltungssektor in Luxemburg zu arbeiten - Frontaliers Grand Est","isPartOf":{"@id":"https:\/\/frontaliers-grandest.eu\/de\/#website"},"datePublished":"2021-06-17T09:53:07+00:00","dateModified":"2024-03-13T11:18:31+00:00","breadcrumb":{"@id":"https:\/\/frontaliers-grandest.eu\/de\/startseite\/grenzganger\/deutschland-luxemburg\/ausbildung-anerkennung-von-beruflichen-qualifikationen\/anerkennung-von-beruflichen-qualifikationen-in-luxemburg\/sie-haben-den-wunsch-im-buchhaltungssektor-in-luxemburg-zu-arbeiten\/#breadcrumb"},"inLanguage":"de","potentialAction":[{"@type":"ReadAction","target":["https:\/\/frontaliers-grandest.eu\/de\/startseite\/grenzganger\/deutschland-luxemburg\/ausbildung-anerkennung-von-beruflichen-qualifikationen\/anerkennung-von-beruflichen-qualifikationen-in-luxemburg\/sie-haben-den-wunsch-im-buchhaltungssektor-in-luxemburg-zu-arbeiten\/"]}]},{"@type":"BreadcrumbList","@id":"https:\/\/frontaliers-grandest.eu\/de\/startseite\/grenzganger\/deutschland-luxemburg\/ausbildung-anerkennung-von-beruflichen-qualifikationen\/anerkennung-von-beruflichen-qualifikationen-in-luxemburg\/sie-haben-den-wunsch-im-buchhaltungssektor-in-luxemburg-zu-arbeiten\/#breadcrumb","itemListElement":[{"@type":"ListItem","position":1,"name":"Startseite","item":"https:\/\/frontaliers-grandest.eu\/de\/"},{"@type":"ListItem","position":2,"name":"Grenzg\u00e4nger","item":"https:\/\/frontaliers-grandest.eu\/de\/startseite\/grenzganger\/"},{"@type":"ListItem","position":3,"name":"Deutschland - Luxemburg","item":"https:\/\/frontaliers-grandest.eu\/de\/startseite\/grenzganger\/deutschland-luxemburg\/"},{"@type":"ListItem","position":4,"name":"Ausbildung\/ Anerkennung von beruflichen qualifikationen in Luxemburg","item":"https:\/\/frontaliers-grandest.eu\/de\/startseite\/grenzganger\/deutschland-luxemburg\/ausbildung-anerkennung-von-beruflichen-qualifikationen\/"},{"@type":"ListItem","position":5,"name":"Anerkennung von beruflichen qualifikationen in Luxemburg","item":"https:\/\/frontaliers-grandest.eu\/de\/startseite\/grenzganger\/deutschland-luxemburg\/ausbildung-anerkennung-von-beruflichen-qualifikationen\/anerkennung-von-beruflichen-qualifikationen-in-luxemburg\/"},{"@type":"ListItem","position":6,"name":"Sie haben den wunsch, im buchhaltungssektor in Luxemburg zu arbeiten"}]},{"@type":"WebSite","@id":"https:\/\/frontaliers-grandest.eu\/de\/#website","url":"https:\/\/frontaliers-grandest.eu\/de\/","name":"Frontaliers Grand Est","description":"Le site ressource du travail frontalier","publisher":{"@id":"https:\/\/frontaliers-grandest.eu\/de\/#organization"},"alternateName":"Frontaliers Grand Est","potentialAction":[{"@type":"SearchAction","target":{"@type":"EntryPoint","urlTemplate":"https:\/\/frontaliers-grandest.eu\/de\/?s={search_term_string}"},"query-input":{"@type":"PropertyValueSpecification","valueRequired":true,"valueName":"search_term_string"}}],"inLanguage":"de"},{"@type":"Organization","@id":"https:\/\/frontaliers-grandest.eu\/de\/#organization","name":"Frontaliers Grand Est","alternateName":"Frontaliers Grand Est","url":"https:\/\/frontaliers-grandest.eu\/de\/","logo":{"@type":"ImageObject","inLanguage":"de","@id":"https:\/\/frontaliers-grandest.eu\/de\/#\/schema\/logo\/image\/","url":"https:\/\/frontaliers-grandest.eu\/wp-content\/uploads\/2025\/07\/260328234_2966785176920310_3332838526503858160_n.jpg","contentUrl":"https:\/\/frontaliers-grandest.eu\/wp-content\/uploads\/2025\/07\/260328234_2966785176920310_3332838526503858160_n.jpg","width":396,"height":396,"caption":"Frontaliers Grand Est"},"image":{"@id":"https:\/\/frontaliers-grandest.eu\/de\/#\/schema\/logo\/image\/"},"sameAs":["https:\/\/www.facebook.com\/frontaliers.GR.EST\/?locale=fr_FR"]}]}},"frge_page_order":0,"_links":{"self":[{"href":"https:\/\/frontaliers-grandest.eu\/de\/wp-json\/wp\/v2\/pages\/8828","targetHints":{"allow":["GET"]}}],"collection":[{"href":"https:\/\/frontaliers-grandest.eu\/de\/wp-json\/wp\/v2\/pages"}],"about":[{"href":"https:\/\/frontaliers-grandest.eu\/de\/wp-json\/wp\/v2\/types\/page"}],"author":[{"embeddable":true,"href":"https:\/\/frontaliers-grandest.eu\/de\/wp-json\/wp\/v2\/users\/7"}],"replies":[{"embeddable":true,"href":"https:\/\/frontaliers-grandest.eu\/de\/wp-json\/wp\/v2\/comments?post=8828"}],"version-history":[{"count":2,"href":"https:\/\/frontaliers-grandest.eu\/de\/wp-json\/wp\/v2\/pages\/8828\/revisions"}],"predecessor-version":[{"id":34643,"href":"https:\/\/frontaliers-grandest.eu\/de\/wp-json\/wp\/v2\/pages\/8828\/revisions\/34643"}],"up":[{"embeddable":true,"href":"https:\/\/frontaliers-grandest.eu\/de\/wp-json\/wp\/v2\/pages\/8811"}],"wp:attachment":[{"href":"https:\/\/frontaliers-grandest.eu\/de\/wp-json\/wp\/v2\/media?parent=8828"}],"wp:term":[{"taxonomy":"post_tag","embeddable":true,"href":"https:\/\/frontaliers-grandest.eu\/de\/wp-json\/wp\/v2\/tags?post=8828"},{"taxonomy":"frge_profile","embeddable":true,"href":"https:\/\/frontaliers-grandest.eu\/de\/wp-json\/wp\/v2\/frge_profile?post=8828"}],"curies":[{"name":"wp","href":"https:\/\/api.w.org\/{rel}","templated":true}]}}