{"id":8825,"date":"2021-06-17T11:49:18","date_gmt":"2021-06-17T09:49:18","guid":{"rendered":"https:\/\/frontaliers-grandest.eu\/?page_id=8825"},"modified":"2024-03-13T12:18:05","modified_gmt":"2024-03-13T11:18:05","slug":"sie-haben-den-wunsch-im-lebensmittelsektor-in-luxemburg-zu-arbeiten","status":"publish","type":"page","link":"https:\/\/frontaliers-grandest.eu\/de\/startseite\/grenzganger\/deutschland-luxemburg\/ausbildung-anerkennung-von-beruflichen-qualifikationen\/anerkennung-von-beruflichen-qualifikationen-in-luxemburg\/sie-haben-den-wunsch-im-lebensmittelsektor-in-luxemburg-zu-arbeiten\/","title":{"rendered":"Sie haben den Wunsch, im lebensmittelsektor in Luxemburg zu arbeiten"},"content":{"rendered":"\n<h4 class=\"wp-block-heading\"><strong>Die handwerklichen Berufe im Lebensmittelsektor\u00a0(Berufe der Liste A und B):<\/strong><\/h4>\n\n\n\n<h5 class=\"wp-block-heading\">Liste ohne Anspruch auf Vollst\u00e4ndigkeit:<\/h5>\n\n\n\n<ul class=\"wp-block-list\"><li>Speiseeishersteller, <\/li><li>Waffel- und Cr\u00e8pe-Hersteller, <\/li><li>B\u00e4cker-Konditor, <\/li><li>Fleischer, <\/li><li>Partyservice.<\/li><\/ul>\n\n\n\n<p>Hierf\u00fcr werden dieselben Formalit\u00e4ten gefordert wir f\u00fcr die \u00fcbrigen Handwerksberufe.<\/p>\n\n\n\n<h4 class=\"wp-block-heading\"><strong>Der Beruf des Gastwirts<\/strong><\/h4>\n\n\n\n<p>Sie haben den Wunsch, sich als Gastwirt in Luxemburg niederzulassen. Die Aus\u00fcbung des Berufs ist einer Niederlassungsgenehmigung untergeordnet, die insbesondere auf dem Besitz bestimmter Qualifikationen beruht.<\/p>\n\n\n\n<p>Geforderte Qualifikationen und Anerkennung der BerufszeugnisseUm in Luxemburg die erforderlichen Qualifikationen nachzuweisen und den Beruf des\u00a0<strong>Gastwirt\u00a0<\/strong>auszu\u00fcben, muss der Leiter Folgendes vorlegen:<\/p>\n\n\n\n<ul class=\"wp-block-list\"><li>entweder eine\u00a0<strong>berufliche Eignungspr\u00fcfung\u00a0<\/strong>(DAP) oder gleichwertig (CATP, CAP, etc.) oder dar\u00fcber hinaus (Abitur, Bachelor usw.)<\/li><li>oder eine zumindest 3-j\u00e4hrige\u00a0<strong>Berufspraxis<\/strong>\u00a0in einem Mitgliedstaat der Europ\u00e4ischen Union (EU).<\/li><\/ul>\n\n\n\n<p>Der Bewerber aus der EU, der den Wunsch hat, sich als Gastwirt niederzulassen, ist verpflichtet, im Rahmen seines Antrags auf Niederlassungsgenehmigung Folgendes vorzulegen:<\/p>\n\n\n\n<ul class=\"wp-block-list\"><li>Eine Kopie seines\u00a0<strong>Berufszeugnisses \u201eZugang zu den Berufen des Hotel- und Gastst\u00e4ttengewerbes\u201c<\/strong>\u00a0des House of Training (oder gleichwertige Ausbildung),<\/li><li>Eine Kopie seiner\u00a0<strong>Titel, Abschl\u00fcsse\u00a0<\/strong>oder\u00a0<strong>Berufszeugnisse,<\/strong><\/li><li>Im Fall der Berufspraxis in einem anderen Land der Europ\u00e4ischen Union: eine Bescheinigung (<a href=\"https:\/\/guichet.public.lu\/fr\/entreprises\/creation-developpement\/autorisation-etablissement\/autorisation-honorabilite\/certificat-ce.html\" target=\"_blank\" rel=\"noreferrer noopener\">EG-Bescheinigung<\/a>\u00a0oder gleichwertig) der zust\u00e4ndigen Beh\u00f6rde oder Einrichtung des Herkunftslandes (im Allgemeinen eine Berufskammer).<\/li><\/ul>\n\n\n\n<h5 class=\"wp-block-heading\">Die Niederlassungsgenehmigung, der die Nachweise beizuf\u00fcgen sind, wird bei der nachstehenden Stelle beantragt:<\/h5>\n\n\n\n<figure class=\"wp-block-pullquote\"><blockquote><p><strong>Direction G\u00e9n\u00e9rale PME, Entrepreneuriat et March\u00e9 Int\u00e9rieur<br>(Generaldirektion KMU, Unternehmertum und Binnenmarkt)<\/strong><\/p><p>(Service Droit d\u2019\u00c9tablissement &#8211; Niederlassungsabteilung)<br>BP 535<br>L-2937 Luxembourg<br>Tel:. (+352) 247 74\u00a0700<\/p><\/blockquote><\/figure>\n\n\n\n<p>Die Liste der einzureichenden Schriftst\u00fccke finden Sie unter Guichet.lu\u00a0:<br><a href=\"https:\/\/guichet.public.lu\/fr\/entreprises\/creation-developpement\/autorisation-etablissement\/commerce\/horeca.html\" target=\"_blank\" rel=\"noreferrer noopener\">https:\/\/guichet.public.lu\/fr\/entreprises\/creation-developpement\/autorisation-etablissement\/commerce\/horeca.html<\/a><\/p>\n","protected":false},"excerpt":{"rendered":"<p>Die handwerklichen Berufe im Lebensmittelsektor\u00a0(Berufe der Liste A und B): Liste ohne Anspruch auf Vollst\u00e4ndigkeit: Speiseeishersteller, Waffel- und Cr\u00e8pe-Hersteller, B\u00e4cker-Konditor, Fleischer, Partyservice. Hierf\u00fcr werden dieselben Formalit\u00e4ten gefordert wir f\u00fcr die \u00fcbrigen Handwerksberufe. Der Beruf des Gastwirts Sie haben den Wunsch, sich als Gastwirt in Luxemburg niederzulassen. Die Aus\u00fcbung des Berufs ist einer Niederlassungsgenehmigung untergeordnet, die [&hellip;]<\/p>\n","protected":false},"author":7,"featured_media":0,"parent":8811,"menu_order":3,"comment_status":"closed","ping_status":"closed","template":"","meta":{"inline_featured_image":false,"footnotes":""},"tags":[],"frge_profile":[],"class_list":["post-8825","page","type-page","status-publish","hentry"],"yoast_head":"<!-- This site is optimized with the Yoast SEO plugin v27.1.1 - https:\/\/yoast.com\/product\/yoast-seo-wordpress\/ -->\n<title>Sie haben den Wunsch, im lebensmittelsektor in Luxemburg zu arbeiten - Frontaliers Grand Est<\/title>\n<meta name=\"robots\" content=\"index, follow, max-snippet:-1, max-image-preview:large, max-video-preview:-1\" \/>\n<link rel=\"canonical\" href=\"https:\/\/frontaliers-grandest.eu\/de\/startseite\/grenzganger\/deutschland-luxemburg\/ausbildung-anerkennung-von-beruflichen-qualifikationen\/anerkennung-von-beruflichen-qualifikationen-in-luxemburg\/sie-haben-den-wunsch-im-lebensmittelsektor-in-luxemburg-zu-arbeiten\/\" \/>\n<meta property=\"og:locale\" content=\"de_DE\" \/>\n<meta property=\"og:type\" content=\"article\" \/>\n<meta property=\"og:title\" content=\"Sie haben den Wunsch, im lebensmittelsektor in Luxemburg zu arbeiten - Frontaliers Grand Est\" \/>\n<meta property=\"og:description\" content=\"Die handwerklichen Berufe im Lebensmittelsektor\u00a0(Berufe der Liste A und B): Liste ohne Anspruch auf Vollst\u00e4ndigkeit: Speiseeishersteller, Waffel- und Cr\u00e8pe-Hersteller, B\u00e4cker-Konditor, Fleischer, Partyservice. Hierf\u00fcr werden dieselben Formalit\u00e4ten gefordert wir f\u00fcr die \u00fcbrigen Handwerksberufe. Der Beruf des Gastwirts Sie haben den Wunsch, sich als Gastwirt in Luxemburg niederzulassen. Die Aus\u00fcbung des Berufs ist einer Niederlassungsgenehmigung untergeordnet, die [&hellip;]\" \/>\n<meta property=\"og:url\" content=\"https:\/\/frontaliers-grandest.eu\/de\/startseite\/grenzganger\/deutschland-luxemburg\/ausbildung-anerkennung-von-beruflichen-qualifikationen\/anerkennung-von-beruflichen-qualifikationen-in-luxemburg\/sie-haben-den-wunsch-im-lebensmittelsektor-in-luxemburg-zu-arbeiten\/\" \/>\n<meta property=\"og:site_name\" content=\"Frontaliers Grand Est\" \/>\n<meta property=\"article:publisher\" content=\"https:\/\/www.facebook.com\/frontaliers.GR.EST\/?locale=fr_FR\" \/>\n<meta property=\"article:modified_time\" content=\"2024-03-13T11:18:05+00:00\" \/>\n<meta name=\"twitter:card\" content=\"summary_large_image\" \/>\n<meta name=\"twitter:label1\" content=\"Gesch\u00e4tzte Lesezeit\" \/>\n\t<meta name=\"twitter:data1\" content=\"2\u00a0Minuten\" \/>\n<script type=\"application\/ld+json\" class=\"yoast-schema-graph\">{\"@context\":\"https:\/\/schema.org\",\"@graph\":[{\"@type\":\"WebPage\",\"@id\":\"https:\/\/frontaliers-grandest.eu\/de\/startseite\/grenzganger\/deutschland-luxemburg\/ausbildung-anerkennung-von-beruflichen-qualifikationen\/anerkennung-von-beruflichen-qualifikationen-in-luxemburg\/sie-haben-den-wunsch-im-lebensmittelsektor-in-luxemburg-zu-arbeiten\/\",\"url\":\"https:\/\/frontaliers-grandest.eu\/de\/startseite\/grenzganger\/deutschland-luxemburg\/ausbildung-anerkennung-von-beruflichen-qualifikationen\/anerkennung-von-beruflichen-qualifikationen-in-luxemburg\/sie-haben-den-wunsch-im-lebensmittelsektor-in-luxemburg-zu-arbeiten\/\",\"name\":\"Sie haben den Wunsch, im lebensmittelsektor in Luxemburg zu arbeiten - Frontaliers Grand Est\",\"isPartOf\":{\"@id\":\"https:\/\/frontaliers-grandest.eu\/de\/#website\"},\"datePublished\":\"2021-06-17T09:49:18+00:00\",\"dateModified\":\"2024-03-13T11:18:05+00:00\",\"breadcrumb\":{\"@id\":\"https:\/\/frontaliers-grandest.eu\/de\/startseite\/grenzganger\/deutschland-luxemburg\/ausbildung-anerkennung-von-beruflichen-qualifikationen\/anerkennung-von-beruflichen-qualifikationen-in-luxemburg\/sie-haben-den-wunsch-im-lebensmittelsektor-in-luxemburg-zu-arbeiten\/#breadcrumb\"},\"inLanguage\":\"de\",\"potentialAction\":[{\"@type\":\"ReadAction\",\"target\":[\"https:\/\/frontaliers-grandest.eu\/de\/startseite\/grenzganger\/deutschland-luxemburg\/ausbildung-anerkennung-von-beruflichen-qualifikationen\/anerkennung-von-beruflichen-qualifikationen-in-luxemburg\/sie-haben-den-wunsch-im-lebensmittelsektor-in-luxemburg-zu-arbeiten\/\"]}]},{\"@type\":\"BreadcrumbList\",\"@id\":\"https:\/\/frontaliers-grandest.eu\/de\/startseite\/grenzganger\/deutschland-luxemburg\/ausbildung-anerkennung-von-beruflichen-qualifikationen\/anerkennung-von-beruflichen-qualifikationen-in-luxemburg\/sie-haben-den-wunsch-im-lebensmittelsektor-in-luxemburg-zu-arbeiten\/#breadcrumb\",\"itemListElement\":[{\"@type\":\"ListItem\",\"position\":1,\"name\":\"Startseite\",\"item\":\"https:\/\/frontaliers-grandest.eu\/de\/\"},{\"@type\":\"ListItem\",\"position\":2,\"name\":\"Grenzg\u00e4nger\",\"item\":\"https:\/\/frontaliers-grandest.eu\/de\/startseite\/grenzganger\/\"},{\"@type\":\"ListItem\",\"position\":3,\"name\":\"Deutschland - Luxemburg\",\"item\":\"https:\/\/frontaliers-grandest.eu\/de\/startseite\/grenzganger\/deutschland-luxemburg\/\"},{\"@type\":\"ListItem\",\"position\":4,\"name\":\"Ausbildung\/ Anerkennung von beruflichen qualifikationen in Luxemburg\",\"item\":\"https:\/\/frontaliers-grandest.eu\/de\/startseite\/grenzganger\/deutschland-luxemburg\/ausbildung-anerkennung-von-beruflichen-qualifikationen\/\"},{\"@type\":\"ListItem\",\"position\":5,\"name\":\"Anerkennung von beruflichen qualifikationen in Luxemburg\",\"item\":\"https:\/\/frontaliers-grandest.eu\/de\/startseite\/grenzganger\/deutschland-luxemburg\/ausbildung-anerkennung-von-beruflichen-qualifikationen\/anerkennung-von-beruflichen-qualifikationen-in-luxemburg\/\"},{\"@type\":\"ListItem\",\"position\":6,\"name\":\"Sie haben den Wunsch, im lebensmittelsektor in Luxemburg zu arbeiten\"}]},{\"@type\":\"WebSite\",\"@id\":\"https:\/\/frontaliers-grandest.eu\/de\/#website\",\"url\":\"https:\/\/frontaliers-grandest.eu\/de\/\",\"name\":\"Frontaliers Grand Est\",\"description\":\"Le site ressource du travail frontalier\",\"publisher\":{\"@id\":\"https:\/\/frontaliers-grandest.eu\/de\/#organization\"},\"alternateName\":\"Frontaliers Grand Est\",\"potentialAction\":[{\"@type\":\"SearchAction\",\"target\":{\"@type\":\"EntryPoint\",\"urlTemplate\":\"https:\/\/frontaliers-grandest.eu\/de\/?s={search_term_string}\"},\"query-input\":{\"@type\":\"PropertyValueSpecification\",\"valueRequired\":true,\"valueName\":\"search_term_string\"}}],\"inLanguage\":\"de\"},{\"@type\":\"Organization\",\"@id\":\"https:\/\/frontaliers-grandest.eu\/de\/#organization\",\"name\":\"Frontaliers Grand Est\",\"alternateName\":\"Frontaliers Grand Est\",\"url\":\"https:\/\/frontaliers-grandest.eu\/de\/\",\"logo\":{\"@type\":\"ImageObject\",\"inLanguage\":\"de\",\"@id\":\"https:\/\/frontaliers-grandest.eu\/de\/#\/schema\/logo\/image\/\",\"url\":\"https:\/\/frontaliers-grandest.eu\/wp-content\/uploads\/2025\/07\/260328234_2966785176920310_3332838526503858160_n.jpg\",\"contentUrl\":\"https:\/\/frontaliers-grandest.eu\/wp-content\/uploads\/2025\/07\/260328234_2966785176920310_3332838526503858160_n.jpg\",\"width\":396,\"height\":396,\"caption\":\"Frontaliers Grand Est\"},\"image\":{\"@id\":\"https:\/\/frontaliers-grandest.eu\/de\/#\/schema\/logo\/image\/\"},\"sameAs\":[\"https:\/\/www.facebook.com\/frontaliers.GR.EST\/?locale=fr_FR\"]}]}<\/script>\n<!-- \/ Yoast SEO plugin. -->","yoast_head_json":{"title":"Sie haben den Wunsch, im lebensmittelsektor in Luxemburg zu arbeiten - Frontaliers Grand Est","robots":{"index":"index","follow":"follow","max-snippet":"max-snippet:-1","max-image-preview":"max-image-preview:large","max-video-preview":"max-video-preview:-1"},"canonical":"https:\/\/frontaliers-grandest.eu\/de\/startseite\/grenzganger\/deutschland-luxemburg\/ausbildung-anerkennung-von-beruflichen-qualifikationen\/anerkennung-von-beruflichen-qualifikationen-in-luxemburg\/sie-haben-den-wunsch-im-lebensmittelsektor-in-luxemburg-zu-arbeiten\/","og_locale":"de_DE","og_type":"article","og_title":"Sie haben den Wunsch, im lebensmittelsektor in Luxemburg zu arbeiten - Frontaliers Grand Est","og_description":"Die handwerklichen Berufe im Lebensmittelsektor\u00a0(Berufe der Liste A und B): Liste ohne Anspruch auf Vollst\u00e4ndigkeit: Speiseeishersteller, Waffel- und Cr\u00e8pe-Hersteller, B\u00e4cker-Konditor, Fleischer, Partyservice. Hierf\u00fcr werden dieselben Formalit\u00e4ten gefordert wir f\u00fcr die \u00fcbrigen Handwerksberufe. Der Beruf des Gastwirts Sie haben den Wunsch, sich als Gastwirt in Luxemburg niederzulassen. Die Aus\u00fcbung des Berufs ist einer Niederlassungsgenehmigung untergeordnet, die [&hellip;]","og_url":"https:\/\/frontaliers-grandest.eu\/de\/startseite\/grenzganger\/deutschland-luxemburg\/ausbildung-anerkennung-von-beruflichen-qualifikationen\/anerkennung-von-beruflichen-qualifikationen-in-luxemburg\/sie-haben-den-wunsch-im-lebensmittelsektor-in-luxemburg-zu-arbeiten\/","og_site_name":"Frontaliers Grand Est","article_publisher":"https:\/\/www.facebook.com\/frontaliers.GR.EST\/?locale=fr_FR","article_modified_time":"2024-03-13T11:18:05+00:00","twitter_card":"summary_large_image","twitter_misc":{"Gesch\u00e4tzte Lesezeit":"2\u00a0Minuten"},"schema":{"@context":"https:\/\/schema.org","@graph":[{"@type":"WebPage","@id":"https:\/\/frontaliers-grandest.eu\/de\/startseite\/grenzganger\/deutschland-luxemburg\/ausbildung-anerkennung-von-beruflichen-qualifikationen\/anerkennung-von-beruflichen-qualifikationen-in-luxemburg\/sie-haben-den-wunsch-im-lebensmittelsektor-in-luxemburg-zu-arbeiten\/","url":"https:\/\/frontaliers-grandest.eu\/de\/startseite\/grenzganger\/deutschland-luxemburg\/ausbildung-anerkennung-von-beruflichen-qualifikationen\/anerkennung-von-beruflichen-qualifikationen-in-luxemburg\/sie-haben-den-wunsch-im-lebensmittelsektor-in-luxemburg-zu-arbeiten\/","name":"Sie haben den Wunsch, im lebensmittelsektor in Luxemburg zu arbeiten - Frontaliers Grand Est","isPartOf":{"@id":"https:\/\/frontaliers-grandest.eu\/de\/#website"},"datePublished":"2021-06-17T09:49:18+00:00","dateModified":"2024-03-13T11:18:05+00:00","breadcrumb":{"@id":"https:\/\/frontaliers-grandest.eu\/de\/startseite\/grenzganger\/deutschland-luxemburg\/ausbildung-anerkennung-von-beruflichen-qualifikationen\/anerkennung-von-beruflichen-qualifikationen-in-luxemburg\/sie-haben-den-wunsch-im-lebensmittelsektor-in-luxemburg-zu-arbeiten\/#breadcrumb"},"inLanguage":"de","potentialAction":[{"@type":"ReadAction","target":["https:\/\/frontaliers-grandest.eu\/de\/startseite\/grenzganger\/deutschland-luxemburg\/ausbildung-anerkennung-von-beruflichen-qualifikationen\/anerkennung-von-beruflichen-qualifikationen-in-luxemburg\/sie-haben-den-wunsch-im-lebensmittelsektor-in-luxemburg-zu-arbeiten\/"]}]},{"@type":"BreadcrumbList","@id":"https:\/\/frontaliers-grandest.eu\/de\/startseite\/grenzganger\/deutschland-luxemburg\/ausbildung-anerkennung-von-beruflichen-qualifikationen\/anerkennung-von-beruflichen-qualifikationen-in-luxemburg\/sie-haben-den-wunsch-im-lebensmittelsektor-in-luxemburg-zu-arbeiten\/#breadcrumb","itemListElement":[{"@type":"ListItem","position":1,"name":"Startseite","item":"https:\/\/frontaliers-grandest.eu\/de\/"},{"@type":"ListItem","position":2,"name":"Grenzg\u00e4nger","item":"https:\/\/frontaliers-grandest.eu\/de\/startseite\/grenzganger\/"},{"@type":"ListItem","position":3,"name":"Deutschland - Luxemburg","item":"https:\/\/frontaliers-grandest.eu\/de\/startseite\/grenzganger\/deutschland-luxemburg\/"},{"@type":"ListItem","position":4,"name":"Ausbildung\/ Anerkennung von beruflichen qualifikationen in Luxemburg","item":"https:\/\/frontaliers-grandest.eu\/de\/startseite\/grenzganger\/deutschland-luxemburg\/ausbildung-anerkennung-von-beruflichen-qualifikationen\/"},{"@type":"ListItem","position":5,"name":"Anerkennung von beruflichen qualifikationen in Luxemburg","item":"https:\/\/frontaliers-grandest.eu\/de\/startseite\/grenzganger\/deutschland-luxemburg\/ausbildung-anerkennung-von-beruflichen-qualifikationen\/anerkennung-von-beruflichen-qualifikationen-in-luxemburg\/"},{"@type":"ListItem","position":6,"name":"Sie haben den Wunsch, im lebensmittelsektor in Luxemburg zu arbeiten"}]},{"@type":"WebSite","@id":"https:\/\/frontaliers-grandest.eu\/de\/#website","url":"https:\/\/frontaliers-grandest.eu\/de\/","name":"Frontaliers Grand Est","description":"Le site ressource du travail frontalier","publisher":{"@id":"https:\/\/frontaliers-grandest.eu\/de\/#organization"},"alternateName":"Frontaliers Grand Est","potentialAction":[{"@type":"SearchAction","target":{"@type":"EntryPoint","urlTemplate":"https:\/\/frontaliers-grandest.eu\/de\/?s={search_term_string}"},"query-input":{"@type":"PropertyValueSpecification","valueRequired":true,"valueName":"search_term_string"}}],"inLanguage":"de"},{"@type":"Organization","@id":"https:\/\/frontaliers-grandest.eu\/de\/#organization","name":"Frontaliers Grand Est","alternateName":"Frontaliers Grand Est","url":"https:\/\/frontaliers-grandest.eu\/de\/","logo":{"@type":"ImageObject","inLanguage":"de","@id":"https:\/\/frontaliers-grandest.eu\/de\/#\/schema\/logo\/image\/","url":"https:\/\/frontaliers-grandest.eu\/wp-content\/uploads\/2025\/07\/260328234_2966785176920310_3332838526503858160_n.jpg","contentUrl":"https:\/\/frontaliers-grandest.eu\/wp-content\/uploads\/2025\/07\/260328234_2966785176920310_3332838526503858160_n.jpg","width":396,"height":396,"caption":"Frontaliers Grand Est"},"image":{"@id":"https:\/\/frontaliers-grandest.eu\/de\/#\/schema\/logo\/image\/"},"sameAs":["https:\/\/www.facebook.com\/frontaliers.GR.EST\/?locale=fr_FR"]}]}},"frge_page_order":0,"_links":{"self":[{"href":"https:\/\/frontaliers-grandest.eu\/de\/wp-json\/wp\/v2\/pages\/8825","targetHints":{"allow":["GET"]}}],"collection":[{"href":"https:\/\/frontaliers-grandest.eu\/de\/wp-json\/wp\/v2\/pages"}],"about":[{"href":"https:\/\/frontaliers-grandest.eu\/de\/wp-json\/wp\/v2\/types\/page"}],"author":[{"embeddable":true,"href":"https:\/\/frontaliers-grandest.eu\/de\/wp-json\/wp\/v2\/users\/7"}],"replies":[{"embeddable":true,"href":"https:\/\/frontaliers-grandest.eu\/de\/wp-json\/wp\/v2\/comments?post=8825"}],"version-history":[{"count":3,"href":"https:\/\/frontaliers-grandest.eu\/de\/wp-json\/wp\/v2\/pages\/8825\/revisions"}],"predecessor-version":[{"id":34642,"href":"https:\/\/frontaliers-grandest.eu\/de\/wp-json\/wp\/v2\/pages\/8825\/revisions\/34642"}],"up":[{"embeddable":true,"href":"https:\/\/frontaliers-grandest.eu\/de\/wp-json\/wp\/v2\/pages\/8811"}],"wp:attachment":[{"href":"https:\/\/frontaliers-grandest.eu\/de\/wp-json\/wp\/v2\/media?parent=8825"}],"wp:term":[{"taxonomy":"post_tag","embeddable":true,"href":"https:\/\/frontaliers-grandest.eu\/de\/wp-json\/wp\/v2\/tags?post=8825"},{"taxonomy":"frge_profile","embeddable":true,"href":"https:\/\/frontaliers-grandest.eu\/de\/wp-json\/wp\/v2\/frge_profile?post=8825"}],"curies":[{"name":"wp","href":"https:\/\/api.w.org\/{rel}","templated":true}]}}