{"id":8818,"date":"2021-06-17T11:39:01","date_gmt":"2021-06-17T09:39:01","guid":{"rendered":"https:\/\/frontaliers-grandest.eu\/?page_id=8818"},"modified":"2024-07-03T11:12:35","modified_gmt":"2024-07-03T09:12:35","slug":"sie-mochten-als-handwerker-in-luxemburg-arbeiten","status":"publish","type":"page","link":"https:\/\/frontaliers-grandest.eu\/de\/startseite\/grenzganger\/deutschland-luxemburg\/ausbildung-anerkennung-von-beruflichen-qualifikationen\/anerkennung-von-beruflichen-qualifikationen-in-luxemburg\/sie-mochten-als-handwerker-in-luxemburg-arbeiten\/","title":{"rendered":"Sie m\u00f6chten als handwerker in Luxemburg arbeiten"},"content":{"rendered":"\n<p>Sie sind Handwerker in einem Land der EU und haben den Wunsch, sich als selbstst\u00e4ndiger Handwerker in Luxemburg niederzulassen. Zahlreiche Berufe sind reglementiert und bed\u00fcrfen einer Niederlassungsgenehmigung, die unter andere dem Besitz der&nbsp;<strong>enzsprechenden Qualifikationen&nbsp;<\/strong>untergeordnet ist (es werden weitere Bescheinigungen wie insbesondere ein Nachweis der pers\u00f6nlichen Zuverl\u00e4ssigkeit gefordert).<\/p>\n\n\n\n<h5 class=\"wp-block-heading\">Informationen und Formalit\u00e4ten bei:<\/h5>\n\n\n\n<figure class=\"wp-block-pullquote\"><blockquote><p><strong>Direction G\u00e9n\u00e9rale PME, Entrepreneuriat et March\u00e9 Int\u00e9rieur&nbsp;(Generaldirektion KMU, Unternehmertum und Binnenmarkt)<\/strong><br>(Service Droit d\u2019\u00c9tablissement &#8211; Niederlassungsabteilung)<br>BP 535<br>L-2937 Luxembourg<br>Tel.. (+352) 247 74&nbsp;700<\/p><\/blockquote><\/figure>\n\n\n\n<h3 class=\"wp-block-heading\"><strong>Die Handwerksberufe<\/strong><\/h3>\n\n\n\n<p>Die&nbsp;<strong>reglementierten Handwerkst\u00e4tigkeiten&nbsp;<\/strong>unterteilen sind nach&nbsp;<strong>Hauptberufen (Liste A)<\/strong>&nbsp;und&nbsp;<strong>Nebenberufen (Liste B<\/strong>)<strong>.<\/strong>&nbsp;<strong>Jeder Handwerker, der bereits die Genehmigung erhielt, eine handwerkliche T\u00e4tigkeit der Liste A auszu\u00fcben, ist berechtigt, eine handwerkliche T\u00e4tigkeit Liste B auszu\u00fcben, die zur selben technischen Familie geh\u00f6rt, ohne eine zus\u00e4tzliche Genehmigung zu beantragen.<\/strong><\/p>\n\n\n\n<h4 class=\"wp-block-heading\">Die handwerklichen Berufe der Liste A<\/h4>\n\n\n\n<p>Sie umfassen 33 Berufe in 6 Bereichen: Mode-Gesundheit-Hygiene (Optiker-Optometrist, Fu\u00dfpfleger, Friseur usw.), Mechanik, Bau (Elektriker, Maler &#8211; Deckenbauer \u2013 Verputzer usw.), Kommunikation-Multimedia-Show (Einrichter elektronischer Ausr\u00fcstungen usw.), Kunst und Verschiedenes (Schwimmlehrer).<\/p>\n\n\n\n<h5 class=\"wp-block-heading\"><strong>Geforderte Qualifikationen und Anerkennung der Berufszeugnisse<\/strong><\/h5>\n\n\n\n<p>Zur Aus\u00fcbung eines Berufs der Liste A in Luxemburg muss der Bewerber im Besitz eines&nbsp;<strong>Meisterbriefs<\/strong>&nbsp;im betreffenden Sektor sein oder einen Abschluss, der zumindest den wesentlichen Teil desselben abdeckt, oder ein&nbsp;<strong>Bachelor<\/strong>&nbsp;(oder gleichwertig), das zumindest den&nbsp;<strong>wesentlichen Teil der&nbsp;<\/strong>betreffenden&nbsp;<strong>T\u00e4tigkeit&nbsp;<\/strong>abdeckt bzw. einen Teilabschluss, erg\u00e4nzt durch eine Berufserfahrung vorlegen k\u00f6nnen.<\/p>\n\n\n\n<p>F\u00fcr Bewerber aus der EU kann&nbsp;<strong>die Anerkennung der Berufsqualifikation&nbsp;<\/strong>f\u00fcr die Niederlassungsgenehmigung beantragt werden. In bestimmten F\u00e4llen kann<strong>&nbsp;die Kopie des ausl\u00e4ndischen Dokuments ausreichen.&nbsp;<\/strong>Handelt es sich um einen Abschluss, der nach dem Abitur erworben wurde,&nbsp;<strong>werden die Formalit\u00e4ten zur Anerkennung der Berufsqualifikationen und Eintragung in das Verzeichnis der Berufsabschl\u00fcsse gefordert.<\/strong><\/p>\n\n\n\n<p>Liste der vorzulegenden Schriftst\u00fccke und herunterzuladende Formulare auf der Website der luxemburgischen Anlaufstelle Guichet.lu:<br><a href=\"https:\/\/guichet.public.lu\/fr\/citoyens\/travail.html\" target=\"_blank\" rel=\"noreferrer noopener\">https:\/\/guichet.public.lu\/fr\/citoyens\/travail.html<\/a><\/p>\n\n\n\n<h4 class=\"wp-block-heading\">Die Handwerksberufe der Liste B<\/h4>\n\n\n\n<p>Sie umfassen&nbsp;<strong>88 Berufe<\/strong>&nbsp;und unterteilen sich in 6 Gruppen: Ern\u00e4hrung, \u201eMode, Gesundheit und Hygiene\u201c, Mechanik, Bau, \u201eKommunikation, Multimedia und Show\u201c, \u201ediverse handwerkliche T\u00e4tigkeiten\u201c (Bearbeitung unterschiedlicher Materialien wie Holz, Metall, Minerale, Fasern, diverse Werkstoffe).<\/p>\n\n\n\n<h5 class=\"wp-block-heading\"><strong>Geforderte Qualifikationen und Anerkennung der Berufszeugnisse<\/strong><\/h5>\n\n\n\n<p>Um die erforderlichen Qualifikationen nachzuweisen und eine Handwerkst\u00e4tigkeit der Liste B auszu\u00fcben, muss der Leiter in Luxemburg \u00fcber Qualifikationen verf\u00fcgen,&nbsp;<strong>die weniger hoch&nbsp;<\/strong>als f\u00fcr die Berufe der Liste A sind:<\/p>\n\n\n\n<ul class=\"wp-block-list\">\n<li>entweder eine\u00a0<strong>berufliche Eignungspr\u00fcfung\u00a0<\/strong>(DAP) oder gleichwertig (CATP, CAP, etc.), dessen Programm die betreffende Handwerkst\u00e4tigkeit oder ihre wesentlichen Bestandteile abdeckt<\/li>\n\n\n\n<li>oder eine 3-j\u00e4hrige\u00a0<strong>Berufspraxis<\/strong>\u00a0in der betreffenden T\u00e4tigkeit (Vollzeitbesch\u00e4ftigung), sofern dieselbe den Erwerb von\u00a0<strong>Kenntnissen im Bereich der Betriebswirtschaft erm\u00f6glichte.<\/strong><\/li>\n<\/ul>\n\n\n\n<p>F\u00fcr Bewerber aus der EU kann&nbsp;<strong>die Anerkennung der Berufsqualifikation&nbsp;<\/strong>f\u00fcr die Niederlassungsgenehmigung beantragt werden. Die Anerkennung des Berufszeugnisses wird jedoch nicht systematisch gefordert. Die Kopie des ausl\u00e4ndischen Abschlusses kann im Rahmen der Niederlassungsgenehmigung ausreichen..<\/p>\n\n\n\n<h5 class=\"wp-block-heading\">Informationen bei der Service de la Reconnaissance des Dipl\u00f4mes (Anerkennungsstelle der Berufsausschl\u00fcsse).<\/h5>\n\n\n\n<figure class=\"wp-block-pullquote\"><blockquote><p><strong>Team \u201eContact Entreprises\u201c der Handwerkskammer<\/strong><br>2 Circuit de la Foire Internationale<br>L-1347 Luxembourg-Kirchberg<br><a href=\"mailto:contact@cdm.lu\" target=\"_blank\" rel=\"noreferrer noopener\">contact@cdm.lu<\/a><\/p><\/blockquote><\/figure>\n\n\n\n<h5 class=\"wp-block-heading\">Informationen und Antrag auf Niederlassungsgenehmigung bei der nachstehenden Stelle:<\/h5>\n\n\n\n<figure class=\"wp-block-pullquote\"><blockquote><p><strong>Direction G\u00e9n\u00e9rale PME, Entrepreneuriat et March\u00e9 Int\u00e9rieur (Generaldirektion KMU, Unternehmertum und Binnenmarkt)<\/strong><br>(Service Droit d\u2019\u00c9tablissement &#8211; Niederlassungsabteilung)<br>BP 535<br>L-2937 Luxembourg<br>Tel.: (+352) 247 74&nbsp;700<\/p><\/blockquote><\/figure>\n\n\n\n<p>Liste der vorzulegenden Schriftst\u00fccke und herunterzuladende Formulare auf der Website der luxemburgischen Anlaufstelle Guichet.lu:<br><a href=\"https:\/\/guichet.public.lu\/fr\/entreprises\/creation-developpement\/autorisation-etablissement\/autorisation-honorabilite\/autorisation-etablissement.html\" target=\"_blank\" rel=\"noreferrer noopener\">https:\/\/guichet.public.lu\/fr\/entreprises\/creation-developpement\/autorisation-etablissement\/autorisation-honorabilite\/autorisation-etablissement.html<\/a><\/p>\n","protected":false},"excerpt":{"rendered":"<p>Sie sind Handwerker in einem Land der EU und haben den Wunsch, sich als selbstst\u00e4ndiger Handwerker in Luxemburg niederzulassen. Zahlreiche Berufe sind reglementiert und bed\u00fcrfen einer Niederlassungsgenehmigung, die unter andere dem Besitz der&nbsp;enzsprechenden Qualifikationen&nbsp;untergeordnet ist (es werden weitere Bescheinigungen wie insbesondere ein Nachweis der pers\u00f6nlichen Zuverl\u00e4ssigkeit gefordert). Informationen und Formalit\u00e4ten bei: Direction G\u00e9n\u00e9rale PME, Entrepreneuriat [&hellip;]<\/p>\n","protected":false},"author":7,"featured_media":0,"parent":8811,"menu_order":2,"comment_status":"closed","ping_status":"closed","template":"","meta":{"inline_featured_image":false,"footnotes":""},"tags":[],"frge_profile":[],"class_list":["post-8818","page","type-page","status-publish","hentry"],"yoast_head":"<!-- This site is optimized with the Yoast SEO plugin v27.1.1 - https:\/\/yoast.com\/product\/yoast-seo-wordpress\/ -->\n<title>Sie m\u00f6chten als handwerker in Luxemburg arbeiten - Frontaliers Grand Est<\/title>\n<meta name=\"robots\" content=\"index, follow, max-snippet:-1, max-image-preview:large, max-video-preview:-1\" \/>\n<link rel=\"canonical\" href=\"https:\/\/frontaliers-grandest.eu\/de\/startseite\/grenzganger\/deutschland-luxemburg\/ausbildung-anerkennung-von-beruflichen-qualifikationen\/anerkennung-von-beruflichen-qualifikationen-in-luxemburg\/sie-mochten-als-handwerker-in-luxemburg-arbeiten\/\" \/>\n<meta property=\"og:locale\" content=\"de_DE\" \/>\n<meta property=\"og:type\" content=\"article\" \/>\n<meta property=\"og:title\" content=\"Sie m\u00f6chten als handwerker in Luxemburg arbeiten - Frontaliers Grand Est\" \/>\n<meta property=\"og:description\" content=\"Sie sind Handwerker in einem Land der EU und haben den Wunsch, sich als selbstst\u00e4ndiger Handwerker in Luxemburg niederzulassen. Zahlreiche Berufe sind reglementiert und bed\u00fcrfen einer Niederlassungsgenehmigung, die unter andere dem Besitz der&nbsp;enzsprechenden Qualifikationen&nbsp;untergeordnet ist (es werden weitere Bescheinigungen wie insbesondere ein Nachweis der pers\u00f6nlichen Zuverl\u00e4ssigkeit gefordert). Informationen und Formalit\u00e4ten bei: Direction G\u00e9n\u00e9rale PME, Entrepreneuriat [&hellip;]\" \/>\n<meta property=\"og:url\" content=\"https:\/\/frontaliers-grandest.eu\/de\/startseite\/grenzganger\/deutschland-luxemburg\/ausbildung-anerkennung-von-beruflichen-qualifikationen\/anerkennung-von-beruflichen-qualifikationen-in-luxemburg\/sie-mochten-als-handwerker-in-luxemburg-arbeiten\/\" \/>\n<meta property=\"og:site_name\" content=\"Frontaliers Grand Est\" \/>\n<meta property=\"article:publisher\" content=\"https:\/\/www.facebook.com\/frontaliers.GR.EST\/?locale=fr_FR\" \/>\n<meta property=\"article:modified_time\" content=\"2024-07-03T09:12:35+00:00\" \/>\n<meta name=\"twitter:card\" content=\"summary_large_image\" \/>\n<meta name=\"twitter:label1\" content=\"Gesch\u00e4tzte Lesezeit\" \/>\n\t<meta name=\"twitter:data1\" content=\"3\u00a0Minuten\" \/>\n<script type=\"application\/ld+json\" class=\"yoast-schema-graph\">{\"@context\":\"https:\/\/schema.org\",\"@graph\":[{\"@type\":\"WebPage\",\"@id\":\"https:\/\/frontaliers-grandest.eu\/de\/startseite\/grenzganger\/deutschland-luxemburg\/ausbildung-anerkennung-von-beruflichen-qualifikationen\/anerkennung-von-beruflichen-qualifikationen-in-luxemburg\/sie-mochten-als-handwerker-in-luxemburg-arbeiten\/\",\"url\":\"https:\/\/frontaliers-grandest.eu\/de\/startseite\/grenzganger\/deutschland-luxemburg\/ausbildung-anerkennung-von-beruflichen-qualifikationen\/anerkennung-von-beruflichen-qualifikationen-in-luxemburg\/sie-mochten-als-handwerker-in-luxemburg-arbeiten\/\",\"name\":\"Sie m\u00f6chten als handwerker in Luxemburg arbeiten - Frontaliers Grand Est\",\"isPartOf\":{\"@id\":\"https:\/\/frontaliers-grandest.eu\/de\/#website\"},\"datePublished\":\"2021-06-17T09:39:01+00:00\",\"dateModified\":\"2024-07-03T09:12:35+00:00\",\"breadcrumb\":{\"@id\":\"https:\/\/frontaliers-grandest.eu\/de\/startseite\/grenzganger\/deutschland-luxemburg\/ausbildung-anerkennung-von-beruflichen-qualifikationen\/anerkennung-von-beruflichen-qualifikationen-in-luxemburg\/sie-mochten-als-handwerker-in-luxemburg-arbeiten\/#breadcrumb\"},\"inLanguage\":\"de\",\"potentialAction\":[{\"@type\":\"ReadAction\",\"target\":[\"https:\/\/frontaliers-grandest.eu\/de\/startseite\/grenzganger\/deutschland-luxemburg\/ausbildung-anerkennung-von-beruflichen-qualifikationen\/anerkennung-von-beruflichen-qualifikationen-in-luxemburg\/sie-mochten-als-handwerker-in-luxemburg-arbeiten\/\"]}]},{\"@type\":\"BreadcrumbList\",\"@id\":\"https:\/\/frontaliers-grandest.eu\/de\/startseite\/grenzganger\/deutschland-luxemburg\/ausbildung-anerkennung-von-beruflichen-qualifikationen\/anerkennung-von-beruflichen-qualifikationen-in-luxemburg\/sie-mochten-als-handwerker-in-luxemburg-arbeiten\/#breadcrumb\",\"itemListElement\":[{\"@type\":\"ListItem\",\"position\":1,\"name\":\"Startseite\",\"item\":\"https:\/\/frontaliers-grandest.eu\/de\/\"},{\"@type\":\"ListItem\",\"position\":2,\"name\":\"Grenzg\u00e4nger\",\"item\":\"https:\/\/frontaliers-grandest.eu\/de\/startseite\/grenzganger\/\"},{\"@type\":\"ListItem\",\"position\":3,\"name\":\"Deutschland - Luxemburg\",\"item\":\"https:\/\/frontaliers-grandest.eu\/de\/startseite\/grenzganger\/deutschland-luxemburg\/\"},{\"@type\":\"ListItem\",\"position\":4,\"name\":\"Ausbildung\/ Anerkennung von beruflichen qualifikationen in Luxemburg\",\"item\":\"https:\/\/frontaliers-grandest.eu\/de\/startseite\/grenzganger\/deutschland-luxemburg\/ausbildung-anerkennung-von-beruflichen-qualifikationen\/\"},{\"@type\":\"ListItem\",\"position\":5,\"name\":\"Anerkennung von beruflichen qualifikationen in Luxemburg\",\"item\":\"https:\/\/frontaliers-grandest.eu\/de\/startseite\/grenzganger\/deutschland-luxemburg\/ausbildung-anerkennung-von-beruflichen-qualifikationen\/anerkennung-von-beruflichen-qualifikationen-in-luxemburg\/\"},{\"@type\":\"ListItem\",\"position\":6,\"name\":\"Sie m\u00f6chten als handwerker in Luxemburg arbeiten\"}]},{\"@type\":\"WebSite\",\"@id\":\"https:\/\/frontaliers-grandest.eu\/de\/#website\",\"url\":\"https:\/\/frontaliers-grandest.eu\/de\/\",\"name\":\"Frontaliers Grand Est\",\"description\":\"Le site ressource du travail frontalier\",\"publisher\":{\"@id\":\"https:\/\/frontaliers-grandest.eu\/de\/#organization\"},\"alternateName\":\"Frontaliers Grand Est\",\"potentialAction\":[{\"@type\":\"SearchAction\",\"target\":{\"@type\":\"EntryPoint\",\"urlTemplate\":\"https:\/\/frontaliers-grandest.eu\/de\/?s={search_term_string}\"},\"query-input\":{\"@type\":\"PropertyValueSpecification\",\"valueRequired\":true,\"valueName\":\"search_term_string\"}}],\"inLanguage\":\"de\"},{\"@type\":\"Organization\",\"@id\":\"https:\/\/frontaliers-grandest.eu\/de\/#organization\",\"name\":\"Frontaliers Grand Est\",\"alternateName\":\"Frontaliers Grand Est\",\"url\":\"https:\/\/frontaliers-grandest.eu\/de\/\",\"logo\":{\"@type\":\"ImageObject\",\"inLanguage\":\"de\",\"@id\":\"https:\/\/frontaliers-grandest.eu\/de\/#\/schema\/logo\/image\/\",\"url\":\"https:\/\/frontaliers-grandest.eu\/wp-content\/uploads\/2025\/07\/260328234_2966785176920310_3332838526503858160_n.jpg\",\"contentUrl\":\"https:\/\/frontaliers-grandest.eu\/wp-content\/uploads\/2025\/07\/260328234_2966785176920310_3332838526503858160_n.jpg\",\"width\":396,\"height\":396,\"caption\":\"Frontaliers Grand Est\"},\"image\":{\"@id\":\"https:\/\/frontaliers-grandest.eu\/de\/#\/schema\/logo\/image\/\"},\"sameAs\":[\"https:\/\/www.facebook.com\/frontaliers.GR.EST\/?locale=fr_FR\"]}]}<\/script>\n<!-- \/ Yoast SEO plugin. -->","yoast_head_json":{"title":"Sie m\u00f6chten als handwerker in Luxemburg arbeiten - Frontaliers Grand Est","robots":{"index":"index","follow":"follow","max-snippet":"max-snippet:-1","max-image-preview":"max-image-preview:large","max-video-preview":"max-video-preview:-1"},"canonical":"https:\/\/frontaliers-grandest.eu\/de\/startseite\/grenzganger\/deutschland-luxemburg\/ausbildung-anerkennung-von-beruflichen-qualifikationen\/anerkennung-von-beruflichen-qualifikationen-in-luxemburg\/sie-mochten-als-handwerker-in-luxemburg-arbeiten\/","og_locale":"de_DE","og_type":"article","og_title":"Sie m\u00f6chten als handwerker in Luxemburg arbeiten - Frontaliers Grand Est","og_description":"Sie sind Handwerker in einem Land der EU und haben den Wunsch, sich als selbstst\u00e4ndiger Handwerker in Luxemburg niederzulassen. Zahlreiche Berufe sind reglementiert und bed\u00fcrfen einer Niederlassungsgenehmigung, die unter andere dem Besitz der&nbsp;enzsprechenden Qualifikationen&nbsp;untergeordnet ist (es werden weitere Bescheinigungen wie insbesondere ein Nachweis der pers\u00f6nlichen Zuverl\u00e4ssigkeit gefordert). Informationen und Formalit\u00e4ten bei: Direction G\u00e9n\u00e9rale PME, Entrepreneuriat [&hellip;]","og_url":"https:\/\/frontaliers-grandest.eu\/de\/startseite\/grenzganger\/deutschland-luxemburg\/ausbildung-anerkennung-von-beruflichen-qualifikationen\/anerkennung-von-beruflichen-qualifikationen-in-luxemburg\/sie-mochten-als-handwerker-in-luxemburg-arbeiten\/","og_site_name":"Frontaliers Grand Est","article_publisher":"https:\/\/www.facebook.com\/frontaliers.GR.EST\/?locale=fr_FR","article_modified_time":"2024-07-03T09:12:35+00:00","twitter_card":"summary_large_image","twitter_misc":{"Gesch\u00e4tzte Lesezeit":"3\u00a0Minuten"},"schema":{"@context":"https:\/\/schema.org","@graph":[{"@type":"WebPage","@id":"https:\/\/frontaliers-grandest.eu\/de\/startseite\/grenzganger\/deutschland-luxemburg\/ausbildung-anerkennung-von-beruflichen-qualifikationen\/anerkennung-von-beruflichen-qualifikationen-in-luxemburg\/sie-mochten-als-handwerker-in-luxemburg-arbeiten\/","url":"https:\/\/frontaliers-grandest.eu\/de\/startseite\/grenzganger\/deutschland-luxemburg\/ausbildung-anerkennung-von-beruflichen-qualifikationen\/anerkennung-von-beruflichen-qualifikationen-in-luxemburg\/sie-mochten-als-handwerker-in-luxemburg-arbeiten\/","name":"Sie m\u00f6chten als handwerker in Luxemburg arbeiten - Frontaliers Grand Est","isPartOf":{"@id":"https:\/\/frontaliers-grandest.eu\/de\/#website"},"datePublished":"2021-06-17T09:39:01+00:00","dateModified":"2024-07-03T09:12:35+00:00","breadcrumb":{"@id":"https:\/\/frontaliers-grandest.eu\/de\/startseite\/grenzganger\/deutschland-luxemburg\/ausbildung-anerkennung-von-beruflichen-qualifikationen\/anerkennung-von-beruflichen-qualifikationen-in-luxemburg\/sie-mochten-als-handwerker-in-luxemburg-arbeiten\/#breadcrumb"},"inLanguage":"de","potentialAction":[{"@type":"ReadAction","target":["https:\/\/frontaliers-grandest.eu\/de\/startseite\/grenzganger\/deutschland-luxemburg\/ausbildung-anerkennung-von-beruflichen-qualifikationen\/anerkennung-von-beruflichen-qualifikationen-in-luxemburg\/sie-mochten-als-handwerker-in-luxemburg-arbeiten\/"]}]},{"@type":"BreadcrumbList","@id":"https:\/\/frontaliers-grandest.eu\/de\/startseite\/grenzganger\/deutschland-luxemburg\/ausbildung-anerkennung-von-beruflichen-qualifikationen\/anerkennung-von-beruflichen-qualifikationen-in-luxemburg\/sie-mochten-als-handwerker-in-luxemburg-arbeiten\/#breadcrumb","itemListElement":[{"@type":"ListItem","position":1,"name":"Startseite","item":"https:\/\/frontaliers-grandest.eu\/de\/"},{"@type":"ListItem","position":2,"name":"Grenzg\u00e4nger","item":"https:\/\/frontaliers-grandest.eu\/de\/startseite\/grenzganger\/"},{"@type":"ListItem","position":3,"name":"Deutschland - Luxemburg","item":"https:\/\/frontaliers-grandest.eu\/de\/startseite\/grenzganger\/deutschland-luxemburg\/"},{"@type":"ListItem","position":4,"name":"Ausbildung\/ Anerkennung von beruflichen qualifikationen in Luxemburg","item":"https:\/\/frontaliers-grandest.eu\/de\/startseite\/grenzganger\/deutschland-luxemburg\/ausbildung-anerkennung-von-beruflichen-qualifikationen\/"},{"@type":"ListItem","position":5,"name":"Anerkennung von beruflichen qualifikationen in Luxemburg","item":"https:\/\/frontaliers-grandest.eu\/de\/startseite\/grenzganger\/deutschland-luxemburg\/ausbildung-anerkennung-von-beruflichen-qualifikationen\/anerkennung-von-beruflichen-qualifikationen-in-luxemburg\/"},{"@type":"ListItem","position":6,"name":"Sie m\u00f6chten als handwerker in Luxemburg arbeiten"}]},{"@type":"WebSite","@id":"https:\/\/frontaliers-grandest.eu\/de\/#website","url":"https:\/\/frontaliers-grandest.eu\/de\/","name":"Frontaliers Grand Est","description":"Le site ressource du travail frontalier","publisher":{"@id":"https:\/\/frontaliers-grandest.eu\/de\/#organization"},"alternateName":"Frontaliers Grand Est","potentialAction":[{"@type":"SearchAction","target":{"@type":"EntryPoint","urlTemplate":"https:\/\/frontaliers-grandest.eu\/de\/?s={search_term_string}"},"query-input":{"@type":"PropertyValueSpecification","valueRequired":true,"valueName":"search_term_string"}}],"inLanguage":"de"},{"@type":"Organization","@id":"https:\/\/frontaliers-grandest.eu\/de\/#organization","name":"Frontaliers Grand Est","alternateName":"Frontaliers Grand Est","url":"https:\/\/frontaliers-grandest.eu\/de\/","logo":{"@type":"ImageObject","inLanguage":"de","@id":"https:\/\/frontaliers-grandest.eu\/de\/#\/schema\/logo\/image\/","url":"https:\/\/frontaliers-grandest.eu\/wp-content\/uploads\/2025\/07\/260328234_2966785176920310_3332838526503858160_n.jpg","contentUrl":"https:\/\/frontaliers-grandest.eu\/wp-content\/uploads\/2025\/07\/260328234_2966785176920310_3332838526503858160_n.jpg","width":396,"height":396,"caption":"Frontaliers Grand Est"},"image":{"@id":"https:\/\/frontaliers-grandest.eu\/de\/#\/schema\/logo\/image\/"},"sameAs":["https:\/\/www.facebook.com\/frontaliers.GR.EST\/?locale=fr_FR"]}]}},"frge_page_order":0,"_links":{"self":[{"href":"https:\/\/frontaliers-grandest.eu\/de\/wp-json\/wp\/v2\/pages\/8818","targetHints":{"allow":["GET"]}}],"collection":[{"href":"https:\/\/frontaliers-grandest.eu\/de\/wp-json\/wp\/v2\/pages"}],"about":[{"href":"https:\/\/frontaliers-grandest.eu\/de\/wp-json\/wp\/v2\/types\/page"}],"author":[{"embeddable":true,"href":"https:\/\/frontaliers-grandest.eu\/de\/wp-json\/wp\/v2\/users\/7"}],"replies":[{"embeddable":true,"href":"https:\/\/frontaliers-grandest.eu\/de\/wp-json\/wp\/v2\/comments?post=8818"}],"version-history":[{"count":7,"href":"https:\/\/frontaliers-grandest.eu\/de\/wp-json\/wp\/v2\/pages\/8818\/revisions"}],"predecessor-version":[{"id":39730,"href":"https:\/\/frontaliers-grandest.eu\/de\/wp-json\/wp\/v2\/pages\/8818\/revisions\/39730"}],"up":[{"embeddable":true,"href":"https:\/\/frontaliers-grandest.eu\/de\/wp-json\/wp\/v2\/pages\/8811"}],"wp:attachment":[{"href":"https:\/\/frontaliers-grandest.eu\/de\/wp-json\/wp\/v2\/media?parent=8818"}],"wp:term":[{"taxonomy":"post_tag","embeddable":true,"href":"https:\/\/frontaliers-grandest.eu\/de\/wp-json\/wp\/v2\/tags?post=8818"},{"taxonomy":"frge_profile","embeddable":true,"href":"https:\/\/frontaliers-grandest.eu\/de\/wp-json\/wp\/v2\/frge_profile?post=8818"}],"curies":[{"name":"wp","href":"https:\/\/api.w.org\/{rel}","templated":true}]}}