{"id":8815,"date":"2021-06-17T11:25:17","date_gmt":"2021-06-17T09:25:17","guid":{"rendered":"https:\/\/frontaliers-grandest.eu\/?page_id=8815"},"modified":"2024-07-03T11:13:10","modified_gmt":"2024-07-03T09:13:10","slug":"sie-haben-den-wunsch-im-paramedizinischen-bereich-in-luxemburg-zu-arbeiten","status":"publish","type":"page","link":"https:\/\/frontaliers-grandest.eu\/de\/startseite\/grenzganger\/deutschland-luxemburg\/ausbildung-anerkennung-von-beruflichen-qualifikationen\/anerkennung-von-beruflichen-qualifikationen-in-luxemburg\/sie-haben-den-wunsch-im-paramedizinischen-bereich-in-luxemburg-zu-arbeiten\/","title":{"rendered":"Sie haben den wunsch, im paramedizinischen bereich in Luxemburg zu arbeiten"},"content":{"rendered":"\n<p>Es gibt&nbsp;<strong>23 reglementierte Berufe im paramedizinischen Bereich&nbsp;<\/strong>in Luxembourg: sozialmedizinischer Assistent, Sozialarbeiter, Di\u00e4tassistent, diplomierter Krankenpfleger, Laborant, Sprachtherapeut, Heilp\u00e4dagoge, Fu\u00dfpfleger, Bewegungstherapeut, Pfleger, Senior-Assistent, medizin-technischer R\u00f6ntgen-Assistent, medizin-technischer Labor-Assistent, medizintechnischer Chirurgie-Assistent, Ergotherapeut, Krankenpfleger, An\u00e4sthesie- und Rehabilitations-Krankenpfleger, diplomierter Krankenpfleger, psychiatrischer Krankenpfleger, Masseur, Masseur und Physiotherapeut, Hebamme.<\/p>\n\n\n\n<h4 class=\"wp-block-heading\"><strong>Anerkennung des Abschlusses<\/strong><\/h4>\n\n\n\n<p>Die Bewerber aus L\u00e4ndern der EU sind verpflichtet, ihren Abschluss bei der&nbsp;<strong>Anerkennungsstelle der Berufszeugnisse (Service de la Reconnaissance des Dipl\u00f4mes)&nbsp;<\/strong>anerkennen zu lassen<strong>.<\/strong><\/p>\n\n\n\n<figure class=\"wp-block-pullquote\"><blockquote><p><strong>Minist\u00e8re de l\u2019Education Nationale, de l\u2019Enfance et de la Jeunesse<\/strong><br>18-20, Mont\u00e9e de la P\u00e9trusse<br>L-2327 Luxembourg<br>Tel.: + 352&nbsp;247 85910<br><a href=\"mailto:reconnaissance@men.lu\" target=\"_blank\" rel=\"noreferrer noopener\">reconnaissance@men.lu<\/a><\/p><\/blockquote><\/figure>\n\n\n\n<p><\/p>\n\n\n\n<div class=\"wp-block-buttons is-layout-flex wp-block-buttons-is-layout-flex\">\n<div class=\"wp-block-button is-style-outline is-style-outline--1\"><a class=\"wp-block-button__link wp-element-button\" href=\"https:\/\/guichet.public.lu\/fr\/citoyens\/travail.html\" target=\"_blank\" rel=\"noreferrer noopener\"><strong>Informationen und Formulare k\u00f6nnen von der Website der luxemburgischen Anlaufstelle heruntergeladen werden<\/strong>: https:\/\/guichet.public.lu\/fr\/citoyens\/travail-emploi.html<\/a><\/div>\n<\/div>\n\n\n\n<p>Damit diese&nbsp;<strong>innerhalb der Europ\u00e4ischen Union (EU) erworbenen Berufsqualifikationen&nbsp;anerkannt werden, muss der Antragsteller Folgendes belegen:<\/strong><\/p>\n\n\n\n<ul class=\"wp-block-list\">\n<li>Entweder eine<strong>\u00a0Ausbildungsbezeichnung,\u00a0<\/strong>die es ihm erm\u00f6glicht, den betreffenden Beruf in einem anderen Mitgliedstaat der EU auszu\u00fcben,<\/li>\n\n\n\n<li>Oder sofern der\u00a0<strong>Beruf\u00a0in seinem Herkunftsmitgliedstaat nicht reglementiert ist:<\/strong><\/li>\n\n\n\n<li>Eine\u00a0<strong>Berufserfahrung von einem Jahr in Vollzeit\u00a0<\/strong>im Verlauf der vergangenen zehn Jahre in diesem Mitgliedstaat,<\/li>\n\n\n\n<li>Eine\u00a0<strong>Kompetenzbescheinigung\u00a0<\/strong>oder ein<strong>\u00a0Ausbildungsnachweis.<\/strong><\/li>\n<\/ul>\n\n\n\n<p>Der&nbsp;<strong>Inhalt und die Dauer der Ausbildung<\/strong>&nbsp;werden verglichen. Sie m\u00fcssen mehr oder weniger mit den in Luxemburg vorgeschriebenen beruflichen Zugangsbedingungen \u00fcbereinstimmen. Andernfalls kann ein&nbsp;<strong>Anpassungslehrgang oder eine Bef\u00e4higungspr\u00fcfung<\/strong>&nbsp;gefordert werden.<\/p>\n\n\n\n<h5 class=\"wp-block-heading\">Die Berufe des Krankenpflegers oder der Hebamme<\/h5>\n\n\n\n<p>F\u00fcr die Berufszeugnisse des&nbsp;<strong>Krankenpflegers<\/strong>&nbsp;und der&nbsp;<strong>Hebamme,&nbsp;<\/strong>die in einem anderen Land der EU erlangt wurden, wird die Anerkennung der Gleichwertigkeit ohne eine Pr\u00fcfung der Ausbildung gew\u00e4hrt. Die Mindestanforderungen an die Ausbildung wurden f\u00fcr diese Berufe EU-weit harmonisiert.<\/p>\n\n\n\n<h5 class=\"wp-block-heading\">Der Beruf des Psychotherapeuten<\/h5>\n\n\n\n<p><strong>Antrag auf Anerkennung auf dem Postweg beim:<\/strong><\/p>\n\n\n\n<figure class=\"wp-block-pullquote\"><blockquote><p><strong>Minist\u00e8re de l\u2019Enseignement Sup\u00e9rieur et de la Recherche<br>\u201eCommission ad hoc \u2013 Psychoth\u00e9rapeuthe\u201c<\/strong><br>18-20 Mont\u00e9e de la P\u00e9trusse<br>L-2327 Luxembourg<br><a href=\"http:\/\/www.mesr.public.lu\/\" target=\"_blank\" rel=\"noreferrer noopener\">http:\/\/www.mesr.public.lu<\/a><\/p><\/blockquote><\/figure>\n\n\n\n<p>Ggf. werden Ausgleichsma\u00dfnahmen gefordert.<\/p>\n\n\n\n<h4 class=\"wp-block-heading\"><strong>Genehmigung zur Aus\u00fcbung des Berufs<\/strong><\/h4>\n\n\n\n<p>Nach der Erlangung der Anerkennung der Berufszeugnisse ist es erforderlich, eine Genehmigung zur Aus\u00fcbung des Berufs bei der nachstehenden Stelle zu beantragen::<\/p>\n\n\n\n<figure class=\"wp-block-pullquote\"><blockquote><p><strong>Minist\u00e8re de la Sant\u00e9<\/strong><br>Service des Professions de Sant\u00e9<br>L-2935 Luxembourg<br><a href=\"mailto:professions.sante@ms.etat.lu\" target=\"_blank\" rel=\"noreferrer noopener\">professions.sante@ms.etat.lu<\/a><\/p><\/blockquote><\/figure>\n\n\n\n<h4 class=\"wp-block-heading\"><strong>Erforderliche Sprachkenntnisse<\/strong><\/h4>\n\n\n\n<p>Unterscheidet sich Ihre Muttersprache von der franz\u00f6sischen, deutschen oder luxemburgischen Sprache wird ein Nachweis der Sprachkenntnisse f\u00fcr die Aus\u00fcbung Ihres Berufs erforderlich.<\/p>\n\n\n\n<div class=\"wp-block-buttons is-layout-flex wp-block-buttons-is-layout-flex\">\n<div class=\"wp-block-button\"><a class=\"wp-block-button__link wp-element-button\">Wichtiger Hinweis! Jeder Fachmann im Gesundheitswesen muss im Besitz der f\u00fcr die Aus\u00fcbung seines Berufs in Luxemburg erforderlichen Sprachkenntnisse sein, Sie haften k\u00f6nne disziplinarisch, zivil- und strafrechtlich zur Verantwortung gezogen werden, sofern Sie bei der Aus\u00fcbung Ihrer Funktionen aufgrund mangelnder Sprachkenntnisse einen Fehler begehen.<\/a><\/div>\n<\/div>\n","protected":false},"excerpt":{"rendered":"<p>Es gibt&nbsp;23 reglementierte Berufe im paramedizinischen Bereich&nbsp;in Luxembourg: sozialmedizinischer Assistent, Sozialarbeiter, Di\u00e4tassistent, diplomierter Krankenpfleger, Laborant, Sprachtherapeut, Heilp\u00e4dagoge, Fu\u00dfpfleger, Bewegungstherapeut, Pfleger, Senior-Assistent, medizin-technischer R\u00f6ntgen-Assistent, medizin-technischer Labor-Assistent, medizintechnischer Chirurgie-Assistent, Ergotherapeut, Krankenpfleger, An\u00e4sthesie- und Rehabilitations-Krankenpfleger, diplomierter Krankenpfleger, psychiatrischer Krankenpfleger, Masseur, Masseur und Physiotherapeut, Hebamme. Anerkennung des Abschlusses Die Bewerber aus L\u00e4ndern der EU sind verpflichtet, ihren Abschluss bei [&hellip;]<\/p>\n","protected":false},"author":7,"featured_media":0,"parent":8811,"menu_order":1,"comment_status":"closed","ping_status":"closed","template":"","meta":{"inline_featured_image":false,"footnotes":""},"tags":[],"frge_profile":[],"class_list":["post-8815","page","type-page","status-publish","hentry"],"yoast_head":"<!-- This site is optimized with the Yoast SEO plugin v27.1.1 - https:\/\/yoast.com\/product\/yoast-seo-wordpress\/ -->\n<title>Sie haben den wunsch, im paramedizinischen bereich in Luxemburg zu arbeiten - Frontaliers Grand Est<\/title>\n<meta name=\"robots\" content=\"index, follow, max-snippet:-1, max-image-preview:large, max-video-preview:-1\" \/>\n<link rel=\"canonical\" href=\"https:\/\/frontaliers-grandest.eu\/de\/startseite\/grenzganger\/deutschland-luxemburg\/ausbildung-anerkennung-von-beruflichen-qualifikationen\/anerkennung-von-beruflichen-qualifikationen-in-luxemburg\/sie-haben-den-wunsch-im-paramedizinischen-bereich-in-luxemburg-zu-arbeiten\/\" \/>\n<meta property=\"og:locale\" content=\"de_DE\" \/>\n<meta property=\"og:type\" content=\"article\" \/>\n<meta property=\"og:title\" content=\"Sie haben den wunsch, im paramedizinischen bereich in Luxemburg zu arbeiten - Frontaliers Grand Est\" \/>\n<meta property=\"og:description\" content=\"Es gibt&nbsp;23 reglementierte Berufe im paramedizinischen Bereich&nbsp;in Luxembourg: sozialmedizinischer Assistent, Sozialarbeiter, Di\u00e4tassistent, diplomierter Krankenpfleger, Laborant, Sprachtherapeut, Heilp\u00e4dagoge, Fu\u00dfpfleger, Bewegungstherapeut, Pfleger, Senior-Assistent, medizin-technischer R\u00f6ntgen-Assistent, medizin-technischer Labor-Assistent, medizintechnischer Chirurgie-Assistent, Ergotherapeut, Krankenpfleger, An\u00e4sthesie- und Rehabilitations-Krankenpfleger, diplomierter Krankenpfleger, psychiatrischer Krankenpfleger, Masseur, Masseur und Physiotherapeut, Hebamme. Anerkennung des Abschlusses Die Bewerber aus L\u00e4ndern der EU sind verpflichtet, ihren Abschluss bei [&hellip;]\" \/>\n<meta property=\"og:url\" content=\"https:\/\/frontaliers-grandest.eu\/de\/startseite\/grenzganger\/deutschland-luxemburg\/ausbildung-anerkennung-von-beruflichen-qualifikationen\/anerkennung-von-beruflichen-qualifikationen-in-luxemburg\/sie-haben-den-wunsch-im-paramedizinischen-bereich-in-luxemburg-zu-arbeiten\/\" \/>\n<meta property=\"og:site_name\" content=\"Frontaliers Grand Est\" \/>\n<meta property=\"article:publisher\" content=\"https:\/\/www.facebook.com\/frontaliers.GR.EST\/?locale=fr_FR\" \/>\n<meta property=\"article:modified_time\" content=\"2024-07-03T09:13:10+00:00\" \/>\n<meta name=\"twitter:card\" content=\"summary_large_image\" \/>\n<meta name=\"twitter:label1\" content=\"Gesch\u00e4tzte Lesezeit\" \/>\n\t<meta name=\"twitter:data1\" content=\"2\u00a0Minuten\" \/>\n<script type=\"application\/ld+json\" class=\"yoast-schema-graph\">{\"@context\":\"https:\/\/schema.org\",\"@graph\":[{\"@type\":\"WebPage\",\"@id\":\"https:\/\/frontaliers-grandest.eu\/de\/startseite\/grenzganger\/deutschland-luxemburg\/ausbildung-anerkennung-von-beruflichen-qualifikationen\/anerkennung-von-beruflichen-qualifikationen-in-luxemburg\/sie-haben-den-wunsch-im-paramedizinischen-bereich-in-luxemburg-zu-arbeiten\/\",\"url\":\"https:\/\/frontaliers-grandest.eu\/de\/startseite\/grenzganger\/deutschland-luxemburg\/ausbildung-anerkennung-von-beruflichen-qualifikationen\/anerkennung-von-beruflichen-qualifikationen-in-luxemburg\/sie-haben-den-wunsch-im-paramedizinischen-bereich-in-luxemburg-zu-arbeiten\/\",\"name\":\"Sie haben den wunsch, im paramedizinischen bereich in Luxemburg zu arbeiten - Frontaliers Grand Est\",\"isPartOf\":{\"@id\":\"https:\/\/frontaliers-grandest.eu\/de\/#website\"},\"datePublished\":\"2021-06-17T09:25:17+00:00\",\"dateModified\":\"2024-07-03T09:13:10+00:00\",\"breadcrumb\":{\"@id\":\"https:\/\/frontaliers-grandest.eu\/de\/startseite\/grenzganger\/deutschland-luxemburg\/ausbildung-anerkennung-von-beruflichen-qualifikationen\/anerkennung-von-beruflichen-qualifikationen-in-luxemburg\/sie-haben-den-wunsch-im-paramedizinischen-bereich-in-luxemburg-zu-arbeiten\/#breadcrumb\"},\"inLanguage\":\"de\",\"potentialAction\":[{\"@type\":\"ReadAction\",\"target\":[\"https:\/\/frontaliers-grandest.eu\/de\/startseite\/grenzganger\/deutschland-luxemburg\/ausbildung-anerkennung-von-beruflichen-qualifikationen\/anerkennung-von-beruflichen-qualifikationen-in-luxemburg\/sie-haben-den-wunsch-im-paramedizinischen-bereich-in-luxemburg-zu-arbeiten\/\"]}]},{\"@type\":\"BreadcrumbList\",\"@id\":\"https:\/\/frontaliers-grandest.eu\/de\/startseite\/grenzganger\/deutschland-luxemburg\/ausbildung-anerkennung-von-beruflichen-qualifikationen\/anerkennung-von-beruflichen-qualifikationen-in-luxemburg\/sie-haben-den-wunsch-im-paramedizinischen-bereich-in-luxemburg-zu-arbeiten\/#breadcrumb\",\"itemListElement\":[{\"@type\":\"ListItem\",\"position\":1,\"name\":\"Startseite\",\"item\":\"https:\/\/frontaliers-grandest.eu\/de\/\"},{\"@type\":\"ListItem\",\"position\":2,\"name\":\"Grenzg\u00e4nger\",\"item\":\"https:\/\/frontaliers-grandest.eu\/de\/startseite\/grenzganger\/\"},{\"@type\":\"ListItem\",\"position\":3,\"name\":\"Deutschland - Luxemburg\",\"item\":\"https:\/\/frontaliers-grandest.eu\/de\/startseite\/grenzganger\/deutschland-luxemburg\/\"},{\"@type\":\"ListItem\",\"position\":4,\"name\":\"Ausbildung\/ Anerkennung von beruflichen qualifikationen in Luxemburg\",\"item\":\"https:\/\/frontaliers-grandest.eu\/de\/startseite\/grenzganger\/deutschland-luxemburg\/ausbildung-anerkennung-von-beruflichen-qualifikationen\/\"},{\"@type\":\"ListItem\",\"position\":5,\"name\":\"Anerkennung von beruflichen qualifikationen in Luxemburg\",\"item\":\"https:\/\/frontaliers-grandest.eu\/de\/startseite\/grenzganger\/deutschland-luxemburg\/ausbildung-anerkennung-von-beruflichen-qualifikationen\/anerkennung-von-beruflichen-qualifikationen-in-luxemburg\/\"},{\"@type\":\"ListItem\",\"position\":6,\"name\":\"Sie haben den wunsch, im paramedizinischen bereich in Luxemburg zu arbeiten\"}]},{\"@type\":\"WebSite\",\"@id\":\"https:\/\/frontaliers-grandest.eu\/de\/#website\",\"url\":\"https:\/\/frontaliers-grandest.eu\/de\/\",\"name\":\"Frontaliers Grand Est\",\"description\":\"Le site ressource du travail frontalier\",\"publisher\":{\"@id\":\"https:\/\/frontaliers-grandest.eu\/de\/#organization\"},\"alternateName\":\"Frontaliers Grand Est\",\"potentialAction\":[{\"@type\":\"SearchAction\",\"target\":{\"@type\":\"EntryPoint\",\"urlTemplate\":\"https:\/\/frontaliers-grandest.eu\/de\/?s={search_term_string}\"},\"query-input\":{\"@type\":\"PropertyValueSpecification\",\"valueRequired\":true,\"valueName\":\"search_term_string\"}}],\"inLanguage\":\"de\"},{\"@type\":\"Organization\",\"@id\":\"https:\/\/frontaliers-grandest.eu\/de\/#organization\",\"name\":\"Frontaliers Grand Est\",\"alternateName\":\"Frontaliers Grand Est\",\"url\":\"https:\/\/frontaliers-grandest.eu\/de\/\",\"logo\":{\"@type\":\"ImageObject\",\"inLanguage\":\"de\",\"@id\":\"https:\/\/frontaliers-grandest.eu\/de\/#\/schema\/logo\/image\/\",\"url\":\"https:\/\/frontaliers-grandest.eu\/wp-content\/uploads\/2025\/07\/260328234_2966785176920310_3332838526503858160_n.jpg\",\"contentUrl\":\"https:\/\/frontaliers-grandest.eu\/wp-content\/uploads\/2025\/07\/260328234_2966785176920310_3332838526503858160_n.jpg\",\"width\":396,\"height\":396,\"caption\":\"Frontaliers Grand Est\"},\"image\":{\"@id\":\"https:\/\/frontaliers-grandest.eu\/de\/#\/schema\/logo\/image\/\"},\"sameAs\":[\"https:\/\/www.facebook.com\/frontaliers.GR.EST\/?locale=fr_FR\"]}]}<\/script>\n<!-- \/ Yoast SEO plugin. -->","yoast_head_json":{"title":"Sie haben den wunsch, im paramedizinischen bereich in Luxemburg zu arbeiten - Frontaliers Grand Est","robots":{"index":"index","follow":"follow","max-snippet":"max-snippet:-1","max-image-preview":"max-image-preview:large","max-video-preview":"max-video-preview:-1"},"canonical":"https:\/\/frontaliers-grandest.eu\/de\/startseite\/grenzganger\/deutschland-luxemburg\/ausbildung-anerkennung-von-beruflichen-qualifikationen\/anerkennung-von-beruflichen-qualifikationen-in-luxemburg\/sie-haben-den-wunsch-im-paramedizinischen-bereich-in-luxemburg-zu-arbeiten\/","og_locale":"de_DE","og_type":"article","og_title":"Sie haben den wunsch, im paramedizinischen bereich in Luxemburg zu arbeiten - Frontaliers Grand Est","og_description":"Es gibt&nbsp;23 reglementierte Berufe im paramedizinischen Bereich&nbsp;in Luxembourg: sozialmedizinischer Assistent, Sozialarbeiter, Di\u00e4tassistent, diplomierter Krankenpfleger, Laborant, Sprachtherapeut, Heilp\u00e4dagoge, Fu\u00dfpfleger, Bewegungstherapeut, Pfleger, Senior-Assistent, medizin-technischer R\u00f6ntgen-Assistent, medizin-technischer Labor-Assistent, medizintechnischer Chirurgie-Assistent, Ergotherapeut, Krankenpfleger, An\u00e4sthesie- und Rehabilitations-Krankenpfleger, diplomierter Krankenpfleger, psychiatrischer Krankenpfleger, Masseur, Masseur und Physiotherapeut, Hebamme. Anerkennung des Abschlusses Die Bewerber aus L\u00e4ndern der EU sind verpflichtet, ihren Abschluss bei [&hellip;]","og_url":"https:\/\/frontaliers-grandest.eu\/de\/startseite\/grenzganger\/deutschland-luxemburg\/ausbildung-anerkennung-von-beruflichen-qualifikationen\/anerkennung-von-beruflichen-qualifikationen-in-luxemburg\/sie-haben-den-wunsch-im-paramedizinischen-bereich-in-luxemburg-zu-arbeiten\/","og_site_name":"Frontaliers Grand Est","article_publisher":"https:\/\/www.facebook.com\/frontaliers.GR.EST\/?locale=fr_FR","article_modified_time":"2024-07-03T09:13:10+00:00","twitter_card":"summary_large_image","twitter_misc":{"Gesch\u00e4tzte Lesezeit":"2\u00a0Minuten"},"schema":{"@context":"https:\/\/schema.org","@graph":[{"@type":"WebPage","@id":"https:\/\/frontaliers-grandest.eu\/de\/startseite\/grenzganger\/deutschland-luxemburg\/ausbildung-anerkennung-von-beruflichen-qualifikationen\/anerkennung-von-beruflichen-qualifikationen-in-luxemburg\/sie-haben-den-wunsch-im-paramedizinischen-bereich-in-luxemburg-zu-arbeiten\/","url":"https:\/\/frontaliers-grandest.eu\/de\/startseite\/grenzganger\/deutschland-luxemburg\/ausbildung-anerkennung-von-beruflichen-qualifikationen\/anerkennung-von-beruflichen-qualifikationen-in-luxemburg\/sie-haben-den-wunsch-im-paramedizinischen-bereich-in-luxemburg-zu-arbeiten\/","name":"Sie haben den wunsch, im paramedizinischen bereich in Luxemburg zu arbeiten - Frontaliers Grand Est","isPartOf":{"@id":"https:\/\/frontaliers-grandest.eu\/de\/#website"},"datePublished":"2021-06-17T09:25:17+00:00","dateModified":"2024-07-03T09:13:10+00:00","breadcrumb":{"@id":"https:\/\/frontaliers-grandest.eu\/de\/startseite\/grenzganger\/deutschland-luxemburg\/ausbildung-anerkennung-von-beruflichen-qualifikationen\/anerkennung-von-beruflichen-qualifikationen-in-luxemburg\/sie-haben-den-wunsch-im-paramedizinischen-bereich-in-luxemburg-zu-arbeiten\/#breadcrumb"},"inLanguage":"de","potentialAction":[{"@type":"ReadAction","target":["https:\/\/frontaliers-grandest.eu\/de\/startseite\/grenzganger\/deutschland-luxemburg\/ausbildung-anerkennung-von-beruflichen-qualifikationen\/anerkennung-von-beruflichen-qualifikationen-in-luxemburg\/sie-haben-den-wunsch-im-paramedizinischen-bereich-in-luxemburg-zu-arbeiten\/"]}]},{"@type":"BreadcrumbList","@id":"https:\/\/frontaliers-grandest.eu\/de\/startseite\/grenzganger\/deutschland-luxemburg\/ausbildung-anerkennung-von-beruflichen-qualifikationen\/anerkennung-von-beruflichen-qualifikationen-in-luxemburg\/sie-haben-den-wunsch-im-paramedizinischen-bereich-in-luxemburg-zu-arbeiten\/#breadcrumb","itemListElement":[{"@type":"ListItem","position":1,"name":"Startseite","item":"https:\/\/frontaliers-grandest.eu\/de\/"},{"@type":"ListItem","position":2,"name":"Grenzg\u00e4nger","item":"https:\/\/frontaliers-grandest.eu\/de\/startseite\/grenzganger\/"},{"@type":"ListItem","position":3,"name":"Deutschland - Luxemburg","item":"https:\/\/frontaliers-grandest.eu\/de\/startseite\/grenzganger\/deutschland-luxemburg\/"},{"@type":"ListItem","position":4,"name":"Ausbildung\/ Anerkennung von beruflichen qualifikationen in Luxemburg","item":"https:\/\/frontaliers-grandest.eu\/de\/startseite\/grenzganger\/deutschland-luxemburg\/ausbildung-anerkennung-von-beruflichen-qualifikationen\/"},{"@type":"ListItem","position":5,"name":"Anerkennung von beruflichen qualifikationen in Luxemburg","item":"https:\/\/frontaliers-grandest.eu\/de\/startseite\/grenzganger\/deutschland-luxemburg\/ausbildung-anerkennung-von-beruflichen-qualifikationen\/anerkennung-von-beruflichen-qualifikationen-in-luxemburg\/"},{"@type":"ListItem","position":6,"name":"Sie haben den wunsch, im paramedizinischen bereich in Luxemburg zu arbeiten"}]},{"@type":"WebSite","@id":"https:\/\/frontaliers-grandest.eu\/de\/#website","url":"https:\/\/frontaliers-grandest.eu\/de\/","name":"Frontaliers Grand Est","description":"Le site ressource du travail frontalier","publisher":{"@id":"https:\/\/frontaliers-grandest.eu\/de\/#organization"},"alternateName":"Frontaliers Grand Est","potentialAction":[{"@type":"SearchAction","target":{"@type":"EntryPoint","urlTemplate":"https:\/\/frontaliers-grandest.eu\/de\/?s={search_term_string}"},"query-input":{"@type":"PropertyValueSpecification","valueRequired":true,"valueName":"search_term_string"}}],"inLanguage":"de"},{"@type":"Organization","@id":"https:\/\/frontaliers-grandest.eu\/de\/#organization","name":"Frontaliers Grand Est","alternateName":"Frontaliers Grand Est","url":"https:\/\/frontaliers-grandest.eu\/de\/","logo":{"@type":"ImageObject","inLanguage":"de","@id":"https:\/\/frontaliers-grandest.eu\/de\/#\/schema\/logo\/image\/","url":"https:\/\/frontaliers-grandest.eu\/wp-content\/uploads\/2025\/07\/260328234_2966785176920310_3332838526503858160_n.jpg","contentUrl":"https:\/\/frontaliers-grandest.eu\/wp-content\/uploads\/2025\/07\/260328234_2966785176920310_3332838526503858160_n.jpg","width":396,"height":396,"caption":"Frontaliers Grand Est"},"image":{"@id":"https:\/\/frontaliers-grandest.eu\/de\/#\/schema\/logo\/image\/"},"sameAs":["https:\/\/www.facebook.com\/frontaliers.GR.EST\/?locale=fr_FR"]}]}},"frge_page_order":0,"_links":{"self":[{"href":"https:\/\/frontaliers-grandest.eu\/de\/wp-json\/wp\/v2\/pages\/8815","targetHints":{"allow":["GET"]}}],"collection":[{"href":"https:\/\/frontaliers-grandest.eu\/de\/wp-json\/wp\/v2\/pages"}],"about":[{"href":"https:\/\/frontaliers-grandest.eu\/de\/wp-json\/wp\/v2\/types\/page"}],"author":[{"embeddable":true,"href":"https:\/\/frontaliers-grandest.eu\/de\/wp-json\/wp\/v2\/users\/7"}],"replies":[{"embeddable":true,"href":"https:\/\/frontaliers-grandest.eu\/de\/wp-json\/wp\/v2\/comments?post=8815"}],"version-history":[{"count":5,"href":"https:\/\/frontaliers-grandest.eu\/de\/wp-json\/wp\/v2\/pages\/8815\/revisions"}],"predecessor-version":[{"id":39731,"href":"https:\/\/frontaliers-grandest.eu\/de\/wp-json\/wp\/v2\/pages\/8815\/revisions\/39731"}],"up":[{"embeddable":true,"href":"https:\/\/frontaliers-grandest.eu\/de\/wp-json\/wp\/v2\/pages\/8811"}],"wp:attachment":[{"href":"https:\/\/frontaliers-grandest.eu\/de\/wp-json\/wp\/v2\/media?parent=8815"}],"wp:term":[{"taxonomy":"post_tag","embeddable":true,"href":"https:\/\/frontaliers-grandest.eu\/de\/wp-json\/wp\/v2\/tags?post=8815"},{"taxonomy":"frge_profile","embeddable":true,"href":"https:\/\/frontaliers-grandest.eu\/de\/wp-json\/wp\/v2\/frge_profile?post=8815"}],"curies":[{"name":"wp","href":"https:\/\/api.w.org\/{rel}","templated":true}]}}