{"id":8813,"date":"2021-06-17T11:10:10","date_gmt":"2021-06-17T09:10:10","guid":{"rendered":"https:\/\/frontaliers-grandest.eu\/?page_id=8813"},"modified":"2024-07-03T11:12:09","modified_gmt":"2024-07-03T09:12:09","slug":"die-prinzipien-der-anerkennung-von-beruflichen-qualifikationen","status":"publish","type":"page","link":"https:\/\/frontaliers-grandest.eu\/de\/startseite\/grenzganger\/deutschland-luxemburg\/ausbildung-anerkennung-von-beruflichen-qualifikationen\/anerkennung-von-beruflichen-qualifikationen-in-luxemburg\/die-prinzipien-der-anerkennung-von-beruflichen-qualifikationen\/","title":{"rendered":"Die prinzipien der anerkennung von beruflichen qualifikationen"},"content":{"rendered":"\n<h4 class=\"wp-block-heading\"><strong>Reglementierte Berufe in Luxemburg<\/strong><\/h4>\n\n\n\n<p>Es gibt 79 reglementierte Berufe in Luxemburg, die sich in den Sektoren des Gesundheitswesen, im Rechtsbereich und in der Buchhaltung, im Handel, in der Ausbildung, im sozialen Bereich, im technischen Bereich, im Transportwesen ansiedeln und zu denen bestimmte handwerkliche Berufe und Berufe im Hotel- und Gastst\u00e4ttengewerbe hinzukommen.<br>Die Liste der reglementierten Berufe in Luxemburg ist auf der Website des Amtsblatts Luxemburgs&nbsp;<a href=\"http:\/\/www.legilux.public.lu\/leg\/a\/archives\/2009\/0156\/a156.pdf\">legilux.public.lu<\/a>&nbsp;zug\u00e4nglich.<\/p>\n\n\n\n<p><a href=\"http:\/\/legilux.public.lu\/eli\/etat\/leg\/loi\/2009\/06\/19\/n2\/jo\" target=\"_blank\" rel=\"noreferrer noopener\">http:\/\/legilux.public.lu\/eli\/etat\/leg\/loi\/2009\/06\/19\/n2\/jo<\/a><\/p>\n\n\n\n<p>F\u00fcr alle diese Berufe ist eine berufliche Anerkennung erforderlich.<\/p>\n\n\n\n<h4 class=\"wp-block-heading\"><strong>Die Anerkennung ausl\u00e4ndischer Berufszeugnisse<\/strong><\/h4>\n\n\n\n<p>F\u00fcr die Anerkennung zahlreicher Berufsqualifikation m\u00fcssen Sie sich an den&nbsp;<strong>Service de la Reconnaissance des Dipl\u00f4mes au Luxembourg<\/strong>&nbsp;(Anerkennungsstelle der Berufszeugnisse in Luxemburg) beim&nbsp;<strong>Minist\u00e8re de l\u2019Education Nationale, de l\u2019Enfance et de la Jeunesse<\/strong>&nbsp;(Ministerium f\u00fcr Bildung, Kinder und Jugendliche)<strong>&nbsp;<\/strong>wenden<strong>:<\/strong><\/p>\n\n\n\n<figure class=\"wp-block-pullquote\"><blockquote><p><strong>Service de la Reconnaissance des Dipl\u00f4mes<br>Minist\u00e8re de l\u2019Education Nationale, de l\u2019Enfance et de la Jeunesse<\/strong><br>18-20, Mont\u00e9e de la P\u00e9trusse<br>L-2327 Luxembourg<br>Tel.: + 352&nbsp;247 85910<br><a href=\"mailto:reconnaissance@men.lu\" target=\"_blank\" rel=\"noreferrer noopener\">reconnaissance@men.lu<\/a><\/p><\/blockquote><\/figure>\n\n\n\n<p>F\u00fcr Berufsqualifikationen, die dem Hochschulwesen in Luxemburg untergeordnet sind, ist die zust\u00e4ndige Stelle der&nbsp;<strong>Minist\u00e8re de la Recherche et de l\u2019Enseignement Sup\u00e9rieur&nbsp;<\/strong>(Ministerium f\u00fcr Forschung und Hochschulbildung).<\/p>\n\n\n\n<figure class=\"wp-block-pullquote\"><blockquote><p><strong>Minist\u00e8re de l\u2019Enseignement Sup\u00e9rieur et de la Recherche<\/strong><br>20, Mont\u00e9e de la P\u00e9trusse<br>L-2327 Luxembourg<br>Tel.: (+352) 247 86&nbsp;619<br><a href=\"http:\/\/www.mesr.public.lu\" target=\"_blank\" rel=\"noreferrer noopener\">http:\/\/www.mesr.public.lu<\/a><\/p><\/blockquote><\/figure>\n\n\n\n<h4 class=\"wp-block-heading\"><strong>Ausgleichma\u00dfnahmen<\/strong><\/h4>\n\n\n\n<p>Die zust\u00e4ndige luxemburgische Beh\u00f6rde kann vom Antragsteller unter den nachstehenden Bedingungen fordern, dass er binnen maximal drei Monaten ein&nbsp;<strong>Anpassungslehrgang&nbsp;<\/strong>erfolgreich absolviert oder sich erfolgreich einer<strong>&nbsp;Bef\u00e4higungspr\u00fcfung<\/strong>&nbsp;unterzieht:<\/p>\n\n\n\n<ul class=\"wp-block-list\">\n<li>Sofern die Dauer der Ausbildung, auf die der Antragsteller verweist,\u00a0<strong>zumindest ein Jahr geringer\u00a0<\/strong>als die im Gro\u00dfherzogtum Luxemburg geforderte Ausbildungsdauer;<\/li>\n\n\n\n<li>Sofern die Ausbildung, die er absolvierte,\u00a0<strong>substantiell andere F\u00e4cher<\/strong>\u00a0umfasst als die F\u00e4cher, die f\u00fcr den Abschluss im Gro\u00dfherzogtum Luxemburg gefordert werden.<\/li>\n<\/ul>\n\n\n\n<h5 class=\"wp-block-heading\">Kosten<\/h5>\n\n\n\n<p>F\u00fcr jedweden Antrag auf Anerkennung der Gleichwertigkeit&nbsp;<strong>wird eine Geb\u00fchr von 75 Euro<\/strong>&nbsp;f\u00fcr einen Abschluss oder anderes erhoben, zu der im Fall&nbsp;<strong>einer etwaigen Ausgleichma\u00dfnahme 300 Euro<\/strong>&nbsp;hinzugerechnet werden m\u00fcssen (Anpassungslehrgang\/Bef\u00e4higungspr\u00fcfung).<\/p>\n\n\n\n<p>Die Website der luxemburgischen Anlaufstelle Guichet.lu (Rubrik B\u00fcrger) gibt Auskunft \u00fcber die vorzulegenden Schriftst\u00fccke und die Anerkennungsantragsformulare, die heruntergeladen werden k\u00f6nnen.<\/p>\n\n\n\n<p><a href=\"https:\/\/guichet.public.lu\/fr\/citoyens\/travail.html\" target=\"_blank\" rel=\"noreferrer noopener\">https:\/\/guichet.public.lu\/fr\/citoyens\/travail.html<\/a><\/p>\n\n\n\n<h4 class=\"wp-block-heading\"><strong>Zulassung ausl\u00e4ndischer Berufszeugnisse<\/strong><\/h4>\n\n\n\n<p>F\u00fcr den Zugang auf bestimmte medizinische Berufe (Arzt, Tierarzt) wurde seinerzeit die Zulassung des ausl\u00e4ndischen Abschlusses beantragt.<br>Die Zulassung des Abschlusses wird nunmehr einzig f\u00fcr den Zugang zum reglementierten Anwaltsberuf gefordert.<\/p>\n\n\n\n<h5 class=\"wp-block-heading\">Informationen:<\/h5>\n\n\n\n<figure class=\"wp-block-pullquote\"><blockquote><p><strong>Minist\u00e8re de l\u2019Enseignement Sup\u00e9rieur et de la Recherche<\/strong><br>20, Mont\u00e9e de la P\u00e9trusse<br>L-2327 Luxembourg<br>Tel.: (+352) 247 86&nbsp;619<br><a href=\"http:\/\/www.mesr.public.lu\" target=\"_blank\" rel=\"noreferrer noopener\">http:\/\/www.mesr.public.lu<\/a><\/p><\/blockquote><\/figure>\n","protected":false},"excerpt":{"rendered":"<p>Reglementierte Berufe in Luxemburg Es gibt 79 reglementierte Berufe in Luxemburg, die sich in den Sektoren des Gesundheitswesen, im Rechtsbereich und in der Buchhaltung, im Handel, in der Ausbildung, im sozialen Bereich, im technischen Bereich, im Transportwesen ansiedeln und zu denen bestimmte handwerkliche Berufe und Berufe im Hotel- und Gastst\u00e4ttengewerbe hinzukommen.Die Liste der reglementierten Berufe [&hellip;]<\/p>\n","protected":false},"author":7,"featured_media":0,"parent":8811,"menu_order":0,"comment_status":"closed","ping_status":"closed","template":"","meta":{"inline_featured_image":false,"footnotes":""},"tags":[],"frge_profile":[],"class_list":["post-8813","page","type-page","status-publish","hentry"],"yoast_head":"<!-- This site is optimized with the Yoast SEO plugin v27.1.1 - https:\/\/yoast.com\/product\/yoast-seo-wordpress\/ -->\n<title>Die prinzipien der anerkennung von beruflichen qualifikationen - Frontaliers Grand Est<\/title>\n<meta name=\"robots\" content=\"index, follow, max-snippet:-1, max-image-preview:large, max-video-preview:-1\" \/>\n<link rel=\"canonical\" href=\"https:\/\/frontaliers-grandest.eu\/de\/startseite\/grenzganger\/deutschland-luxemburg\/ausbildung-anerkennung-von-beruflichen-qualifikationen\/anerkennung-von-beruflichen-qualifikationen-in-luxemburg\/die-prinzipien-der-anerkennung-von-beruflichen-qualifikationen\/\" \/>\n<meta property=\"og:locale\" content=\"de_DE\" \/>\n<meta property=\"og:type\" content=\"article\" \/>\n<meta property=\"og:title\" content=\"Die prinzipien der anerkennung von beruflichen qualifikationen - Frontaliers Grand Est\" \/>\n<meta property=\"og:description\" content=\"Reglementierte Berufe in Luxemburg Es gibt 79 reglementierte Berufe in Luxemburg, die sich in den Sektoren des Gesundheitswesen, im Rechtsbereich und in der Buchhaltung, im Handel, in der Ausbildung, im sozialen Bereich, im technischen Bereich, im Transportwesen ansiedeln und zu denen bestimmte handwerkliche Berufe und Berufe im Hotel- und Gastst\u00e4ttengewerbe hinzukommen.Die Liste der reglementierten Berufe [&hellip;]\" \/>\n<meta property=\"og:url\" content=\"https:\/\/frontaliers-grandest.eu\/de\/startseite\/grenzganger\/deutschland-luxemburg\/ausbildung-anerkennung-von-beruflichen-qualifikationen\/anerkennung-von-beruflichen-qualifikationen-in-luxemburg\/die-prinzipien-der-anerkennung-von-beruflichen-qualifikationen\/\" \/>\n<meta property=\"og:site_name\" content=\"Frontaliers Grand Est\" \/>\n<meta property=\"article:publisher\" content=\"https:\/\/www.facebook.com\/frontaliers.GR.EST\/?locale=fr_FR\" \/>\n<meta property=\"article:modified_time\" content=\"2024-07-03T09:12:09+00:00\" \/>\n<meta name=\"twitter:card\" content=\"summary_large_image\" \/>\n<meta name=\"twitter:label1\" content=\"Gesch\u00e4tzte Lesezeit\" \/>\n\t<meta name=\"twitter:data1\" content=\"2\u00a0Minuten\" \/>\n<script type=\"application\/ld+json\" class=\"yoast-schema-graph\">{\"@context\":\"https:\/\/schema.org\",\"@graph\":[{\"@type\":\"WebPage\",\"@id\":\"https:\/\/frontaliers-grandest.eu\/de\/startseite\/grenzganger\/deutschland-luxemburg\/ausbildung-anerkennung-von-beruflichen-qualifikationen\/anerkennung-von-beruflichen-qualifikationen-in-luxemburg\/die-prinzipien-der-anerkennung-von-beruflichen-qualifikationen\/\",\"url\":\"https:\/\/frontaliers-grandest.eu\/de\/startseite\/grenzganger\/deutschland-luxemburg\/ausbildung-anerkennung-von-beruflichen-qualifikationen\/anerkennung-von-beruflichen-qualifikationen-in-luxemburg\/die-prinzipien-der-anerkennung-von-beruflichen-qualifikationen\/\",\"name\":\"Die prinzipien der anerkennung von beruflichen qualifikationen - Frontaliers Grand Est\",\"isPartOf\":{\"@id\":\"https:\/\/frontaliers-grandest.eu\/de\/#website\"},\"datePublished\":\"2021-06-17T09:10:10+00:00\",\"dateModified\":\"2024-07-03T09:12:09+00:00\",\"breadcrumb\":{\"@id\":\"https:\/\/frontaliers-grandest.eu\/de\/startseite\/grenzganger\/deutschland-luxemburg\/ausbildung-anerkennung-von-beruflichen-qualifikationen\/anerkennung-von-beruflichen-qualifikationen-in-luxemburg\/die-prinzipien-der-anerkennung-von-beruflichen-qualifikationen\/#breadcrumb\"},\"inLanguage\":\"de\",\"potentialAction\":[{\"@type\":\"ReadAction\",\"target\":[\"https:\/\/frontaliers-grandest.eu\/de\/startseite\/grenzganger\/deutschland-luxemburg\/ausbildung-anerkennung-von-beruflichen-qualifikationen\/anerkennung-von-beruflichen-qualifikationen-in-luxemburg\/die-prinzipien-der-anerkennung-von-beruflichen-qualifikationen\/\"]}]},{\"@type\":\"BreadcrumbList\",\"@id\":\"https:\/\/frontaliers-grandest.eu\/de\/startseite\/grenzganger\/deutschland-luxemburg\/ausbildung-anerkennung-von-beruflichen-qualifikationen\/anerkennung-von-beruflichen-qualifikationen-in-luxemburg\/die-prinzipien-der-anerkennung-von-beruflichen-qualifikationen\/#breadcrumb\",\"itemListElement\":[{\"@type\":\"ListItem\",\"position\":1,\"name\":\"Startseite\",\"item\":\"https:\/\/frontaliers-grandest.eu\/de\/\"},{\"@type\":\"ListItem\",\"position\":2,\"name\":\"Grenzg\u00e4nger\",\"item\":\"https:\/\/frontaliers-grandest.eu\/de\/startseite\/grenzganger\/\"},{\"@type\":\"ListItem\",\"position\":3,\"name\":\"Deutschland - Luxemburg\",\"item\":\"https:\/\/frontaliers-grandest.eu\/de\/startseite\/grenzganger\/deutschland-luxemburg\/\"},{\"@type\":\"ListItem\",\"position\":4,\"name\":\"Ausbildung\/ Anerkennung von beruflichen qualifikationen in Luxemburg\",\"item\":\"https:\/\/frontaliers-grandest.eu\/de\/startseite\/grenzganger\/deutschland-luxemburg\/ausbildung-anerkennung-von-beruflichen-qualifikationen\/\"},{\"@type\":\"ListItem\",\"position\":5,\"name\":\"Anerkennung von beruflichen qualifikationen in Luxemburg\",\"item\":\"https:\/\/frontaliers-grandest.eu\/de\/startseite\/grenzganger\/deutschland-luxemburg\/ausbildung-anerkennung-von-beruflichen-qualifikationen\/anerkennung-von-beruflichen-qualifikationen-in-luxemburg\/\"},{\"@type\":\"ListItem\",\"position\":6,\"name\":\"Die prinzipien der anerkennung von beruflichen qualifikationen\"}]},{\"@type\":\"WebSite\",\"@id\":\"https:\/\/frontaliers-grandest.eu\/de\/#website\",\"url\":\"https:\/\/frontaliers-grandest.eu\/de\/\",\"name\":\"Frontaliers Grand Est\",\"description\":\"Le site ressource du travail frontalier\",\"publisher\":{\"@id\":\"https:\/\/frontaliers-grandest.eu\/de\/#organization\"},\"alternateName\":\"Frontaliers Grand Est\",\"potentialAction\":[{\"@type\":\"SearchAction\",\"target\":{\"@type\":\"EntryPoint\",\"urlTemplate\":\"https:\/\/frontaliers-grandest.eu\/de\/?s={search_term_string}\"},\"query-input\":{\"@type\":\"PropertyValueSpecification\",\"valueRequired\":true,\"valueName\":\"search_term_string\"}}],\"inLanguage\":\"de\"},{\"@type\":\"Organization\",\"@id\":\"https:\/\/frontaliers-grandest.eu\/de\/#organization\",\"name\":\"Frontaliers Grand Est\",\"alternateName\":\"Frontaliers Grand Est\",\"url\":\"https:\/\/frontaliers-grandest.eu\/de\/\",\"logo\":{\"@type\":\"ImageObject\",\"inLanguage\":\"de\",\"@id\":\"https:\/\/frontaliers-grandest.eu\/de\/#\/schema\/logo\/image\/\",\"url\":\"https:\/\/frontaliers-grandest.eu\/wp-content\/uploads\/2025\/07\/260328234_2966785176920310_3332838526503858160_n.jpg\",\"contentUrl\":\"https:\/\/frontaliers-grandest.eu\/wp-content\/uploads\/2025\/07\/260328234_2966785176920310_3332838526503858160_n.jpg\",\"width\":396,\"height\":396,\"caption\":\"Frontaliers Grand Est\"},\"image\":{\"@id\":\"https:\/\/frontaliers-grandest.eu\/de\/#\/schema\/logo\/image\/\"},\"sameAs\":[\"https:\/\/www.facebook.com\/frontaliers.GR.EST\/?locale=fr_FR\"]}]}<\/script>\n<!-- \/ Yoast SEO plugin. -->","yoast_head_json":{"title":"Die prinzipien der anerkennung von beruflichen qualifikationen - Frontaliers Grand Est","robots":{"index":"index","follow":"follow","max-snippet":"max-snippet:-1","max-image-preview":"max-image-preview:large","max-video-preview":"max-video-preview:-1"},"canonical":"https:\/\/frontaliers-grandest.eu\/de\/startseite\/grenzganger\/deutschland-luxemburg\/ausbildung-anerkennung-von-beruflichen-qualifikationen\/anerkennung-von-beruflichen-qualifikationen-in-luxemburg\/die-prinzipien-der-anerkennung-von-beruflichen-qualifikationen\/","og_locale":"de_DE","og_type":"article","og_title":"Die prinzipien der anerkennung von beruflichen qualifikationen - Frontaliers Grand Est","og_description":"Reglementierte Berufe in Luxemburg Es gibt 79 reglementierte Berufe in Luxemburg, die sich in den Sektoren des Gesundheitswesen, im Rechtsbereich und in der Buchhaltung, im Handel, in der Ausbildung, im sozialen Bereich, im technischen Bereich, im Transportwesen ansiedeln und zu denen bestimmte handwerkliche Berufe und Berufe im Hotel- und Gastst\u00e4ttengewerbe hinzukommen.Die Liste der reglementierten Berufe [&hellip;]","og_url":"https:\/\/frontaliers-grandest.eu\/de\/startseite\/grenzganger\/deutschland-luxemburg\/ausbildung-anerkennung-von-beruflichen-qualifikationen\/anerkennung-von-beruflichen-qualifikationen-in-luxemburg\/die-prinzipien-der-anerkennung-von-beruflichen-qualifikationen\/","og_site_name":"Frontaliers Grand Est","article_publisher":"https:\/\/www.facebook.com\/frontaliers.GR.EST\/?locale=fr_FR","article_modified_time":"2024-07-03T09:12:09+00:00","twitter_card":"summary_large_image","twitter_misc":{"Gesch\u00e4tzte Lesezeit":"2\u00a0Minuten"},"schema":{"@context":"https:\/\/schema.org","@graph":[{"@type":"WebPage","@id":"https:\/\/frontaliers-grandest.eu\/de\/startseite\/grenzganger\/deutschland-luxemburg\/ausbildung-anerkennung-von-beruflichen-qualifikationen\/anerkennung-von-beruflichen-qualifikationen-in-luxemburg\/die-prinzipien-der-anerkennung-von-beruflichen-qualifikationen\/","url":"https:\/\/frontaliers-grandest.eu\/de\/startseite\/grenzganger\/deutschland-luxemburg\/ausbildung-anerkennung-von-beruflichen-qualifikationen\/anerkennung-von-beruflichen-qualifikationen-in-luxemburg\/die-prinzipien-der-anerkennung-von-beruflichen-qualifikationen\/","name":"Die prinzipien der anerkennung von beruflichen qualifikationen - Frontaliers Grand Est","isPartOf":{"@id":"https:\/\/frontaliers-grandest.eu\/de\/#website"},"datePublished":"2021-06-17T09:10:10+00:00","dateModified":"2024-07-03T09:12:09+00:00","breadcrumb":{"@id":"https:\/\/frontaliers-grandest.eu\/de\/startseite\/grenzganger\/deutschland-luxemburg\/ausbildung-anerkennung-von-beruflichen-qualifikationen\/anerkennung-von-beruflichen-qualifikationen-in-luxemburg\/die-prinzipien-der-anerkennung-von-beruflichen-qualifikationen\/#breadcrumb"},"inLanguage":"de","potentialAction":[{"@type":"ReadAction","target":["https:\/\/frontaliers-grandest.eu\/de\/startseite\/grenzganger\/deutschland-luxemburg\/ausbildung-anerkennung-von-beruflichen-qualifikationen\/anerkennung-von-beruflichen-qualifikationen-in-luxemburg\/die-prinzipien-der-anerkennung-von-beruflichen-qualifikationen\/"]}]},{"@type":"BreadcrumbList","@id":"https:\/\/frontaliers-grandest.eu\/de\/startseite\/grenzganger\/deutschland-luxemburg\/ausbildung-anerkennung-von-beruflichen-qualifikationen\/anerkennung-von-beruflichen-qualifikationen-in-luxemburg\/die-prinzipien-der-anerkennung-von-beruflichen-qualifikationen\/#breadcrumb","itemListElement":[{"@type":"ListItem","position":1,"name":"Startseite","item":"https:\/\/frontaliers-grandest.eu\/de\/"},{"@type":"ListItem","position":2,"name":"Grenzg\u00e4nger","item":"https:\/\/frontaliers-grandest.eu\/de\/startseite\/grenzganger\/"},{"@type":"ListItem","position":3,"name":"Deutschland - Luxemburg","item":"https:\/\/frontaliers-grandest.eu\/de\/startseite\/grenzganger\/deutschland-luxemburg\/"},{"@type":"ListItem","position":4,"name":"Ausbildung\/ Anerkennung von beruflichen qualifikationen in Luxemburg","item":"https:\/\/frontaliers-grandest.eu\/de\/startseite\/grenzganger\/deutschland-luxemburg\/ausbildung-anerkennung-von-beruflichen-qualifikationen\/"},{"@type":"ListItem","position":5,"name":"Anerkennung von beruflichen qualifikationen in Luxemburg","item":"https:\/\/frontaliers-grandest.eu\/de\/startseite\/grenzganger\/deutschland-luxemburg\/ausbildung-anerkennung-von-beruflichen-qualifikationen\/anerkennung-von-beruflichen-qualifikationen-in-luxemburg\/"},{"@type":"ListItem","position":6,"name":"Die prinzipien der anerkennung von beruflichen qualifikationen"}]},{"@type":"WebSite","@id":"https:\/\/frontaliers-grandest.eu\/de\/#website","url":"https:\/\/frontaliers-grandest.eu\/de\/","name":"Frontaliers Grand Est","description":"Le site ressource du travail frontalier","publisher":{"@id":"https:\/\/frontaliers-grandest.eu\/de\/#organization"},"alternateName":"Frontaliers Grand Est","potentialAction":[{"@type":"SearchAction","target":{"@type":"EntryPoint","urlTemplate":"https:\/\/frontaliers-grandest.eu\/de\/?s={search_term_string}"},"query-input":{"@type":"PropertyValueSpecification","valueRequired":true,"valueName":"search_term_string"}}],"inLanguage":"de"},{"@type":"Organization","@id":"https:\/\/frontaliers-grandest.eu\/de\/#organization","name":"Frontaliers Grand Est","alternateName":"Frontaliers Grand Est","url":"https:\/\/frontaliers-grandest.eu\/de\/","logo":{"@type":"ImageObject","inLanguage":"de","@id":"https:\/\/frontaliers-grandest.eu\/de\/#\/schema\/logo\/image\/","url":"https:\/\/frontaliers-grandest.eu\/wp-content\/uploads\/2025\/07\/260328234_2966785176920310_3332838526503858160_n.jpg","contentUrl":"https:\/\/frontaliers-grandest.eu\/wp-content\/uploads\/2025\/07\/260328234_2966785176920310_3332838526503858160_n.jpg","width":396,"height":396,"caption":"Frontaliers Grand Est"},"image":{"@id":"https:\/\/frontaliers-grandest.eu\/de\/#\/schema\/logo\/image\/"},"sameAs":["https:\/\/www.facebook.com\/frontaliers.GR.EST\/?locale=fr_FR"]}]}},"frge_page_order":0,"_links":{"self":[{"href":"https:\/\/frontaliers-grandest.eu\/de\/wp-json\/wp\/v2\/pages\/8813","targetHints":{"allow":["GET"]}}],"collection":[{"href":"https:\/\/frontaliers-grandest.eu\/de\/wp-json\/wp\/v2\/pages"}],"about":[{"href":"https:\/\/frontaliers-grandest.eu\/de\/wp-json\/wp\/v2\/types\/page"}],"author":[{"embeddable":true,"href":"https:\/\/frontaliers-grandest.eu\/de\/wp-json\/wp\/v2\/users\/7"}],"replies":[{"embeddable":true,"href":"https:\/\/frontaliers-grandest.eu\/de\/wp-json\/wp\/v2\/comments?post=8813"}],"version-history":[{"count":3,"href":"https:\/\/frontaliers-grandest.eu\/de\/wp-json\/wp\/v2\/pages\/8813\/revisions"}],"predecessor-version":[{"id":39729,"href":"https:\/\/frontaliers-grandest.eu\/de\/wp-json\/wp\/v2\/pages\/8813\/revisions\/39729"}],"up":[{"embeddable":true,"href":"https:\/\/frontaliers-grandest.eu\/de\/wp-json\/wp\/v2\/pages\/8811"}],"wp:attachment":[{"href":"https:\/\/frontaliers-grandest.eu\/de\/wp-json\/wp\/v2\/media?parent=8813"}],"wp:term":[{"taxonomy":"post_tag","embeddable":true,"href":"https:\/\/frontaliers-grandest.eu\/de\/wp-json\/wp\/v2\/tags?post=8813"},{"taxonomy":"frge_profile","embeddable":true,"href":"https:\/\/frontaliers-grandest.eu\/de\/wp-json\/wp\/v2\/frge_profile?post=8813"}],"curies":[{"name":"wp","href":"https:\/\/api.w.org\/{rel}","templated":true}]}}