{"id":8811,"date":"2021-06-17T11:03:28","date_gmt":"2021-06-17T09:03:28","guid":{"rendered":"https:\/\/frontaliers-grandest.eu\/?page_id=8811"},"modified":"2021-06-17T11:58:22","modified_gmt":"2021-06-17T09:58:22","slug":"anerkennung-von-beruflichen-qualifikationen-in-luxemburg","status":"publish","type":"page","link":"https:\/\/frontaliers-grandest.eu\/de\/startseite\/grenzganger\/deutschland-luxemburg\/ausbildung-anerkennung-von-beruflichen-qualifikationen\/anerkennung-von-beruflichen-qualifikationen-in-luxemburg\/","title":{"rendered":"Anerkennung von beruflichen qualifikationen in Luxemburg"},"content":{"rendered":"\n<p>Sie sind ein B\u00fcrger der Europ\u00e4ischen Union und m\u00f6chten in Luxemburg arbeiten. Sie haben die Absicht, einen reglementierten Beruf als Selbstst\u00e4ndiger, im Handel oder im Handwerk, einen Beruf im Gesundheitswesen oder eine sozialp\u00e4dagogische T\u00e4tigkeit auszu\u00fcben. Das luxemburgische Recht stellte in Anwendung der Europ\u00e4ischen Richtlinie allgemeine Regeln \u00fcber die akademische Anerkennung aufgestellt- Die nicht reglementierten Berufe sind ihrerseits ohne Anerkennung des Abschlusses zug\u00e4nglich. F\u00fcr zahlreihe Berufe sind Sie jedoch verpflichtet, eine Qualifikation vorzuweisen.<\/p>\n","protected":false},"excerpt":{"rendered":"<p>Sie sind ein B\u00fcrger der Europ\u00e4ischen Union und m\u00f6chten in Luxemburg arbeiten. Sie haben die Absicht, einen reglementierten Beruf als Selbstst\u00e4ndiger, im Handel oder im Handwerk, einen Beruf im Gesundheitswesen oder eine sozialp\u00e4dagogische T\u00e4tigkeit auszu\u00fcben. Das luxemburgische Recht stellte in Anwendung der Europ\u00e4ischen Richtlinie allgemeine Regeln \u00fcber die akademische Anerkennung aufgestellt- Die nicht reglementierten Berufe [&hellip;]<\/p>\n","protected":false},"author":7,"featured_media":0,"parent":8559,"menu_order":2,"comment_status":"closed","ping_status":"closed","template":"","meta":{"inline_featured_image":false,"footnotes":""},"tags":[],"frge_profile":[],"class_list":["post-8811","page","type-page","status-publish","hentry"],"yoast_head":"<!-- This site is optimized with the Yoast SEO plugin v27.1.1 - https:\/\/yoast.com\/product\/yoast-seo-wordpress\/ -->\n<title>Anerkennung von beruflichen qualifikationen in Luxemburg - Frontaliers Grand Est<\/title>\n<meta name=\"robots\" content=\"index, follow, max-snippet:-1, max-image-preview:large, max-video-preview:-1\" \/>\n<link rel=\"canonical\" href=\"https:\/\/frontaliers-grandest.eu\/de\/startseite\/grenzganger\/deutschland-luxemburg\/ausbildung-anerkennung-von-beruflichen-qualifikationen\/anerkennung-von-beruflichen-qualifikationen-in-luxemburg\/\" \/>\n<meta property=\"og:locale\" content=\"de_DE\" \/>\n<meta property=\"og:type\" content=\"article\" \/>\n<meta property=\"og:title\" content=\"Anerkennung von beruflichen qualifikationen in Luxemburg - Frontaliers Grand Est\" \/>\n<meta property=\"og:description\" content=\"Sie sind ein B\u00fcrger der Europ\u00e4ischen Union und m\u00f6chten in Luxemburg arbeiten. Sie haben die Absicht, einen reglementierten Beruf als Selbstst\u00e4ndiger, im Handel oder im Handwerk, einen Beruf im Gesundheitswesen oder eine sozialp\u00e4dagogische T\u00e4tigkeit auszu\u00fcben. Das luxemburgische Recht stellte in Anwendung der Europ\u00e4ischen Richtlinie allgemeine Regeln \u00fcber die akademische Anerkennung aufgestellt- Die nicht reglementierten Berufe [&hellip;]\" \/>\n<meta property=\"og:url\" content=\"https:\/\/frontaliers-grandest.eu\/de\/startseite\/grenzganger\/deutschland-luxemburg\/ausbildung-anerkennung-von-beruflichen-qualifikationen\/anerkennung-von-beruflichen-qualifikationen-in-luxemburg\/\" \/>\n<meta property=\"og:site_name\" content=\"Frontaliers Grand Est\" \/>\n<meta property=\"article:publisher\" content=\"https:\/\/www.facebook.com\/frontaliers.GR.EST\/?locale=fr_FR\" \/>\n<meta property=\"article:modified_time\" content=\"2021-06-17T09:58:22+00:00\" \/>\n<meta name=\"twitter:card\" content=\"summary_large_image\" \/>\n<meta name=\"twitter:label1\" content=\"Gesch\u00e4tzte Lesezeit\" \/>\n\t<meta name=\"twitter:data1\" content=\"1\u00a0Minute\" \/>\n<script type=\"application\/ld+json\" class=\"yoast-schema-graph\">{\"@context\":\"https:\/\/schema.org\",\"@graph\":[{\"@type\":\"WebPage\",\"@id\":\"https:\/\/frontaliers-grandest.eu\/de\/startseite\/grenzganger\/deutschland-luxemburg\/ausbildung-anerkennung-von-beruflichen-qualifikationen\/anerkennung-von-beruflichen-qualifikationen-in-luxemburg\/\",\"url\":\"https:\/\/frontaliers-grandest.eu\/de\/startseite\/grenzganger\/deutschland-luxemburg\/ausbildung-anerkennung-von-beruflichen-qualifikationen\/anerkennung-von-beruflichen-qualifikationen-in-luxemburg\/\",\"name\":\"Anerkennung von beruflichen qualifikationen in Luxemburg - Frontaliers Grand Est\",\"isPartOf\":{\"@id\":\"https:\/\/frontaliers-grandest.eu\/de\/#website\"},\"datePublished\":\"2021-06-17T09:03:28+00:00\",\"dateModified\":\"2021-06-17T09:58:22+00:00\",\"breadcrumb\":{\"@id\":\"https:\/\/frontaliers-grandest.eu\/de\/startseite\/grenzganger\/deutschland-luxemburg\/ausbildung-anerkennung-von-beruflichen-qualifikationen\/anerkennung-von-beruflichen-qualifikationen-in-luxemburg\/#breadcrumb\"},\"inLanguage\":\"de\",\"potentialAction\":[{\"@type\":\"ReadAction\",\"target\":[\"https:\/\/frontaliers-grandest.eu\/de\/startseite\/grenzganger\/deutschland-luxemburg\/ausbildung-anerkennung-von-beruflichen-qualifikationen\/anerkennung-von-beruflichen-qualifikationen-in-luxemburg\/\"]}]},{\"@type\":\"BreadcrumbList\",\"@id\":\"https:\/\/frontaliers-grandest.eu\/de\/startseite\/grenzganger\/deutschland-luxemburg\/ausbildung-anerkennung-von-beruflichen-qualifikationen\/anerkennung-von-beruflichen-qualifikationen-in-luxemburg\/#breadcrumb\",\"itemListElement\":[{\"@type\":\"ListItem\",\"position\":1,\"name\":\"Startseite\",\"item\":\"https:\/\/frontaliers-grandest.eu\/de\/\"},{\"@type\":\"ListItem\",\"position\":2,\"name\":\"Grenzg\u00e4nger\",\"item\":\"https:\/\/frontaliers-grandest.eu\/de\/startseite\/grenzganger\/\"},{\"@type\":\"ListItem\",\"position\":3,\"name\":\"Deutschland - Luxemburg\",\"item\":\"https:\/\/frontaliers-grandest.eu\/de\/startseite\/grenzganger\/deutschland-luxemburg\/\"},{\"@type\":\"ListItem\",\"position\":4,\"name\":\"Ausbildung\/ Anerkennung von beruflichen qualifikationen in Luxemburg\",\"item\":\"https:\/\/frontaliers-grandest.eu\/de\/startseite\/grenzganger\/deutschland-luxemburg\/ausbildung-anerkennung-von-beruflichen-qualifikationen\/\"},{\"@type\":\"ListItem\",\"position\":5,\"name\":\"Anerkennung von beruflichen qualifikationen in Luxemburg\"}]},{\"@type\":\"WebSite\",\"@id\":\"https:\/\/frontaliers-grandest.eu\/de\/#website\",\"url\":\"https:\/\/frontaliers-grandest.eu\/de\/\",\"name\":\"Frontaliers Grand Est\",\"description\":\"Le site ressource du travail frontalier\",\"publisher\":{\"@id\":\"https:\/\/frontaliers-grandest.eu\/de\/#organization\"},\"alternateName\":\"Frontaliers Grand Est\",\"potentialAction\":[{\"@type\":\"SearchAction\",\"target\":{\"@type\":\"EntryPoint\",\"urlTemplate\":\"https:\/\/frontaliers-grandest.eu\/de\/?s={search_term_string}\"},\"query-input\":{\"@type\":\"PropertyValueSpecification\",\"valueRequired\":true,\"valueName\":\"search_term_string\"}}],\"inLanguage\":\"de\"},{\"@type\":\"Organization\",\"@id\":\"https:\/\/frontaliers-grandest.eu\/de\/#organization\",\"name\":\"Frontaliers Grand Est\",\"alternateName\":\"Frontaliers Grand Est\",\"url\":\"https:\/\/frontaliers-grandest.eu\/de\/\",\"logo\":{\"@type\":\"ImageObject\",\"inLanguage\":\"de\",\"@id\":\"https:\/\/frontaliers-grandest.eu\/de\/#\/schema\/logo\/image\/\",\"url\":\"https:\/\/frontaliers-grandest.eu\/wp-content\/uploads\/2025\/07\/260328234_2966785176920310_3332838526503858160_n.jpg\",\"contentUrl\":\"https:\/\/frontaliers-grandest.eu\/wp-content\/uploads\/2025\/07\/260328234_2966785176920310_3332838526503858160_n.jpg\",\"width\":396,\"height\":396,\"caption\":\"Frontaliers Grand Est\"},\"image\":{\"@id\":\"https:\/\/frontaliers-grandest.eu\/de\/#\/schema\/logo\/image\/\"},\"sameAs\":[\"https:\/\/www.facebook.com\/frontaliers.GR.EST\/?locale=fr_FR\"]}]}<\/script>\n<!-- \/ Yoast SEO plugin. -->","yoast_head_json":{"title":"Anerkennung von beruflichen qualifikationen in Luxemburg - Frontaliers Grand Est","robots":{"index":"index","follow":"follow","max-snippet":"max-snippet:-1","max-image-preview":"max-image-preview:large","max-video-preview":"max-video-preview:-1"},"canonical":"https:\/\/frontaliers-grandest.eu\/de\/startseite\/grenzganger\/deutschland-luxemburg\/ausbildung-anerkennung-von-beruflichen-qualifikationen\/anerkennung-von-beruflichen-qualifikationen-in-luxemburg\/","og_locale":"de_DE","og_type":"article","og_title":"Anerkennung von beruflichen qualifikationen in Luxemburg - Frontaliers Grand Est","og_description":"Sie sind ein B\u00fcrger der Europ\u00e4ischen Union und m\u00f6chten in Luxemburg arbeiten. Sie haben die Absicht, einen reglementierten Beruf als Selbstst\u00e4ndiger, im Handel oder im Handwerk, einen Beruf im Gesundheitswesen oder eine sozialp\u00e4dagogische T\u00e4tigkeit auszu\u00fcben. Das luxemburgische Recht stellte in Anwendung der Europ\u00e4ischen Richtlinie allgemeine Regeln \u00fcber die akademische Anerkennung aufgestellt- Die nicht reglementierten Berufe [&hellip;]","og_url":"https:\/\/frontaliers-grandest.eu\/de\/startseite\/grenzganger\/deutschland-luxemburg\/ausbildung-anerkennung-von-beruflichen-qualifikationen\/anerkennung-von-beruflichen-qualifikationen-in-luxemburg\/","og_site_name":"Frontaliers Grand Est","article_publisher":"https:\/\/www.facebook.com\/frontaliers.GR.EST\/?locale=fr_FR","article_modified_time":"2021-06-17T09:58:22+00:00","twitter_card":"summary_large_image","twitter_misc":{"Gesch\u00e4tzte Lesezeit":"1\u00a0Minute"},"schema":{"@context":"https:\/\/schema.org","@graph":[{"@type":"WebPage","@id":"https:\/\/frontaliers-grandest.eu\/de\/startseite\/grenzganger\/deutschland-luxemburg\/ausbildung-anerkennung-von-beruflichen-qualifikationen\/anerkennung-von-beruflichen-qualifikationen-in-luxemburg\/","url":"https:\/\/frontaliers-grandest.eu\/de\/startseite\/grenzganger\/deutschland-luxemburg\/ausbildung-anerkennung-von-beruflichen-qualifikationen\/anerkennung-von-beruflichen-qualifikationen-in-luxemburg\/","name":"Anerkennung von beruflichen qualifikationen in Luxemburg - Frontaliers Grand Est","isPartOf":{"@id":"https:\/\/frontaliers-grandest.eu\/de\/#website"},"datePublished":"2021-06-17T09:03:28+00:00","dateModified":"2021-06-17T09:58:22+00:00","breadcrumb":{"@id":"https:\/\/frontaliers-grandest.eu\/de\/startseite\/grenzganger\/deutschland-luxemburg\/ausbildung-anerkennung-von-beruflichen-qualifikationen\/anerkennung-von-beruflichen-qualifikationen-in-luxemburg\/#breadcrumb"},"inLanguage":"de","potentialAction":[{"@type":"ReadAction","target":["https:\/\/frontaliers-grandest.eu\/de\/startseite\/grenzganger\/deutschland-luxemburg\/ausbildung-anerkennung-von-beruflichen-qualifikationen\/anerkennung-von-beruflichen-qualifikationen-in-luxemburg\/"]}]},{"@type":"BreadcrumbList","@id":"https:\/\/frontaliers-grandest.eu\/de\/startseite\/grenzganger\/deutschland-luxemburg\/ausbildung-anerkennung-von-beruflichen-qualifikationen\/anerkennung-von-beruflichen-qualifikationen-in-luxemburg\/#breadcrumb","itemListElement":[{"@type":"ListItem","position":1,"name":"Startseite","item":"https:\/\/frontaliers-grandest.eu\/de\/"},{"@type":"ListItem","position":2,"name":"Grenzg\u00e4nger","item":"https:\/\/frontaliers-grandest.eu\/de\/startseite\/grenzganger\/"},{"@type":"ListItem","position":3,"name":"Deutschland - Luxemburg","item":"https:\/\/frontaliers-grandest.eu\/de\/startseite\/grenzganger\/deutschland-luxemburg\/"},{"@type":"ListItem","position":4,"name":"Ausbildung\/ Anerkennung von beruflichen qualifikationen in Luxemburg","item":"https:\/\/frontaliers-grandest.eu\/de\/startseite\/grenzganger\/deutschland-luxemburg\/ausbildung-anerkennung-von-beruflichen-qualifikationen\/"},{"@type":"ListItem","position":5,"name":"Anerkennung von beruflichen qualifikationen in Luxemburg"}]},{"@type":"WebSite","@id":"https:\/\/frontaliers-grandest.eu\/de\/#website","url":"https:\/\/frontaliers-grandest.eu\/de\/","name":"Frontaliers Grand Est","description":"Le site ressource du travail frontalier","publisher":{"@id":"https:\/\/frontaliers-grandest.eu\/de\/#organization"},"alternateName":"Frontaliers Grand Est","potentialAction":[{"@type":"SearchAction","target":{"@type":"EntryPoint","urlTemplate":"https:\/\/frontaliers-grandest.eu\/de\/?s={search_term_string}"},"query-input":{"@type":"PropertyValueSpecification","valueRequired":true,"valueName":"search_term_string"}}],"inLanguage":"de"},{"@type":"Organization","@id":"https:\/\/frontaliers-grandest.eu\/de\/#organization","name":"Frontaliers Grand Est","alternateName":"Frontaliers Grand Est","url":"https:\/\/frontaliers-grandest.eu\/de\/","logo":{"@type":"ImageObject","inLanguage":"de","@id":"https:\/\/frontaliers-grandest.eu\/de\/#\/schema\/logo\/image\/","url":"https:\/\/frontaliers-grandest.eu\/wp-content\/uploads\/2025\/07\/260328234_2966785176920310_3332838526503858160_n.jpg","contentUrl":"https:\/\/frontaliers-grandest.eu\/wp-content\/uploads\/2025\/07\/260328234_2966785176920310_3332838526503858160_n.jpg","width":396,"height":396,"caption":"Frontaliers Grand Est"},"image":{"@id":"https:\/\/frontaliers-grandest.eu\/de\/#\/schema\/logo\/image\/"},"sameAs":["https:\/\/www.facebook.com\/frontaliers.GR.EST\/?locale=fr_FR"]}]}},"frge_page_order":0,"_links":{"self":[{"href":"https:\/\/frontaliers-grandest.eu\/de\/wp-json\/wp\/v2\/pages\/8811","targetHints":{"allow":["GET"]}}],"collection":[{"href":"https:\/\/frontaliers-grandest.eu\/de\/wp-json\/wp\/v2\/pages"}],"about":[{"href":"https:\/\/frontaliers-grandest.eu\/de\/wp-json\/wp\/v2\/types\/page"}],"author":[{"embeddable":true,"href":"https:\/\/frontaliers-grandest.eu\/de\/wp-json\/wp\/v2\/users\/7"}],"replies":[{"embeddable":true,"href":"https:\/\/frontaliers-grandest.eu\/de\/wp-json\/wp\/v2\/comments?post=8811"}],"version-history":[{"count":1,"href":"https:\/\/frontaliers-grandest.eu\/de\/wp-json\/wp\/v2\/pages\/8811\/revisions"}],"predecessor-version":[{"id":8812,"href":"https:\/\/frontaliers-grandest.eu\/de\/wp-json\/wp\/v2\/pages\/8811\/revisions\/8812"}],"up":[{"embeddable":true,"href":"https:\/\/frontaliers-grandest.eu\/de\/wp-json\/wp\/v2\/pages\/8559"}],"wp:attachment":[{"href":"https:\/\/frontaliers-grandest.eu\/de\/wp-json\/wp\/v2\/media?parent=8811"}],"wp:term":[{"taxonomy":"post_tag","embeddable":true,"href":"https:\/\/frontaliers-grandest.eu\/de\/wp-json\/wp\/v2\/tags?post=8811"},{"taxonomy":"frge_profile","embeddable":true,"href":"https:\/\/frontaliers-grandest.eu\/de\/wp-json\/wp\/v2\/frge_profile?post=8811"}],"curies":[{"name":"wp","href":"https:\/\/api.w.org\/{rel}","templated":true}]}}