{"id":8747,"date":"2021-06-15T16:25:49","date_gmt":"2021-06-15T14:25:49","guid":{"rendered":"https:\/\/frontaliers-grandest.eu\/?page_id=8747"},"modified":"2026-02-23T14:33:26","modified_gmt":"2026-02-23T13:33:26","slug":"moment-des-renteneintritts","status":"publish","type":"page","link":"https:\/\/frontaliers-grandest.eu\/de\/startseite\/grenzganger\/deutschland-luxemburg\/sozialversicherung\/die-rentenversicherung\/moment-des-renteneintritts\/","title":{"rendered":"Moment des Renteneintritts"},"content":{"rendered":"\n<h2 class=\"wp-block-heading\"><strong>Sie haben lediglich in Luxemburg gearbeitet<\/strong><\/h2>\n\n\n\n<p>Das normale Rentenalter in Luxemburg beginnt<strong>&nbsp;mit&nbsp;65 Jahren.<\/strong><\/p>\n\n\n\n<p>Die Gew\u00e4hrung der verschiedenen Pensionen unterliegt sowohl Altersregeln als auch dem Nachweis von Versicherungszeiten (Erf\u00fcllung der Wartezeit). Bei den Versicherungszeiten1 wird unterschieden zwischen Zeiten der Pflichtversicherung, der Weiterversicherung, der fakultativen Versicherung, dem Nachkauf von Versicherungszeiten und den Erg\u00e4nzungszeiten. Die verschiedenen Zeitr\u00e4ume werden im Versicherungsverlauf aufgef\u00fchrt.<\/p>\n\n\n\n<p>Der Pensionsanspruch entsteht ab dem 65. Lebensjahr, wenn der Versicherte&nbsp;<strong>eine Wartezeit von 120 Beitragsmonaten&nbsp;<\/strong>in der Pflichtversicherung, der Weiterversicherung, der fakultativen Versicherung ode<strong>r durch Nachkauf von Versicherungszeiten nachweisen kann.<\/strong><\/p>\n\n\n\n<p><strong>Sie haben Anspruch auf eine vorzeitige Rente :<\/strong><\/p>\n\n\n\n<ul class=\"wp-block-list\">\n<li><strong>ab dem Alter von 57 Jahren<\/strong>, wenn der Versicherte eine Wartezeit von 480 Monaten Pflichtversicherung nachweisen kann;<\/li>\n\n\n\n<li><strong>ab dem Alter von 60 Jahren,<\/strong>&nbsp;wenn der Versicherte eine Wartezeit von 480 Monaten aus Pflichtversicherung, Weiterversicherung, fakultativer Weiterversicherung, Nachkauf von Versicherungszeiten und Erg\u00e4nzungszeiten nachweisen kann. Mindestens 120 dieser Monate m\u00fcssen aus Pflichtversicherung, Weiterversicherung, fakultativer Versicherung oder Nachkauf von Versicherungszeiten bestehen.<\/li>\n<\/ul>\n\n\n\n<div class=\"wp-block-frontaliers-grandest-plugin-frge-accordion-block\"><div class=\"accordion-top\"><h4 class=\"accordion-title\">Auszahlungen und Entzug der Altersrenten<\/h4><svg viewBox=\"0 0 24 24\" stroke-width=\"1.5\" fill=\"none\" xmlns=\"http:\/\/www.w3.org\/2000\/svg\" class=\"accordion-top__icon\"><path d=\"M3 12L21 12M21 12L12.5 3.5M21 12L12.5 20.5\" stroke-width=\"1.5\" stroke-linecap=\"round\" stroke-linejoin=\"round\"><\/path><\/svg><\/div><div class=\"accordion-content\">\n<p><strong>Die regul\u00e4re Altersrente<\/strong> beginnt am Tag des <strong>65. Geburtstags<\/strong>.<\/p>\n\n\n\n<p><strong>Die vorgezogene Altersrente<\/strong> wird an dem Tag gew\u00e4hrt, an dem die <strong>Alters- und Versicherungszeiten erf\u00fcllt sind<\/strong> (bei Beendigung einer abh\u00e4ngigen Besch\u00e4ftigung).<\/p>\n<\/div><\/div>\n\n\n\n<div class=\"wp-block-frontaliers-grandest-plugin-frge-accordion-block\"><div class=\"accordion-top\"><h4 class=\"accordion-title\">Fortsetzung einer T\u00e4tigkeit w\u00e4hrend des Bezugs einer luxemburgischen Rente<\/h4><svg viewBox=\"0 0 24 24\" stroke-width=\"1.5\" fill=\"none\" xmlns=\"http:\/\/www.w3.org\/2000\/svg\" class=\"accordion-top__icon\"><path d=\"M3 12L21 12M21 12L12.5 3.5M21 12L12.5 20.5\" stroke-width=\"1.5\" stroke-linecap=\"round\" stroke-linejoin=\"round\"><\/path><\/svg><\/div><div class=\"accordion-content\">\n<p>Im Falle der Fortsetzung einer abh\u00e4ngigen Besch\u00e4ftigung \u00fcber das gesetzliche Rentenalter hinaus, die ein Gehalt einbringt, das <strong>mehr als 1\/3 des sozialen Mindestlohns betr\u00e4gt<\/strong>, beginnt die vorgezogene Altersrente am ersten Tag des Monats nach der Antragstellung. In diesem Fall wird die Altersrente gek\u00fcrzt.<\/p>\n\n\n\n<p>Die Altersrente wird entzogen, wenn eine abh\u00e4ngige Besch\u00e4ftigung ausge\u00fcbt wird, die ein Gehalt einbringt, das, auf ein Jahr verteilt, monatlich den Durchschnitt der 5 h\u00f6chsten beitragspflichtigen Jahreseinkommen der Versicherungslaufbahn \u00fcbersteigt.<\/p>\n\n\n\n<p>Dasselbe gilt im Falle der <strong>Aus\u00fcbung einer selbst\u00e4ndigen T\u00e4tigkeit<\/strong>, die ein Einkommen einbringt, das, auf ein Jahr verteilt, <strong>monatlich 1\/3 des sozialen Mindestlohns \u00fcbersteigt<\/strong>.<\/p>\n<\/div><\/div>\n\n\n\n<h3 class=\"wp-block-heading\"><strong>Rente aus mehreren Staaten (Sie haben in Luxemburg sowie in Deutschland oder in einem anderen EU-Land gearbeitet)<\/strong><\/h3>\n\n\n\n<p>Der Alter des Renteneintritts variiert je nach den EU-L\u00e4ndern. Das gesetzliche Pensionsalter liegt in Luxemburg bei 65 Jahren. In Deutschland wird der Renteneintrittsalter stufenweise&nbsp;<strong>von 65 auf 67 angehoben.<\/strong><\/p>\n\n\n\n<div class=\"wp-block-frontaliers-grandest-plugin-frge-accordion-block\"><div class=\"accordion-top\"><h4 class=\"accordion-title\"><strong>Wenn Sie zuerst in Deutschland gearbeitet haben und danach in Luxemburg<\/strong><\/h4><svg viewBox=\"0 0 24 24\" stroke-width=\"1.5\" fill=\"none\" xmlns=\"http:\/\/www.w3.org\/2000\/svg\" class=\"accordion-top__icon\"><path d=\"M3 12L21 12M21 12L12.5 3.5M21 12L12.5 20.5\" stroke-width=\"1.5\" stroke-linecap=\"round\" stroke-linejoin=\"round\"><\/path><\/svg><\/div><div class=\"accordion-content\">\n<p>der Pensionsanspruch&nbsp;<strong>entsteht ab dem 65. Lebensjahr wenn der Versicherte eine Wartezeit von 120 Beitragsmonaten in der Rentenversicherung in allen EU-L\u00e4ndern&nbsp;<\/strong>wo er eine berufliche T\u00e4tigkeit ausge\u00fcbt hat (in Luxemburg, aber auch in Deutschland und in anderen EU-L\u00e4ndern+ in der Schweiz).<strong> Jedes EU-Land zahlt seinen Rentenanteil je nach der betroffenen Versicherungszeit<\/strong>.<\/p>\n<\/div><\/div>\n\n\n\n<div class=\"wp-block-frontaliers-grandest-plugin-frge-accordion-block\"><div class=\"accordion-top\"><h4 class=\"accordion-title\"><strong>Wenn Sie zuerst in Luxemburg gearbeitet haben und danach in Deutschland<\/strong><\/h4><svg viewBox=\"0 0 24 24\" stroke-width=\"1.5\" fill=\"none\" xmlns=\"http:\/\/www.w3.org\/2000\/svg\" class=\"accordion-top__icon\"><path d=\"M3 12L21 12M21 12L12.5 3.5M21 12L12.5 20.5\" stroke-width=\"1.5\" stroke-linecap=\"round\" stroke-linejoin=\"round\"><\/path><\/svg><\/div><div class=\"accordion-content\">\n<p>F\u00fcr die normale Altersrente gilt jedoch weiterhin eine Wartezeit von 5 Jahren (60 Monaten). Das Renteneintrittsalter ist auf 66 Jahre festgelegt und wird f\u00fcr Personen, die zwischen 1947 und 1964 geboren sind, schrittweise auf 67 Jahre angehoben.<\/p>\n\n\n\n<p><strong>Beispiel<\/strong>: Sie haben w\u00e4hrend 14 Jahren in Luxemburg gearbeitet und 25 Jahre in Deutschland:<\/p>\n\n\n\n<ul class=\"wp-block-list\">\n<li>Sie h\u00e4tten Anspruch auf eine vorzeitige Rente in Luxemburg, sofern Ihre Versicherungszeit mehr als 480 Monate betr\u00e4gt.<\/li>\n\n\n\n<li>39 Jahre der Sozialbeitr\u00e4ge (468 Monate)&lt; 480 Monate, Sie haben keinen Anspruch auf eine vorzeitige Rente in Luxemburg.<\/li>\n\n\n\n<li>Mit Ihren 65 Jahren haben Sie Anspruch auf eine luxemburgische Rente, dessen H\u00f6he den 14 Jahren der Sozialbeitr\u00e4gen entspricht (bei einer Gesamtzahl von 39 Jahren der Sozialbeitr\u00e4gen).<\/li>\n\n\n\n<li>Sie haben keinen Anspruch auf die Totalrente von Luxemburg weil Sie die Voraussetzung von 480 Beitragsmonaten nicht erf\u00fcllen.<\/li>\n<\/ul>\n<\/div><\/div>\n","protected":false},"excerpt":{"rendered":"<p>Sie haben lediglich in Luxemburg gearbeitet Das normale Rentenalter in Luxemburg beginnt&nbsp;mit&nbsp;65 Jahren. Die Gew\u00e4hrung der verschiedenen Pensionen unterliegt sowohl Altersregeln als auch dem Nachweis von Versicherungszeiten (Erf\u00fcllung der Wartezeit). Bei den Versicherungszeiten1 wird unterschieden zwischen Zeiten der Pflichtversicherung, der Weiterversicherung, der fakultativen Versicherung, dem Nachkauf von Versicherungszeiten und den Erg\u00e4nzungszeiten. Die verschiedenen Zeitr\u00e4ume werden [&hellip;]<\/p>\n","protected":false},"author":7,"featured_media":0,"parent":8736,"menu_order":4,"comment_status":"closed","ping_status":"closed","template":"","meta":{"inline_featured_image":false,"footnotes":""},"tags":[461,432,517,454,829],"frge_profile":[225],"class_list":["post-8747","page","type-page","status-publish","hentry","tag-arbeitnehmer","tag-deutschland","tag-grengaenger","tag-luxemburg","tag-rentenversicherung","frge_profile-arbeitnehmer"],"yoast_head":"<!-- This site is optimized with the Yoast SEO plugin v27.1.1 - https:\/\/yoast.com\/product\/yoast-seo-wordpress\/ -->\n<title>Moment des Renteneintritts - Frontaliers Grand Est<\/title>\n<meta name=\"description\" content=\"Entdecken Sie auf unserer Seite das gesetzliche Renteneintrittsalter in Luxemburg und Deutschland f\u00fcr Grenzg\u00e4nger.\" \/>\n<meta name=\"robots\" content=\"index, follow, max-snippet:-1, max-image-preview:large, max-video-preview:-1\" \/>\n<link rel=\"canonical\" href=\"https:\/\/frontaliers-grandest.eu\/de\/startseite\/grenzganger\/deutschland-luxemburg\/sozialversicherung\/die-rentenversicherung\/moment-des-renteneintritts\/\" \/>\n<meta property=\"og:locale\" content=\"de_DE\" \/>\n<meta property=\"og:type\" content=\"article\" \/>\n<meta property=\"og:title\" content=\"Moment des Renteneintritts - Frontaliers Grand Est\" \/>\n<meta property=\"og:description\" content=\"Entdecken Sie auf unserer Seite das gesetzliche Renteneintrittsalter in Luxemburg und Deutschland f\u00fcr Grenzg\u00e4nger.\" \/>\n<meta property=\"og:url\" content=\"https:\/\/frontaliers-grandest.eu\/de\/startseite\/grenzganger\/deutschland-luxemburg\/sozialversicherung\/die-rentenversicherung\/moment-des-renteneintritts\/\" \/>\n<meta property=\"og:site_name\" content=\"Frontaliers Grand Est\" \/>\n<meta property=\"article:publisher\" content=\"https:\/\/www.facebook.com\/frontaliers.GR.EST\/?locale=fr_FR\" \/>\n<meta property=\"article:modified_time\" content=\"2026-02-23T13:33:26+00:00\" \/>\n<meta name=\"twitter:card\" content=\"summary_large_image\" \/>\n<meta name=\"twitter:label1\" content=\"Gesch\u00e4tzte Lesezeit\" \/>\n\t<meta name=\"twitter:data1\" content=\"3\u00a0Minuten\" \/>\n<script type=\"application\/ld+json\" class=\"yoast-schema-graph\">{\"@context\":\"https:\/\/schema.org\",\"@graph\":[{\"@type\":\"WebPage\",\"@id\":\"https:\/\/frontaliers-grandest.eu\/de\/startseite\/grenzganger\/deutschland-luxemburg\/sozialversicherung\/die-rentenversicherung\/moment-des-renteneintritts\/\",\"url\":\"https:\/\/frontaliers-grandest.eu\/de\/startseite\/grenzganger\/deutschland-luxemburg\/sozialversicherung\/die-rentenversicherung\/moment-des-renteneintritts\/\",\"name\":\"Moment des Renteneintritts - Frontaliers Grand Est\",\"isPartOf\":{\"@id\":\"https:\/\/frontaliers-grandest.eu\/de\/#website\"},\"datePublished\":\"2021-06-15T14:25:49+00:00\",\"dateModified\":\"2026-02-23T13:33:26+00:00\",\"description\":\"Entdecken Sie auf unserer Seite das gesetzliche Renteneintrittsalter in Luxemburg und Deutschland f\u00fcr Grenzg\u00e4nger.\",\"breadcrumb\":{\"@id\":\"https:\/\/frontaliers-grandest.eu\/de\/startseite\/grenzganger\/deutschland-luxemburg\/sozialversicherung\/die-rentenversicherung\/moment-des-renteneintritts\/#breadcrumb\"},\"inLanguage\":\"de\",\"potentialAction\":[{\"@type\":\"ReadAction\",\"target\":[\"https:\/\/frontaliers-grandest.eu\/de\/startseite\/grenzganger\/deutschland-luxemburg\/sozialversicherung\/die-rentenversicherung\/moment-des-renteneintritts\/\"]}]},{\"@type\":\"BreadcrumbList\",\"@id\":\"https:\/\/frontaliers-grandest.eu\/de\/startseite\/grenzganger\/deutschland-luxemburg\/sozialversicherung\/die-rentenversicherung\/moment-des-renteneintritts\/#breadcrumb\",\"itemListElement\":[{\"@type\":\"ListItem\",\"position\":1,\"name\":\"Startseite\",\"item\":\"https:\/\/frontaliers-grandest.eu\/de\/\"},{\"@type\":\"ListItem\",\"position\":2,\"name\":\"Grenzg\u00e4nger\",\"item\":\"https:\/\/frontaliers-grandest.eu\/de\/startseite\/grenzganger\/\"},{\"@type\":\"ListItem\",\"position\":3,\"name\":\"Deutschland - Luxemburg\",\"item\":\"https:\/\/frontaliers-grandest.eu\/de\/startseite\/grenzganger\/deutschland-luxemburg\/\"},{\"@type\":\"ListItem\",\"position\":4,\"name\":\"Sozialversicherung in Luxemburg\",\"item\":\"https:\/\/frontaliers-grandest.eu\/de\/startseite\/grenzganger\/deutschland-luxemburg\/sozialversicherung\/\"},{\"@type\":\"ListItem\",\"position\":5,\"name\":\"Die Rentenversicherung\",\"item\":\"https:\/\/frontaliers-grandest.eu\/de\/startseite\/grenzganger\/deutschland-luxemburg\/sozialversicherung\/die-rentenversicherung\/\"},{\"@type\":\"ListItem\",\"position\":6,\"name\":\"Moment des Renteneintritts\"}]},{\"@type\":\"WebSite\",\"@id\":\"https:\/\/frontaliers-grandest.eu\/de\/#website\",\"url\":\"https:\/\/frontaliers-grandest.eu\/de\/\",\"name\":\"Frontaliers Grand Est\",\"description\":\"Le site ressource du travail frontalier\",\"publisher\":{\"@id\":\"https:\/\/frontaliers-grandest.eu\/de\/#organization\"},\"alternateName\":\"Frontaliers Grand Est\",\"potentialAction\":[{\"@type\":\"SearchAction\",\"target\":{\"@type\":\"EntryPoint\",\"urlTemplate\":\"https:\/\/frontaliers-grandest.eu\/de\/?s={search_term_string}\"},\"query-input\":{\"@type\":\"PropertyValueSpecification\",\"valueRequired\":true,\"valueName\":\"search_term_string\"}}],\"inLanguage\":\"de\"},{\"@type\":\"Organization\",\"@id\":\"https:\/\/frontaliers-grandest.eu\/de\/#organization\",\"name\":\"Frontaliers Grand Est\",\"alternateName\":\"Frontaliers Grand Est\",\"url\":\"https:\/\/frontaliers-grandest.eu\/de\/\",\"logo\":{\"@type\":\"ImageObject\",\"inLanguage\":\"de\",\"@id\":\"https:\/\/frontaliers-grandest.eu\/de\/#\/schema\/logo\/image\/\",\"url\":\"https:\/\/frontaliers-grandest.eu\/wp-content\/uploads\/2025\/07\/260328234_2966785176920310_3332838526503858160_n.jpg\",\"contentUrl\":\"https:\/\/frontaliers-grandest.eu\/wp-content\/uploads\/2025\/07\/260328234_2966785176920310_3332838526503858160_n.jpg\",\"width\":396,\"height\":396,\"caption\":\"Frontaliers Grand Est\"},\"image\":{\"@id\":\"https:\/\/frontaliers-grandest.eu\/de\/#\/schema\/logo\/image\/\"},\"sameAs\":[\"https:\/\/www.facebook.com\/frontaliers.GR.EST\/?locale=fr_FR\"]}]}<\/script>\n<!-- \/ Yoast SEO plugin. -->","yoast_head_json":{"title":"Moment des Renteneintritts - Frontaliers Grand Est","description":"Entdecken Sie auf unserer Seite das gesetzliche Renteneintrittsalter in Luxemburg und Deutschland f\u00fcr Grenzg\u00e4nger.","robots":{"index":"index","follow":"follow","max-snippet":"max-snippet:-1","max-image-preview":"max-image-preview:large","max-video-preview":"max-video-preview:-1"},"canonical":"https:\/\/frontaliers-grandest.eu\/de\/startseite\/grenzganger\/deutschland-luxemburg\/sozialversicherung\/die-rentenversicherung\/moment-des-renteneintritts\/","og_locale":"de_DE","og_type":"article","og_title":"Moment des Renteneintritts - Frontaliers Grand Est","og_description":"Entdecken Sie auf unserer Seite das gesetzliche Renteneintrittsalter in Luxemburg und Deutschland f\u00fcr Grenzg\u00e4nger.","og_url":"https:\/\/frontaliers-grandest.eu\/de\/startseite\/grenzganger\/deutschland-luxemburg\/sozialversicherung\/die-rentenversicherung\/moment-des-renteneintritts\/","og_site_name":"Frontaliers Grand Est","article_publisher":"https:\/\/www.facebook.com\/frontaliers.GR.EST\/?locale=fr_FR","article_modified_time":"2026-02-23T13:33:26+00:00","twitter_card":"summary_large_image","twitter_misc":{"Gesch\u00e4tzte Lesezeit":"3\u00a0Minuten"},"schema":{"@context":"https:\/\/schema.org","@graph":[{"@type":"WebPage","@id":"https:\/\/frontaliers-grandest.eu\/de\/startseite\/grenzganger\/deutschland-luxemburg\/sozialversicherung\/die-rentenversicherung\/moment-des-renteneintritts\/","url":"https:\/\/frontaliers-grandest.eu\/de\/startseite\/grenzganger\/deutschland-luxemburg\/sozialversicherung\/die-rentenversicherung\/moment-des-renteneintritts\/","name":"Moment des Renteneintritts - Frontaliers Grand Est","isPartOf":{"@id":"https:\/\/frontaliers-grandest.eu\/de\/#website"},"datePublished":"2021-06-15T14:25:49+00:00","dateModified":"2026-02-23T13:33:26+00:00","description":"Entdecken Sie auf unserer Seite das gesetzliche Renteneintrittsalter in Luxemburg und Deutschland f\u00fcr Grenzg\u00e4nger.","breadcrumb":{"@id":"https:\/\/frontaliers-grandest.eu\/de\/startseite\/grenzganger\/deutschland-luxemburg\/sozialversicherung\/die-rentenversicherung\/moment-des-renteneintritts\/#breadcrumb"},"inLanguage":"de","potentialAction":[{"@type":"ReadAction","target":["https:\/\/frontaliers-grandest.eu\/de\/startseite\/grenzganger\/deutschland-luxemburg\/sozialversicherung\/die-rentenversicherung\/moment-des-renteneintritts\/"]}]},{"@type":"BreadcrumbList","@id":"https:\/\/frontaliers-grandest.eu\/de\/startseite\/grenzganger\/deutschland-luxemburg\/sozialversicherung\/die-rentenversicherung\/moment-des-renteneintritts\/#breadcrumb","itemListElement":[{"@type":"ListItem","position":1,"name":"Startseite","item":"https:\/\/frontaliers-grandest.eu\/de\/"},{"@type":"ListItem","position":2,"name":"Grenzg\u00e4nger","item":"https:\/\/frontaliers-grandest.eu\/de\/startseite\/grenzganger\/"},{"@type":"ListItem","position":3,"name":"Deutschland - Luxemburg","item":"https:\/\/frontaliers-grandest.eu\/de\/startseite\/grenzganger\/deutschland-luxemburg\/"},{"@type":"ListItem","position":4,"name":"Sozialversicherung in Luxemburg","item":"https:\/\/frontaliers-grandest.eu\/de\/startseite\/grenzganger\/deutschland-luxemburg\/sozialversicherung\/"},{"@type":"ListItem","position":5,"name":"Die Rentenversicherung","item":"https:\/\/frontaliers-grandest.eu\/de\/startseite\/grenzganger\/deutschland-luxemburg\/sozialversicherung\/die-rentenversicherung\/"},{"@type":"ListItem","position":6,"name":"Moment des Renteneintritts"}]},{"@type":"WebSite","@id":"https:\/\/frontaliers-grandest.eu\/de\/#website","url":"https:\/\/frontaliers-grandest.eu\/de\/","name":"Frontaliers Grand Est","description":"Le site ressource du travail frontalier","publisher":{"@id":"https:\/\/frontaliers-grandest.eu\/de\/#organization"},"alternateName":"Frontaliers Grand Est","potentialAction":[{"@type":"SearchAction","target":{"@type":"EntryPoint","urlTemplate":"https:\/\/frontaliers-grandest.eu\/de\/?s={search_term_string}"},"query-input":{"@type":"PropertyValueSpecification","valueRequired":true,"valueName":"search_term_string"}}],"inLanguage":"de"},{"@type":"Organization","@id":"https:\/\/frontaliers-grandest.eu\/de\/#organization","name":"Frontaliers Grand Est","alternateName":"Frontaliers Grand Est","url":"https:\/\/frontaliers-grandest.eu\/de\/","logo":{"@type":"ImageObject","inLanguage":"de","@id":"https:\/\/frontaliers-grandest.eu\/de\/#\/schema\/logo\/image\/","url":"https:\/\/frontaliers-grandest.eu\/wp-content\/uploads\/2025\/07\/260328234_2966785176920310_3332838526503858160_n.jpg","contentUrl":"https:\/\/frontaliers-grandest.eu\/wp-content\/uploads\/2025\/07\/260328234_2966785176920310_3332838526503858160_n.jpg","width":396,"height":396,"caption":"Frontaliers Grand Est"},"image":{"@id":"https:\/\/frontaliers-grandest.eu\/de\/#\/schema\/logo\/image\/"},"sameAs":["https:\/\/www.facebook.com\/frontaliers.GR.EST\/?locale=fr_FR"]}]}},"frge_page_order":"0","_links":{"self":[{"href":"https:\/\/frontaliers-grandest.eu\/de\/wp-json\/wp\/v2\/pages\/8747","targetHints":{"allow":["GET"]}}],"collection":[{"href":"https:\/\/frontaliers-grandest.eu\/de\/wp-json\/wp\/v2\/pages"}],"about":[{"href":"https:\/\/frontaliers-grandest.eu\/de\/wp-json\/wp\/v2\/types\/page"}],"author":[{"embeddable":true,"href":"https:\/\/frontaliers-grandest.eu\/de\/wp-json\/wp\/v2\/users\/7"}],"replies":[{"embeddable":true,"href":"https:\/\/frontaliers-grandest.eu\/de\/wp-json\/wp\/v2\/comments?post=8747"}],"version-history":[{"count":2,"href":"https:\/\/frontaliers-grandest.eu\/de\/wp-json\/wp\/v2\/pages\/8747\/revisions"}],"predecessor-version":[{"id":57852,"href":"https:\/\/frontaliers-grandest.eu\/de\/wp-json\/wp\/v2\/pages\/8747\/revisions\/57852"}],"up":[{"embeddable":true,"href":"https:\/\/frontaliers-grandest.eu\/de\/wp-json\/wp\/v2\/pages\/8736"}],"wp:attachment":[{"href":"https:\/\/frontaliers-grandest.eu\/de\/wp-json\/wp\/v2\/media?parent=8747"}],"wp:term":[{"taxonomy":"post_tag","embeddable":true,"href":"https:\/\/frontaliers-grandest.eu\/de\/wp-json\/wp\/v2\/tags?post=8747"},{"taxonomy":"frge_profile","embeddable":true,"href":"https:\/\/frontaliers-grandest.eu\/de\/wp-json\/wp\/v2\/frge_profile?post=8747"}],"curies":[{"name":"wp","href":"https:\/\/api.w.org\/{rel}","templated":true}]}}