{"id":8743,"date":"2021-06-15T16:20:34","date_gmt":"2021-06-15T14:20:34","guid":{"rendered":"https:\/\/frontaliers-grandest.eu\/?page_id=8743"},"modified":"2026-02-23T12:39:24","modified_gmt":"2026-02-23T11:39:24","slug":"wie-berechnet-sich-meine-rente","status":"publish","type":"page","link":"https:\/\/frontaliers-grandest.eu\/de\/startseite\/grenzganger\/deutschland-luxemburg\/sozialversicherung\/die-rentenversicherung\/wie-berechnet-sich-meine-rente\/","title":{"rendered":"Wie berechnet sich meine Rente ?"},"content":{"rendered":"\n<p>Nach der Antragstellung auf eine Altersrente<strong>&nbsp;berechnen dessen H\u00f6he die deutschen und luxemburgischen Rentenkassen selber<\/strong>.<\/p>\n\n\n\n<p>Reichen die Voraussetzungen in mehreren Staaten&nbsp; f\u00fcr eine eigene Rente aus<strong>, zahlt jedes Land nach seinen innerstaatlichen Vorschriften seinen entsprechenden Rentenanteil je nach der Zahl der Versicherungsmonate an den Versicherten aus<\/strong>.<\/p>\n\n\n\n<div class=\"wp-block-frontaliers-grandest-plugin-frge-accordion-block\"><div class=\"accordion-top\"><h4 class=\"accordion-title\"><strong>Deutsche Rente<\/strong><\/h4><svg viewBox=\"0 0 24 24\" stroke-width=\"1.5\" fill=\"none\" xmlns=\"http:\/\/www.w3.org\/2000\/svg\" class=\"accordion-top__icon\"><path d=\"M3 12L21 12M21 12L12.5 3.5M21 12L12.5 20.5\" stroke-width=\"1.5\" stroke-linecap=\"round\" stroke-linejoin=\"round\"><\/path><\/svg><\/div><div class=\"accordion-content\">\n<p>Der monatliche Betrag Ihrer Rente ergibt sich aus einer Berechnung, die Folgendes ber\u00fccksichtigt:<\/p>\n\n\n\n<ul class=\"wp-block-list\">\n<li><strong>die pers\u00f6nlichen Entgeltpunkte (Pers\u00f6nliche Entgeltpunkte : PEP):<\/strong> Sie werden mit dem Rentenfaktor \u201eZugangsfaktor\u201c multipliziert (1 bei Bezug der Rente mit 65 Jahren, &lt; 1 bei vorzeitiger Rente und > 1 bei Rente nach 65 Jahren)<\/li>\n\n\n\n<li><strong>ein Rentenartfaktor (Rentenartfaktor : RAF):<\/strong> 1 f\u00fcr eine Altersrente, 1 f\u00fcr eine volle Erwerbsminderungsrente, 0,5 f\u00fcr eine teilweise Erwerbsminderungsrente, 0,55 f\u00fcr eine Witwenrente usw.<\/li>\n\n\n\n<li><strong>der aktuelle Rentenwert (Aktueller Rentenwert : AR):<\/strong> Er ergibt sich aus den Beitr\u00e4gen, die auf ein durchschnittliches Jahresgehalt erhoben werden. Seit dem Jahr 2024 ist er deutschlandweit einheitlich. F\u00fcr 2025 betr\u00e4gt der Rentenwert 40,79 \u20ac f\u00fcr ganz Deutschland. Der Betrag wird jedes Jahr im Juli angepasst.<\/li>\n\n\n\n<li><strong>der Zugangsfaktor (Zugangsfaktor : ZF):<\/strong> Er ber\u00fccksichtigt K\u00fcrzungen oder Zuschl\u00e4ge bei vorzeitiger oder aufgeschobener Rente und betr\u00e4gt 1, wenn keine K\u00fcrzung oder Erh\u00f6hung angewendet wird.<\/li>\n<\/ul>\n\n\n\n<p><strong>Monatlicher Rentenbetrag = PEP X RAF X AR X ZF<\/strong><\/p>\n\n\n\n<p>Ihre deutsche Rentenversicherung bestimmt anschlie\u00dfend eine theoretische Rente. Diese wird berechnet, als h\u00e4tten Sie die im Ausland zur\u00fcckgelegten Versicherungsjahre in Deutschland erworben.<\/p>\n\n\n\n<p>Die Rentenkasse ermittelt anschlie\u00dfend Ihre anteilige Rente: diese wird berechnet, indem die theoretische Rente mit einem Bruch multipliziert wird (Dauer der deutschen Versicherungszeiten \/ Gesamtdauer der in der EU zur\u00fcckgelegten Versicherungszeiten).<\/p>\n\n\n\n<p>Schlie\u00dflich vergleicht Ihre deutsche Rentenkasse den Betrag der nationalen Rente und der anteiligen Rente und zahlt Ihnen den h\u00f6heren Betrag aus.<\/p>\n\n\n\n<p>Es gibt keine Mindest- oder H\u00f6chstrente. Die Rentenkasse muss die geleisteten Sozialbeitr\u00e4ge ber\u00fccksichtigen, selbst wenn sie nicht innerhalb der f\u00fcnfzehn Jahre vor Ihrem Renteneintritt liegen.<\/p>\n\n\n\n<p>Ihre Rente wird jedes Jahr zum 1. Juli entsprechend der Lebenshaltungskosten, d.h. den deutschen L\u00f6hnen, sowie der Anzahl der Rentner im Verh\u00e4ltnis zu den beitragspflichtigen Arbeitnehmern der Rentenversicherung angepasst.<\/p>\n\n\n\n<p>Sie haben die M\u00f6glichkeit, bei Ihrer deutschen Rentenkasse einen <strong>Versicherungskontoauszug <\/strong>anzufordern. F\u00fcr weitere Informationen zu Ihrer Rente k\u00f6nnen Sie sich an folgende Stelle wenden:<\/p>\n\n\n\n<p><strong>Deutsche Rentenversicherung Bund<\/strong><br>Tel. 0800 1000 480 70<\/p>\n\n\n\n<p>Seit dem 1. Januar 2021 wurde eine Zusatzrente zur Basisrente eingef\u00fchrt. Sie betrifft alle Rentner, die mindestens 33 Jahre Beitr\u00e4ge geleistet haben, aber nur eine geringe Rente im Vergleich zum bundesweiten Durchschnitt erhalten. Diese \u201eGrundrente\u201c wird automatisch ausgezahlt, ohne dass ein Antrag gestellt werden muss. Die Basisrente sieht daher einen individuellen Zuschlag zur gesetzlichen Rentenversicherung f\u00fcr langj\u00e4hrig Versicherte mit unterdurchschnittlichem Einkommen sowie eine Grundsicherungs- und Wohnhilfe vor.<\/p>\n\n\n\n<p>Die 33 Jahre der Basisrentenzeiten umfassen folgende Perioden:<\/p>\n\n\n\n<ul class=\"wp-block-list\">\n<li>die Pflichtbeitr\u00e4ge aus Erwerbst\u00e4tigkeit oder selbst\u00e4ndiger Arbeit,<\/li>\n\n\n\n<li>die Pflichtbeitragszeiten f\u00fcr Kindererziehung und Betreuung von Angeh\u00f6rigen,<\/li>\n\n\n\n<li>Zeiten von Krankheits- oder Rehabilitationsleistungen,<\/li>\n\n\n\n<li>Zeiten f\u00fcr Kindererziehung und Betreuung von Angeh\u00f6rigen,<\/li>\n\n\n\n<li>Ersatzzeiten.<\/li>\n<\/ul>\n\n\n\n<p>Eine Basisrente wird gezahlt, wenn die eigenen Beitr\u00e4ge des Versicherten zur Rentenversicherung mindestens 30 % des Durchschnittslohns des Versicherten betragen.<br>Zeiten, in denen die Beitr\u00e4ge unter 30 % des Durchschnittslohns des Versicherten liegen, werden nicht ber\u00fccksichtigt.<\/p>\n<\/div><\/div>\n\n\n\n<div class=\"wp-block-frontaliers-grandest-plugin-frge-accordion-block\"><div class=\"accordion-top\"><h4 class=\"accordion-title\"><strong>Luxemburgische Rente<\/strong><\/h4><svg viewBox=\"0 0 24 24\" stroke-width=\"1.5\" fill=\"none\" xmlns=\"http:\/\/www.w3.org\/2000\/svg\" class=\"accordion-top__icon\"><path d=\"M3 12L21 12M21 12L12.5 3.5M21 12L12.5 20.5\" stroke-width=\"1.5\" stroke-linecap=\"round\" stroke-linejoin=\"round\"><\/path><\/svg><\/div><div class=\"accordion-content\">\n<p>Die luxemburgische Versicherungskasse f\u00fchrt die gleiche Berechnung durch als die deutsche Rentenkasse.<\/p>\n\n\n\n<p>Die luxemburgische Rente setzt sich aus einem <strong>festen Betrag<\/strong> (Pauschale von 1\/40 pro Versicherungsjahr, maximal 40 Jahre) und einem <strong>proportionalen Betrag<\/strong> (Prozentsatz des gesamten w\u00e4hrend der Berufslaufbahn erzielten Einkommens) zusammen.<\/p>\n\n\n\n<p><strong>In jedem Fall darf keine Rente unter 90\u202f% des Referenzbetrags liegen, wenn Sie mindestens 40 Jahre Beitr\u00e4ge geleistet haben, also 2.376,62 \u20ac\/Monat zum 1. Januar 2026.<\/strong><\/p>\n\n\n\n<div class=\"wp-block-group has-global-padding is-layout-constrained wp-block-group-is-layout-constrained\">\n<p>Wenn Sie nicht 40 Versicherungsjahre erf\u00fcllt haben, aber mindestens 20 Jahre nachweisen k\u00f6nnen, wird Ihre Rente f\u00fcr jedes fehlende Jahr um 1\/40 gek\u00fcrzt.<\/p>\n\n\n\n<p>Ihre Rente wird regelm\u00e4\u00dfig an die Lebenshaltungskosten angepasst, das hei\u00dft an Preise sowie an den Lebensstandard (in Abh\u00e4ngigkeit von den luxemburgischen Geh\u00e4ltern).<\/p>\n<\/div>\n<\/div><\/div>\n\n\n\n<div class=\"wp-block-frontaliers-grandest-plugin-frge-accordion-block\"><div class=\"accordion-top\"><h4 class=\"accordion-title\">Fortsetzung einer beruflichen T\u00e4tigkeit w\u00e4hrend des Ruhestands<\/h4><svg viewBox=\"0 0 24 24\" stroke-width=\"1.5\" fill=\"none\" xmlns=\"http:\/\/www.w3.org\/2000\/svg\" class=\"accordion-top__icon\"><path d=\"M3 12L21 12M21 12L12.5 3.5M21 12L12.5 20.5\" stroke-width=\"1.5\" stroke-linecap=\"round\" stroke-linejoin=\"round\"><\/path><\/svg><\/div><div class=\"accordion-content\">\n<p>Es ist f\u00fcr den Bezieher einer vorgezogenen Altersrente m\u00f6glich, weiterhin zu arbeiten (<strong>abh\u00e4ngige oder selbst\u00e4ndige T\u00e4tigkeit<\/strong>). Allerdings kann die Aus\u00fcbung einer beruflichen T\u00e4tigkeit <strong>Auswirkungen auf die Gew\u00e4hrung, den Erhalt und die Berechnung der vorgezogenen Altersrente<\/strong> haben.<\/p>\n\n\n\n<p><strong>Im Falle einer abh\u00e4ngigen T\u00e4tigkeit:<\/strong><\/p>\n\n\n\n<ul class=\"wp-block-list\">\n<li>Wenn das Gehalt, auf ein Kalenderjahr verteilt, monatlich 1\/3 des Sozialminimums nicht \u00fcberschreitet, wird die vorgezogene Altersrente nicht gek\u00fcrzt.<\/li>\n\n\n\n<li>Wenn das Gehalt, auf ein Kalenderjahr verteilt, monatlich 1\/3 des Sozialminimums \u00fcberschreitet, wird die vorgezogene Altersrente gek\u00fcrzt, sobald sie zusammen mit dem Durchschnitt der 5 h\u00f6chsten beitragspflichtigen Jahresgeh\u00e4lter oder Einkommen der Versicherungslaufbahn den H\u00f6chstbetrag \u00fcbersteigt.<\/li>\n\n\n\n<li>Wenn das Gehalt, auf ein Kalenderjahr verteilt, monatlich den Durchschnitt der 5 h\u00f6chsten beitragspflichtigen Jahresgeh\u00e4lter oder Einkommen der Versicherungslaufbahn \u00fcbersteigt, wird die vorgezogene Altersrente g\u00e4nzlich entzogen oder abgelehnt.<\/li>\n<\/ul>\n\n\n\n<p><strong>Im Falle einer selbst\u00e4ndigen T\u00e4tigkeit:<\/strong><\/p>\n\n\n\n<ul class=\"wp-block-list\">\n<li>Wenn das Einkommen, auf ein Jahr verteilt, monatlich 1\/3 des Sozialminimums nicht \u00fcberschreitet, wird die vorgezogene Altersrente nicht gek\u00fcrzt.<\/li>\n\n\n\n<li>Wenn das Einkommen aus der selbst\u00e4ndigen T\u00e4tigkeit, auf ein Jahr verteilt, monatlich 1\/3 des Sozialminimums \u00fcbersteigt, wird die vorgezogene Altersrente entzogen oder abgelehnt.<\/li>\n<\/ul>\n<\/div><\/div>\n\n\n\n<div class=\"wp-block-frontaliers-grandest-plugin-frge-accordion-block\"><div class=\"accordion-top\"><h4 class=\"accordion-title\"><strong>Sie haben in Luxemburg weniger als 12 Monate Ihre Sozialversicherungsbeitr\u00e4ge bezahlt<\/strong>\u00a0<\/h4><svg viewBox=\"0 0 24 24\" stroke-width=\"1.5\" fill=\"none\" xmlns=\"http:\/\/www.w3.org\/2000\/svg\" class=\"accordion-top__icon\"><path d=\"M3 12L21 12M21 12L12.5 3.5M21 12L12.5 20.5\" stroke-width=\"1.5\" stroke-linecap=\"round\" stroke-linejoin=\"round\"><\/path><\/svg><\/div><div class=\"accordion-content\">\n<p>In diesem Fall&nbsp;<strong>haben Sie keinen Anspruch auf eine luxemburgische Altersrente,<\/strong>&nbsp;aber diese Sozialversicherungsdauer wird f\u00fcr die Berechnung Ihrer deutschen Rente ber\u00fccksichtigt.<\/p>\n<\/div><\/div>\n","protected":false},"excerpt":{"rendered":"<p>Nach der Antragstellung auf eine Altersrente&nbsp;berechnen dessen H\u00f6he die deutschen und luxemburgischen Rentenkassen selber. Reichen die Voraussetzungen in mehreren Staaten&nbsp; f\u00fcr eine eigene Rente aus, zahlt jedes Land nach seinen innerstaatlichen Vorschriften seinen entsprechenden Rentenanteil je nach der Zahl der Versicherungsmonate an den Versicherten aus.<\/p>\n","protected":false},"author":7,"featured_media":0,"parent":8736,"menu_order":2,"comment_status":"closed","ping_status":"closed","template":"","meta":{"inline_featured_image":false,"footnotes":""},"tags":[517,454,834,829],"frge_profile":[225],"class_list":["post-8743","page","type-page","status-publish","hentry","tag-grengaenger","tag-luxemburg","tag-rentenbetraege","tag-rentenversicherung","frge_profile-arbeitnehmer"],"yoast_head":"<!-- This site is optimized with the Yoast SEO plugin v27.1.1 - https:\/\/yoast.com\/product\/yoast-seo-wordpress\/ -->\n<title>Wie berechnet sich meine Rente ? - Frontaliers Grand Est<\/title>\n<meta name=\"description\" content=\"Auf dieser Seite erfahren Sie mehr \u00fcber die H\u00f6he der luxemburgischen und deutschen Rente, auch bei Fortsetzung der Erwerbst\u00e4tigkeit.\" \/>\n<meta name=\"robots\" content=\"index, follow, max-snippet:-1, max-image-preview:large, max-video-preview:-1\" \/>\n<link rel=\"canonical\" href=\"https:\/\/frontaliers-grandest.eu\/de\/startseite\/grenzganger\/deutschland-luxemburg\/sozialversicherung\/die-rentenversicherung\/wie-berechnet-sich-meine-rente\/\" \/>\n<meta property=\"og:locale\" content=\"de_DE\" \/>\n<meta property=\"og:type\" content=\"article\" \/>\n<meta property=\"og:title\" content=\"Wie berechnet sich meine Rente ? - Frontaliers Grand Est\" \/>\n<meta property=\"og:description\" content=\"Auf dieser Seite erfahren Sie mehr \u00fcber die H\u00f6he der luxemburgischen und deutschen Rente, auch bei Fortsetzung der Erwerbst\u00e4tigkeit.\" \/>\n<meta property=\"og:url\" content=\"https:\/\/frontaliers-grandest.eu\/de\/startseite\/grenzganger\/deutschland-luxemburg\/sozialversicherung\/die-rentenversicherung\/wie-berechnet-sich-meine-rente\/\" \/>\n<meta property=\"og:site_name\" content=\"Frontaliers Grand Est\" \/>\n<meta property=\"article:publisher\" content=\"https:\/\/www.facebook.com\/frontaliers.GR.EST\/?locale=fr_FR\" \/>\n<meta property=\"article:modified_time\" content=\"2026-02-23T11:39:24+00:00\" \/>\n<meta name=\"twitter:card\" content=\"summary_large_image\" \/>\n<meta name=\"twitter:label1\" content=\"Gesch\u00e4tzte Lesezeit\" \/>\n\t<meta name=\"twitter:data1\" content=\"5\u00a0Minuten\" \/>\n<script type=\"application\/ld+json\" class=\"yoast-schema-graph\">{\"@context\":\"https:\/\/schema.org\",\"@graph\":[{\"@type\":\"WebPage\",\"@id\":\"https:\/\/frontaliers-grandest.eu\/de\/startseite\/grenzganger\/deutschland-luxemburg\/sozialversicherung\/die-rentenversicherung\/wie-berechnet-sich-meine-rente\/\",\"url\":\"https:\/\/frontaliers-grandest.eu\/de\/startseite\/grenzganger\/deutschland-luxemburg\/sozialversicherung\/die-rentenversicherung\/wie-berechnet-sich-meine-rente\/\",\"name\":\"Wie berechnet sich meine Rente ? - Frontaliers Grand Est\",\"isPartOf\":{\"@id\":\"https:\/\/frontaliers-grandest.eu\/de\/#website\"},\"datePublished\":\"2021-06-15T14:20:34+00:00\",\"dateModified\":\"2026-02-23T11:39:24+00:00\",\"description\":\"Auf dieser Seite erfahren Sie mehr \u00fcber die H\u00f6he der luxemburgischen und deutschen Rente, auch bei Fortsetzung der Erwerbst\u00e4tigkeit.\",\"breadcrumb\":{\"@id\":\"https:\/\/frontaliers-grandest.eu\/de\/startseite\/grenzganger\/deutschland-luxemburg\/sozialversicherung\/die-rentenversicherung\/wie-berechnet-sich-meine-rente\/#breadcrumb\"},\"inLanguage\":\"de\",\"potentialAction\":[{\"@type\":\"ReadAction\",\"target\":[\"https:\/\/frontaliers-grandest.eu\/de\/startseite\/grenzganger\/deutschland-luxemburg\/sozialversicherung\/die-rentenversicherung\/wie-berechnet-sich-meine-rente\/\"]}]},{\"@type\":\"BreadcrumbList\",\"@id\":\"https:\/\/frontaliers-grandest.eu\/de\/startseite\/grenzganger\/deutschland-luxemburg\/sozialversicherung\/die-rentenversicherung\/wie-berechnet-sich-meine-rente\/#breadcrumb\",\"itemListElement\":[{\"@type\":\"ListItem\",\"position\":1,\"name\":\"Startseite\",\"item\":\"https:\/\/frontaliers-grandest.eu\/de\/\"},{\"@type\":\"ListItem\",\"position\":2,\"name\":\"Grenzg\u00e4nger\",\"item\":\"https:\/\/frontaliers-grandest.eu\/de\/startseite\/grenzganger\/\"},{\"@type\":\"ListItem\",\"position\":3,\"name\":\"Deutschland - Luxemburg\",\"item\":\"https:\/\/frontaliers-grandest.eu\/de\/startseite\/grenzganger\/deutschland-luxemburg\/\"},{\"@type\":\"ListItem\",\"position\":4,\"name\":\"Sozialversicherung in Luxemburg\",\"item\":\"https:\/\/frontaliers-grandest.eu\/de\/startseite\/grenzganger\/deutschland-luxemburg\/sozialversicherung\/\"},{\"@type\":\"ListItem\",\"position\":5,\"name\":\"Die Rentenversicherung\",\"item\":\"https:\/\/frontaliers-grandest.eu\/de\/startseite\/grenzganger\/deutschland-luxemburg\/sozialversicherung\/die-rentenversicherung\/\"},{\"@type\":\"ListItem\",\"position\":6,\"name\":\"Wie berechnet sich meine Rente ?\"}]},{\"@type\":\"WebSite\",\"@id\":\"https:\/\/frontaliers-grandest.eu\/de\/#website\",\"url\":\"https:\/\/frontaliers-grandest.eu\/de\/\",\"name\":\"Frontaliers Grand Est\",\"description\":\"Le site ressource du travail frontalier\",\"publisher\":{\"@id\":\"https:\/\/frontaliers-grandest.eu\/de\/#organization\"},\"alternateName\":\"Frontaliers Grand Est\",\"potentialAction\":[{\"@type\":\"SearchAction\",\"target\":{\"@type\":\"EntryPoint\",\"urlTemplate\":\"https:\/\/frontaliers-grandest.eu\/de\/?s={search_term_string}\"},\"query-input\":{\"@type\":\"PropertyValueSpecification\",\"valueRequired\":true,\"valueName\":\"search_term_string\"}}],\"inLanguage\":\"de\"},{\"@type\":\"Organization\",\"@id\":\"https:\/\/frontaliers-grandest.eu\/de\/#organization\",\"name\":\"Frontaliers Grand Est\",\"alternateName\":\"Frontaliers Grand Est\",\"url\":\"https:\/\/frontaliers-grandest.eu\/de\/\",\"logo\":{\"@type\":\"ImageObject\",\"inLanguage\":\"de\",\"@id\":\"https:\/\/frontaliers-grandest.eu\/de\/#\/schema\/logo\/image\/\",\"url\":\"https:\/\/frontaliers-grandest.eu\/wp-content\/uploads\/2025\/07\/260328234_2966785176920310_3332838526503858160_n.jpg\",\"contentUrl\":\"https:\/\/frontaliers-grandest.eu\/wp-content\/uploads\/2025\/07\/260328234_2966785176920310_3332838526503858160_n.jpg\",\"width\":396,\"height\":396,\"caption\":\"Frontaliers Grand Est\"},\"image\":{\"@id\":\"https:\/\/frontaliers-grandest.eu\/de\/#\/schema\/logo\/image\/\"},\"sameAs\":[\"https:\/\/www.facebook.com\/frontaliers.GR.EST\/?locale=fr_FR\"]}]}<\/script>\n<!-- \/ Yoast SEO plugin. -->","yoast_head_json":{"title":"Wie berechnet sich meine Rente ? - Frontaliers Grand Est","description":"Auf dieser Seite erfahren Sie mehr \u00fcber die H\u00f6he der luxemburgischen und deutschen Rente, auch bei Fortsetzung der Erwerbst\u00e4tigkeit.","robots":{"index":"index","follow":"follow","max-snippet":"max-snippet:-1","max-image-preview":"max-image-preview:large","max-video-preview":"max-video-preview:-1"},"canonical":"https:\/\/frontaliers-grandest.eu\/de\/startseite\/grenzganger\/deutschland-luxemburg\/sozialversicherung\/die-rentenversicherung\/wie-berechnet-sich-meine-rente\/","og_locale":"de_DE","og_type":"article","og_title":"Wie berechnet sich meine Rente ? - Frontaliers Grand Est","og_description":"Auf dieser Seite erfahren Sie mehr \u00fcber die H\u00f6he der luxemburgischen und deutschen Rente, auch bei Fortsetzung der Erwerbst\u00e4tigkeit.","og_url":"https:\/\/frontaliers-grandest.eu\/de\/startseite\/grenzganger\/deutschland-luxemburg\/sozialversicherung\/die-rentenversicherung\/wie-berechnet-sich-meine-rente\/","og_site_name":"Frontaliers Grand Est","article_publisher":"https:\/\/www.facebook.com\/frontaliers.GR.EST\/?locale=fr_FR","article_modified_time":"2026-02-23T11:39:24+00:00","twitter_card":"summary_large_image","twitter_misc":{"Gesch\u00e4tzte Lesezeit":"5\u00a0Minuten"},"schema":{"@context":"https:\/\/schema.org","@graph":[{"@type":"WebPage","@id":"https:\/\/frontaliers-grandest.eu\/de\/startseite\/grenzganger\/deutschland-luxemburg\/sozialversicherung\/die-rentenversicherung\/wie-berechnet-sich-meine-rente\/","url":"https:\/\/frontaliers-grandest.eu\/de\/startseite\/grenzganger\/deutschland-luxemburg\/sozialversicherung\/die-rentenversicherung\/wie-berechnet-sich-meine-rente\/","name":"Wie berechnet sich meine Rente ? - Frontaliers Grand Est","isPartOf":{"@id":"https:\/\/frontaliers-grandest.eu\/de\/#website"},"datePublished":"2021-06-15T14:20:34+00:00","dateModified":"2026-02-23T11:39:24+00:00","description":"Auf dieser Seite erfahren Sie mehr \u00fcber die H\u00f6he der luxemburgischen und deutschen Rente, auch bei Fortsetzung der Erwerbst\u00e4tigkeit.","breadcrumb":{"@id":"https:\/\/frontaliers-grandest.eu\/de\/startseite\/grenzganger\/deutschland-luxemburg\/sozialversicherung\/die-rentenversicherung\/wie-berechnet-sich-meine-rente\/#breadcrumb"},"inLanguage":"de","potentialAction":[{"@type":"ReadAction","target":["https:\/\/frontaliers-grandest.eu\/de\/startseite\/grenzganger\/deutschland-luxemburg\/sozialversicherung\/die-rentenversicherung\/wie-berechnet-sich-meine-rente\/"]}]},{"@type":"BreadcrumbList","@id":"https:\/\/frontaliers-grandest.eu\/de\/startseite\/grenzganger\/deutschland-luxemburg\/sozialversicherung\/die-rentenversicherung\/wie-berechnet-sich-meine-rente\/#breadcrumb","itemListElement":[{"@type":"ListItem","position":1,"name":"Startseite","item":"https:\/\/frontaliers-grandest.eu\/de\/"},{"@type":"ListItem","position":2,"name":"Grenzg\u00e4nger","item":"https:\/\/frontaliers-grandest.eu\/de\/startseite\/grenzganger\/"},{"@type":"ListItem","position":3,"name":"Deutschland - Luxemburg","item":"https:\/\/frontaliers-grandest.eu\/de\/startseite\/grenzganger\/deutschland-luxemburg\/"},{"@type":"ListItem","position":4,"name":"Sozialversicherung in Luxemburg","item":"https:\/\/frontaliers-grandest.eu\/de\/startseite\/grenzganger\/deutschland-luxemburg\/sozialversicherung\/"},{"@type":"ListItem","position":5,"name":"Die Rentenversicherung","item":"https:\/\/frontaliers-grandest.eu\/de\/startseite\/grenzganger\/deutschland-luxemburg\/sozialversicherung\/die-rentenversicherung\/"},{"@type":"ListItem","position":6,"name":"Wie berechnet sich meine Rente ?"}]},{"@type":"WebSite","@id":"https:\/\/frontaliers-grandest.eu\/de\/#website","url":"https:\/\/frontaliers-grandest.eu\/de\/","name":"Frontaliers Grand Est","description":"Le site ressource du travail frontalier","publisher":{"@id":"https:\/\/frontaliers-grandest.eu\/de\/#organization"},"alternateName":"Frontaliers Grand Est","potentialAction":[{"@type":"SearchAction","target":{"@type":"EntryPoint","urlTemplate":"https:\/\/frontaliers-grandest.eu\/de\/?s={search_term_string}"},"query-input":{"@type":"PropertyValueSpecification","valueRequired":true,"valueName":"search_term_string"}}],"inLanguage":"de"},{"@type":"Organization","@id":"https:\/\/frontaliers-grandest.eu\/de\/#organization","name":"Frontaliers Grand Est","alternateName":"Frontaliers Grand Est","url":"https:\/\/frontaliers-grandest.eu\/de\/","logo":{"@type":"ImageObject","inLanguage":"de","@id":"https:\/\/frontaliers-grandest.eu\/de\/#\/schema\/logo\/image\/","url":"https:\/\/frontaliers-grandest.eu\/wp-content\/uploads\/2025\/07\/260328234_2966785176920310_3332838526503858160_n.jpg","contentUrl":"https:\/\/frontaliers-grandest.eu\/wp-content\/uploads\/2025\/07\/260328234_2966785176920310_3332838526503858160_n.jpg","width":396,"height":396,"caption":"Frontaliers Grand Est"},"image":{"@id":"https:\/\/frontaliers-grandest.eu\/de\/#\/schema\/logo\/image\/"},"sameAs":["https:\/\/www.facebook.com\/frontaliers.GR.EST\/?locale=fr_FR"]}]}},"frge_page_order":"0","_links":{"self":[{"href":"https:\/\/frontaliers-grandest.eu\/de\/wp-json\/wp\/v2\/pages\/8743","targetHints":{"allow":["GET"]}}],"collection":[{"href":"https:\/\/frontaliers-grandest.eu\/de\/wp-json\/wp\/v2\/pages"}],"about":[{"href":"https:\/\/frontaliers-grandest.eu\/de\/wp-json\/wp\/v2\/types\/page"}],"author":[{"embeddable":true,"href":"https:\/\/frontaliers-grandest.eu\/de\/wp-json\/wp\/v2\/users\/7"}],"replies":[{"embeddable":true,"href":"https:\/\/frontaliers-grandest.eu\/de\/wp-json\/wp\/v2\/comments?post=8743"}],"version-history":[{"count":4,"href":"https:\/\/frontaliers-grandest.eu\/de\/wp-json\/wp\/v2\/pages\/8743\/revisions"}],"predecessor-version":[{"id":57848,"href":"https:\/\/frontaliers-grandest.eu\/de\/wp-json\/wp\/v2\/pages\/8743\/revisions\/57848"}],"up":[{"embeddable":true,"href":"https:\/\/frontaliers-grandest.eu\/de\/wp-json\/wp\/v2\/pages\/8736"}],"wp:attachment":[{"href":"https:\/\/frontaliers-grandest.eu\/de\/wp-json\/wp\/v2\/media?parent=8743"}],"wp:term":[{"taxonomy":"post_tag","embeddable":true,"href":"https:\/\/frontaliers-grandest.eu\/de\/wp-json\/wp\/v2\/tags?post=8743"},{"taxonomy":"frge_profile","embeddable":true,"href":"https:\/\/frontaliers-grandest.eu\/de\/wp-json\/wp\/v2\/frge_profile?post=8743"}],"curies":[{"name":"wp","href":"https:\/\/api.w.org\/{rel}","templated":true}]}}