{"id":8727,"date":"2021-06-15T15:46:28","date_gmt":"2021-06-15T13:46:28","guid":{"rendered":"https:\/\/frontaliers-grandest.eu\/?page_id=8727"},"modified":"2026-03-12T11:42:49","modified_gmt":"2026-03-12T10:42:49","slug":"sie-sind-arbeitsunfahig-und-erreichen-die-altergrenze-fur-die-altersrente","status":"publish","type":"page","link":"https:\/\/frontaliers-grandest.eu\/de\/startseite\/grenzganger\/deutschland-luxemburg\/sozialversicherung\/die-invaliditatsversicherung\/sie-sind-arbeitsunfahig-und-erreichen-die-altergrenze-fur-die-altersrente\/","title":{"rendered":"Sie sind arbeitsunf\u00e4hig und erreichen die Altergrenze f\u00fcr die Altersrente"},"content":{"rendered":"\n<p><strong>Mit Erreichen des 65. Lebensjahres wird die luxemburgische Invalidit\u00e4tsrente des Versicherten automatisch in eine Altersrente umgewandelt.<\/strong><\/p>\n\n\n\n<p>Falls die verschiedenen Voraussetzungen von allen nationalen Gesetzgebungen f\u00fcr eine Altersrente nicht erf\u00fcllt sind, wird die Altersrente nur von den Staaten gezahlt, die die Voraussetzungen erf\u00fcllen. Die anderen L\u00e4nder werden eine Invalidenrente weiter zahlen.<\/p>\n","protected":false},"excerpt":{"rendered":"<p>Mit Erreichen des 65. Lebensjahres wird die luxemburgische Invalidit\u00e4tsrente des Versicherten automatisch in eine Altersrente umgewandelt. Falls die verschiedenen Voraussetzungen von allen nationalen Gesetzgebungen f\u00fcr eine Altersrente nicht erf\u00fcllt sind, wird die Altersrente nur von den Staaten gezahlt, die die Voraussetzungen erf\u00fcllen. Die anderen L\u00e4nder werden eine Invalidenrente weiter zahlen.<\/p>\n","protected":false},"author":7,"featured_media":0,"parent":8718,"menu_order":3,"comment_status":"closed","ping_status":"closed","template":"","meta":{"inline_featured_image":false,"footnotes":""},"tags":[461,857,883,517,454],"frge_profile":[225],"class_list":["post-8727","page","type-page","status-publish","hentry","tag-arbeitnehmer","tag-die-invalidenversicherung","tag-die-rentenversicherung","tag-grengaenger","tag-luxemburg","frge_profile-arbeitnehmer"],"yoast_head":"<!-- This site is optimized with the Yoast SEO plugin v27.1.1 - https:\/\/yoast.com\/product\/yoast-seo-wordpress\/ -->\n<title>Sie sind arbeitsunf\u00e4hig und erreichen die Altergrenze f\u00fcr die Altersrente - Frontaliers Grand Est<\/title>\n<meta name=\"description\" content=\"Auf dieser Seite erfahren Sie, welche Regeln gelten, wenn Sie eine deutsche und\/oder luxemburgische Invalidit\u00e4tsrente beziehen und sich dem Rentenalter n\u00e4hern.\" \/>\n<meta name=\"robots\" content=\"index, follow, max-snippet:-1, max-image-preview:large, max-video-preview:-1\" \/>\n<link rel=\"canonical\" href=\"https:\/\/frontaliers-grandest.eu\/de\/startseite\/grenzganger\/deutschland-luxemburg\/sozialversicherung\/die-invaliditatsversicherung\/sie-sind-arbeitsunfahig-und-erreichen-die-altergrenze-fur-die-altersrente\/\" \/>\n<meta property=\"og:locale\" content=\"de_DE\" \/>\n<meta property=\"og:type\" content=\"article\" \/>\n<meta property=\"og:title\" content=\"Sie sind arbeitsunf\u00e4hig und erreichen die Altergrenze f\u00fcr die Altersrente - Frontaliers Grand Est\" \/>\n<meta property=\"og:description\" content=\"Auf dieser Seite erfahren Sie, welche Regeln gelten, wenn Sie eine deutsche und\/oder luxemburgische Invalidit\u00e4tsrente beziehen und sich dem Rentenalter n\u00e4hern.\" \/>\n<meta property=\"og:url\" content=\"https:\/\/frontaliers-grandest.eu\/de\/startseite\/grenzganger\/deutschland-luxemburg\/sozialversicherung\/die-invaliditatsversicherung\/sie-sind-arbeitsunfahig-und-erreichen-die-altergrenze-fur-die-altersrente\/\" \/>\n<meta property=\"og:site_name\" content=\"Frontaliers Grand Est\" \/>\n<meta property=\"article:publisher\" content=\"https:\/\/www.facebook.com\/frontaliers.GR.EST\/?locale=fr_FR\" \/>\n<meta property=\"article:modified_time\" content=\"2026-03-12T10:42:49+00:00\" \/>\n<meta name=\"twitter:card\" content=\"summary_large_image\" \/>\n<meta name=\"twitter:label1\" content=\"Gesch\u00e4tzte Lesezeit\" \/>\n\t<meta name=\"twitter:data1\" content=\"1\u00a0Minute\" \/>\n<script type=\"application\/ld+json\" class=\"yoast-schema-graph\">{\"@context\":\"https:\/\/schema.org\",\"@graph\":[{\"@type\":\"WebPage\",\"@id\":\"https:\/\/frontaliers-grandest.eu\/de\/startseite\/grenzganger\/deutschland-luxemburg\/sozialversicherung\/die-invaliditatsversicherung\/sie-sind-arbeitsunfahig-und-erreichen-die-altergrenze-fur-die-altersrente\/\",\"url\":\"https:\/\/frontaliers-grandest.eu\/de\/startseite\/grenzganger\/deutschland-luxemburg\/sozialversicherung\/die-invaliditatsversicherung\/sie-sind-arbeitsunfahig-und-erreichen-die-altergrenze-fur-die-altersrente\/\",\"name\":\"Sie sind arbeitsunf\u00e4hig und erreichen die Altergrenze f\u00fcr die Altersrente - Frontaliers Grand Est\",\"isPartOf\":{\"@id\":\"https:\/\/frontaliers-grandest.eu\/de\/#website\"},\"datePublished\":\"2021-06-15T13:46:28+00:00\",\"dateModified\":\"2026-03-12T10:42:49+00:00\",\"description\":\"Auf dieser Seite erfahren Sie, welche Regeln gelten, wenn Sie eine deutsche und\/oder luxemburgische Invalidit\u00e4tsrente beziehen und sich dem Rentenalter n\u00e4hern.\",\"breadcrumb\":{\"@id\":\"https:\/\/frontaliers-grandest.eu\/de\/startseite\/grenzganger\/deutschland-luxemburg\/sozialversicherung\/die-invaliditatsversicherung\/sie-sind-arbeitsunfahig-und-erreichen-die-altergrenze-fur-die-altersrente\/#breadcrumb\"},\"inLanguage\":\"de\",\"potentialAction\":[{\"@type\":\"ReadAction\",\"target\":[\"https:\/\/frontaliers-grandest.eu\/de\/startseite\/grenzganger\/deutschland-luxemburg\/sozialversicherung\/die-invaliditatsversicherung\/sie-sind-arbeitsunfahig-und-erreichen-die-altergrenze-fur-die-altersrente\/\"]}]},{\"@type\":\"BreadcrumbList\",\"@id\":\"https:\/\/frontaliers-grandest.eu\/de\/startseite\/grenzganger\/deutschland-luxemburg\/sozialversicherung\/die-invaliditatsversicherung\/sie-sind-arbeitsunfahig-und-erreichen-die-altergrenze-fur-die-altersrente\/#breadcrumb\",\"itemListElement\":[{\"@type\":\"ListItem\",\"position\":1,\"name\":\"Startseite\",\"item\":\"https:\/\/frontaliers-grandest.eu\/de\/\"},{\"@type\":\"ListItem\",\"position\":2,\"name\":\"Grenzg\u00e4nger\",\"item\":\"https:\/\/frontaliers-grandest.eu\/de\/startseite\/grenzganger\/\"},{\"@type\":\"ListItem\",\"position\":3,\"name\":\"Deutschland - Luxemburg\",\"item\":\"https:\/\/frontaliers-grandest.eu\/de\/startseite\/grenzganger\/deutschland-luxemburg\/\"},{\"@type\":\"ListItem\",\"position\":4,\"name\":\"Sozialversicherung in Luxemburg\",\"item\":\"https:\/\/frontaliers-grandest.eu\/de\/startseite\/grenzganger\/deutschland-luxemburg\/sozialversicherung\/\"},{\"@type\":\"ListItem\",\"position\":5,\"name\":\"Die Invalidit\u00e4tsversicherung\",\"item\":\"https:\/\/frontaliers-grandest.eu\/de\/startseite\/grenzganger\/deutschland-luxemburg\/sozialversicherung\/die-invaliditatsversicherung\/\"},{\"@type\":\"ListItem\",\"position\":6,\"name\":\"Sie sind arbeitsunf\u00e4hig und erreichen die Altergrenze f\u00fcr die Altersrente\"}]},{\"@type\":\"WebSite\",\"@id\":\"https:\/\/frontaliers-grandest.eu\/de\/#website\",\"url\":\"https:\/\/frontaliers-grandest.eu\/de\/\",\"name\":\"Frontaliers Grand Est\",\"description\":\"Le site ressource du travail frontalier\",\"publisher\":{\"@id\":\"https:\/\/frontaliers-grandest.eu\/de\/#organization\"},\"alternateName\":\"Frontaliers Grand Est\",\"potentialAction\":[{\"@type\":\"SearchAction\",\"target\":{\"@type\":\"EntryPoint\",\"urlTemplate\":\"https:\/\/frontaliers-grandest.eu\/de\/?s={search_term_string}\"},\"query-input\":{\"@type\":\"PropertyValueSpecification\",\"valueRequired\":true,\"valueName\":\"search_term_string\"}}],\"inLanguage\":\"de\"},{\"@type\":\"Organization\",\"@id\":\"https:\/\/frontaliers-grandest.eu\/de\/#organization\",\"name\":\"Frontaliers Grand Est\",\"alternateName\":\"Frontaliers Grand Est\",\"url\":\"https:\/\/frontaliers-grandest.eu\/de\/\",\"logo\":{\"@type\":\"ImageObject\",\"inLanguage\":\"de\",\"@id\":\"https:\/\/frontaliers-grandest.eu\/de\/#\/schema\/logo\/image\/\",\"url\":\"https:\/\/frontaliers-grandest.eu\/wp-content\/uploads\/2025\/07\/260328234_2966785176920310_3332838526503858160_n.jpg\",\"contentUrl\":\"https:\/\/frontaliers-grandest.eu\/wp-content\/uploads\/2025\/07\/260328234_2966785176920310_3332838526503858160_n.jpg\",\"width\":396,\"height\":396,\"caption\":\"Frontaliers Grand Est\"},\"image\":{\"@id\":\"https:\/\/frontaliers-grandest.eu\/de\/#\/schema\/logo\/image\/\"},\"sameAs\":[\"https:\/\/www.facebook.com\/frontaliers.GR.EST\/?locale=fr_FR\"]}]}<\/script>\n<!-- \/ Yoast SEO plugin. -->","yoast_head_json":{"title":"Sie sind arbeitsunf\u00e4hig und erreichen die Altergrenze f\u00fcr die Altersrente - Frontaliers Grand Est","description":"Auf dieser Seite erfahren Sie, welche Regeln gelten, wenn Sie eine deutsche und\/oder luxemburgische Invalidit\u00e4tsrente beziehen und sich dem Rentenalter n\u00e4hern.","robots":{"index":"index","follow":"follow","max-snippet":"max-snippet:-1","max-image-preview":"max-image-preview:large","max-video-preview":"max-video-preview:-1"},"canonical":"https:\/\/frontaliers-grandest.eu\/de\/startseite\/grenzganger\/deutschland-luxemburg\/sozialversicherung\/die-invaliditatsversicherung\/sie-sind-arbeitsunfahig-und-erreichen-die-altergrenze-fur-die-altersrente\/","og_locale":"de_DE","og_type":"article","og_title":"Sie sind arbeitsunf\u00e4hig und erreichen die Altergrenze f\u00fcr die Altersrente - Frontaliers Grand Est","og_description":"Auf dieser Seite erfahren Sie, welche Regeln gelten, wenn Sie eine deutsche und\/oder luxemburgische Invalidit\u00e4tsrente beziehen und sich dem Rentenalter n\u00e4hern.","og_url":"https:\/\/frontaliers-grandest.eu\/de\/startseite\/grenzganger\/deutschland-luxemburg\/sozialversicherung\/die-invaliditatsversicherung\/sie-sind-arbeitsunfahig-und-erreichen-die-altergrenze-fur-die-altersrente\/","og_site_name":"Frontaliers Grand Est","article_publisher":"https:\/\/www.facebook.com\/frontaliers.GR.EST\/?locale=fr_FR","article_modified_time":"2026-03-12T10:42:49+00:00","twitter_card":"summary_large_image","twitter_misc":{"Gesch\u00e4tzte Lesezeit":"1\u00a0Minute"},"schema":{"@context":"https:\/\/schema.org","@graph":[{"@type":"WebPage","@id":"https:\/\/frontaliers-grandest.eu\/de\/startseite\/grenzganger\/deutschland-luxemburg\/sozialversicherung\/die-invaliditatsversicherung\/sie-sind-arbeitsunfahig-und-erreichen-die-altergrenze-fur-die-altersrente\/","url":"https:\/\/frontaliers-grandest.eu\/de\/startseite\/grenzganger\/deutschland-luxemburg\/sozialversicherung\/die-invaliditatsversicherung\/sie-sind-arbeitsunfahig-und-erreichen-die-altergrenze-fur-die-altersrente\/","name":"Sie sind arbeitsunf\u00e4hig und erreichen die Altergrenze f\u00fcr die Altersrente - Frontaliers Grand Est","isPartOf":{"@id":"https:\/\/frontaliers-grandest.eu\/de\/#website"},"datePublished":"2021-06-15T13:46:28+00:00","dateModified":"2026-03-12T10:42:49+00:00","description":"Auf dieser Seite erfahren Sie, welche Regeln gelten, wenn Sie eine deutsche und\/oder luxemburgische Invalidit\u00e4tsrente beziehen und sich dem Rentenalter n\u00e4hern.","breadcrumb":{"@id":"https:\/\/frontaliers-grandest.eu\/de\/startseite\/grenzganger\/deutschland-luxemburg\/sozialversicherung\/die-invaliditatsversicherung\/sie-sind-arbeitsunfahig-und-erreichen-die-altergrenze-fur-die-altersrente\/#breadcrumb"},"inLanguage":"de","potentialAction":[{"@type":"ReadAction","target":["https:\/\/frontaliers-grandest.eu\/de\/startseite\/grenzganger\/deutschland-luxemburg\/sozialversicherung\/die-invaliditatsversicherung\/sie-sind-arbeitsunfahig-und-erreichen-die-altergrenze-fur-die-altersrente\/"]}]},{"@type":"BreadcrumbList","@id":"https:\/\/frontaliers-grandest.eu\/de\/startseite\/grenzganger\/deutschland-luxemburg\/sozialversicherung\/die-invaliditatsversicherung\/sie-sind-arbeitsunfahig-und-erreichen-die-altergrenze-fur-die-altersrente\/#breadcrumb","itemListElement":[{"@type":"ListItem","position":1,"name":"Startseite","item":"https:\/\/frontaliers-grandest.eu\/de\/"},{"@type":"ListItem","position":2,"name":"Grenzg\u00e4nger","item":"https:\/\/frontaliers-grandest.eu\/de\/startseite\/grenzganger\/"},{"@type":"ListItem","position":3,"name":"Deutschland - Luxemburg","item":"https:\/\/frontaliers-grandest.eu\/de\/startseite\/grenzganger\/deutschland-luxemburg\/"},{"@type":"ListItem","position":4,"name":"Sozialversicherung in Luxemburg","item":"https:\/\/frontaliers-grandest.eu\/de\/startseite\/grenzganger\/deutschland-luxemburg\/sozialversicherung\/"},{"@type":"ListItem","position":5,"name":"Die Invalidit\u00e4tsversicherung","item":"https:\/\/frontaliers-grandest.eu\/de\/startseite\/grenzganger\/deutschland-luxemburg\/sozialversicherung\/die-invaliditatsversicherung\/"},{"@type":"ListItem","position":6,"name":"Sie sind arbeitsunf\u00e4hig und erreichen die Altergrenze f\u00fcr die Altersrente"}]},{"@type":"WebSite","@id":"https:\/\/frontaliers-grandest.eu\/de\/#website","url":"https:\/\/frontaliers-grandest.eu\/de\/","name":"Frontaliers Grand Est","description":"Le site ressource du travail frontalier","publisher":{"@id":"https:\/\/frontaliers-grandest.eu\/de\/#organization"},"alternateName":"Frontaliers Grand Est","potentialAction":[{"@type":"SearchAction","target":{"@type":"EntryPoint","urlTemplate":"https:\/\/frontaliers-grandest.eu\/de\/?s={search_term_string}"},"query-input":{"@type":"PropertyValueSpecification","valueRequired":true,"valueName":"search_term_string"}}],"inLanguage":"de"},{"@type":"Organization","@id":"https:\/\/frontaliers-grandest.eu\/de\/#organization","name":"Frontaliers Grand Est","alternateName":"Frontaliers Grand Est","url":"https:\/\/frontaliers-grandest.eu\/de\/","logo":{"@type":"ImageObject","inLanguage":"de","@id":"https:\/\/frontaliers-grandest.eu\/de\/#\/schema\/logo\/image\/","url":"https:\/\/frontaliers-grandest.eu\/wp-content\/uploads\/2025\/07\/260328234_2966785176920310_3332838526503858160_n.jpg","contentUrl":"https:\/\/frontaliers-grandest.eu\/wp-content\/uploads\/2025\/07\/260328234_2966785176920310_3332838526503858160_n.jpg","width":396,"height":396,"caption":"Frontaliers Grand Est"},"image":{"@id":"https:\/\/frontaliers-grandest.eu\/de\/#\/schema\/logo\/image\/"},"sameAs":["https:\/\/www.facebook.com\/frontaliers.GR.EST\/?locale=fr_FR"]}]}},"frge_page_order":"0","_links":{"self":[{"href":"https:\/\/frontaliers-grandest.eu\/de\/wp-json\/wp\/v2\/pages\/8727","targetHints":{"allow":["GET"]}}],"collection":[{"href":"https:\/\/frontaliers-grandest.eu\/de\/wp-json\/wp\/v2\/pages"}],"about":[{"href":"https:\/\/frontaliers-grandest.eu\/de\/wp-json\/wp\/v2\/types\/page"}],"author":[{"embeddable":true,"href":"https:\/\/frontaliers-grandest.eu\/de\/wp-json\/wp\/v2\/users\/7"}],"replies":[{"embeddable":true,"href":"https:\/\/frontaliers-grandest.eu\/de\/wp-json\/wp\/v2\/comments?post=8727"}],"version-history":[{"count":2,"href":"https:\/\/frontaliers-grandest.eu\/de\/wp-json\/wp\/v2\/pages\/8727\/revisions"}],"predecessor-version":[{"id":58403,"href":"https:\/\/frontaliers-grandest.eu\/de\/wp-json\/wp\/v2\/pages\/8727\/revisions\/58403"}],"up":[{"embeddable":true,"href":"https:\/\/frontaliers-grandest.eu\/de\/wp-json\/wp\/v2\/pages\/8718"}],"wp:attachment":[{"href":"https:\/\/frontaliers-grandest.eu\/de\/wp-json\/wp\/v2\/media?parent=8727"}],"wp:term":[{"taxonomy":"post_tag","embeddable":true,"href":"https:\/\/frontaliers-grandest.eu\/de\/wp-json\/wp\/v2\/tags?post=8727"},{"taxonomy":"frge_profile","embeddable":true,"href":"https:\/\/frontaliers-grandest.eu\/de\/wp-json\/wp\/v2\/frge_profile?post=8727"}],"curies":[{"name":"wp","href":"https:\/\/api.w.org\/{rel}","templated":true}]}}