{"id":8725,"date":"2021-06-15T15:45:11","date_gmt":"2021-06-15T13:45:11","guid":{"rendered":"https:\/\/frontaliers-grandest.eu\/?page_id=8725"},"modified":"2026-03-11T17:00:46","modified_gmt":"2026-03-11T16:00:46","slug":"wie-werden-mein-erwerbsminderungsgrand-und-die-mir-zustanden-leistungen-bestimm","status":"publish","type":"page","link":"https:\/\/frontaliers-grandest.eu\/de\/startseite\/grenzganger\/deutschland-luxemburg\/sozialversicherung\/die-invaliditatsversicherung\/wie-werden-mein-erwerbsminderungsgrand-und-die-mir-zustanden-leistungen-bestimm\/","title":{"rendered":"Wie werden mein Erwerbsminderungsgrand und die mir zust\u00e4nden Leistungen bestimm?"},"content":{"rendered":"\n<h3 class=\"wp-block-heading\"><strong>Der Erwerbminderungsgrad&nbsp;<\/strong><\/h3>\n\n\n\n<p>Die Entscheidung eines Tr\u00e4gers eines Mitgliedslandes bez\u00fcglich des Grades der Erwerbsminderung&nbsp;<strong>ist nicht automatisch f\u00fcr die Tr\u00e4ger der anderen Mitgliedsl\u00e4nder bindend.<\/strong><\/p>\n\n\n\n<p>Es ist z.B. m\u00f6glich, im Besch\u00e4ftigungsland als erwerbsgemindert anerkannt und gleichzeitig im Wohnsitzland als arbeitsf\u00e4hig angesehen zu werden.<\/p>\n\n\n\n<p>In Luxemburg beurteilt Ihren invalidit\u00e4tsstand der \u00ab&nbsp;Contr\u00f4le m\u00e9dical de la s\u00e9curit\u00e9 sociale&nbsp;\u00bb.<\/p>\n\n\n\n<p>In Deutschland werden<strong>&nbsp;Sie als berufsunf\u00e4hig betrachtet wenn Sie weniger als 6 Stunden pro Tag arbeiten k\u00f6nnen und wegen dieser Erwerbsminderung keine berufliche T\u00e4tigkeit auf dem Arbeitsmarkt finden k\u00f6nnen<\/strong>. Die Vollerwerbsminderung tritt ein wenn Sie&nbsp;<strong>weniger als 3 Stunden pro Tag arbeiten k\u00f6nnen.&nbsp;<\/strong>Wenn die Berufsunf\u00e4higkeit ist mehr als 3 Stunden aber weniger als 6 Stunden pro Tag, geht es um eine Teilerwerbminderung (3 Kategorien von Erwerbsminderung).<\/p>\n\n\n\n<h3 class=\"wp-block-heading\"><strong>Luxemburgische Invalidit\u00e4tsrente<\/strong><\/h3>\n\n\n\n<p>Die luxemburgische Rentenversicherungskasse<strong>&nbsp;berechnet die H\u00f6he der Invalidit\u00e4tsrente.<\/strong><\/p>\n\n\n\n<p>Die Invalidenpension wird je nach folgenden Pensionselementen bestimmt:<strong>&nbsp;Alter, Ihre verschiedenen Geh\u00e4lter und Betragsdauer<\/strong>.&nbsp;<strong>Achtung<\/strong>: je mehr haben Sie Sozialbetr\u00e4ge bezahlt, desto h\u00f6her wird Ihre Invalidit\u00e4tsrente.<\/p>\n\n\n\n<p>Der Versicherte hat Anspruch auf eine <strong>Mindestpension<\/strong>, die 90\u202f% des Referenzwertes betr\u00e4gt, wenn er eine <strong>Wartezeit von 40 Versicherungsjahren<\/strong> (bestehend aus Pflichtversicherung, Weiterversicherung oder fakultativer Versicherung, dem Nachkauf von Versicherungszeiten und Erg\u00e4nzungszeiten) nachweisen kann. Die <strong>monatliche Mindestpension f\u00fcr 40 Versicherungsjahre betr\u00e4gt 2.376,62\u202fEUR (Stand 01.01.2026)<\/strong>.<\/p>\n\n\n\n<div class=\"wp-block-buttons is-layout-flex wp-block-buttons-is-layout-flex\">\n<div class=\"wp-block-button\"><a class=\"wp-block-button__link wp-element-button\"><strong>Achtung<\/strong>: verschl\u00e4gt die Kasse einem Versicherten bis 50 Jahren die Rehabilitationsmassnahmen, ist der Versicherte verpflichtet die zu folgen, sonst kann die Rente entzogen werden.<\/a><\/div>\n<\/div>\n\n\n\n<h3 class=\"wp-block-heading\"><strong>Deutsche Erwerbminderungsrente<\/strong><\/h3>\n\n\n\n<p>Die medizinischen Voraussetzungen f\u00fcr eine Rente wegen Erwerbsminderung&nbsp;<strong>sind erf\u00fcllt, wenn Sie wegen Krankheit oder Behinderung weniger als 6 Stunden t\u00e4glich in allen Berufen arbeiten k\u00f6nnen.<\/strong><\/p>\n\n\n\n<p>Neben den medizinischen sind auch folgende versicherungsrechtliche Voraussetzungen erforderlich:<\/p>\n\n\n\n<ul class=\"wp-block-list\">\n<li><strong>In den letzten 5 Jahren vor Eintritt der Erwerbsminderung m\u00fcssen mindestens 3 Jahre mit Pflichtbeitr\u00e4gen f\u00fcr eine versicherte Besch\u00e4ftigung vorliegen<\/strong>\u00a0(sogenannte Wartezeit);<\/li>\n\n\n\n<li>die Rente bei voller Erwerbsminderung soll Ihren Verdienst weitestgehend ersetzen, wenn Sie auf dem allgemeinen Arbeitsmarkt auf nicht absehbare Zeit\u00a0<strong>weniger als 3 Stunden t\u00e4glich arbeiten k\u00f6nnen<\/strong>;<\/li>\n\n\n\n<li><strong>die Rente bei teilweiser Erwerbsminderung kommt f\u00fcr Sie in Betracht wenn Sie nur noch eingeschr\u00e4nkt arbeiten k\u00f6nnen<\/strong>;<\/li>\n\n\n\n<li><strong>Achtung: wenn Sie zwischen 3 und 6 Stunden t\u00e4glich erwerbst\u00e4tig sein k\u00f6nnen<\/strong>, aber arbeitslos sind, weil ein entsprechender Teilzeitarbeitsplatz nicht vorhanden ist, k\u00f6nnen Sie Anspruch auf Rente wegen voller Erwerbsminderung haben, obwohl Sie aus medizinischer Sicht nur teilweise erwerbsgemindert sind.<\/li>\n<\/ul>\n\n\n\n<p>Die H\u00f6he Ihres Hinzuverdienstes kann Einfluss auf die Rentenzahlung haben.&nbsp;<strong>Die Hinzuverdienstgrenzen werden meist individuell berechnet.&nbsp;<\/strong>Informieren Sie sich bitte bei Ihrem Rentenversicherungstr\u00e4ger.<\/p>\n\n\n\n<p>Wird&nbsp;<strong>Ihre voll- oder teilweise Erwerbsminderung anerkannt, werden Sie w\u00e4hrend Maximum 3 Jahre von Ihrer Kasse entsch\u00e4digt.<\/strong>&nbsp;Eine Verl\u00e4ngerung kann trotzdem in 3 Monaten vor der ersten 3-J\u00e4hrigen Frist nachgefragt werden.<\/p>\n\n\n\n<p>Die Verl\u00e4ngerung kann nur 2-mal f\u00fcr 3 Jahre stattfinden.&nbsp;<strong>So kann die Entsch\u00e4digung nicht die Maximaldauer von 9 Jahren \u00fcberschreiten<\/strong>. Verbessert sich Ihrer Gesundheitsstand nicht, wird diese&nbsp; vor\u00fcbergehende Rente in eine definitive Rente ge\u00e4ndert.<\/p>\n\n\n\n<p>Die H\u00f6he Ihrer Erwerbsminderungsrente h\u00e4ngt von mehreren Kriterien ab:<\/p>\n\n\n\n<ul class=\"wp-block-list\">\n<li><strong>Ihre pers\u00f6nlichen Entgeltpunkte<\/strong>\u00a0(PEP): das sind Ihre Verg\u00fctungspunkte, multipliziert mit dem \u00abZugangsfaktor\u00bb (1 f\u00fcr eine Rente im Alter von 65 oder 67 Jahren, je nach Geburtsjahr, &lt; 1 f\u00fcr eine vorzeitige Altersrente und > 1 f\u00fcr eine Rente nach dem 65. oder 67 Lebensjahr);<\/li>\n\n\n\n<li><strong>ein Multiplikator<\/strong>\u00a0(Rentenartfaktor: RAF): 1 f\u00fcr eine vollst\u00e4ndige Arbeitsunf\u00e4higkeit, 0,5 f\u00fcr eine teilweise Arbeitsunf\u00e4higkeit und 0,55 f\u00fcr eine Witwenrente;<\/li>\n\n\n\n<li><strong>und der aktuelle Wert einer Rente<\/strong>\u00a0(Aktueller Rentewert: AR) aus Beitr\u00e4gen, die von einem \u00fcber ein Jahr gezahlten Durchschnittseinkommen abgezogen werden: 40,79 \u20ac\/ Monat (ab 01\/07\/2025) in allen Bundesl\u00e4ndern (Ost und West).<\/li>\n<\/ul>\n\n\n\n<p><strong>Monatlicher Bruttobetrag der Rente = PEP X RAF X AR<\/strong><\/p>\n\n\n\n<p>Die Anhebung des Rentenalters von 65 auf 67 Jahre in Deutschland hat sich auch auf die deutsche Invalidit\u00e4t ausgewirkt:3 % pro Monat der Vorsch\u00fcsse werden schrittweise von 63 auf 65 Jahre erh\u00f6ht (f\u00fcr die ab 2012 gew\u00e4hrten Renten).<\/p>\n\n\n\n<p>F\u00fcr weitere Informationen zu Ihrer Rente k\u00f6nnen Sie sich an die \u00abDeutsche Rentenversicherung Saarland\u00bb unter 0049 681 30 93-0 wenden.<\/p>\n","protected":false},"excerpt":{"rendered":"<p>Der Erwerbminderungsgrad&nbsp; Die Entscheidung eines Tr\u00e4gers eines Mitgliedslandes bez\u00fcglich des Grades der Erwerbsminderung&nbsp;ist nicht automatisch f\u00fcr die Tr\u00e4ger der anderen Mitgliedsl\u00e4nder bindend. Es ist z.B. m\u00f6glich, im Besch\u00e4ftigungsland als erwerbsgemindert anerkannt und gleichzeitig im Wohnsitzland als arbeitsf\u00e4hig angesehen zu werden. In Luxemburg beurteilt Ihren invalidit\u00e4tsstand der \u00ab&nbsp;Contr\u00f4le m\u00e9dical de la s\u00e9curit\u00e9 sociale&nbsp;\u00bb. In Deutschland werden&nbsp;Sie [&hellip;]<\/p>\n","protected":false},"author":7,"featured_media":0,"parent":8718,"menu_order":2,"comment_status":"closed","ping_status":"closed","template":"","meta":{"inline_featured_image":false,"footnotes":""},"tags":[461,857,517,454],"frge_profile":[225],"class_list":["post-8725","page","type-page","status-publish","hentry","tag-arbeitnehmer","tag-die-invalidenversicherung","tag-grengaenger","tag-luxemburg","frge_profile-arbeitnehmer"],"yoast_head":"<!-- This site is optimized with the Yoast SEO plugin v27.1.1 - https:\/\/yoast.com\/product\/yoast-seo-wordpress\/ -->\n<title>Wie werden mein Erwerbsminderungsgrand und die mir zust\u00e4nden Leistungen bestimm? - Frontaliers Grand Est<\/title>\n<meta name=\"description\" content=\"Entdecken Sie die S\u00e4tze und Betr\u00e4ge der Invalidit\u00e4tsrente f\u00fcr Grenzg\u00e4nger, die in Luxemburg arbeiten.\" \/>\n<meta name=\"robots\" content=\"index, follow, max-snippet:-1, max-image-preview:large, max-video-preview:-1\" \/>\n<link rel=\"canonical\" href=\"https:\/\/frontaliers-grandest.eu\/de\/startseite\/grenzganger\/deutschland-luxemburg\/sozialversicherung\/die-invaliditatsversicherung\/wie-werden-mein-erwerbsminderungsgrand-und-die-mir-zustanden-leistungen-bestimm\/\" \/>\n<meta property=\"og:locale\" content=\"de_DE\" \/>\n<meta property=\"og:type\" content=\"article\" \/>\n<meta property=\"og:title\" content=\"Wie werden mein Erwerbsminderungsgrand und die mir zust\u00e4nden Leistungen bestimm? - Frontaliers Grand Est\" \/>\n<meta property=\"og:description\" content=\"Entdecken Sie die S\u00e4tze und Betr\u00e4ge der Invalidit\u00e4tsrente f\u00fcr Grenzg\u00e4nger, die in Luxemburg arbeiten.\" \/>\n<meta property=\"og:url\" content=\"https:\/\/frontaliers-grandest.eu\/de\/startseite\/grenzganger\/deutschland-luxemburg\/sozialversicherung\/die-invaliditatsversicherung\/wie-werden-mein-erwerbsminderungsgrand-und-die-mir-zustanden-leistungen-bestimm\/\" \/>\n<meta property=\"og:site_name\" content=\"Frontaliers Grand Est\" \/>\n<meta property=\"article:publisher\" content=\"https:\/\/www.facebook.com\/frontaliers.GR.EST\/?locale=fr_FR\" \/>\n<meta property=\"article:modified_time\" content=\"2026-03-11T16:00:46+00:00\" \/>\n<meta name=\"twitter:card\" content=\"summary_large_image\" \/>\n<meta name=\"twitter:label1\" content=\"Gesch\u00e4tzte Lesezeit\" \/>\n\t<meta name=\"twitter:data1\" content=\"4\u00a0Minuten\" \/>\n<script type=\"application\/ld+json\" class=\"yoast-schema-graph\">{\"@context\":\"https:\/\/schema.org\",\"@graph\":[{\"@type\":\"WebPage\",\"@id\":\"https:\/\/frontaliers-grandest.eu\/de\/startseite\/grenzganger\/deutschland-luxemburg\/sozialversicherung\/die-invaliditatsversicherung\/wie-werden-mein-erwerbsminderungsgrand-und-die-mir-zustanden-leistungen-bestimm\/\",\"url\":\"https:\/\/frontaliers-grandest.eu\/de\/startseite\/grenzganger\/deutschland-luxemburg\/sozialversicherung\/die-invaliditatsversicherung\/wie-werden-mein-erwerbsminderungsgrand-und-die-mir-zustanden-leistungen-bestimm\/\",\"name\":\"Wie werden mein Erwerbsminderungsgrand und die mir zust\u00e4nden Leistungen bestimm? - Frontaliers Grand Est\",\"isPartOf\":{\"@id\":\"https:\/\/frontaliers-grandest.eu\/de\/#website\"},\"datePublished\":\"2021-06-15T13:45:11+00:00\",\"dateModified\":\"2026-03-11T16:00:46+00:00\",\"description\":\"Entdecken Sie die S\u00e4tze und Betr\u00e4ge der Invalidit\u00e4tsrente f\u00fcr Grenzg\u00e4nger, die in Luxemburg arbeiten.\",\"breadcrumb\":{\"@id\":\"https:\/\/frontaliers-grandest.eu\/de\/startseite\/grenzganger\/deutschland-luxemburg\/sozialversicherung\/die-invaliditatsversicherung\/wie-werden-mein-erwerbsminderungsgrand-und-die-mir-zustanden-leistungen-bestimm\/#breadcrumb\"},\"inLanguage\":\"de\",\"potentialAction\":[{\"@type\":\"ReadAction\",\"target\":[\"https:\/\/frontaliers-grandest.eu\/de\/startseite\/grenzganger\/deutschland-luxemburg\/sozialversicherung\/die-invaliditatsversicherung\/wie-werden-mein-erwerbsminderungsgrand-und-die-mir-zustanden-leistungen-bestimm\/\"]}]},{\"@type\":\"BreadcrumbList\",\"@id\":\"https:\/\/frontaliers-grandest.eu\/de\/startseite\/grenzganger\/deutschland-luxemburg\/sozialversicherung\/die-invaliditatsversicherung\/wie-werden-mein-erwerbsminderungsgrand-und-die-mir-zustanden-leistungen-bestimm\/#breadcrumb\",\"itemListElement\":[{\"@type\":\"ListItem\",\"position\":1,\"name\":\"Startseite\",\"item\":\"https:\/\/frontaliers-grandest.eu\/de\/\"},{\"@type\":\"ListItem\",\"position\":2,\"name\":\"Grenzg\u00e4nger\",\"item\":\"https:\/\/frontaliers-grandest.eu\/de\/startseite\/grenzganger\/\"},{\"@type\":\"ListItem\",\"position\":3,\"name\":\"Deutschland - Luxemburg\",\"item\":\"https:\/\/frontaliers-grandest.eu\/de\/startseite\/grenzganger\/deutschland-luxemburg\/\"},{\"@type\":\"ListItem\",\"position\":4,\"name\":\"Sozialversicherung in Luxemburg\",\"item\":\"https:\/\/frontaliers-grandest.eu\/de\/startseite\/grenzganger\/deutschland-luxemburg\/sozialversicherung\/\"},{\"@type\":\"ListItem\",\"position\":5,\"name\":\"Die Invalidit\u00e4tsversicherung\",\"item\":\"https:\/\/frontaliers-grandest.eu\/de\/startseite\/grenzganger\/deutschland-luxemburg\/sozialversicherung\/die-invaliditatsversicherung\/\"},{\"@type\":\"ListItem\",\"position\":6,\"name\":\"Wie werden mein Erwerbsminderungsgrand und die mir zust\u00e4nden Leistungen bestimm?\"}]},{\"@type\":\"WebSite\",\"@id\":\"https:\/\/frontaliers-grandest.eu\/de\/#website\",\"url\":\"https:\/\/frontaliers-grandest.eu\/de\/\",\"name\":\"Frontaliers Grand Est\",\"description\":\"Le site ressource du travail frontalier\",\"publisher\":{\"@id\":\"https:\/\/frontaliers-grandest.eu\/de\/#organization\"},\"alternateName\":\"Frontaliers Grand Est\",\"potentialAction\":[{\"@type\":\"SearchAction\",\"target\":{\"@type\":\"EntryPoint\",\"urlTemplate\":\"https:\/\/frontaliers-grandest.eu\/de\/?s={search_term_string}\"},\"query-input\":{\"@type\":\"PropertyValueSpecification\",\"valueRequired\":true,\"valueName\":\"search_term_string\"}}],\"inLanguage\":\"de\"},{\"@type\":\"Organization\",\"@id\":\"https:\/\/frontaliers-grandest.eu\/de\/#organization\",\"name\":\"Frontaliers Grand Est\",\"alternateName\":\"Frontaliers Grand Est\",\"url\":\"https:\/\/frontaliers-grandest.eu\/de\/\",\"logo\":{\"@type\":\"ImageObject\",\"inLanguage\":\"de\",\"@id\":\"https:\/\/frontaliers-grandest.eu\/de\/#\/schema\/logo\/image\/\",\"url\":\"https:\/\/frontaliers-grandest.eu\/wp-content\/uploads\/2025\/07\/260328234_2966785176920310_3332838526503858160_n.jpg\",\"contentUrl\":\"https:\/\/frontaliers-grandest.eu\/wp-content\/uploads\/2025\/07\/260328234_2966785176920310_3332838526503858160_n.jpg\",\"width\":396,\"height\":396,\"caption\":\"Frontaliers Grand Est\"},\"image\":{\"@id\":\"https:\/\/frontaliers-grandest.eu\/de\/#\/schema\/logo\/image\/\"},\"sameAs\":[\"https:\/\/www.facebook.com\/frontaliers.GR.EST\/?locale=fr_FR\"]}]}<\/script>\n<!-- \/ Yoast SEO plugin. -->","yoast_head_json":{"title":"Wie werden mein Erwerbsminderungsgrand und die mir zust\u00e4nden Leistungen bestimm? - Frontaliers Grand Est","description":"Entdecken Sie die S\u00e4tze und Betr\u00e4ge der Invalidit\u00e4tsrente f\u00fcr Grenzg\u00e4nger, die in Luxemburg arbeiten.","robots":{"index":"index","follow":"follow","max-snippet":"max-snippet:-1","max-image-preview":"max-image-preview:large","max-video-preview":"max-video-preview:-1"},"canonical":"https:\/\/frontaliers-grandest.eu\/de\/startseite\/grenzganger\/deutschland-luxemburg\/sozialversicherung\/die-invaliditatsversicherung\/wie-werden-mein-erwerbsminderungsgrand-und-die-mir-zustanden-leistungen-bestimm\/","og_locale":"de_DE","og_type":"article","og_title":"Wie werden mein Erwerbsminderungsgrand und die mir zust\u00e4nden Leistungen bestimm? - Frontaliers Grand Est","og_description":"Entdecken Sie die S\u00e4tze und Betr\u00e4ge der Invalidit\u00e4tsrente f\u00fcr Grenzg\u00e4nger, die in Luxemburg arbeiten.","og_url":"https:\/\/frontaliers-grandest.eu\/de\/startseite\/grenzganger\/deutschland-luxemburg\/sozialversicherung\/die-invaliditatsversicherung\/wie-werden-mein-erwerbsminderungsgrand-und-die-mir-zustanden-leistungen-bestimm\/","og_site_name":"Frontaliers Grand Est","article_publisher":"https:\/\/www.facebook.com\/frontaliers.GR.EST\/?locale=fr_FR","article_modified_time":"2026-03-11T16:00:46+00:00","twitter_card":"summary_large_image","twitter_misc":{"Gesch\u00e4tzte Lesezeit":"4\u00a0Minuten"},"schema":{"@context":"https:\/\/schema.org","@graph":[{"@type":"WebPage","@id":"https:\/\/frontaliers-grandest.eu\/de\/startseite\/grenzganger\/deutschland-luxemburg\/sozialversicherung\/die-invaliditatsversicherung\/wie-werden-mein-erwerbsminderungsgrand-und-die-mir-zustanden-leistungen-bestimm\/","url":"https:\/\/frontaliers-grandest.eu\/de\/startseite\/grenzganger\/deutschland-luxemburg\/sozialversicherung\/die-invaliditatsversicherung\/wie-werden-mein-erwerbsminderungsgrand-und-die-mir-zustanden-leistungen-bestimm\/","name":"Wie werden mein Erwerbsminderungsgrand und die mir zust\u00e4nden Leistungen bestimm? - Frontaliers Grand Est","isPartOf":{"@id":"https:\/\/frontaliers-grandest.eu\/de\/#website"},"datePublished":"2021-06-15T13:45:11+00:00","dateModified":"2026-03-11T16:00:46+00:00","description":"Entdecken Sie die S\u00e4tze und Betr\u00e4ge der Invalidit\u00e4tsrente f\u00fcr Grenzg\u00e4nger, die in Luxemburg arbeiten.","breadcrumb":{"@id":"https:\/\/frontaliers-grandest.eu\/de\/startseite\/grenzganger\/deutschland-luxemburg\/sozialversicherung\/die-invaliditatsversicherung\/wie-werden-mein-erwerbsminderungsgrand-und-die-mir-zustanden-leistungen-bestimm\/#breadcrumb"},"inLanguage":"de","potentialAction":[{"@type":"ReadAction","target":["https:\/\/frontaliers-grandest.eu\/de\/startseite\/grenzganger\/deutschland-luxemburg\/sozialversicherung\/die-invaliditatsversicherung\/wie-werden-mein-erwerbsminderungsgrand-und-die-mir-zustanden-leistungen-bestimm\/"]}]},{"@type":"BreadcrumbList","@id":"https:\/\/frontaliers-grandest.eu\/de\/startseite\/grenzganger\/deutschland-luxemburg\/sozialversicherung\/die-invaliditatsversicherung\/wie-werden-mein-erwerbsminderungsgrand-und-die-mir-zustanden-leistungen-bestimm\/#breadcrumb","itemListElement":[{"@type":"ListItem","position":1,"name":"Startseite","item":"https:\/\/frontaliers-grandest.eu\/de\/"},{"@type":"ListItem","position":2,"name":"Grenzg\u00e4nger","item":"https:\/\/frontaliers-grandest.eu\/de\/startseite\/grenzganger\/"},{"@type":"ListItem","position":3,"name":"Deutschland - Luxemburg","item":"https:\/\/frontaliers-grandest.eu\/de\/startseite\/grenzganger\/deutschland-luxemburg\/"},{"@type":"ListItem","position":4,"name":"Sozialversicherung in Luxemburg","item":"https:\/\/frontaliers-grandest.eu\/de\/startseite\/grenzganger\/deutschland-luxemburg\/sozialversicherung\/"},{"@type":"ListItem","position":5,"name":"Die Invalidit\u00e4tsversicherung","item":"https:\/\/frontaliers-grandest.eu\/de\/startseite\/grenzganger\/deutschland-luxemburg\/sozialversicherung\/die-invaliditatsversicherung\/"},{"@type":"ListItem","position":6,"name":"Wie werden mein Erwerbsminderungsgrand und die mir zust\u00e4nden Leistungen bestimm?"}]},{"@type":"WebSite","@id":"https:\/\/frontaliers-grandest.eu\/de\/#website","url":"https:\/\/frontaliers-grandest.eu\/de\/","name":"Frontaliers Grand Est","description":"Le site ressource du travail frontalier","publisher":{"@id":"https:\/\/frontaliers-grandest.eu\/de\/#organization"},"alternateName":"Frontaliers Grand Est","potentialAction":[{"@type":"SearchAction","target":{"@type":"EntryPoint","urlTemplate":"https:\/\/frontaliers-grandest.eu\/de\/?s={search_term_string}"},"query-input":{"@type":"PropertyValueSpecification","valueRequired":true,"valueName":"search_term_string"}}],"inLanguage":"de"},{"@type":"Organization","@id":"https:\/\/frontaliers-grandest.eu\/de\/#organization","name":"Frontaliers Grand Est","alternateName":"Frontaliers Grand Est","url":"https:\/\/frontaliers-grandest.eu\/de\/","logo":{"@type":"ImageObject","inLanguage":"de","@id":"https:\/\/frontaliers-grandest.eu\/de\/#\/schema\/logo\/image\/","url":"https:\/\/frontaliers-grandest.eu\/wp-content\/uploads\/2025\/07\/260328234_2966785176920310_3332838526503858160_n.jpg","contentUrl":"https:\/\/frontaliers-grandest.eu\/wp-content\/uploads\/2025\/07\/260328234_2966785176920310_3332838526503858160_n.jpg","width":396,"height":396,"caption":"Frontaliers Grand Est"},"image":{"@id":"https:\/\/frontaliers-grandest.eu\/de\/#\/schema\/logo\/image\/"},"sameAs":["https:\/\/www.facebook.com\/frontaliers.GR.EST\/?locale=fr_FR"]}]}},"frge_page_order":"0","_links":{"self":[{"href":"https:\/\/frontaliers-grandest.eu\/de\/wp-json\/wp\/v2\/pages\/8725","targetHints":{"allow":["GET"]}}],"collection":[{"href":"https:\/\/frontaliers-grandest.eu\/de\/wp-json\/wp\/v2\/pages"}],"about":[{"href":"https:\/\/frontaliers-grandest.eu\/de\/wp-json\/wp\/v2\/types\/page"}],"author":[{"embeddable":true,"href":"https:\/\/frontaliers-grandest.eu\/de\/wp-json\/wp\/v2\/users\/7"}],"replies":[{"embeddable":true,"href":"https:\/\/frontaliers-grandest.eu\/de\/wp-json\/wp\/v2\/comments?post=8725"}],"version-history":[{"count":2,"href":"https:\/\/frontaliers-grandest.eu\/de\/wp-json\/wp\/v2\/pages\/8725\/revisions"}],"predecessor-version":[{"id":58365,"href":"https:\/\/frontaliers-grandest.eu\/de\/wp-json\/wp\/v2\/pages\/8725\/revisions\/58365"}],"up":[{"embeddable":true,"href":"https:\/\/frontaliers-grandest.eu\/de\/wp-json\/wp\/v2\/pages\/8718"}],"wp:attachment":[{"href":"https:\/\/frontaliers-grandest.eu\/de\/wp-json\/wp\/v2\/media?parent=8725"}],"wp:term":[{"taxonomy":"post_tag","embeddable":true,"href":"https:\/\/frontaliers-grandest.eu\/de\/wp-json\/wp\/v2\/tags?post=8725"},{"taxonomy":"frge_profile","embeddable":true,"href":"https:\/\/frontaliers-grandest.eu\/de\/wp-json\/wp\/v2\/frge_profile?post=8725"}],"curies":[{"name":"wp","href":"https:\/\/api.w.org\/{rel}","templated":true}]}}