{"id":8723,"date":"2021-06-15T15:42:21","date_gmt":"2021-06-15T13:42:21","guid":{"rendered":"https:\/\/frontaliers-grandest.eu\/?page_id=8723"},"modified":"2026-03-12T11:11:28","modified_gmt":"2026-03-12T10:11:28","slug":"welches-land-uberweist-mir-meine-invaliditatsrente","status":"publish","type":"page","link":"https:\/\/frontaliers-grandest.eu\/de\/startseite\/grenzganger\/deutschland-luxemburg\/sozialversicherung\/die-invaliditatsversicherung\/welches-land-uberweist-mir-meine-invaliditatsrente\/","title":{"rendered":"Welches Land \u00fcberweist mir meine Invalidit\u00e4tsrente?"},"content":{"rendered":"\n<h2 class=\"wp-block-heading\"><strong>Sie haben nur in Luxemburg qearbeitet<\/strong><\/h2>\n\n\n\n<p><strong>Luxemburg ist lediglich zust\u00e4ndig :<\/strong><\/p>\n\n\n\n<ul class=\"wp-block-list\">\n<li>wenn Sie mindestens 12 Monate im Bezugszeitraum von letzten 3 Jahren bei der Sozialversicherung angemeldet werden,<\/li>\n\n\n\n<li>oder wenn Ihre Arbeitsunf\u00e4higkeit auf eine Berufskrankheit oder einen Unfall (beruflich oder nicht beruflich) zur\u00fcckzuf\u00fchren ist.<\/li>\n<\/ul>\n\n\n\n<p>Sie m\u00fcssen Ihren Antrag auf Erwerbsminderungsrente an die \u201eCaisse de Pension luxembourgeoise\u201c stellen.<\/p>\n\n\n\n<h2 class=\"wp-block-heading\"><strong>Sie haben in mehreren EU-Staaten gearbeitet<\/strong>&nbsp;<\/h2>\n\n\n\n<p>Die Koordinierung der versicherungsdauergebundenen Systeme wird in Artikel 44 der Verordnung 883\/2004 EG entsprechend der Altersrentensysteme geregelt. Anspr\u00fcche auf Erwerbsminderungsrente werden \u201eerworben\u201c, wobei die zuvor erworbenen Anspr\u00fcche nicht verloren gehen k\u00f6nnen.<\/p>\n\n\n\n<p><strong>In der Praxis muss jedes Mitgliedsland zun\u00e4chst auf der Basis der nationalen Gesetzgebung feststellen, ob und in welchem Umfang eine Erwerbsminderung vorliegt.<\/strong><\/p>\n\n\n\n<p>Danach errechnet der Staat den Rentenanspruch so als ob alle Versicherungszeiten aller Mitgliedsl\u00e4nder zusammen auf seinem eigenen Staatsgebiet erf\u00fcllt worden w\u00e4ren. Dadurch wird ein theoretischer Betrag ermittelt. Schlie\u00dflich wird die konkrete Rente entsprechend dem Anteil der tats\u00e4chlich in diesem Staat erf\u00fcllten Versicherungszeiten errechnet.<\/p>\n\n\n\n<div class=\"wp-block-frontaliers-grandest-plugin-frge-accordion-block\"><div class=\"accordion-top\"><h4 class=\"accordion-title\">V<strong>oraussetzungen in Deutschland<\/strong><\/h4><svg viewBox=\"0 0 24 24\" stroke-width=\"1.5\" fill=\"none\" xmlns=\"http:\/\/www.w3.org\/2000\/svg\" class=\"accordion-top__icon\"><path d=\"M3 12L21 12M21 12L12.5 3.5M21 12L12.5 20.5\" stroke-width=\"1.5\" stroke-linecap=\"round\" stroke-linejoin=\"round\"><\/path><\/svg><\/div><div class=\"accordion-content\">\n<p><strong>In Deutschland<\/strong>&nbsp;muss der versicherte nachweisen, <strong>dass&nbsp;er in den letzten f\u00fcnf Jahren vor Eintritt der Erwerbsminderung 36 Monate lang Rentenversicherungsbeitr\u00e4ge geleistet hat.<\/strong><\/p>\n\n\n\n<p>Dar\u00fcber hinaus muss der Versicherte eine Wartezeit (Versicherungszeit) von f\u00fcnf Jahren nachweisen. Diese Renten werden auch nur geleistet, wenn die ma\u00dfgeblichen&nbsp; Hinzuverdienstgrenzen eingehalten werden.<\/p>\n<\/div><\/div>\n\n\n\n<div class=\"wp-block-frontaliers-grandest-plugin-frge-accordion-block\"><div class=\"accordion-top\"><h4 class=\"accordion-title\"><strong>Voraussetzungen in Luxemburg<\/strong><\/h4><svg viewBox=\"0 0 24 24\" stroke-width=\"1.5\" fill=\"none\" xmlns=\"http:\/\/www.w3.org\/2000\/svg\" class=\"accordion-top__icon\"><path d=\"M3 12L21 12M21 12L12.5 3.5M21 12L12.5 20.5\" stroke-width=\"1.5\" stroke-linecap=\"round\" stroke-linejoin=\"round\"><\/path><\/svg><\/div><div class=\"accordion-content\">\n<ul class=\"wp-block-list\">\n<li>Die Erwerbsminderung muss als&nbsp;<strong>solche anerkannt werden,<\/strong><\/li>\n\n\n\n<li>der Empf\u00e4nger einer Invalidenpension kann sowohl einer Lohnbesch\u00e4ftigung nachgehen als&nbsp;<strong>auch eine selbstst\u00e4ndige T\u00e4tigkeit aus\u00fcben<\/strong>. Voraussetzung ist jedoch dass die j\u00e4hrlichen Eink\u00fcnfte aus diesen beruflichen&nbsp;<strong>T\u00e4tigkeiten nicht mehr als ein Drittel des j\u00e4hrlichen sozialen Mindestlohnes betragen<\/strong>;<\/li>\n\n\n\n<li><strong>am 65. Lebensjahr des Versicherten wird die Invalidenpension automatisch in eine Alterspension umgewandelt;<\/strong><\/li>\n\n\n\n<li><strong>die Wartezeit muss erf\u00fcllt werden.<\/strong>&nbsp;Dies ist der Fall wenn der Betroffene w\u00e4hrend der letzten 3 Jahre vor Beginn der festgestellten Invalidit\u00e4t oder dem Ende des Krankengeldes Versicherungszeiten1 von mindestens 12 Monaten, bestehend aus Zeiten der Pflichtversicherung, der Weiterversicherung oder der fakultativen Versicherung, nachweisen kann.<\/li>\n<\/ul>\n<\/div><\/div>\n","protected":false},"excerpt":{"rendered":"<p>Sie haben nur in Luxemburg qearbeitet Luxemburg ist lediglich zust\u00e4ndig : Sie m\u00fcssen Ihren Antrag auf Erwerbsminderungsrente an die \u201eCaisse de Pension luxembourgeoise\u201c stellen. Sie haben in mehreren EU-Staaten gearbeitet&nbsp; Die Koordinierung der versicherungsdauergebundenen Systeme wird in Artikel 44 der Verordnung 883\/2004 EG entsprechend der Altersrentensysteme geregelt. Anspr\u00fcche auf Erwerbsminderungsrente werden \u201eerworben\u201c, wobei die zuvor [&hellip;]<\/p>\n","protected":false},"author":7,"featured_media":0,"parent":8718,"menu_order":1,"comment_status":"closed","ping_status":"closed","template":"","meta":{"inline_featured_image":false,"footnotes":""},"tags":[461,857,517,454],"frge_profile":[225],"class_list":["post-8723","page","type-page","status-publish","hentry","tag-arbeitnehmer","tag-die-invalidenversicherung","tag-grengaenger","tag-luxemburg","frge_profile-arbeitnehmer"],"yoast_head":"<!-- This site is optimized with the Yoast SEO plugin v27.1.1 - https:\/\/yoast.com\/product\/yoast-seo-wordpress\/ -->\n<title>Welches Land \u00fcberweist mir meine Invalidit\u00e4tsrente? - Frontaliers Grand Est<\/title>\n<meta name=\"description\" content=\"Auf dieser Seite erfahren Sie, welches Land f\u00fcr die Zahlung Ihrer Invalidit\u00e4tsrente zust\u00e4ndig ist, wenn Sie in Luxemburg gearbeitet haben und in Deutschland wohnen.\" \/>\n<meta name=\"robots\" content=\"index, follow, max-snippet:-1, max-image-preview:large, max-video-preview:-1\" \/>\n<link rel=\"canonical\" href=\"https:\/\/frontaliers-grandest.eu\/de\/startseite\/grenzganger\/deutschland-luxemburg\/sozialversicherung\/die-invaliditatsversicherung\/welches-land-uberweist-mir-meine-invaliditatsrente\/\" \/>\n<meta property=\"og:locale\" content=\"de_DE\" \/>\n<meta property=\"og:type\" content=\"article\" \/>\n<meta property=\"og:title\" content=\"Welches Land \u00fcberweist mir meine Invalidit\u00e4tsrente? - Frontaliers Grand Est\" \/>\n<meta property=\"og:description\" content=\"Auf dieser Seite erfahren Sie, welches Land f\u00fcr die Zahlung Ihrer Invalidit\u00e4tsrente zust\u00e4ndig ist, wenn Sie in Luxemburg gearbeitet haben und in Deutschland wohnen.\" \/>\n<meta property=\"og:url\" content=\"https:\/\/frontaliers-grandest.eu\/de\/startseite\/grenzganger\/deutschland-luxemburg\/sozialversicherung\/die-invaliditatsversicherung\/welches-land-uberweist-mir-meine-invaliditatsrente\/\" \/>\n<meta property=\"og:site_name\" content=\"Frontaliers Grand Est\" \/>\n<meta property=\"article:publisher\" content=\"https:\/\/www.facebook.com\/frontaliers.GR.EST\/?locale=fr_FR\" \/>\n<meta property=\"article:modified_time\" content=\"2026-03-12T10:11:28+00:00\" \/>\n<meta name=\"twitter:card\" content=\"summary_large_image\" \/>\n<meta name=\"twitter:label1\" content=\"Gesch\u00e4tzte Lesezeit\" \/>\n\t<meta name=\"twitter:data1\" content=\"2\u00a0Minuten\" \/>\n<script type=\"application\/ld+json\" class=\"yoast-schema-graph\">{\"@context\":\"https:\/\/schema.org\",\"@graph\":[{\"@type\":\"WebPage\",\"@id\":\"https:\/\/frontaliers-grandest.eu\/de\/startseite\/grenzganger\/deutschland-luxemburg\/sozialversicherung\/die-invaliditatsversicherung\/welches-land-uberweist-mir-meine-invaliditatsrente\/\",\"url\":\"https:\/\/frontaliers-grandest.eu\/de\/startseite\/grenzganger\/deutschland-luxemburg\/sozialversicherung\/die-invaliditatsversicherung\/welches-land-uberweist-mir-meine-invaliditatsrente\/\",\"name\":\"Welches Land \u00fcberweist mir meine Invalidit\u00e4tsrente? - Frontaliers Grand Est\",\"isPartOf\":{\"@id\":\"https:\/\/frontaliers-grandest.eu\/de\/#website\"},\"datePublished\":\"2021-06-15T13:42:21+00:00\",\"dateModified\":\"2026-03-12T10:11:28+00:00\",\"description\":\"Auf dieser Seite erfahren Sie, welches Land f\u00fcr die Zahlung Ihrer Invalidit\u00e4tsrente zust\u00e4ndig ist, wenn Sie in Luxemburg gearbeitet haben und in Deutschland wohnen.\",\"breadcrumb\":{\"@id\":\"https:\/\/frontaliers-grandest.eu\/de\/startseite\/grenzganger\/deutschland-luxemburg\/sozialversicherung\/die-invaliditatsversicherung\/welches-land-uberweist-mir-meine-invaliditatsrente\/#breadcrumb\"},\"inLanguage\":\"de\",\"potentialAction\":[{\"@type\":\"ReadAction\",\"target\":[\"https:\/\/frontaliers-grandest.eu\/de\/startseite\/grenzganger\/deutschland-luxemburg\/sozialversicherung\/die-invaliditatsversicherung\/welches-land-uberweist-mir-meine-invaliditatsrente\/\"]}]},{\"@type\":\"BreadcrumbList\",\"@id\":\"https:\/\/frontaliers-grandest.eu\/de\/startseite\/grenzganger\/deutschland-luxemburg\/sozialversicherung\/die-invaliditatsversicherung\/welches-land-uberweist-mir-meine-invaliditatsrente\/#breadcrumb\",\"itemListElement\":[{\"@type\":\"ListItem\",\"position\":1,\"name\":\"Startseite\",\"item\":\"https:\/\/frontaliers-grandest.eu\/de\/\"},{\"@type\":\"ListItem\",\"position\":2,\"name\":\"Grenzg\u00e4nger\",\"item\":\"https:\/\/frontaliers-grandest.eu\/de\/startseite\/grenzganger\/\"},{\"@type\":\"ListItem\",\"position\":3,\"name\":\"Deutschland - Luxemburg\",\"item\":\"https:\/\/frontaliers-grandest.eu\/de\/startseite\/grenzganger\/deutschland-luxemburg\/\"},{\"@type\":\"ListItem\",\"position\":4,\"name\":\"Sozialversicherung in Luxemburg\",\"item\":\"https:\/\/frontaliers-grandest.eu\/de\/startseite\/grenzganger\/deutschland-luxemburg\/sozialversicherung\/\"},{\"@type\":\"ListItem\",\"position\":5,\"name\":\"Die Invalidit\u00e4tsversicherung\",\"item\":\"https:\/\/frontaliers-grandest.eu\/de\/startseite\/grenzganger\/deutschland-luxemburg\/sozialversicherung\/die-invaliditatsversicherung\/\"},{\"@type\":\"ListItem\",\"position\":6,\"name\":\"Welches Land \u00fcberweist mir meine Invalidit\u00e4tsrente?\"}]},{\"@type\":\"WebSite\",\"@id\":\"https:\/\/frontaliers-grandest.eu\/de\/#website\",\"url\":\"https:\/\/frontaliers-grandest.eu\/de\/\",\"name\":\"Frontaliers Grand Est\",\"description\":\"Le site ressource du travail frontalier\",\"publisher\":{\"@id\":\"https:\/\/frontaliers-grandest.eu\/de\/#organization\"},\"alternateName\":\"Frontaliers Grand Est\",\"potentialAction\":[{\"@type\":\"SearchAction\",\"target\":{\"@type\":\"EntryPoint\",\"urlTemplate\":\"https:\/\/frontaliers-grandest.eu\/de\/?s={search_term_string}\"},\"query-input\":{\"@type\":\"PropertyValueSpecification\",\"valueRequired\":true,\"valueName\":\"search_term_string\"}}],\"inLanguage\":\"de\"},{\"@type\":\"Organization\",\"@id\":\"https:\/\/frontaliers-grandest.eu\/de\/#organization\",\"name\":\"Frontaliers Grand Est\",\"alternateName\":\"Frontaliers Grand Est\",\"url\":\"https:\/\/frontaliers-grandest.eu\/de\/\",\"logo\":{\"@type\":\"ImageObject\",\"inLanguage\":\"de\",\"@id\":\"https:\/\/frontaliers-grandest.eu\/de\/#\/schema\/logo\/image\/\",\"url\":\"https:\/\/frontaliers-grandest.eu\/wp-content\/uploads\/2025\/07\/260328234_2966785176920310_3332838526503858160_n.jpg\",\"contentUrl\":\"https:\/\/frontaliers-grandest.eu\/wp-content\/uploads\/2025\/07\/260328234_2966785176920310_3332838526503858160_n.jpg\",\"width\":396,\"height\":396,\"caption\":\"Frontaliers Grand Est\"},\"image\":{\"@id\":\"https:\/\/frontaliers-grandest.eu\/de\/#\/schema\/logo\/image\/\"},\"sameAs\":[\"https:\/\/www.facebook.com\/frontaliers.GR.EST\/?locale=fr_FR\"]}]}<\/script>\n<!-- \/ Yoast SEO plugin. -->","yoast_head_json":{"title":"Welches Land \u00fcberweist mir meine Invalidit\u00e4tsrente? - Frontaliers Grand Est","description":"Auf dieser Seite erfahren Sie, welches Land f\u00fcr die Zahlung Ihrer Invalidit\u00e4tsrente zust\u00e4ndig ist, wenn Sie in Luxemburg gearbeitet haben und in Deutschland wohnen.","robots":{"index":"index","follow":"follow","max-snippet":"max-snippet:-1","max-image-preview":"max-image-preview:large","max-video-preview":"max-video-preview:-1"},"canonical":"https:\/\/frontaliers-grandest.eu\/de\/startseite\/grenzganger\/deutschland-luxemburg\/sozialversicherung\/die-invaliditatsversicherung\/welches-land-uberweist-mir-meine-invaliditatsrente\/","og_locale":"de_DE","og_type":"article","og_title":"Welches Land \u00fcberweist mir meine Invalidit\u00e4tsrente? - Frontaliers Grand Est","og_description":"Auf dieser Seite erfahren Sie, welches Land f\u00fcr die Zahlung Ihrer Invalidit\u00e4tsrente zust\u00e4ndig ist, wenn Sie in Luxemburg gearbeitet haben und in Deutschland wohnen.","og_url":"https:\/\/frontaliers-grandest.eu\/de\/startseite\/grenzganger\/deutschland-luxemburg\/sozialversicherung\/die-invaliditatsversicherung\/welches-land-uberweist-mir-meine-invaliditatsrente\/","og_site_name":"Frontaliers Grand Est","article_publisher":"https:\/\/www.facebook.com\/frontaliers.GR.EST\/?locale=fr_FR","article_modified_time":"2026-03-12T10:11:28+00:00","twitter_card":"summary_large_image","twitter_misc":{"Gesch\u00e4tzte Lesezeit":"2\u00a0Minuten"},"schema":{"@context":"https:\/\/schema.org","@graph":[{"@type":"WebPage","@id":"https:\/\/frontaliers-grandest.eu\/de\/startseite\/grenzganger\/deutschland-luxemburg\/sozialversicherung\/die-invaliditatsversicherung\/welches-land-uberweist-mir-meine-invaliditatsrente\/","url":"https:\/\/frontaliers-grandest.eu\/de\/startseite\/grenzganger\/deutschland-luxemburg\/sozialversicherung\/die-invaliditatsversicherung\/welches-land-uberweist-mir-meine-invaliditatsrente\/","name":"Welches Land \u00fcberweist mir meine Invalidit\u00e4tsrente? - Frontaliers Grand Est","isPartOf":{"@id":"https:\/\/frontaliers-grandest.eu\/de\/#website"},"datePublished":"2021-06-15T13:42:21+00:00","dateModified":"2026-03-12T10:11:28+00:00","description":"Auf dieser Seite erfahren Sie, welches Land f\u00fcr die Zahlung Ihrer Invalidit\u00e4tsrente zust\u00e4ndig ist, wenn Sie in Luxemburg gearbeitet haben und in Deutschland wohnen.","breadcrumb":{"@id":"https:\/\/frontaliers-grandest.eu\/de\/startseite\/grenzganger\/deutschland-luxemburg\/sozialversicherung\/die-invaliditatsversicherung\/welches-land-uberweist-mir-meine-invaliditatsrente\/#breadcrumb"},"inLanguage":"de","potentialAction":[{"@type":"ReadAction","target":["https:\/\/frontaliers-grandest.eu\/de\/startseite\/grenzganger\/deutschland-luxemburg\/sozialversicherung\/die-invaliditatsversicherung\/welches-land-uberweist-mir-meine-invaliditatsrente\/"]}]},{"@type":"BreadcrumbList","@id":"https:\/\/frontaliers-grandest.eu\/de\/startseite\/grenzganger\/deutschland-luxemburg\/sozialversicherung\/die-invaliditatsversicherung\/welches-land-uberweist-mir-meine-invaliditatsrente\/#breadcrumb","itemListElement":[{"@type":"ListItem","position":1,"name":"Startseite","item":"https:\/\/frontaliers-grandest.eu\/de\/"},{"@type":"ListItem","position":2,"name":"Grenzg\u00e4nger","item":"https:\/\/frontaliers-grandest.eu\/de\/startseite\/grenzganger\/"},{"@type":"ListItem","position":3,"name":"Deutschland - Luxemburg","item":"https:\/\/frontaliers-grandest.eu\/de\/startseite\/grenzganger\/deutschland-luxemburg\/"},{"@type":"ListItem","position":4,"name":"Sozialversicherung in Luxemburg","item":"https:\/\/frontaliers-grandest.eu\/de\/startseite\/grenzganger\/deutschland-luxemburg\/sozialversicherung\/"},{"@type":"ListItem","position":5,"name":"Die Invalidit\u00e4tsversicherung","item":"https:\/\/frontaliers-grandest.eu\/de\/startseite\/grenzganger\/deutschland-luxemburg\/sozialversicherung\/die-invaliditatsversicherung\/"},{"@type":"ListItem","position":6,"name":"Welches Land \u00fcberweist mir meine Invalidit\u00e4tsrente?"}]},{"@type":"WebSite","@id":"https:\/\/frontaliers-grandest.eu\/de\/#website","url":"https:\/\/frontaliers-grandest.eu\/de\/","name":"Frontaliers Grand Est","description":"Le site ressource du travail frontalier","publisher":{"@id":"https:\/\/frontaliers-grandest.eu\/de\/#organization"},"alternateName":"Frontaliers Grand Est","potentialAction":[{"@type":"SearchAction","target":{"@type":"EntryPoint","urlTemplate":"https:\/\/frontaliers-grandest.eu\/de\/?s={search_term_string}"},"query-input":{"@type":"PropertyValueSpecification","valueRequired":true,"valueName":"search_term_string"}}],"inLanguage":"de"},{"@type":"Organization","@id":"https:\/\/frontaliers-grandest.eu\/de\/#organization","name":"Frontaliers Grand Est","alternateName":"Frontaliers Grand Est","url":"https:\/\/frontaliers-grandest.eu\/de\/","logo":{"@type":"ImageObject","inLanguage":"de","@id":"https:\/\/frontaliers-grandest.eu\/de\/#\/schema\/logo\/image\/","url":"https:\/\/frontaliers-grandest.eu\/wp-content\/uploads\/2025\/07\/260328234_2966785176920310_3332838526503858160_n.jpg","contentUrl":"https:\/\/frontaliers-grandest.eu\/wp-content\/uploads\/2025\/07\/260328234_2966785176920310_3332838526503858160_n.jpg","width":396,"height":396,"caption":"Frontaliers Grand Est"},"image":{"@id":"https:\/\/frontaliers-grandest.eu\/de\/#\/schema\/logo\/image\/"},"sameAs":["https:\/\/www.facebook.com\/frontaliers.GR.EST\/?locale=fr_FR"]}]}},"frge_page_order":"0","_links":{"self":[{"href":"https:\/\/frontaliers-grandest.eu\/de\/wp-json\/wp\/v2\/pages\/8723","targetHints":{"allow":["GET"]}}],"collection":[{"href":"https:\/\/frontaliers-grandest.eu\/de\/wp-json\/wp\/v2\/pages"}],"about":[{"href":"https:\/\/frontaliers-grandest.eu\/de\/wp-json\/wp\/v2\/types\/page"}],"author":[{"embeddable":true,"href":"https:\/\/frontaliers-grandest.eu\/de\/wp-json\/wp\/v2\/users\/7"}],"replies":[{"embeddable":true,"href":"https:\/\/frontaliers-grandest.eu\/de\/wp-json\/wp\/v2\/comments?post=8723"}],"version-history":[{"count":2,"href":"https:\/\/frontaliers-grandest.eu\/de\/wp-json\/wp\/v2\/pages\/8723\/revisions"}],"predecessor-version":[{"id":58389,"href":"https:\/\/frontaliers-grandest.eu\/de\/wp-json\/wp\/v2\/pages\/8723\/revisions\/58389"}],"up":[{"embeddable":true,"href":"https:\/\/frontaliers-grandest.eu\/de\/wp-json\/wp\/v2\/pages\/8718"}],"wp:attachment":[{"href":"https:\/\/frontaliers-grandest.eu\/de\/wp-json\/wp\/v2\/media?parent=8723"}],"wp:term":[{"taxonomy":"post_tag","embeddable":true,"href":"https:\/\/frontaliers-grandest.eu\/de\/wp-json\/wp\/v2\/tags?post=8723"},{"taxonomy":"frge_profile","embeddable":true,"href":"https:\/\/frontaliers-grandest.eu\/de\/wp-json\/wp\/v2\/frge_profile?post=8723"}],"curies":[{"name":"wp","href":"https:\/\/api.w.org\/{rel}","templated":true}]}}