{"id":8720,"date":"2026-03-12T15:50:31","date_gmt":"2026-03-12T14:50:31","guid":{"rendered":"https:\/\/frontaliers-grandest.eu\/?page_id=8720"},"modified":"2026-03-12T15:50:32","modified_gmt":"2026-03-12T14:50:32","slug":"welche-formalitaten-sind-fur-den-bezug-der-erwerbsunfahigkeitleistungen-erfordlich","status":"publish","type":"page","link":"https:\/\/frontaliers-grandest.eu\/de\/startseite\/grenzganger\/deutschland-luxemburg\/sozialversicherung\/die-invaliditatsversicherung\/welche-formalitaten-sind-fur-den-bezug-der-erwerbsunfahigkeitleistungen-erfordlich\/","title":{"rendered":"Welche Formalit\u00e4ten sind f\u00fcr den Bezug der Erwerbsunf\u00e4higkeitleistungen erfordlich?"},"content":{"rendered":"\n<p>Als Arbeitnehmer in Luxemburg werden die Sozialbeitr\u00e4ge (Altersrente, Invalidit\u00e4t, Hinterbliebenenrente)<strong>&nbsp;direkt aus Ihrem Gehalt von Ihrem Arbeitgeber abgezogen&nbsp;<\/strong>und&nbsp;<strong>an das \u00ab&nbsp;Centre Commun de la S\u00e9curit\u00e9 Sociale&nbsp;\u00bb abgef\u00fchrt.<\/strong><\/p>\n\n\n\n<p><strong>Sie k\u00f6nnen als berufsunf\u00e4hig genauso in Luxemburg als in Deutschland anerkannt werden;&nbsp;<\/strong>Deutschland und Luxemburg nutzen verschiedene Voraussetzungen, um diesen Status zu anerkennen.<strong> Die Entscheidung eines Tr\u00e4gers eines Mitgliedslandes bez\u00fcglich des Grades der Erwerbsminderung&nbsp;ist nicht automatisch&nbsp;f\u00fcr die Tr\u00e4ger der anderen Mitgliedsl\u00e4nder bindend.<\/strong> Es ist z.B. m\u00f6glich, im Besch\u00e4ftigungsland als erwerbsgemindert anerkannt und gleichzeitig im Wohnsitzland als arbeitsf\u00e4hig angesehen zu werden.<\/p>\n\n\n\n<p>Wenn Ihre Erwerbsminderung anerkannt wurde,&nbsp;haben Sie Anspruch auf eine Rente:<\/p>\n\n\n\n<ul class=\"wp-block-list\">\n<li><strong>In Luxemburg<\/strong><\/li>\n\n\n\n<li><strong>Und\/oder in Deutschland<\/strong>&nbsp;je nach der Dauer Ihrer Beitr\u00e4ge und letztem Besch\u00e4ftigungsland.<\/li>\n<\/ul>\n\n\n\n<div class=\"wp-block-frontaliers-grandest-plugin-frge-accordion-block\"><div class=\"accordion-top\"><h4 class=\"accordion-title\"><strong>In Deutschland<\/strong>\u00a0<\/h4><svg viewBox=\"0 0 24 24\" stroke-width=\"1.5\" fill=\"none\" xmlns=\"http:\/\/www.w3.org\/2000\/svg\" class=\"accordion-top__icon\"><path d=\"M3 12L21 12M21 12L12.5 3.5M21 12L12.5 20.5\" stroke-width=\"1.5\" stroke-linecap=\"round\" stroke-linejoin=\"round\"><\/path><\/svg><\/div><div class=\"accordion-content\">\n<p>Sie gelten als <strong>erwerbsgemindert<\/strong>, wenn Ihre <strong>Arbeitsf\u00e4higkeit auf weniger als 6 Stunden pro Tag<\/strong> reduziert ist und Sie deshalb <strong>keine Besch\u00e4ftigung auf dem Arbeitsmarkt finden k\u00f6nnen<\/strong>.<\/p>\n\n\n\n<p>Die <strong>Erwerbsminderung ist vollst\u00e4ndig<\/strong>, wenn die <strong>Arbeitsf\u00e4higkeit weniger als 3 Stunden pro Tag<\/strong> betr\u00e4gt.<br>Wenn die <strong>Arbeitsf\u00e4higkeit mehr als 3 Stunden, aber weniger als 6 Stunden pro Tag<\/strong> betr\u00e4gt, liegt eine <strong>teilweise Erwerbsminderung<\/strong> vor.<\/p>\n\n\n\n<p>Versicherte, <strong>die berufsunf\u00e4hig sind, haben zudem Anspruch auf teilweise Erwerbsminderungsrente.&nbsp;<\/strong>Als berufsunf\u00e4hig gelten Versicherte, die vor dem 2. Januar 1961 geboren sind und eine abgeschlossene Berufsausbildung &nbsp;nachweisen k\u00f6nnen, wenn sie nicht mehr in der Lage sind, ihren erlernten&nbsp; Beruf und eine ihnen zumutbare T\u00e4tigkeit wenigstens 6 Stunden t\u00e4glich auszu\u00fcben.<\/p>\n<\/div><\/div>\n\n\n\n<div class=\"wp-block-frontaliers-grandest-plugin-frge-accordion-block\"><div class=\"accordion-top\"><h4 class=\"accordion-title\">In Luxemburg<\/h4><svg viewBox=\"0 0 24 24\" stroke-width=\"1.5\" fill=\"none\" xmlns=\"http:\/\/www.w3.org\/2000\/svg\" class=\"accordion-top__icon\"><path d=\"M3 12L21 12M21 12L12.5 3.5M21 12L12.5 20.5\" stroke-width=\"1.5\" stroke-linecap=\"round\" stroke-linejoin=\"round\"><\/path><\/svg><\/div><div class=\"accordion-content\">\n<p>In Luxemburg wird Ihnen&nbsp;<strong>eine Invalidit\u00e4tsrente gew\u00e4hrt<\/strong>, wenn Sie<strong>&nbsp;j\u00fcnger als 65 Jahre alt sind und wenn Sie mindestens 12 Monate im Bezugszeitraum von letzten 3 Jahren zur Sozialversicherung angemeldet wurden<\/strong>. Die letzte Voraussetzung ist nicht erforderlich, wenn Ihre Erwerbsminderung Folge einer (Berufs-) Krankheit oder eines (Berufs-) Unfall ist.<\/p>\n<\/div><\/div>\n\n\n\n<h2 class=\"wp-block-heading\"><strong>Verfahren<\/strong><\/h2>\n\n\n\n<p>Die Leistungen aus der Pensionsversicherung werden&nbsp;<strong>nur auf Antrag des Versicherten gew\u00e4hrt<\/strong>. Grenzg\u00e4nger, deren letzter Arbeitsplatz nicht in Luxemburg war, wird empfohlen,<strong>&nbsp;ihren Antrag bei dem zust\u00e4ndigen Versicherungstr\u00e4ger ihres Wohnortes zu stellen.<\/strong>&nbsp;Sobald Sie dem Kontakt-Tr\u00e4ger mitteilen, dass Sie Ihre berufliche Laufbahn in mehreren L\u00e4ndern verfolgt haben, und die entsprechenden Belege (Identifikationsnummer und Einrichtung, Arbeitszeiten, usw.) vorlegen, \u00fcbermittelt dieser allen betroffenen Einrichtungen die f\u00fcr die Beurteilung Ihres Antrags relevanten Unterlagen.<\/p>\n\n\n\n<p><strong>Jede Einrichtung ermittelt die H\u00f6he der Leistung und teilt ihre Entscheidung dem Kontakt-Tr\u00e4ger mit<\/strong>. Dieser muss Ihnen eine Zusammenfassung der Entscheidung und Betr\u00e4ge geben.<\/p>\n\n\n\n<p><strong>Zust\u00e4ndige Versicherungstr\u00e4ger:<\/strong><\/p>\n\n\n\n<ul class=\"wp-block-list\">\n<li><strong>In Deutschland:&nbsp;<\/strong>deutsch Rentenversicherung&nbsp;<a href=\"http:\/\/deutsche-rentenversicherung.de\" target=\"_blank\" rel=\"noreferrer noopener\">deutsche-rentenversicherung.de<\/a><\/li>\n\n\n\n<li><strong>In Luxemburg:<\/strong>&nbsp;La Caisse Nationale d\u2019Assurance Pension \u2013&nbsp;<a href=\"http:\/\/cnap.lu\/\" target=\"_blank\" rel=\"noreferrer noopener\">http:\/\/cnap.lu<\/a><\/li>\n\n\n\n<li>Erwerbsminderungsrenten in Deutschland aber auch in Luxemburg&nbsp;<strong>werden grunds\u00e4tzlich nur als Zeitrente gew\u00e4hrt<\/strong>. Maximal erhalten Sie diese Rente bis zur&nbsp;<strong>Regelaltersgrenze<\/strong>. Ab dann greift die normale Altersrente. Die Zahlung einer Erwerbsminderungsrente in Deutschland ist normalerweise auf drei Jahre befristet.&nbsp;<strong>Die Invalidenpension in Luxemburg wird nicht f\u00fcr Zeitr\u00e4ume gew\u00e4hrt, welche l\u00e4nger als ein Jahr vor dem Eingang des Pensionsantrages liegen.<\/strong><\/li>\n<\/ul>\n\n\n\n<p>Weiterhin Geld gibt es dann nur auf Antrag. Verbessert sich Ihr Gesundheitszustand, kann die volle Erwerbsminderungsrente auf die H\u00e4lfte gek\u00fcrzt werden. Eine unbefristete Erwerbsminderungsrente erhalten Sie nur, wenn es sehr unwahrscheinlich ist, dass sich Ihr Gesundheitszustand bessert.<\/p>\n","protected":false},"excerpt":{"rendered":"<p>Als Arbeitnehmer in Luxemburg werden die Sozialbeitr\u00e4ge (Altersrente, Invalidit\u00e4t, Hinterbliebenenrente)&nbsp;direkt aus Ihrem Gehalt von Ihrem Arbeitgeber abgezogen&nbsp;und&nbsp;an das \u00ab&nbsp;Centre Commun de la S\u00e9curit\u00e9 Sociale&nbsp;\u00bb abgef\u00fchrt. Sie k\u00f6nnen als berufsunf\u00e4hig genauso in Luxemburg als in Deutschland anerkannt werden;&nbsp;Deutschland und Luxemburg nutzen verschiedene Voraussetzungen, um diesen Status zu anerkennen. Die Entscheidung eines Tr\u00e4gers eines Mitgliedslandes bez\u00fcglich des [&hellip;]<\/p>\n","protected":false},"author":7,"featured_media":0,"parent":8718,"menu_order":0,"comment_status":"closed","ping_status":"closed","template":"","meta":{"inline_featured_image":false,"footnotes":""},"tags":[461,857,517,454],"frge_profile":[225],"class_list":["post-8720","page","type-page","status-publish","hentry","tag-arbeitnehmer","tag-die-invalidenversicherung","tag-grengaenger","tag-luxemburg","frge_profile-arbeitnehmer"],"yoast_head":"<!-- This site is optimized with the Yoast SEO plugin v27.1.1 - https:\/\/yoast.com\/product\/yoast-seo-wordpress\/ -->\n<title>Erwerbsunf\u00e4higkeit beantragen: formalit\u00e4ten in Deutschland &amp; Luxemburg<\/title>\n<meta name=\"description\" content=\"Erforderliche Formalit\u00e4ten: Anerkennung der Erwerbsminderung, Antragsstellung beim Versicherungstr\u00e4ger, Nachweise \u00fcber Sozialversicherungsbeitr\u00e4ge.\" \/>\n<meta name=\"robots\" content=\"index, follow, max-snippet:-1, max-image-preview:large, max-video-preview:-1\" \/>\n<link rel=\"canonical\" href=\"https:\/\/frontaliers-grandest.eu\/de\/startseite\/grenzganger\/deutschland-luxemburg\/sozialversicherung\/die-invaliditatsversicherung\/welche-formalitaten-sind-fur-den-bezug-der-erwerbsunfahigkeitleistungen-erfordlich\/\" \/>\n<meta property=\"og:locale\" content=\"de_DE\" \/>\n<meta property=\"og:type\" content=\"article\" \/>\n<meta property=\"og:title\" content=\"Erwerbsunf\u00e4higkeit beantragen: formalit\u00e4ten in Deutschland &amp; Luxemburg\" \/>\n<meta property=\"og:description\" content=\"Erforderliche Formalit\u00e4ten: Anerkennung der Erwerbsminderung, Antragsstellung beim Versicherungstr\u00e4ger, Nachweise \u00fcber Sozialversicherungsbeitr\u00e4ge.\" \/>\n<meta property=\"og:url\" content=\"https:\/\/frontaliers-grandest.eu\/de\/startseite\/grenzganger\/deutschland-luxemburg\/sozialversicherung\/die-invaliditatsversicherung\/welche-formalitaten-sind-fur-den-bezug-der-erwerbsunfahigkeitleistungen-erfordlich\/\" \/>\n<meta property=\"og:site_name\" content=\"Frontaliers Grand Est\" \/>\n<meta property=\"article:publisher\" content=\"https:\/\/www.facebook.com\/frontaliers.GR.EST\/?locale=fr_FR\" \/>\n<meta property=\"article:modified_time\" content=\"2026-03-12T14:50:32+00:00\" \/>\n<meta name=\"twitter:card\" content=\"summary_large_image\" \/>\n<meta name=\"twitter:label1\" content=\"Gesch\u00e4tzte Lesezeit\" \/>\n\t<meta name=\"twitter:data1\" content=\"3\u00a0Minuten\" \/>\n<script type=\"application\/ld+json\" class=\"yoast-schema-graph\">{\"@context\":\"https:\/\/schema.org\",\"@graph\":[{\"@type\":\"WebPage\",\"@id\":\"https:\/\/frontaliers-grandest.eu\/de\/startseite\/grenzganger\/deutschland-luxemburg\/sozialversicherung\/die-invaliditatsversicherung\/welche-formalitaten-sind-fur-den-bezug-der-erwerbsunfahigkeitleistungen-erfordlich\/\",\"url\":\"https:\/\/frontaliers-grandest.eu\/de\/startseite\/grenzganger\/deutschland-luxemburg\/sozialversicherung\/die-invaliditatsversicherung\/welche-formalitaten-sind-fur-den-bezug-der-erwerbsunfahigkeitleistungen-erfordlich\/\",\"name\":\"Erwerbsunf\u00e4higkeit beantragen: formalit\u00e4ten in Deutschland & Luxemburg\",\"isPartOf\":{\"@id\":\"https:\/\/frontaliers-grandest.eu\/de\/#website\"},\"datePublished\":\"2026-03-12T14:50:31+00:00\",\"dateModified\":\"2026-03-12T14:50:32+00:00\",\"description\":\"Erforderliche Formalit\u00e4ten: Anerkennung der Erwerbsminderung, Antragsstellung beim Versicherungstr\u00e4ger, Nachweise \u00fcber Sozialversicherungsbeitr\u00e4ge.\",\"breadcrumb\":{\"@id\":\"https:\/\/frontaliers-grandest.eu\/de\/startseite\/grenzganger\/deutschland-luxemburg\/sozialversicherung\/die-invaliditatsversicherung\/welche-formalitaten-sind-fur-den-bezug-der-erwerbsunfahigkeitleistungen-erfordlich\/#breadcrumb\"},\"inLanguage\":\"de\",\"potentialAction\":[{\"@type\":\"ReadAction\",\"target\":[\"https:\/\/frontaliers-grandest.eu\/de\/startseite\/grenzganger\/deutschland-luxemburg\/sozialversicherung\/die-invaliditatsversicherung\/welche-formalitaten-sind-fur-den-bezug-der-erwerbsunfahigkeitleistungen-erfordlich\/\"]}]},{\"@type\":\"BreadcrumbList\",\"@id\":\"https:\/\/frontaliers-grandest.eu\/de\/startseite\/grenzganger\/deutschland-luxemburg\/sozialversicherung\/die-invaliditatsversicherung\/welche-formalitaten-sind-fur-den-bezug-der-erwerbsunfahigkeitleistungen-erfordlich\/#breadcrumb\",\"itemListElement\":[{\"@type\":\"ListItem\",\"position\":1,\"name\":\"Startseite\",\"item\":\"https:\/\/frontaliers-grandest.eu\/de\/\"},{\"@type\":\"ListItem\",\"position\":2,\"name\":\"Grenzg\u00e4nger\",\"item\":\"https:\/\/frontaliers-grandest.eu\/de\/startseite\/grenzganger\/\"},{\"@type\":\"ListItem\",\"position\":3,\"name\":\"Deutschland - Luxemburg\",\"item\":\"https:\/\/frontaliers-grandest.eu\/de\/startseite\/grenzganger\/deutschland-luxemburg\/\"},{\"@type\":\"ListItem\",\"position\":4,\"name\":\"Sozialversicherung in Luxemburg\",\"item\":\"https:\/\/frontaliers-grandest.eu\/de\/startseite\/grenzganger\/deutschland-luxemburg\/sozialversicherung\/\"},{\"@type\":\"ListItem\",\"position\":5,\"name\":\"Die Invalidit\u00e4tsversicherung\",\"item\":\"https:\/\/frontaliers-grandest.eu\/de\/startseite\/grenzganger\/deutschland-luxemburg\/sozialversicherung\/die-invaliditatsversicherung\/\"},{\"@type\":\"ListItem\",\"position\":6,\"name\":\"Welche Formalit\u00e4ten sind f\u00fcr den Bezug der Erwerbsunf\u00e4higkeitleistungen erfordlich?\"}]},{\"@type\":\"WebSite\",\"@id\":\"https:\/\/frontaliers-grandest.eu\/de\/#website\",\"url\":\"https:\/\/frontaliers-grandest.eu\/de\/\",\"name\":\"Frontaliers Grand Est\",\"description\":\"Le site ressource du travail frontalier\",\"publisher\":{\"@id\":\"https:\/\/frontaliers-grandest.eu\/de\/#organization\"},\"alternateName\":\"Frontaliers Grand Est\",\"potentialAction\":[{\"@type\":\"SearchAction\",\"target\":{\"@type\":\"EntryPoint\",\"urlTemplate\":\"https:\/\/frontaliers-grandest.eu\/de\/?s={search_term_string}\"},\"query-input\":{\"@type\":\"PropertyValueSpecification\",\"valueRequired\":true,\"valueName\":\"search_term_string\"}}],\"inLanguage\":\"de\"},{\"@type\":\"Organization\",\"@id\":\"https:\/\/frontaliers-grandest.eu\/de\/#organization\",\"name\":\"Frontaliers Grand Est\",\"alternateName\":\"Frontaliers Grand Est\",\"url\":\"https:\/\/frontaliers-grandest.eu\/de\/\",\"logo\":{\"@type\":\"ImageObject\",\"inLanguage\":\"de\",\"@id\":\"https:\/\/frontaliers-grandest.eu\/de\/#\/schema\/logo\/image\/\",\"url\":\"https:\/\/frontaliers-grandest.eu\/wp-content\/uploads\/2025\/07\/260328234_2966785176920310_3332838526503858160_n.jpg\",\"contentUrl\":\"https:\/\/frontaliers-grandest.eu\/wp-content\/uploads\/2025\/07\/260328234_2966785176920310_3332838526503858160_n.jpg\",\"width\":396,\"height\":396,\"caption\":\"Frontaliers Grand Est\"},\"image\":{\"@id\":\"https:\/\/frontaliers-grandest.eu\/de\/#\/schema\/logo\/image\/\"},\"sameAs\":[\"https:\/\/www.facebook.com\/frontaliers.GR.EST\/?locale=fr_FR\"]}]}<\/script>\n<!-- \/ Yoast SEO plugin. -->","yoast_head_json":{"title":"Erwerbsunf\u00e4higkeit beantragen: formalit\u00e4ten in Deutschland & Luxemburg","description":"Erforderliche Formalit\u00e4ten: Anerkennung der Erwerbsminderung, Antragsstellung beim Versicherungstr\u00e4ger, Nachweise \u00fcber Sozialversicherungsbeitr\u00e4ge.","robots":{"index":"index","follow":"follow","max-snippet":"max-snippet:-1","max-image-preview":"max-image-preview:large","max-video-preview":"max-video-preview:-1"},"canonical":"https:\/\/frontaliers-grandest.eu\/de\/startseite\/grenzganger\/deutschland-luxemburg\/sozialversicherung\/die-invaliditatsversicherung\/welche-formalitaten-sind-fur-den-bezug-der-erwerbsunfahigkeitleistungen-erfordlich\/","og_locale":"de_DE","og_type":"article","og_title":"Erwerbsunf\u00e4higkeit beantragen: formalit\u00e4ten in Deutschland & Luxemburg","og_description":"Erforderliche Formalit\u00e4ten: Anerkennung der Erwerbsminderung, Antragsstellung beim Versicherungstr\u00e4ger, Nachweise \u00fcber Sozialversicherungsbeitr\u00e4ge.","og_url":"https:\/\/frontaliers-grandest.eu\/de\/startseite\/grenzganger\/deutschland-luxemburg\/sozialversicherung\/die-invaliditatsversicherung\/welche-formalitaten-sind-fur-den-bezug-der-erwerbsunfahigkeitleistungen-erfordlich\/","og_site_name":"Frontaliers Grand Est","article_publisher":"https:\/\/www.facebook.com\/frontaliers.GR.EST\/?locale=fr_FR","article_modified_time":"2026-03-12T14:50:32+00:00","twitter_card":"summary_large_image","twitter_misc":{"Gesch\u00e4tzte Lesezeit":"3\u00a0Minuten"},"schema":{"@context":"https:\/\/schema.org","@graph":[{"@type":"WebPage","@id":"https:\/\/frontaliers-grandest.eu\/de\/startseite\/grenzganger\/deutschland-luxemburg\/sozialversicherung\/die-invaliditatsversicherung\/welche-formalitaten-sind-fur-den-bezug-der-erwerbsunfahigkeitleistungen-erfordlich\/","url":"https:\/\/frontaliers-grandest.eu\/de\/startseite\/grenzganger\/deutschland-luxemburg\/sozialversicherung\/die-invaliditatsversicherung\/welche-formalitaten-sind-fur-den-bezug-der-erwerbsunfahigkeitleistungen-erfordlich\/","name":"Erwerbsunf\u00e4higkeit beantragen: formalit\u00e4ten in Deutschland & Luxemburg","isPartOf":{"@id":"https:\/\/frontaliers-grandest.eu\/de\/#website"},"datePublished":"2026-03-12T14:50:31+00:00","dateModified":"2026-03-12T14:50:32+00:00","description":"Erforderliche Formalit\u00e4ten: Anerkennung der Erwerbsminderung, Antragsstellung beim Versicherungstr\u00e4ger, Nachweise \u00fcber Sozialversicherungsbeitr\u00e4ge.","breadcrumb":{"@id":"https:\/\/frontaliers-grandest.eu\/de\/startseite\/grenzganger\/deutschland-luxemburg\/sozialversicherung\/die-invaliditatsversicherung\/welche-formalitaten-sind-fur-den-bezug-der-erwerbsunfahigkeitleistungen-erfordlich\/#breadcrumb"},"inLanguage":"de","potentialAction":[{"@type":"ReadAction","target":["https:\/\/frontaliers-grandest.eu\/de\/startseite\/grenzganger\/deutschland-luxemburg\/sozialversicherung\/die-invaliditatsversicherung\/welche-formalitaten-sind-fur-den-bezug-der-erwerbsunfahigkeitleistungen-erfordlich\/"]}]},{"@type":"BreadcrumbList","@id":"https:\/\/frontaliers-grandest.eu\/de\/startseite\/grenzganger\/deutschland-luxemburg\/sozialversicherung\/die-invaliditatsversicherung\/welche-formalitaten-sind-fur-den-bezug-der-erwerbsunfahigkeitleistungen-erfordlich\/#breadcrumb","itemListElement":[{"@type":"ListItem","position":1,"name":"Startseite","item":"https:\/\/frontaliers-grandest.eu\/de\/"},{"@type":"ListItem","position":2,"name":"Grenzg\u00e4nger","item":"https:\/\/frontaliers-grandest.eu\/de\/startseite\/grenzganger\/"},{"@type":"ListItem","position":3,"name":"Deutschland - Luxemburg","item":"https:\/\/frontaliers-grandest.eu\/de\/startseite\/grenzganger\/deutschland-luxemburg\/"},{"@type":"ListItem","position":4,"name":"Sozialversicherung in Luxemburg","item":"https:\/\/frontaliers-grandest.eu\/de\/startseite\/grenzganger\/deutschland-luxemburg\/sozialversicherung\/"},{"@type":"ListItem","position":5,"name":"Die Invalidit\u00e4tsversicherung","item":"https:\/\/frontaliers-grandest.eu\/de\/startseite\/grenzganger\/deutschland-luxemburg\/sozialversicherung\/die-invaliditatsversicherung\/"},{"@type":"ListItem","position":6,"name":"Welche Formalit\u00e4ten sind f\u00fcr den Bezug der Erwerbsunf\u00e4higkeitleistungen erfordlich?"}]},{"@type":"WebSite","@id":"https:\/\/frontaliers-grandest.eu\/de\/#website","url":"https:\/\/frontaliers-grandest.eu\/de\/","name":"Frontaliers Grand Est","description":"Le site ressource du travail frontalier","publisher":{"@id":"https:\/\/frontaliers-grandest.eu\/de\/#organization"},"alternateName":"Frontaliers Grand Est","potentialAction":[{"@type":"SearchAction","target":{"@type":"EntryPoint","urlTemplate":"https:\/\/frontaliers-grandest.eu\/de\/?s={search_term_string}"},"query-input":{"@type":"PropertyValueSpecification","valueRequired":true,"valueName":"search_term_string"}}],"inLanguage":"de"},{"@type":"Organization","@id":"https:\/\/frontaliers-grandest.eu\/de\/#organization","name":"Frontaliers Grand Est","alternateName":"Frontaliers Grand Est","url":"https:\/\/frontaliers-grandest.eu\/de\/","logo":{"@type":"ImageObject","inLanguage":"de","@id":"https:\/\/frontaliers-grandest.eu\/de\/#\/schema\/logo\/image\/","url":"https:\/\/frontaliers-grandest.eu\/wp-content\/uploads\/2025\/07\/260328234_2966785176920310_3332838526503858160_n.jpg","contentUrl":"https:\/\/frontaliers-grandest.eu\/wp-content\/uploads\/2025\/07\/260328234_2966785176920310_3332838526503858160_n.jpg","width":396,"height":396,"caption":"Frontaliers Grand Est"},"image":{"@id":"https:\/\/frontaliers-grandest.eu\/de\/#\/schema\/logo\/image\/"},"sameAs":["https:\/\/www.facebook.com\/frontaliers.GR.EST\/?locale=fr_FR"]}]}},"frge_page_order":"0","_links":{"self":[{"href":"https:\/\/frontaliers-grandest.eu\/de\/wp-json\/wp\/v2\/pages\/8720","targetHints":{"allow":["GET"]}}],"collection":[{"href":"https:\/\/frontaliers-grandest.eu\/de\/wp-json\/wp\/v2\/pages"}],"about":[{"href":"https:\/\/frontaliers-grandest.eu\/de\/wp-json\/wp\/v2\/types\/page"}],"author":[{"embeddable":true,"href":"https:\/\/frontaliers-grandest.eu\/de\/wp-json\/wp\/v2\/users\/7"}],"replies":[{"embeddable":true,"href":"https:\/\/frontaliers-grandest.eu\/de\/wp-json\/wp\/v2\/comments?post=8720"}],"version-history":[{"count":3,"href":"https:\/\/frontaliers-grandest.eu\/de\/wp-json\/wp\/v2\/pages\/8720\/revisions"}],"predecessor-version":[{"id":58427,"href":"https:\/\/frontaliers-grandest.eu\/de\/wp-json\/wp\/v2\/pages\/8720\/revisions\/58427"}],"up":[{"embeddable":true,"href":"https:\/\/frontaliers-grandest.eu\/de\/wp-json\/wp\/v2\/pages\/8718"}],"wp:attachment":[{"href":"https:\/\/frontaliers-grandest.eu\/de\/wp-json\/wp\/v2\/media?parent=8720"}],"wp:term":[{"taxonomy":"post_tag","embeddable":true,"href":"https:\/\/frontaliers-grandest.eu\/de\/wp-json\/wp\/v2\/tags?post=8720"},{"taxonomy":"frge_profile","embeddable":true,"href":"https:\/\/frontaliers-grandest.eu\/de\/wp-json\/wp\/v2\/frge_profile?post=8720"}],"curies":[{"name":"wp","href":"https:\/\/api.w.org\/{rel}","templated":true}]}}