{"id":8709,"date":"2021-06-15T15:20:09","date_gmt":"2021-06-15T13:20:09","guid":{"rendered":"https:\/\/frontaliers-grandest.eu\/?page_id=8709"},"modified":"2026-03-11T14:55:52","modified_gmt":"2026-03-11T13:55:52","slug":"von-welchem-land-bekomme-ich-die-familienleistungen","status":"publish","type":"page","link":"https:\/\/frontaliers-grandest.eu\/de\/startseite\/grenzganger\/deutschland-luxemburg\/sozialversicherung\/die-familienbeihilfe\/von-welchem-land-bekomme-ich-die-familienleistungen\/","title":{"rendered":"Von welchem Land bekomme ich die Familienleistungen ?"},"content":{"rendered":"\n<p>Der selbstst\u00e4ndige oder nicht-selbstst\u00e4ndige Arbeitnehmer, der der Gesetzgebung eines Mitgliedsstaats unterliegt (hier Luxemburg), hat f\u00fcr seine Familienmitglieder, die auf dem Gebiet eines anderen Mitgliedsstaats wohnen (hier Deutschland),&nbsp;<strong>Anspruch auf die im Besch\u00e4ftigungsland vorgesehenen gesetzlichen Familienleistungen, so als ob er auf dem Gebiet dieses Mitgliedsstaats wohnen w\u00fcrde<\/strong>&nbsp;(Verordnung 883\/2004 EG, Art. 67 + Art. 60).<\/p>\n\n\n\n<p><strong>Ein deutscher Grenzg\u00e4nger, der in Luxemburg arbeitet, hat im Prinzip Anspruch auf die luxemburgischen Familienbeihilfen,&nbsp;<\/strong>vorausgesetzt diese k\u00f6nnen exportiert werden.<\/p>\n\n\n\n<p><strong>Exportierbare Leistungen sind Leistungen, die der luxemburgische Staat gew\u00e4hrt, einschlie\u00dflich derer f\u00fcr Nicht-Inl\u00e4nder.<\/strong><\/p>\n\n\n\n<p><br>Sie werden entsprechend der luxemburgischen Gesetzgebung festgelegt und von der <strong>Caisse pour l\u2019Avenir des Enfants\/Zukunftskeess <\/strong>ausgezahlt.<\/p>\n\n\n\n<p>Laut Anhang I der Verordnung 883\/2004\/EG sind die besonderen Geburts- und Adoptionsbeihilfen vom Geltungsbereich der Verordnung ausgeschlossen.&nbsp;<strong>Grenzg\u00e4nger k\u00f6nnen daher diese Beihilfe nicht erhalten.<\/strong><\/p>\n\n\n\n<h2 class=\"wp-block-heading\"><strong>Eingrenzung der Zust\u00e4ndigkeit<\/strong>&nbsp;<\/h2>\n\n\n\n<p>Wenn Sie als Grenzg\u00e4nger in Deutschland wohnen und in Luxemburg arbeiten, haben Sie Anspruch auf luxemburgische Familienleistungen. In grenz\u00fcberschreitenden Situationen muss jedoch bestimmt werden, welches Land vorrangig f\u00fcr die Zahlung der Familienleistungen zust\u00e4ndig ist.<\/p>\n\n\n\n<p><strong>Was bedeutet das?<\/strong><\/p>\n\n\n\n<p>Sie k\u00f6nnen nicht 100 % der deutschen Leistungen und gleichzeitig 100 % der luxemburgischen Familienleistungen erhalten.<br>Ein Land ist vorrangig zust\u00e4ndig, und das andere Land kann Ihnen gegebenenfalls eine <strong>Differenzzahlung<\/strong> leisten. Dabei handelt es sich um einen m\u00f6glichen Zuschlag, den das zweite Land zahlt. Dieser wird auf Grundlage des Betrags berechnet, der vom vorrangig zust\u00e4ndigen Land gezahlt wird.<\/p>\n\n\n\n<p><strong>Wie wird das vorrangig zust\u00e4ndige Land bestimmt?<\/strong><\/p>\n\n\n\n<ul class=\"wp-block-list\">\n<li>Vorrang haben die luxemburgischen Familienleistungen, wenn beide Eltern ausschlie\u00dflich in Luxemburg arbeiten, wenn Sie Ihr(e) Kind(er) allein erziehen oder wenn nur ein Elternteil Einkommen hat und dieses aus Luxemburg stammt.<\/li>\n\n\n\n<li>Wenn die Kinder in Deutschland wohnen und ein Elternteil in Deutschland arbeitet (oder Arbeitslosengeld bzw. Krankengeld bezieht), ist Deutschland vorrangig f\u00fcr die Zahlung der Familienleistungen zust\u00e4ndig.<\/li>\n<\/ul>\n\n\n\n<p>Ist die H\u00f6he dieser Leistungen jedoch geringer als die, die dem Arbeitnehmer nach luxemburgischem Gesetz zust\u00fcnden, dann<strong>&nbsp;zahlt ihm der luxemburgische Tr\u00e4ger den Differenzbetrag als Ausgleich aus<\/strong>.<\/p>\n\n\n\n<h2 class=\"wp-block-heading\"><strong>Formalit\u00e4ten zum Erhalt von Familienleistungen in Luxemburg&nbsp;<\/strong><\/h2>\n\n\n\n<p><strong>Zahlung der gesamten Familienleistungen oder der Ausgleichszahlung durch Luxemburg:<\/strong>\u00a0Die folgenden Unterlagen m\u00fcssen bei der Caisse pour l&#8217;avenir des enfants (CAE)\/Zukunftskeess eingereicht werden:<\/p>\n\n\n\n<ul class=\"wp-block-list\">\n<li>ein&nbsp;<strong>Antragsformular&nbsp;<\/strong>auf Gew\u00e4hrung von Kindergeld (verf\u00fcgbar bei der CAE oder als Download auf der Homepage der CAE),<\/li>\n\n\n\n<li>eine aktuelle&nbsp;<strong>Bescheinigung \u00fcber die Haushaltszusammensetzung,<\/strong><\/li>\n\n\n\n<li>ein<strong>&nbsp;Auszug aus der Geburtsurkunde&nbsp;<\/strong>des Kindes oder der Kinder, f\u00fcr die gezahlt wird, und gegebenenfalls desjenigen, an den die Familienleistungen ausgezahlt werden sollen,<\/li>\n\n\n\n<li>die&nbsp;<strong>Bankverbindung&nbsp;<\/strong>oder eine Bescheinigung \u00fcber den Sitz der Bank, falls das Geld ins Ausland \u00fcberwiesen werden soll,<\/li>\n\n\n\n<li>eine&nbsp;<strong>Bescheinigung \u00fcber die Zahlungseinstellung bzw. die Nicht-Zahlung<\/strong>&nbsp;durch die Familienkasse.<\/li>\n<\/ul>\n","protected":false},"excerpt":{"rendered":"<p>Der selbstst\u00e4ndige oder nicht-selbstst\u00e4ndige Arbeitnehmer, der der Gesetzgebung eines Mitgliedsstaats unterliegt (hier Luxemburg), hat f\u00fcr seine Familienmitglieder, die auf dem Gebiet eines anderen Mitgliedsstaats wohnen (hier Deutschland),&nbsp;Anspruch auf die im Besch\u00e4ftigungsland vorgesehenen gesetzlichen Familienleistungen, so als ob er auf dem Gebiet dieses Mitgliedsstaats wohnen w\u00fcrde&nbsp;(Verordnung 883\/2004 EG, Art. 67 + Art. 60). Ein deutscher Grenzg\u00e4nger, [&hellip;]<\/p>\n","protected":false},"author":7,"featured_media":0,"parent":8707,"menu_order":0,"comment_status":"closed","ping_status":"closed","template":"","meta":{"inline_featured_image":false,"footnotes":""},"tags":[461,888,517],"frge_profile":[225],"class_list":["post-8709","page","type-page","status-publish","hentry","tag-arbeitnehmer","tag-die-familienbeihilfe","tag-grengaenger","frge_profile-arbeitnehmer"],"yoast_head":"<!-- This site is optimized with the Yoast SEO plugin v27.1.1 - https:\/\/yoast.com\/product\/yoast-seo-wordpress\/ -->\n<title>Von welchem Land bekomme ich die Familienleistungen ? - Frontaliers Grand Est<\/title>\n<meta name=\"description\" content=\"Auf dieser Seite finden Sie alle wichtigen Informationen zum Thema Kindergeld, wenn Sie in Luxemburg arbeiten und in Deutschland wohnen.\" \/>\n<meta name=\"robots\" content=\"index, follow, max-snippet:-1, max-image-preview:large, max-video-preview:-1\" \/>\n<link rel=\"canonical\" href=\"https:\/\/frontaliers-grandest.eu\/de\/startseite\/grenzganger\/deutschland-luxemburg\/sozialversicherung\/die-familienbeihilfe\/von-welchem-land-bekomme-ich-die-familienleistungen\/\" \/>\n<meta property=\"og:locale\" content=\"de_DE\" \/>\n<meta property=\"og:type\" content=\"article\" \/>\n<meta property=\"og:title\" content=\"Von welchem Land bekomme ich die Familienleistungen ? - Frontaliers Grand Est\" \/>\n<meta property=\"og:description\" content=\"Auf dieser Seite finden Sie alle wichtigen Informationen zum Thema Kindergeld, wenn Sie in Luxemburg arbeiten und in Deutschland wohnen.\" \/>\n<meta property=\"og:url\" content=\"https:\/\/frontaliers-grandest.eu\/de\/startseite\/grenzganger\/deutschland-luxemburg\/sozialversicherung\/die-familienbeihilfe\/von-welchem-land-bekomme-ich-die-familienleistungen\/\" \/>\n<meta property=\"og:site_name\" content=\"Frontaliers Grand Est\" \/>\n<meta property=\"article:publisher\" content=\"https:\/\/www.facebook.com\/frontaliers.GR.EST\/?locale=fr_FR\" \/>\n<meta property=\"article:modified_time\" content=\"2026-03-11T13:55:52+00:00\" \/>\n<meta name=\"twitter:card\" content=\"summary_large_image\" \/>\n<meta name=\"twitter:label1\" content=\"Gesch\u00e4tzte Lesezeit\" \/>\n\t<meta name=\"twitter:data1\" content=\"3\u00a0Minuten\" \/>\n<script type=\"application\/ld+json\" class=\"yoast-schema-graph\">{\"@context\":\"https:\/\/schema.org\",\"@graph\":[{\"@type\":\"WebPage\",\"@id\":\"https:\/\/frontaliers-grandest.eu\/de\/startseite\/grenzganger\/deutschland-luxemburg\/sozialversicherung\/die-familienbeihilfe\/von-welchem-land-bekomme-ich-die-familienleistungen\/\",\"url\":\"https:\/\/frontaliers-grandest.eu\/de\/startseite\/grenzganger\/deutschland-luxemburg\/sozialversicherung\/die-familienbeihilfe\/von-welchem-land-bekomme-ich-die-familienleistungen\/\",\"name\":\"Von welchem Land bekomme ich die Familienleistungen ? - Frontaliers Grand Est\",\"isPartOf\":{\"@id\":\"https:\/\/frontaliers-grandest.eu\/de\/#website\"},\"datePublished\":\"2021-06-15T13:20:09+00:00\",\"dateModified\":\"2026-03-11T13:55:52+00:00\",\"description\":\"Auf dieser Seite finden Sie alle wichtigen Informationen zum Thema Kindergeld, wenn Sie in Luxemburg arbeiten und in Deutschland wohnen.\",\"breadcrumb\":{\"@id\":\"https:\/\/frontaliers-grandest.eu\/de\/startseite\/grenzganger\/deutschland-luxemburg\/sozialversicherung\/die-familienbeihilfe\/von-welchem-land-bekomme-ich-die-familienleistungen\/#breadcrumb\"},\"inLanguage\":\"de\",\"potentialAction\":[{\"@type\":\"ReadAction\",\"target\":[\"https:\/\/frontaliers-grandest.eu\/de\/startseite\/grenzganger\/deutschland-luxemburg\/sozialversicherung\/die-familienbeihilfe\/von-welchem-land-bekomme-ich-die-familienleistungen\/\"]}]},{\"@type\":\"BreadcrumbList\",\"@id\":\"https:\/\/frontaliers-grandest.eu\/de\/startseite\/grenzganger\/deutschland-luxemburg\/sozialversicherung\/die-familienbeihilfe\/von-welchem-land-bekomme-ich-die-familienleistungen\/#breadcrumb\",\"itemListElement\":[{\"@type\":\"ListItem\",\"position\":1,\"name\":\"Startseite\",\"item\":\"https:\/\/frontaliers-grandest.eu\/de\/\"},{\"@type\":\"ListItem\",\"position\":2,\"name\":\"Grenzg\u00e4nger\",\"item\":\"https:\/\/frontaliers-grandest.eu\/de\/startseite\/grenzganger\/\"},{\"@type\":\"ListItem\",\"position\":3,\"name\":\"Deutschland - Luxemburg\",\"item\":\"https:\/\/frontaliers-grandest.eu\/de\/startseite\/grenzganger\/deutschland-luxemburg\/\"},{\"@type\":\"ListItem\",\"position\":4,\"name\":\"Sozialversicherung in Luxemburg\",\"item\":\"https:\/\/frontaliers-grandest.eu\/de\/startseite\/grenzganger\/deutschland-luxemburg\/sozialversicherung\/\"},{\"@type\":\"ListItem\",\"position\":5,\"name\":\"Die Familienbeihilfe\",\"item\":\"https:\/\/frontaliers-grandest.eu\/de\/startseite\/grenzganger\/deutschland-luxemburg\/sozialversicherung\/die-familienbeihilfe\/\"},{\"@type\":\"ListItem\",\"position\":6,\"name\":\"Von welchem Land bekomme ich die Familienleistungen ?\"}]},{\"@type\":\"WebSite\",\"@id\":\"https:\/\/frontaliers-grandest.eu\/de\/#website\",\"url\":\"https:\/\/frontaliers-grandest.eu\/de\/\",\"name\":\"Frontaliers Grand Est\",\"description\":\"Le site ressource du travail frontalier\",\"publisher\":{\"@id\":\"https:\/\/frontaliers-grandest.eu\/de\/#organization\"},\"alternateName\":\"Frontaliers Grand Est\",\"potentialAction\":[{\"@type\":\"SearchAction\",\"target\":{\"@type\":\"EntryPoint\",\"urlTemplate\":\"https:\/\/frontaliers-grandest.eu\/de\/?s={search_term_string}\"},\"query-input\":{\"@type\":\"PropertyValueSpecification\",\"valueRequired\":true,\"valueName\":\"search_term_string\"}}],\"inLanguage\":\"de\"},{\"@type\":\"Organization\",\"@id\":\"https:\/\/frontaliers-grandest.eu\/de\/#organization\",\"name\":\"Frontaliers Grand Est\",\"alternateName\":\"Frontaliers Grand Est\",\"url\":\"https:\/\/frontaliers-grandest.eu\/de\/\",\"logo\":{\"@type\":\"ImageObject\",\"inLanguage\":\"de\",\"@id\":\"https:\/\/frontaliers-grandest.eu\/de\/#\/schema\/logo\/image\/\",\"url\":\"https:\/\/frontaliers-grandest.eu\/wp-content\/uploads\/2025\/07\/260328234_2966785176920310_3332838526503858160_n.jpg\",\"contentUrl\":\"https:\/\/frontaliers-grandest.eu\/wp-content\/uploads\/2025\/07\/260328234_2966785176920310_3332838526503858160_n.jpg\",\"width\":396,\"height\":396,\"caption\":\"Frontaliers Grand Est\"},\"image\":{\"@id\":\"https:\/\/frontaliers-grandest.eu\/de\/#\/schema\/logo\/image\/\"},\"sameAs\":[\"https:\/\/www.facebook.com\/frontaliers.GR.EST\/?locale=fr_FR\"]}]}<\/script>\n<!-- \/ Yoast SEO plugin. -->","yoast_head_json":{"title":"Von welchem Land bekomme ich die Familienleistungen ? - Frontaliers Grand Est","description":"Auf dieser Seite finden Sie alle wichtigen Informationen zum Thema Kindergeld, wenn Sie in Luxemburg arbeiten und in Deutschland wohnen.","robots":{"index":"index","follow":"follow","max-snippet":"max-snippet:-1","max-image-preview":"max-image-preview:large","max-video-preview":"max-video-preview:-1"},"canonical":"https:\/\/frontaliers-grandest.eu\/de\/startseite\/grenzganger\/deutschland-luxemburg\/sozialversicherung\/die-familienbeihilfe\/von-welchem-land-bekomme-ich-die-familienleistungen\/","og_locale":"de_DE","og_type":"article","og_title":"Von welchem Land bekomme ich die Familienleistungen ? - Frontaliers Grand Est","og_description":"Auf dieser Seite finden Sie alle wichtigen Informationen zum Thema Kindergeld, wenn Sie in Luxemburg arbeiten und in Deutschland wohnen.","og_url":"https:\/\/frontaliers-grandest.eu\/de\/startseite\/grenzganger\/deutschland-luxemburg\/sozialversicherung\/die-familienbeihilfe\/von-welchem-land-bekomme-ich-die-familienleistungen\/","og_site_name":"Frontaliers Grand Est","article_publisher":"https:\/\/www.facebook.com\/frontaliers.GR.EST\/?locale=fr_FR","article_modified_time":"2026-03-11T13:55:52+00:00","twitter_card":"summary_large_image","twitter_misc":{"Gesch\u00e4tzte Lesezeit":"3\u00a0Minuten"},"schema":{"@context":"https:\/\/schema.org","@graph":[{"@type":"WebPage","@id":"https:\/\/frontaliers-grandest.eu\/de\/startseite\/grenzganger\/deutschland-luxemburg\/sozialversicherung\/die-familienbeihilfe\/von-welchem-land-bekomme-ich-die-familienleistungen\/","url":"https:\/\/frontaliers-grandest.eu\/de\/startseite\/grenzganger\/deutschland-luxemburg\/sozialversicherung\/die-familienbeihilfe\/von-welchem-land-bekomme-ich-die-familienleistungen\/","name":"Von welchem Land bekomme ich die Familienleistungen ? - Frontaliers Grand Est","isPartOf":{"@id":"https:\/\/frontaliers-grandest.eu\/de\/#website"},"datePublished":"2021-06-15T13:20:09+00:00","dateModified":"2026-03-11T13:55:52+00:00","description":"Auf dieser Seite finden Sie alle wichtigen Informationen zum Thema Kindergeld, wenn Sie in Luxemburg arbeiten und in Deutschland wohnen.","breadcrumb":{"@id":"https:\/\/frontaliers-grandest.eu\/de\/startseite\/grenzganger\/deutschland-luxemburg\/sozialversicherung\/die-familienbeihilfe\/von-welchem-land-bekomme-ich-die-familienleistungen\/#breadcrumb"},"inLanguage":"de","potentialAction":[{"@type":"ReadAction","target":["https:\/\/frontaliers-grandest.eu\/de\/startseite\/grenzganger\/deutschland-luxemburg\/sozialversicherung\/die-familienbeihilfe\/von-welchem-land-bekomme-ich-die-familienleistungen\/"]}]},{"@type":"BreadcrumbList","@id":"https:\/\/frontaliers-grandest.eu\/de\/startseite\/grenzganger\/deutschland-luxemburg\/sozialversicherung\/die-familienbeihilfe\/von-welchem-land-bekomme-ich-die-familienleistungen\/#breadcrumb","itemListElement":[{"@type":"ListItem","position":1,"name":"Startseite","item":"https:\/\/frontaliers-grandest.eu\/de\/"},{"@type":"ListItem","position":2,"name":"Grenzg\u00e4nger","item":"https:\/\/frontaliers-grandest.eu\/de\/startseite\/grenzganger\/"},{"@type":"ListItem","position":3,"name":"Deutschland - Luxemburg","item":"https:\/\/frontaliers-grandest.eu\/de\/startseite\/grenzganger\/deutschland-luxemburg\/"},{"@type":"ListItem","position":4,"name":"Sozialversicherung in Luxemburg","item":"https:\/\/frontaliers-grandest.eu\/de\/startseite\/grenzganger\/deutschland-luxemburg\/sozialversicherung\/"},{"@type":"ListItem","position":5,"name":"Die Familienbeihilfe","item":"https:\/\/frontaliers-grandest.eu\/de\/startseite\/grenzganger\/deutschland-luxemburg\/sozialversicherung\/die-familienbeihilfe\/"},{"@type":"ListItem","position":6,"name":"Von welchem Land bekomme ich die Familienleistungen ?"}]},{"@type":"WebSite","@id":"https:\/\/frontaliers-grandest.eu\/de\/#website","url":"https:\/\/frontaliers-grandest.eu\/de\/","name":"Frontaliers Grand Est","description":"Le site ressource du travail frontalier","publisher":{"@id":"https:\/\/frontaliers-grandest.eu\/de\/#organization"},"alternateName":"Frontaliers Grand Est","potentialAction":[{"@type":"SearchAction","target":{"@type":"EntryPoint","urlTemplate":"https:\/\/frontaliers-grandest.eu\/de\/?s={search_term_string}"},"query-input":{"@type":"PropertyValueSpecification","valueRequired":true,"valueName":"search_term_string"}}],"inLanguage":"de"},{"@type":"Organization","@id":"https:\/\/frontaliers-grandest.eu\/de\/#organization","name":"Frontaliers Grand Est","alternateName":"Frontaliers Grand Est","url":"https:\/\/frontaliers-grandest.eu\/de\/","logo":{"@type":"ImageObject","inLanguage":"de","@id":"https:\/\/frontaliers-grandest.eu\/de\/#\/schema\/logo\/image\/","url":"https:\/\/frontaliers-grandest.eu\/wp-content\/uploads\/2025\/07\/260328234_2966785176920310_3332838526503858160_n.jpg","contentUrl":"https:\/\/frontaliers-grandest.eu\/wp-content\/uploads\/2025\/07\/260328234_2966785176920310_3332838526503858160_n.jpg","width":396,"height":396,"caption":"Frontaliers Grand Est"},"image":{"@id":"https:\/\/frontaliers-grandest.eu\/de\/#\/schema\/logo\/image\/"},"sameAs":["https:\/\/www.facebook.com\/frontaliers.GR.EST\/?locale=fr_FR"]}]}},"frge_page_order":"0","_links":{"self":[{"href":"https:\/\/frontaliers-grandest.eu\/de\/wp-json\/wp\/v2\/pages\/8709","targetHints":{"allow":["GET"]}}],"collection":[{"href":"https:\/\/frontaliers-grandest.eu\/de\/wp-json\/wp\/v2\/pages"}],"about":[{"href":"https:\/\/frontaliers-grandest.eu\/de\/wp-json\/wp\/v2\/types\/page"}],"author":[{"embeddable":true,"href":"https:\/\/frontaliers-grandest.eu\/de\/wp-json\/wp\/v2\/users\/7"}],"replies":[{"embeddable":true,"href":"https:\/\/frontaliers-grandest.eu\/de\/wp-json\/wp\/v2\/comments?post=8709"}],"version-history":[{"count":3,"href":"https:\/\/frontaliers-grandest.eu\/de\/wp-json\/wp\/v2\/pages\/8709\/revisions"}],"predecessor-version":[{"id":58345,"href":"https:\/\/frontaliers-grandest.eu\/de\/wp-json\/wp\/v2\/pages\/8709\/revisions\/58345"}],"up":[{"embeddable":true,"href":"https:\/\/frontaliers-grandest.eu\/de\/wp-json\/wp\/v2\/pages\/8707"}],"wp:attachment":[{"href":"https:\/\/frontaliers-grandest.eu\/de\/wp-json\/wp\/v2\/media?parent=8709"}],"wp:term":[{"taxonomy":"post_tag","embeddable":true,"href":"https:\/\/frontaliers-grandest.eu\/de\/wp-json\/wp\/v2\/tags?post=8709"},{"taxonomy":"frge_profile","embeddable":true,"href":"https:\/\/frontaliers-grandest.eu\/de\/wp-json\/wp\/v2\/frge_profile?post=8709"}],"curies":[{"name":"wp","href":"https:\/\/api.w.org\/{rel}","templated":true}]}}