{"id":8697,"date":"2021-06-15T15:11:25","date_gmt":"2021-06-15T13:11:25","guid":{"rendered":"https:\/\/frontaliers-grandest.eu\/?page_id=8697"},"modified":"2021-06-15T15:11:25","modified_gmt":"2021-06-15T13:11:25","slug":"wie-ist-ihr-mutterschutz","status":"publish","type":"page","link":"https:\/\/frontaliers-grandest.eu\/de\/startseite\/grenzganger\/deutschland-luxemburg\/sozialversicherung\/die-mutterschaftsversicherung\/wie-ist-ihr-mutterschutz\/","title":{"rendered":"Wie ist Ihr Mutterschutz ?"},"content":{"rendered":"\n<p>Mutterschaftsurlaub wird gew\u00e4hrt, wenn die Arbeitnehmerin innerhalb der\u00a0<strong>letzten zw\u00f6lf Monate vor dem Mutterschaftsurlaub mindestens sechs Monate versichert war.<\/strong><\/p>\n\n\n\n<h4 class=\"wp-block-heading\"><strong>Sachleistungen<\/strong>\u00a0<\/h4>\n\n\n\n<p>Anspruchsberechtigt sind Frauen, die pers\u00f6nlich oder als Mitversicherte versichert sind unter den gleichen Bedingungen wie bei Leistungen im Krankheitsfall. Mitversicherte erhalten einen Pauschbetrag,&nbsp;der jede Leistung getrennt auff\u00fchrt und folgende Leistungen umfasst:<\/p>\n\n\n\n<ul class=\"wp-block-list\"><li>Hebammenleistungen und medizinische Hilfe,<\/li><li>Mutterschaftskosten,<\/li><li>Heilnahrung f\u00fcr den S\u00e4ugling,<\/li><li>pharmazeutische Hilfsmittel,<\/li><li>Krankenhauskosten.<\/li><\/ul>\n\n\n\n<h4 class=\"wp-block-heading\"><strong>Geldleistungen<\/strong>\u00a0<\/h4>\n\n\n\n<p><strong>H\u00f6he des Mutterschaftsgeldes:&nbsp;<\/strong>Bei Arbeitnehmerinnen entspricht das Mutterschaftsgeld dem beitragspflichtigen Bruttoentgelt, das die Selbstversicherte bezogen h\u00e4tte, wenn sie weiter gearbeitet h\u00e4tte (abz\u00fcglich Sozialbeitr\u00e4ge und Steuern).<\/p>\n\n\n\n<p>Das Mutterschaftsgeld wird&nbsp;<strong>direkt von der Krankenkasse bezahlt.&nbsp;<\/strong>Es wird kein 13. Monatsgehalt und keine Gratifikation ber\u00fccksichtigt.<\/p>\n","protected":false},"excerpt":{"rendered":"<p>Mutterschaftsurlaub wird gew\u00e4hrt, wenn die Arbeitnehmerin innerhalb der\u00a0letzten zw\u00f6lf Monate vor dem Mutterschaftsurlaub mindestens sechs Monate versichert war. Sachleistungen\u00a0 Anspruchsberechtigt sind Frauen, die pers\u00f6nlich oder als Mitversicherte versichert sind unter den gleichen Bedingungen wie bei Leistungen im Krankheitsfall. Mitversicherte erhalten einen Pauschbetrag,&nbsp;der jede Leistung getrennt auff\u00fchrt und folgende Leistungen umfasst: Hebammenleistungen und medizinische Hilfe, Mutterschaftskosten, [&hellip;]<\/p>\n","protected":false},"author":7,"featured_media":0,"parent":8695,"menu_order":0,"comment_status":"closed","ping_status":"closed","template":"","meta":{"inline_featured_image":false,"footnotes":""},"tags":[],"frge_profile":[],"class_list":["post-8697","page","type-page","status-publish","hentry"],"yoast_head":"<!-- This site is optimized with the Yoast SEO plugin v27.1.1 - https:\/\/yoast.com\/product\/yoast-seo-wordpress\/ -->\n<title>Wie ist Ihr Mutterschutz ? - Frontaliers Grand Est<\/title>\n<meta name=\"robots\" content=\"index, follow, max-snippet:-1, max-image-preview:large, max-video-preview:-1\" \/>\n<link rel=\"canonical\" href=\"https:\/\/frontaliers-grandest.eu\/de\/startseite\/grenzganger\/deutschland-luxemburg\/sozialversicherung\/die-mutterschaftsversicherung\/wie-ist-ihr-mutterschutz\/\" \/>\n<meta property=\"og:locale\" content=\"de_DE\" \/>\n<meta property=\"og:type\" content=\"article\" \/>\n<meta property=\"og:title\" content=\"Wie ist Ihr Mutterschutz ? - Frontaliers Grand Est\" \/>\n<meta property=\"og:description\" content=\"Mutterschaftsurlaub wird gew\u00e4hrt, wenn die Arbeitnehmerin innerhalb der\u00a0letzten zw\u00f6lf Monate vor dem Mutterschaftsurlaub mindestens sechs Monate versichert war. Sachleistungen\u00a0 Anspruchsberechtigt sind Frauen, die pers\u00f6nlich oder als Mitversicherte versichert sind unter den gleichen Bedingungen wie bei Leistungen im Krankheitsfall. Mitversicherte erhalten einen Pauschbetrag,&nbsp;der jede Leistung getrennt auff\u00fchrt und folgende Leistungen umfasst: Hebammenleistungen und medizinische Hilfe, Mutterschaftskosten, [&hellip;]\" \/>\n<meta property=\"og:url\" content=\"https:\/\/frontaliers-grandest.eu\/de\/startseite\/grenzganger\/deutschland-luxemburg\/sozialversicherung\/die-mutterschaftsversicherung\/wie-ist-ihr-mutterschutz\/\" \/>\n<meta property=\"og:site_name\" content=\"Frontaliers Grand Est\" \/>\n<meta property=\"article:publisher\" content=\"https:\/\/www.facebook.com\/frontaliers.GR.EST\/?locale=fr_FR\" \/>\n<meta name=\"twitter:card\" content=\"summary_large_image\" \/>\n<meta name=\"twitter:label1\" content=\"Gesch\u00e4tzte Lesezeit\" \/>\n\t<meta name=\"twitter:data1\" content=\"1\u00a0Minute\" \/>\n<script type=\"application\/ld+json\" class=\"yoast-schema-graph\">{\"@context\":\"https:\/\/schema.org\",\"@graph\":[{\"@type\":\"WebPage\",\"@id\":\"https:\/\/frontaliers-grandest.eu\/de\/startseite\/grenzganger\/deutschland-luxemburg\/sozialversicherung\/die-mutterschaftsversicherung\/wie-ist-ihr-mutterschutz\/\",\"url\":\"https:\/\/frontaliers-grandest.eu\/de\/startseite\/grenzganger\/deutschland-luxemburg\/sozialversicherung\/die-mutterschaftsversicherung\/wie-ist-ihr-mutterschutz\/\",\"name\":\"Wie ist Ihr Mutterschutz ? - Frontaliers Grand Est\",\"isPartOf\":{\"@id\":\"https:\/\/frontaliers-grandest.eu\/de\/#website\"},\"datePublished\":\"2021-06-15T13:11:25+00:00\",\"breadcrumb\":{\"@id\":\"https:\/\/frontaliers-grandest.eu\/de\/startseite\/grenzganger\/deutschland-luxemburg\/sozialversicherung\/die-mutterschaftsversicherung\/wie-ist-ihr-mutterschutz\/#breadcrumb\"},\"inLanguage\":\"de\",\"potentialAction\":[{\"@type\":\"ReadAction\",\"target\":[\"https:\/\/frontaliers-grandest.eu\/de\/startseite\/grenzganger\/deutschland-luxemburg\/sozialversicherung\/die-mutterschaftsversicherung\/wie-ist-ihr-mutterschutz\/\"]}]},{\"@type\":\"BreadcrumbList\",\"@id\":\"https:\/\/frontaliers-grandest.eu\/de\/startseite\/grenzganger\/deutschland-luxemburg\/sozialversicherung\/die-mutterschaftsversicherung\/wie-ist-ihr-mutterschutz\/#breadcrumb\",\"itemListElement\":[{\"@type\":\"ListItem\",\"position\":1,\"name\":\"Startseite\",\"item\":\"https:\/\/frontaliers-grandest.eu\/de\/\"},{\"@type\":\"ListItem\",\"position\":2,\"name\":\"Grenzg\u00e4nger\",\"item\":\"https:\/\/frontaliers-grandest.eu\/de\/startseite\/grenzganger\/\"},{\"@type\":\"ListItem\",\"position\":3,\"name\":\"Deutschland - Luxemburg\",\"item\":\"https:\/\/frontaliers-grandest.eu\/de\/startseite\/grenzganger\/deutschland-luxemburg\/\"},{\"@type\":\"ListItem\",\"position\":4,\"name\":\"Sozialversicherung in Luxemburg\",\"item\":\"https:\/\/frontaliers-grandest.eu\/de\/startseite\/grenzganger\/deutschland-luxemburg\/sozialversicherung\/\"},{\"@type\":\"ListItem\",\"position\":5,\"name\":\"Die Mutterschaftsversicherung\",\"item\":\"https:\/\/frontaliers-grandest.eu\/de\/startseite\/grenzganger\/deutschland-luxemburg\/sozialversicherung\/die-mutterschaftsversicherung\/\"},{\"@type\":\"ListItem\",\"position\":6,\"name\":\"Wie ist Ihr Mutterschutz ?\"}]},{\"@type\":\"WebSite\",\"@id\":\"https:\/\/frontaliers-grandest.eu\/de\/#website\",\"url\":\"https:\/\/frontaliers-grandest.eu\/de\/\",\"name\":\"Frontaliers Grand Est\",\"description\":\"Le site ressource du travail frontalier\",\"publisher\":{\"@id\":\"https:\/\/frontaliers-grandest.eu\/de\/#organization\"},\"alternateName\":\"Frontaliers Grand Est\",\"potentialAction\":[{\"@type\":\"SearchAction\",\"target\":{\"@type\":\"EntryPoint\",\"urlTemplate\":\"https:\/\/frontaliers-grandest.eu\/de\/?s={search_term_string}\"},\"query-input\":{\"@type\":\"PropertyValueSpecification\",\"valueRequired\":true,\"valueName\":\"search_term_string\"}}],\"inLanguage\":\"de\"},{\"@type\":\"Organization\",\"@id\":\"https:\/\/frontaliers-grandest.eu\/de\/#organization\",\"name\":\"Frontaliers Grand Est\",\"alternateName\":\"Frontaliers Grand Est\",\"url\":\"https:\/\/frontaliers-grandest.eu\/de\/\",\"logo\":{\"@type\":\"ImageObject\",\"inLanguage\":\"de\",\"@id\":\"https:\/\/frontaliers-grandest.eu\/de\/#\/schema\/logo\/image\/\",\"url\":\"https:\/\/frontaliers-grandest.eu\/wp-content\/uploads\/2025\/07\/260328234_2966785176920310_3332838526503858160_n.jpg\",\"contentUrl\":\"https:\/\/frontaliers-grandest.eu\/wp-content\/uploads\/2025\/07\/260328234_2966785176920310_3332838526503858160_n.jpg\",\"width\":396,\"height\":396,\"caption\":\"Frontaliers Grand Est\"},\"image\":{\"@id\":\"https:\/\/frontaliers-grandest.eu\/de\/#\/schema\/logo\/image\/\"},\"sameAs\":[\"https:\/\/www.facebook.com\/frontaliers.GR.EST\/?locale=fr_FR\"]}]}<\/script>\n<!-- \/ Yoast SEO plugin. -->","yoast_head_json":{"title":"Wie ist Ihr Mutterschutz ? - Frontaliers Grand Est","robots":{"index":"index","follow":"follow","max-snippet":"max-snippet:-1","max-image-preview":"max-image-preview:large","max-video-preview":"max-video-preview:-1"},"canonical":"https:\/\/frontaliers-grandest.eu\/de\/startseite\/grenzganger\/deutschland-luxemburg\/sozialversicherung\/die-mutterschaftsversicherung\/wie-ist-ihr-mutterschutz\/","og_locale":"de_DE","og_type":"article","og_title":"Wie ist Ihr Mutterschutz ? - Frontaliers Grand Est","og_description":"Mutterschaftsurlaub wird gew\u00e4hrt, wenn die Arbeitnehmerin innerhalb der\u00a0letzten zw\u00f6lf Monate vor dem Mutterschaftsurlaub mindestens sechs Monate versichert war. Sachleistungen\u00a0 Anspruchsberechtigt sind Frauen, die pers\u00f6nlich oder als Mitversicherte versichert sind unter den gleichen Bedingungen wie bei Leistungen im Krankheitsfall. Mitversicherte erhalten einen Pauschbetrag,&nbsp;der jede Leistung getrennt auff\u00fchrt und folgende Leistungen umfasst: Hebammenleistungen und medizinische Hilfe, Mutterschaftskosten, [&hellip;]","og_url":"https:\/\/frontaliers-grandest.eu\/de\/startseite\/grenzganger\/deutschland-luxemburg\/sozialversicherung\/die-mutterschaftsversicherung\/wie-ist-ihr-mutterschutz\/","og_site_name":"Frontaliers Grand Est","article_publisher":"https:\/\/www.facebook.com\/frontaliers.GR.EST\/?locale=fr_FR","twitter_card":"summary_large_image","twitter_misc":{"Gesch\u00e4tzte Lesezeit":"1\u00a0Minute"},"schema":{"@context":"https:\/\/schema.org","@graph":[{"@type":"WebPage","@id":"https:\/\/frontaliers-grandest.eu\/de\/startseite\/grenzganger\/deutschland-luxemburg\/sozialversicherung\/die-mutterschaftsversicherung\/wie-ist-ihr-mutterschutz\/","url":"https:\/\/frontaliers-grandest.eu\/de\/startseite\/grenzganger\/deutschland-luxemburg\/sozialversicherung\/die-mutterschaftsversicherung\/wie-ist-ihr-mutterschutz\/","name":"Wie ist Ihr Mutterschutz ? - Frontaliers Grand Est","isPartOf":{"@id":"https:\/\/frontaliers-grandest.eu\/de\/#website"},"datePublished":"2021-06-15T13:11:25+00:00","breadcrumb":{"@id":"https:\/\/frontaliers-grandest.eu\/de\/startseite\/grenzganger\/deutschland-luxemburg\/sozialversicherung\/die-mutterschaftsversicherung\/wie-ist-ihr-mutterschutz\/#breadcrumb"},"inLanguage":"de","potentialAction":[{"@type":"ReadAction","target":["https:\/\/frontaliers-grandest.eu\/de\/startseite\/grenzganger\/deutschland-luxemburg\/sozialversicherung\/die-mutterschaftsversicherung\/wie-ist-ihr-mutterschutz\/"]}]},{"@type":"BreadcrumbList","@id":"https:\/\/frontaliers-grandest.eu\/de\/startseite\/grenzganger\/deutschland-luxemburg\/sozialversicherung\/die-mutterschaftsversicherung\/wie-ist-ihr-mutterschutz\/#breadcrumb","itemListElement":[{"@type":"ListItem","position":1,"name":"Startseite","item":"https:\/\/frontaliers-grandest.eu\/de\/"},{"@type":"ListItem","position":2,"name":"Grenzg\u00e4nger","item":"https:\/\/frontaliers-grandest.eu\/de\/startseite\/grenzganger\/"},{"@type":"ListItem","position":3,"name":"Deutschland - Luxemburg","item":"https:\/\/frontaliers-grandest.eu\/de\/startseite\/grenzganger\/deutschland-luxemburg\/"},{"@type":"ListItem","position":4,"name":"Sozialversicherung in Luxemburg","item":"https:\/\/frontaliers-grandest.eu\/de\/startseite\/grenzganger\/deutschland-luxemburg\/sozialversicherung\/"},{"@type":"ListItem","position":5,"name":"Die Mutterschaftsversicherung","item":"https:\/\/frontaliers-grandest.eu\/de\/startseite\/grenzganger\/deutschland-luxemburg\/sozialversicherung\/die-mutterschaftsversicherung\/"},{"@type":"ListItem","position":6,"name":"Wie ist Ihr Mutterschutz ?"}]},{"@type":"WebSite","@id":"https:\/\/frontaliers-grandest.eu\/de\/#website","url":"https:\/\/frontaliers-grandest.eu\/de\/","name":"Frontaliers Grand Est","description":"Le site ressource du travail frontalier","publisher":{"@id":"https:\/\/frontaliers-grandest.eu\/de\/#organization"},"alternateName":"Frontaliers Grand Est","potentialAction":[{"@type":"SearchAction","target":{"@type":"EntryPoint","urlTemplate":"https:\/\/frontaliers-grandest.eu\/de\/?s={search_term_string}"},"query-input":{"@type":"PropertyValueSpecification","valueRequired":true,"valueName":"search_term_string"}}],"inLanguage":"de"},{"@type":"Organization","@id":"https:\/\/frontaliers-grandest.eu\/de\/#organization","name":"Frontaliers Grand Est","alternateName":"Frontaliers Grand Est","url":"https:\/\/frontaliers-grandest.eu\/de\/","logo":{"@type":"ImageObject","inLanguage":"de","@id":"https:\/\/frontaliers-grandest.eu\/de\/#\/schema\/logo\/image\/","url":"https:\/\/frontaliers-grandest.eu\/wp-content\/uploads\/2025\/07\/260328234_2966785176920310_3332838526503858160_n.jpg","contentUrl":"https:\/\/frontaliers-grandest.eu\/wp-content\/uploads\/2025\/07\/260328234_2966785176920310_3332838526503858160_n.jpg","width":396,"height":396,"caption":"Frontaliers Grand Est"},"image":{"@id":"https:\/\/frontaliers-grandest.eu\/de\/#\/schema\/logo\/image\/"},"sameAs":["https:\/\/www.facebook.com\/frontaliers.GR.EST\/?locale=fr_FR"]}]}},"frge_page_order":0,"_links":{"self":[{"href":"https:\/\/frontaliers-grandest.eu\/de\/wp-json\/wp\/v2\/pages\/8697","targetHints":{"allow":["GET"]}}],"collection":[{"href":"https:\/\/frontaliers-grandest.eu\/de\/wp-json\/wp\/v2\/pages"}],"about":[{"href":"https:\/\/frontaliers-grandest.eu\/de\/wp-json\/wp\/v2\/types\/page"}],"author":[{"embeddable":true,"href":"https:\/\/frontaliers-grandest.eu\/de\/wp-json\/wp\/v2\/users\/7"}],"replies":[{"embeddable":true,"href":"https:\/\/frontaliers-grandest.eu\/de\/wp-json\/wp\/v2\/comments?post=8697"}],"version-history":[{"count":2,"href":"https:\/\/frontaliers-grandest.eu\/de\/wp-json\/wp\/v2\/pages\/8697\/revisions"}],"predecessor-version":[{"id":57860,"href":"https:\/\/frontaliers-grandest.eu\/de\/wp-json\/wp\/v2\/pages\/8697\/revisions\/57860"}],"up":[{"embeddable":true,"href":"https:\/\/frontaliers-grandest.eu\/de\/wp-json\/wp\/v2\/pages\/8695"}],"wp:attachment":[{"href":"https:\/\/frontaliers-grandest.eu\/de\/wp-json\/wp\/v2\/media?parent=8697"}],"wp:term":[{"taxonomy":"post_tag","embeddable":true,"href":"https:\/\/frontaliers-grandest.eu\/de\/wp-json\/wp\/v2\/tags?post=8697"},{"taxonomy":"frge_profile","embeddable":true,"href":"https:\/\/frontaliers-grandest.eu\/de\/wp-json\/wp\/v2\/frge_profile?post=8697"}],"curies":[{"name":"wp","href":"https:\/\/api.w.org\/{rel}","templated":true}]}}