{"id":8664,"date":"2021-06-15T14:32:35","date_gmt":"2021-06-15T12:32:35","guid":{"rendered":"https:\/\/frontaliers-grandest.eu\/?page_id=8664"},"modified":"2026-03-18T16:54:15","modified_gmt":"2026-03-18T15:54:15","slug":"welche-formalitaten-sind-erforderlich","status":"publish","type":"page","link":"https:\/\/frontaliers-grandest.eu\/de\/startseite\/grenzganger\/deutschland-luxemburg\/sozialversicherung\/die-krankenversicherung\/welche-formalitaten-sind-erforderlich\/","title":{"rendered":"Welche Formalit\u00e4ten sind erforderlich ?"},"content":{"rendered":"\n<h2 class=\"wp-block-heading\"><strong>In Luxemburg<\/strong><\/h2>\n\n\n\n<p>Jeder Grenzg\u00e4nger, der (ausschlie\u00dflich) in Luxemburg besch\u00e4ftigt ist,&nbsp;<strong>muss von seinem Arbeitgeber beim&nbsp;Centre Commun de la S\u00e9curit\u00e9 Sociale&nbsp;<\/strong>mittels Anmeldeerkl\u00e4rung&nbsp;<strong>gemeldet werden<\/strong>, um eine Sozialversicherungsnummer zu erhalten.<\/p>\n\n\n\n<p>&nbsp;Die vom Hauptversicherten abh\u00e4ngigen Familienangeh\u00f6rigen sind&nbsp;<strong>gem\u00e4\u00df den von der Krankenkasse des Wohnsitzlandes vorgegebenen Kriterien<\/strong>&nbsp;in Sachen Krankenversicherung mitversichert, sofern sie nicht selbst krankenversichert sind. Nach seiner Anmeldung erh\u00e4lt der Versicherte (als&nbsp;Haupt- oder&nbsp;Mitversicherter) anschlie\u00dfend automatisch seinen Sozialversicherungsausweis.<\/p>\n\n\n\n<div class=\"wp-block-buttons is-layout-flex wp-block-buttons-is-layout-flex\">\n<div class=\"wp-block-button\"><a class=\"wp-block-button__link wp-element-button\"><strong>ACHTUNG<\/strong>:  Nicht-Gebietsans\u00e4ssige m\u00fcssen sich ebenfalls bei einer Krankenkasse an ihrem&nbsp;Wohnsitzort&nbsp;anmelden,&nbsp;um in den Genuss der Naturalleistungen in ihrem Wohnsitzland zu gelangen. Zudem ist die Krankenkasse des Wohnsitzortes zust\u00e4ndig, um hinsichtlich der Familienmitglieder den Status als&nbsp;Mitversicherte&nbsp;festzulegen.<\/a><\/div>\n<\/div>\n\n\n\n<h2 class=\"wp-block-heading\"><strong>In Deutschland<\/strong>&nbsp;<\/h2>\n\n\n\n<p>Der Grenzg\u00e4nger muss sich dar\u00fcber hinaus&nbsp;<strong>bei der Krankenkasse seiner Wahl melden<\/strong>, um f\u00fcr sich selbst und f\u00fcr seine Familienangeh\u00f6rigen Anspruch auf Sachleistungen (medizinische Leistungen) in seinem Wohnsitzland zu haben.<strong>&nbsp;Diese Meldung geschieht mittels eines&nbsp;S1-Formulars&nbsp;<\/strong>(f\u00fcr ihn selbst und f\u00fcr die Familienangeh\u00f6rigen, die mit ihm zusammen im gleichen Land wohnen oder f\u00fcr Familienangeh\u00f6rige, die ihren Wohnsitz in einem anderen Staat haben).<\/p>\n\n\n\n<p><strong>Die Formulare werden von der zust\u00e4ndigen \u201eCaisse Nationale de Sant\u00e9&#8220; (CNS) in Luxemburg ausgestellt<\/strong>.<\/p>\n\n\n\n<p>W\u00e4hrend der Grenzg\u00e4nger selbst sowohl im Wohn- als auch im Besch\u00e4ftigungsland Leistungen in Anspruch nehmen kann, so m\u00fcssen mitversicherte Familienangeh\u00f6rige in der Regel im Wohnland Leistungen nach den dort geltenden Bestimmungen in Anspruch nehmen.&nbsp;<strong>Leistungen aus dem Besch\u00e4ftigungsland m\u00fcssen vorher beim zust\u00e4ndigen Tr\u00e4ger beantragt werden.&nbsp;<\/strong>Geldleistungen werden ausschlie\u00dflich vom Besch\u00e4ftigungsstaat nach den dort geltenden Vorschriften erbracht. Hierunter fallen beispielsweise das Krankengeld und das Mutterschaftsgeld.<\/p>\n\n\n\n<p>F\u00fcr mehr Informationen wenden Sie sich bitte an Ihre deutsche Krankenkasse an.<\/p>\n","protected":false},"excerpt":{"rendered":"<p>In Luxemburg Jeder Grenzg\u00e4nger, der (ausschlie\u00dflich) in Luxemburg besch\u00e4ftigt ist,&nbsp;muss von seinem Arbeitgeber beim&nbsp;Centre Commun de la S\u00e9curit\u00e9 Sociale&nbsp;mittels Anmeldeerkl\u00e4rung&nbsp;gemeldet werden, um eine Sozialversicherungsnummer zu erhalten. &nbsp;Die vom Hauptversicherten abh\u00e4ngigen Familienangeh\u00f6rigen sind&nbsp;gem\u00e4\u00df den von der Krankenkasse des Wohnsitzlandes vorgegebenen Kriterien&nbsp;in Sachen Krankenversicherung mitversichert, sofern sie nicht selbst krankenversichert sind. Nach seiner Anmeldung erh\u00e4lt der Versicherte [&hellip;]<\/p>\n","protected":false},"author":7,"featured_media":0,"parent":8659,"menu_order":0,"comment_status":"closed","ping_status":"closed","template":"","meta":{"inline_featured_image":false,"footnotes":""},"tags":[461,896,517,454],"frge_profile":[225],"class_list":["post-8664","page","type-page","status-publish","hentry","tag-arbeitnehmer","tag-die-krankenversicherung","tag-grengaenger","tag-luxemburg","frge_profile-arbeitnehmer"],"yoast_head":"<!-- This site is optimized with the Yoast SEO plugin v27.1.1 - https:\/\/yoast.com\/product\/yoast-seo-wordpress\/ -->\n<title>Welche Formalit\u00e4ten sind erforderlich ? - Frontaliers Grand Est<\/title>\n<meta name=\"description\" content=\"Auf dieser Seite erfahren Sie, welche Formalit\u00e4ten Sie in Bezug auf die Krankenversicherung erledigen m\u00fcssen, wenn Sie in Luxemburg arbeiten.\" \/>\n<meta name=\"robots\" content=\"index, follow, max-snippet:-1, max-image-preview:large, max-video-preview:-1\" \/>\n<link rel=\"canonical\" href=\"https:\/\/frontaliers-grandest.eu\/de\/startseite\/grenzganger\/deutschland-luxemburg\/sozialversicherung\/die-krankenversicherung\/welche-formalitaten-sind-erforderlich\/\" \/>\n<meta property=\"og:locale\" content=\"de_DE\" \/>\n<meta property=\"og:type\" content=\"article\" \/>\n<meta property=\"og:title\" content=\"Welche Formalit\u00e4ten sind erforderlich ? - Frontaliers Grand Est\" \/>\n<meta property=\"og:description\" content=\"Auf dieser Seite erfahren Sie, welche Formalit\u00e4ten Sie in Bezug auf die Krankenversicherung erledigen m\u00fcssen, wenn Sie in Luxemburg arbeiten.\" \/>\n<meta property=\"og:url\" content=\"https:\/\/frontaliers-grandest.eu\/de\/startseite\/grenzganger\/deutschland-luxemburg\/sozialversicherung\/die-krankenversicherung\/welche-formalitaten-sind-erforderlich\/\" \/>\n<meta property=\"og:site_name\" content=\"Frontaliers Grand Est\" \/>\n<meta property=\"article:publisher\" content=\"https:\/\/www.facebook.com\/frontaliers.GR.EST\/?locale=fr_FR\" \/>\n<meta property=\"article:modified_time\" content=\"2026-03-18T15:54:15+00:00\" \/>\n<meta name=\"twitter:card\" content=\"summary_large_image\" \/>\n<meta name=\"twitter:label1\" content=\"Gesch\u00e4tzte Lesezeit\" \/>\n\t<meta name=\"twitter:data1\" content=\"2\u00a0Minuten\" \/>\n<script type=\"application\/ld+json\" class=\"yoast-schema-graph\">{\"@context\":\"https:\/\/schema.org\",\"@graph\":[{\"@type\":\"WebPage\",\"@id\":\"https:\/\/frontaliers-grandest.eu\/de\/startseite\/grenzganger\/deutschland-luxemburg\/sozialversicherung\/die-krankenversicherung\/welche-formalitaten-sind-erforderlich\/\",\"url\":\"https:\/\/frontaliers-grandest.eu\/de\/startseite\/grenzganger\/deutschland-luxemburg\/sozialversicherung\/die-krankenversicherung\/welche-formalitaten-sind-erforderlich\/\",\"name\":\"Welche Formalit\u00e4ten sind erforderlich ? - Frontaliers Grand Est\",\"isPartOf\":{\"@id\":\"https:\/\/frontaliers-grandest.eu\/de\/#website\"},\"datePublished\":\"2021-06-15T12:32:35+00:00\",\"dateModified\":\"2026-03-18T15:54:15+00:00\",\"description\":\"Auf dieser Seite erfahren Sie, welche Formalit\u00e4ten Sie in Bezug auf die Krankenversicherung erledigen m\u00fcssen, wenn Sie in Luxemburg arbeiten.\",\"breadcrumb\":{\"@id\":\"https:\/\/frontaliers-grandest.eu\/de\/startseite\/grenzganger\/deutschland-luxemburg\/sozialversicherung\/die-krankenversicherung\/welche-formalitaten-sind-erforderlich\/#breadcrumb\"},\"inLanguage\":\"de\",\"potentialAction\":[{\"@type\":\"ReadAction\",\"target\":[\"https:\/\/frontaliers-grandest.eu\/de\/startseite\/grenzganger\/deutschland-luxemburg\/sozialversicherung\/die-krankenversicherung\/welche-formalitaten-sind-erforderlich\/\"]}]},{\"@type\":\"BreadcrumbList\",\"@id\":\"https:\/\/frontaliers-grandest.eu\/de\/startseite\/grenzganger\/deutschland-luxemburg\/sozialversicherung\/die-krankenversicherung\/welche-formalitaten-sind-erforderlich\/#breadcrumb\",\"itemListElement\":[{\"@type\":\"ListItem\",\"position\":1,\"name\":\"Startseite\",\"item\":\"https:\/\/frontaliers-grandest.eu\/de\/\"},{\"@type\":\"ListItem\",\"position\":2,\"name\":\"Grenzg\u00e4nger\",\"item\":\"https:\/\/frontaliers-grandest.eu\/de\/startseite\/grenzganger\/\"},{\"@type\":\"ListItem\",\"position\":3,\"name\":\"Deutschland - Luxemburg\",\"item\":\"https:\/\/frontaliers-grandest.eu\/de\/startseite\/grenzganger\/deutschland-luxemburg\/\"},{\"@type\":\"ListItem\",\"position\":4,\"name\":\"Sozialversicherung in Luxemburg\",\"item\":\"https:\/\/frontaliers-grandest.eu\/de\/startseite\/grenzganger\/deutschland-luxemburg\/sozialversicherung\/\"},{\"@type\":\"ListItem\",\"position\":5,\"name\":\"Die Krankenversicherung\",\"item\":\"https:\/\/frontaliers-grandest.eu\/de\/startseite\/grenzganger\/deutschland-luxemburg\/sozialversicherung\/die-krankenversicherung\/\"},{\"@type\":\"ListItem\",\"position\":6,\"name\":\"Welche Formalit\u00e4ten sind erforderlich ?\"}]},{\"@type\":\"WebSite\",\"@id\":\"https:\/\/frontaliers-grandest.eu\/de\/#website\",\"url\":\"https:\/\/frontaliers-grandest.eu\/de\/\",\"name\":\"Frontaliers Grand Est\",\"description\":\"Le site ressource du travail frontalier\",\"publisher\":{\"@id\":\"https:\/\/frontaliers-grandest.eu\/de\/#organization\"},\"alternateName\":\"Frontaliers Grand Est\",\"potentialAction\":[{\"@type\":\"SearchAction\",\"target\":{\"@type\":\"EntryPoint\",\"urlTemplate\":\"https:\/\/frontaliers-grandest.eu\/de\/?s={search_term_string}\"},\"query-input\":{\"@type\":\"PropertyValueSpecification\",\"valueRequired\":true,\"valueName\":\"search_term_string\"}}],\"inLanguage\":\"de\"},{\"@type\":\"Organization\",\"@id\":\"https:\/\/frontaliers-grandest.eu\/de\/#organization\",\"name\":\"Frontaliers Grand Est\",\"alternateName\":\"Frontaliers Grand Est\",\"url\":\"https:\/\/frontaliers-grandest.eu\/de\/\",\"logo\":{\"@type\":\"ImageObject\",\"inLanguage\":\"de\",\"@id\":\"https:\/\/frontaliers-grandest.eu\/de\/#\/schema\/logo\/image\/\",\"url\":\"https:\/\/frontaliers-grandest.eu\/wp-content\/uploads\/2025\/07\/260328234_2966785176920310_3332838526503858160_n.jpg\",\"contentUrl\":\"https:\/\/frontaliers-grandest.eu\/wp-content\/uploads\/2025\/07\/260328234_2966785176920310_3332838526503858160_n.jpg\",\"width\":396,\"height\":396,\"caption\":\"Frontaliers Grand Est\"},\"image\":{\"@id\":\"https:\/\/frontaliers-grandest.eu\/de\/#\/schema\/logo\/image\/\"},\"sameAs\":[\"https:\/\/www.facebook.com\/frontaliers.GR.EST\/?locale=fr_FR\"]}]}<\/script>\n<!-- \/ Yoast SEO plugin. -->","yoast_head_json":{"title":"Welche Formalit\u00e4ten sind erforderlich ? - Frontaliers Grand Est","description":"Auf dieser Seite erfahren Sie, welche Formalit\u00e4ten Sie in Bezug auf die Krankenversicherung erledigen m\u00fcssen, wenn Sie in Luxemburg arbeiten.","robots":{"index":"index","follow":"follow","max-snippet":"max-snippet:-1","max-image-preview":"max-image-preview:large","max-video-preview":"max-video-preview:-1"},"canonical":"https:\/\/frontaliers-grandest.eu\/de\/startseite\/grenzganger\/deutschland-luxemburg\/sozialversicherung\/die-krankenversicherung\/welche-formalitaten-sind-erforderlich\/","og_locale":"de_DE","og_type":"article","og_title":"Welche Formalit\u00e4ten sind erforderlich ? - Frontaliers Grand Est","og_description":"Auf dieser Seite erfahren Sie, welche Formalit\u00e4ten Sie in Bezug auf die Krankenversicherung erledigen m\u00fcssen, wenn Sie in Luxemburg arbeiten.","og_url":"https:\/\/frontaliers-grandest.eu\/de\/startseite\/grenzganger\/deutschland-luxemburg\/sozialversicherung\/die-krankenversicherung\/welche-formalitaten-sind-erforderlich\/","og_site_name":"Frontaliers Grand Est","article_publisher":"https:\/\/www.facebook.com\/frontaliers.GR.EST\/?locale=fr_FR","article_modified_time":"2026-03-18T15:54:15+00:00","twitter_card":"summary_large_image","twitter_misc":{"Gesch\u00e4tzte Lesezeit":"2\u00a0Minuten"},"schema":{"@context":"https:\/\/schema.org","@graph":[{"@type":"WebPage","@id":"https:\/\/frontaliers-grandest.eu\/de\/startseite\/grenzganger\/deutschland-luxemburg\/sozialversicherung\/die-krankenversicherung\/welche-formalitaten-sind-erforderlich\/","url":"https:\/\/frontaliers-grandest.eu\/de\/startseite\/grenzganger\/deutschland-luxemburg\/sozialversicherung\/die-krankenversicherung\/welche-formalitaten-sind-erforderlich\/","name":"Welche Formalit\u00e4ten sind erforderlich ? - Frontaliers Grand Est","isPartOf":{"@id":"https:\/\/frontaliers-grandest.eu\/de\/#website"},"datePublished":"2021-06-15T12:32:35+00:00","dateModified":"2026-03-18T15:54:15+00:00","description":"Auf dieser Seite erfahren Sie, welche Formalit\u00e4ten Sie in Bezug auf die Krankenversicherung erledigen m\u00fcssen, wenn Sie in Luxemburg arbeiten.","breadcrumb":{"@id":"https:\/\/frontaliers-grandest.eu\/de\/startseite\/grenzganger\/deutschland-luxemburg\/sozialversicherung\/die-krankenversicherung\/welche-formalitaten-sind-erforderlich\/#breadcrumb"},"inLanguage":"de","potentialAction":[{"@type":"ReadAction","target":["https:\/\/frontaliers-grandest.eu\/de\/startseite\/grenzganger\/deutschland-luxemburg\/sozialversicherung\/die-krankenversicherung\/welche-formalitaten-sind-erforderlich\/"]}]},{"@type":"BreadcrumbList","@id":"https:\/\/frontaliers-grandest.eu\/de\/startseite\/grenzganger\/deutschland-luxemburg\/sozialversicherung\/die-krankenversicherung\/welche-formalitaten-sind-erforderlich\/#breadcrumb","itemListElement":[{"@type":"ListItem","position":1,"name":"Startseite","item":"https:\/\/frontaliers-grandest.eu\/de\/"},{"@type":"ListItem","position":2,"name":"Grenzg\u00e4nger","item":"https:\/\/frontaliers-grandest.eu\/de\/startseite\/grenzganger\/"},{"@type":"ListItem","position":3,"name":"Deutschland - Luxemburg","item":"https:\/\/frontaliers-grandest.eu\/de\/startseite\/grenzganger\/deutschland-luxemburg\/"},{"@type":"ListItem","position":4,"name":"Sozialversicherung in Luxemburg","item":"https:\/\/frontaliers-grandest.eu\/de\/startseite\/grenzganger\/deutschland-luxemburg\/sozialversicherung\/"},{"@type":"ListItem","position":5,"name":"Die Krankenversicherung","item":"https:\/\/frontaliers-grandest.eu\/de\/startseite\/grenzganger\/deutschland-luxemburg\/sozialversicherung\/die-krankenversicherung\/"},{"@type":"ListItem","position":6,"name":"Welche Formalit\u00e4ten sind erforderlich ?"}]},{"@type":"WebSite","@id":"https:\/\/frontaliers-grandest.eu\/de\/#website","url":"https:\/\/frontaliers-grandest.eu\/de\/","name":"Frontaliers Grand Est","description":"Le site ressource du travail frontalier","publisher":{"@id":"https:\/\/frontaliers-grandest.eu\/de\/#organization"},"alternateName":"Frontaliers Grand Est","potentialAction":[{"@type":"SearchAction","target":{"@type":"EntryPoint","urlTemplate":"https:\/\/frontaliers-grandest.eu\/de\/?s={search_term_string}"},"query-input":{"@type":"PropertyValueSpecification","valueRequired":true,"valueName":"search_term_string"}}],"inLanguage":"de"},{"@type":"Organization","@id":"https:\/\/frontaliers-grandest.eu\/de\/#organization","name":"Frontaliers Grand Est","alternateName":"Frontaliers Grand Est","url":"https:\/\/frontaliers-grandest.eu\/de\/","logo":{"@type":"ImageObject","inLanguage":"de","@id":"https:\/\/frontaliers-grandest.eu\/de\/#\/schema\/logo\/image\/","url":"https:\/\/frontaliers-grandest.eu\/wp-content\/uploads\/2025\/07\/260328234_2966785176920310_3332838526503858160_n.jpg","contentUrl":"https:\/\/frontaliers-grandest.eu\/wp-content\/uploads\/2025\/07\/260328234_2966785176920310_3332838526503858160_n.jpg","width":396,"height":396,"caption":"Frontaliers Grand Est"},"image":{"@id":"https:\/\/frontaliers-grandest.eu\/de\/#\/schema\/logo\/image\/"},"sameAs":["https:\/\/www.facebook.com\/frontaliers.GR.EST\/?locale=fr_FR"]}]}},"frge_page_order":"0","_links":{"self":[{"href":"https:\/\/frontaliers-grandest.eu\/de\/wp-json\/wp\/v2\/pages\/8664","targetHints":{"allow":["GET"]}}],"collection":[{"href":"https:\/\/frontaliers-grandest.eu\/de\/wp-json\/wp\/v2\/pages"}],"about":[{"href":"https:\/\/frontaliers-grandest.eu\/de\/wp-json\/wp\/v2\/types\/page"}],"author":[{"embeddable":true,"href":"https:\/\/frontaliers-grandest.eu\/de\/wp-json\/wp\/v2\/users\/7"}],"replies":[{"embeddable":true,"href":"https:\/\/frontaliers-grandest.eu\/de\/wp-json\/wp\/v2\/comments?post=8664"}],"version-history":[{"count":3,"href":"https:\/\/frontaliers-grandest.eu\/de\/wp-json\/wp\/v2\/pages\/8664\/revisions"}],"predecessor-version":[{"id":58560,"href":"https:\/\/frontaliers-grandest.eu\/de\/wp-json\/wp\/v2\/pages\/8664\/revisions\/58560"}],"up":[{"embeddable":true,"href":"https:\/\/frontaliers-grandest.eu\/de\/wp-json\/wp\/v2\/pages\/8659"}],"wp:attachment":[{"href":"https:\/\/frontaliers-grandest.eu\/de\/wp-json\/wp\/v2\/media?parent=8664"}],"wp:term":[{"taxonomy":"post_tag","embeddable":true,"href":"https:\/\/frontaliers-grandest.eu\/de\/wp-json\/wp\/v2\/tags?post=8664"},{"taxonomy":"frge_profile","embeddable":true,"href":"https:\/\/frontaliers-grandest.eu\/de\/wp-json\/wp\/v2\/frge_profile?post=8664"}],"curies":[{"name":"wp","href":"https:\/\/api.w.org\/{rel}","templated":true}]}}