{"id":8653,"date":"2021-06-15T14:24:09","date_gmt":"2021-06-15T12:24:09","guid":{"rendered":"https:\/\/frontaliers-grandest.eu\/?page_id=8653"},"modified":"2026-03-11T11:07:26","modified_gmt":"2026-03-11T10:07:26","slug":"vollzeitarbeitslosigkeit","status":"publish","type":"page","link":"https:\/\/frontaliers-grandest.eu\/de\/startseite\/grenzganger\/deutschland-luxemburg\/sozialversicherung\/die-arbeitslosenversicherung\/vollzeitarbeitslosigkeit\/","title":{"rendered":"Vollzeitarbeitslosigkeit"},"content":{"rendered":"\n<p>Sie haben in diesem Fall Anspruch auf Arbeitslosengeld in Deutschland.<\/p>\n\n\n\n<p>Als arbeitssuchend in Deutschland gilt eine Person, die nicht durch einen Arbeitsvertrag gebunden ist (arbeitslos), aktiv eine Besch\u00e4ftigung sucht (eigene Bem\u00fchungen) und f\u00fcr Vermittlungsvorschl\u00e4ge der Agentur f\u00fcr Arbeit verf\u00fcgbar ist (Verf\u00fcgbarkeit).<\/p>\n\n\n\n<div class=\"wp-block-frontaliers-grandest-plugin-frge-accordion-block\"><div class=\"accordion-top\"><h4 class=\"accordion-title\"><strong>Vorausetzungen<\/strong><\/h4><svg viewBox=\"0 0 24 24\" stroke-width=\"1.5\" fill=\"none\" xmlns=\"http:\/\/www.w3.org\/2000\/svg\" class=\"accordion-top__icon\"><path d=\"M3 12L21 12M21 12L12.5 3.5M21 12L12.5 20.5\" stroke-width=\"1.5\" stroke-linecap=\"round\" stroke-linejoin=\"round\"><\/path><\/svg><\/div><div class=\"accordion-content\">\n<p>Um Anspruch auf Arbeitslosengeld in Deutschland zu haben, m\u00fcssen Sie:<\/p>\n\n\n\n<ul class=\"wp-block-list\">\n<li>das gesetzliche Rentenalter noch nicht erreicht haben;<\/li>\n\n\n\n<li>bei der Agentur f\u00fcr Arbeit als arbeitssuchend gemeldet sein und aktiv nach einer neuen Besch\u00e4ftigung suchen;<\/li>\n\n\n\n<li>auf dem Arbeitsmarkt verf\u00fcgbar sein und in der Lage sein, eine Besch\u00e4ftigung von mindestens 15 Stunden pro Woche auszu\u00fcben;<\/li>\n\n\n\n<li>mindestens 12 Monate Beitragszeiten innerhalb der letzten 30 Monate vor der Anmeldung bei der Agentur f\u00fcr Arbeit nachweisen.<\/li>\n<\/ul>\n<\/div><\/div>\n\n\n\n<div class=\"wp-block-frontaliers-grandest-plugin-frge-accordion-block\"><div class=\"accordion-top\"><h4 class=\"accordion-title\"><strong>Formvorschriften<\/strong><\/h4><svg viewBox=\"0 0 24 24\" stroke-width=\"1.5\" fill=\"none\" xmlns=\"http:\/\/www.w3.org\/2000\/svg\" class=\"accordion-top__icon\"><path d=\"M3 12L21 12M21 12L12.5 3.5M21 12L12.5 20.5\" stroke-width=\"1.5\" stroke-linecap=\"round\" stroke-linejoin=\"round\"><\/path><\/svg><\/div><div class=\"accordion-content\">\n<p>In Luxemburg erzielte Versicherungszeiten werden von der Agentur f\u00fcr Arbeit ber\u00fccksichtigt. Um dies nachzuweisen,&nbsp;<strong>muss sich der Grenzg\u00e4nger bei der ADEM das U1-Formular besorgen<\/strong>&nbsp;(Bescheinigung \u00fcber die f\u00fcr die Arbeitslosenleistungen zu ber\u00fccksichtigenden Versicherungs- und Besch\u00e4ftigungszeiten),<strong>&nbsp;das vom Arbeitgeber als auch von der ADEM entsprechend ausgef\u00fcllt&nbsp;<\/strong>und in der Agentur f\u00fcr Arbeit abgegeben werden muss (es wird empfohlen, eine Kopie des Formulars zu behalten). F\u00fcllt Ihr Arbeitgeber das Formular U1 nicht aus, wenden Sie sich unverz\u00fcglich an die ADEM.<\/p>\n\n\n\n<p><strong>Der Grenzg\u00e4nger muss sich&nbsp;so schnell wie m\u00f6glich&nbsp;bei der Agentur f\u00fcr Arbeit melden<\/strong>. Diese Meldepflicht besteht auch dann, wenn Sie die Aussicht auf eine neue Besch\u00e4ftigung haben.<\/p>\n\n\n\n<p>Unverz\u00fcglich bedeutet :<\/p>\n\n\n\n<ul class=\"wp-block-list\">\n<li>Meldepflicht innerhalb von 3 Tagen nach Kenntnis \u00fcber die Beendigung des Arbeitsverh\u00e4ltnisses, sofern bis zur Beendigung des Arbeitsverh\u00e4ltnisses keine 3 Monate mehr liegen,<\/li>\n\n\n\n<li>Meldepflicht mindestens 3 Monate vor dem Ende eines Arbeitsverh\u00e4ltnisses bzw. Ablauf eines befristeten Arbeitsvertrags.<\/li>\n<\/ul>\n\n\n\n<p><strong>Eine Arbeitsbescheinigung ist f\u00fcr die Arbeitslosmeldung nicht erforderlich.<\/strong><\/p>\n\n\n\n<div class=\"wp-block-buttons is-layout-flex wp-block-buttons-is-layout-flex\">\n<div class=\"wp-block-button\"><a class=\"wp-block-button__link wp-element-button\"><strong>ACHTUNG:&nbsp;<\/strong>bei Beendigung von Arbeitsverh\u00e4ltnissen in Luxemburg ist zu beachten, dass es nach deutschen Vorschriften m\u00f6glicherweise Nachteile bzgl. des Arbeitslosengeldanspruchs geben k\u00f6nnte, z. B. bei Eigenk\u00fcndigung ohne wichtigen Grund.<\/a><\/div>\n<\/div>\n\n\n\n<p><strong>HINWEIS :&nbsp;<\/strong>wenn der arbeitslose deutsche Grenzg\u00e4nger, der Leistungen von der Agentur f\u00fcr Arbeit bezieht, in einem Land des EWR einen Arbeitsplatz suchen m\u00f6cht<strong>e, muss er die \u00f6ffentliche Arbeitsverwaltung vor seinem Weggang dar\u00fcber in Kenntnis setzen<\/strong>. Er wird dann von der Liste der Arbeitssuchenden in Deutschland gestrichen, meldet sich im Land seiner Wahl und die Agentur f\u00fcr Arbeit stellt ihm das U2 -Formular aus, mit dem er seine Leistungen w\u00e4hrend einer H\u00f6chstdauer von drei Monaten exportieren kann. (Verordnung 883\/2004 EG).<\/p>\n<\/div><\/div>\n\n\n\n<div class=\"wp-block-frontaliers-grandest-plugin-frge-accordion-block\"><div class=\"accordion-top\"><h4 class=\"accordion-title\"><strong><strong>H\u00f6he des Arbeitslosengeldes<\/strong><\/strong>\u00a0<\/h4><svg viewBox=\"0 0 24 24\" stroke-width=\"1.5\" fill=\"none\" xmlns=\"http:\/\/www.w3.org\/2000\/svg\" class=\"accordion-top__icon\"><path d=\"M3 12L21 12M21 12L12.5 3.5M21 12L12.5 20.5\" stroke-width=\"1.5\" stroke-linecap=\"round\" stroke-linejoin=\"round\"><\/path><\/svg><\/div><div class=\"accordion-content\">\n<p>Wenn Sie&nbsp;<strong>mindestens 1 Kind haben f\u00fcr das Sie noch Kindergeld erhalten, entspricht das Arbeitslosengeld I 67% des Durchschnittsgehalts<\/strong>&nbsp;(Netto) Ihrer letzten 52 Besch\u00e4ftigungswochen.&nbsp;<strong>Sonst betr\u00e4gt Ihr Arbeitslosengeld 60 % des&nbsp; pauschalierten Nettoarbeitsentgelts<\/strong>&nbsp;Ihrer letzten 52 Besch\u00e4ftigungswochen.<\/p>\n<\/div><\/div>\n\n\n\n<div class=\"wp-block-frontaliers-grandest-plugin-frge-accordion-block\"><div class=\"accordion-top\"><h4 class=\"accordion-title\"><strong>Dauer des Arbeitslosengeldes<\/strong><\/h4><svg viewBox=\"0 0 24 24\" stroke-width=\"1.5\" fill=\"none\" xmlns=\"http:\/\/www.w3.org\/2000\/svg\" class=\"accordion-top__icon\"><path d=\"M3 12L21 12M21 12L12.5 3.5M21 12L12.5 20.5\" stroke-width=\"1.5\" stroke-linecap=\"round\" stroke-linejoin=\"round\"><\/path><\/svg><\/div><div class=\"accordion-content\">\n<p>Die Bezugsdauer dieser Leistung h\u00e4ngt von Ihrer Versicherungsdauer und Ihrem Alter ab. Personen \u00fcber 50 Jahre haben einen l\u00e4ngeren Anspruch auf Arbeitslosengeld.<\/p>\n\n\n\n<figure class=\"wp-block-table\"><table><tbody><tr><td><strong>Versicherungszeit<\/strong><\/td><td><strong>Alter<\/strong><\/td><td><strong>Bezugsdauer<\/strong><\/td><\/tr><tr><td><strong>12 Monate<\/strong><\/td><td>&nbsp;<\/td><td>6 Monate<\/td><\/tr><tr><td><strong>16 Monate<\/strong><\/td><td>&nbsp;<\/td><td>8&nbsp; Monate<\/td><\/tr><tr><td><strong>24 Monate<\/strong><\/td><td>&nbsp;<\/td><td>12 Monate<\/td><\/tr><tr><td><strong>30 Monate<\/strong><\/td><td>zwischen 50 und 54 Jahren<\/td><td>15 Monate<\/td><\/tr><tr><td><strong>36 Monate<\/strong><\/td><td>nach Vollendung des 55. Lebensjahrs<\/td><td>18 Monate<\/td><\/tr><tr><td><strong>48 Monate<\/strong><\/td><td>nach Vollendung des 58. Lebensjahrs<\/td><td>24 Monate<\/td><\/tr><\/tbody><\/table><\/figure>\n<\/div><\/div>\n\n\n\n<div class=\"wp-block-frontaliers-grandest-plugin-frge-accordion-block\"><div class=\"accordion-top\"><h4 class=\"accordion-title\"><strong>Erkrankung des Arbeitslosen<\/strong><\/h4><svg viewBox=\"0 0 24 24\" stroke-width=\"1.5\" fill=\"none\" xmlns=\"http:\/\/www.w3.org\/2000\/svg\" class=\"accordion-top__icon\"><path d=\"M3 12L21 12M21 12L12.5 3.5M21 12L12.5 20.5\" stroke-width=\"1.5\" stroke-linecap=\"round\" stroke-linejoin=\"round\"><\/path><\/svg><\/div><div class=\"accordion-content\">\n<p>Wird ein Arbeitsloser krank, so zahlt die Agentur f\u00fcr Arbeit&nbsp;<strong>noch sechs Wochen das Arbeitslosengeld weiter<\/strong>. Danach leistet die Krankenkasse Krankengeld in H\u00f6he des Arbeitslosengeldes.<\/p>\n\n\n\n<p>Die Zeit des Krankengeldbezuges z\u00e4hlt bei der Ermittlung der Anwartschaftszeit auf Arbeitslosengeld mit.<\/p>\n\n\n\n<p>Ebenso f\u00fchrt eine befristete Vollrente von mindestens einem Jahr nach Wegfall der Rente zu einem neuen Arbeitslosengeldanspruch, wenn unmittelbar vor der Rente Beitragszeiten zur Arbeitslosenversicherung vorhanden waren.<\/p>\n<\/div><\/div>\n\n\n\n<div class=\"wp-block-frontaliers-grandest-plugin-frge-accordion-block\"><div class=\"accordion-top\"><h4 class=\"accordion-title\">B\u00fcrgergeld<\/h4><svg viewBox=\"0 0 24 24\" stroke-width=\"1.5\" fill=\"none\" xmlns=\"http:\/\/www.w3.org\/2000\/svg\" class=\"accordion-top__icon\"><path d=\"M3 12L21 12M21 12L12.5 3.5M21 12L12.5 20.5\" stroke-width=\"1.5\" stroke-linecap=\"round\" stroke-linejoin=\"round\"><\/path><\/svg><\/div><div class=\"accordion-content\">\n<p>Sie k\u00f6nnen B\u00fcrgergeld erhalten, wenn folgende Bedingungen erf\u00fcllt sind:<\/p>\n\n\n\n<ul class=\"wp-block-list\">\n<li>Sie sind arbeitsf\u00e4hig, das hei\u00dft, keine Krankheit oder Behinderung hindert Sie daran, eine Besch\u00e4ftigung auszu\u00fcben.<\/li>\n\n\n\n<li>Sie sind mindestens 15 Jahre alt und haben das gesetzliche Rentenalter noch nicht erreicht.<\/li>\n\n\n\n<li>Sie wohnen in Deutschland, und Ihr Leben ist \u00fcberwiegend hier verankert.<\/li>\n\n\n\n<li>Sie k\u00f6nnen mindestens 3 Stunden pro Tag arbeiten.<\/li>\n\n\n\n<li>Sie oder die Mitglieder Ihres bed\u00fcrftigen Haushalts ben\u00f6tigen Unterst\u00fctzung, um Ihren Lebensunterhalt zu sichern. \u201eBed\u00fcrftig\u201c bedeutet, dass das Einkommen Ihres Haushalts unter dem Existenzminimum liegt und Ihre eigenen Mittel nicht ausreichen, um den Lebensunterhalt zu decken.<\/li>\n<\/ul>\n\n\n\n<p>Sie haben die M\u00f6glichkeit, Ihren Antrag auf B\u00fcrgergeld direkt online zu stellen: <a href=\"https:\/\/www.arbeitsagentur.de\/arbeitslos-arbeit-finden\/buergergeld\/buergergeld-beantragen\">B\u00fcrgergeld online beantragen | Bundesagentur f\u00fcr Arbeit<\/a><\/p>\n\n\n\n<p>Alternativ k\u00f6nnen Sie den Antrag schriftlich, beispielsweise per Post, einreichen. Dazu m\u00fcssen bestimmte Formulare ausgef\u00fcllt werden. Weitere Informationen finden Sie auf der Seite: <a href=\"https:\/\/www.arbeitsagentur.de\/arbeitslos-arbeit-finden\/buergergeld\/finanziell-absichern\/antrag-bescheid#buergergeld-beantragen\">B\u00fcrgergeld: Antrag und Bescheid | Bundesagentur f\u00fcr Arbeit<\/a><\/p>\n\n\n\n<p><strong>B\u00fcrgergeld wird in der Regel f\u00fcr 12 Monate gew\u00e4hrt, kann aber in bestimmten F\u00e4llen (schwankendes Einkommen, selbstst\u00e4ndige T\u00e4tigkeit, hohe Wohnkosten) auf 6 Monate begrenzt werden.<\/strong> Nach Ablauf der Bezugsdauer wird Ihr Anspruch \u00fcberpr\u00fcft, und eine Verl\u00e4ngerung kann beantragt werden.<\/p>\n<\/div><\/div>\n","protected":false},"excerpt":{"rendered":"<p>Sie haben in diesem Fall Anspruch auf Arbeitslosengeld in Deutschland. Als arbeitssuchend in Deutschland gilt eine Person, die nicht durch einen Arbeitsvertrag gebunden ist (arbeitslos), aktiv eine Besch\u00e4ftigung sucht (eigene Bem\u00fchungen) und f\u00fcr Vermittlungsvorschl\u00e4ge der Agentur f\u00fcr Arbeit verf\u00fcgbar ist (Verf\u00fcgbarkeit).<\/p>\n","protected":false},"author":7,"featured_media":0,"parent":8651,"menu_order":0,"comment_status":"closed","ping_status":"closed","template":"","meta":{"inline_featured_image":false,"footnotes":""},"tags":[461,517,454,887],"frge_profile":[225],"class_list":["post-8653","page","type-page","status-publish","hentry","tag-arbeitnehmer","tag-grengaenger","tag-luxemburg","tag-vollzeitarbeitslosigkeit","frge_profile-arbeitnehmer"],"yoast_head":"<!-- This site is optimized with the Yoast SEO plugin v27.1.1 - https:\/\/yoast.com\/product\/yoast-seo-wordpress\/ -->\n<title>Vollzeitarbeitslosigkeit - Frontaliers Grand Est<\/title>\n<meta name=\"description\" content=\"Wenn Sie unfreiwillig ihre berufliche T\u00e4tigkeit verloren haben, konnen Sie Anspruch auf Arbeitslosengled I und II haben.\" \/>\n<meta name=\"robots\" content=\"index, follow, max-snippet:-1, max-image-preview:large, max-video-preview:-1\" \/>\n<link rel=\"canonical\" href=\"https:\/\/frontaliers-grandest.eu\/de\/startseite\/grenzganger\/deutschland-luxemburg\/sozialversicherung\/die-arbeitslosenversicherung\/vollzeitarbeitslosigkeit\/\" \/>\n<meta property=\"og:locale\" content=\"de_DE\" \/>\n<meta property=\"og:type\" content=\"article\" \/>\n<meta property=\"og:title\" content=\"Vollzeitarbeitslosigkeit - Frontaliers Grand Est\" \/>\n<meta property=\"og:description\" content=\"Wenn Sie unfreiwillig ihre berufliche T\u00e4tigkeit verloren haben, konnen Sie Anspruch auf Arbeitslosengled I und II haben.\" \/>\n<meta property=\"og:url\" content=\"https:\/\/frontaliers-grandest.eu\/de\/startseite\/grenzganger\/deutschland-luxemburg\/sozialversicherung\/die-arbeitslosenversicherung\/vollzeitarbeitslosigkeit\/\" \/>\n<meta property=\"og:site_name\" content=\"Frontaliers Grand Est\" \/>\n<meta property=\"article:publisher\" content=\"https:\/\/www.facebook.com\/frontaliers.GR.EST\/?locale=fr_FR\" \/>\n<meta property=\"article:modified_time\" content=\"2026-03-11T10:07:26+00:00\" \/>\n<meta name=\"twitter:card\" content=\"summary_large_image\" \/>\n<meta name=\"twitter:label1\" content=\"Gesch\u00e4tzte Lesezeit\" \/>\n\t<meta name=\"twitter:data1\" content=\"4\u00a0Minuten\" \/>\n<script type=\"application\/ld+json\" class=\"yoast-schema-graph\">{\"@context\":\"https:\/\/schema.org\",\"@graph\":[{\"@type\":\"WebPage\",\"@id\":\"https:\/\/frontaliers-grandest.eu\/de\/startseite\/grenzganger\/deutschland-luxemburg\/sozialversicherung\/die-arbeitslosenversicherung\/vollzeitarbeitslosigkeit\/\",\"url\":\"https:\/\/frontaliers-grandest.eu\/de\/startseite\/grenzganger\/deutschland-luxemburg\/sozialversicherung\/die-arbeitslosenversicherung\/vollzeitarbeitslosigkeit\/\",\"name\":\"Vollzeitarbeitslosigkeit - Frontaliers Grand Est\",\"isPartOf\":{\"@id\":\"https:\/\/frontaliers-grandest.eu\/de\/#website\"},\"datePublished\":\"2021-06-15T12:24:09+00:00\",\"dateModified\":\"2026-03-11T10:07:26+00:00\",\"description\":\"Wenn Sie unfreiwillig ihre berufliche T\u00e4tigkeit verloren haben, konnen Sie Anspruch auf Arbeitslosengled I und II haben.\",\"breadcrumb\":{\"@id\":\"https:\/\/frontaliers-grandest.eu\/de\/startseite\/grenzganger\/deutschland-luxemburg\/sozialversicherung\/die-arbeitslosenversicherung\/vollzeitarbeitslosigkeit\/#breadcrumb\"},\"inLanguage\":\"de\",\"potentialAction\":[{\"@type\":\"ReadAction\",\"target\":[\"https:\/\/frontaliers-grandest.eu\/de\/startseite\/grenzganger\/deutschland-luxemburg\/sozialversicherung\/die-arbeitslosenversicherung\/vollzeitarbeitslosigkeit\/\"]}]},{\"@type\":\"BreadcrumbList\",\"@id\":\"https:\/\/frontaliers-grandest.eu\/de\/startseite\/grenzganger\/deutschland-luxemburg\/sozialversicherung\/die-arbeitslosenversicherung\/vollzeitarbeitslosigkeit\/#breadcrumb\",\"itemListElement\":[{\"@type\":\"ListItem\",\"position\":1,\"name\":\"Startseite\",\"item\":\"https:\/\/frontaliers-grandest.eu\/de\/\"},{\"@type\":\"ListItem\",\"position\":2,\"name\":\"Grenzg\u00e4nger\",\"item\":\"https:\/\/frontaliers-grandest.eu\/de\/startseite\/grenzganger\/\"},{\"@type\":\"ListItem\",\"position\":3,\"name\":\"Deutschland - Luxemburg\",\"item\":\"https:\/\/frontaliers-grandest.eu\/de\/startseite\/grenzganger\/deutschland-luxemburg\/\"},{\"@type\":\"ListItem\",\"position\":4,\"name\":\"Sozialversicherung in Luxemburg\",\"item\":\"https:\/\/frontaliers-grandest.eu\/de\/startseite\/grenzganger\/deutschland-luxemburg\/sozialversicherung\/\"},{\"@type\":\"ListItem\",\"position\":5,\"name\":\"Die Arbeitslosenversicherung\",\"item\":\"https:\/\/frontaliers-grandest.eu\/de\/startseite\/grenzganger\/deutschland-luxemburg\/sozialversicherung\/die-arbeitslosenversicherung\/\"},{\"@type\":\"ListItem\",\"position\":6,\"name\":\"Vollzeitarbeitslosigkeit\"}]},{\"@type\":\"WebSite\",\"@id\":\"https:\/\/frontaliers-grandest.eu\/de\/#website\",\"url\":\"https:\/\/frontaliers-grandest.eu\/de\/\",\"name\":\"Frontaliers Grand Est\",\"description\":\"Le site ressource du travail frontalier\",\"publisher\":{\"@id\":\"https:\/\/frontaliers-grandest.eu\/de\/#organization\"},\"alternateName\":\"Frontaliers Grand Est\",\"potentialAction\":[{\"@type\":\"SearchAction\",\"target\":{\"@type\":\"EntryPoint\",\"urlTemplate\":\"https:\/\/frontaliers-grandest.eu\/de\/?s={search_term_string}\"},\"query-input\":{\"@type\":\"PropertyValueSpecification\",\"valueRequired\":true,\"valueName\":\"search_term_string\"}}],\"inLanguage\":\"de\"},{\"@type\":\"Organization\",\"@id\":\"https:\/\/frontaliers-grandest.eu\/de\/#organization\",\"name\":\"Frontaliers Grand Est\",\"alternateName\":\"Frontaliers Grand Est\",\"url\":\"https:\/\/frontaliers-grandest.eu\/de\/\",\"logo\":{\"@type\":\"ImageObject\",\"inLanguage\":\"de\",\"@id\":\"https:\/\/frontaliers-grandest.eu\/de\/#\/schema\/logo\/image\/\",\"url\":\"https:\/\/frontaliers-grandest.eu\/wp-content\/uploads\/2025\/07\/260328234_2966785176920310_3332838526503858160_n.jpg\",\"contentUrl\":\"https:\/\/frontaliers-grandest.eu\/wp-content\/uploads\/2025\/07\/260328234_2966785176920310_3332838526503858160_n.jpg\",\"width\":396,\"height\":396,\"caption\":\"Frontaliers Grand Est\"},\"image\":{\"@id\":\"https:\/\/frontaliers-grandest.eu\/de\/#\/schema\/logo\/image\/\"},\"sameAs\":[\"https:\/\/www.facebook.com\/frontaliers.GR.EST\/?locale=fr_FR\"]}]}<\/script>\n<!-- \/ Yoast SEO plugin. -->","yoast_head_json":{"title":"Vollzeitarbeitslosigkeit - Frontaliers Grand Est","description":"Wenn Sie unfreiwillig ihre berufliche T\u00e4tigkeit verloren haben, konnen Sie Anspruch auf Arbeitslosengled I und II haben.","robots":{"index":"index","follow":"follow","max-snippet":"max-snippet:-1","max-image-preview":"max-image-preview:large","max-video-preview":"max-video-preview:-1"},"canonical":"https:\/\/frontaliers-grandest.eu\/de\/startseite\/grenzganger\/deutschland-luxemburg\/sozialversicherung\/die-arbeitslosenversicherung\/vollzeitarbeitslosigkeit\/","og_locale":"de_DE","og_type":"article","og_title":"Vollzeitarbeitslosigkeit - Frontaliers Grand Est","og_description":"Wenn Sie unfreiwillig ihre berufliche T\u00e4tigkeit verloren haben, konnen Sie Anspruch auf Arbeitslosengled I und II haben.","og_url":"https:\/\/frontaliers-grandest.eu\/de\/startseite\/grenzganger\/deutschland-luxemburg\/sozialversicherung\/die-arbeitslosenversicherung\/vollzeitarbeitslosigkeit\/","og_site_name":"Frontaliers Grand Est","article_publisher":"https:\/\/www.facebook.com\/frontaliers.GR.EST\/?locale=fr_FR","article_modified_time":"2026-03-11T10:07:26+00:00","twitter_card":"summary_large_image","twitter_misc":{"Gesch\u00e4tzte Lesezeit":"4\u00a0Minuten"},"schema":{"@context":"https:\/\/schema.org","@graph":[{"@type":"WebPage","@id":"https:\/\/frontaliers-grandest.eu\/de\/startseite\/grenzganger\/deutschland-luxemburg\/sozialversicherung\/die-arbeitslosenversicherung\/vollzeitarbeitslosigkeit\/","url":"https:\/\/frontaliers-grandest.eu\/de\/startseite\/grenzganger\/deutschland-luxemburg\/sozialversicherung\/die-arbeitslosenversicherung\/vollzeitarbeitslosigkeit\/","name":"Vollzeitarbeitslosigkeit - Frontaliers Grand Est","isPartOf":{"@id":"https:\/\/frontaliers-grandest.eu\/de\/#website"},"datePublished":"2021-06-15T12:24:09+00:00","dateModified":"2026-03-11T10:07:26+00:00","description":"Wenn Sie unfreiwillig ihre berufliche T\u00e4tigkeit verloren haben, konnen Sie Anspruch auf Arbeitslosengled I und II haben.","breadcrumb":{"@id":"https:\/\/frontaliers-grandest.eu\/de\/startseite\/grenzganger\/deutschland-luxemburg\/sozialversicherung\/die-arbeitslosenversicherung\/vollzeitarbeitslosigkeit\/#breadcrumb"},"inLanguage":"de","potentialAction":[{"@type":"ReadAction","target":["https:\/\/frontaliers-grandest.eu\/de\/startseite\/grenzganger\/deutschland-luxemburg\/sozialversicherung\/die-arbeitslosenversicherung\/vollzeitarbeitslosigkeit\/"]}]},{"@type":"BreadcrumbList","@id":"https:\/\/frontaliers-grandest.eu\/de\/startseite\/grenzganger\/deutschland-luxemburg\/sozialversicherung\/die-arbeitslosenversicherung\/vollzeitarbeitslosigkeit\/#breadcrumb","itemListElement":[{"@type":"ListItem","position":1,"name":"Startseite","item":"https:\/\/frontaliers-grandest.eu\/de\/"},{"@type":"ListItem","position":2,"name":"Grenzg\u00e4nger","item":"https:\/\/frontaliers-grandest.eu\/de\/startseite\/grenzganger\/"},{"@type":"ListItem","position":3,"name":"Deutschland - Luxemburg","item":"https:\/\/frontaliers-grandest.eu\/de\/startseite\/grenzganger\/deutschland-luxemburg\/"},{"@type":"ListItem","position":4,"name":"Sozialversicherung in Luxemburg","item":"https:\/\/frontaliers-grandest.eu\/de\/startseite\/grenzganger\/deutschland-luxemburg\/sozialversicherung\/"},{"@type":"ListItem","position":5,"name":"Die Arbeitslosenversicherung","item":"https:\/\/frontaliers-grandest.eu\/de\/startseite\/grenzganger\/deutschland-luxemburg\/sozialversicherung\/die-arbeitslosenversicherung\/"},{"@type":"ListItem","position":6,"name":"Vollzeitarbeitslosigkeit"}]},{"@type":"WebSite","@id":"https:\/\/frontaliers-grandest.eu\/de\/#website","url":"https:\/\/frontaliers-grandest.eu\/de\/","name":"Frontaliers Grand Est","description":"Le site ressource du travail frontalier","publisher":{"@id":"https:\/\/frontaliers-grandest.eu\/de\/#organization"},"alternateName":"Frontaliers Grand Est","potentialAction":[{"@type":"SearchAction","target":{"@type":"EntryPoint","urlTemplate":"https:\/\/frontaliers-grandest.eu\/de\/?s={search_term_string}"},"query-input":{"@type":"PropertyValueSpecification","valueRequired":true,"valueName":"search_term_string"}}],"inLanguage":"de"},{"@type":"Organization","@id":"https:\/\/frontaliers-grandest.eu\/de\/#organization","name":"Frontaliers Grand Est","alternateName":"Frontaliers Grand Est","url":"https:\/\/frontaliers-grandest.eu\/de\/","logo":{"@type":"ImageObject","inLanguage":"de","@id":"https:\/\/frontaliers-grandest.eu\/de\/#\/schema\/logo\/image\/","url":"https:\/\/frontaliers-grandest.eu\/wp-content\/uploads\/2025\/07\/260328234_2966785176920310_3332838526503858160_n.jpg","contentUrl":"https:\/\/frontaliers-grandest.eu\/wp-content\/uploads\/2025\/07\/260328234_2966785176920310_3332838526503858160_n.jpg","width":396,"height":396,"caption":"Frontaliers Grand Est"},"image":{"@id":"https:\/\/frontaliers-grandest.eu\/de\/#\/schema\/logo\/image\/"},"sameAs":["https:\/\/www.facebook.com\/frontaliers.GR.EST\/?locale=fr_FR"]}]}},"frge_page_order":"0","_links":{"self":[{"href":"https:\/\/frontaliers-grandest.eu\/de\/wp-json\/wp\/v2\/pages\/8653","targetHints":{"allow":["GET"]}}],"collection":[{"href":"https:\/\/frontaliers-grandest.eu\/de\/wp-json\/wp\/v2\/pages"}],"about":[{"href":"https:\/\/frontaliers-grandest.eu\/de\/wp-json\/wp\/v2\/types\/page"}],"author":[{"embeddable":true,"href":"https:\/\/frontaliers-grandest.eu\/de\/wp-json\/wp\/v2\/users\/7"}],"replies":[{"embeddable":true,"href":"https:\/\/frontaliers-grandest.eu\/de\/wp-json\/wp\/v2\/comments?post=8653"}],"version-history":[{"count":5,"href":"https:\/\/frontaliers-grandest.eu\/de\/wp-json\/wp\/v2\/pages\/8653\/revisions"}],"predecessor-version":[{"id":58337,"href":"https:\/\/frontaliers-grandest.eu\/de\/wp-json\/wp\/v2\/pages\/8653\/revisions\/58337"}],"up":[{"embeddable":true,"href":"https:\/\/frontaliers-grandest.eu\/de\/wp-json\/wp\/v2\/pages\/8651"}],"wp:attachment":[{"href":"https:\/\/frontaliers-grandest.eu\/de\/wp-json\/wp\/v2\/media?parent=8653"}],"wp:term":[{"taxonomy":"post_tag","embeddable":true,"href":"https:\/\/frontaliers-grandest.eu\/de\/wp-json\/wp\/v2\/tags?post=8653"},{"taxonomy":"frge_profile","embeddable":true,"href":"https:\/\/frontaliers-grandest.eu\/de\/wp-json\/wp\/v2\/frge_profile?post=8653"}],"curies":[{"name":"wp","href":"https:\/\/api.w.org\/{rel}","templated":true}]}}