{"id":8640,"date":"2021-06-15T12:12:05","date_gmt":"2021-06-15T10:12:05","guid":{"rendered":"https:\/\/frontaliers-grandest.eu\/?page_id=8640"},"modified":"2021-06-15T12:12:05","modified_gmt":"2021-06-15T10:12:05","slug":"steuerliche-gleichstellung-der-in-luxemburg-nicht-ansassigen-steuerpflichtigen","status":"publish","type":"page","link":"https:\/\/frontaliers-grandest.eu\/de\/startseite\/grenzganger\/deutschland-luxemburg\/besteuerung\/steuerliche-gleichstellung-der-in-luxemburg-nicht-ansassigen-steuerpflichtigen\/","title":{"rendered":"Steuerliche Gleichstellung der in Luxemburg nicht ans\u00e4ssigen Steuerpflichtigen"},"content":{"rendered":"\n<p>Sollte die weltweite Einkunft eines Grenzg\u00e4ngers am mindestens 90% in Luxemburg besteuert werden, kann der Grenzg\u00e4nger die steuerliche Gleichstellung als ein in Luxemburg ans\u00e4ssiger Steuerpflichtige verlangen. In diesem Fall kann der Grenzg\u00e4nger von dem gleichen Steuerregime genie\u00dfen, das f\u00fcr die in Luxemburg ans\u00e4ssigen Steuerpflichtigen vorgesehen wurde<\/p>\n\n\n\n<ul class=\"wp-block-list\"><li>Steuerklasse<\/li><li>Steuerabz\u00fcge<\/li><li>Einkommensteuer<\/li><\/ul>\n\n\n\n<p>Auf Formular 100 D m\u00fcssen die Grenzg\u00e4nger die Felder 313 und 314 bis zum 316 f\u00fcllen.<\/p>\n","protected":false},"excerpt":{"rendered":"<p>Sollte die weltweite Einkunft eines Grenzg\u00e4ngers am mindestens 90% in Luxemburg besteuert werden, kann der Grenzg\u00e4nger die steuerliche Gleichstellung als ein in Luxemburg ans\u00e4ssiger Steuerpflichtige verlangen. In diesem Fall kann der Grenzg\u00e4nger von dem gleichen Steuerregime genie\u00dfen, das f\u00fcr die in Luxemburg ans\u00e4ssigen Steuerpflichtigen vorgesehen wurde Steuerklasse Steuerabz\u00fcge Einkommensteuer Auf Formular 100 D m\u00fcssen die [&hellip;]<\/p>\n","protected":false},"author":7,"featured_media":0,"parent":8554,"menu_order":4,"comment_status":"closed","ping_status":"closed","template":"","meta":{"inline_featured_image":false,"footnotes":""},"tags":[],"frge_profile":[],"class_list":["post-8640","page","type-page","status-publish","hentry"],"yoast_head":"<!-- This site is optimized with the Yoast SEO plugin v27.1.1 - https:\/\/yoast.com\/product\/yoast-seo-wordpress\/ -->\n<title>Steuerliche Gleichstellung der in Luxemburg nicht ans\u00e4ssigen Steuerpflichtigen - Frontaliers Grand Est<\/title>\n<meta name=\"robots\" content=\"index, follow, max-snippet:-1, max-image-preview:large, max-video-preview:-1\" \/>\n<link rel=\"canonical\" href=\"https:\/\/frontaliers-grandest.eu\/de\/startseite\/grenzganger\/deutschland-luxemburg\/besteuerung\/steuerliche-gleichstellung-der-in-luxemburg-nicht-ansassigen-steuerpflichtigen\/\" \/>\n<meta property=\"og:locale\" content=\"de_DE\" \/>\n<meta property=\"og:type\" content=\"article\" \/>\n<meta property=\"og:title\" content=\"Steuerliche Gleichstellung der in Luxemburg nicht ans\u00e4ssigen Steuerpflichtigen - Frontaliers Grand Est\" \/>\n<meta property=\"og:description\" content=\"Sollte die weltweite Einkunft eines Grenzg\u00e4ngers am mindestens 90% in Luxemburg besteuert werden, kann der Grenzg\u00e4nger die steuerliche Gleichstellung als ein in Luxemburg ans\u00e4ssiger Steuerpflichtige verlangen. In diesem Fall kann der Grenzg\u00e4nger von dem gleichen Steuerregime genie\u00dfen, das f\u00fcr die in Luxemburg ans\u00e4ssigen Steuerpflichtigen vorgesehen wurde Steuerklasse Steuerabz\u00fcge Einkommensteuer Auf Formular 100 D m\u00fcssen die [&hellip;]\" \/>\n<meta property=\"og:url\" content=\"https:\/\/frontaliers-grandest.eu\/de\/startseite\/grenzganger\/deutschland-luxemburg\/besteuerung\/steuerliche-gleichstellung-der-in-luxemburg-nicht-ansassigen-steuerpflichtigen\/\" \/>\n<meta property=\"og:site_name\" content=\"Frontaliers Grand Est\" \/>\n<meta property=\"article:publisher\" content=\"https:\/\/www.facebook.com\/frontaliers.GR.EST\/?locale=fr_FR\" \/>\n<meta name=\"twitter:card\" content=\"summary_large_image\" \/>\n<meta name=\"twitter:label1\" content=\"Gesch\u00e4tzte Lesezeit\" \/>\n\t<meta name=\"twitter:data1\" content=\"1\u00a0Minute\" \/>\n<script type=\"application\/ld+json\" class=\"yoast-schema-graph\">{\"@context\":\"https:\/\/schema.org\",\"@graph\":[{\"@type\":\"WebPage\",\"@id\":\"https:\/\/frontaliers-grandest.eu\/de\/startseite\/grenzganger\/deutschland-luxemburg\/besteuerung\/steuerliche-gleichstellung-der-in-luxemburg-nicht-ansassigen-steuerpflichtigen\/\",\"url\":\"https:\/\/frontaliers-grandest.eu\/de\/startseite\/grenzganger\/deutschland-luxemburg\/besteuerung\/steuerliche-gleichstellung-der-in-luxemburg-nicht-ansassigen-steuerpflichtigen\/\",\"name\":\"Steuerliche Gleichstellung der in Luxemburg nicht ans\u00e4ssigen Steuerpflichtigen - Frontaliers Grand Est\",\"isPartOf\":{\"@id\":\"https:\/\/frontaliers-grandest.eu\/de\/#website\"},\"datePublished\":\"2021-06-15T10:12:05+00:00\",\"breadcrumb\":{\"@id\":\"https:\/\/frontaliers-grandest.eu\/de\/startseite\/grenzganger\/deutschland-luxemburg\/besteuerung\/steuerliche-gleichstellung-der-in-luxemburg-nicht-ansassigen-steuerpflichtigen\/#breadcrumb\"},\"inLanguage\":\"de\",\"potentialAction\":[{\"@type\":\"ReadAction\",\"target\":[\"https:\/\/frontaliers-grandest.eu\/de\/startseite\/grenzganger\/deutschland-luxemburg\/besteuerung\/steuerliche-gleichstellung-der-in-luxemburg-nicht-ansassigen-steuerpflichtigen\/\"]}]},{\"@type\":\"BreadcrumbList\",\"@id\":\"https:\/\/frontaliers-grandest.eu\/de\/startseite\/grenzganger\/deutschland-luxemburg\/besteuerung\/steuerliche-gleichstellung-der-in-luxemburg-nicht-ansassigen-steuerpflichtigen\/#breadcrumb\",\"itemListElement\":[{\"@type\":\"ListItem\",\"position\":1,\"name\":\"Startseite\",\"item\":\"https:\/\/frontaliers-grandest.eu\/de\/\"},{\"@type\":\"ListItem\",\"position\":2,\"name\":\"Grenzg\u00e4nger\",\"item\":\"https:\/\/frontaliers-grandest.eu\/de\/startseite\/grenzganger\/\"},{\"@type\":\"ListItem\",\"position\":3,\"name\":\"Deutschland - Luxemburg\",\"item\":\"https:\/\/frontaliers-grandest.eu\/de\/startseite\/grenzganger\/deutschland-luxemburg\/\"},{\"@type\":\"ListItem\",\"position\":4,\"name\":\"Besteuerung in Luxemburg\",\"item\":\"https:\/\/frontaliers-grandest.eu\/de\/startseite\/grenzganger\/deutschland-luxemburg\/besteuerung\/\"},{\"@type\":\"ListItem\",\"position\":5,\"name\":\"Steuerliche Gleichstellung der in Luxemburg nicht ans\u00e4ssigen Steuerpflichtigen\"}]},{\"@type\":\"WebSite\",\"@id\":\"https:\/\/frontaliers-grandest.eu\/de\/#website\",\"url\":\"https:\/\/frontaliers-grandest.eu\/de\/\",\"name\":\"Frontaliers Grand Est\",\"description\":\"Le site ressource du travail frontalier\",\"publisher\":{\"@id\":\"https:\/\/frontaliers-grandest.eu\/de\/#organization\"},\"alternateName\":\"Frontaliers Grand Est\",\"potentialAction\":[{\"@type\":\"SearchAction\",\"target\":{\"@type\":\"EntryPoint\",\"urlTemplate\":\"https:\/\/frontaliers-grandest.eu\/de\/?s={search_term_string}\"},\"query-input\":{\"@type\":\"PropertyValueSpecification\",\"valueRequired\":true,\"valueName\":\"search_term_string\"}}],\"inLanguage\":\"de\"},{\"@type\":\"Organization\",\"@id\":\"https:\/\/frontaliers-grandest.eu\/de\/#organization\",\"name\":\"Frontaliers Grand Est\",\"alternateName\":\"Frontaliers Grand Est\",\"url\":\"https:\/\/frontaliers-grandest.eu\/de\/\",\"logo\":{\"@type\":\"ImageObject\",\"inLanguage\":\"de\",\"@id\":\"https:\/\/frontaliers-grandest.eu\/de\/#\/schema\/logo\/image\/\",\"url\":\"https:\/\/frontaliers-grandest.eu\/wp-content\/uploads\/2025\/07\/260328234_2966785176920310_3332838526503858160_n.jpg\",\"contentUrl\":\"https:\/\/frontaliers-grandest.eu\/wp-content\/uploads\/2025\/07\/260328234_2966785176920310_3332838526503858160_n.jpg\",\"width\":396,\"height\":396,\"caption\":\"Frontaliers Grand Est\"},\"image\":{\"@id\":\"https:\/\/frontaliers-grandest.eu\/de\/#\/schema\/logo\/image\/\"},\"sameAs\":[\"https:\/\/www.facebook.com\/frontaliers.GR.EST\/?locale=fr_FR\"]}]}<\/script>\n<!-- \/ Yoast SEO plugin. -->","yoast_head_json":{"title":"Steuerliche Gleichstellung der in Luxemburg nicht ans\u00e4ssigen Steuerpflichtigen - Frontaliers Grand Est","robots":{"index":"index","follow":"follow","max-snippet":"max-snippet:-1","max-image-preview":"max-image-preview:large","max-video-preview":"max-video-preview:-1"},"canonical":"https:\/\/frontaliers-grandest.eu\/de\/startseite\/grenzganger\/deutschland-luxemburg\/besteuerung\/steuerliche-gleichstellung-der-in-luxemburg-nicht-ansassigen-steuerpflichtigen\/","og_locale":"de_DE","og_type":"article","og_title":"Steuerliche Gleichstellung der in Luxemburg nicht ans\u00e4ssigen Steuerpflichtigen - Frontaliers Grand Est","og_description":"Sollte die weltweite Einkunft eines Grenzg\u00e4ngers am mindestens 90% in Luxemburg besteuert werden, kann der Grenzg\u00e4nger die steuerliche Gleichstellung als ein in Luxemburg ans\u00e4ssiger Steuerpflichtige verlangen. In diesem Fall kann der Grenzg\u00e4nger von dem gleichen Steuerregime genie\u00dfen, das f\u00fcr die in Luxemburg ans\u00e4ssigen Steuerpflichtigen vorgesehen wurde Steuerklasse Steuerabz\u00fcge Einkommensteuer Auf Formular 100 D m\u00fcssen die [&hellip;]","og_url":"https:\/\/frontaliers-grandest.eu\/de\/startseite\/grenzganger\/deutschland-luxemburg\/besteuerung\/steuerliche-gleichstellung-der-in-luxemburg-nicht-ansassigen-steuerpflichtigen\/","og_site_name":"Frontaliers Grand Est","article_publisher":"https:\/\/www.facebook.com\/frontaliers.GR.EST\/?locale=fr_FR","twitter_card":"summary_large_image","twitter_misc":{"Gesch\u00e4tzte Lesezeit":"1\u00a0Minute"},"schema":{"@context":"https:\/\/schema.org","@graph":[{"@type":"WebPage","@id":"https:\/\/frontaliers-grandest.eu\/de\/startseite\/grenzganger\/deutschland-luxemburg\/besteuerung\/steuerliche-gleichstellung-der-in-luxemburg-nicht-ansassigen-steuerpflichtigen\/","url":"https:\/\/frontaliers-grandest.eu\/de\/startseite\/grenzganger\/deutschland-luxemburg\/besteuerung\/steuerliche-gleichstellung-der-in-luxemburg-nicht-ansassigen-steuerpflichtigen\/","name":"Steuerliche Gleichstellung der in Luxemburg nicht ans\u00e4ssigen Steuerpflichtigen - Frontaliers Grand Est","isPartOf":{"@id":"https:\/\/frontaliers-grandest.eu\/de\/#website"},"datePublished":"2021-06-15T10:12:05+00:00","breadcrumb":{"@id":"https:\/\/frontaliers-grandest.eu\/de\/startseite\/grenzganger\/deutschland-luxemburg\/besteuerung\/steuerliche-gleichstellung-der-in-luxemburg-nicht-ansassigen-steuerpflichtigen\/#breadcrumb"},"inLanguage":"de","potentialAction":[{"@type":"ReadAction","target":["https:\/\/frontaliers-grandest.eu\/de\/startseite\/grenzganger\/deutschland-luxemburg\/besteuerung\/steuerliche-gleichstellung-der-in-luxemburg-nicht-ansassigen-steuerpflichtigen\/"]}]},{"@type":"BreadcrumbList","@id":"https:\/\/frontaliers-grandest.eu\/de\/startseite\/grenzganger\/deutschland-luxemburg\/besteuerung\/steuerliche-gleichstellung-der-in-luxemburg-nicht-ansassigen-steuerpflichtigen\/#breadcrumb","itemListElement":[{"@type":"ListItem","position":1,"name":"Startseite","item":"https:\/\/frontaliers-grandest.eu\/de\/"},{"@type":"ListItem","position":2,"name":"Grenzg\u00e4nger","item":"https:\/\/frontaliers-grandest.eu\/de\/startseite\/grenzganger\/"},{"@type":"ListItem","position":3,"name":"Deutschland - Luxemburg","item":"https:\/\/frontaliers-grandest.eu\/de\/startseite\/grenzganger\/deutschland-luxemburg\/"},{"@type":"ListItem","position":4,"name":"Besteuerung in Luxemburg","item":"https:\/\/frontaliers-grandest.eu\/de\/startseite\/grenzganger\/deutschland-luxemburg\/besteuerung\/"},{"@type":"ListItem","position":5,"name":"Steuerliche Gleichstellung der in Luxemburg nicht ans\u00e4ssigen Steuerpflichtigen"}]},{"@type":"WebSite","@id":"https:\/\/frontaliers-grandest.eu\/de\/#website","url":"https:\/\/frontaliers-grandest.eu\/de\/","name":"Frontaliers Grand Est","description":"Le site ressource du travail frontalier","publisher":{"@id":"https:\/\/frontaliers-grandest.eu\/de\/#organization"},"alternateName":"Frontaliers Grand Est","potentialAction":[{"@type":"SearchAction","target":{"@type":"EntryPoint","urlTemplate":"https:\/\/frontaliers-grandest.eu\/de\/?s={search_term_string}"},"query-input":{"@type":"PropertyValueSpecification","valueRequired":true,"valueName":"search_term_string"}}],"inLanguage":"de"},{"@type":"Organization","@id":"https:\/\/frontaliers-grandest.eu\/de\/#organization","name":"Frontaliers Grand Est","alternateName":"Frontaliers Grand Est","url":"https:\/\/frontaliers-grandest.eu\/de\/","logo":{"@type":"ImageObject","inLanguage":"de","@id":"https:\/\/frontaliers-grandest.eu\/de\/#\/schema\/logo\/image\/","url":"https:\/\/frontaliers-grandest.eu\/wp-content\/uploads\/2025\/07\/260328234_2966785176920310_3332838526503858160_n.jpg","contentUrl":"https:\/\/frontaliers-grandest.eu\/wp-content\/uploads\/2025\/07\/260328234_2966785176920310_3332838526503858160_n.jpg","width":396,"height":396,"caption":"Frontaliers Grand Est"},"image":{"@id":"https:\/\/frontaliers-grandest.eu\/de\/#\/schema\/logo\/image\/"},"sameAs":["https:\/\/www.facebook.com\/frontaliers.GR.EST\/?locale=fr_FR"]}]}},"frge_page_order":0,"_links":{"self":[{"href":"https:\/\/frontaliers-grandest.eu\/de\/wp-json\/wp\/v2\/pages\/8640","targetHints":{"allow":["GET"]}}],"collection":[{"href":"https:\/\/frontaliers-grandest.eu\/de\/wp-json\/wp\/v2\/pages"}],"about":[{"href":"https:\/\/frontaliers-grandest.eu\/de\/wp-json\/wp\/v2\/types\/page"}],"author":[{"embeddable":true,"href":"https:\/\/frontaliers-grandest.eu\/de\/wp-json\/wp\/v2\/users\/7"}],"replies":[{"embeddable":true,"href":"https:\/\/frontaliers-grandest.eu\/de\/wp-json\/wp\/v2\/comments?post=8640"}],"version-history":[{"count":1,"href":"https:\/\/frontaliers-grandest.eu\/de\/wp-json\/wp\/v2\/pages\/8640\/revisions"}],"predecessor-version":[{"id":8641,"href":"https:\/\/frontaliers-grandest.eu\/de\/wp-json\/wp\/v2\/pages\/8640\/revisions\/8641"}],"up":[{"embeddable":true,"href":"https:\/\/frontaliers-grandest.eu\/de\/wp-json\/wp\/v2\/pages\/8554"}],"wp:attachment":[{"href":"https:\/\/frontaliers-grandest.eu\/de\/wp-json\/wp\/v2\/media?parent=8640"}],"wp:term":[{"taxonomy":"post_tag","embeddable":true,"href":"https:\/\/frontaliers-grandest.eu\/de\/wp-json\/wp\/v2\/tags?post=8640"},{"taxonomy":"frge_profile","embeddable":true,"href":"https:\/\/frontaliers-grandest.eu\/de\/wp-json\/wp\/v2\/frge_profile?post=8640"}],"curies":[{"name":"wp","href":"https:\/\/api.w.org\/{rel}","templated":true}]}}