{"id":8634,"date":"2021-06-15T12:03:37","date_gmt":"2021-06-15T10:03:37","guid":{"rendered":"https:\/\/frontaliers-grandest.eu\/?page_id=8634"},"modified":"2024-07-25T11:30:38","modified_gmt":"2024-07-25T09:30:38","slug":"voraussetzungen-und-schritte-fur-die-erstellung-einer-steuererklarung-in-luxemburg","status":"publish","type":"page","link":"https:\/\/frontaliers-grandest.eu\/de\/startseite\/grenzganger\/deutschland-luxemburg\/besteuerung\/die-steuererklarung-in-luxemburg\/voraussetzungen-und-schritte-fur-die-erstellung-einer-steuererklarung-in-luxemburg\/","title":{"rendered":"Voraussetzungen und Schritte f\u00fcr die Erstellung einer Steuererkl\u00e4rung in Luxemburg"},"content":{"rendered":"\n<h4 class=\"wp-block-heading\"><strong>Voraussetzungen<\/strong><\/h4>\n\n\n\n<p>Die Steuererkl\u00e4rung kann<strong>&nbsp;pflichtig oder freiwillig sein<\/strong>.<\/p>\n\n\n\n<p>Der nicht ans\u00e4ssige Steuerpflichtige ist verpflichtet, eine Steuererkl\u00e4rung in folgenden F\u00e4llen abzugeben:<\/p>\n\n\n\n<ul class=\"wp-block-list\"><li>ununterbrochene Besch\u00e4ftigung in Luxemburg&nbsp;<strong>von mehr als 9 Monaten<\/strong>, oder;<\/li><li><strong>50% der Verg\u00fctungen<\/strong>&nbsp;stammen aus Luxemburg<\/li><\/ul>\n\n\n\n<p>und<\/p>\n\n\n\n<ul class=\"wp-block-list\"><li>j\u00e4hrliche Verg\u00fctung<strong>\u00a0\u00fcber 100.000 \u20ac oder das steuerpflichtige Einkommen bestehen sich aus einem Netto Einkommen<\/strong>, die keiner Quellensteuer unterliegen, \u00fcber 600 \u20ac, oder, mehr als 1.500 Euro des steuerpflichtigen Einkommens sind dem Quellensteuerabzug f\u00fcr unterliegende Eink\u00fcnfte aus Kapitalverm\u00f6gen, wie z. B. Dividenden;<\/li><li>der verheiratete gebietsans\u00e4ssige Steuerpflichtige hat sich f\u00fcr die Zusammenveranlagung mit seinem nicht gebietsans\u00e4ssigen Ehepartner entschieden, oder<\/li><li><strong>die J\u00e4hrlichen Haushalteinkommen \u00fcbersteigen 36.000 \u20ac<\/strong>\u00a0(f\u00fcr Steuerklasse 1 und 2) und\u00a0<strong>30.000 \u20ac f\u00fcr Steuerklasse 1a,<\/strong><\/li><li>die Steuerverwaltung bittet um die Steuererkl\u00e4rung.<\/li><\/ul>\n\n\n\n<h5 class=\"wp-block-heading\"><strong>Die Steuererkl\u00e4rung ist freiwillig, wenn:<\/strong><\/h5>\n\n\n\n<p><strong>der nicht in Luxemburg ans\u00e4ssige Steuerpflichtige, der in Zusammenveranlagung ist, gebeten hat, als ans\u00e4ssige betrachtet&nbsp; zu werden<\/strong>&nbsp;(mindestens 90% des weltweiten Einkommens sollte in Luxemburg besteuert werden). Der Steuerpflichtige muss in diesem Fall eine Steuererkl\u00e4rung abgeben.<\/p>\n\n\n\n<p>Die Berichtigung der Steuer durch Steuererkl\u00e4rung ist nicht immer zu Gunsten des Steuerpflichtigen. Sollte die Berichtigung zu Ungunsten der Steuerpflichtigen sein, wird im Prinzip die Steuererkl\u00e4rung nicht in Anspruch genommen, da diese auf freiwilliger Basis erstellt wurde.<\/p>\n\n\n\n<h4 class=\"wp-block-heading\"><strong>Schritte&nbsp;<\/strong><\/h4>\n\n\n\n<h5 class=\"wp-block-heading\"><strong>Sie k\u00f6nnen das Formular f\u00fcr die Erstellung einer Steuererkl\u00e4rung auf folgender Adresse nachfragen<\/strong>:<\/h5>\n\n\n\n<figure class=\"wp-block-pullquote\"><blockquote><p><strong>Administration des Contributions Directes<\/strong><br>Bureau Luxembourg \u201eZ\u201c<br><br>21, rue Eug\u00e8ne Ruppert<br>L-2453&nbsp;Luxembourg<br>B\u00e2timent Yris<br>Postfache :<br>B.P. 1706 L-1017 Luxembourg<\/p><\/blockquote><\/figure>\n\n\n\n<p><\/p>\n\n\n\n<p><strong>Dieses Formular kann auf dieser Internet-Adresse heruntergeladen werden:&nbsp;<a href=\"http:\/\/www.impotsdirects.public.lu\/formulaires\/pers_physiques\/index.html#revenu\" target=\"_blank\" rel=\"noreferrer noopener\">Link<\/a><\/strong><\/p>\n","protected":false},"excerpt":{"rendered":"<p>Voraussetzungen Die Steuererkl\u00e4rung kann&nbsp;pflichtig oder freiwillig sein. Der nicht ans\u00e4ssige Steuerpflichtige ist verpflichtet, eine Steuererkl\u00e4rung in folgenden F\u00e4llen abzugeben: ununterbrochene Besch\u00e4ftigung in Luxemburg&nbsp;von mehr als 9 Monaten, oder; 50% der Verg\u00fctungen&nbsp;stammen aus Luxemburg und j\u00e4hrliche Verg\u00fctung\u00a0\u00fcber 100.000 \u20ac oder das steuerpflichtige Einkommen bestehen sich aus einem Netto Einkommen, die keiner Quellensteuer unterliegen, \u00fcber 600 \u20ac, [&hellip;]<\/p>\n","protected":false},"author":7,"featured_media":0,"parent":8630,"menu_order":0,"comment_status":"closed","ping_status":"closed","template":"","meta":{"inline_featured_image":false,"footnotes":""},"tags":[],"frge_profile":[],"class_list":["post-8634","page","type-page","status-publish","hentry"],"yoast_head":"<!-- This site is optimized with the Yoast SEO plugin v27.1.1 - https:\/\/yoast.com\/product\/yoast-seo-wordpress\/ -->\n<title>Voraussetzungen und schritte f\u00fcr die steuererkl\u00e4rung in Luxemburg<\/title>\n<meta name=\"description\" content=\"Steuererkl\u00e4rung in Luxemburg: Pflicht bei bestimmten Einkommensgrenzen und Besch\u00e4ftigungsdauer.\" \/>\n<meta name=\"robots\" content=\"index, follow, max-snippet:-1, max-image-preview:large, max-video-preview:-1\" \/>\n<link rel=\"canonical\" href=\"https:\/\/frontaliers-grandest.eu\/de\/startseite\/grenzganger\/deutschland-luxemburg\/besteuerung\/die-steuererklarung-in-luxemburg\/voraussetzungen-und-schritte-fur-die-erstellung-einer-steuererklarung-in-luxemburg\/\" \/>\n<meta property=\"og:locale\" content=\"de_DE\" \/>\n<meta property=\"og:type\" content=\"article\" \/>\n<meta property=\"og:title\" content=\"Voraussetzungen und schritte f\u00fcr die steuererkl\u00e4rung in Luxemburg\" \/>\n<meta property=\"og:description\" content=\"Steuererkl\u00e4rung in Luxemburg: Pflicht bei bestimmten Einkommensgrenzen und Besch\u00e4ftigungsdauer.\" \/>\n<meta property=\"og:url\" content=\"https:\/\/frontaliers-grandest.eu\/de\/startseite\/grenzganger\/deutschland-luxemburg\/besteuerung\/die-steuererklarung-in-luxemburg\/voraussetzungen-und-schritte-fur-die-erstellung-einer-steuererklarung-in-luxemburg\/\" \/>\n<meta property=\"og:site_name\" content=\"Frontaliers Grand Est\" \/>\n<meta property=\"article:publisher\" content=\"https:\/\/www.facebook.com\/frontaliers.GR.EST\/?locale=fr_FR\" \/>\n<meta property=\"article:modified_time\" content=\"2024-07-25T09:30:38+00:00\" \/>\n<meta name=\"twitter:card\" content=\"summary_large_image\" \/>\n<meta name=\"twitter:label1\" content=\"Gesch\u00e4tzte Lesezeit\" \/>\n\t<meta name=\"twitter:data1\" content=\"2\u00a0Minuten\" \/>\n<script type=\"application\/ld+json\" class=\"yoast-schema-graph\">{\"@context\":\"https:\/\/schema.org\",\"@graph\":[{\"@type\":\"WebPage\",\"@id\":\"https:\/\/frontaliers-grandest.eu\/de\/startseite\/grenzganger\/deutschland-luxemburg\/besteuerung\/die-steuererklarung-in-luxemburg\/voraussetzungen-und-schritte-fur-die-erstellung-einer-steuererklarung-in-luxemburg\/\",\"url\":\"https:\/\/frontaliers-grandest.eu\/de\/startseite\/grenzganger\/deutschland-luxemburg\/besteuerung\/die-steuererklarung-in-luxemburg\/voraussetzungen-und-schritte-fur-die-erstellung-einer-steuererklarung-in-luxemburg\/\",\"name\":\"Voraussetzungen und schritte f\u00fcr die steuererkl\u00e4rung in Luxemburg\",\"isPartOf\":{\"@id\":\"https:\/\/frontaliers-grandest.eu\/de\/#website\"},\"datePublished\":\"2021-06-15T10:03:37+00:00\",\"dateModified\":\"2024-07-25T09:30:38+00:00\",\"description\":\"Steuererkl\u00e4rung in Luxemburg: Pflicht bei bestimmten Einkommensgrenzen und Besch\u00e4ftigungsdauer.\",\"breadcrumb\":{\"@id\":\"https:\/\/frontaliers-grandest.eu\/de\/startseite\/grenzganger\/deutschland-luxemburg\/besteuerung\/die-steuererklarung-in-luxemburg\/voraussetzungen-und-schritte-fur-die-erstellung-einer-steuererklarung-in-luxemburg\/#breadcrumb\"},\"inLanguage\":\"de\",\"potentialAction\":[{\"@type\":\"ReadAction\",\"target\":[\"https:\/\/frontaliers-grandest.eu\/de\/startseite\/grenzganger\/deutschland-luxemburg\/besteuerung\/die-steuererklarung-in-luxemburg\/voraussetzungen-und-schritte-fur-die-erstellung-einer-steuererklarung-in-luxemburg\/\"]}]},{\"@type\":\"BreadcrumbList\",\"@id\":\"https:\/\/frontaliers-grandest.eu\/de\/startseite\/grenzganger\/deutschland-luxemburg\/besteuerung\/die-steuererklarung-in-luxemburg\/voraussetzungen-und-schritte-fur-die-erstellung-einer-steuererklarung-in-luxemburg\/#breadcrumb\",\"itemListElement\":[{\"@type\":\"ListItem\",\"position\":1,\"name\":\"Startseite\",\"item\":\"https:\/\/frontaliers-grandest.eu\/de\/\"},{\"@type\":\"ListItem\",\"position\":2,\"name\":\"Grenzg\u00e4nger\",\"item\":\"https:\/\/frontaliers-grandest.eu\/de\/startseite\/grenzganger\/\"},{\"@type\":\"ListItem\",\"position\":3,\"name\":\"Deutschland - Luxemburg\",\"item\":\"https:\/\/frontaliers-grandest.eu\/de\/startseite\/grenzganger\/deutschland-luxemburg\/\"},{\"@type\":\"ListItem\",\"position\":4,\"name\":\"Besteuerung in Luxemburg\",\"item\":\"https:\/\/frontaliers-grandest.eu\/de\/startseite\/grenzganger\/deutschland-luxemburg\/besteuerung\/\"},{\"@type\":\"ListItem\",\"position\":5,\"name\":\"Die Steuererkl\u00e4rung in Luxemburg\",\"item\":\"https:\/\/frontaliers-grandest.eu\/de\/startseite\/grenzganger\/deutschland-luxemburg\/besteuerung\/die-steuererklarung-in-luxemburg\/\"},{\"@type\":\"ListItem\",\"position\":6,\"name\":\"Voraussetzungen und Schritte f\u00fcr die Erstellung einer Steuererkl\u00e4rung in Luxemburg\"}]},{\"@type\":\"WebSite\",\"@id\":\"https:\/\/frontaliers-grandest.eu\/de\/#website\",\"url\":\"https:\/\/frontaliers-grandest.eu\/de\/\",\"name\":\"Frontaliers Grand Est\",\"description\":\"Le site ressource du travail frontalier\",\"publisher\":{\"@id\":\"https:\/\/frontaliers-grandest.eu\/de\/#organization\"},\"alternateName\":\"Frontaliers Grand Est\",\"potentialAction\":[{\"@type\":\"SearchAction\",\"target\":{\"@type\":\"EntryPoint\",\"urlTemplate\":\"https:\/\/frontaliers-grandest.eu\/de\/?s={search_term_string}\"},\"query-input\":{\"@type\":\"PropertyValueSpecification\",\"valueRequired\":true,\"valueName\":\"search_term_string\"}}],\"inLanguage\":\"de\"},{\"@type\":\"Organization\",\"@id\":\"https:\/\/frontaliers-grandest.eu\/de\/#organization\",\"name\":\"Frontaliers Grand Est\",\"alternateName\":\"Frontaliers Grand Est\",\"url\":\"https:\/\/frontaliers-grandest.eu\/de\/\",\"logo\":{\"@type\":\"ImageObject\",\"inLanguage\":\"de\",\"@id\":\"https:\/\/frontaliers-grandest.eu\/de\/#\/schema\/logo\/image\/\",\"url\":\"https:\/\/frontaliers-grandest.eu\/wp-content\/uploads\/2025\/07\/260328234_2966785176920310_3332838526503858160_n.jpg\",\"contentUrl\":\"https:\/\/frontaliers-grandest.eu\/wp-content\/uploads\/2025\/07\/260328234_2966785176920310_3332838526503858160_n.jpg\",\"width\":396,\"height\":396,\"caption\":\"Frontaliers Grand Est\"},\"image\":{\"@id\":\"https:\/\/frontaliers-grandest.eu\/de\/#\/schema\/logo\/image\/\"},\"sameAs\":[\"https:\/\/www.facebook.com\/frontaliers.GR.EST\/?locale=fr_FR\"]}]}<\/script>\n<!-- \/ Yoast SEO plugin. -->","yoast_head_json":{"title":"Voraussetzungen und schritte f\u00fcr die steuererkl\u00e4rung in Luxemburg","description":"Steuererkl\u00e4rung in Luxemburg: Pflicht bei bestimmten Einkommensgrenzen und Besch\u00e4ftigungsdauer.","robots":{"index":"index","follow":"follow","max-snippet":"max-snippet:-1","max-image-preview":"max-image-preview:large","max-video-preview":"max-video-preview:-1"},"canonical":"https:\/\/frontaliers-grandest.eu\/de\/startseite\/grenzganger\/deutschland-luxemburg\/besteuerung\/die-steuererklarung-in-luxemburg\/voraussetzungen-und-schritte-fur-die-erstellung-einer-steuererklarung-in-luxemburg\/","og_locale":"de_DE","og_type":"article","og_title":"Voraussetzungen und schritte f\u00fcr die steuererkl\u00e4rung in Luxemburg","og_description":"Steuererkl\u00e4rung in Luxemburg: Pflicht bei bestimmten Einkommensgrenzen und Besch\u00e4ftigungsdauer.","og_url":"https:\/\/frontaliers-grandest.eu\/de\/startseite\/grenzganger\/deutschland-luxemburg\/besteuerung\/die-steuererklarung-in-luxemburg\/voraussetzungen-und-schritte-fur-die-erstellung-einer-steuererklarung-in-luxemburg\/","og_site_name":"Frontaliers Grand Est","article_publisher":"https:\/\/www.facebook.com\/frontaliers.GR.EST\/?locale=fr_FR","article_modified_time":"2024-07-25T09:30:38+00:00","twitter_card":"summary_large_image","twitter_misc":{"Gesch\u00e4tzte Lesezeit":"2\u00a0Minuten"},"schema":{"@context":"https:\/\/schema.org","@graph":[{"@type":"WebPage","@id":"https:\/\/frontaliers-grandest.eu\/de\/startseite\/grenzganger\/deutschland-luxemburg\/besteuerung\/die-steuererklarung-in-luxemburg\/voraussetzungen-und-schritte-fur-die-erstellung-einer-steuererklarung-in-luxemburg\/","url":"https:\/\/frontaliers-grandest.eu\/de\/startseite\/grenzganger\/deutschland-luxemburg\/besteuerung\/die-steuererklarung-in-luxemburg\/voraussetzungen-und-schritte-fur-die-erstellung-einer-steuererklarung-in-luxemburg\/","name":"Voraussetzungen und schritte f\u00fcr die steuererkl\u00e4rung in Luxemburg","isPartOf":{"@id":"https:\/\/frontaliers-grandest.eu\/de\/#website"},"datePublished":"2021-06-15T10:03:37+00:00","dateModified":"2024-07-25T09:30:38+00:00","description":"Steuererkl\u00e4rung in Luxemburg: Pflicht bei bestimmten Einkommensgrenzen und Besch\u00e4ftigungsdauer.","breadcrumb":{"@id":"https:\/\/frontaliers-grandest.eu\/de\/startseite\/grenzganger\/deutschland-luxemburg\/besteuerung\/die-steuererklarung-in-luxemburg\/voraussetzungen-und-schritte-fur-die-erstellung-einer-steuererklarung-in-luxemburg\/#breadcrumb"},"inLanguage":"de","potentialAction":[{"@type":"ReadAction","target":["https:\/\/frontaliers-grandest.eu\/de\/startseite\/grenzganger\/deutschland-luxemburg\/besteuerung\/die-steuererklarung-in-luxemburg\/voraussetzungen-und-schritte-fur-die-erstellung-einer-steuererklarung-in-luxemburg\/"]}]},{"@type":"BreadcrumbList","@id":"https:\/\/frontaliers-grandest.eu\/de\/startseite\/grenzganger\/deutschland-luxemburg\/besteuerung\/die-steuererklarung-in-luxemburg\/voraussetzungen-und-schritte-fur-die-erstellung-einer-steuererklarung-in-luxemburg\/#breadcrumb","itemListElement":[{"@type":"ListItem","position":1,"name":"Startseite","item":"https:\/\/frontaliers-grandest.eu\/de\/"},{"@type":"ListItem","position":2,"name":"Grenzg\u00e4nger","item":"https:\/\/frontaliers-grandest.eu\/de\/startseite\/grenzganger\/"},{"@type":"ListItem","position":3,"name":"Deutschland - Luxemburg","item":"https:\/\/frontaliers-grandest.eu\/de\/startseite\/grenzganger\/deutschland-luxemburg\/"},{"@type":"ListItem","position":4,"name":"Besteuerung in Luxemburg","item":"https:\/\/frontaliers-grandest.eu\/de\/startseite\/grenzganger\/deutschland-luxemburg\/besteuerung\/"},{"@type":"ListItem","position":5,"name":"Die Steuererkl\u00e4rung in Luxemburg","item":"https:\/\/frontaliers-grandest.eu\/de\/startseite\/grenzganger\/deutschland-luxemburg\/besteuerung\/die-steuererklarung-in-luxemburg\/"},{"@type":"ListItem","position":6,"name":"Voraussetzungen und Schritte f\u00fcr die Erstellung einer Steuererkl\u00e4rung in Luxemburg"}]},{"@type":"WebSite","@id":"https:\/\/frontaliers-grandest.eu\/de\/#website","url":"https:\/\/frontaliers-grandest.eu\/de\/","name":"Frontaliers Grand Est","description":"Le site ressource du travail frontalier","publisher":{"@id":"https:\/\/frontaliers-grandest.eu\/de\/#organization"},"alternateName":"Frontaliers Grand Est","potentialAction":[{"@type":"SearchAction","target":{"@type":"EntryPoint","urlTemplate":"https:\/\/frontaliers-grandest.eu\/de\/?s={search_term_string}"},"query-input":{"@type":"PropertyValueSpecification","valueRequired":true,"valueName":"search_term_string"}}],"inLanguage":"de"},{"@type":"Organization","@id":"https:\/\/frontaliers-grandest.eu\/de\/#organization","name":"Frontaliers Grand Est","alternateName":"Frontaliers Grand Est","url":"https:\/\/frontaliers-grandest.eu\/de\/","logo":{"@type":"ImageObject","inLanguage":"de","@id":"https:\/\/frontaliers-grandest.eu\/de\/#\/schema\/logo\/image\/","url":"https:\/\/frontaliers-grandest.eu\/wp-content\/uploads\/2025\/07\/260328234_2966785176920310_3332838526503858160_n.jpg","contentUrl":"https:\/\/frontaliers-grandest.eu\/wp-content\/uploads\/2025\/07\/260328234_2966785176920310_3332838526503858160_n.jpg","width":396,"height":396,"caption":"Frontaliers Grand Est"},"image":{"@id":"https:\/\/frontaliers-grandest.eu\/de\/#\/schema\/logo\/image\/"},"sameAs":["https:\/\/www.facebook.com\/frontaliers.GR.EST\/?locale=fr_FR"]}]}},"frge_page_order":0,"_links":{"self":[{"href":"https:\/\/frontaliers-grandest.eu\/de\/wp-json\/wp\/v2\/pages\/8634","targetHints":{"allow":["GET"]}}],"collection":[{"href":"https:\/\/frontaliers-grandest.eu\/de\/wp-json\/wp\/v2\/pages"}],"about":[{"href":"https:\/\/frontaliers-grandest.eu\/de\/wp-json\/wp\/v2\/types\/page"}],"author":[{"embeddable":true,"href":"https:\/\/frontaliers-grandest.eu\/de\/wp-json\/wp\/v2\/users\/7"}],"replies":[{"embeddable":true,"href":"https:\/\/frontaliers-grandest.eu\/de\/wp-json\/wp\/v2\/comments?post=8634"}],"version-history":[{"count":3,"href":"https:\/\/frontaliers-grandest.eu\/de\/wp-json\/wp\/v2\/pages\/8634\/revisions"}],"predecessor-version":[{"id":8637,"href":"https:\/\/frontaliers-grandest.eu\/de\/wp-json\/wp\/v2\/pages\/8634\/revisions\/8637"}],"up":[{"embeddable":true,"href":"https:\/\/frontaliers-grandest.eu\/de\/wp-json\/wp\/v2\/pages\/8630"}],"wp:attachment":[{"href":"https:\/\/frontaliers-grandest.eu\/de\/wp-json\/wp\/v2\/media?parent=8634"}],"wp:term":[{"taxonomy":"post_tag","embeddable":true,"href":"https:\/\/frontaliers-grandest.eu\/de\/wp-json\/wp\/v2\/tags?post=8634"},{"taxonomy":"frge_profile","embeddable":true,"href":"https:\/\/frontaliers-grandest.eu\/de\/wp-json\/wp\/v2\/frge_profile?post=8634"}],"curies":[{"name":"wp","href":"https:\/\/api.w.org\/{rel}","templated":true}]}}