{"id":8628,"date":"2021-06-15T11:55:56","date_gmt":"2021-06-15T09:55:56","guid":{"rendered":"https:\/\/frontaliers-grandest.eu\/?page_id=8628"},"modified":"2021-06-15T11:55:56","modified_gmt":"2021-06-15T09:55:56","slug":"die-lohnsteuerkarte","status":"publish","type":"page","link":"https:\/\/frontaliers-grandest.eu\/de\/startseite\/grenzganger\/deutschland-luxemburg\/besteuerung\/die-besteuerung-in-luxemburg\/die-lohnsteuerkarte\/","title":{"rendered":"Die Lohnsteuerkarte"},"content":{"rendered":"\n<h4 class=\"wp-block-heading\"><strong>Die Steuerklasse\u00a0<\/strong><\/h4>\n\n\n\n<p>Auf der Lohnsteuerkarte ist die Steuerklasse eingeschrieben. Diese Klasse wird die H\u00f6he des Steuersatzes bestimmen.<\/p>\n\n\n\n<h5 class=\"wp-block-heading\"><strong>\u00c4nderung der Steuerklasse<\/strong><\/h5>\n\n\n\n<p><strong>G\u00fcnstigere Steuerklasse:&nbsp;<\/strong>Die neue Steuerklasse wird mit R\u00fcckwirkung ab Anfang des Steuerjahres durch Steuererkl\u00e4rung gew\u00e4hrt.<\/p>\n\n\n\n<p><strong>Beispiel:<\/strong> Eine Ehe wird im September geschlossen. Der Ehegatte wurde bisher mit Steuerklasse 1 besteuert. Am September wird der Ehegatte mit R\u00fcckwirkung mit Steuerklasse 2 besteuert (Regularsierung am Ende des Jahres durch Steuererkl\u00e4rung oder durch Einf\u00fchrung eines Antrags \u00a0auf Regulasierung).<\/p>\n\n\n\n<h5 class=\"wp-block-heading\"><strong>Ung\u00fcnstigere Steuerklasse:<\/strong><\/h5>\n\n\n\n<p>Die bestehende Steuerklasse ist bis Ende des Jahres anwendbar. Aber dies kann im Fall eine Ehescheidung, Witwenschaft, Trennung oder Scheidung w\u00e4hrend drei Jahren unver\u00e4ndert bleiben.<\/p>\n\n\n\n<h4 class=\"wp-block-heading\"><strong>Zus\u00e4tzliche Lohnsteuerkarte\u00a0<\/strong><\/h4>\n\n\n\n<p>Eine zus\u00e4tzliche Lohnsteuerkarte wird in den zwei F\u00e4llen erstellt:<\/p>\n\n\n\n<ul class=\"wp-block-list\"><li>Der Steuerpflichtiger \u00fcbt mehrere beruflichen T\u00e4tigkeiten bei mehreren Arbeitgebern aus;<\/li><li>Der Steuerpflichtiger und dessen Ehegatte haben eine Besch\u00e4ftigung in Luxemburg.<\/li><\/ul>\n\n\n\n<p><strong>In beiden Situationen sind die erste Steuerkarte sowie eine zus\u00e4tzliche Steuerkarte notwendig.<\/strong><\/p>\n\n\n\n<p>Die administrativen Schritte sind identisch wie f\u00fcr die erste Lohnsteuerkarte (siehe in Welchem Land werden Ihre Geh\u00e4lter besteuert.).Im Gegensatz zu erster Lohnsteuerkarte steht auf der<strong>&nbsp;zus\u00e4tzlichen Lohnsteuerkarte ein pauschaler Steuersatz, der gem\u00e4\u00df Ihrer Steuerklasse bestimmt ist.<\/strong><\/p>\n\n\n\n<h5 class=\"wp-block-heading\"><strong>a) Arbeitnehmer, der eine zus\u00e4tzliche Besch\u00e4ftigung aus\u00fcbt<\/strong><\/h5>\n\n\n\n<p>Der Arbeitnehmer muss die erste Lohnsteuerkarte dem Arbeitgeber \u00fcbertragen, von dem er die h\u00f6chste Verg\u00fctung erh\u00e4lt.&nbsp;Die zus\u00e4tzliche Lohnsteuerkarte sollte dem Arbeitgeber \u00fcbertragen werden, der die zus\u00e4tzliche Verg\u00fctung zahlt.<\/p>\n\n\n\n<p><strong>Die Steuers\u00e4tze sind wie folgt:<\/strong><\/p>\n\n\n\n<figure class=\"wp-block-table\"><table><tbody><tr><td><strong>Steuerklasse<\/strong><\/td><td><strong>Steuersatz ab 2013<\/strong><\/td><\/tr><tr><td>1<\/td><td>33 %<\/td><\/tr><tr><td>1 a<\/td><td>21%<\/td><\/tr><tr><td>2<\/td><td>15%<\/td><\/tr><\/tbody><\/table><\/figure>\n\n\n\n<h5 class=\"wp-block-heading\"><strong>b) Beide Ehegatten sind in Zusammenveranlagung in Luxemburg besteuert<\/strong><\/h5>\n\n\n\n<p>Der Ehegatte, der die h\u00f6chste und die regelm\u00e4\u00dfige Verg\u00fctung erh\u00e4lt, muss seinem Arbeitgeber die erste Lohnsteuerkarte zur Verf\u00fcgung stellen. Der andere Ehegatte wird die zus\u00e4tzliche Lohnsteuerkarte seinem Arbeitgeber \u00fcbermitteln.<\/p>\n\n\n\n<p>Erg\u00e4nzend zu diesen Fahrtkosten wird ein zus\u00e4tzlicher Freibetrag f\u00fcr \u201e Reduzierung f\u00fcr zweite Lohnsteuerkarte\u201c anwendbar. Er betr\u00e4gt 5.520\/Jahr, d.h. 460\/Monat oder 18,40\/ Tag.<br>Die maximalen Steuersatze sind die folgenden:<\/p>\n\n\n\n<figure class=\"wp-block-table\"><table><tbody><tr><td><strong>Steuerklasse<\/strong><\/td><td><strong>Steuersatz ab 2013<\/strong><\/td><\/tr><tr><td>2<\/td><td>15 %<\/td><\/tr><\/tbody><\/table><\/figure>\n\n\n\n<h4 class=\"wp-block-heading\">Berechnung der Quellensteuer<\/h4>\n\n\n\n<p>Die H\u00f6he der Quellensteuer wird durch Anwendung des Steuersatzes (pauschaler Steuersatz auf der Lohnsteuerkarte) auf den Bruttogehalt minus Sozialversicherungsbeitr\u00e4ge und Fahrtkosten (sowie des Ehegattenreibetrag)&nbsp; berechnet.<\/p>\n\n\n\n<p>Quellensteuer auf die zus\u00e4tzliche Lohnsteuerkarte<br>= [<em>Bruttogehalt &#8211; (Sozialversicherungsbeitr\u00e4gen + Freibetrag f\u00fcr Fahrtkosten)]<\/em>\u00a0X anwendbares Steuersatz.<\/p>\n\n\n\n<h5 class=\"wp-block-heading\"><strong>Abz\u00fcge\u00a0: Fahrtkosten (FD)<\/strong><\/h5>\n\n\n\n<p>Sie haben Anspruch auf einen Freibetrag f\u00fcr Fahrtkosten.<\/p>\n\n\n\n<p>Reisekosten werden von der Steuerverwaltung pauschal bestimmt.<\/p>\n\n\n\n<p>Die Distanz wird durch Entfernungseinheiten berechnet.<\/p>\n\n\n\n<p>Die pauschalen Abz\u00fcge pro Entfernungseinheiten betragen 99 \u20ac pro Jahr innerhalb von 30 Enterfernungseinheiten. Die vier ersten Enterfungseinheiten von 99 \u20ac (ins gesamt 396 \u20ac) kommen nicht in Betracht.<\/p>\n\n\n\n<p>Die maximalen Abz\u00fcge betragen 2.574 \u20ac pro Jahr.<\/p>\n\n\n\n<ul class=\"wp-block-list\"><li>Sollte der Arbeitnehmer nicht das gesamte Jahr zu arbeiten haben, werden die Abz\u00fcge anteilig berechnet.<\/li><\/ul>\n\n\n\n<p>Beispiel: der Arbeitnehmer, der 9 Monate in Luxemburg besch\u00e4ftigt wurde, hat Anspruch auf 9\/12 seines Anspruches auf Fahrtkosten im Vergleich zu einem Arbeitnehmer, der das gesamte Jahr in Luxemburg gearbeitet hat.<\/p>\n\n\n\n<ul class=\"wp-block-list\"><li>Sollte der Arbeitnehmer im Laufe des Jahres seinen Wohnort oder seinen Arbeitsplatz\u00e4ndern, wurde der g\u00fcnstigste Abzug angewendet.<\/li><\/ul>\n\n\n\n<p>Die ung\u00fcnstige \u00c4nderung der Fahrtkosten wird in diesem Fall am 1. Januar des zukommenden Jahres angewendet. Sollte diese \u00c4nderung zum Gunsten des Arbeitnehmers sein, werden die neuen Abz\u00fcge ab dem \u00c4nderungsmonat angewendet.<\/p>\n","protected":false},"excerpt":{"rendered":"<p>Die Steuerklasse\u00a0 Auf der Lohnsteuerkarte ist die Steuerklasse eingeschrieben. Diese Klasse wird die H\u00f6he des Steuersatzes bestimmen. \u00c4nderung der Steuerklasse G\u00fcnstigere Steuerklasse:&nbsp;Die neue Steuerklasse wird mit R\u00fcckwirkung ab Anfang des Steuerjahres durch Steuererkl\u00e4rung gew\u00e4hrt. Beispiel: Eine Ehe wird im September geschlossen. Der Ehegatte wurde bisher mit Steuerklasse 1 besteuert. Am September wird der Ehegatte mit [&hellip;]<\/p>\n","protected":false},"author":7,"featured_media":0,"parent":8625,"menu_order":0,"comment_status":"closed","ping_status":"closed","template":"","meta":{"inline_featured_image":false,"footnotes":""},"tags":[],"frge_profile":[],"class_list":["post-8628","page","type-page","status-publish","hentry"],"yoast_head":"<!-- This site is optimized with the Yoast SEO plugin v27.1.1 - https:\/\/yoast.com\/product\/yoast-seo-wordpress\/ -->\n<title>Die Lohnsteuerkarte - Frontaliers Grand Est<\/title>\n<meta name=\"robots\" content=\"index, follow, max-snippet:-1, max-image-preview:large, max-video-preview:-1\" \/>\n<link rel=\"canonical\" href=\"https:\/\/frontaliers-grandest.eu\/de\/startseite\/grenzganger\/deutschland-luxemburg\/besteuerung\/die-besteuerung-in-luxemburg\/die-lohnsteuerkarte\/\" \/>\n<meta property=\"og:locale\" content=\"de_DE\" \/>\n<meta property=\"og:type\" content=\"article\" \/>\n<meta property=\"og:title\" content=\"Die Lohnsteuerkarte - Frontaliers Grand Est\" \/>\n<meta property=\"og:description\" content=\"Die Steuerklasse\u00a0 Auf der Lohnsteuerkarte ist die Steuerklasse eingeschrieben. Diese Klasse wird die H\u00f6he des Steuersatzes bestimmen. \u00c4nderung der Steuerklasse G\u00fcnstigere Steuerklasse:&nbsp;Die neue Steuerklasse wird mit R\u00fcckwirkung ab Anfang des Steuerjahres durch Steuererkl\u00e4rung gew\u00e4hrt. Beispiel: Eine Ehe wird im September geschlossen. Der Ehegatte wurde bisher mit Steuerklasse 1 besteuert. Am September wird der Ehegatte mit [&hellip;]\" \/>\n<meta property=\"og:url\" content=\"https:\/\/frontaliers-grandest.eu\/de\/startseite\/grenzganger\/deutschland-luxemburg\/besteuerung\/die-besteuerung-in-luxemburg\/die-lohnsteuerkarte\/\" \/>\n<meta property=\"og:site_name\" content=\"Frontaliers Grand Est\" \/>\n<meta property=\"article:publisher\" content=\"https:\/\/www.facebook.com\/frontaliers.GR.EST\/?locale=fr_FR\" \/>\n<meta name=\"twitter:card\" content=\"summary_large_image\" \/>\n<meta name=\"twitter:label1\" content=\"Gesch\u00e4tzte Lesezeit\" \/>\n\t<meta name=\"twitter:data1\" content=\"3\u00a0Minuten\" \/>\n<script type=\"application\/ld+json\" class=\"yoast-schema-graph\">{\"@context\":\"https:\/\/schema.org\",\"@graph\":[{\"@type\":\"WebPage\",\"@id\":\"https:\/\/frontaliers-grandest.eu\/de\/startseite\/grenzganger\/deutschland-luxemburg\/besteuerung\/die-besteuerung-in-luxemburg\/die-lohnsteuerkarte\/\",\"url\":\"https:\/\/frontaliers-grandest.eu\/de\/startseite\/grenzganger\/deutschland-luxemburg\/besteuerung\/die-besteuerung-in-luxemburg\/die-lohnsteuerkarte\/\",\"name\":\"Die Lohnsteuerkarte - Frontaliers Grand Est\",\"isPartOf\":{\"@id\":\"https:\/\/frontaliers-grandest.eu\/de\/#website\"},\"datePublished\":\"2021-06-15T09:55:56+00:00\",\"breadcrumb\":{\"@id\":\"https:\/\/frontaliers-grandest.eu\/de\/startseite\/grenzganger\/deutschland-luxemburg\/besteuerung\/die-besteuerung-in-luxemburg\/die-lohnsteuerkarte\/#breadcrumb\"},\"inLanguage\":\"de\",\"potentialAction\":[{\"@type\":\"ReadAction\",\"target\":[\"https:\/\/frontaliers-grandest.eu\/de\/startseite\/grenzganger\/deutschland-luxemburg\/besteuerung\/die-besteuerung-in-luxemburg\/die-lohnsteuerkarte\/\"]}]},{\"@type\":\"BreadcrumbList\",\"@id\":\"https:\/\/frontaliers-grandest.eu\/de\/startseite\/grenzganger\/deutschland-luxemburg\/besteuerung\/die-besteuerung-in-luxemburg\/die-lohnsteuerkarte\/#breadcrumb\",\"itemListElement\":[{\"@type\":\"ListItem\",\"position\":1,\"name\":\"Startseite\",\"item\":\"https:\/\/frontaliers-grandest.eu\/de\/\"},{\"@type\":\"ListItem\",\"position\":2,\"name\":\"Grenzg\u00e4nger\",\"item\":\"https:\/\/frontaliers-grandest.eu\/de\/startseite\/grenzganger\/\"},{\"@type\":\"ListItem\",\"position\":3,\"name\":\"Deutschland - Luxemburg\",\"item\":\"https:\/\/frontaliers-grandest.eu\/de\/startseite\/grenzganger\/deutschland-luxemburg\/\"},{\"@type\":\"ListItem\",\"position\":4,\"name\":\"Besteuerung in Luxemburg\",\"item\":\"https:\/\/frontaliers-grandest.eu\/de\/startseite\/grenzganger\/deutschland-luxemburg\/besteuerung\/\"},{\"@type\":\"ListItem\",\"position\":5,\"name\":\"Die Besteuerung in Luxemburg\",\"item\":\"https:\/\/frontaliers-grandest.eu\/de\/startseite\/grenzganger\/deutschland-luxemburg\/besteuerung\/die-besteuerung-in-luxemburg\/\"},{\"@type\":\"ListItem\",\"position\":6,\"name\":\"Die Lohnsteuerkarte\"}]},{\"@type\":\"WebSite\",\"@id\":\"https:\/\/frontaliers-grandest.eu\/de\/#website\",\"url\":\"https:\/\/frontaliers-grandest.eu\/de\/\",\"name\":\"Frontaliers Grand Est\",\"description\":\"Le site ressource du travail frontalier\",\"publisher\":{\"@id\":\"https:\/\/frontaliers-grandest.eu\/de\/#organization\"},\"alternateName\":\"Frontaliers Grand Est\",\"potentialAction\":[{\"@type\":\"SearchAction\",\"target\":{\"@type\":\"EntryPoint\",\"urlTemplate\":\"https:\/\/frontaliers-grandest.eu\/de\/?s={search_term_string}\"},\"query-input\":{\"@type\":\"PropertyValueSpecification\",\"valueRequired\":true,\"valueName\":\"search_term_string\"}}],\"inLanguage\":\"de\"},{\"@type\":\"Organization\",\"@id\":\"https:\/\/frontaliers-grandest.eu\/de\/#organization\",\"name\":\"Frontaliers Grand Est\",\"alternateName\":\"Frontaliers Grand Est\",\"url\":\"https:\/\/frontaliers-grandest.eu\/de\/\",\"logo\":{\"@type\":\"ImageObject\",\"inLanguage\":\"de\",\"@id\":\"https:\/\/frontaliers-grandest.eu\/de\/#\/schema\/logo\/image\/\",\"url\":\"https:\/\/frontaliers-grandest.eu\/wp-content\/uploads\/2025\/07\/260328234_2966785176920310_3332838526503858160_n.jpg\",\"contentUrl\":\"https:\/\/frontaliers-grandest.eu\/wp-content\/uploads\/2025\/07\/260328234_2966785176920310_3332838526503858160_n.jpg\",\"width\":396,\"height\":396,\"caption\":\"Frontaliers Grand Est\"},\"image\":{\"@id\":\"https:\/\/frontaliers-grandest.eu\/de\/#\/schema\/logo\/image\/\"},\"sameAs\":[\"https:\/\/www.facebook.com\/frontaliers.GR.EST\/?locale=fr_FR\"]}]}<\/script>\n<!-- \/ Yoast SEO plugin. -->","yoast_head_json":{"title":"Die Lohnsteuerkarte - Frontaliers Grand Est","robots":{"index":"index","follow":"follow","max-snippet":"max-snippet:-1","max-image-preview":"max-image-preview:large","max-video-preview":"max-video-preview:-1"},"canonical":"https:\/\/frontaliers-grandest.eu\/de\/startseite\/grenzganger\/deutschland-luxemburg\/besteuerung\/die-besteuerung-in-luxemburg\/die-lohnsteuerkarte\/","og_locale":"de_DE","og_type":"article","og_title":"Die Lohnsteuerkarte - Frontaliers Grand Est","og_description":"Die Steuerklasse\u00a0 Auf der Lohnsteuerkarte ist die Steuerklasse eingeschrieben. Diese Klasse wird die H\u00f6he des Steuersatzes bestimmen. \u00c4nderung der Steuerklasse G\u00fcnstigere Steuerklasse:&nbsp;Die neue Steuerklasse wird mit R\u00fcckwirkung ab Anfang des Steuerjahres durch Steuererkl\u00e4rung gew\u00e4hrt. Beispiel: Eine Ehe wird im September geschlossen. Der Ehegatte wurde bisher mit Steuerklasse 1 besteuert. Am September wird der Ehegatte mit [&hellip;]","og_url":"https:\/\/frontaliers-grandest.eu\/de\/startseite\/grenzganger\/deutschland-luxemburg\/besteuerung\/die-besteuerung-in-luxemburg\/die-lohnsteuerkarte\/","og_site_name":"Frontaliers Grand Est","article_publisher":"https:\/\/www.facebook.com\/frontaliers.GR.EST\/?locale=fr_FR","twitter_card":"summary_large_image","twitter_misc":{"Gesch\u00e4tzte Lesezeit":"3\u00a0Minuten"},"schema":{"@context":"https:\/\/schema.org","@graph":[{"@type":"WebPage","@id":"https:\/\/frontaliers-grandest.eu\/de\/startseite\/grenzganger\/deutschland-luxemburg\/besteuerung\/die-besteuerung-in-luxemburg\/die-lohnsteuerkarte\/","url":"https:\/\/frontaliers-grandest.eu\/de\/startseite\/grenzganger\/deutschland-luxemburg\/besteuerung\/die-besteuerung-in-luxemburg\/die-lohnsteuerkarte\/","name":"Die Lohnsteuerkarte - Frontaliers Grand Est","isPartOf":{"@id":"https:\/\/frontaliers-grandest.eu\/de\/#website"},"datePublished":"2021-06-15T09:55:56+00:00","breadcrumb":{"@id":"https:\/\/frontaliers-grandest.eu\/de\/startseite\/grenzganger\/deutschland-luxemburg\/besteuerung\/die-besteuerung-in-luxemburg\/die-lohnsteuerkarte\/#breadcrumb"},"inLanguage":"de","potentialAction":[{"@type":"ReadAction","target":["https:\/\/frontaliers-grandest.eu\/de\/startseite\/grenzganger\/deutschland-luxemburg\/besteuerung\/die-besteuerung-in-luxemburg\/die-lohnsteuerkarte\/"]}]},{"@type":"BreadcrumbList","@id":"https:\/\/frontaliers-grandest.eu\/de\/startseite\/grenzganger\/deutschland-luxemburg\/besteuerung\/die-besteuerung-in-luxemburg\/die-lohnsteuerkarte\/#breadcrumb","itemListElement":[{"@type":"ListItem","position":1,"name":"Startseite","item":"https:\/\/frontaliers-grandest.eu\/de\/"},{"@type":"ListItem","position":2,"name":"Grenzg\u00e4nger","item":"https:\/\/frontaliers-grandest.eu\/de\/startseite\/grenzganger\/"},{"@type":"ListItem","position":3,"name":"Deutschland - Luxemburg","item":"https:\/\/frontaliers-grandest.eu\/de\/startseite\/grenzganger\/deutschland-luxemburg\/"},{"@type":"ListItem","position":4,"name":"Besteuerung in Luxemburg","item":"https:\/\/frontaliers-grandest.eu\/de\/startseite\/grenzganger\/deutschland-luxemburg\/besteuerung\/"},{"@type":"ListItem","position":5,"name":"Die Besteuerung in Luxemburg","item":"https:\/\/frontaliers-grandest.eu\/de\/startseite\/grenzganger\/deutschland-luxemburg\/besteuerung\/die-besteuerung-in-luxemburg\/"},{"@type":"ListItem","position":6,"name":"Die Lohnsteuerkarte"}]},{"@type":"WebSite","@id":"https:\/\/frontaliers-grandest.eu\/de\/#website","url":"https:\/\/frontaliers-grandest.eu\/de\/","name":"Frontaliers Grand Est","description":"Le site ressource du travail frontalier","publisher":{"@id":"https:\/\/frontaliers-grandest.eu\/de\/#organization"},"alternateName":"Frontaliers Grand Est","potentialAction":[{"@type":"SearchAction","target":{"@type":"EntryPoint","urlTemplate":"https:\/\/frontaliers-grandest.eu\/de\/?s={search_term_string}"},"query-input":{"@type":"PropertyValueSpecification","valueRequired":true,"valueName":"search_term_string"}}],"inLanguage":"de"},{"@type":"Organization","@id":"https:\/\/frontaliers-grandest.eu\/de\/#organization","name":"Frontaliers Grand Est","alternateName":"Frontaliers Grand Est","url":"https:\/\/frontaliers-grandest.eu\/de\/","logo":{"@type":"ImageObject","inLanguage":"de","@id":"https:\/\/frontaliers-grandest.eu\/de\/#\/schema\/logo\/image\/","url":"https:\/\/frontaliers-grandest.eu\/wp-content\/uploads\/2025\/07\/260328234_2966785176920310_3332838526503858160_n.jpg","contentUrl":"https:\/\/frontaliers-grandest.eu\/wp-content\/uploads\/2025\/07\/260328234_2966785176920310_3332838526503858160_n.jpg","width":396,"height":396,"caption":"Frontaliers Grand Est"},"image":{"@id":"https:\/\/frontaliers-grandest.eu\/de\/#\/schema\/logo\/image\/"},"sameAs":["https:\/\/www.facebook.com\/frontaliers.GR.EST\/?locale=fr_FR"]}]}},"frge_page_order":0,"_links":{"self":[{"href":"https:\/\/frontaliers-grandest.eu\/de\/wp-json\/wp\/v2\/pages\/8628","targetHints":{"allow":["GET"]}}],"collection":[{"href":"https:\/\/frontaliers-grandest.eu\/de\/wp-json\/wp\/v2\/pages"}],"about":[{"href":"https:\/\/frontaliers-grandest.eu\/de\/wp-json\/wp\/v2\/types\/page"}],"author":[{"embeddable":true,"href":"https:\/\/frontaliers-grandest.eu\/de\/wp-json\/wp\/v2\/users\/7"}],"replies":[{"embeddable":true,"href":"https:\/\/frontaliers-grandest.eu\/de\/wp-json\/wp\/v2\/comments?post=8628"}],"version-history":[{"count":1,"href":"https:\/\/frontaliers-grandest.eu\/de\/wp-json\/wp\/v2\/pages\/8628\/revisions"}],"predecessor-version":[{"id":8629,"href":"https:\/\/frontaliers-grandest.eu\/de\/wp-json\/wp\/v2\/pages\/8628\/revisions\/8629"}],"up":[{"embeddable":true,"href":"https:\/\/frontaliers-grandest.eu\/de\/wp-json\/wp\/v2\/pages\/8625"}],"wp:attachment":[{"href":"https:\/\/frontaliers-grandest.eu\/de\/wp-json\/wp\/v2\/media?parent=8628"}],"wp:term":[{"taxonomy":"post_tag","embeddable":true,"href":"https:\/\/frontaliers-grandest.eu\/de\/wp-json\/wp\/v2\/tags?post=8628"},{"taxonomy":"frge_profile","embeddable":true,"href":"https:\/\/frontaliers-grandest.eu\/de\/wp-json\/wp\/v2\/frge_profile?post=8628"}],"curies":[{"name":"wp","href":"https:\/\/api.w.org\/{rel}","templated":true}]}}