{"id":8605,"date":"2021-06-15T11:33:57","date_gmt":"2021-06-15T09:33:57","guid":{"rendered":"https:\/\/frontaliers-grandest.eu\/?page_id=8605"},"modified":"2021-06-15T11:34:50","modified_gmt":"2021-06-15T09:34:50","slug":"sie-wollen-ihr-arbeitsverhaltnis-beeden","status":"publish","type":"page","link":"https:\/\/frontaliers-grandest.eu\/de\/startseite\/grenzganger\/deutschland-luxemburg\/arbeitsrecht\/die-kundigung-des-arbeitsvertrages\/sie-wollen-ihr-arbeitsverhaltnis-beeden\/","title":{"rendered":"Sie wollen Ihr Arbeitsverh\u00e4ltnis beeden"},"content":{"rendered":"\n<p>Wie im Falle einer Entlassung, kann der Arbeitnehmer sein Arbeitsverh\u00e4ltnis k\u00fcndigen (mit oder ohne K\u00fcndigungsfrist).<\/p>\n\n\n\n<h4 class=\"wp-block-heading\"><strong>K\u00fcndigung durch den Arbeitnehmer mit K\u00fcndigungsfrist<\/strong><\/h4>\n\n\n\n<p>Der Arbeitnehmer ist berechtigt, zu k\u00fcndigen, d.h. seinen Arbeitsvertrag auf&nbsp;<strong>Eigeninitiative&nbsp;<\/strong>aufzul\u00f6sen.<\/p>\n\n\n\n<p>Der Arbeitnehmer kann seinen Arbeitsvertrag&nbsp;<strong>per Einschreiben&nbsp;k\u00fcndigen, wobei die Unterschrift des Arbeitgebers auf dem Doppel des K\u00fcndigungsschreibens als Empfangsbest\u00e4tigung gilt<\/strong>. Im Gegensatz zur K\u00fcndigung durch den Arbeitgeber, bei der dieser verpflichtet ist, sich zu rechtfertigen, muss eine K\u00fcndigung durch den Arbeitnehmer nicht begr\u00fcndet sein.<\/p>\n\n\n\n<h5 class=\"wp-block-heading\"><strong>K\u00fcndigungsfristen:<\/strong><\/h5>\n\n\n\n<figure class=\"wp-block-table\"><table><tbody><tr><td><strong>Betriebszugeh\u00f6rigkeit<\/strong><\/td><td><strong>K\u00fcndigungsfrist<\/strong><\/td><\/tr><tr><td><strong>Weniger als 5 Jahre<\/strong><\/td><td>1 Monat<\/td><\/tr><tr><td><strong>Zwischen 5 und 10 Jahren<\/strong><\/td><td>2 Monate<\/td><\/tr><tr><td><strong>Mehr als 10 Jahre<\/strong><\/td><td>3 Monate<\/td><\/tr><\/tbody><\/table><\/figure>\n\n\n\n<div class=\"wp-block-buttons is-layout-flex wp-block-buttons-is-layout-flex\">\n<div class=\"wp-block-button\"><a class=\"wp-block-button__link\"><strong>ACHTUNG:&nbsp;<\/strong>die K\u00fcndigungsfrist beginnt ab dem 15. des Monats, wenn das K\u00fcndigungsschreiben vor dem 15. des Monats abgeschickt wurde (Datum des Poststempels); ab dem 1. des Folgemonats, wenn das Schreiben nach dem 15. des Monats abgeschickt wurde (Datum des Poststempels).<\/a><\/div>\n<\/div>\n\n\n\n<h4 class=\"wp-block-heading\"><strong>Arbeitsvertrag wegen einer schwerwiegenden Verfehlung des Arbeitsgebers k\u00fcndigen<\/strong><\/h4>\n\n\n\n<p>Im Falle einer<strong>&nbsp;schwerwiegenden Verfehlung seitens des Arbeitgebers<\/strong>&nbsp;(z.B.: unbezahlte L\u00f6hne, sexuelle oder moralische Bel\u00e4stigung (Mobbing), Gewalt) hat der Arbeitnehmer die M\u00f6glichkeit, seinen Arbeitsvertrag fristlos zu k\u00fcndigen.<strong>&nbsp;In diesem Fall ist die Aufl\u00f6sung des Vertrags sofort wirksam.<\/strong><\/p>\n\n\n\n<p>Der Arbeitnehmer kann Ihren Arbeitnehmer entweder<strong>&nbsp;per Einschreiben oder per pers\u00f6nlicher Aush\u00e4ndigung des K\u00fcndigungsschreibens unterrichten<\/strong>.&nbsp; In zweitem Fall muss der Arbeitgeber das Duplikat des Schreibens als Empfangsbest\u00e4tigung unterzeichnen.<\/p>\n\n\n\n<p>Der Arbeitnehmer ist nicht dazu verpflichtet, die genauen Gr\u00fcnde f\u00fcr seine K\u00fcndigung zu nennen.&nbsp;<\/p>\n\n\n\n<p>Der Arbeitnehmer kann dem Arbeitgeber die Tatbest\u00e4nde&nbsp;<strong>nicht sp\u00e4ter als&nbsp;einen Monat<\/strong>, nachdem er davon Kenntnis erlangt hat, vorwerfen. Sie m\u00fcssen real sein und der Arbeitnehmer muss sie gegebenenfalls beweisen k\u00f6nnen, d.h. im Falle eines m\u00f6glichen Rechtsstreits vor dem Arbeitsgericht die entsprechenden Beweise liefern k\u00f6nnen.<\/p>\n\n\n\n<p>Der Arbeitnehmer hat grunds\u00e4tzlich Anspruch auf die K\u00fcndigungsausgleichsentsch\u00e4digung in H\u00f6he des w\u00e4hrend der K\u00fcndigungsfrist geschuldeten Arbeitsentgelts,<strong>&nbsp;aber auf keine Abfindung.<\/strong><\/p>\n\n\n\n<p>Er hat&nbsp;<strong>aber Anspruch auf Arbeitslosengeld<\/strong>,&nbsp;<strong>wenn das Gericht zum Schluss kommt, dass die fristlose K\u00fcndigung aufgrund einer schwerwiegenden Verfehlung seitens des Arbeitgebers gerechtfertigt ist<\/strong>.<\/p>\n\n\n\n<h5 class=\"wp-block-heading\">Jedoch kann die Agentur f\u00fcr Arbeit eine Sperrzeit von bis zu zw\u00f6lf Wochen verh\u00e4ngen:<\/h5>\n\n\n\n<ul class=\"wp-block-list\"><li>wenn Sie mit Ihrem Ehegatten oder mit Ihrem Partner bei einer eingetragenen Lebenspartnerschaft zusammenziehen wollen, dann ist das ein wichtiger Grund f\u00fcr Ihre Eigenk\u00fcndigung;<\/li><li>unbezahlte L\u00f6hne;<\/li><li>wenn Sie durch die Arbeit nachweislich \u00fcberfordert, kann das ein wichtiger Grund zur L\u00f6sung Ihres Besch\u00e4ftigungsverh\u00e4ltnisses sein;<\/li><li>wenn Sie eine feste Zusage oder auch nur nachweislich konkrete Aussichten auf eine neue Stelle hatten, haben Sie die Arbeitslosigkeit nicht vors\u00e4tzlich herbeigef\u00fchrt, selbst wenn der Jobwechsel dann nicht geklappt hat<\/li><\/ul>\n\n\n\n<div class=\"wp-block-buttons is-layout-flex wp-block-buttons-is-layout-flex\">\n<div class=\"wp-block-button is-style-outline is-style-outline--1\"><a class=\"wp-block-button__link\"><strong>F\u00fcr mehr Informationen wenden Sie sich bitte an einen EURES-Berater in Luxembourg an.\u00a0<\/strong><\/a><\/div>\n<\/div>\n","protected":false},"excerpt":{"rendered":"<p>Wie im Falle einer Entlassung, kann der Arbeitnehmer sein Arbeitsverh\u00e4ltnis k\u00fcndigen (mit oder ohne K\u00fcndigungsfrist). K\u00fcndigung durch den Arbeitnehmer mit K\u00fcndigungsfrist Der Arbeitnehmer ist berechtigt, zu k\u00fcndigen, d.h. seinen Arbeitsvertrag auf&nbsp;Eigeninitiative&nbsp;aufzul\u00f6sen. Der Arbeitnehmer kann seinen Arbeitsvertrag&nbsp;per Einschreiben&nbsp;k\u00fcndigen, wobei die Unterschrift des Arbeitgebers auf dem Doppel des K\u00fcndigungsschreibens als Empfangsbest\u00e4tigung gilt. Im Gegensatz zur K\u00fcndigung durch [&hellip;]<\/p>\n","protected":false},"author":7,"featured_media":0,"parent":8593,"menu_order":4,"comment_status":"closed","ping_status":"closed","template":"","meta":{"inline_featured_image":false,"footnotes":""},"tags":[],"frge_profile":[],"class_list":["post-8605","page","type-page","status-publish","hentry"],"yoast_head":"<!-- This site is optimized with the Yoast SEO plugin v27.1.1 - https:\/\/yoast.com\/product\/yoast-seo-wordpress\/ -->\n<title>Sie wollen Ihr Arbeitsverh\u00e4ltnis beeden - Frontaliers Grand Est<\/title>\n<meta name=\"robots\" content=\"index, follow, max-snippet:-1, max-image-preview:large, max-video-preview:-1\" \/>\n<link rel=\"canonical\" href=\"https:\/\/frontaliers-grandest.eu\/de\/startseite\/grenzganger\/deutschland-luxemburg\/arbeitsrecht\/die-kundigung-des-arbeitsvertrages\/sie-wollen-ihr-arbeitsverhaltnis-beeden\/\" \/>\n<meta property=\"og:locale\" content=\"de_DE\" \/>\n<meta property=\"og:type\" content=\"article\" \/>\n<meta property=\"og:title\" content=\"Sie wollen Ihr Arbeitsverh\u00e4ltnis beeden - Frontaliers Grand Est\" \/>\n<meta property=\"og:description\" content=\"Wie im Falle einer Entlassung, kann der Arbeitnehmer sein Arbeitsverh\u00e4ltnis k\u00fcndigen (mit oder ohne K\u00fcndigungsfrist). K\u00fcndigung durch den Arbeitnehmer mit K\u00fcndigungsfrist Der Arbeitnehmer ist berechtigt, zu k\u00fcndigen, d.h. seinen Arbeitsvertrag auf&nbsp;Eigeninitiative&nbsp;aufzul\u00f6sen. Der Arbeitnehmer kann seinen Arbeitsvertrag&nbsp;per Einschreiben&nbsp;k\u00fcndigen, wobei die Unterschrift des Arbeitgebers auf dem Doppel des K\u00fcndigungsschreibens als Empfangsbest\u00e4tigung gilt. Im Gegensatz zur K\u00fcndigung durch [&hellip;]\" \/>\n<meta property=\"og:url\" content=\"https:\/\/frontaliers-grandest.eu\/de\/startseite\/grenzganger\/deutschland-luxemburg\/arbeitsrecht\/die-kundigung-des-arbeitsvertrages\/sie-wollen-ihr-arbeitsverhaltnis-beeden\/\" \/>\n<meta property=\"og:site_name\" content=\"Frontaliers Grand Est\" \/>\n<meta property=\"article:publisher\" content=\"https:\/\/www.facebook.com\/frontaliers.GR.EST\/?locale=fr_FR\" \/>\n<meta property=\"article:modified_time\" content=\"2021-06-15T09:34:50+00:00\" \/>\n<meta name=\"twitter:card\" content=\"summary_large_image\" \/>\n<meta name=\"twitter:label1\" content=\"Gesch\u00e4tzte Lesezeit\" \/>\n\t<meta name=\"twitter:data1\" content=\"2\u00a0Minuten\" \/>\n<script type=\"application\/ld+json\" class=\"yoast-schema-graph\">{\"@context\":\"https:\/\/schema.org\",\"@graph\":[{\"@type\":\"WebPage\",\"@id\":\"https:\/\/frontaliers-grandest.eu\/de\/startseite\/grenzganger\/deutschland-luxemburg\/arbeitsrecht\/die-kundigung-des-arbeitsvertrages\/sie-wollen-ihr-arbeitsverhaltnis-beeden\/\",\"url\":\"https:\/\/frontaliers-grandest.eu\/de\/startseite\/grenzganger\/deutschland-luxemburg\/arbeitsrecht\/die-kundigung-des-arbeitsvertrages\/sie-wollen-ihr-arbeitsverhaltnis-beeden\/\",\"name\":\"Sie wollen Ihr Arbeitsverh\u00e4ltnis beeden - Frontaliers Grand Est\",\"isPartOf\":{\"@id\":\"https:\/\/frontaliers-grandest.eu\/de\/#website\"},\"datePublished\":\"2021-06-15T09:33:57+00:00\",\"dateModified\":\"2021-06-15T09:34:50+00:00\",\"breadcrumb\":{\"@id\":\"https:\/\/frontaliers-grandest.eu\/de\/startseite\/grenzganger\/deutschland-luxemburg\/arbeitsrecht\/die-kundigung-des-arbeitsvertrages\/sie-wollen-ihr-arbeitsverhaltnis-beeden\/#breadcrumb\"},\"inLanguage\":\"de\",\"potentialAction\":[{\"@type\":\"ReadAction\",\"target\":[\"https:\/\/frontaliers-grandest.eu\/de\/startseite\/grenzganger\/deutschland-luxemburg\/arbeitsrecht\/die-kundigung-des-arbeitsvertrages\/sie-wollen-ihr-arbeitsverhaltnis-beeden\/\"]}]},{\"@type\":\"BreadcrumbList\",\"@id\":\"https:\/\/frontaliers-grandest.eu\/de\/startseite\/grenzganger\/deutschland-luxemburg\/arbeitsrecht\/die-kundigung-des-arbeitsvertrages\/sie-wollen-ihr-arbeitsverhaltnis-beeden\/#breadcrumb\",\"itemListElement\":[{\"@type\":\"ListItem\",\"position\":1,\"name\":\"Startseite\",\"item\":\"https:\/\/frontaliers-grandest.eu\/de\/\"},{\"@type\":\"ListItem\",\"position\":2,\"name\":\"Grenzg\u00e4nger\",\"item\":\"https:\/\/frontaliers-grandest.eu\/de\/startseite\/grenzganger\/\"},{\"@type\":\"ListItem\",\"position\":3,\"name\":\"Deutschland - Luxemburg\",\"item\":\"https:\/\/frontaliers-grandest.eu\/de\/startseite\/grenzganger\/deutschland-luxemburg\/\"},{\"@type\":\"ListItem\",\"position\":4,\"name\":\"Arbeitsrecht in Luxemburg\",\"item\":\"https:\/\/frontaliers-grandest.eu\/de\/startseite\/grenzganger\/deutschland-luxemburg\/arbeitsrecht\/\"},{\"@type\":\"ListItem\",\"position\":5,\"name\":\"Die K\u00fcndigung des Arbeitsvertrages\",\"item\":\"https:\/\/frontaliers-grandest.eu\/de\/startseite\/grenzganger\/deutschland-luxemburg\/arbeitsrecht\/die-kundigung-des-arbeitsvertrages\/\"},{\"@type\":\"ListItem\",\"position\":6,\"name\":\"Sie wollen Ihr Arbeitsverh\u00e4ltnis beeden\"}]},{\"@type\":\"WebSite\",\"@id\":\"https:\/\/frontaliers-grandest.eu\/de\/#website\",\"url\":\"https:\/\/frontaliers-grandest.eu\/de\/\",\"name\":\"Frontaliers Grand Est\",\"description\":\"Le site ressource du travail frontalier\",\"publisher\":{\"@id\":\"https:\/\/frontaliers-grandest.eu\/de\/#organization\"},\"alternateName\":\"Frontaliers Grand Est\",\"potentialAction\":[{\"@type\":\"SearchAction\",\"target\":{\"@type\":\"EntryPoint\",\"urlTemplate\":\"https:\/\/frontaliers-grandest.eu\/de\/?s={search_term_string}\"},\"query-input\":{\"@type\":\"PropertyValueSpecification\",\"valueRequired\":true,\"valueName\":\"search_term_string\"}}],\"inLanguage\":\"de\"},{\"@type\":\"Organization\",\"@id\":\"https:\/\/frontaliers-grandest.eu\/de\/#organization\",\"name\":\"Frontaliers Grand Est\",\"alternateName\":\"Frontaliers Grand Est\",\"url\":\"https:\/\/frontaliers-grandest.eu\/de\/\",\"logo\":{\"@type\":\"ImageObject\",\"inLanguage\":\"de\",\"@id\":\"https:\/\/frontaliers-grandest.eu\/de\/#\/schema\/logo\/image\/\",\"url\":\"https:\/\/frontaliers-grandest.eu\/wp-content\/uploads\/2025\/07\/260328234_2966785176920310_3332838526503858160_n.jpg\",\"contentUrl\":\"https:\/\/frontaliers-grandest.eu\/wp-content\/uploads\/2025\/07\/260328234_2966785176920310_3332838526503858160_n.jpg\",\"width\":396,\"height\":396,\"caption\":\"Frontaliers Grand Est\"},\"image\":{\"@id\":\"https:\/\/frontaliers-grandest.eu\/de\/#\/schema\/logo\/image\/\"},\"sameAs\":[\"https:\/\/www.facebook.com\/frontaliers.GR.EST\/?locale=fr_FR\"]}]}<\/script>\n<!-- \/ Yoast SEO plugin. -->","yoast_head_json":{"title":"Sie wollen Ihr Arbeitsverh\u00e4ltnis beeden - Frontaliers Grand Est","robots":{"index":"index","follow":"follow","max-snippet":"max-snippet:-1","max-image-preview":"max-image-preview:large","max-video-preview":"max-video-preview:-1"},"canonical":"https:\/\/frontaliers-grandest.eu\/de\/startseite\/grenzganger\/deutschland-luxemburg\/arbeitsrecht\/die-kundigung-des-arbeitsvertrages\/sie-wollen-ihr-arbeitsverhaltnis-beeden\/","og_locale":"de_DE","og_type":"article","og_title":"Sie wollen Ihr Arbeitsverh\u00e4ltnis beeden - Frontaliers Grand Est","og_description":"Wie im Falle einer Entlassung, kann der Arbeitnehmer sein Arbeitsverh\u00e4ltnis k\u00fcndigen (mit oder ohne K\u00fcndigungsfrist). K\u00fcndigung durch den Arbeitnehmer mit K\u00fcndigungsfrist Der Arbeitnehmer ist berechtigt, zu k\u00fcndigen, d.h. seinen Arbeitsvertrag auf&nbsp;Eigeninitiative&nbsp;aufzul\u00f6sen. Der Arbeitnehmer kann seinen Arbeitsvertrag&nbsp;per Einschreiben&nbsp;k\u00fcndigen, wobei die Unterschrift des Arbeitgebers auf dem Doppel des K\u00fcndigungsschreibens als Empfangsbest\u00e4tigung gilt. Im Gegensatz zur K\u00fcndigung durch [&hellip;]","og_url":"https:\/\/frontaliers-grandest.eu\/de\/startseite\/grenzganger\/deutschland-luxemburg\/arbeitsrecht\/die-kundigung-des-arbeitsvertrages\/sie-wollen-ihr-arbeitsverhaltnis-beeden\/","og_site_name":"Frontaliers Grand Est","article_publisher":"https:\/\/www.facebook.com\/frontaliers.GR.EST\/?locale=fr_FR","article_modified_time":"2021-06-15T09:34:50+00:00","twitter_card":"summary_large_image","twitter_misc":{"Gesch\u00e4tzte Lesezeit":"2\u00a0Minuten"},"schema":{"@context":"https:\/\/schema.org","@graph":[{"@type":"WebPage","@id":"https:\/\/frontaliers-grandest.eu\/de\/startseite\/grenzganger\/deutschland-luxemburg\/arbeitsrecht\/die-kundigung-des-arbeitsvertrages\/sie-wollen-ihr-arbeitsverhaltnis-beeden\/","url":"https:\/\/frontaliers-grandest.eu\/de\/startseite\/grenzganger\/deutschland-luxemburg\/arbeitsrecht\/die-kundigung-des-arbeitsvertrages\/sie-wollen-ihr-arbeitsverhaltnis-beeden\/","name":"Sie wollen Ihr Arbeitsverh\u00e4ltnis beeden - Frontaliers Grand Est","isPartOf":{"@id":"https:\/\/frontaliers-grandest.eu\/de\/#website"},"datePublished":"2021-06-15T09:33:57+00:00","dateModified":"2021-06-15T09:34:50+00:00","breadcrumb":{"@id":"https:\/\/frontaliers-grandest.eu\/de\/startseite\/grenzganger\/deutschland-luxemburg\/arbeitsrecht\/die-kundigung-des-arbeitsvertrages\/sie-wollen-ihr-arbeitsverhaltnis-beeden\/#breadcrumb"},"inLanguage":"de","potentialAction":[{"@type":"ReadAction","target":["https:\/\/frontaliers-grandest.eu\/de\/startseite\/grenzganger\/deutschland-luxemburg\/arbeitsrecht\/die-kundigung-des-arbeitsvertrages\/sie-wollen-ihr-arbeitsverhaltnis-beeden\/"]}]},{"@type":"BreadcrumbList","@id":"https:\/\/frontaliers-grandest.eu\/de\/startseite\/grenzganger\/deutschland-luxemburg\/arbeitsrecht\/die-kundigung-des-arbeitsvertrages\/sie-wollen-ihr-arbeitsverhaltnis-beeden\/#breadcrumb","itemListElement":[{"@type":"ListItem","position":1,"name":"Startseite","item":"https:\/\/frontaliers-grandest.eu\/de\/"},{"@type":"ListItem","position":2,"name":"Grenzg\u00e4nger","item":"https:\/\/frontaliers-grandest.eu\/de\/startseite\/grenzganger\/"},{"@type":"ListItem","position":3,"name":"Deutschland - Luxemburg","item":"https:\/\/frontaliers-grandest.eu\/de\/startseite\/grenzganger\/deutschland-luxemburg\/"},{"@type":"ListItem","position":4,"name":"Arbeitsrecht in Luxemburg","item":"https:\/\/frontaliers-grandest.eu\/de\/startseite\/grenzganger\/deutschland-luxemburg\/arbeitsrecht\/"},{"@type":"ListItem","position":5,"name":"Die K\u00fcndigung des Arbeitsvertrages","item":"https:\/\/frontaliers-grandest.eu\/de\/startseite\/grenzganger\/deutschland-luxemburg\/arbeitsrecht\/die-kundigung-des-arbeitsvertrages\/"},{"@type":"ListItem","position":6,"name":"Sie wollen Ihr Arbeitsverh\u00e4ltnis beeden"}]},{"@type":"WebSite","@id":"https:\/\/frontaliers-grandest.eu\/de\/#website","url":"https:\/\/frontaliers-grandest.eu\/de\/","name":"Frontaliers Grand Est","description":"Le site ressource du travail frontalier","publisher":{"@id":"https:\/\/frontaliers-grandest.eu\/de\/#organization"},"alternateName":"Frontaliers Grand Est","potentialAction":[{"@type":"SearchAction","target":{"@type":"EntryPoint","urlTemplate":"https:\/\/frontaliers-grandest.eu\/de\/?s={search_term_string}"},"query-input":{"@type":"PropertyValueSpecification","valueRequired":true,"valueName":"search_term_string"}}],"inLanguage":"de"},{"@type":"Organization","@id":"https:\/\/frontaliers-grandest.eu\/de\/#organization","name":"Frontaliers Grand Est","alternateName":"Frontaliers Grand Est","url":"https:\/\/frontaliers-grandest.eu\/de\/","logo":{"@type":"ImageObject","inLanguage":"de","@id":"https:\/\/frontaliers-grandest.eu\/de\/#\/schema\/logo\/image\/","url":"https:\/\/frontaliers-grandest.eu\/wp-content\/uploads\/2025\/07\/260328234_2966785176920310_3332838526503858160_n.jpg","contentUrl":"https:\/\/frontaliers-grandest.eu\/wp-content\/uploads\/2025\/07\/260328234_2966785176920310_3332838526503858160_n.jpg","width":396,"height":396,"caption":"Frontaliers Grand Est"},"image":{"@id":"https:\/\/frontaliers-grandest.eu\/de\/#\/schema\/logo\/image\/"},"sameAs":["https:\/\/www.facebook.com\/frontaliers.GR.EST\/?locale=fr_FR"]}]}},"frge_page_order":0,"_links":{"self":[{"href":"https:\/\/frontaliers-grandest.eu\/de\/wp-json\/wp\/v2\/pages\/8605","targetHints":{"allow":["GET"]}}],"collection":[{"href":"https:\/\/frontaliers-grandest.eu\/de\/wp-json\/wp\/v2\/pages"}],"about":[{"href":"https:\/\/frontaliers-grandest.eu\/de\/wp-json\/wp\/v2\/types\/page"}],"author":[{"embeddable":true,"href":"https:\/\/frontaliers-grandest.eu\/de\/wp-json\/wp\/v2\/users\/7"}],"replies":[{"embeddable":true,"href":"https:\/\/frontaliers-grandest.eu\/de\/wp-json\/wp\/v2\/comments?post=8605"}],"version-history":[{"count":2,"href":"https:\/\/frontaliers-grandest.eu\/de\/wp-json\/wp\/v2\/pages\/8605\/revisions"}],"predecessor-version":[{"id":8607,"href":"https:\/\/frontaliers-grandest.eu\/de\/wp-json\/wp\/v2\/pages\/8605\/revisions\/8607"}],"up":[{"embeddable":true,"href":"https:\/\/frontaliers-grandest.eu\/de\/wp-json\/wp\/v2\/pages\/8593"}],"wp:attachment":[{"href":"https:\/\/frontaliers-grandest.eu\/de\/wp-json\/wp\/v2\/media?parent=8605"}],"wp:term":[{"taxonomy":"post_tag","embeddable":true,"href":"https:\/\/frontaliers-grandest.eu\/de\/wp-json\/wp\/v2\/tags?post=8605"},{"taxonomy":"frge_profile","embeddable":true,"href":"https:\/\/frontaliers-grandest.eu\/de\/wp-json\/wp\/v2\/frge_profile?post=8605"}],"curies":[{"name":"wp","href":"https:\/\/api.w.org\/{rel}","templated":true}]}}