{"id":8603,"date":"2021-06-15T11:30:18","date_gmt":"2021-06-15T09:30:18","guid":{"rendered":"https:\/\/frontaliers-grandest.eu\/?page_id=8603"},"modified":"2021-06-15T11:30:19","modified_gmt":"2021-06-15T09:30:19","slug":"kundigung-durch-den-arbeitgeber-ohne-kundigungsfrist","status":"publish","type":"page","link":"https:\/\/frontaliers-grandest.eu\/de\/startseite\/grenzganger\/deutschland-luxemburg\/arbeitsrecht\/die-kundigung-des-arbeitsvertrages\/kundigung-durch-den-arbeitgeber-ohne-kundigungsfrist\/","title":{"rendered":"K\u00fcndigung durch den Arbeitgeber ohne K\u00fcndigungsfrist"},"content":{"rendered":"\n<p>Ihr Arbeitgeber kann Sie fristlos entlassen, wenn Sie eine&nbsp;<strong>Verfehlung&nbsp;<\/strong>begangen hatten, aufgrund derer sich das Aufrechterhalten des Arbeitsverh\u00e4ltnisses&nbsp;<strong>endg\u00fcltig und sofort unm\u00f6glich&nbsp;gestaltet.<\/strong><\/p>\n\n\n\n<p>F\u00fcr diese Art von K\u00fcndigung muss ein Grund vorliegen, der&nbsp;<strong>f\u00fcr den Arbeitgeber schwerwiegender<\/strong>&nbsp;ist.<\/p>\n\n\n\n<p>Ein&nbsp;<strong>schwerwiegender Grund&nbsp;<\/strong>liegt unter anderen wegen Diebstahl, Gewalt, unlauterem Wettbewerb, oder wiederkehrende unbegr\u00fcndete Abwesenheiten vor.<\/p>\n\n\n\n<p>Der Arbeitgeber kann einen&nbsp;<strong>vorsorglichen Ausschluss von der Arbeit<\/strong>&nbsp;verk\u00fcnden (auch m\u00fcndlich) und das K\u00fcndigungsschreiben sp\u00e4ter zustellen. Der Arbeitnehmer ist dann davon befreit, an seinem Arbeitsplatz zu erscheinen. Er wird aber bis zum Tag, an dem ihm die K\u00fcndigung zugestellt wird, weiterhin seinen Lohn sowie s\u00e4mtliche weiteren Vorteile, auf die er Anspruch hat, erhalten.<\/p>\n\n\n\n<p>Die Entlassung kann dann nicht, in diesem Fall, fr\u00fchestens am Tag nach dem letzten Tag des&nbsp;<strong>&nbsp;Ausschluss von der Arbeit&nbsp;<\/strong>&nbsp;letzten und sp\u00e4testens 8 Tage nach der&nbsp;<strong>Ausschluss eingreifen.<\/strong><\/p>\n\n\n\n<p>Eine schwerwiegende Verfehlung, die eine au\u00dferordentliche K\u00fcndigung begr\u00fcndet, muss\u00a0<strong>sp\u00e4testens innerhalb eines Monats\u00a0<\/strong>ab dem Tag, an dem der Arbeitgeber von ihr Kenntnis erlangt, geltend gemacht werden.<\/p>\n\n\n\n<h4 class=\"wp-block-heading\"><strong>Ist der Vorgespr\u00e4ch obligatorisch f\u00fcr meinen Arbeitgeber ?<\/strong><\/h4>\n\n\n\n<p>Z\u00e4hlt ein Unternehmen mindestens&nbsp;<strong>150 Arbeitnehmer<\/strong>, ist der Arbeitgeber&nbsp;verpflichtet<strong>,<\/strong>&nbsp;den betroffenen Arbeitnehmer vor einer K\u00fcndigung<strong>&nbsp;zu einem&nbsp;Vorgespr\u00e4ch vorzuladen.<\/strong><\/p>\n\n\n\n<p>Diese Vorladung zum Vorgespr\u00e4ch muss also\u00a0<strong>nach den gleichen Bedingungen erfolgen als Vorladung zum Vorgespr\u00e4ch im Rahmen einer ordentlichen K\u00fcndigung<\/strong>\u00a0(mit K\u00fcndigungsfrist).<\/p>\n\n\n\n<h4 class=\"wp-block-heading\"><strong>Verfahren bei einer fristl\u00f6sen K\u00fcndigung<\/strong>\u00a0<\/h4>\n\n\n\n<p>Ein Arbeitgeber, der einen Arbeitnehmer wegen einer schwerwiegenden Verfehlung entlassen m\u00f6chte,&nbsp;<strong>kann dem Arbeitnehmer das&nbsp;K\u00fcndigungsschreiben&nbsp;entweder direkt&nbsp;<\/strong>(gegebenenfalls nach dem Vorgespr\u00e4ch)&nbsp;zustellen, oder durch&nbsp;Aush\u00e4ndigung.&nbsp;Im zweiten Fall muss der Arbeitnehmer den&nbsp;Empfang&nbsp;des Duplikats des Schreibens&nbsp;best\u00e4tigen.<\/p>\n\n\n\n<p>Das Schreiben muss die der K\u00fcndigung zugrunde liegenden und\u00a0<strong>dem Arbeitnehmer vorgeworfenen Verfehlungen\u00a0genau angeben.\u00a0<\/strong>Die Entlassung muss mit entsprechender\u00a0<strong>Begr\u00fcndung\u00a0per Einschreibebrief\u00a0angezeigt\u00a0werden<\/strong>, d.h. die dem Arbeitnehmer vorgeworfenen Fakten sowie die Umst\u00e4nde, die dazu f\u00fchren, dass sie als schwerwiegend anzusehen sind, m\u00fcssen im K\u00fcndigungsschreiben aufgef\u00fchrt werden. Liegt eine solche schriftliche Begr\u00fcndung nicht vor, gilt die Entlassung als unzul\u00e4ssig.<\/p>\n\n\n\n<div class=\"wp-block-buttons is-layout-flex wp-block-buttons-is-layout-flex\">\n<div class=\"wp-block-button\"><a class=\"wp-block-button__link\"><strong>ACHTUNG<\/strong>: der oder die Gr\u00fcnde f\u00fcr\u00a0<strong>eine Entlassung aus schwerwiegendem Gr\u00fcnden k\u00f6nnen binnen einer Frist von l\u00e4ngstens einem Monat ab dem Tag ausgesprochen werden<\/strong>, an dem die sich darauf berufende Vertragspartei Kenntnis davon erhalten hat, es sei denn, das Fehlverhalten hat im Laufe dieses Monats zu Strafverfolgungsma\u00dfnahmen gef\u00fchrt.<\/a><\/div>\n<\/div>\n\n\n\n<h4 class=\"wp-block-heading\"><strong>Nachfolgen der fristl\u00f6sen K\u00fcndigung<\/strong>\u00a0<\/h4>\n\n\n\n<p>Ihr Arbeitsvertrag ist sofort<strong>&nbsp;unm\u00f6glich und endg\u00fcltig.<\/strong><\/p>\n\n\n\n<p>Ihr Arbeitgeber muss Ihr Gehalt und andere Lohnvorteile bis zum Zeitpunkt der K\u00fcndigung zahlen. Diese werden anteilsm\u00e4\u00dfig an den Tag Ihrer K\u00fcndigung festgelegt.<\/p>\n\n\n\n<p>Eine&nbsp;<strong>fristlose K\u00fcndigung in Luxemburg kann nicht die Gew\u00e4hrung des Arbeitslosengeldes in Deutschland verbieten<\/strong>. Jedoch ruht bei einer verschuldeten Entlassung der Anspruch auf Arbeitslosengeld f\u00fcr die Dauer bis zu zw\u00f6lf Wochen (\u201eSperre\u201c).&nbsp;&nbsp;<\/p>\n","protected":false},"excerpt":{"rendered":"<p>Ihr Arbeitgeber kann Sie fristlos entlassen, wenn Sie eine&nbsp;Verfehlung&nbsp;begangen hatten, aufgrund derer sich das Aufrechterhalten des Arbeitsverh\u00e4ltnisses&nbsp;endg\u00fcltig und sofort unm\u00f6glich&nbsp;gestaltet. F\u00fcr diese Art von K\u00fcndigung muss ein Grund vorliegen, der&nbsp;f\u00fcr den Arbeitgeber schwerwiegender&nbsp;ist. Ein&nbsp;schwerwiegender Grund&nbsp;liegt unter anderen wegen Diebstahl, Gewalt, unlauterem Wettbewerb, oder wiederkehrende unbegr\u00fcndete Abwesenheiten vor. Der Arbeitgeber kann einen&nbsp;vorsorglichen Ausschluss von der Arbeit&nbsp;verk\u00fcnden [&hellip;]<\/p>\n","protected":false},"author":7,"featured_media":0,"parent":8593,"menu_order":3,"comment_status":"closed","ping_status":"closed","template":"","meta":{"inline_featured_image":false,"footnotes":""},"tags":[],"frge_profile":[],"class_list":["post-8603","page","type-page","status-publish","hentry"],"yoast_head":"<!-- This site is optimized with the Yoast SEO plugin v27.1.1 - https:\/\/yoast.com\/product\/yoast-seo-wordpress\/ -->\n<title>K\u00fcndigung durch den Arbeitgeber ohne K\u00fcndigungsfrist - Frontaliers Grand Est<\/title>\n<meta name=\"robots\" content=\"index, follow, max-snippet:-1, max-image-preview:large, max-video-preview:-1\" \/>\n<link rel=\"canonical\" href=\"https:\/\/frontaliers-grandest.eu\/de\/startseite\/grenzganger\/deutschland-luxemburg\/arbeitsrecht\/die-kundigung-des-arbeitsvertrages\/kundigung-durch-den-arbeitgeber-ohne-kundigungsfrist\/\" \/>\n<meta property=\"og:locale\" content=\"de_DE\" \/>\n<meta property=\"og:type\" content=\"article\" \/>\n<meta property=\"og:title\" content=\"K\u00fcndigung durch den Arbeitgeber ohne K\u00fcndigungsfrist - Frontaliers Grand Est\" \/>\n<meta property=\"og:description\" content=\"Ihr Arbeitgeber kann Sie fristlos entlassen, wenn Sie eine&nbsp;Verfehlung&nbsp;begangen hatten, aufgrund derer sich das Aufrechterhalten des Arbeitsverh\u00e4ltnisses&nbsp;endg\u00fcltig und sofort unm\u00f6glich&nbsp;gestaltet. F\u00fcr diese Art von K\u00fcndigung muss ein Grund vorliegen, der&nbsp;f\u00fcr den Arbeitgeber schwerwiegender&nbsp;ist. Ein&nbsp;schwerwiegender Grund&nbsp;liegt unter anderen wegen Diebstahl, Gewalt, unlauterem Wettbewerb, oder wiederkehrende unbegr\u00fcndete Abwesenheiten vor. Der Arbeitgeber kann einen&nbsp;vorsorglichen Ausschluss von der Arbeit&nbsp;verk\u00fcnden [&hellip;]\" \/>\n<meta property=\"og:url\" content=\"https:\/\/frontaliers-grandest.eu\/de\/startseite\/grenzganger\/deutschland-luxemburg\/arbeitsrecht\/die-kundigung-des-arbeitsvertrages\/kundigung-durch-den-arbeitgeber-ohne-kundigungsfrist\/\" \/>\n<meta property=\"og:site_name\" content=\"Frontaliers Grand Est\" \/>\n<meta property=\"article:publisher\" content=\"https:\/\/www.facebook.com\/frontaliers.GR.EST\/?locale=fr_FR\" \/>\n<meta property=\"article:modified_time\" content=\"2021-06-15T09:30:19+00:00\" \/>\n<meta name=\"twitter:card\" content=\"summary_large_image\" \/>\n<meta name=\"twitter:label1\" content=\"Gesch\u00e4tzte Lesezeit\" \/>\n\t<meta name=\"twitter:data1\" content=\"2\u00a0Minuten\" \/>\n<script type=\"application\/ld+json\" class=\"yoast-schema-graph\">{\"@context\":\"https:\/\/schema.org\",\"@graph\":[{\"@type\":\"WebPage\",\"@id\":\"https:\/\/frontaliers-grandest.eu\/de\/startseite\/grenzganger\/deutschland-luxemburg\/arbeitsrecht\/die-kundigung-des-arbeitsvertrages\/kundigung-durch-den-arbeitgeber-ohne-kundigungsfrist\/\",\"url\":\"https:\/\/frontaliers-grandest.eu\/de\/startseite\/grenzganger\/deutschland-luxemburg\/arbeitsrecht\/die-kundigung-des-arbeitsvertrages\/kundigung-durch-den-arbeitgeber-ohne-kundigungsfrist\/\",\"name\":\"K\u00fcndigung durch den Arbeitgeber ohne K\u00fcndigungsfrist - Frontaliers Grand Est\",\"isPartOf\":{\"@id\":\"https:\/\/frontaliers-grandest.eu\/de\/#website\"},\"datePublished\":\"2021-06-15T09:30:18+00:00\",\"dateModified\":\"2021-06-15T09:30:19+00:00\",\"breadcrumb\":{\"@id\":\"https:\/\/frontaliers-grandest.eu\/de\/startseite\/grenzganger\/deutschland-luxemburg\/arbeitsrecht\/die-kundigung-des-arbeitsvertrages\/kundigung-durch-den-arbeitgeber-ohne-kundigungsfrist\/#breadcrumb\"},\"inLanguage\":\"de\",\"potentialAction\":[{\"@type\":\"ReadAction\",\"target\":[\"https:\/\/frontaliers-grandest.eu\/de\/startseite\/grenzganger\/deutschland-luxemburg\/arbeitsrecht\/die-kundigung-des-arbeitsvertrages\/kundigung-durch-den-arbeitgeber-ohne-kundigungsfrist\/\"]}]},{\"@type\":\"BreadcrumbList\",\"@id\":\"https:\/\/frontaliers-grandest.eu\/de\/startseite\/grenzganger\/deutschland-luxemburg\/arbeitsrecht\/die-kundigung-des-arbeitsvertrages\/kundigung-durch-den-arbeitgeber-ohne-kundigungsfrist\/#breadcrumb\",\"itemListElement\":[{\"@type\":\"ListItem\",\"position\":1,\"name\":\"Startseite\",\"item\":\"https:\/\/frontaliers-grandest.eu\/de\/\"},{\"@type\":\"ListItem\",\"position\":2,\"name\":\"Grenzg\u00e4nger\",\"item\":\"https:\/\/frontaliers-grandest.eu\/de\/startseite\/grenzganger\/\"},{\"@type\":\"ListItem\",\"position\":3,\"name\":\"Deutschland - Luxemburg\",\"item\":\"https:\/\/frontaliers-grandest.eu\/de\/startseite\/grenzganger\/deutschland-luxemburg\/\"},{\"@type\":\"ListItem\",\"position\":4,\"name\":\"Arbeitsrecht in Luxemburg\",\"item\":\"https:\/\/frontaliers-grandest.eu\/de\/startseite\/grenzganger\/deutschland-luxemburg\/arbeitsrecht\/\"},{\"@type\":\"ListItem\",\"position\":5,\"name\":\"Die K\u00fcndigung des Arbeitsvertrages\",\"item\":\"https:\/\/frontaliers-grandest.eu\/de\/startseite\/grenzganger\/deutschland-luxemburg\/arbeitsrecht\/die-kundigung-des-arbeitsvertrages\/\"},{\"@type\":\"ListItem\",\"position\":6,\"name\":\"K\u00fcndigung durch den Arbeitgeber ohne K\u00fcndigungsfrist\"}]},{\"@type\":\"WebSite\",\"@id\":\"https:\/\/frontaliers-grandest.eu\/de\/#website\",\"url\":\"https:\/\/frontaliers-grandest.eu\/de\/\",\"name\":\"Frontaliers Grand Est\",\"description\":\"Le site ressource du travail frontalier\",\"publisher\":{\"@id\":\"https:\/\/frontaliers-grandest.eu\/de\/#organization\"},\"alternateName\":\"Frontaliers Grand Est\",\"potentialAction\":[{\"@type\":\"SearchAction\",\"target\":{\"@type\":\"EntryPoint\",\"urlTemplate\":\"https:\/\/frontaliers-grandest.eu\/de\/?s={search_term_string}\"},\"query-input\":{\"@type\":\"PropertyValueSpecification\",\"valueRequired\":true,\"valueName\":\"search_term_string\"}}],\"inLanguage\":\"de\"},{\"@type\":\"Organization\",\"@id\":\"https:\/\/frontaliers-grandest.eu\/de\/#organization\",\"name\":\"Frontaliers Grand Est\",\"alternateName\":\"Frontaliers Grand Est\",\"url\":\"https:\/\/frontaliers-grandest.eu\/de\/\",\"logo\":{\"@type\":\"ImageObject\",\"inLanguage\":\"de\",\"@id\":\"https:\/\/frontaliers-grandest.eu\/de\/#\/schema\/logo\/image\/\",\"url\":\"https:\/\/frontaliers-grandest.eu\/wp-content\/uploads\/2025\/07\/260328234_2966785176920310_3332838526503858160_n.jpg\",\"contentUrl\":\"https:\/\/frontaliers-grandest.eu\/wp-content\/uploads\/2025\/07\/260328234_2966785176920310_3332838526503858160_n.jpg\",\"width\":396,\"height\":396,\"caption\":\"Frontaliers Grand Est\"},\"image\":{\"@id\":\"https:\/\/frontaliers-grandest.eu\/de\/#\/schema\/logo\/image\/\"},\"sameAs\":[\"https:\/\/www.facebook.com\/frontaliers.GR.EST\/?locale=fr_FR\"]}]}<\/script>\n<!-- \/ Yoast SEO plugin. -->","yoast_head_json":{"title":"K\u00fcndigung durch den Arbeitgeber ohne K\u00fcndigungsfrist - Frontaliers Grand Est","robots":{"index":"index","follow":"follow","max-snippet":"max-snippet:-1","max-image-preview":"max-image-preview:large","max-video-preview":"max-video-preview:-1"},"canonical":"https:\/\/frontaliers-grandest.eu\/de\/startseite\/grenzganger\/deutschland-luxemburg\/arbeitsrecht\/die-kundigung-des-arbeitsvertrages\/kundigung-durch-den-arbeitgeber-ohne-kundigungsfrist\/","og_locale":"de_DE","og_type":"article","og_title":"K\u00fcndigung durch den Arbeitgeber ohne K\u00fcndigungsfrist - Frontaliers Grand Est","og_description":"Ihr Arbeitgeber kann Sie fristlos entlassen, wenn Sie eine&nbsp;Verfehlung&nbsp;begangen hatten, aufgrund derer sich das Aufrechterhalten des Arbeitsverh\u00e4ltnisses&nbsp;endg\u00fcltig und sofort unm\u00f6glich&nbsp;gestaltet. F\u00fcr diese Art von K\u00fcndigung muss ein Grund vorliegen, der&nbsp;f\u00fcr den Arbeitgeber schwerwiegender&nbsp;ist. Ein&nbsp;schwerwiegender Grund&nbsp;liegt unter anderen wegen Diebstahl, Gewalt, unlauterem Wettbewerb, oder wiederkehrende unbegr\u00fcndete Abwesenheiten vor. Der Arbeitgeber kann einen&nbsp;vorsorglichen Ausschluss von der Arbeit&nbsp;verk\u00fcnden [&hellip;]","og_url":"https:\/\/frontaliers-grandest.eu\/de\/startseite\/grenzganger\/deutschland-luxemburg\/arbeitsrecht\/die-kundigung-des-arbeitsvertrages\/kundigung-durch-den-arbeitgeber-ohne-kundigungsfrist\/","og_site_name":"Frontaliers Grand Est","article_publisher":"https:\/\/www.facebook.com\/frontaliers.GR.EST\/?locale=fr_FR","article_modified_time":"2021-06-15T09:30:19+00:00","twitter_card":"summary_large_image","twitter_misc":{"Gesch\u00e4tzte Lesezeit":"2\u00a0Minuten"},"schema":{"@context":"https:\/\/schema.org","@graph":[{"@type":"WebPage","@id":"https:\/\/frontaliers-grandest.eu\/de\/startseite\/grenzganger\/deutschland-luxemburg\/arbeitsrecht\/die-kundigung-des-arbeitsvertrages\/kundigung-durch-den-arbeitgeber-ohne-kundigungsfrist\/","url":"https:\/\/frontaliers-grandest.eu\/de\/startseite\/grenzganger\/deutschland-luxemburg\/arbeitsrecht\/die-kundigung-des-arbeitsvertrages\/kundigung-durch-den-arbeitgeber-ohne-kundigungsfrist\/","name":"K\u00fcndigung durch den Arbeitgeber ohne K\u00fcndigungsfrist - Frontaliers Grand Est","isPartOf":{"@id":"https:\/\/frontaliers-grandest.eu\/de\/#website"},"datePublished":"2021-06-15T09:30:18+00:00","dateModified":"2021-06-15T09:30:19+00:00","breadcrumb":{"@id":"https:\/\/frontaliers-grandest.eu\/de\/startseite\/grenzganger\/deutschland-luxemburg\/arbeitsrecht\/die-kundigung-des-arbeitsvertrages\/kundigung-durch-den-arbeitgeber-ohne-kundigungsfrist\/#breadcrumb"},"inLanguage":"de","potentialAction":[{"@type":"ReadAction","target":["https:\/\/frontaliers-grandest.eu\/de\/startseite\/grenzganger\/deutschland-luxemburg\/arbeitsrecht\/die-kundigung-des-arbeitsvertrages\/kundigung-durch-den-arbeitgeber-ohne-kundigungsfrist\/"]}]},{"@type":"BreadcrumbList","@id":"https:\/\/frontaliers-grandest.eu\/de\/startseite\/grenzganger\/deutschland-luxemburg\/arbeitsrecht\/die-kundigung-des-arbeitsvertrages\/kundigung-durch-den-arbeitgeber-ohne-kundigungsfrist\/#breadcrumb","itemListElement":[{"@type":"ListItem","position":1,"name":"Startseite","item":"https:\/\/frontaliers-grandest.eu\/de\/"},{"@type":"ListItem","position":2,"name":"Grenzg\u00e4nger","item":"https:\/\/frontaliers-grandest.eu\/de\/startseite\/grenzganger\/"},{"@type":"ListItem","position":3,"name":"Deutschland - Luxemburg","item":"https:\/\/frontaliers-grandest.eu\/de\/startseite\/grenzganger\/deutschland-luxemburg\/"},{"@type":"ListItem","position":4,"name":"Arbeitsrecht in Luxemburg","item":"https:\/\/frontaliers-grandest.eu\/de\/startseite\/grenzganger\/deutschland-luxemburg\/arbeitsrecht\/"},{"@type":"ListItem","position":5,"name":"Die K\u00fcndigung des Arbeitsvertrages","item":"https:\/\/frontaliers-grandest.eu\/de\/startseite\/grenzganger\/deutschland-luxemburg\/arbeitsrecht\/die-kundigung-des-arbeitsvertrages\/"},{"@type":"ListItem","position":6,"name":"K\u00fcndigung durch den Arbeitgeber ohne K\u00fcndigungsfrist"}]},{"@type":"WebSite","@id":"https:\/\/frontaliers-grandest.eu\/de\/#website","url":"https:\/\/frontaliers-grandest.eu\/de\/","name":"Frontaliers Grand Est","description":"Le site ressource du travail frontalier","publisher":{"@id":"https:\/\/frontaliers-grandest.eu\/de\/#organization"},"alternateName":"Frontaliers Grand Est","potentialAction":[{"@type":"SearchAction","target":{"@type":"EntryPoint","urlTemplate":"https:\/\/frontaliers-grandest.eu\/de\/?s={search_term_string}"},"query-input":{"@type":"PropertyValueSpecification","valueRequired":true,"valueName":"search_term_string"}}],"inLanguage":"de"},{"@type":"Organization","@id":"https:\/\/frontaliers-grandest.eu\/de\/#organization","name":"Frontaliers Grand Est","alternateName":"Frontaliers Grand Est","url":"https:\/\/frontaliers-grandest.eu\/de\/","logo":{"@type":"ImageObject","inLanguage":"de","@id":"https:\/\/frontaliers-grandest.eu\/de\/#\/schema\/logo\/image\/","url":"https:\/\/frontaliers-grandest.eu\/wp-content\/uploads\/2025\/07\/260328234_2966785176920310_3332838526503858160_n.jpg","contentUrl":"https:\/\/frontaliers-grandest.eu\/wp-content\/uploads\/2025\/07\/260328234_2966785176920310_3332838526503858160_n.jpg","width":396,"height":396,"caption":"Frontaliers Grand Est"},"image":{"@id":"https:\/\/frontaliers-grandest.eu\/de\/#\/schema\/logo\/image\/"},"sameAs":["https:\/\/www.facebook.com\/frontaliers.GR.EST\/?locale=fr_FR"]}]}},"frge_page_order":0,"_links":{"self":[{"href":"https:\/\/frontaliers-grandest.eu\/de\/wp-json\/wp\/v2\/pages\/8603","targetHints":{"allow":["GET"]}}],"collection":[{"href":"https:\/\/frontaliers-grandest.eu\/de\/wp-json\/wp\/v2\/pages"}],"about":[{"href":"https:\/\/frontaliers-grandest.eu\/de\/wp-json\/wp\/v2\/types\/page"}],"author":[{"embeddable":true,"href":"https:\/\/frontaliers-grandest.eu\/de\/wp-json\/wp\/v2\/users\/7"}],"replies":[{"embeddable":true,"href":"https:\/\/frontaliers-grandest.eu\/de\/wp-json\/wp\/v2\/comments?post=8603"}],"version-history":[{"count":1,"href":"https:\/\/frontaliers-grandest.eu\/de\/wp-json\/wp\/v2\/pages\/8603\/revisions"}],"predecessor-version":[{"id":8604,"href":"https:\/\/frontaliers-grandest.eu\/de\/wp-json\/wp\/v2\/pages\/8603\/revisions\/8604"}],"up":[{"embeddable":true,"href":"https:\/\/frontaliers-grandest.eu\/de\/wp-json\/wp\/v2\/pages\/8593"}],"wp:attachment":[{"href":"https:\/\/frontaliers-grandest.eu\/de\/wp-json\/wp\/v2\/media?parent=8603"}],"wp:term":[{"taxonomy":"post_tag","embeddable":true,"href":"https:\/\/frontaliers-grandest.eu\/de\/wp-json\/wp\/v2\/tags?post=8603"},{"taxonomy":"frge_profile","embeddable":true,"href":"https:\/\/frontaliers-grandest.eu\/de\/wp-json\/wp\/v2\/frge_profile?post=8603"}],"curies":[{"name":"wp","href":"https:\/\/api.w.org\/{rel}","templated":true}]}}