{"id":8586,"date":"2021-06-15T10:59:02","date_gmt":"2021-06-15T08:59:02","guid":{"rendered":"https:\/\/frontaliers-grandest.eu\/?page_id=8586"},"modified":"2021-06-15T11:00:46","modified_gmt":"2021-06-15T09:00:46","slug":"urlaubsanspruch","status":"publish","type":"page","link":"https:\/\/frontaliers-grandest.eu\/de\/startseite\/grenzganger\/deutschland-luxemburg\/arbeitsrecht\/der-arbeitsvertrag\/urlaubsanspruch\/","title":{"rendered":"Urlaubsanspruch"},"content":{"rendered":"\n<h3 class=\"wp-block-heading\"><strong>Urlaubstage<\/strong><\/h3>\n\n\n\n<p>ie haben Anspruch auf verschiedene Urlaubstyps:<\/p>\n\n\n\n<h4 class=\"wp-block-heading\"><strong>Bezahlter Jahresurlaub<\/strong><\/h4>\n\n\n\n<p>Jeder Arbeitnehmer hat Anspruch auf mindestens&nbsp;<strong>26 Werktage bezahlten Urlaub<\/strong>&nbsp;(unabh\u00e4ngig vom Alter)&nbsp;im Jahr (oder 16 Stunden pro Monat f\u00fcr die Vollzeit).<\/p>\n\n\n\n<p>Ein&nbsp;neuer Arbeitnehmer muss in der Regel zun\u00e4chst w\u00e4hrend&nbsp;<strong>3 Monaten ununterbrochen&nbsp;<\/strong>arbeiten, bevor er die Urlaubstage nehmen kann, die er seit Beginn seines Vertrags angesammelt hat.<\/p>\n\n\n\n<p>Der Jahresurlaub ist in der Regel&nbsp;<strong>vollst\u00e4ndig&nbsp;w\u00e4hrend des&nbsp;laufenden Jahres<\/strong>&nbsp;(vom 1. Januar bis 31 Dezember)&nbsp;vom Arbeitgeber zu bewilligen und vom Arbeitnehmer in Anspruch zu nehmen.<\/p>\n\n\n\n<p>Wenn der Arbeitnehmer&nbsp;<strong>seinen Urlaub aus&nbsp;betrieblichen Gr\u00fcnden&nbsp;oder wegen der berechtigten W\u00fcnsche der anderen Arbeitnehmer nicht nehmen konnte<\/strong>, kann jedoch der Jahresurlaub folgenderma\u00dfen bis zum&nbsp;<strong>31. M\u00e4rz&nbsp;des Folgejahres<\/strong>&nbsp;\u00fcbertragen werden.<\/p>\n\n\n\n<p>Erkrankt der Arbeitnehmerw\u00e4hrend seines Erholungsurlaubes so, dass er nicht mehr in den Genuss seines Urlaubs kommen kann, werden die durch \u00e4rztliches Attest&nbsp;<strong>anerkannten Krankheitstage nicht als Urlaubstage betrachtet.&nbsp;<\/strong>Der Arbeitnehmer muss&nbsp;<strong>das \u00e4rztliche Attest innerhalb von drei Arbeitstagen<\/strong>&nbsp;an den Arbeitgeber und an die Gesundheitskasse geschickt werden.<\/p>\n\n\n\n<h4 class=\"wp-block-heading\"><strong>Sonderurlaubstage<\/strong><\/h4>\n\n\n\n<h5 class=\"wp-block-heading\">Das Gesetz r\u00e4umt dem Arbeitnehmer aus pers\u00f6nlichen Gr\u00fcnden Sonderurlaubsanspruch ein:<\/h5>\n\n\n<div class=\"wp-block-wptb-table-block\"><div class=\"wptb-container-legacy\" data-table-id=\"8587\">\n    <table class=\"wptb-preview-table wptb-element-main-table_setting-8587 edit-active\" style=\"border: 1px solid rgb(209, 209, 209);\" data-reconstraction=\"0\" data-wptb-table-tds-sum-max-width=\"394\" data-wptb-cells-width-auto-count=\"3\" data-wptb-extra-styles=\"LyogRW50ZXIgeW91ciBjdXN0b20gQ1NTIHJ1bGVzIGhlcmUgKi8=\" role=\"table\" data-table-columns=\"3\"><tbody><tr class=\"wptb-row\"><td class=\"wptb-cell\" data-y-index=\"0\" data-x-index=\"0\" style=\"border: 1px solid rgb(209, 209, 209);\" data-wptb-css-td-auto-width=\"true\" colspan=\"1\" rowspan=\"2\" data-wptb-cell-vertical-alignment=\"top\"><div class=\"wptb-text-container wptb-ph-element wptb-element-text-1\"><div class=\"\" style=\"position: relative;\"><p><strong>Eheschlie\u00dfung od.<br><br><\/strong><\/p><p class=\"\"><strong>Eingehung einer eingetragenen Lebenspartnerschaft*<\/strong><\/p><\/div><\/div><\/td><td class=\"wptb-cell\" data-y-index=\"0\" data-x-index=\"1\" style=\"border: 1px solid rgb(209, 209, 209);\" data-wptb-css-td-auto-width=\"true\" data-wptb-cell-vertical-alignment=\"top\"><div class=\"wptb-text-container wptb-ph-element wptb-element-text-2\"><div class=\"\" style=\"position: relative;\"><p>des Arbeitnehmers<br><\/p><\/div><\/div><\/td><td class=\"wptb-cell\" data-y-index=\"0\" data-x-index=\"2\" style=\"border: 1px solid rgb(209, 209, 209);\" data-wptb-css-td-auto-width=\"true\" data-wptb-cell-vertical-alignment=\"top\"><div class=\"wptb-text-container wptb-ph-element wptb-element-text-3\"><div class=\"\" style=\"position: relative;\"><p>3 Tage (Ehe)<br><br><\/p><p>1 Tag (Lebenpspartnerschaft)<\/p><\/div><\/div><\/td><\/tr><tr class=\"wptb-row\"><td class=\"wptb-cell\" data-y-index=\"1\" data-x-index=\"1\" style=\"border: 1px solid rgb(209, 209, 209);\" data-wptb-css-td-auto-width=\"true\"><div class=\"wptb-text-container wptb-ph-element wptb-element-text-5\"><div class=\"\" style=\"position: relative;\"><p>\u2013 eines Kindes<\/p><\/div><\/div><\/td><td class=\"wptb-cell\" data-y-index=\"1\" data-x-index=\"2\" style=\"border: 1px solid rgb(209, 209, 209);\" data-wptb-css-td-auto-width=\"true\"><div class=\"wptb-text-container wptb-ph-element wptb-element-text-6\"><div class=\"\" style=\"position: relative;\"><p>1 Tag<\/p><\/div><\/div><\/td><\/tr><tr class=\"wptb-row\"><td class=\"wptb-cell\" data-y-index=\"2\" data-x-index=\"0\" style=\"border: 1px solid rgb(209, 209, 209);\" data-wptb-css-td-auto-width=\"true\" data-wptb-cell-vertical-alignment=\"top\"><div class=\"wptb-text-container wptb-ph-element wptb-element-text-7\"><div class=\"\" style=\"position: relative;\"><p><strong>Geburt&nbsp;<\/strong>(f\u00fcr den Vater)<\/p><\/div><\/div><\/td><td class=\"wptb-cell\" data-y-index=\"2\" data-x-index=\"1\" style=\"border: 1px solid rgb(209, 209, 209);\" data-wptb-css-td-auto-width=\"true\"><div class=\"wptb-text-container wptb-ph-element wptb-element-text-8\"><div class=\"\" style=\"position: relative;\"><p><\/p><\/div><\/div><\/td><td class=\"wptb-cell\" data-y-index=\"2\" data-x-index=\"2\" style=\"border: 1px solid rgb(209, 209, 209);\" data-wptb-css-td-auto-width=\"true\"><div class=\"wptb-text-container wptb-ph-element wptb-element-text-9\"><div class=\"\" style=\"position: relative;\"><p>10 Tage<\/p><\/div><\/div><\/td><\/tr><tr class=\"wptb-row\"><td class=\"wptb-cell\" data-y-index=\"3\" data-x-index=\"0\" style=\"border: 1px solid rgb(209, 209, 209);\" data-wptb-css-td-auto-width=\"true\" data-wptb-cell-vertical-alignment=\"top\"><div class=\"wptb-text-container wptb-ph-element wptb-element-text-10\"><div class=\"\" style=\"position: relative;\"><p><strong>Adoption&nbsp;<\/strong>(Aufnahme eines adoptierten Kindes<\/p><p>unter 16 Jahren)<\/p><\/div><\/div><\/td><td class=\"wptb-cell\" data-y-index=\"3\" data-x-index=\"1\" style=\"border: 1px solid rgb(209, 209, 209);\" data-wptb-css-td-auto-width=\"true\"><div class=\"wptb-text-container wptb-ph-element wptb-element-text-11\"><div class=\"\" style=\"position: relative;\"><p><\/p><\/div><\/div><\/td><td class=\"wptb-cell\" data-y-index=\"3\" data-x-index=\"2\" style=\"border: 1px solid rgb(209, 209, 209);\" data-wptb-css-td-auto-width=\"true\"><div class=\"wptb-text-container wptb-ph-element wptb-element-text-12\"><div class=\"\" style=\"position: relative;\"><p>10 Tage<\/p><\/div><\/div><\/td><\/tr><tr class=\"wptb-row\"><td class=\"wptb-cell\" data-y-index=\"4\" data-x-index=\"0\" style=\"border: 1px solid rgb(209, 209, 209);\" data-wptb-css-td-auto-width=\"true\" data-wptb-cell-vertical-alignment=\"top\"><div class=\"wptb-text-container wptb-ph-element wptb-element-text-13\"><div class=\"\" style=\"position: relative;\"><p><strong>Umzug<\/strong><\/p><\/div><\/div><\/td><td class=\"wptb-cell\" data-y-index=\"4\" data-x-index=\"1\" style=\"border: 1px solid rgb(209, 209, 209);\" data-wptb-css-td-auto-width=\"true\"><div class=\"wptb-text-container wptb-ph-element wptb-element-text-14\"><div class=\"\" style=\"position: relative;\"><p><\/p><\/div><\/div><\/td><td class=\"wptb-cell\" data-y-index=\"4\" data-x-index=\"2\" style=\"border: 1px solid rgb(209, 209, 209);\" data-wptb-css-td-auto-width=\"true\"><div class=\"wptb-text-container wptb-ph-element wptb-element-text-15\"><div class=\"\" style=\"position: relative;\"><p>2 Tage<\/p><\/div><\/div><\/td><\/tr><tr class=\"wptb-row\"><td class=\"wptb-cell\" data-y-index=\"5\" data-x-index=\"0\" style=\"border: 1px solid rgb(209, 209, 209);\" data-wptb-css-td-auto-width=\"true\" colspan=\"1\" rowspan=\"3\" data-wptb-cell-vertical-alignment=\"top\"><div class=\"wptb-text-container wptb-ph-element wptb-element-text-16\"><div class=\"\" style=\"position: relative;\"><p><strong>Todesfall<\/strong><\/p><\/div><\/div><\/td><td class=\"wptb-cell\" data-y-index=\"5\" data-x-index=\"1\" style=\"border: 1px solid rgb(209, 209, 209);\" data-wptb-css-td-auto-width=\"true\"><div class=\"wptb-text-container wptb-ph-element wptb-element-text-17\"><div class=\"\" style=\"position: relative;\"><p>Ehegatte oder Verwandter\/Angeh\u00f6riger<br>1. Grades: <br>Eltern, Schwiegereltern, Kinder, Schwiegerkinder&nbsp;<\/p><\/div><\/div><\/td><td class=\"wptb-cell\" data-y-index=\"5\" data-x-index=\"2\" style=\"border: 1px solid rgb(209, 209, 209);\" data-wptb-css-td-auto-width=\"true\"><div class=\"wptb-text-container wptb-ph-element wptb-element-text-18\"><div class=\"\" style=\"position: relative;\"><p>3 Tage<\/p><\/div><\/div><\/td><\/tr><tr class=\"wptb-row\"><td class=\"wptb-cell\" data-y-index=\"6\" data-x-index=\"1\" style=\"border: 1px solid rgb(209, 209, 209);\" data-wptb-css-td-auto-width=\"true\"><div class=\"wptb-text-container wptb-ph-element wptb-element-text-20\"><div class=\"\" style=\"position: relative;\"><p>Minderj\u00e4hriges Kind<\/p><\/div><\/div><\/td><td class=\"wptb-cell\" data-y-index=\"6\" data-x-index=\"2\" style=\"border: 1px solid rgb(209, 209, 209);\" data-wptb-css-td-auto-width=\"true\"><div class=\"wptb-text-container wptb-ph-element wptb-element-text-21\"><div class=\"\" style=\"position: relative;\"><p>5 Tage<\/p><\/div><\/div><\/td><\/tr><tr class=\"wptb-row\"><td class=\"wptb-cell\" data-y-index=\"7\" data-x-index=\"1\" style=\"border: 1px solid rgb(209, 209, 209);\" data-wptb-css-td-auto-width=\"true\"><div class=\"wptb-text-container wptb-ph-element wptb-element-text-23\"><div class=\"\" style=\"position: relative;\"><p>Verwandter\/Angeh\u00f6riger<br>2. Grades:<\/p><p>Gro\u00dfeltern, Enkel, Bruder, Schwester, Schwager, Schw\u00e4gerin<\/p><\/div><\/div><\/td><td class=\"wptb-cell\" data-y-index=\"7\" data-x-index=\"2\" style=\"border: 1px solid rgb(209, 209, 209);\" data-wptb-css-td-auto-width=\"true\"><div class=\"wptb-text-container wptb-ph-element wptb-element-text-24\"><div class=\"\" style=\"position: relative;\"><p>1 Tag<\/p><\/div><\/div><\/td><\/tr><\/tbody><\/table>\n<\/div>\n<\/div>\n\n\n<h4 class=\"wp-block-heading\"><strong>Mutterschaftsurlaub<\/strong><\/h4>\n\n\n\n<p>Schwangere genie\u00dfen in dem Unternehmen, in dem sie besch\u00e4ftigt sind, einen Mutterschaftsurlaub, dessen&nbsp;<strong>Dauer zwischen 16 und 20 Wochen liegt<\/strong>.<\/p>\n\n\n\n<p>F\u00fcr mehr Informationen konsultieren Sie bitte unsere Page&nbsp;<strong>Mutterschaftsversicherung&nbsp;<\/strong>oder wenden Sie sich an Ihre Sozialversicherungskasse.<\/p>\n\n\n\n<h4 class=\"wp-block-heading\"><strong>Elternurlaub<\/strong><\/h4>\n\n\n\n<p>Beim Elternurlaub handelt es sich um den Urlaub, den die Eltern eines kleinen Kindes&nbsp;<strong>unter 6 Jahren&nbsp;<\/strong>nehmen, die ihre berufliche Laufbahn unterbrechen oder reduzieren wollen, um sich mehr der Erziehung ihres Kindes zu widmen.<\/p>\n\n\n\n<p><strong>Dieser Urlaub kann als Vollzeiturlaub w\u00e4hrend 6 Monaten von jedem Elternteil genommen werden.<\/strong><\/p>\n\n\n\n<h5 class=\"wp-block-heading\">Wenn beide Eltern in Luxemburg besch\u00e4ftigt sind<\/h5>\n\n\n\n<ul class=\"wp-block-list\"><li><strong>der 1. Elternurlaub<\/strong>&nbsp;muss sofort <strong>im Anschluss an den Mutterschafts- oder Adoptionsurlaub<\/strong>&nbsp;genommen werden ;<\/li><li><strong>der Elternurlaub&nbsp;<\/strong>kann bis zum <strong>vollendeten 6. Lebensjahr des Kindes<\/strong>&nbsp;genommen werden.<\/li><\/ul>\n\n\n\n<p>Derselbe Elternteil kann nicht die beiden Urlaubsformen gleichzeitig beanspruchen.<\/p>\n\n\n\n<p>Der 1. und der 2. Vollzeitelternurlaube k\u00f6nnen nicht gleichzeitig den beiden Elternteilen gew\u00e4hrt werden.<\/p>\n\n\n\n<p>F\u00fcr mehr Informationen konsultieren Sie bitte unsere Page Familienbeihilfen &nbsp;oder wenden Sie sich&nbsp;<strong>an die Zukunftskasse (Zukunftkeess)<\/strong>.<\/p>\n\n\n\n<h4 class=\"wp-block-heading\"><strong>Urlaub aus famili\u00e4ren Gr\u00fcnden<\/strong><\/h4>\n\n\n\n<p>Jeder Elternteil hat Anspruch auf den Urlaub aus famili\u00e4ren Gr\u00fcnden pro Kind&nbsp;<strong>unter 15 Jahren<\/strong><strong>,&nbsp;<\/strong>falls der Zustand des Kindes im Falle einer&nbsp;<strong>schweren Krankheit, eines Unfalls oder aus sonstigen gesundheitsbedingten Gr\u00fcnden die Anwesenheit eines der beiden Elternteile erfordert.<\/strong><\/p>\n\n\n\n<h5 class=\"wp-block-heading\">Um in den Genuss des Urlaubs aus famili\u00e4ren Gr\u00fcnden zu gelangen,&nbsp;muss der Arbeitnehmer:<\/h5>\n\n\n\n<ul class=\"wp-block-list\"><li>seinen Arbeitgeber oder dessen Vertreter pers\u00f6nlich oder durch eine vermittelnde Person<strong>&nbsp;am ersten Tag seiner Abwesenheit<\/strong>&nbsp;in Kenntnis setzen; und<\/li><li>seine Abwesenheit schnellstm\u00f6glich durch ein&nbsp;<strong>\u00e4rztliches Attest<\/strong>&nbsp;Dieses Attest muss folgende Angaben enthalten: die Sozialversicherungsnummer des kranken Kindes und des betroffenen Elternteils sowie die Personalien des Kindes; dass die Anwesenheit eines Elternteils erforderlich ist; die Dauer der Notwendigkeit dieser Anwesenheit.<\/li><\/ul>\n\n\n\n<p>Jeder Elternteil hat Anspruch auf 2 Tage&nbsp;des Urlaubs pro Jahr und pro Kind. Der Urlaub aus famili\u00e4ren Gr\u00fcnden bietet Ihnen die M\u00f6glichkeit andere L\u00f6sungen f\u00fcr die Kinderbetreuung zu finden wenn die Krankheit fortbesteht.<\/p>\n\n\n\n<h4 class=\"wp-block-heading\"><strong>Sonderurlaub zur Sterbebegleitung<\/strong><\/h4>\n\n\n\n<p>Der Sonderurlaub zur Sterbebegleitung kann inzwischen von jedem Arbeitnehmer beantragt werden,&nbsp;<strong>der Verwandten ersten Grades, einen&nbsp;Ehegatten&nbsp;oder&nbsp;Lebenspartner (gesetzlich eingetragen) haben, der an einer Krankheit im Endstadium leidet<\/strong>.<\/p>\n\n\n\n<p>Der Grenzg\u00e4nger muss die vom Arzt ausgestellte spezielle Bescheinigung f\u00fcr die Bewilligung des Sonderurlaubs zur Sterbebegleitung&nbsp; zukommen lassen, die Ihre st\u00e4ndige Anwesenheit fordert.<\/p>\n\n\n\n<p>Der Antragsteller muss endlich seinen Arbeitgeber pers\u00f6nlich oder durch eine vermittelnde Person entweder m\u00fcndlich oder schriftlich sp\u00e4testens<strong>&nbsp;am&nbsp;1. Tag seiner Abwesenheit&nbsp;informieren.<\/strong>&nbsp;Der Urlaub zur Sterbebegleitung darf h\u00f6chstens&nbsp;5 Werktage&nbsp;(oder 40 Stunden) pro Fall und pro Jahr betragen. Der Urlaub kann&nbsp;aufgeteilt&nbsp;werden und kann ebenfalls in Form von&nbsp;Teilzeiturlaub&nbsp;genommen werden.<\/p>\n","protected":false},"excerpt":{"rendered":"<p>Urlaubstage ie haben Anspruch auf verschiedene Urlaubstyps: Bezahlter Jahresurlaub Jeder Arbeitnehmer hat Anspruch auf mindestens&nbsp;26 Werktage bezahlten Urlaub&nbsp;(unabh\u00e4ngig vom Alter)&nbsp;im Jahr (oder 16 Stunden pro Monat f\u00fcr die Vollzeit). Ein&nbsp;neuer Arbeitnehmer muss in der Regel zun\u00e4chst w\u00e4hrend&nbsp;3 Monaten ununterbrochen&nbsp;arbeiten, bevor er die Urlaubstage nehmen kann, die er seit Beginn seines Vertrags angesammelt hat. Der Jahresurlaub [&hellip;]<\/p>\n","protected":false},"author":7,"featured_media":0,"parent":8574,"menu_order":4,"comment_status":"closed","ping_status":"closed","template":"","meta":{"inline_featured_image":false,"footnotes":""},"tags":[],"frge_profile":[],"class_list":["post-8586","page","type-page","status-publish","hentry"],"yoast_head":"<!-- This site is optimized with the Yoast SEO plugin v27.1.1 - https:\/\/yoast.com\/product\/yoast-seo-wordpress\/ -->\n<title>Urlaubsanspruch - Frontaliers Grand Est<\/title>\n<meta name=\"robots\" content=\"index, follow, max-snippet:-1, max-image-preview:large, max-video-preview:-1\" \/>\n<link rel=\"canonical\" href=\"https:\/\/frontaliers-grandest.eu\/de\/startseite\/grenzganger\/deutschland-luxemburg\/arbeitsrecht\/der-arbeitsvertrag\/urlaubsanspruch\/\" \/>\n<meta property=\"og:locale\" content=\"de_DE\" \/>\n<meta property=\"og:type\" content=\"article\" \/>\n<meta property=\"og:title\" content=\"Urlaubsanspruch - Frontaliers Grand Est\" \/>\n<meta property=\"og:description\" content=\"Urlaubstage ie haben Anspruch auf verschiedene Urlaubstyps: Bezahlter Jahresurlaub Jeder Arbeitnehmer hat Anspruch auf mindestens&nbsp;26 Werktage bezahlten Urlaub&nbsp;(unabh\u00e4ngig vom Alter)&nbsp;im Jahr (oder 16 Stunden pro Monat f\u00fcr die Vollzeit). Ein&nbsp;neuer Arbeitnehmer muss in der Regel zun\u00e4chst w\u00e4hrend&nbsp;3 Monaten ununterbrochen&nbsp;arbeiten, bevor er die Urlaubstage nehmen kann, die er seit Beginn seines Vertrags angesammelt hat. Der Jahresurlaub [&hellip;]\" \/>\n<meta property=\"og:url\" content=\"https:\/\/frontaliers-grandest.eu\/de\/startseite\/grenzganger\/deutschland-luxemburg\/arbeitsrecht\/der-arbeitsvertrag\/urlaubsanspruch\/\" \/>\n<meta property=\"og:site_name\" content=\"Frontaliers Grand Est\" \/>\n<meta property=\"article:publisher\" content=\"https:\/\/www.facebook.com\/frontaliers.GR.EST\/?locale=fr_FR\" \/>\n<meta property=\"article:modified_time\" content=\"2021-06-15T09:00:46+00:00\" \/>\n<meta name=\"twitter:card\" content=\"summary_large_image\" \/>\n<meta name=\"twitter:label1\" content=\"Gesch\u00e4tzte Lesezeit\" \/>\n\t<meta name=\"twitter:data1\" content=\"3\u00a0Minuten\" \/>\n<script type=\"application\/ld+json\" class=\"yoast-schema-graph\">{\"@context\":\"https:\/\/schema.org\",\"@graph\":[{\"@type\":\"WebPage\",\"@id\":\"https:\/\/frontaliers-grandest.eu\/de\/startseite\/grenzganger\/deutschland-luxemburg\/arbeitsrecht\/der-arbeitsvertrag\/urlaubsanspruch\/\",\"url\":\"https:\/\/frontaliers-grandest.eu\/de\/startseite\/grenzganger\/deutschland-luxemburg\/arbeitsrecht\/der-arbeitsvertrag\/urlaubsanspruch\/\",\"name\":\"Urlaubsanspruch - Frontaliers Grand Est\",\"isPartOf\":{\"@id\":\"https:\/\/frontaliers-grandest.eu\/de\/#website\"},\"datePublished\":\"2021-06-15T08:59:02+00:00\",\"dateModified\":\"2021-06-15T09:00:46+00:00\",\"breadcrumb\":{\"@id\":\"https:\/\/frontaliers-grandest.eu\/de\/startseite\/grenzganger\/deutschland-luxemburg\/arbeitsrecht\/der-arbeitsvertrag\/urlaubsanspruch\/#breadcrumb\"},\"inLanguage\":\"de\",\"potentialAction\":[{\"@type\":\"ReadAction\",\"target\":[\"https:\/\/frontaliers-grandest.eu\/de\/startseite\/grenzganger\/deutschland-luxemburg\/arbeitsrecht\/der-arbeitsvertrag\/urlaubsanspruch\/\"]}]},{\"@type\":\"BreadcrumbList\",\"@id\":\"https:\/\/frontaliers-grandest.eu\/de\/startseite\/grenzganger\/deutschland-luxemburg\/arbeitsrecht\/der-arbeitsvertrag\/urlaubsanspruch\/#breadcrumb\",\"itemListElement\":[{\"@type\":\"ListItem\",\"position\":1,\"name\":\"Startseite\",\"item\":\"https:\/\/frontaliers-grandest.eu\/de\/\"},{\"@type\":\"ListItem\",\"position\":2,\"name\":\"Grenzg\u00e4nger\",\"item\":\"https:\/\/frontaliers-grandest.eu\/de\/startseite\/grenzganger\/\"},{\"@type\":\"ListItem\",\"position\":3,\"name\":\"Deutschland - Luxemburg\",\"item\":\"https:\/\/frontaliers-grandest.eu\/de\/startseite\/grenzganger\/deutschland-luxemburg\/\"},{\"@type\":\"ListItem\",\"position\":4,\"name\":\"Arbeitsrecht in Luxemburg\",\"item\":\"https:\/\/frontaliers-grandest.eu\/de\/startseite\/grenzganger\/deutschland-luxemburg\/arbeitsrecht\/\"},{\"@type\":\"ListItem\",\"position\":5,\"name\":\"Der Arbeitsvertrag\",\"item\":\"https:\/\/frontaliers-grandest.eu\/de\/startseite\/grenzganger\/deutschland-luxemburg\/arbeitsrecht\/der-arbeitsvertrag\/\"},{\"@type\":\"ListItem\",\"position\":6,\"name\":\"Urlaubsanspruch\"}]},{\"@type\":\"WebSite\",\"@id\":\"https:\/\/frontaliers-grandest.eu\/de\/#website\",\"url\":\"https:\/\/frontaliers-grandest.eu\/de\/\",\"name\":\"Frontaliers Grand Est\",\"description\":\"Le site ressource du travail frontalier\",\"publisher\":{\"@id\":\"https:\/\/frontaliers-grandest.eu\/de\/#organization\"},\"alternateName\":\"Frontaliers Grand Est\",\"potentialAction\":[{\"@type\":\"SearchAction\",\"target\":{\"@type\":\"EntryPoint\",\"urlTemplate\":\"https:\/\/frontaliers-grandest.eu\/de\/?s={search_term_string}\"},\"query-input\":{\"@type\":\"PropertyValueSpecification\",\"valueRequired\":true,\"valueName\":\"search_term_string\"}}],\"inLanguage\":\"de\"},{\"@type\":\"Organization\",\"@id\":\"https:\/\/frontaliers-grandest.eu\/de\/#organization\",\"name\":\"Frontaliers Grand Est\",\"alternateName\":\"Frontaliers Grand Est\",\"url\":\"https:\/\/frontaliers-grandest.eu\/de\/\",\"logo\":{\"@type\":\"ImageObject\",\"inLanguage\":\"de\",\"@id\":\"https:\/\/frontaliers-grandest.eu\/de\/#\/schema\/logo\/image\/\",\"url\":\"https:\/\/frontaliers-grandest.eu\/wp-content\/uploads\/2025\/07\/260328234_2966785176920310_3332838526503858160_n.jpg\",\"contentUrl\":\"https:\/\/frontaliers-grandest.eu\/wp-content\/uploads\/2025\/07\/260328234_2966785176920310_3332838526503858160_n.jpg\",\"width\":396,\"height\":396,\"caption\":\"Frontaliers Grand Est\"},\"image\":{\"@id\":\"https:\/\/frontaliers-grandest.eu\/de\/#\/schema\/logo\/image\/\"},\"sameAs\":[\"https:\/\/www.facebook.com\/frontaliers.GR.EST\/?locale=fr_FR\"]}]}<\/script>\n<!-- \/ Yoast SEO plugin. -->","yoast_head_json":{"title":"Urlaubsanspruch - Frontaliers Grand Est","robots":{"index":"index","follow":"follow","max-snippet":"max-snippet:-1","max-image-preview":"max-image-preview:large","max-video-preview":"max-video-preview:-1"},"canonical":"https:\/\/frontaliers-grandest.eu\/de\/startseite\/grenzganger\/deutschland-luxemburg\/arbeitsrecht\/der-arbeitsvertrag\/urlaubsanspruch\/","og_locale":"de_DE","og_type":"article","og_title":"Urlaubsanspruch - Frontaliers Grand Est","og_description":"Urlaubstage ie haben Anspruch auf verschiedene Urlaubstyps: Bezahlter Jahresurlaub Jeder Arbeitnehmer hat Anspruch auf mindestens&nbsp;26 Werktage bezahlten Urlaub&nbsp;(unabh\u00e4ngig vom Alter)&nbsp;im Jahr (oder 16 Stunden pro Monat f\u00fcr die Vollzeit). Ein&nbsp;neuer Arbeitnehmer muss in der Regel zun\u00e4chst w\u00e4hrend&nbsp;3 Monaten ununterbrochen&nbsp;arbeiten, bevor er die Urlaubstage nehmen kann, die er seit Beginn seines Vertrags angesammelt hat. Der Jahresurlaub [&hellip;]","og_url":"https:\/\/frontaliers-grandest.eu\/de\/startseite\/grenzganger\/deutschland-luxemburg\/arbeitsrecht\/der-arbeitsvertrag\/urlaubsanspruch\/","og_site_name":"Frontaliers Grand Est","article_publisher":"https:\/\/www.facebook.com\/frontaliers.GR.EST\/?locale=fr_FR","article_modified_time":"2021-06-15T09:00:46+00:00","twitter_card":"summary_large_image","twitter_misc":{"Gesch\u00e4tzte Lesezeit":"3\u00a0Minuten"},"schema":{"@context":"https:\/\/schema.org","@graph":[{"@type":"WebPage","@id":"https:\/\/frontaliers-grandest.eu\/de\/startseite\/grenzganger\/deutschland-luxemburg\/arbeitsrecht\/der-arbeitsvertrag\/urlaubsanspruch\/","url":"https:\/\/frontaliers-grandest.eu\/de\/startseite\/grenzganger\/deutschland-luxemburg\/arbeitsrecht\/der-arbeitsvertrag\/urlaubsanspruch\/","name":"Urlaubsanspruch - Frontaliers Grand Est","isPartOf":{"@id":"https:\/\/frontaliers-grandest.eu\/de\/#website"},"datePublished":"2021-06-15T08:59:02+00:00","dateModified":"2021-06-15T09:00:46+00:00","breadcrumb":{"@id":"https:\/\/frontaliers-grandest.eu\/de\/startseite\/grenzganger\/deutschland-luxemburg\/arbeitsrecht\/der-arbeitsvertrag\/urlaubsanspruch\/#breadcrumb"},"inLanguage":"de","potentialAction":[{"@type":"ReadAction","target":["https:\/\/frontaliers-grandest.eu\/de\/startseite\/grenzganger\/deutschland-luxemburg\/arbeitsrecht\/der-arbeitsvertrag\/urlaubsanspruch\/"]}]},{"@type":"BreadcrumbList","@id":"https:\/\/frontaliers-grandest.eu\/de\/startseite\/grenzganger\/deutschland-luxemburg\/arbeitsrecht\/der-arbeitsvertrag\/urlaubsanspruch\/#breadcrumb","itemListElement":[{"@type":"ListItem","position":1,"name":"Startseite","item":"https:\/\/frontaliers-grandest.eu\/de\/"},{"@type":"ListItem","position":2,"name":"Grenzg\u00e4nger","item":"https:\/\/frontaliers-grandest.eu\/de\/startseite\/grenzganger\/"},{"@type":"ListItem","position":3,"name":"Deutschland - Luxemburg","item":"https:\/\/frontaliers-grandest.eu\/de\/startseite\/grenzganger\/deutschland-luxemburg\/"},{"@type":"ListItem","position":4,"name":"Arbeitsrecht in Luxemburg","item":"https:\/\/frontaliers-grandest.eu\/de\/startseite\/grenzganger\/deutschland-luxemburg\/arbeitsrecht\/"},{"@type":"ListItem","position":5,"name":"Der Arbeitsvertrag","item":"https:\/\/frontaliers-grandest.eu\/de\/startseite\/grenzganger\/deutschland-luxemburg\/arbeitsrecht\/der-arbeitsvertrag\/"},{"@type":"ListItem","position":6,"name":"Urlaubsanspruch"}]},{"@type":"WebSite","@id":"https:\/\/frontaliers-grandest.eu\/de\/#website","url":"https:\/\/frontaliers-grandest.eu\/de\/","name":"Frontaliers Grand Est","description":"Le site ressource du travail frontalier","publisher":{"@id":"https:\/\/frontaliers-grandest.eu\/de\/#organization"},"alternateName":"Frontaliers Grand Est","potentialAction":[{"@type":"SearchAction","target":{"@type":"EntryPoint","urlTemplate":"https:\/\/frontaliers-grandest.eu\/de\/?s={search_term_string}"},"query-input":{"@type":"PropertyValueSpecification","valueRequired":true,"valueName":"search_term_string"}}],"inLanguage":"de"},{"@type":"Organization","@id":"https:\/\/frontaliers-grandest.eu\/de\/#organization","name":"Frontaliers Grand Est","alternateName":"Frontaliers Grand Est","url":"https:\/\/frontaliers-grandest.eu\/de\/","logo":{"@type":"ImageObject","inLanguage":"de","@id":"https:\/\/frontaliers-grandest.eu\/de\/#\/schema\/logo\/image\/","url":"https:\/\/frontaliers-grandest.eu\/wp-content\/uploads\/2025\/07\/260328234_2966785176920310_3332838526503858160_n.jpg","contentUrl":"https:\/\/frontaliers-grandest.eu\/wp-content\/uploads\/2025\/07\/260328234_2966785176920310_3332838526503858160_n.jpg","width":396,"height":396,"caption":"Frontaliers Grand Est"},"image":{"@id":"https:\/\/frontaliers-grandest.eu\/de\/#\/schema\/logo\/image\/"},"sameAs":["https:\/\/www.facebook.com\/frontaliers.GR.EST\/?locale=fr_FR"]}]}},"frge_page_order":0,"_links":{"self":[{"href":"https:\/\/frontaliers-grandest.eu\/de\/wp-json\/wp\/v2\/pages\/8586","targetHints":{"allow":["GET"]}}],"collection":[{"href":"https:\/\/frontaliers-grandest.eu\/de\/wp-json\/wp\/v2\/pages"}],"about":[{"href":"https:\/\/frontaliers-grandest.eu\/de\/wp-json\/wp\/v2\/types\/page"}],"author":[{"embeddable":true,"href":"https:\/\/frontaliers-grandest.eu\/de\/wp-json\/wp\/v2\/users\/7"}],"replies":[{"embeddable":true,"href":"https:\/\/frontaliers-grandest.eu\/de\/wp-json\/wp\/v2\/comments?post=8586"}],"version-history":[{"count":2,"href":"https:\/\/frontaliers-grandest.eu\/de\/wp-json\/wp\/v2\/pages\/8586\/revisions"}],"predecessor-version":[{"id":8589,"href":"https:\/\/frontaliers-grandest.eu\/de\/wp-json\/wp\/v2\/pages\/8586\/revisions\/8589"}],"up":[{"embeddable":true,"href":"https:\/\/frontaliers-grandest.eu\/de\/wp-json\/wp\/v2\/pages\/8574"}],"wp:attachment":[{"href":"https:\/\/frontaliers-grandest.eu\/de\/wp-json\/wp\/v2\/media?parent=8586"}],"wp:term":[{"taxonomy":"post_tag","embeddable":true,"href":"https:\/\/frontaliers-grandest.eu\/de\/wp-json\/wp\/v2\/tags?post=8586"},{"taxonomy":"frge_profile","embeddable":true,"href":"https:\/\/frontaliers-grandest.eu\/de\/wp-json\/wp\/v2\/frge_profile?post=8586"}],"curies":[{"name":"wp","href":"https:\/\/api.w.org\/{rel}","templated":true}]}}