{"id":8584,"date":"2021-06-15T10:44:52","date_gmt":"2021-06-15T08:44:52","guid":{"rendered":"https:\/\/frontaliers-grandest.eu\/?page_id=8584"},"modified":"2024-07-09T17:23:57","modified_gmt":"2024-07-09T15:23:57","slug":"arbeitszeit","status":"publish","type":"page","link":"https:\/\/frontaliers-grandest.eu\/de\/startseite\/grenzganger\/deutschland-luxemburg\/arbeitsrecht\/der-arbeitsvertrag\/arbeitszeit\/","title":{"rendered":"Arbeitszeit"},"content":{"rendered":"\n<h4 class=\"wp-block-heading\"><strong>Ihre Arbeitszeit<\/strong>\u00a0<\/h4>\n\n\n\n<p>Die gesetzliche Arbeitszeit liegt bei&nbsp;<strong>8 Stunden pro Tag und 40 Stunden pro Woche&nbsp;<\/strong>(173 Stunden pro Monat). Manche Tarifvertr\u00e4ge enthalten abweichende Regelungen.<\/p>\n\n\n\n<p>Die H\u00f6chstarbeitszeit im Falle von \u00dcberstunden betr\u00e4gt 10 Stunden pro Tag und 48 Stunden pro Woche. Die \u00dcberstunden fangen an, wenn die&nbsp;<strong>durchschnittliche<\/strong>&nbsp;w\u00f6chentliche Arbeitszeit w\u00e4hrend&nbsp;<strong>4 aufeinander folgenden Wochen mehr als 40 Stunden betr\u00e4gt&nbsp;<\/strong>(diese Periode kann je nach Tarifvertr\u00e4gen l\u00e4nger oder k\u00fcrzer sein).<\/p>\n\n\n\n<p>\u00dcberstunden sind alle Arbeitsstunden, die die normale Arbeitszeit \u00fcberschreiten und zwingend einer vorherigen Erlaubnis des Arbeits- und Besch\u00e4ftigungsministeriums bed\u00fcrfen.<\/p>\n\n\n\n<h5 class=\"wp-block-heading\">In der Regel sind \u00dcberstunden&nbsp;nur in folgenden F\u00e4llen erlaubt:<\/h5>\n\n\n\n<ul class=\"wp-block-list\"><li>um&nbsp;<strong>den Verlust von leicht verderblichen Produkten oder des Ertrags einer bestimmten Arbeit zu verhindern;<\/strong><\/li><li>um<strong>&nbsp;spezielle Arbeiten zu erledigen&nbsp;<\/strong>(Inventur, Liquidationen usw.);<\/li><li>in Ausnahmef\u00e4llen<strong>&nbsp;im \u00f6ffentlichen Interesse&nbsp;<\/strong>und im Falle der&nbsp;<strong>Ereignisse von nationalem Notfall,<\/strong><\/li><li>um auf einen Fall&nbsp;<strong>h\u00f6herer Gewalt zu reagieren<\/strong>, bei dem ein \u00f6ffentliches Interesse besteht oder der eine Gefahr f\u00fcr die \u00f6ffentliche Sicherheit und Ordnung darstellt<\/li><li>in anderen&nbsp;<strong>ordnungsgem\u00e4\u00dfen begr\u00fcndeten F\u00e4llen ohne unmittelbare Auswirkungen auf den Arbeitsmarkt.<\/strong><\/li><\/ul>\n\n\n\n<p>Die gesetzliche Arbeitszeit liegt bei 8 Stunden pro Tag und 40 Stunden pro Woche (173 Stunden pro Monat). Manche Tarifvertr\u00e4ge erhalten davon abweichende Regelungen.<\/p>\n\n\n\n<p>Die H\u00f6chstarbeitszeit im Falle von \u00dcberstunden betr\u00e4gt 10 Stunden pro Tag und 48 Stunden pro Woche. Die \u00dcberstunden fangen an, wenn die&nbsp;<strong>durchschnittliche<\/strong>&nbsp;w\u00f6chentliche Arbeitszeit w\u00e4hrend&nbsp;<strong>4 aufeinander folgenden Wochen mehr als 40 Stunden betr\u00e4gt<\/strong>&nbsp;(diese Periode kann je nach Tarifvertr\u00e4gen l\u00e4nger oder k\u00fcrzer sein).<\/p>\n\n\n\n<figure class=\"wp-block-table\"><table><tbody><tr><td><strong>Beispiel<\/strong><em><strong>:\u00a0<\/strong><\/em><br><br>Woche 1 = 45 Arbeitstunden, Woche 2 = 35 Arbeitsstunden, Woche 3 = 42 Arbeitstunden, Woche 4 = 38 Arbeitstunden.<br><br>(45+35+42+38) \/ 4 = 40 Stunden. Kein Recht auf \u00dcberstundenausgleich.<\/td><\/tr><\/tbody><\/table><\/figure>\n\n\n\n<h4 class=\"wp-block-heading\"><strong>Verg\u00fctung der \u00dcberstunden<\/strong>\u00a0<\/h4>\n\n\n\n<p>In der Regel muss der Arbeitgeber einen Arbeitnehmer, der \u00dcberstunden geleistet hat, mit einem Ausgleich durch Ruhezeit in H\u00f6he von<strong>&nbsp;1,5 Stunden Ruhezeit pro geleistete \u00dcberstunde&nbsp;<\/strong>entsch\u00e4digen. Diese Ausgleichszeiten k\u00f6nnen entweder mit verg\u00fcteter Ruhezeit ausgeglichen werden oder auf einem Arbeitszeitkonto gutgeschrieben werden.<\/p>\n\n\n\n<p>Ist ein Ausgleich durch Ruhezeit aus organisatorischen Gr\u00fcnden nun nicht m\u00f6glich, erhalten die Arbeitnehmer die Verg\u00fctung f\u00fcr jede geleistete \u00dcberstunde. Au\u00dferdem ist die&nbsp;<strong>Zulage steuer- und sozialabgabefrei.<\/strong><\/p>\n\n\n\n<p>Wenn ein Ausgleich durch Ruhezeit nicht m\u00f6glich (aus organisatorischen Gr\u00fcnden, aufgrund des Weggangs des betroffenen Arbeitnehmers usw.),&nbsp;<strong>muss der Arbeitgeber dem Arbeitnehmer f\u00fcr jede geleistete \u00dcberstunde<\/strong>&nbsp;<strong>mindestens 140 %<\/strong><strong>&nbsp;<\/strong>(plus&nbsp;am Sonntag geleisteten Arbeitsstunden f\u00fcr den Arbeitnehmer gleichzeitig&nbsp;<strong>\u00dcberstunden<\/strong><strong>)&nbsp;<\/strong>seines Stundenlohns zahlen. Diese Ausgleichs\u00e4tze sind Mindests\u00e4tze.<\/p>\n\n\n\n<p>Der&nbsp;<strong>Zuschlag<\/strong>&nbsp;ist g\u00e4nzlich einkommensteuer- und sozialbeitragsfrei. Diese Befreiung gilt sowohl f\u00fcr den Arbeitnehmeranteil als auch f\u00fcr den Arbeitgeberanteil der Sozialversicherungsbeitr\u00e4ge<\/p>\n\n\n\n<p>Diese Bestimmungen gelten nicht f\u00fcr die F\u00fchrungskr\u00e4fte.<\/p>\n\n\n\n<h4 class=\"wp-block-heading\"><strong>Verg\u00fctung der Arbeit an gesetzlichen Feiertagen\u00a0<\/strong><\/h4>\n\n\n\n<h5 class=\"wp-block-heading\">Wird an einem Feiertag gearbeitet (au\u00dfer Sonntag) hat der Arbeitnehmer Anspruch auf:<\/h5>\n\n\n\n<ul class=\"wp-block-list\"><li>die Verg\u00fctung in H\u00f6he von&nbsp;<strong>200<\/strong>% des gew\u00f6hnlichen Lohns pro Stunde&nbsp;<strong>plus 1,5 Stunde als Ausgleich<\/strong>.<\/li><li>Wenn der Ausgleich ist unm\u00f6glich, betr\u00e4gt das Arbeitsentgelt den normalen Stundensatz plus<strong>&nbsp;270 %,<\/strong>&nbsp;zu dem noch ein Tag Freizeitausgleich hinzukommt.<\/li><\/ul>\n\n\n\n<h5 class=\"wp-block-heading\">F\u00e4llt ein Feiertag auf einen Sonntag:<\/h5>\n\n\n\n<ul class=\"wp-block-list\"><li>betr\u00e4gt das Arbeitsentgelt den Stundensatz pro Stunde<strong>&nbsp;in H\u00f6he von 270 %, zu dem noch 1,5 Stunde Freizeitausgleich hinzukommt<\/strong><\/li><li>oder, das Arbeitsentgelt betr\u00e4gt&nbsp;<strong>170% pro Stunde, zu dem noch 2,5 Stunde Freizeitausgleich hinzukommt.<\/strong><\/li><\/ul>\n\n\n\n<p>Sollte der Ausgleich in zweien Hypothesen unm\u00f6glich sein, betr\u00e4gt das Arbeitsentgelt den Stundensatz<strong>&nbsp;von 310%, zu dem noch 1 Stunde Freizeitausgleich hinzukommt.<\/strong><\/p>\n\n\n\n<p>Um die normalen Arbeitszeiten ausdehnen und demnach \u00dcberstunden in Anspruch nehmen zu k\u00f6nnen, muss der Arbeitgeber die&nbsp;zu leistenden \u00dcberstunden&nbsp;bei der Gewerbeaufsicht&nbsp; (<em>Inspection du travail et des mines &#8211; ITM<\/em>) melden.<\/p>\n\n\n\n<p><strong>Bevor \u00dcberstunden<\/strong>&nbsp;geleistet werden, muss der Arbeitgeber den Betriebsrat oder, in Ermangelung eines solchen, den von den \u00dcberstunden betroffenen Arbeitnehmer konsultieren und das Formular&nbsp; an die Gewerbeaufsicht schicken. Das Formular muss die Stellungnahmen und Unterschriften vom Betriebsrat oder, in Ermangelung eines solchen, von den betroffenen Arbeitnehmern, genauso wie die Unterschriften vom Unternehmensleiter oder von seinem Stellvertreter enthalten.<\/p>\n\n\n\n<p>Was die Stellungnahme des Betriebsrats oder der betroffenen Arbeitnehmer angeht,&nbsp;so gibt es zwei M\u00f6glichkeiten:<\/p>\n\n\n\n<ul class=\"wp-block-list\"><li>f\u00e4llt die<strong>&nbsp;Stellungnahme positivaus<\/strong>, gilt die Meldung als Genehmigung;<\/li><li>f\u00e4llt die<strong>&nbsp;Stellungnahme negativaus<\/strong>, muss der Minister f\u00fcr Arbeit, Besch\u00e4ftigung sowie Sozial- und Solidarwirschaft (<em>Ministre du Travail, de l&#8217;Emploi et de l&#8217;Economie sociale et solidaire<\/em>) die \u00dcberstunden genehmigen oder ablehnen.<\/li><\/ul>\n\n\n\n<p><strong>Befreiungen von der schriftlichen Meldung finden bei einem Zwischenfall, im Notfall oder bei h\u00f6herer Gewalt statt.<\/strong><\/p>\n","protected":false},"excerpt":{"rendered":"<p>Ihre Arbeitszeit\u00a0 Die gesetzliche Arbeitszeit liegt bei&nbsp;8 Stunden pro Tag und 40 Stunden pro Woche&nbsp;(173 Stunden pro Monat). Manche Tarifvertr\u00e4ge enthalten abweichende Regelungen. Die H\u00f6chstarbeitszeit im Falle von \u00dcberstunden betr\u00e4gt 10 Stunden pro Tag und 48 Stunden pro Woche. Die \u00dcberstunden fangen an, wenn die&nbsp;durchschnittliche&nbsp;w\u00f6chentliche Arbeitszeit w\u00e4hrend&nbsp;4 aufeinander folgenden Wochen mehr als 40 Stunden betr\u00e4gt&nbsp;(diese [&hellip;]<\/p>\n","protected":false},"author":7,"featured_media":0,"parent":8574,"menu_order":3,"comment_status":"closed","ping_status":"closed","template":"","meta":{"inline_featured_image":false,"footnotes":""},"tags":[],"frge_profile":[],"class_list":["post-8584","page","type-page","status-publish","hentry"],"yoast_head":"<!-- This site is optimized with the Yoast SEO plugin v27.1.1 - https:\/\/yoast.com\/product\/yoast-seo-wordpress\/ -->\n<title>Arbeitszeit in Deutschland: gesetzliche und \u00fcberstundenregelungen<\/title>\n<meta name=\"description\" content=\"Informationen zur gesetzlichen Arbeitszeit, \u00dcberstundenregelungen, Verg\u00fctung von \u00dcberstunden und Arbeit an Feiertagen sowie Anforderungen an die Arbeitgeber.\" \/>\n<meta name=\"robots\" content=\"index, follow, max-snippet:-1, max-image-preview:large, max-video-preview:-1\" \/>\n<link rel=\"canonical\" href=\"https:\/\/frontaliers-grandest.eu\/de\/startseite\/grenzganger\/deutschland-luxemburg\/arbeitsrecht\/der-arbeitsvertrag\/arbeitszeit\/\" \/>\n<meta property=\"og:locale\" content=\"de_DE\" \/>\n<meta property=\"og:type\" content=\"article\" \/>\n<meta property=\"og:title\" content=\"Arbeitszeit in Deutschland: gesetzliche und \u00fcberstundenregelungen\" \/>\n<meta property=\"og:description\" content=\"Informationen zur gesetzlichen Arbeitszeit, \u00dcberstundenregelungen, Verg\u00fctung von \u00dcberstunden und Arbeit an Feiertagen sowie Anforderungen an die Arbeitgeber.\" \/>\n<meta property=\"og:url\" content=\"https:\/\/frontaliers-grandest.eu\/de\/startseite\/grenzganger\/deutschland-luxemburg\/arbeitsrecht\/der-arbeitsvertrag\/arbeitszeit\/\" \/>\n<meta property=\"og:site_name\" content=\"Frontaliers Grand Est\" \/>\n<meta property=\"article:publisher\" content=\"https:\/\/www.facebook.com\/frontaliers.GR.EST\/?locale=fr_FR\" \/>\n<meta property=\"article:modified_time\" content=\"2024-07-09T15:23:57+00:00\" \/>\n<meta name=\"twitter:card\" content=\"summary_large_image\" \/>\n<meta name=\"twitter:label1\" content=\"Gesch\u00e4tzte Lesezeit\" \/>\n\t<meta name=\"twitter:data1\" content=\"4\u00a0Minuten\" \/>\n<script type=\"application\/ld+json\" class=\"yoast-schema-graph\">{\"@context\":\"https:\/\/schema.org\",\"@graph\":[{\"@type\":\"WebPage\",\"@id\":\"https:\/\/frontaliers-grandest.eu\/de\/startseite\/grenzganger\/deutschland-luxemburg\/arbeitsrecht\/der-arbeitsvertrag\/arbeitszeit\/\",\"url\":\"https:\/\/frontaliers-grandest.eu\/de\/startseite\/grenzganger\/deutschland-luxemburg\/arbeitsrecht\/der-arbeitsvertrag\/arbeitszeit\/\",\"name\":\"Arbeitszeit in Deutschland: gesetzliche und \u00fcberstundenregelungen\",\"isPartOf\":{\"@id\":\"https:\/\/frontaliers-grandest.eu\/de\/#website\"},\"datePublished\":\"2021-06-15T08:44:52+00:00\",\"dateModified\":\"2024-07-09T15:23:57+00:00\",\"description\":\"Informationen zur gesetzlichen Arbeitszeit, \u00dcberstundenregelungen, Verg\u00fctung von \u00dcberstunden und Arbeit an Feiertagen sowie Anforderungen an die Arbeitgeber.\",\"breadcrumb\":{\"@id\":\"https:\/\/frontaliers-grandest.eu\/de\/startseite\/grenzganger\/deutschland-luxemburg\/arbeitsrecht\/der-arbeitsvertrag\/arbeitszeit\/#breadcrumb\"},\"inLanguage\":\"de\",\"potentialAction\":[{\"@type\":\"ReadAction\",\"target\":[\"https:\/\/frontaliers-grandest.eu\/de\/startseite\/grenzganger\/deutschland-luxemburg\/arbeitsrecht\/der-arbeitsvertrag\/arbeitszeit\/\"]}]},{\"@type\":\"BreadcrumbList\",\"@id\":\"https:\/\/frontaliers-grandest.eu\/de\/startseite\/grenzganger\/deutschland-luxemburg\/arbeitsrecht\/der-arbeitsvertrag\/arbeitszeit\/#breadcrumb\",\"itemListElement\":[{\"@type\":\"ListItem\",\"position\":1,\"name\":\"Startseite\",\"item\":\"https:\/\/frontaliers-grandest.eu\/de\/\"},{\"@type\":\"ListItem\",\"position\":2,\"name\":\"Grenzg\u00e4nger\",\"item\":\"https:\/\/frontaliers-grandest.eu\/de\/startseite\/grenzganger\/\"},{\"@type\":\"ListItem\",\"position\":3,\"name\":\"Deutschland - Luxemburg\",\"item\":\"https:\/\/frontaliers-grandest.eu\/de\/startseite\/grenzganger\/deutschland-luxemburg\/\"},{\"@type\":\"ListItem\",\"position\":4,\"name\":\"Arbeitsrecht in Luxemburg\",\"item\":\"https:\/\/frontaliers-grandest.eu\/de\/startseite\/grenzganger\/deutschland-luxemburg\/arbeitsrecht\/\"},{\"@type\":\"ListItem\",\"position\":5,\"name\":\"Der Arbeitsvertrag\",\"item\":\"https:\/\/frontaliers-grandest.eu\/de\/startseite\/grenzganger\/deutschland-luxemburg\/arbeitsrecht\/der-arbeitsvertrag\/\"},{\"@type\":\"ListItem\",\"position\":6,\"name\":\"Arbeitszeit\"}]},{\"@type\":\"WebSite\",\"@id\":\"https:\/\/frontaliers-grandest.eu\/de\/#website\",\"url\":\"https:\/\/frontaliers-grandest.eu\/de\/\",\"name\":\"Frontaliers Grand Est\",\"description\":\"Le site ressource du travail frontalier\",\"publisher\":{\"@id\":\"https:\/\/frontaliers-grandest.eu\/de\/#organization\"},\"alternateName\":\"Frontaliers Grand Est\",\"potentialAction\":[{\"@type\":\"SearchAction\",\"target\":{\"@type\":\"EntryPoint\",\"urlTemplate\":\"https:\/\/frontaliers-grandest.eu\/de\/?s={search_term_string}\"},\"query-input\":{\"@type\":\"PropertyValueSpecification\",\"valueRequired\":true,\"valueName\":\"search_term_string\"}}],\"inLanguage\":\"de\"},{\"@type\":\"Organization\",\"@id\":\"https:\/\/frontaliers-grandest.eu\/de\/#organization\",\"name\":\"Frontaliers Grand Est\",\"alternateName\":\"Frontaliers Grand Est\",\"url\":\"https:\/\/frontaliers-grandest.eu\/de\/\",\"logo\":{\"@type\":\"ImageObject\",\"inLanguage\":\"de\",\"@id\":\"https:\/\/frontaliers-grandest.eu\/de\/#\/schema\/logo\/image\/\",\"url\":\"https:\/\/frontaliers-grandest.eu\/wp-content\/uploads\/2025\/07\/260328234_2966785176920310_3332838526503858160_n.jpg\",\"contentUrl\":\"https:\/\/frontaliers-grandest.eu\/wp-content\/uploads\/2025\/07\/260328234_2966785176920310_3332838526503858160_n.jpg\",\"width\":396,\"height\":396,\"caption\":\"Frontaliers Grand Est\"},\"image\":{\"@id\":\"https:\/\/frontaliers-grandest.eu\/de\/#\/schema\/logo\/image\/\"},\"sameAs\":[\"https:\/\/www.facebook.com\/frontaliers.GR.EST\/?locale=fr_FR\"]}]}<\/script>\n<!-- \/ Yoast SEO plugin. -->","yoast_head_json":{"title":"Arbeitszeit in Deutschland: gesetzliche und \u00fcberstundenregelungen","description":"Informationen zur gesetzlichen Arbeitszeit, \u00dcberstundenregelungen, Verg\u00fctung von \u00dcberstunden und Arbeit an Feiertagen sowie Anforderungen an die Arbeitgeber.","robots":{"index":"index","follow":"follow","max-snippet":"max-snippet:-1","max-image-preview":"max-image-preview:large","max-video-preview":"max-video-preview:-1"},"canonical":"https:\/\/frontaliers-grandest.eu\/de\/startseite\/grenzganger\/deutschland-luxemburg\/arbeitsrecht\/der-arbeitsvertrag\/arbeitszeit\/","og_locale":"de_DE","og_type":"article","og_title":"Arbeitszeit in Deutschland: gesetzliche und \u00fcberstundenregelungen","og_description":"Informationen zur gesetzlichen Arbeitszeit, \u00dcberstundenregelungen, Verg\u00fctung von \u00dcberstunden und Arbeit an Feiertagen sowie Anforderungen an die Arbeitgeber.","og_url":"https:\/\/frontaliers-grandest.eu\/de\/startseite\/grenzganger\/deutschland-luxemburg\/arbeitsrecht\/der-arbeitsvertrag\/arbeitszeit\/","og_site_name":"Frontaliers Grand Est","article_publisher":"https:\/\/www.facebook.com\/frontaliers.GR.EST\/?locale=fr_FR","article_modified_time":"2024-07-09T15:23:57+00:00","twitter_card":"summary_large_image","twitter_misc":{"Gesch\u00e4tzte Lesezeit":"4\u00a0Minuten"},"schema":{"@context":"https:\/\/schema.org","@graph":[{"@type":"WebPage","@id":"https:\/\/frontaliers-grandest.eu\/de\/startseite\/grenzganger\/deutschland-luxemburg\/arbeitsrecht\/der-arbeitsvertrag\/arbeitszeit\/","url":"https:\/\/frontaliers-grandest.eu\/de\/startseite\/grenzganger\/deutschland-luxemburg\/arbeitsrecht\/der-arbeitsvertrag\/arbeitszeit\/","name":"Arbeitszeit in Deutschland: gesetzliche und \u00fcberstundenregelungen","isPartOf":{"@id":"https:\/\/frontaliers-grandest.eu\/de\/#website"},"datePublished":"2021-06-15T08:44:52+00:00","dateModified":"2024-07-09T15:23:57+00:00","description":"Informationen zur gesetzlichen Arbeitszeit, \u00dcberstundenregelungen, Verg\u00fctung von \u00dcberstunden und Arbeit an Feiertagen sowie Anforderungen an die Arbeitgeber.","breadcrumb":{"@id":"https:\/\/frontaliers-grandest.eu\/de\/startseite\/grenzganger\/deutschland-luxemburg\/arbeitsrecht\/der-arbeitsvertrag\/arbeitszeit\/#breadcrumb"},"inLanguage":"de","potentialAction":[{"@type":"ReadAction","target":["https:\/\/frontaliers-grandest.eu\/de\/startseite\/grenzganger\/deutschland-luxemburg\/arbeitsrecht\/der-arbeitsvertrag\/arbeitszeit\/"]}]},{"@type":"BreadcrumbList","@id":"https:\/\/frontaliers-grandest.eu\/de\/startseite\/grenzganger\/deutschland-luxemburg\/arbeitsrecht\/der-arbeitsvertrag\/arbeitszeit\/#breadcrumb","itemListElement":[{"@type":"ListItem","position":1,"name":"Startseite","item":"https:\/\/frontaliers-grandest.eu\/de\/"},{"@type":"ListItem","position":2,"name":"Grenzg\u00e4nger","item":"https:\/\/frontaliers-grandest.eu\/de\/startseite\/grenzganger\/"},{"@type":"ListItem","position":3,"name":"Deutschland - Luxemburg","item":"https:\/\/frontaliers-grandest.eu\/de\/startseite\/grenzganger\/deutschland-luxemburg\/"},{"@type":"ListItem","position":4,"name":"Arbeitsrecht in Luxemburg","item":"https:\/\/frontaliers-grandest.eu\/de\/startseite\/grenzganger\/deutschland-luxemburg\/arbeitsrecht\/"},{"@type":"ListItem","position":5,"name":"Der Arbeitsvertrag","item":"https:\/\/frontaliers-grandest.eu\/de\/startseite\/grenzganger\/deutschland-luxemburg\/arbeitsrecht\/der-arbeitsvertrag\/"},{"@type":"ListItem","position":6,"name":"Arbeitszeit"}]},{"@type":"WebSite","@id":"https:\/\/frontaliers-grandest.eu\/de\/#website","url":"https:\/\/frontaliers-grandest.eu\/de\/","name":"Frontaliers Grand Est","description":"Le site ressource du travail frontalier","publisher":{"@id":"https:\/\/frontaliers-grandest.eu\/de\/#organization"},"alternateName":"Frontaliers Grand Est","potentialAction":[{"@type":"SearchAction","target":{"@type":"EntryPoint","urlTemplate":"https:\/\/frontaliers-grandest.eu\/de\/?s={search_term_string}"},"query-input":{"@type":"PropertyValueSpecification","valueRequired":true,"valueName":"search_term_string"}}],"inLanguage":"de"},{"@type":"Organization","@id":"https:\/\/frontaliers-grandest.eu\/de\/#organization","name":"Frontaliers Grand Est","alternateName":"Frontaliers Grand Est","url":"https:\/\/frontaliers-grandest.eu\/de\/","logo":{"@type":"ImageObject","inLanguage":"de","@id":"https:\/\/frontaliers-grandest.eu\/de\/#\/schema\/logo\/image\/","url":"https:\/\/frontaliers-grandest.eu\/wp-content\/uploads\/2025\/07\/260328234_2966785176920310_3332838526503858160_n.jpg","contentUrl":"https:\/\/frontaliers-grandest.eu\/wp-content\/uploads\/2025\/07\/260328234_2966785176920310_3332838526503858160_n.jpg","width":396,"height":396,"caption":"Frontaliers Grand Est"},"image":{"@id":"https:\/\/frontaliers-grandest.eu\/de\/#\/schema\/logo\/image\/"},"sameAs":["https:\/\/www.facebook.com\/frontaliers.GR.EST\/?locale=fr_FR"]}]}},"frge_page_order":0,"_links":{"self":[{"href":"https:\/\/frontaliers-grandest.eu\/de\/wp-json\/wp\/v2\/pages\/8584","targetHints":{"allow":["GET"]}}],"collection":[{"href":"https:\/\/frontaliers-grandest.eu\/de\/wp-json\/wp\/v2\/pages"}],"about":[{"href":"https:\/\/frontaliers-grandest.eu\/de\/wp-json\/wp\/v2\/types\/page"}],"author":[{"embeddable":true,"href":"https:\/\/frontaliers-grandest.eu\/de\/wp-json\/wp\/v2\/users\/7"}],"replies":[{"embeddable":true,"href":"https:\/\/frontaliers-grandest.eu\/de\/wp-json\/wp\/v2\/comments?post=8584"}],"version-history":[{"count":1,"href":"https:\/\/frontaliers-grandest.eu\/de\/wp-json\/wp\/v2\/pages\/8584\/revisions"}],"predecessor-version":[{"id":8585,"href":"https:\/\/frontaliers-grandest.eu\/de\/wp-json\/wp\/v2\/pages\/8584\/revisions\/8585"}],"up":[{"embeddable":true,"href":"https:\/\/frontaliers-grandest.eu\/de\/wp-json\/wp\/v2\/pages\/8574"}],"wp:attachment":[{"href":"https:\/\/frontaliers-grandest.eu\/de\/wp-json\/wp\/v2\/media?parent=8584"}],"wp:term":[{"taxonomy":"post_tag","embeddable":true,"href":"https:\/\/frontaliers-grandest.eu\/de\/wp-json\/wp\/v2\/tags?post=8584"},{"taxonomy":"frge_profile","embeddable":true,"href":"https:\/\/frontaliers-grandest.eu\/de\/wp-json\/wp\/v2\/frge_profile?post=8584"}],"curies":[{"name":"wp","href":"https:\/\/api.w.org\/{rel}","templated":true}]}}