{"id":8576,"date":"2021-06-15T10:26:36","date_gmt":"2021-06-15T08:26:36","guid":{"rendered":"https:\/\/frontaliers-grandest.eu\/?page_id=8576"},"modified":"2024-03-13T12:12:43","modified_gmt":"2024-03-13T11:12:43","slug":"das-arbeitsentgelt","status":"publish","type":"page","link":"https:\/\/frontaliers-grandest.eu\/de\/startseite\/grenzganger\/deutschland-luxemburg\/arbeitsrecht\/der-arbeitsvertrag\/das-arbeitsentgelt\/","title":{"rendered":"Das Arbeitsentgelt"},"content":{"rendered":"\n<p>Es gibt in Luxemburg einen gesetzlichen Mindestlohn, der allen Arbeitnehmern gew\u00e4hrleistet wird und sich je nach dem Qualifikationsniveau \u00e4ndert.<\/p>\n\n\n\n<p>N\u00e4mlich richtet sich die H\u00f6he des gesetzlichen Mindestlohns danach, ob es sich um einen Arbeitnehmer mit oder ohne Berufsabschluss handelt. Der\u00a0<em>Arbeitnehmer mit Berufsabschluss\u00a0<\/em>\u00fcbt seinen Beruf nach einer abgeschlossenen Berufsausbildung oder nach einer Ausbildung mit einem offiziellen Abschlusszeugnis aus.<\/p>\n\n\n\n<h4 class=\"wp-block-heading\"><strong>Sie sind Arbeitnehmer ohne Berufsabschluss\u00a0 \u00a0<\/strong><\/h4>\n\n\n\n<h5 class=\"wp-block-heading\">Gesetzlicher Mindestlohn ( ab 1.Januar 2019) f\u00fcr&nbsp;einen Arbeitnehmer ohne Berufsabschluss<\/h5>\n\n\n\n<ul class=\"wp-block-list\"><li>\u00fcber 18 Jahre (Vollzeit):<strong>\u00a02.071,10 \u20ac\u00a0;<\/strong><\/li><li>von 17 bis 18 Jahre:\u00a0<strong>1.656,88 \u20ac\u00a0;<\/strong><\/li><li>von 15 bis 17 Jahre:\u00a0\u00a0<strong>1.553,33 \u20ac.<\/strong><\/li><\/ul>\n\n\n\n<h4 class=\"wp-block-heading\"><strong>Sie sind Arbeitnehmer mit Berufsabschluss<\/strong>\u00a0<\/h4>\n\n\n\n<p>Gesetzlicher Mindestlohn f\u00fcr einen&nbsp;Arbeitnehmer mit Berufsabschluss&nbsp;\u00fcber 18 Jahre (Vollzeit)ist von<strong>&nbsp;2.485,32&nbsp;\u20ac<\/strong>&nbsp;(ab 1.Januar 2019).&nbsp;&nbsp;<\/p>\n\n\n\n<p>Sie k\u00f6nnen jedoch Schwierigkeiten haben, den wahren Wert Ihrer Qualifikation zu erkennen, wenn Ihr Arbeitgeber Ihren Status des Arbeitnehmers mit Berufsabschluss weigert.<\/p>\n\n\n\n<p>Um eine Qualifikationsbescheinigung zu erhalten oder Informationen \u00fcber die Anerkennung der Diplome zu bekommen,\u00a0wenden Sie sich bitte an:<\/p>\n\n\n\n<figure class=\"wp-block-pullquote\"><blockquote><p><strong>Minist\u00e8re de l&#8217;Education Nationale, del&#8217;Enfance et de la Jeunesse\u00a0(MEN)<\/strong><br>Service de la Reconnaissance des Dipl\u00f4mes<\/p><p>29, Rue Aldringen<br>L &#8211; 2926 LUXEMBOURG<br>Num. : (+352) \/ 247-85 910<br><a href=\"mailto:reconnaissance@men.lu\" target=\"_blank\" rel=\"noreferrer noopener\">reconnaissance@men.lu<\/a><\/p><\/blockquote><\/figure>\n\n\n\n<div class=\"wp-block-buttons is-layout-flex wp-block-buttons-is-layout-flex\">\n<div class=\"wp-block-button\"><a class=\"wp-block-button__link\"><strong>ACHTUNG\u00a0<\/strong>: der Mindestlohn ist ein gesetzliches Minimum. Sofern\u00a0ein Tarifvertrag in Ihrem\u00a0Betrieb anwendbar wird, kann\u00a0ein h\u00f6herer Lohn vorgesehen sein.<\/a><\/div>\n<\/div>\n","protected":false},"excerpt":{"rendered":"<p>Es gibt in Luxemburg einen gesetzlichen Mindestlohn, der allen Arbeitnehmern gew\u00e4hrleistet wird und sich je nach dem Qualifikationsniveau \u00e4ndert. N\u00e4mlich richtet sich die H\u00f6he des gesetzlichen Mindestlohns danach, ob es sich um einen Arbeitnehmer mit oder ohne Berufsabschluss handelt. Der\u00a0Arbeitnehmer mit Berufsabschluss\u00a0\u00fcbt seinen Beruf nach einer abgeschlossenen Berufsausbildung oder nach einer Ausbildung mit einem offiziellen [&hellip;]<\/p>\n","protected":false},"author":7,"featured_media":0,"parent":8574,"menu_order":0,"comment_status":"closed","ping_status":"closed","template":"","meta":{"inline_featured_image":false,"footnotes":""},"tags":[],"frge_profile":[],"class_list":["post-8576","page","type-page","status-publish","hentry"],"yoast_head":"<!-- This site is optimized with the Yoast SEO plugin v27.1.1 - https:\/\/yoast.com\/product\/yoast-seo-wordpress\/ -->\n<title>Das Arbeitsentgelt - Frontaliers Grand Est<\/title>\n<meta name=\"robots\" content=\"index, follow, max-snippet:-1, max-image-preview:large, max-video-preview:-1\" \/>\n<link rel=\"canonical\" href=\"https:\/\/frontaliers-grandest.eu\/de\/startseite\/grenzganger\/deutschland-luxemburg\/arbeitsrecht\/der-arbeitsvertrag\/das-arbeitsentgelt\/\" \/>\n<meta property=\"og:locale\" content=\"de_DE\" \/>\n<meta property=\"og:type\" content=\"article\" \/>\n<meta property=\"og:title\" content=\"Das Arbeitsentgelt - Frontaliers Grand Est\" \/>\n<meta property=\"og:description\" content=\"Es gibt in Luxemburg einen gesetzlichen Mindestlohn, der allen Arbeitnehmern gew\u00e4hrleistet wird und sich je nach dem Qualifikationsniveau \u00e4ndert. N\u00e4mlich richtet sich die H\u00f6he des gesetzlichen Mindestlohns danach, ob es sich um einen Arbeitnehmer mit oder ohne Berufsabschluss handelt. Der\u00a0Arbeitnehmer mit Berufsabschluss\u00a0\u00fcbt seinen Beruf nach einer abgeschlossenen Berufsausbildung oder nach einer Ausbildung mit einem offiziellen [&hellip;]\" \/>\n<meta property=\"og:url\" content=\"https:\/\/frontaliers-grandest.eu\/de\/startseite\/grenzganger\/deutschland-luxemburg\/arbeitsrecht\/der-arbeitsvertrag\/das-arbeitsentgelt\/\" \/>\n<meta property=\"og:site_name\" content=\"Frontaliers Grand Est\" \/>\n<meta property=\"article:publisher\" content=\"https:\/\/www.facebook.com\/frontaliers.GR.EST\/?locale=fr_FR\" \/>\n<meta property=\"article:modified_time\" content=\"2024-03-13T11:12:43+00:00\" \/>\n<meta name=\"twitter:card\" content=\"summary_large_image\" \/>\n<meta name=\"twitter:label1\" content=\"Gesch\u00e4tzte Lesezeit\" \/>\n\t<meta name=\"twitter:data1\" content=\"1\u00a0Minute\" \/>\n<script type=\"application\/ld+json\" class=\"yoast-schema-graph\">{\"@context\":\"https:\/\/schema.org\",\"@graph\":[{\"@type\":\"WebPage\",\"@id\":\"https:\/\/frontaliers-grandest.eu\/de\/startseite\/grenzganger\/deutschland-luxemburg\/arbeitsrecht\/der-arbeitsvertrag\/das-arbeitsentgelt\/\",\"url\":\"https:\/\/frontaliers-grandest.eu\/de\/startseite\/grenzganger\/deutschland-luxemburg\/arbeitsrecht\/der-arbeitsvertrag\/das-arbeitsentgelt\/\",\"name\":\"Das Arbeitsentgelt - Frontaliers Grand Est\",\"isPartOf\":{\"@id\":\"https:\/\/frontaliers-grandest.eu\/de\/#website\"},\"datePublished\":\"2021-06-15T08:26:36+00:00\",\"dateModified\":\"2024-03-13T11:12:43+00:00\",\"breadcrumb\":{\"@id\":\"https:\/\/frontaliers-grandest.eu\/de\/startseite\/grenzganger\/deutschland-luxemburg\/arbeitsrecht\/der-arbeitsvertrag\/das-arbeitsentgelt\/#breadcrumb\"},\"inLanguage\":\"de\",\"potentialAction\":[{\"@type\":\"ReadAction\",\"target\":[\"https:\/\/frontaliers-grandest.eu\/de\/startseite\/grenzganger\/deutschland-luxemburg\/arbeitsrecht\/der-arbeitsvertrag\/das-arbeitsentgelt\/\"]}]},{\"@type\":\"BreadcrumbList\",\"@id\":\"https:\/\/frontaliers-grandest.eu\/de\/startseite\/grenzganger\/deutschland-luxemburg\/arbeitsrecht\/der-arbeitsvertrag\/das-arbeitsentgelt\/#breadcrumb\",\"itemListElement\":[{\"@type\":\"ListItem\",\"position\":1,\"name\":\"Startseite\",\"item\":\"https:\/\/frontaliers-grandest.eu\/de\/\"},{\"@type\":\"ListItem\",\"position\":2,\"name\":\"Grenzg\u00e4nger\",\"item\":\"https:\/\/frontaliers-grandest.eu\/de\/startseite\/grenzganger\/\"},{\"@type\":\"ListItem\",\"position\":3,\"name\":\"Deutschland - Luxemburg\",\"item\":\"https:\/\/frontaliers-grandest.eu\/de\/startseite\/grenzganger\/deutschland-luxemburg\/\"},{\"@type\":\"ListItem\",\"position\":4,\"name\":\"Arbeitsrecht in Luxemburg\",\"item\":\"https:\/\/frontaliers-grandest.eu\/de\/startseite\/grenzganger\/deutschland-luxemburg\/arbeitsrecht\/\"},{\"@type\":\"ListItem\",\"position\":5,\"name\":\"Der Arbeitsvertrag\",\"item\":\"https:\/\/frontaliers-grandest.eu\/de\/startseite\/grenzganger\/deutschland-luxemburg\/arbeitsrecht\/der-arbeitsvertrag\/\"},{\"@type\":\"ListItem\",\"position\":6,\"name\":\"Das Arbeitsentgelt\"}]},{\"@type\":\"WebSite\",\"@id\":\"https:\/\/frontaliers-grandest.eu\/de\/#website\",\"url\":\"https:\/\/frontaliers-grandest.eu\/de\/\",\"name\":\"Frontaliers Grand Est\",\"description\":\"Le site ressource du travail frontalier\",\"publisher\":{\"@id\":\"https:\/\/frontaliers-grandest.eu\/de\/#organization\"},\"alternateName\":\"Frontaliers Grand Est\",\"potentialAction\":[{\"@type\":\"SearchAction\",\"target\":{\"@type\":\"EntryPoint\",\"urlTemplate\":\"https:\/\/frontaliers-grandest.eu\/de\/?s={search_term_string}\"},\"query-input\":{\"@type\":\"PropertyValueSpecification\",\"valueRequired\":true,\"valueName\":\"search_term_string\"}}],\"inLanguage\":\"de\"},{\"@type\":\"Organization\",\"@id\":\"https:\/\/frontaliers-grandest.eu\/de\/#organization\",\"name\":\"Frontaliers Grand Est\",\"alternateName\":\"Frontaliers Grand Est\",\"url\":\"https:\/\/frontaliers-grandest.eu\/de\/\",\"logo\":{\"@type\":\"ImageObject\",\"inLanguage\":\"de\",\"@id\":\"https:\/\/frontaliers-grandest.eu\/de\/#\/schema\/logo\/image\/\",\"url\":\"https:\/\/frontaliers-grandest.eu\/wp-content\/uploads\/2025\/07\/260328234_2966785176920310_3332838526503858160_n.jpg\",\"contentUrl\":\"https:\/\/frontaliers-grandest.eu\/wp-content\/uploads\/2025\/07\/260328234_2966785176920310_3332838526503858160_n.jpg\",\"width\":396,\"height\":396,\"caption\":\"Frontaliers Grand Est\"},\"image\":{\"@id\":\"https:\/\/frontaliers-grandest.eu\/de\/#\/schema\/logo\/image\/\"},\"sameAs\":[\"https:\/\/www.facebook.com\/frontaliers.GR.EST\/?locale=fr_FR\"]}]}<\/script>\n<!-- \/ Yoast SEO plugin. -->","yoast_head_json":{"title":"Das Arbeitsentgelt - Frontaliers Grand Est","robots":{"index":"index","follow":"follow","max-snippet":"max-snippet:-1","max-image-preview":"max-image-preview:large","max-video-preview":"max-video-preview:-1"},"canonical":"https:\/\/frontaliers-grandest.eu\/de\/startseite\/grenzganger\/deutschland-luxemburg\/arbeitsrecht\/der-arbeitsvertrag\/das-arbeitsentgelt\/","og_locale":"de_DE","og_type":"article","og_title":"Das Arbeitsentgelt - Frontaliers Grand Est","og_description":"Es gibt in Luxemburg einen gesetzlichen Mindestlohn, der allen Arbeitnehmern gew\u00e4hrleistet wird und sich je nach dem Qualifikationsniveau \u00e4ndert. N\u00e4mlich richtet sich die H\u00f6he des gesetzlichen Mindestlohns danach, ob es sich um einen Arbeitnehmer mit oder ohne Berufsabschluss handelt. Der\u00a0Arbeitnehmer mit Berufsabschluss\u00a0\u00fcbt seinen Beruf nach einer abgeschlossenen Berufsausbildung oder nach einer Ausbildung mit einem offiziellen [&hellip;]","og_url":"https:\/\/frontaliers-grandest.eu\/de\/startseite\/grenzganger\/deutschland-luxemburg\/arbeitsrecht\/der-arbeitsvertrag\/das-arbeitsentgelt\/","og_site_name":"Frontaliers Grand Est","article_publisher":"https:\/\/www.facebook.com\/frontaliers.GR.EST\/?locale=fr_FR","article_modified_time":"2024-03-13T11:12:43+00:00","twitter_card":"summary_large_image","twitter_misc":{"Gesch\u00e4tzte Lesezeit":"1\u00a0Minute"},"schema":{"@context":"https:\/\/schema.org","@graph":[{"@type":"WebPage","@id":"https:\/\/frontaliers-grandest.eu\/de\/startseite\/grenzganger\/deutschland-luxemburg\/arbeitsrecht\/der-arbeitsvertrag\/das-arbeitsentgelt\/","url":"https:\/\/frontaliers-grandest.eu\/de\/startseite\/grenzganger\/deutschland-luxemburg\/arbeitsrecht\/der-arbeitsvertrag\/das-arbeitsentgelt\/","name":"Das Arbeitsentgelt - Frontaliers Grand Est","isPartOf":{"@id":"https:\/\/frontaliers-grandest.eu\/de\/#website"},"datePublished":"2021-06-15T08:26:36+00:00","dateModified":"2024-03-13T11:12:43+00:00","breadcrumb":{"@id":"https:\/\/frontaliers-grandest.eu\/de\/startseite\/grenzganger\/deutschland-luxemburg\/arbeitsrecht\/der-arbeitsvertrag\/das-arbeitsentgelt\/#breadcrumb"},"inLanguage":"de","potentialAction":[{"@type":"ReadAction","target":["https:\/\/frontaliers-grandest.eu\/de\/startseite\/grenzganger\/deutschland-luxemburg\/arbeitsrecht\/der-arbeitsvertrag\/das-arbeitsentgelt\/"]}]},{"@type":"BreadcrumbList","@id":"https:\/\/frontaliers-grandest.eu\/de\/startseite\/grenzganger\/deutschland-luxemburg\/arbeitsrecht\/der-arbeitsvertrag\/das-arbeitsentgelt\/#breadcrumb","itemListElement":[{"@type":"ListItem","position":1,"name":"Startseite","item":"https:\/\/frontaliers-grandest.eu\/de\/"},{"@type":"ListItem","position":2,"name":"Grenzg\u00e4nger","item":"https:\/\/frontaliers-grandest.eu\/de\/startseite\/grenzganger\/"},{"@type":"ListItem","position":3,"name":"Deutschland - Luxemburg","item":"https:\/\/frontaliers-grandest.eu\/de\/startseite\/grenzganger\/deutschland-luxemburg\/"},{"@type":"ListItem","position":4,"name":"Arbeitsrecht in Luxemburg","item":"https:\/\/frontaliers-grandest.eu\/de\/startseite\/grenzganger\/deutschland-luxemburg\/arbeitsrecht\/"},{"@type":"ListItem","position":5,"name":"Der Arbeitsvertrag","item":"https:\/\/frontaliers-grandest.eu\/de\/startseite\/grenzganger\/deutschland-luxemburg\/arbeitsrecht\/der-arbeitsvertrag\/"},{"@type":"ListItem","position":6,"name":"Das Arbeitsentgelt"}]},{"@type":"WebSite","@id":"https:\/\/frontaliers-grandest.eu\/de\/#website","url":"https:\/\/frontaliers-grandest.eu\/de\/","name":"Frontaliers Grand Est","description":"Le site ressource du travail frontalier","publisher":{"@id":"https:\/\/frontaliers-grandest.eu\/de\/#organization"},"alternateName":"Frontaliers Grand Est","potentialAction":[{"@type":"SearchAction","target":{"@type":"EntryPoint","urlTemplate":"https:\/\/frontaliers-grandest.eu\/de\/?s={search_term_string}"},"query-input":{"@type":"PropertyValueSpecification","valueRequired":true,"valueName":"search_term_string"}}],"inLanguage":"de"},{"@type":"Organization","@id":"https:\/\/frontaliers-grandest.eu\/de\/#organization","name":"Frontaliers Grand Est","alternateName":"Frontaliers Grand Est","url":"https:\/\/frontaliers-grandest.eu\/de\/","logo":{"@type":"ImageObject","inLanguage":"de","@id":"https:\/\/frontaliers-grandest.eu\/de\/#\/schema\/logo\/image\/","url":"https:\/\/frontaliers-grandest.eu\/wp-content\/uploads\/2025\/07\/260328234_2966785176920310_3332838526503858160_n.jpg","contentUrl":"https:\/\/frontaliers-grandest.eu\/wp-content\/uploads\/2025\/07\/260328234_2966785176920310_3332838526503858160_n.jpg","width":396,"height":396,"caption":"Frontaliers Grand Est"},"image":{"@id":"https:\/\/frontaliers-grandest.eu\/de\/#\/schema\/logo\/image\/"},"sameAs":["https:\/\/www.facebook.com\/frontaliers.GR.EST\/?locale=fr_FR"]}]}},"frge_page_order":0,"_links":{"self":[{"href":"https:\/\/frontaliers-grandest.eu\/de\/wp-json\/wp\/v2\/pages\/8576","targetHints":{"allow":["GET"]}}],"collection":[{"href":"https:\/\/frontaliers-grandest.eu\/de\/wp-json\/wp\/v2\/pages"}],"about":[{"href":"https:\/\/frontaliers-grandest.eu\/de\/wp-json\/wp\/v2\/types\/page"}],"author":[{"embeddable":true,"href":"https:\/\/frontaliers-grandest.eu\/de\/wp-json\/wp\/v2\/users\/7"}],"replies":[{"embeddable":true,"href":"https:\/\/frontaliers-grandest.eu\/de\/wp-json\/wp\/v2\/comments?post=8576"}],"version-history":[{"count":2,"href":"https:\/\/frontaliers-grandest.eu\/de\/wp-json\/wp\/v2\/pages\/8576\/revisions"}],"predecessor-version":[{"id":34633,"href":"https:\/\/frontaliers-grandest.eu\/de\/wp-json\/wp\/v2\/pages\/8576\/revisions\/34633"}],"up":[{"embeddable":true,"href":"https:\/\/frontaliers-grandest.eu\/de\/wp-json\/wp\/v2\/pages\/8574"}],"wp:attachment":[{"href":"https:\/\/frontaliers-grandest.eu\/de\/wp-json\/wp\/v2\/media?parent=8576"}],"wp:term":[{"taxonomy":"post_tag","embeddable":true,"href":"https:\/\/frontaliers-grandest.eu\/de\/wp-json\/wp\/v2\/tags?post=8576"},{"taxonomy":"frge_profile","embeddable":true,"href":"https:\/\/frontaliers-grandest.eu\/de\/wp-json\/wp\/v2\/frge_profile?post=8576"}],"curies":[{"name":"wp","href":"https:\/\/api.w.org\/{rel}","templated":true}]}}