{"id":8527,"date":"2021-06-14T15:29:37","date_gmt":"2021-06-14T13:29:37","guid":{"rendered":"https:\/\/frontaliers-grandest.eu\/?page_id=8527"},"modified":"2026-01-30T16:31:44","modified_gmt":"2026-01-30T15:31:44","slug":"sie-haben-den-wunsch-im-buchhaltungssektor-in-frankreich-zu-arbeiten","status":"publish","type":"page","link":"https:\/\/frontaliers-grandest.eu\/de\/startseite\/grenzganger\/deutschland-frankreich\/ausbildung-anerkennung-von-beruflichen-qualifikationen\/annerkennung-von-beruflichen-qualifikationen-in-frankreich\/sie-haben-den-wunsch-im-buchhaltungssektor-in-frankreich-zu-arbeiten\/","title":{"rendered":"Sie haben den Wunsch, im Buchhaltungssektor in Frankreich zu arbeiten"},"content":{"rendered":"\n<h2 class=\"wp-block-heading\">Der Beruf des Buchhalters<\/h2>\n\n\n\n<p>In Frankreich ist der Beruf des Buchhalters nicht reglementiert. Eine Qualifikation in Bezug auf den Beruf wird jedoch gefordert (Abitur + 2 Studienjahre oder Bachelor). Eine Anerkennungsbescheinigung kann beim CIEP in Paris beantragt werden und f\u00fcr einen Bewerber aus der EU von Nutzen sein, der den Wunsch hat, einem Arbeitgeber seine Kenntnisse nachzuweisen.<\/p>\n\n\n\n<h2 class=\"wp-block-heading\">Der Beruf des Wirtschaftspr\u00fcfers<\/h2>\n\n\n\n<p>Der Beruf des Wirtschaftspr\u00fcfers geh\u00f6rt in Frankreich zu den reglementierten Berufen.<\/p>\n\n\n\n<p>Zugangsbedingungen zum Beruf f\u00fcr Bewerber aus der EU:<\/p>\n\n\n\n<ul class=\"wp-block-list\">\n<li>Inhaber eines Diploms, Zertifikats oder Bef\u00e4higungsnachweises (Mindestniveau Bac + 3) sein, der die Aus\u00fcbung des Berufs in einem der Mitgliedstaaten erm\u00f6glicht, die den Beruf reglementieren,<\/li>\n\n\n\n<li>den Beruf des Wirtschaftspr\u00fcfers mindestens zwei Jahre in den letzten zehn Jahren in einem Mitgliedstaat ausge\u00fcbt haben, der diesen Beruf nicht reglementiert,<\/li>\n\n\n\n<li>eine Eignungspr\u00fcfung in den Bereichen franz\u00f6sisches Recht und Vorschriften, Berufsethik und berufliche Praxis bestanden haben, es sei denn, die im Laufe der Berufserfahrung erworbenen Kenntnisse machen diese \u00dcberpr\u00fcfung \u00fcberfl\u00fcssig.<\/li>\n<\/ul>\n\n\n\n<p>Die Niederlassung ist erst nach der Eintragung bei der Wirtschaftspr\u00fcferkammer zul\u00e4ssig.<\/p>\n\n\n\n<h5 class=\"wp-block-heading\">Formalit\u00e4ten zu erledigen bei:<\/h5>\n\n\n\n<figure class=\"wp-block-pullquote\"><blockquote><p><strong>Conseil Sup\u00e9rieur de l\u2019Ordre des Experts-Comptables <\/strong><br><strong>(Oberster Rat der Wirtschaftspr\u00fcferkammer)<\/strong><br>Immeuble Le Jour, 200-216 rue Raymond Losserand<br>75680 Paris Cedex 14<br>T\u00e9l. : (33) 1 44 15 60 00<br><a href=\"https:\/\/www.experts-comptables.fr\/\" target=\"_blank\" rel=\"noreferrer noopener\">https:\/\/www.experts-comptables.fr<\/a><\/p><\/blockquote><\/figure>\n\n\n\n<p>Die Niederlassung ist erst nach der Eintragung bei der Wirtschaftspr\u00fcferkammer zul\u00e4ssig.<\/p>\n","protected":false},"excerpt":{"rendered":"<p>Der Beruf des Buchhalters In Frankreich ist der Beruf des Buchhalters nicht reglementiert. Eine Qualifikation in Bezug auf den Beruf wird jedoch gefordert (Abitur + 2 Studienjahre oder Bachelor). Eine Anerkennungsbescheinigung kann beim CIEP in Paris beantragt werden und f\u00fcr einen Bewerber aus der EU von Nutzen sein, der den Wunsch hat, einem Arbeitgeber seine [&hellip;]<\/p>\n","protected":false},"author":7,"featured_media":0,"parent":8488,"menu_order":4,"comment_status":"closed","ping_status":"closed","template":"","meta":{"inline_featured_image":false,"footnotes":""},"tags":[461,872,448,517],"frge_profile":[225],"class_list":["post-8527","page","type-page","status-publish","hentry","tag-arbeitnehmer","tag-buchhaltungssektor","tag-frankreich","tag-grengaenger","frge_profile-arbeitnehmer"],"yoast_head":"<!-- This site is optimized with the Yoast SEO plugin v27.1.1 - https:\/\/yoast.com\/product\/yoast-seo-wordpress\/ -->\n<title>Sie haben den Wunsch, im Buchhaltungssektor in Frankreich zu arbeiten - Frontaliers Grand Est<\/title>\n<meta name=\"description\" content=\"Entdecken Sie auf dieser Seite die Bedingungen und Schritte, um in Frankreich im Bereich der Buchhaltung arbeiten zu k\u00f6nnen.\" \/>\n<meta name=\"robots\" content=\"index, follow, max-snippet:-1, max-image-preview:large, max-video-preview:-1\" \/>\n<link rel=\"canonical\" href=\"https:\/\/frontaliers-grandest.eu\/de\/startseite\/grenzganger\/deutschland-frankreich\/ausbildung-anerkennung-von-beruflichen-qualifikationen\/annerkennung-von-beruflichen-qualifikationen-in-frankreich\/sie-haben-den-wunsch-im-buchhaltungssektor-in-frankreich-zu-arbeiten\/\" \/>\n<meta property=\"og:locale\" content=\"de_DE\" \/>\n<meta property=\"og:type\" content=\"article\" \/>\n<meta property=\"og:title\" content=\"Sie haben den Wunsch, im Buchhaltungssektor in Frankreich zu arbeiten - Frontaliers Grand Est\" \/>\n<meta property=\"og:description\" content=\"Entdecken Sie auf dieser Seite die Bedingungen und Schritte, um in Frankreich im Bereich der Buchhaltung arbeiten zu k\u00f6nnen.\" \/>\n<meta property=\"og:url\" content=\"https:\/\/frontaliers-grandest.eu\/de\/startseite\/grenzganger\/deutschland-frankreich\/ausbildung-anerkennung-von-beruflichen-qualifikationen\/annerkennung-von-beruflichen-qualifikationen-in-frankreich\/sie-haben-den-wunsch-im-buchhaltungssektor-in-frankreich-zu-arbeiten\/\" \/>\n<meta property=\"og:site_name\" content=\"Frontaliers Grand Est\" \/>\n<meta property=\"article:publisher\" content=\"https:\/\/www.facebook.com\/frontaliers.GR.EST\/?locale=fr_FR\" \/>\n<meta property=\"article:modified_time\" content=\"2026-01-30T15:31:44+00:00\" \/>\n<meta name=\"twitter:card\" content=\"summary_large_image\" \/>\n<meta name=\"twitter:label1\" content=\"Gesch\u00e4tzte Lesezeit\" \/>\n\t<meta name=\"twitter:data1\" content=\"1\u00a0Minute\" \/>\n<script type=\"application\/ld+json\" class=\"yoast-schema-graph\">{\"@context\":\"https:\/\/schema.org\",\"@graph\":[{\"@type\":\"WebPage\",\"@id\":\"https:\/\/frontaliers-grandest.eu\/de\/startseite\/grenzganger\/deutschland-frankreich\/ausbildung-anerkennung-von-beruflichen-qualifikationen\/annerkennung-von-beruflichen-qualifikationen-in-frankreich\/sie-haben-den-wunsch-im-buchhaltungssektor-in-frankreich-zu-arbeiten\/\",\"url\":\"https:\/\/frontaliers-grandest.eu\/de\/startseite\/grenzganger\/deutschland-frankreich\/ausbildung-anerkennung-von-beruflichen-qualifikationen\/annerkennung-von-beruflichen-qualifikationen-in-frankreich\/sie-haben-den-wunsch-im-buchhaltungssektor-in-frankreich-zu-arbeiten\/\",\"name\":\"Sie haben den Wunsch, im Buchhaltungssektor in Frankreich zu arbeiten - Frontaliers Grand Est\",\"isPartOf\":{\"@id\":\"https:\/\/frontaliers-grandest.eu\/de\/#website\"},\"datePublished\":\"2021-06-14T13:29:37+00:00\",\"dateModified\":\"2026-01-30T15:31:44+00:00\",\"description\":\"Entdecken Sie auf dieser Seite die Bedingungen und Schritte, um in Frankreich im Bereich der Buchhaltung arbeiten zu k\u00f6nnen.\",\"breadcrumb\":{\"@id\":\"https:\/\/frontaliers-grandest.eu\/de\/startseite\/grenzganger\/deutschland-frankreich\/ausbildung-anerkennung-von-beruflichen-qualifikationen\/annerkennung-von-beruflichen-qualifikationen-in-frankreich\/sie-haben-den-wunsch-im-buchhaltungssektor-in-frankreich-zu-arbeiten\/#breadcrumb\"},\"inLanguage\":\"de\",\"potentialAction\":[{\"@type\":\"ReadAction\",\"target\":[\"https:\/\/frontaliers-grandest.eu\/de\/startseite\/grenzganger\/deutschland-frankreich\/ausbildung-anerkennung-von-beruflichen-qualifikationen\/annerkennung-von-beruflichen-qualifikationen-in-frankreich\/sie-haben-den-wunsch-im-buchhaltungssektor-in-frankreich-zu-arbeiten\/\"]}]},{\"@type\":\"BreadcrumbList\",\"@id\":\"https:\/\/frontaliers-grandest.eu\/de\/startseite\/grenzganger\/deutschland-frankreich\/ausbildung-anerkennung-von-beruflichen-qualifikationen\/annerkennung-von-beruflichen-qualifikationen-in-frankreich\/sie-haben-den-wunsch-im-buchhaltungssektor-in-frankreich-zu-arbeiten\/#breadcrumb\",\"itemListElement\":[{\"@type\":\"ListItem\",\"position\":1,\"name\":\"Startseite\",\"item\":\"https:\/\/frontaliers-grandest.eu\/de\/\"},{\"@type\":\"ListItem\",\"position\":2,\"name\":\"Grenzg\u00e4nger\",\"item\":\"https:\/\/frontaliers-grandest.eu\/de\/startseite\/grenzganger\/\"},{\"@type\":\"ListItem\",\"position\":3,\"name\":\"Deutschland - Frankreich\",\"item\":\"https:\/\/frontaliers-grandest.eu\/de\/startseite\/grenzganger\/deutschland-frankreich\/\"},{\"@type\":\"ListItem\",\"position\":4,\"name\":\"Ausbildung \/ Anerkennung von beruflichen qualifikationen in Frankreich\",\"item\":\"https:\/\/frontaliers-grandest.eu\/de\/startseite\/grenzganger\/deutschland-frankreich\/ausbildung-anerkennung-von-beruflichen-qualifikationen\/\"},{\"@type\":\"ListItem\",\"position\":5,\"name\":\"Anerkennung von beruflichen qualifikationen in Frankreich\",\"item\":\"https:\/\/frontaliers-grandest.eu\/de\/startseite\/grenzganger\/deutschland-frankreich\/ausbildung-anerkennung-von-beruflichen-qualifikationen\/annerkennung-von-beruflichen-qualifikationen-in-frankreich\/\"},{\"@type\":\"ListItem\",\"position\":6,\"name\":\"Sie haben den Wunsch, im Buchhaltungssektor in Frankreich zu arbeiten\"}]},{\"@type\":\"WebSite\",\"@id\":\"https:\/\/frontaliers-grandest.eu\/de\/#website\",\"url\":\"https:\/\/frontaliers-grandest.eu\/de\/\",\"name\":\"Frontaliers Grand Est\",\"description\":\"Le site ressource du travail frontalier\",\"publisher\":{\"@id\":\"https:\/\/frontaliers-grandest.eu\/de\/#organization\"},\"alternateName\":\"Frontaliers Grand Est\",\"potentialAction\":[{\"@type\":\"SearchAction\",\"target\":{\"@type\":\"EntryPoint\",\"urlTemplate\":\"https:\/\/frontaliers-grandest.eu\/de\/?s={search_term_string}\"},\"query-input\":{\"@type\":\"PropertyValueSpecification\",\"valueRequired\":true,\"valueName\":\"search_term_string\"}}],\"inLanguage\":\"de\"},{\"@type\":\"Organization\",\"@id\":\"https:\/\/frontaliers-grandest.eu\/de\/#organization\",\"name\":\"Frontaliers Grand Est\",\"alternateName\":\"Frontaliers Grand Est\",\"url\":\"https:\/\/frontaliers-grandest.eu\/de\/\",\"logo\":{\"@type\":\"ImageObject\",\"inLanguage\":\"de\",\"@id\":\"https:\/\/frontaliers-grandest.eu\/de\/#\/schema\/logo\/image\/\",\"url\":\"https:\/\/frontaliers-grandest.eu\/wp-content\/uploads\/2025\/07\/260328234_2966785176920310_3332838526503858160_n.jpg\",\"contentUrl\":\"https:\/\/frontaliers-grandest.eu\/wp-content\/uploads\/2025\/07\/260328234_2966785176920310_3332838526503858160_n.jpg\",\"width\":396,\"height\":396,\"caption\":\"Frontaliers Grand Est\"},\"image\":{\"@id\":\"https:\/\/frontaliers-grandest.eu\/de\/#\/schema\/logo\/image\/\"},\"sameAs\":[\"https:\/\/www.facebook.com\/frontaliers.GR.EST\/?locale=fr_FR\"]}]}<\/script>\n<!-- \/ Yoast SEO plugin. -->","yoast_head_json":{"title":"Sie haben den Wunsch, im Buchhaltungssektor in Frankreich zu arbeiten - Frontaliers Grand Est","description":"Entdecken Sie auf dieser Seite die Bedingungen und Schritte, um in Frankreich im Bereich der Buchhaltung arbeiten zu k\u00f6nnen.","robots":{"index":"index","follow":"follow","max-snippet":"max-snippet:-1","max-image-preview":"max-image-preview:large","max-video-preview":"max-video-preview:-1"},"canonical":"https:\/\/frontaliers-grandest.eu\/de\/startseite\/grenzganger\/deutschland-frankreich\/ausbildung-anerkennung-von-beruflichen-qualifikationen\/annerkennung-von-beruflichen-qualifikationen-in-frankreich\/sie-haben-den-wunsch-im-buchhaltungssektor-in-frankreich-zu-arbeiten\/","og_locale":"de_DE","og_type":"article","og_title":"Sie haben den Wunsch, im Buchhaltungssektor in Frankreich zu arbeiten - Frontaliers Grand Est","og_description":"Entdecken Sie auf dieser Seite die Bedingungen und Schritte, um in Frankreich im Bereich der Buchhaltung arbeiten zu k\u00f6nnen.","og_url":"https:\/\/frontaliers-grandest.eu\/de\/startseite\/grenzganger\/deutschland-frankreich\/ausbildung-anerkennung-von-beruflichen-qualifikationen\/annerkennung-von-beruflichen-qualifikationen-in-frankreich\/sie-haben-den-wunsch-im-buchhaltungssektor-in-frankreich-zu-arbeiten\/","og_site_name":"Frontaliers Grand Est","article_publisher":"https:\/\/www.facebook.com\/frontaliers.GR.EST\/?locale=fr_FR","article_modified_time":"2026-01-30T15:31:44+00:00","twitter_card":"summary_large_image","twitter_misc":{"Gesch\u00e4tzte Lesezeit":"1\u00a0Minute"},"schema":{"@context":"https:\/\/schema.org","@graph":[{"@type":"WebPage","@id":"https:\/\/frontaliers-grandest.eu\/de\/startseite\/grenzganger\/deutschland-frankreich\/ausbildung-anerkennung-von-beruflichen-qualifikationen\/annerkennung-von-beruflichen-qualifikationen-in-frankreich\/sie-haben-den-wunsch-im-buchhaltungssektor-in-frankreich-zu-arbeiten\/","url":"https:\/\/frontaliers-grandest.eu\/de\/startseite\/grenzganger\/deutschland-frankreich\/ausbildung-anerkennung-von-beruflichen-qualifikationen\/annerkennung-von-beruflichen-qualifikationen-in-frankreich\/sie-haben-den-wunsch-im-buchhaltungssektor-in-frankreich-zu-arbeiten\/","name":"Sie haben den Wunsch, im Buchhaltungssektor in Frankreich zu arbeiten - Frontaliers Grand Est","isPartOf":{"@id":"https:\/\/frontaliers-grandest.eu\/de\/#website"},"datePublished":"2021-06-14T13:29:37+00:00","dateModified":"2026-01-30T15:31:44+00:00","description":"Entdecken Sie auf dieser Seite die Bedingungen und Schritte, um in Frankreich im Bereich der Buchhaltung arbeiten zu k\u00f6nnen.","breadcrumb":{"@id":"https:\/\/frontaliers-grandest.eu\/de\/startseite\/grenzganger\/deutschland-frankreich\/ausbildung-anerkennung-von-beruflichen-qualifikationen\/annerkennung-von-beruflichen-qualifikationen-in-frankreich\/sie-haben-den-wunsch-im-buchhaltungssektor-in-frankreich-zu-arbeiten\/#breadcrumb"},"inLanguage":"de","potentialAction":[{"@type":"ReadAction","target":["https:\/\/frontaliers-grandest.eu\/de\/startseite\/grenzganger\/deutschland-frankreich\/ausbildung-anerkennung-von-beruflichen-qualifikationen\/annerkennung-von-beruflichen-qualifikationen-in-frankreich\/sie-haben-den-wunsch-im-buchhaltungssektor-in-frankreich-zu-arbeiten\/"]}]},{"@type":"BreadcrumbList","@id":"https:\/\/frontaliers-grandest.eu\/de\/startseite\/grenzganger\/deutschland-frankreich\/ausbildung-anerkennung-von-beruflichen-qualifikationen\/annerkennung-von-beruflichen-qualifikationen-in-frankreich\/sie-haben-den-wunsch-im-buchhaltungssektor-in-frankreich-zu-arbeiten\/#breadcrumb","itemListElement":[{"@type":"ListItem","position":1,"name":"Startseite","item":"https:\/\/frontaliers-grandest.eu\/de\/"},{"@type":"ListItem","position":2,"name":"Grenzg\u00e4nger","item":"https:\/\/frontaliers-grandest.eu\/de\/startseite\/grenzganger\/"},{"@type":"ListItem","position":3,"name":"Deutschland - Frankreich","item":"https:\/\/frontaliers-grandest.eu\/de\/startseite\/grenzganger\/deutschland-frankreich\/"},{"@type":"ListItem","position":4,"name":"Ausbildung \/ Anerkennung von beruflichen qualifikationen in Frankreich","item":"https:\/\/frontaliers-grandest.eu\/de\/startseite\/grenzganger\/deutschland-frankreich\/ausbildung-anerkennung-von-beruflichen-qualifikationen\/"},{"@type":"ListItem","position":5,"name":"Anerkennung von beruflichen qualifikationen in Frankreich","item":"https:\/\/frontaliers-grandest.eu\/de\/startseite\/grenzganger\/deutschland-frankreich\/ausbildung-anerkennung-von-beruflichen-qualifikationen\/annerkennung-von-beruflichen-qualifikationen-in-frankreich\/"},{"@type":"ListItem","position":6,"name":"Sie haben den Wunsch, im Buchhaltungssektor in Frankreich zu arbeiten"}]},{"@type":"WebSite","@id":"https:\/\/frontaliers-grandest.eu\/de\/#website","url":"https:\/\/frontaliers-grandest.eu\/de\/","name":"Frontaliers Grand Est","description":"Le site ressource du travail frontalier","publisher":{"@id":"https:\/\/frontaliers-grandest.eu\/de\/#organization"},"alternateName":"Frontaliers Grand Est","potentialAction":[{"@type":"SearchAction","target":{"@type":"EntryPoint","urlTemplate":"https:\/\/frontaliers-grandest.eu\/de\/?s={search_term_string}"},"query-input":{"@type":"PropertyValueSpecification","valueRequired":true,"valueName":"search_term_string"}}],"inLanguage":"de"},{"@type":"Organization","@id":"https:\/\/frontaliers-grandest.eu\/de\/#organization","name":"Frontaliers Grand Est","alternateName":"Frontaliers Grand Est","url":"https:\/\/frontaliers-grandest.eu\/de\/","logo":{"@type":"ImageObject","inLanguage":"de","@id":"https:\/\/frontaliers-grandest.eu\/de\/#\/schema\/logo\/image\/","url":"https:\/\/frontaliers-grandest.eu\/wp-content\/uploads\/2025\/07\/260328234_2966785176920310_3332838526503858160_n.jpg","contentUrl":"https:\/\/frontaliers-grandest.eu\/wp-content\/uploads\/2025\/07\/260328234_2966785176920310_3332838526503858160_n.jpg","width":396,"height":396,"caption":"Frontaliers Grand Est"},"image":{"@id":"https:\/\/frontaliers-grandest.eu\/de\/#\/schema\/logo\/image\/"},"sameAs":["https:\/\/www.facebook.com\/frontaliers.GR.EST\/?locale=fr_FR"]}]}},"frge_page_order":"0","_links":{"self":[{"href":"https:\/\/frontaliers-grandest.eu\/de\/wp-json\/wp\/v2\/pages\/8527","targetHints":{"allow":["GET"]}}],"collection":[{"href":"https:\/\/frontaliers-grandest.eu\/de\/wp-json\/wp\/v2\/pages"}],"about":[{"href":"https:\/\/frontaliers-grandest.eu\/de\/wp-json\/wp\/v2\/types\/page"}],"author":[{"embeddable":true,"href":"https:\/\/frontaliers-grandest.eu\/de\/wp-json\/wp\/v2\/users\/7"}],"replies":[{"embeddable":true,"href":"https:\/\/frontaliers-grandest.eu\/de\/wp-json\/wp\/v2\/comments?post=8527"}],"version-history":[{"count":3,"href":"https:\/\/frontaliers-grandest.eu\/de\/wp-json\/wp\/v2\/pages\/8527\/revisions"}],"predecessor-version":[{"id":57122,"href":"https:\/\/frontaliers-grandest.eu\/de\/wp-json\/wp\/v2\/pages\/8527\/revisions\/57122"}],"up":[{"embeddable":true,"href":"https:\/\/frontaliers-grandest.eu\/de\/wp-json\/wp\/v2\/pages\/8488"}],"wp:attachment":[{"href":"https:\/\/frontaliers-grandest.eu\/de\/wp-json\/wp\/v2\/media?parent=8527"}],"wp:term":[{"taxonomy":"post_tag","embeddable":true,"href":"https:\/\/frontaliers-grandest.eu\/de\/wp-json\/wp\/v2\/tags?post=8527"},{"taxonomy":"frge_profile","embeddable":true,"href":"https:\/\/frontaliers-grandest.eu\/de\/wp-json\/wp\/v2\/frge_profile?post=8527"}],"curies":[{"name":"wp","href":"https:\/\/api.w.org\/{rel}","templated":true}]}}