{"id":8524,"date":"2021-06-14T15:24:44","date_gmt":"2021-06-14T13:24:44","guid":{"rendered":"https:\/\/frontaliers-grandest.eu\/?page_id=8524"},"modified":"2026-01-30T16:13:34","modified_gmt":"2026-01-30T15:13:34","slug":"sie-haben-den-wunsch-im-lebensmittelsektor-in-frankreich-zu-arbeiten","status":"publish","type":"page","link":"https:\/\/frontaliers-grandest.eu\/de\/startseite\/grenzganger\/deutschland-frankreich\/ausbildung-anerkennung-von-beruflichen-qualifikationen\/annerkennung-von-beruflichen-qualifikationen-in-frankreich\/sie-haben-den-wunsch-im-lebensmittelsektor-in-frankreich-zu-arbeiten\/","title":{"rendered":"Sie haben den Wunsch, im Lebensmittelsektor in Frankreich zu arbeiten"},"content":{"rendered":"\n<h2 class=\"wp-block-heading\">Die handwerklichen Berufe im Lebensmittelsektor: Wurstwaren, Fleischerei, B\u00e4ckerei.<\/h2>\n\n\n\n<p>Die Berufe des Fleischers, Wurstmachers, B\u00e4ckers oder Eiskremherstellers sind reglementierte Berufe.<\/p>\n\n\n\n<p>Die Bewerber aus der EU, die den Wunsch haben, selbst\u00e4ndig zu arbeiten, sind verpflichtet, dieselben Bedingungen einzuhalten, wie f\u00fcr die anderen handwerklichen Berufe, und sich mit der Handwerkskammer in Verbindung zu setzen.<br>Haben Sie den Wunsch, in einem Unternehmen als abh\u00e4ngige Besch\u00e4ftigte zu arbeiten, k\u00f6nnen Sie eine Bescheinigung beim ENIC-NARIC-Zentrum Frankreich beantragen.<\/p>\n\n\n\n<div class=\"wp-block-buttons is-layout-flex wp-block-buttons-is-layout-flex\">\n<div class=\"wp-block-button is-style-outline is-style-outline--1\"><a class=\"wp-block-button__link wp-element-button\" href=\"http:\/\/www.ciep.fr\/enic-naric-france\" target=\"_blank\" rel=\"noreferrer noopener\"><strong>Informationen : <\/strong>http:\/\/www.france-education-international<\/a><\/div>\n<\/div>\n\n\n\n<h2 class=\"wp-block-heading\">Der Beruf des Gastwirts<\/h2>\n\n\n\n<p>Der Beruf des Gastwirts ist in Frankreich nicht reglementiert. Es ist nicht erforderlich, einen entsprechenden Abschluss zu haben, um ein Restaurant zu er\u00f6ffnen (CAP (Berufsbef\u00e4higungsnachweis), BEP (Berufsschulabschluss), Bac pro (berufsbildendes Abitur) usw.).<br>Es ist jedoch erforderlich, im Besitz einer \u201eRestaurantlizenz\u201c zu sein, f\u00fcr die eine 14-st\u00fcndige Schulung zu absolvieren ist, die sich auf die Hygieneregeln im Gastst\u00e4ttengewerbe bezieht. Die Schulungen werden von den Handels- und Industriekammern oder von zugelassenen privaten Schulungseinrichtungen angeboten.<\/p>\n\n\n\n<p>Weitere Informationen finden Sie auf dieser Seite: <a href=\"https:\/\/entreprendre.service-public.gouv.fr\/vosdroits\/F32189\">Hygienevorschriften in der Gastronomie und im Lebensmitteleinzelhandel | Public Service Entreprendre <\/a>sowie diese: <a href=\"https:\/\/entreprendre.service-public.gouv.fr\/vosdroits\/F22387\">Vorschriften in einer Bar oder einem Restaurant (Alkohol, Lebensmittel, Hygiene, Sicherheit) | Public Service Entreprendre.<\/a><\/p>\n","protected":false},"excerpt":{"rendered":"<p>Die handwerklichen Berufe im Lebensmittelsektor: Wurstwaren, Fleischerei, B\u00e4ckerei. Die Berufe des Fleischers, Wurstmachers, B\u00e4ckers oder Eiskremherstellers sind reglementierte Berufe. Die Bewerber aus der EU, die den Wunsch haben, selbst\u00e4ndig zu arbeiten, sind verpflichtet, dieselben Bedingungen einzuhalten, wie f\u00fcr die anderen handwerklichen Berufe, und sich mit der Handwerkskammer in Verbindung zu setzen.Haben Sie den Wunsch, in [&hellip;]<\/p>\n","protected":false},"author":7,"featured_media":0,"parent":8488,"menu_order":3,"comment_status":"closed","ping_status":"closed","template":"","meta":{"inline_featured_image":false,"footnotes":""},"tags":[461,448,517,871],"frge_profile":[225],"class_list":["post-8524","page","type-page","status-publish","hentry","tag-arbeitnehmer","tag-frankreich","tag-grengaenger","tag-lebensmittelsektor","frge_profile-arbeitnehmer"],"yoast_head":"<!-- This site is optimized with the Yoast SEO plugin v27.1.1 - https:\/\/yoast.com\/product\/yoast-seo-wordpress\/ -->\n<title>Sie haben den Wunsch, im Lebensmittelsektor in Frankreich zu arbeiten - Frontaliers Grand Est<\/title>\n<meta name=\"description\" content=\"Auf dieser Seite finden Sie alle Informationen f\u00fcr Grenzg\u00e4nger, die in der Lebensmittelbranche in Frankreich arbeiten m\u00f6chten\" \/>\n<meta name=\"robots\" content=\"index, follow, max-snippet:-1, max-image-preview:large, max-video-preview:-1\" \/>\n<link rel=\"canonical\" href=\"https:\/\/frontaliers-grandest.eu\/de\/startseite\/grenzganger\/deutschland-frankreich\/ausbildung-anerkennung-von-beruflichen-qualifikationen\/annerkennung-von-beruflichen-qualifikationen-in-frankreich\/sie-haben-den-wunsch-im-lebensmittelsektor-in-frankreich-zu-arbeiten\/\" \/>\n<meta property=\"og:locale\" content=\"de_DE\" \/>\n<meta property=\"og:type\" content=\"article\" \/>\n<meta property=\"og:title\" content=\"Sie haben den Wunsch, im Lebensmittelsektor in Frankreich zu arbeiten - Frontaliers Grand Est\" \/>\n<meta property=\"og:description\" content=\"Auf dieser Seite finden Sie alle Informationen f\u00fcr Grenzg\u00e4nger, die in der Lebensmittelbranche in Frankreich arbeiten m\u00f6chten\" \/>\n<meta property=\"og:url\" content=\"https:\/\/frontaliers-grandest.eu\/de\/startseite\/grenzganger\/deutschland-frankreich\/ausbildung-anerkennung-von-beruflichen-qualifikationen\/annerkennung-von-beruflichen-qualifikationen-in-frankreich\/sie-haben-den-wunsch-im-lebensmittelsektor-in-frankreich-zu-arbeiten\/\" \/>\n<meta property=\"og:site_name\" content=\"Frontaliers Grand Est\" \/>\n<meta property=\"article:publisher\" content=\"https:\/\/www.facebook.com\/frontaliers.GR.EST\/?locale=fr_FR\" \/>\n<meta property=\"article:modified_time\" content=\"2026-01-30T15:13:34+00:00\" \/>\n<meta name=\"twitter:card\" content=\"summary_large_image\" \/>\n<meta name=\"twitter:label1\" content=\"Gesch\u00e4tzte Lesezeit\" \/>\n\t<meta name=\"twitter:data1\" content=\"1\u00a0Minute\" \/>\n<script type=\"application\/ld+json\" class=\"yoast-schema-graph\">{\"@context\":\"https:\/\/schema.org\",\"@graph\":[{\"@type\":\"WebPage\",\"@id\":\"https:\/\/frontaliers-grandest.eu\/de\/startseite\/grenzganger\/deutschland-frankreich\/ausbildung-anerkennung-von-beruflichen-qualifikationen\/annerkennung-von-beruflichen-qualifikationen-in-frankreich\/sie-haben-den-wunsch-im-lebensmittelsektor-in-frankreich-zu-arbeiten\/\",\"url\":\"https:\/\/frontaliers-grandest.eu\/de\/startseite\/grenzganger\/deutschland-frankreich\/ausbildung-anerkennung-von-beruflichen-qualifikationen\/annerkennung-von-beruflichen-qualifikationen-in-frankreich\/sie-haben-den-wunsch-im-lebensmittelsektor-in-frankreich-zu-arbeiten\/\",\"name\":\"Sie haben den Wunsch, im Lebensmittelsektor in Frankreich zu arbeiten - Frontaliers Grand Est\",\"isPartOf\":{\"@id\":\"https:\/\/frontaliers-grandest.eu\/de\/#website\"},\"datePublished\":\"2021-06-14T13:24:44+00:00\",\"dateModified\":\"2026-01-30T15:13:34+00:00\",\"description\":\"Auf dieser Seite finden Sie alle Informationen f\u00fcr Grenzg\u00e4nger, die in der Lebensmittelbranche in Frankreich arbeiten m\u00f6chten\",\"breadcrumb\":{\"@id\":\"https:\/\/frontaliers-grandest.eu\/de\/startseite\/grenzganger\/deutschland-frankreich\/ausbildung-anerkennung-von-beruflichen-qualifikationen\/annerkennung-von-beruflichen-qualifikationen-in-frankreich\/sie-haben-den-wunsch-im-lebensmittelsektor-in-frankreich-zu-arbeiten\/#breadcrumb\"},\"inLanguage\":\"de\",\"potentialAction\":[{\"@type\":\"ReadAction\",\"target\":[\"https:\/\/frontaliers-grandest.eu\/de\/startseite\/grenzganger\/deutschland-frankreich\/ausbildung-anerkennung-von-beruflichen-qualifikationen\/annerkennung-von-beruflichen-qualifikationen-in-frankreich\/sie-haben-den-wunsch-im-lebensmittelsektor-in-frankreich-zu-arbeiten\/\"]}]},{\"@type\":\"BreadcrumbList\",\"@id\":\"https:\/\/frontaliers-grandest.eu\/de\/startseite\/grenzganger\/deutschland-frankreich\/ausbildung-anerkennung-von-beruflichen-qualifikationen\/annerkennung-von-beruflichen-qualifikationen-in-frankreich\/sie-haben-den-wunsch-im-lebensmittelsektor-in-frankreich-zu-arbeiten\/#breadcrumb\",\"itemListElement\":[{\"@type\":\"ListItem\",\"position\":1,\"name\":\"Startseite\",\"item\":\"https:\/\/frontaliers-grandest.eu\/de\/\"},{\"@type\":\"ListItem\",\"position\":2,\"name\":\"Grenzg\u00e4nger\",\"item\":\"https:\/\/frontaliers-grandest.eu\/de\/startseite\/grenzganger\/\"},{\"@type\":\"ListItem\",\"position\":3,\"name\":\"Deutschland - Frankreich\",\"item\":\"https:\/\/frontaliers-grandest.eu\/de\/startseite\/grenzganger\/deutschland-frankreich\/\"},{\"@type\":\"ListItem\",\"position\":4,\"name\":\"Ausbildung \/ Anerkennung von beruflichen qualifikationen in Frankreich\",\"item\":\"https:\/\/frontaliers-grandest.eu\/de\/startseite\/grenzganger\/deutschland-frankreich\/ausbildung-anerkennung-von-beruflichen-qualifikationen\/\"},{\"@type\":\"ListItem\",\"position\":5,\"name\":\"Anerkennung von beruflichen qualifikationen in Frankreich\",\"item\":\"https:\/\/frontaliers-grandest.eu\/de\/startseite\/grenzganger\/deutschland-frankreich\/ausbildung-anerkennung-von-beruflichen-qualifikationen\/annerkennung-von-beruflichen-qualifikationen-in-frankreich\/\"},{\"@type\":\"ListItem\",\"position\":6,\"name\":\"Sie haben den Wunsch, im Lebensmittelsektor in Frankreich zu arbeiten\"}]},{\"@type\":\"WebSite\",\"@id\":\"https:\/\/frontaliers-grandest.eu\/de\/#website\",\"url\":\"https:\/\/frontaliers-grandest.eu\/de\/\",\"name\":\"Frontaliers Grand Est\",\"description\":\"Le site ressource du travail frontalier\",\"publisher\":{\"@id\":\"https:\/\/frontaliers-grandest.eu\/de\/#organization\"},\"alternateName\":\"Frontaliers Grand Est\",\"potentialAction\":[{\"@type\":\"SearchAction\",\"target\":{\"@type\":\"EntryPoint\",\"urlTemplate\":\"https:\/\/frontaliers-grandest.eu\/de\/?s={search_term_string}\"},\"query-input\":{\"@type\":\"PropertyValueSpecification\",\"valueRequired\":true,\"valueName\":\"search_term_string\"}}],\"inLanguage\":\"de\"},{\"@type\":\"Organization\",\"@id\":\"https:\/\/frontaliers-grandest.eu\/de\/#organization\",\"name\":\"Frontaliers Grand Est\",\"alternateName\":\"Frontaliers Grand Est\",\"url\":\"https:\/\/frontaliers-grandest.eu\/de\/\",\"logo\":{\"@type\":\"ImageObject\",\"inLanguage\":\"de\",\"@id\":\"https:\/\/frontaliers-grandest.eu\/de\/#\/schema\/logo\/image\/\",\"url\":\"https:\/\/frontaliers-grandest.eu\/wp-content\/uploads\/2025\/07\/260328234_2966785176920310_3332838526503858160_n.jpg\",\"contentUrl\":\"https:\/\/frontaliers-grandest.eu\/wp-content\/uploads\/2025\/07\/260328234_2966785176920310_3332838526503858160_n.jpg\",\"width\":396,\"height\":396,\"caption\":\"Frontaliers Grand Est\"},\"image\":{\"@id\":\"https:\/\/frontaliers-grandest.eu\/de\/#\/schema\/logo\/image\/\"},\"sameAs\":[\"https:\/\/www.facebook.com\/frontaliers.GR.EST\/?locale=fr_FR\"]}]}<\/script>\n<!-- \/ Yoast SEO plugin. -->","yoast_head_json":{"title":"Sie haben den Wunsch, im Lebensmittelsektor in Frankreich zu arbeiten - Frontaliers Grand Est","description":"Auf dieser Seite finden Sie alle Informationen f\u00fcr Grenzg\u00e4nger, die in der Lebensmittelbranche in Frankreich arbeiten m\u00f6chten","robots":{"index":"index","follow":"follow","max-snippet":"max-snippet:-1","max-image-preview":"max-image-preview:large","max-video-preview":"max-video-preview:-1"},"canonical":"https:\/\/frontaliers-grandest.eu\/de\/startseite\/grenzganger\/deutschland-frankreich\/ausbildung-anerkennung-von-beruflichen-qualifikationen\/annerkennung-von-beruflichen-qualifikationen-in-frankreich\/sie-haben-den-wunsch-im-lebensmittelsektor-in-frankreich-zu-arbeiten\/","og_locale":"de_DE","og_type":"article","og_title":"Sie haben den Wunsch, im Lebensmittelsektor in Frankreich zu arbeiten - Frontaliers Grand Est","og_description":"Auf dieser Seite finden Sie alle Informationen f\u00fcr Grenzg\u00e4nger, die in der Lebensmittelbranche in Frankreich arbeiten m\u00f6chten","og_url":"https:\/\/frontaliers-grandest.eu\/de\/startseite\/grenzganger\/deutschland-frankreich\/ausbildung-anerkennung-von-beruflichen-qualifikationen\/annerkennung-von-beruflichen-qualifikationen-in-frankreich\/sie-haben-den-wunsch-im-lebensmittelsektor-in-frankreich-zu-arbeiten\/","og_site_name":"Frontaliers Grand Est","article_publisher":"https:\/\/www.facebook.com\/frontaliers.GR.EST\/?locale=fr_FR","article_modified_time":"2026-01-30T15:13:34+00:00","twitter_card":"summary_large_image","twitter_misc":{"Gesch\u00e4tzte Lesezeit":"1\u00a0Minute"},"schema":{"@context":"https:\/\/schema.org","@graph":[{"@type":"WebPage","@id":"https:\/\/frontaliers-grandest.eu\/de\/startseite\/grenzganger\/deutschland-frankreich\/ausbildung-anerkennung-von-beruflichen-qualifikationen\/annerkennung-von-beruflichen-qualifikationen-in-frankreich\/sie-haben-den-wunsch-im-lebensmittelsektor-in-frankreich-zu-arbeiten\/","url":"https:\/\/frontaliers-grandest.eu\/de\/startseite\/grenzganger\/deutschland-frankreich\/ausbildung-anerkennung-von-beruflichen-qualifikationen\/annerkennung-von-beruflichen-qualifikationen-in-frankreich\/sie-haben-den-wunsch-im-lebensmittelsektor-in-frankreich-zu-arbeiten\/","name":"Sie haben den Wunsch, im Lebensmittelsektor in Frankreich zu arbeiten - Frontaliers Grand Est","isPartOf":{"@id":"https:\/\/frontaliers-grandest.eu\/de\/#website"},"datePublished":"2021-06-14T13:24:44+00:00","dateModified":"2026-01-30T15:13:34+00:00","description":"Auf dieser Seite finden Sie alle Informationen f\u00fcr Grenzg\u00e4nger, die in der Lebensmittelbranche in Frankreich arbeiten m\u00f6chten","breadcrumb":{"@id":"https:\/\/frontaliers-grandest.eu\/de\/startseite\/grenzganger\/deutschland-frankreich\/ausbildung-anerkennung-von-beruflichen-qualifikationen\/annerkennung-von-beruflichen-qualifikationen-in-frankreich\/sie-haben-den-wunsch-im-lebensmittelsektor-in-frankreich-zu-arbeiten\/#breadcrumb"},"inLanguage":"de","potentialAction":[{"@type":"ReadAction","target":["https:\/\/frontaliers-grandest.eu\/de\/startseite\/grenzganger\/deutschland-frankreich\/ausbildung-anerkennung-von-beruflichen-qualifikationen\/annerkennung-von-beruflichen-qualifikationen-in-frankreich\/sie-haben-den-wunsch-im-lebensmittelsektor-in-frankreich-zu-arbeiten\/"]}]},{"@type":"BreadcrumbList","@id":"https:\/\/frontaliers-grandest.eu\/de\/startseite\/grenzganger\/deutschland-frankreich\/ausbildung-anerkennung-von-beruflichen-qualifikationen\/annerkennung-von-beruflichen-qualifikationen-in-frankreich\/sie-haben-den-wunsch-im-lebensmittelsektor-in-frankreich-zu-arbeiten\/#breadcrumb","itemListElement":[{"@type":"ListItem","position":1,"name":"Startseite","item":"https:\/\/frontaliers-grandest.eu\/de\/"},{"@type":"ListItem","position":2,"name":"Grenzg\u00e4nger","item":"https:\/\/frontaliers-grandest.eu\/de\/startseite\/grenzganger\/"},{"@type":"ListItem","position":3,"name":"Deutschland - Frankreich","item":"https:\/\/frontaliers-grandest.eu\/de\/startseite\/grenzganger\/deutschland-frankreich\/"},{"@type":"ListItem","position":4,"name":"Ausbildung \/ Anerkennung von beruflichen qualifikationen in Frankreich","item":"https:\/\/frontaliers-grandest.eu\/de\/startseite\/grenzganger\/deutschland-frankreich\/ausbildung-anerkennung-von-beruflichen-qualifikationen\/"},{"@type":"ListItem","position":5,"name":"Anerkennung von beruflichen qualifikationen in Frankreich","item":"https:\/\/frontaliers-grandest.eu\/de\/startseite\/grenzganger\/deutschland-frankreich\/ausbildung-anerkennung-von-beruflichen-qualifikationen\/annerkennung-von-beruflichen-qualifikationen-in-frankreich\/"},{"@type":"ListItem","position":6,"name":"Sie haben den Wunsch, im Lebensmittelsektor in Frankreich zu arbeiten"}]},{"@type":"WebSite","@id":"https:\/\/frontaliers-grandest.eu\/de\/#website","url":"https:\/\/frontaliers-grandest.eu\/de\/","name":"Frontaliers Grand Est","description":"Le site ressource du travail frontalier","publisher":{"@id":"https:\/\/frontaliers-grandest.eu\/de\/#organization"},"alternateName":"Frontaliers Grand Est","potentialAction":[{"@type":"SearchAction","target":{"@type":"EntryPoint","urlTemplate":"https:\/\/frontaliers-grandest.eu\/de\/?s={search_term_string}"},"query-input":{"@type":"PropertyValueSpecification","valueRequired":true,"valueName":"search_term_string"}}],"inLanguage":"de"},{"@type":"Organization","@id":"https:\/\/frontaliers-grandest.eu\/de\/#organization","name":"Frontaliers Grand Est","alternateName":"Frontaliers Grand Est","url":"https:\/\/frontaliers-grandest.eu\/de\/","logo":{"@type":"ImageObject","inLanguage":"de","@id":"https:\/\/frontaliers-grandest.eu\/de\/#\/schema\/logo\/image\/","url":"https:\/\/frontaliers-grandest.eu\/wp-content\/uploads\/2025\/07\/260328234_2966785176920310_3332838526503858160_n.jpg","contentUrl":"https:\/\/frontaliers-grandest.eu\/wp-content\/uploads\/2025\/07\/260328234_2966785176920310_3332838526503858160_n.jpg","width":396,"height":396,"caption":"Frontaliers Grand Est"},"image":{"@id":"https:\/\/frontaliers-grandest.eu\/de\/#\/schema\/logo\/image\/"},"sameAs":["https:\/\/www.facebook.com\/frontaliers.GR.EST\/?locale=fr_FR"]}]}},"frge_page_order":"0","_links":{"self":[{"href":"https:\/\/frontaliers-grandest.eu\/de\/wp-json\/wp\/v2\/pages\/8524","targetHints":{"allow":["GET"]}}],"collection":[{"href":"https:\/\/frontaliers-grandest.eu\/de\/wp-json\/wp\/v2\/pages"}],"about":[{"href":"https:\/\/frontaliers-grandest.eu\/de\/wp-json\/wp\/v2\/types\/page"}],"author":[{"embeddable":true,"href":"https:\/\/frontaliers-grandest.eu\/de\/wp-json\/wp\/v2\/users\/7"}],"replies":[{"embeddable":true,"href":"https:\/\/frontaliers-grandest.eu\/de\/wp-json\/wp\/v2\/comments?post=8524"}],"version-history":[{"count":8,"href":"https:\/\/frontaliers-grandest.eu\/de\/wp-json\/wp\/v2\/pages\/8524\/revisions"}],"predecessor-version":[{"id":57120,"href":"https:\/\/frontaliers-grandest.eu\/de\/wp-json\/wp\/v2\/pages\/8524\/revisions\/57120"}],"up":[{"embeddable":true,"href":"https:\/\/frontaliers-grandest.eu\/de\/wp-json\/wp\/v2\/pages\/8488"}],"wp:attachment":[{"href":"https:\/\/frontaliers-grandest.eu\/de\/wp-json\/wp\/v2\/media?parent=8524"}],"wp:term":[{"taxonomy":"post_tag","embeddable":true,"href":"https:\/\/frontaliers-grandest.eu\/de\/wp-json\/wp\/v2\/tags?post=8524"},{"taxonomy":"frge_profile","embeddable":true,"href":"https:\/\/frontaliers-grandest.eu\/de\/wp-json\/wp\/v2\/frge_profile?post=8524"}],"curies":[{"name":"wp","href":"https:\/\/api.w.org\/{rel}","templated":true}]}}