{"id":8521,"date":"2021-06-14T15:21:10","date_gmt":"2021-06-14T13:21:10","guid":{"rendered":"https:\/\/frontaliers-grandest.eu\/?page_id=8521"},"modified":"2026-01-30T16:03:44","modified_gmt":"2026-01-30T15:03:44","slug":"sie-mochten-sich-in-frankreich-als-handwerker-niederlassen","status":"publish","type":"page","link":"https:\/\/frontaliers-grandest.eu\/de\/startseite\/grenzganger\/deutschland-frankreich\/ausbildung-anerkennung-von-beruflichen-qualifikationen\/annerkennung-von-beruflichen-qualifikationen-in-frankreich\/sie-mochten-sich-in-frankreich-als-handwerker-niederlassen\/","title":{"rendered":"Sie m\u00f6chten sich in Frankreich als Handwerker niederlassen"},"content":{"rendered":"\n<p>Eine bestimmte Anzahl von handwerksberufen sind reglementierte Berufe: Berufe im Bauwesen (Berufe des Rohbaus, des Ausbaus und der Fertigstellung: Maurer, Fliesenverleger, Heizungsbauer, Dachdecker, Zimmermann, Gipser \u2013Plattenbauer, Maler, Glaser), Karosseriebauer, Elektriker, Mechaniker. Die Liste ist der Site des CIEP zu entnehmen. Diese T\u00e4tigkeiten k\u00f6nnen die Sicherheit und die Gesundheit des Verbrauchers beeintr\u00e4chtigen, wenn sie nicht ordnungsgem\u00e4\u00df ausge\u00fcbt werden.<\/p>\n\n\n\n<p>Die Aus\u00fcbung dieser Berufe ist einer Genehmigung und der Erlangung spezifischer Abschl\u00fcsse untergeordnet. Wenn Sie den Wunsch haben, sich als selbstst\u00e4ndiger Handwerker niederzulassen, m\u00fcssen Sie ausdr\u00fccklich im Besitz einer&nbsp;<strong>Qualifikation im betreffenden Bereich&nbsp;<\/strong>sein.Haben Sie den Wunsch, in einem Unternehmen als&nbsp;<strong>abh\u00e4ngiger Arbeitnehmer<\/strong>&nbsp;zu arbeiten, wird Ihr Arbeitgeber Ihre Qualifikationen bewerten. Sie k\u00f6nnen&nbsp;<strong>Bescheinigung beim CIEP (ENIC-NARIC-Zentrum Frankreich&nbsp;<\/strong>erfragen, um Ihrem Arbeitgeber Ihre Qualifikationen zu belegen.<\/p>\n\n\n\n<h4 class=\"wp-block-heading\"><strong>Die Anerkennung der Qualifikationen<\/strong><\/h4>\n\n\n\n<div class=\"wp-block-frontaliers-grandest-plugin-frge-accordion-block\"><div class=\"accordion-top\"><h4 class=\"accordion-title\">Bedingungen<\/h4><svg viewBox=\"0 0 24 24\" stroke-width=\"1.5\" fill=\"none\" xmlns=\"http:\/\/www.w3.org\/2000\/svg\" class=\"accordion-top__icon\"><path d=\"M3 12L21 12M21 12L12.5 3.5M21 12L12.5 20.5\" stroke-width=\"1.5\" stroke-linecap=\"round\" stroke-linejoin=\"round\"><\/path><\/svg><\/div><div class=\"accordion-content\">\n<p>In Frankreich m\u00fcssen Personen, die eine reglementierte handwerkliche T\u00e4tigkeit aus\u00fcben, im Besitz eines Bef\u00e4higungszeugnisses oder eines Bef\u00e4higungsnachweises sein.<\/p>\n\n\n\n<ul class=\"wp-block-list\">\n<li>Bewerber aus der EU m\u00fcssen \u00fcber ein gleichwertiges oder h\u00f6heres Diplom oder einen gleichwertigen Bef\u00e4higungsnachweis f\u00fcr die Aus\u00fcbung der betreffenden T\u00e4tigkeit in einem EU- oder EWR-Staat verf\u00fcgen, wenn dieser den Zugang zu oder die Aus\u00fcbung dieser T\u00e4tigkeit in seinem Hoheitsgebiet regelt.<\/li>\n\n\n\n<li>In Ermangelung von anerkannten Abschl\u00fcssen oder Bef\u00e4higungsnachweisen m\u00fcssen die Bewerber eine dreij\u00e4hrige tats\u00e4chliche Berufserfahrung nachweisen, die sie als Selbst\u00e4ndiger oder Arbeitnehmer bei der Aus\u00fcbung eines dieser Berufe erworben haben.<\/li>\n<\/ul>\n<\/div><\/div>\n\n\n\n<div class=\"wp-block-frontaliers-grandest-plugin-frge-accordion-block\"><div class=\"accordion-top\"><h4 class=\"accordion-title\">Formalit\u00e4ten<\/h4><svg viewBox=\"0 0 24 24\" stroke-width=\"1.5\" fill=\"none\" xmlns=\"http:\/\/www.w3.org\/2000\/svg\" class=\"accordion-top__icon\"><path d=\"M3 12L21 12M21 12L12.5 3.5M21 12L12.5 20.5\" stroke-width=\"1.5\" stroke-linecap=\"round\" stroke-linejoin=\"round\"><\/path><\/svg><\/div><div class=\"accordion-content\">\n<p><strong>Die Formalit\u00e4ten f\u00fcr die Anerkennung der Qualifikation&nbsp;<\/strong>und die Eintragung werden bei der Handwerkskammer am Ort, an dem Sie die T\u00e4tigkeit aus\u00fcben m\u00f6chten, erledigt.<\/p>\n\n\n\n<p>Liste der Handwerkskammern auf dem Portal der Handwerkskammer:<br><a href=\"https:\/\/www.artisanat.fr\/\" target=\"_blank\" rel=\"noreferrer noopener\">https:\/\/www.artisanat.fr\/<\/a><\/p>\n\n\n\n<p>Die Handwerkskammer kann die \u00dcbermittlung zus\u00e4tzlicher Informationen \u00fcber die Ausbildung oder die Berufserfahrung beim Centre International d\u2019Etudes P\u00e9dagogiques <strong>(CIEP &#8211;&nbsp;Internationales Zentrum f\u00fcr p\u00e4dagogische Studien<\/strong>) erfragen. In diesem Fall ist der Antragsteller verpflichtet,&nbsp;<strong>zus\u00e4tzliche Geb\u00fchren zu begleichen.<\/strong><\/p>\n\n\n\n<p>Werden sp\u00fcrbare Unterschiede nachgewiesen, kann die befasste Handwerkskammer den Bewerber auffordern, eine Ausgleichsma\u00dfnahme zu absolvieren. Dem Antragsteller steht es in diesem Fall frei, zwischen einem&nbsp;<strong>Anpassungslehrgang mit einer Dauer von maximal drei Jahren oder einer Bef\u00e4higungspr\u00fcfung&nbsp;<\/strong>auszuw\u00e4hlen.<\/p>\n\n\n\n<p>Die Handwerkskammern zeichnen verantwortlich f\u00fcr die Eintragung in das R\u00e9pertoire des M\u00e9tiers (Berufsverzeichnis). Das Centre de Formalit\u00e9 des Entreprises (CFE- Zentrum f\u00fcr Formalit\u00e4ten der Unternehmen) erm\u00f6glicht es, \u00fcber einen Link alle Formalit\u00e4ten f\u00fcr die Gr\u00fcndung Ihres Unternehmens zu erledigen (<a href=\"https:\/\/www.artisanat.fr\/\" target=\"_blank\" rel=\"noreferrer noopener\">https:\/\/www.artisanat.fr<\/a>).<\/p>\n<\/div><\/div>\n","protected":false},"excerpt":{"rendered":"<p>Eine bestimmte Anzahl von handwerksberufen sind reglementierte Berufe: Berufe im Bauwesen (Berufe des Rohbaus, des Ausbaus und der Fertigstellung: Maurer, Fliesenverleger, Heizungsbauer, Dachdecker, Zimmermann, Gipser \u2013Plattenbauer, Maler, Glaser), Karosseriebauer, Elektriker, Mechaniker. Die Liste ist der Site des CIEP zu entnehmen. Diese T\u00e4tigkeiten k\u00f6nnen die Sicherheit und die Gesundheit des Verbrauchers beeintr\u00e4chtigen, wenn sie nicht ordnungsgem\u00e4\u00df [&hellip;]<\/p>\n","protected":false},"author":7,"featured_media":0,"parent":8488,"menu_order":2,"comment_status":"closed","ping_status":"closed","template":"","meta":{"inline_featured_image":false,"footnotes":""},"tags":[461,448,517],"frge_profile":[],"class_list":["post-8521","page","type-page","status-publish","hentry","tag-arbeitnehmer","tag-frankreich","tag-grengaenger"],"yoast_head":"<!-- This site is optimized with the Yoast SEO plugin v27.1.1 - https:\/\/yoast.com\/product\/yoast-seo-wordpress\/ -->\n<title>Sie m\u00f6chten sich in Frankreich als Handwerker niederlassen - Frontaliers Grand Est<\/title>\n<meta name=\"robots\" content=\"index, follow, max-snippet:-1, max-image-preview:large, max-video-preview:-1\" \/>\n<link rel=\"canonical\" href=\"https:\/\/frontaliers-grandest.eu\/de\/startseite\/grenzganger\/deutschland-frankreich\/ausbildung-anerkennung-von-beruflichen-qualifikationen\/annerkennung-von-beruflichen-qualifikationen-in-frankreich\/sie-mochten-sich-in-frankreich-als-handwerker-niederlassen\/\" \/>\n<meta property=\"og:locale\" content=\"de_DE\" \/>\n<meta property=\"og:type\" content=\"article\" \/>\n<meta property=\"og:title\" content=\"Sie m\u00f6chten sich in Frankreich als Handwerker niederlassen - Frontaliers Grand Est\" \/>\n<meta property=\"og:description\" content=\"Eine bestimmte Anzahl von handwerksberufen sind reglementierte Berufe: Berufe im Bauwesen (Berufe des Rohbaus, des Ausbaus und der Fertigstellung: Maurer, Fliesenverleger, Heizungsbauer, Dachdecker, Zimmermann, Gipser \u2013Plattenbauer, Maler, Glaser), Karosseriebauer, Elektriker, Mechaniker. Die Liste ist der Site des CIEP zu entnehmen. Diese T\u00e4tigkeiten k\u00f6nnen die Sicherheit und die Gesundheit des Verbrauchers beeintr\u00e4chtigen, wenn sie nicht ordnungsgem\u00e4\u00df [&hellip;]\" \/>\n<meta property=\"og:url\" content=\"https:\/\/frontaliers-grandest.eu\/de\/startseite\/grenzganger\/deutschland-frankreich\/ausbildung-anerkennung-von-beruflichen-qualifikationen\/annerkennung-von-beruflichen-qualifikationen-in-frankreich\/sie-mochten-sich-in-frankreich-als-handwerker-niederlassen\/\" \/>\n<meta property=\"og:site_name\" content=\"Frontaliers Grand Est\" \/>\n<meta property=\"article:publisher\" content=\"https:\/\/www.facebook.com\/frontaliers.GR.EST\/?locale=fr_FR\" \/>\n<meta property=\"article:modified_time\" content=\"2026-01-30T15:03:44+00:00\" \/>\n<meta name=\"twitter:card\" content=\"summary_large_image\" \/>\n<meta name=\"twitter:label1\" content=\"Gesch\u00e4tzte Lesezeit\" \/>\n\t<meta name=\"twitter:data1\" content=\"2\u00a0Minuten\" \/>\n<script type=\"application\/ld+json\" class=\"yoast-schema-graph\">{\"@context\":\"https:\/\/schema.org\",\"@graph\":[{\"@type\":\"WebPage\",\"@id\":\"https:\/\/frontaliers-grandest.eu\/de\/startseite\/grenzganger\/deutschland-frankreich\/ausbildung-anerkennung-von-beruflichen-qualifikationen\/annerkennung-von-beruflichen-qualifikationen-in-frankreich\/sie-mochten-sich-in-frankreich-als-handwerker-niederlassen\/\",\"url\":\"https:\/\/frontaliers-grandest.eu\/de\/startseite\/grenzganger\/deutschland-frankreich\/ausbildung-anerkennung-von-beruflichen-qualifikationen\/annerkennung-von-beruflichen-qualifikationen-in-frankreich\/sie-mochten-sich-in-frankreich-als-handwerker-niederlassen\/\",\"name\":\"Sie m\u00f6chten sich in Frankreich als Handwerker niederlassen - Frontaliers Grand Est\",\"isPartOf\":{\"@id\":\"https:\/\/frontaliers-grandest.eu\/de\/#website\"},\"datePublished\":\"2021-06-14T13:21:10+00:00\",\"dateModified\":\"2026-01-30T15:03:44+00:00\",\"breadcrumb\":{\"@id\":\"https:\/\/frontaliers-grandest.eu\/de\/startseite\/grenzganger\/deutschland-frankreich\/ausbildung-anerkennung-von-beruflichen-qualifikationen\/annerkennung-von-beruflichen-qualifikationen-in-frankreich\/sie-mochten-sich-in-frankreich-als-handwerker-niederlassen\/#breadcrumb\"},\"inLanguage\":\"de\",\"potentialAction\":[{\"@type\":\"ReadAction\",\"target\":[\"https:\/\/frontaliers-grandest.eu\/de\/startseite\/grenzganger\/deutschland-frankreich\/ausbildung-anerkennung-von-beruflichen-qualifikationen\/annerkennung-von-beruflichen-qualifikationen-in-frankreich\/sie-mochten-sich-in-frankreich-als-handwerker-niederlassen\/\"]}]},{\"@type\":\"BreadcrumbList\",\"@id\":\"https:\/\/frontaliers-grandest.eu\/de\/startseite\/grenzganger\/deutschland-frankreich\/ausbildung-anerkennung-von-beruflichen-qualifikationen\/annerkennung-von-beruflichen-qualifikationen-in-frankreich\/sie-mochten-sich-in-frankreich-als-handwerker-niederlassen\/#breadcrumb\",\"itemListElement\":[{\"@type\":\"ListItem\",\"position\":1,\"name\":\"Startseite\",\"item\":\"https:\/\/frontaliers-grandest.eu\/de\/\"},{\"@type\":\"ListItem\",\"position\":2,\"name\":\"Grenzg\u00e4nger\",\"item\":\"https:\/\/frontaliers-grandest.eu\/de\/startseite\/grenzganger\/\"},{\"@type\":\"ListItem\",\"position\":3,\"name\":\"Deutschland - Frankreich\",\"item\":\"https:\/\/frontaliers-grandest.eu\/de\/startseite\/grenzganger\/deutschland-frankreich\/\"},{\"@type\":\"ListItem\",\"position\":4,\"name\":\"Ausbildung \/ Anerkennung von beruflichen qualifikationen in Frankreich\",\"item\":\"https:\/\/frontaliers-grandest.eu\/de\/startseite\/grenzganger\/deutschland-frankreich\/ausbildung-anerkennung-von-beruflichen-qualifikationen\/\"},{\"@type\":\"ListItem\",\"position\":5,\"name\":\"Anerkennung von beruflichen qualifikationen in Frankreich\",\"item\":\"https:\/\/frontaliers-grandest.eu\/de\/startseite\/grenzganger\/deutschland-frankreich\/ausbildung-anerkennung-von-beruflichen-qualifikationen\/annerkennung-von-beruflichen-qualifikationen-in-frankreich\/\"},{\"@type\":\"ListItem\",\"position\":6,\"name\":\"Sie m\u00f6chten sich in Frankreich als Handwerker niederlassen\"}]},{\"@type\":\"WebSite\",\"@id\":\"https:\/\/frontaliers-grandest.eu\/de\/#website\",\"url\":\"https:\/\/frontaliers-grandest.eu\/de\/\",\"name\":\"Frontaliers Grand Est\",\"description\":\"Le site ressource du travail frontalier\",\"publisher\":{\"@id\":\"https:\/\/frontaliers-grandest.eu\/de\/#organization\"},\"alternateName\":\"Frontaliers Grand Est\",\"potentialAction\":[{\"@type\":\"SearchAction\",\"target\":{\"@type\":\"EntryPoint\",\"urlTemplate\":\"https:\/\/frontaliers-grandest.eu\/de\/?s={search_term_string}\"},\"query-input\":{\"@type\":\"PropertyValueSpecification\",\"valueRequired\":true,\"valueName\":\"search_term_string\"}}],\"inLanguage\":\"de\"},{\"@type\":\"Organization\",\"@id\":\"https:\/\/frontaliers-grandest.eu\/de\/#organization\",\"name\":\"Frontaliers Grand Est\",\"alternateName\":\"Frontaliers Grand Est\",\"url\":\"https:\/\/frontaliers-grandest.eu\/de\/\",\"logo\":{\"@type\":\"ImageObject\",\"inLanguage\":\"de\",\"@id\":\"https:\/\/frontaliers-grandest.eu\/de\/#\/schema\/logo\/image\/\",\"url\":\"https:\/\/frontaliers-grandest.eu\/wp-content\/uploads\/2025\/07\/260328234_2966785176920310_3332838526503858160_n.jpg\",\"contentUrl\":\"https:\/\/frontaliers-grandest.eu\/wp-content\/uploads\/2025\/07\/260328234_2966785176920310_3332838526503858160_n.jpg\",\"width\":396,\"height\":396,\"caption\":\"Frontaliers Grand Est\"},\"image\":{\"@id\":\"https:\/\/frontaliers-grandest.eu\/de\/#\/schema\/logo\/image\/\"},\"sameAs\":[\"https:\/\/www.facebook.com\/frontaliers.GR.EST\/?locale=fr_FR\"]}]}<\/script>\n<!-- \/ Yoast SEO plugin. -->","yoast_head_json":{"title":"Sie m\u00f6chten sich in Frankreich als Handwerker niederlassen - Frontaliers Grand Est","robots":{"index":"index","follow":"follow","max-snippet":"max-snippet:-1","max-image-preview":"max-image-preview:large","max-video-preview":"max-video-preview:-1"},"canonical":"https:\/\/frontaliers-grandest.eu\/de\/startseite\/grenzganger\/deutschland-frankreich\/ausbildung-anerkennung-von-beruflichen-qualifikationen\/annerkennung-von-beruflichen-qualifikationen-in-frankreich\/sie-mochten-sich-in-frankreich-als-handwerker-niederlassen\/","og_locale":"de_DE","og_type":"article","og_title":"Sie m\u00f6chten sich in Frankreich als Handwerker niederlassen - Frontaliers Grand Est","og_description":"Eine bestimmte Anzahl von handwerksberufen sind reglementierte Berufe: Berufe im Bauwesen (Berufe des Rohbaus, des Ausbaus und der Fertigstellung: Maurer, Fliesenverleger, Heizungsbauer, Dachdecker, Zimmermann, Gipser \u2013Plattenbauer, Maler, Glaser), Karosseriebauer, Elektriker, Mechaniker. Die Liste ist der Site des CIEP zu entnehmen. Diese T\u00e4tigkeiten k\u00f6nnen die Sicherheit und die Gesundheit des Verbrauchers beeintr\u00e4chtigen, wenn sie nicht ordnungsgem\u00e4\u00df [&hellip;]","og_url":"https:\/\/frontaliers-grandest.eu\/de\/startseite\/grenzganger\/deutschland-frankreich\/ausbildung-anerkennung-von-beruflichen-qualifikationen\/annerkennung-von-beruflichen-qualifikationen-in-frankreich\/sie-mochten-sich-in-frankreich-als-handwerker-niederlassen\/","og_site_name":"Frontaliers Grand Est","article_publisher":"https:\/\/www.facebook.com\/frontaliers.GR.EST\/?locale=fr_FR","article_modified_time":"2026-01-30T15:03:44+00:00","twitter_card":"summary_large_image","twitter_misc":{"Gesch\u00e4tzte Lesezeit":"2\u00a0Minuten"},"schema":{"@context":"https:\/\/schema.org","@graph":[{"@type":"WebPage","@id":"https:\/\/frontaliers-grandest.eu\/de\/startseite\/grenzganger\/deutschland-frankreich\/ausbildung-anerkennung-von-beruflichen-qualifikationen\/annerkennung-von-beruflichen-qualifikationen-in-frankreich\/sie-mochten-sich-in-frankreich-als-handwerker-niederlassen\/","url":"https:\/\/frontaliers-grandest.eu\/de\/startseite\/grenzganger\/deutschland-frankreich\/ausbildung-anerkennung-von-beruflichen-qualifikationen\/annerkennung-von-beruflichen-qualifikationen-in-frankreich\/sie-mochten-sich-in-frankreich-als-handwerker-niederlassen\/","name":"Sie m\u00f6chten sich in Frankreich als Handwerker niederlassen - Frontaliers Grand Est","isPartOf":{"@id":"https:\/\/frontaliers-grandest.eu\/de\/#website"},"datePublished":"2021-06-14T13:21:10+00:00","dateModified":"2026-01-30T15:03:44+00:00","breadcrumb":{"@id":"https:\/\/frontaliers-grandest.eu\/de\/startseite\/grenzganger\/deutschland-frankreich\/ausbildung-anerkennung-von-beruflichen-qualifikationen\/annerkennung-von-beruflichen-qualifikationen-in-frankreich\/sie-mochten-sich-in-frankreich-als-handwerker-niederlassen\/#breadcrumb"},"inLanguage":"de","potentialAction":[{"@type":"ReadAction","target":["https:\/\/frontaliers-grandest.eu\/de\/startseite\/grenzganger\/deutschland-frankreich\/ausbildung-anerkennung-von-beruflichen-qualifikationen\/annerkennung-von-beruflichen-qualifikationen-in-frankreich\/sie-mochten-sich-in-frankreich-als-handwerker-niederlassen\/"]}]},{"@type":"BreadcrumbList","@id":"https:\/\/frontaliers-grandest.eu\/de\/startseite\/grenzganger\/deutschland-frankreich\/ausbildung-anerkennung-von-beruflichen-qualifikationen\/annerkennung-von-beruflichen-qualifikationen-in-frankreich\/sie-mochten-sich-in-frankreich-als-handwerker-niederlassen\/#breadcrumb","itemListElement":[{"@type":"ListItem","position":1,"name":"Startseite","item":"https:\/\/frontaliers-grandest.eu\/de\/"},{"@type":"ListItem","position":2,"name":"Grenzg\u00e4nger","item":"https:\/\/frontaliers-grandest.eu\/de\/startseite\/grenzganger\/"},{"@type":"ListItem","position":3,"name":"Deutschland - Frankreich","item":"https:\/\/frontaliers-grandest.eu\/de\/startseite\/grenzganger\/deutschland-frankreich\/"},{"@type":"ListItem","position":4,"name":"Ausbildung \/ Anerkennung von beruflichen qualifikationen in Frankreich","item":"https:\/\/frontaliers-grandest.eu\/de\/startseite\/grenzganger\/deutschland-frankreich\/ausbildung-anerkennung-von-beruflichen-qualifikationen\/"},{"@type":"ListItem","position":5,"name":"Anerkennung von beruflichen qualifikationen in Frankreich","item":"https:\/\/frontaliers-grandest.eu\/de\/startseite\/grenzganger\/deutschland-frankreich\/ausbildung-anerkennung-von-beruflichen-qualifikationen\/annerkennung-von-beruflichen-qualifikationen-in-frankreich\/"},{"@type":"ListItem","position":6,"name":"Sie m\u00f6chten sich in Frankreich als Handwerker niederlassen"}]},{"@type":"WebSite","@id":"https:\/\/frontaliers-grandest.eu\/de\/#website","url":"https:\/\/frontaliers-grandest.eu\/de\/","name":"Frontaliers Grand Est","description":"Le site ressource du travail frontalier","publisher":{"@id":"https:\/\/frontaliers-grandest.eu\/de\/#organization"},"alternateName":"Frontaliers Grand Est","potentialAction":[{"@type":"SearchAction","target":{"@type":"EntryPoint","urlTemplate":"https:\/\/frontaliers-grandest.eu\/de\/?s={search_term_string}"},"query-input":{"@type":"PropertyValueSpecification","valueRequired":true,"valueName":"search_term_string"}}],"inLanguage":"de"},{"@type":"Organization","@id":"https:\/\/frontaliers-grandest.eu\/de\/#organization","name":"Frontaliers Grand Est","alternateName":"Frontaliers Grand Est","url":"https:\/\/frontaliers-grandest.eu\/de\/","logo":{"@type":"ImageObject","inLanguage":"de","@id":"https:\/\/frontaliers-grandest.eu\/de\/#\/schema\/logo\/image\/","url":"https:\/\/frontaliers-grandest.eu\/wp-content\/uploads\/2025\/07\/260328234_2966785176920310_3332838526503858160_n.jpg","contentUrl":"https:\/\/frontaliers-grandest.eu\/wp-content\/uploads\/2025\/07\/260328234_2966785176920310_3332838526503858160_n.jpg","width":396,"height":396,"caption":"Frontaliers Grand Est"},"image":{"@id":"https:\/\/frontaliers-grandest.eu\/de\/#\/schema\/logo\/image\/"},"sameAs":["https:\/\/www.facebook.com\/frontaliers.GR.EST\/?locale=fr_FR"]}]}},"frge_page_order":"0","_links":{"self":[{"href":"https:\/\/frontaliers-grandest.eu\/de\/wp-json\/wp\/v2\/pages\/8521","targetHints":{"allow":["GET"]}}],"collection":[{"href":"https:\/\/frontaliers-grandest.eu\/de\/wp-json\/wp\/v2\/pages"}],"about":[{"href":"https:\/\/frontaliers-grandest.eu\/de\/wp-json\/wp\/v2\/types\/page"}],"author":[{"embeddable":true,"href":"https:\/\/frontaliers-grandest.eu\/de\/wp-json\/wp\/v2\/users\/7"}],"replies":[{"embeddable":true,"href":"https:\/\/frontaliers-grandest.eu\/de\/wp-json\/wp\/v2\/comments?post=8521"}],"version-history":[{"count":3,"href":"https:\/\/frontaliers-grandest.eu\/de\/wp-json\/wp\/v2\/pages\/8521\/revisions"}],"predecessor-version":[{"id":57118,"href":"https:\/\/frontaliers-grandest.eu\/de\/wp-json\/wp\/v2\/pages\/8521\/revisions\/57118"}],"up":[{"embeddable":true,"href":"https:\/\/frontaliers-grandest.eu\/de\/wp-json\/wp\/v2\/pages\/8488"}],"wp:attachment":[{"href":"https:\/\/frontaliers-grandest.eu\/de\/wp-json\/wp\/v2\/media?parent=8521"}],"wp:term":[{"taxonomy":"post_tag","embeddable":true,"href":"https:\/\/frontaliers-grandest.eu\/de\/wp-json\/wp\/v2\/tags?post=8521"},{"taxonomy":"frge_profile","embeddable":true,"href":"https:\/\/frontaliers-grandest.eu\/de\/wp-json\/wp\/v2\/frge_profile?post=8521"}],"curies":[{"name":"wp","href":"https:\/\/api.w.org\/{rel}","templated":true}]}}