{"id":8518,"date":"2021-06-14T15:18:29","date_gmt":"2021-06-14T13:18:29","guid":{"rendered":"https:\/\/frontaliers-grandest.eu\/?page_id=8518"},"modified":"2026-01-30T15:43:57","modified_gmt":"2026-01-30T14:43:57","slug":"sie-mochten-in-frankreich-einen-paramedizinischen-beruf-ausuben","status":"publish","type":"page","link":"https:\/\/frontaliers-grandest.eu\/de\/startseite\/grenzganger\/deutschland-frankreich\/ausbildung-anerkennung-von-beruflichen-qualifikationen\/annerkennung-von-beruflichen-qualifikationen-in-frankreich\/sie-mochten-in-frankreich-einen-paramedizinischen-beruf-ausuben\/","title":{"rendered":"Sie m\u00f6chten in Frankreich einen paramedizinischen Beruf aus\u00fcben"},"content":{"rendered":"\n<p>Die Directions R\u00e9gionales de l&#8217;\u00e9conomie, de l&#8217;emploi, du travail et des solidarit\u00e9s <strong>(Dreets)<\/strong>&nbsp;am gew\u00fcnschten T\u00e4tigkeitsort sind f\u00fcr die Anerkennung der Qualifikationen zust\u00e4ndig: <br><a href=\"https:\/\/dreets.gouv.fr\/\">https:\/\/dreets.gouv.fr\/<\/a><br>Die Liste der Dreets pro Region ist der nationalen Website zu entnehmen.<br><\/p>\n\n\n\n<div class=\"wp-block-frontaliers-grandest-plugin-frge-accordion-block\"><div class=\"accordion-top\"><h4 class=\"accordion-title\"><strong>Die Anerkennung ausl\u00e4ndischer Berufsabschl\u00fcsse<\/strong><\/h4><svg viewBox=\"0 0 24 24\" stroke-width=\"1.5\" fill=\"none\" xmlns=\"http:\/\/www.w3.org\/2000\/svg\" class=\"accordion-top__icon\"><path d=\"M3 12L21 12M21 12L12.5 3.5M21 12L12.5 20.5\" stroke-width=\"1.5\" stroke-linecap=\"round\" stroke-linejoin=\"round\"><\/path><\/svg><\/div><div class=\"accordion-content\">\n<p>Die B\u00fcrger der EU oder des EWR k\u00f6nnen die Genehmigung erhalten, ihren Beruf in Frankreich auszu\u00fcben, nachdem sie erfolgreich einen postgradualen Studiengang abgelegt gaben und Inhaber eines von einem Mitgliedstaat der EU oder der EWR zuerkannten&nbsp;<strong>Titels&nbsp;<\/strong>sind, in dem der Zugang und die Aus\u00fcbung des Berufs reglementiert ist und der es erm\u00f6glicht, den Beruf rechtm\u00e4\u00dfig auszu\u00fcben.<\/p>\n\n\n\n<p>Sind sie Inhaber eines Titels eines Staates, in dem der Zugang zum Beruf oder seine Aus\u00fcbung nicht reglementiert sind, musst ihrem Antrag eine&nbsp;<strong>Bescheinigung&nbsp;<\/strong>beigef\u00fcgt werden, die die&nbsp;<strong>Aus\u00fcbung der T\u00e4tigkeit<\/strong>&nbsp;in diesem Staat w\u00e4hrend zumindest einem gleichlautenden Zeitraum&nbsp;<strong>von zwei Jahren in Vollzeit im Verlauf der vergangenen zehn Jahre&nbsp;<\/strong>belegt.<\/p>\n\n\n\n<div class=\"wp-block-frontaliers-grandest-plugin-frge-accordion-block\"><div class=\"accordion-top\"><h4 class=\"accordion-title\"><strong>Formalit\u00e4ten<\/strong><\/h4><svg viewBox=\"0 0 24 24\" stroke-width=\"1.5\" fill=\"none\" xmlns=\"http:\/\/www.w3.org\/2000\/svg\" class=\"accordion-top__icon\"><path d=\"M3 12L21 12M21 12L12.5 3.5M21 12L12.5 20.5\" stroke-width=\"1.5\" stroke-linecap=\"round\" stroke-linejoin=\"round\"><\/path><\/svg><\/div><div class=\"accordion-content\">\n<p>Der Bewerber muss sich an die regionale Direktion f\u00fcr Wirtschaft, Besch\u00e4ftigung, Arbeit und Solidarit\u00e4t (<a href=\"https:\/\/dreets.gouv.fr\/\">Dreets<\/a>) des Ortes wenden, in dem er t\u00e4tig werden m\u00f6chte.<\/p>\n\n\n\n<p>Die Liste der f\u00fcr die Erstellung des Dossiers erforderlichen Unterlagen ist auf den Websites der regionalen Dreets (https:\/\/dreets.gouv.fr\/) abrufbar. F\u00fcr die Region Grand Est finden Sie das Antragsformular und die Belege unter diesem Link:<a href=\"https:\/\/demarche.numerique.gouv.fr\/commencer\/dreets-grand-est-demande-d-autorisation-d-exercice\"> DREETS Grand Est &#8211; Antrag auf Zulassung zur Aus\u00fcbung der paramedizinischen Berufe demarche.numerique.gouv.fr.<\/a><\/p>\n\n\n\n<p><span style=\"text-decoration: underline;\">Achtung<\/span>: F\u00fcr einige Berufe m\u00fcssen die Antr\u00e4ge aufgrund der Zentralisierung des Verfahrens auf nationaler Ebene bei einer speziell daf\u00fcr bestimmten Region eingereicht werden.<\/p>\n\n\n\n<p><span style=\"text-decoration: underline;\">Zu liefernde Unterlagen (nicht ersch\u00f6pfende Liste):<\/span><\/p>\n\n\n\n<ul class=\"wp-block-list\">\n<li>das Antragsformular f\u00fcr die Aus\u00fcbung des Berufs in Frankreich (auf der Website der betreffenden Dreets verf\u00fcgbar);<\/li>\n\n\n\n<li>eine Kopie des Ausbildungsnachweises, der die Aus\u00fcbung des Berufs in dem Land erm\u00f6glicht, in dem er erworben wurde;<\/li>\n\n\n\n<li>eine Kopie der Bescheinigungen der ausstellenden Beh\u00f6rden, in denen das Ausbildungsniveau, die Einzelheiten des Unterrichts pro Jahr sowie der Inhalt und die Dauer der durchgef\u00fchrten Praktika angegeben sind;<\/li>\n\n\n\n<li>Nachweis einer dreij\u00e4hrigen Berufserfahrung<\/li>\n\n\n\n<li>Fehlen von Sanktionen,<\/li>\n\n\n\n<li>etc.<\/li>\n<\/ul>\n\n\n\n<p><br>Alle Dokumente m\u00fcssen \u00fcbersetzt werden.<\/p>\n<\/div><\/div>\n\n\n\n<div class=\"wp-block-frontaliers-grandest-plugin-frge-accordion-block\"><div class=\"accordion-top\"><h4 class=\"accordion-title\"><strong>Die Ausgleichma\u00dfnahmen<\/strong><\/h4><svg viewBox=\"0 0 24 24\" stroke-width=\"1.5\" fill=\"none\" xmlns=\"http:\/\/www.w3.org\/2000\/svg\" class=\"accordion-top__icon\"><path d=\"M3 12L21 12M21 12L12.5 3.5M21 12L12.5 20.5\" stroke-width=\"1.5\" stroke-linecap=\"round\" stroke-linejoin=\"round\"><\/path><\/svg><\/div><div class=\"accordion-content\">\n<p>Unterschieden sich die Berufsqualifikationen und die Berufserfahrung sp\u00fcrbar von den f\u00fcr die Aus\u00fcbung des Berufs in Frankreich geltenden Anforderungen, ist die \u00f6rtliche Dreets berechtigt,&nbsp;<strong>Ausgleichma\u00dfnahmen<\/strong>&nbsp;zu verlangen: eine&nbsp;<strong>Bef\u00e4higungspr\u00fcfung oder ein Anpassungslehrgang<\/strong>. Sie organisiert die Bef\u00e4higungspr\u00fcfungen. Der Anpassungslehrgang wird in einer&nbsp;<strong>\u00f6ffentlichen oder privaten Gesundheitseinrichtung absolviert, die von der Agence R\u00e9gionale de Sant\u00e9 (ARS-&nbsp;<\/strong>Regionalagentur f\u00fcr Gesundheit<strong>) zugelassen ist<\/strong>.<\/p>\n\n\n\n<p>Im Fall der vollst\u00e4ndigen Anerkennung des Abschlusses oder des erfolgreichen Bestehens der Bef\u00e4higungspr\u00fcfung genehmigt die Dreets dem Antragsteller die Aus\u00fcbung des Berufs.<br>Er ist in der Folge verpflichtet, sich beim&nbsp;<strong>Berufsverband<\/strong>&nbsp;eintragen zu lassen, indem er einen entsprechenden Antrag an den Conseil D\u00e9partemental (Departementsrat) der Kammer des Departements herantr\u00e4gt, in dem er seinen Beruf aus\u00fcben m\u00f6chte.<\/p>\n\n\n\n<p>Im Fall der&nbsp;<strong>Ablehnung des Antrags<\/strong>&nbsp;ist die betreffende Person binnen einer Frist von zwei Monaten nach der Entscheidung berechtigt, einen Widerspruchsverfahren und im Anschluss ein Verwaltungsstreitverfahren vor dem territorial zust\u00e4ndigen Verwaltungsgericht anzustrengen.<\/p>\n\n\n\n<p><strong>Kosten: <\/strong>variabel in Abh\u00e4ngigkeit von den Dreets<\/p>\n<\/div><\/div>\n<\/div><\/div>\n\n\n\n<div class=\"wp-block-frontaliers-grandest-plugin-frge-accordion-block\"><div class=\"accordion-top\"><h4 class=\"accordion-title\">Besonderheiten bestimmter Berufe<\/h4><svg viewBox=\"0 0 24 24\" stroke-width=\"1.5\" fill=\"none\" xmlns=\"http:\/\/www.w3.org\/2000\/svg\" class=\"accordion-top__icon\"><path d=\"M3 12L21 12M21 12L12.5 3.5M21 12L12.5 20.5\" stroke-width=\"1.5\" stroke-linecap=\"round\" stroke-linejoin=\"round\"><\/path><\/svg><\/div><div class=\"accordion-content\">\n<div class=\"wp-block-frontaliers-grandest-plugin-frge-accordion-block\"><div class=\"accordion-top\"><h4 class=\"accordion-title\">Der Beruf des Krankenpflegers<\/h4><svg viewBox=\"0 0 24 24\" stroke-width=\"1.5\" fill=\"none\" xmlns=\"http:\/\/www.w3.org\/2000\/svg\" class=\"accordion-top__icon\"><path d=\"M3 12L21 12M21 12L12.5 3.5M21 12L12.5 20.5\" stroke-width=\"1.5\" stroke-linecap=\"round\" stroke-linejoin=\"round\"><\/path><\/svg><\/div><div class=\"accordion-content\">\n<p>In Frankreich ist der Beruf des Krankenpflegers den Inhabern eines staatlichen Krankenpflegerabschlusses vorbehalten.<br>Die Ausbildung wird in zahlreichen europ\u00e4ischen L\u00e4ndern harmonisiert. Alle Inhaber eines Abschlusses als f\u00fcr die allgemeine Pflege verantwortlicher Krankenpfleger, der von einem Mitgliedstaat der EU oder des EWR erteilt wurde und in die Verordnung vom 10. Juni 2004 aufgenommen wurde, haben Anspruch auf eine\u00a0<strong>automaische Anerkennung\u00a0<\/strong>ihres Abschlusses. Die Bewerber sind nicht verpflichtet, eine Genehmigung zur Aus\u00fcbung des Berufs zu beantragen.<br>Sie m\u00fcssen sich hingegen beim\u00a0<strong>Conseil D\u00e9partemental des Verbands der Krankenpfleger\u00a0<\/strong>des Orts einschreiben, an dem sie ihren Beruf aus\u00fcben m\u00f6chten.<br>F\u00e4llt der B\u00fcrger nicht in den Anwendungsbereichs des Systems der automatischen Anerkennung seines Berufszeugnisses, ist er verpflichtet, bei der Dreets am gew\u00fcnschten Aus\u00fcbungsort eine Genehmigung zur Aus\u00fcbung des Berufs zu beantragen.<br><br>Der Beruf des Krankenpflegers hat Anspruch auf das System des\u00a0<strong>europ\u00e4ischen Berufsausweises\u00a0<\/strong>(<a href=\"https:\/\/europa.eu\/youreurope\/citizens\/work\/professional-qualifications\/european-professional-card\/index_fr.htm\" target=\"_blank\" rel=\"noreferrer noopener\">https:\/\/europa.eu\/youreurope\/citizens\/work\/professional-qualifications\/european-professional-card\/index_fr.htm<\/a>)<strong>.<\/strong><\/p>\n<\/div><\/div>\n\n\n\n<div class=\"wp-block-frontaliers-grandest-plugin-frge-accordion-block\"><div class=\"accordion-top\"><h4 class=\"accordion-title\">Der Beruf des Krankenpflegehelfers<\/h4><svg viewBox=\"0 0 24 24\" stroke-width=\"1.5\" fill=\"none\" xmlns=\"http:\/\/www.w3.org\/2000\/svg\" class=\"accordion-top__icon\"><path d=\"M3 12L21 12M21 12L12.5 3.5M21 12L12.5 20.5\" stroke-width=\"1.5\" stroke-linecap=\"round\" stroke-linejoin=\"round\"><\/path><\/svg><\/div><div class=\"accordion-content\">\n<p>In Frankreich ist der Beruf des Krankenpflegehelfers Personen zug\u00e4nglich, die einen staatlichen Abschluss als Krankenpflegehelfer (DEAS), die Bef\u00e4higungsbescheinigung f\u00fcr die Funktionen des Krankenpflegehelfers oder eine Berufsausbildung als Krankenpflegehelfer vorweisen k\u00f6nnen.<br>Die Bewerber aus der EU m\u00fcssen ein als gleichwertig betrachtetes Berufszeugnis vorlegen k\u00f6nnen. Der Bewerber ist verpflichtet, sich mit der\u00a0<strong>Dreets\u00a0<\/strong>am gew\u00fcnschten Niederlassungsort in Verbindung zu setzen.<\/p>\n<\/div><\/div>\n\n\n\n<div class=\"wp-block-frontaliers-grandest-plugin-frge-accordion-block\"><div class=\"accordion-top\"><h4 class=\"accordion-title\">Der Beruf des Masseurs\u2013Physiotherapeuts<\/h4><svg viewBox=\"0 0 24 24\" stroke-width=\"1.5\" fill=\"none\" xmlns=\"http:\/\/www.w3.org\/2000\/svg\" class=\"accordion-top__icon\"><path d=\"M3 12L21 12M21 12L12.5 3.5M21 12L12.5 20.5\" stroke-width=\"1.5\" stroke-linecap=\"round\" stroke-linejoin=\"round\"><\/path><\/svg><\/div><div class=\"accordion-content\">\n<p>In Frankreich bleibt der Beruf des Masseurs \u2013 Physiotherapeuts den Inhabern des staatlichen Abschlusses als Masseur \u2013 Physiotherapeut vorbehalten. Die Fachleute k\u00f6nnen ihren Beruf als Selbstst\u00e4ndige oder als abh\u00e4ngig Besch\u00e4ftigte aus\u00fcben.<\/p>\n\n\n\n<p>Der Bewerber der EU muss sich mit der&nbsp;<strong>Dreets&nbsp;<\/strong>des gew\u00fcnschten Niederlassungsorts in Verbindung setzen.<br>Im Fall der Anerkennung seines Abschlusses und der Genehmigung zur Aus\u00fcbung seines B\u00fcros ist er verpflichtet, sich mit dem Conseil D\u00e9partemental des Verbands der Physiotherapeuten in Verbindung zu setzen, um sich eintragen zu lassen.<\/p>\n\n\n\n<p>Der Beruf des Physiotherapeuten hat Anspruch auf das System des&nbsp;<strong>europ\u00e4ischen Berufsausweises<\/strong>&nbsp;(<a href=\"https:\/\/europa.eu\/youreurope\/citizens\/work\/professional-qualifications\/european-professional-card\/index_fr.htm\" target=\"_blank\" rel=\"noreferrer noopener\">https:\/\/europa.eu\/youreurope\/citizens\/work\/professional-qualifications\/european-professional-card\/index_fr.htm<\/a>)<strong>.<\/strong><\/p>\n<\/div><\/div>\n<\/div><\/div>\n","protected":false},"excerpt":{"rendered":"<p>Die Directions R\u00e9gionales de l&#8217;\u00e9conomie, de l&#8217;emploi, du travail et des solidarit\u00e9s (Dreets)&nbsp;am gew\u00fcnschten T\u00e4tigkeitsort sind f\u00fcr die Anerkennung der Qualifikationen zust\u00e4ndig: https:\/\/dreets.gouv.fr\/Die Liste der Dreets pro Region ist der nationalen Website zu entnehmen.<\/p>\n","protected":false},"author":7,"featured_media":0,"parent":8488,"menu_order":1,"comment_status":"closed","ping_status":"closed","template":"","meta":{"inline_featured_image":false,"footnotes":""},"tags":[],"frge_profile":[],"class_list":["post-8518","page","type-page","status-publish","hentry"],"yoast_head":"<!-- This site is optimized with the Yoast SEO plugin v27.1.1 - https:\/\/yoast.com\/product\/yoast-seo-wordpress\/ -->\n<title>Sie m\u00f6chten in Frankreich einen paramedizinischen Beruf aus\u00fcben - Frontaliers Grand Est<\/title>\n<meta name=\"description\" content=\"Entdecken Sie auf dieser Seite die verschiedenen Schritte, um im Gesundheitsbereich in Frankreich zu arbeiten.\" \/>\n<meta name=\"robots\" content=\"index, follow, max-snippet:-1, max-image-preview:large, max-video-preview:-1\" \/>\n<link rel=\"canonical\" href=\"https:\/\/frontaliers-grandest.eu\/de\/startseite\/grenzganger\/deutschland-frankreich\/ausbildung-anerkennung-von-beruflichen-qualifikationen\/annerkennung-von-beruflichen-qualifikationen-in-frankreich\/sie-mochten-in-frankreich-einen-paramedizinischen-beruf-ausuben\/\" \/>\n<meta property=\"og:locale\" content=\"de_DE\" \/>\n<meta property=\"og:type\" content=\"article\" \/>\n<meta property=\"og:title\" content=\"Sie m\u00f6chten in Frankreich einen paramedizinischen Beruf aus\u00fcben - Frontaliers Grand Est\" \/>\n<meta property=\"og:description\" content=\"Entdecken Sie auf dieser Seite die verschiedenen Schritte, um im Gesundheitsbereich in Frankreich zu arbeiten.\" \/>\n<meta property=\"og:url\" content=\"https:\/\/frontaliers-grandest.eu\/de\/startseite\/grenzganger\/deutschland-frankreich\/ausbildung-anerkennung-von-beruflichen-qualifikationen\/annerkennung-von-beruflichen-qualifikationen-in-frankreich\/sie-mochten-in-frankreich-einen-paramedizinischen-beruf-ausuben\/\" \/>\n<meta property=\"og:site_name\" content=\"Frontaliers Grand Est\" \/>\n<meta property=\"article:publisher\" content=\"https:\/\/www.facebook.com\/frontaliers.GR.EST\/?locale=fr_FR\" \/>\n<meta property=\"article:modified_time\" content=\"2026-01-30T14:43:57+00:00\" \/>\n<meta name=\"twitter:card\" content=\"summary_large_image\" \/>\n<meta name=\"twitter:label1\" content=\"Gesch\u00e4tzte Lesezeit\" \/>\n\t<meta name=\"twitter:data1\" content=\"5\u00a0Minuten\" \/>\n<script type=\"application\/ld+json\" class=\"yoast-schema-graph\">{\"@context\":\"https:\/\/schema.org\",\"@graph\":[{\"@type\":\"WebPage\",\"@id\":\"https:\/\/frontaliers-grandest.eu\/de\/startseite\/grenzganger\/deutschland-frankreich\/ausbildung-anerkennung-von-beruflichen-qualifikationen\/annerkennung-von-beruflichen-qualifikationen-in-frankreich\/sie-mochten-in-frankreich-einen-paramedizinischen-beruf-ausuben\/\",\"url\":\"https:\/\/frontaliers-grandest.eu\/de\/startseite\/grenzganger\/deutschland-frankreich\/ausbildung-anerkennung-von-beruflichen-qualifikationen\/annerkennung-von-beruflichen-qualifikationen-in-frankreich\/sie-mochten-in-frankreich-einen-paramedizinischen-beruf-ausuben\/\",\"name\":\"Sie m\u00f6chten in Frankreich einen paramedizinischen Beruf aus\u00fcben - Frontaliers Grand Est\",\"isPartOf\":{\"@id\":\"https:\/\/frontaliers-grandest.eu\/de\/#website\"},\"datePublished\":\"2021-06-14T13:18:29+00:00\",\"dateModified\":\"2026-01-30T14:43:57+00:00\",\"description\":\"Entdecken Sie auf dieser Seite die verschiedenen Schritte, um im Gesundheitsbereich in Frankreich zu arbeiten.\",\"breadcrumb\":{\"@id\":\"https:\/\/frontaliers-grandest.eu\/de\/startseite\/grenzganger\/deutschland-frankreich\/ausbildung-anerkennung-von-beruflichen-qualifikationen\/annerkennung-von-beruflichen-qualifikationen-in-frankreich\/sie-mochten-in-frankreich-einen-paramedizinischen-beruf-ausuben\/#breadcrumb\"},\"inLanguage\":\"de\",\"potentialAction\":[{\"@type\":\"ReadAction\",\"target\":[\"https:\/\/frontaliers-grandest.eu\/de\/startseite\/grenzganger\/deutschland-frankreich\/ausbildung-anerkennung-von-beruflichen-qualifikationen\/annerkennung-von-beruflichen-qualifikationen-in-frankreich\/sie-mochten-in-frankreich-einen-paramedizinischen-beruf-ausuben\/\"]}]},{\"@type\":\"BreadcrumbList\",\"@id\":\"https:\/\/frontaliers-grandest.eu\/de\/startseite\/grenzganger\/deutschland-frankreich\/ausbildung-anerkennung-von-beruflichen-qualifikationen\/annerkennung-von-beruflichen-qualifikationen-in-frankreich\/sie-mochten-in-frankreich-einen-paramedizinischen-beruf-ausuben\/#breadcrumb\",\"itemListElement\":[{\"@type\":\"ListItem\",\"position\":1,\"name\":\"Startseite\",\"item\":\"https:\/\/frontaliers-grandest.eu\/de\/\"},{\"@type\":\"ListItem\",\"position\":2,\"name\":\"Grenzg\u00e4nger\",\"item\":\"https:\/\/frontaliers-grandest.eu\/de\/startseite\/grenzganger\/\"},{\"@type\":\"ListItem\",\"position\":3,\"name\":\"Deutschland - Frankreich\",\"item\":\"https:\/\/frontaliers-grandest.eu\/de\/startseite\/grenzganger\/deutschland-frankreich\/\"},{\"@type\":\"ListItem\",\"position\":4,\"name\":\"Ausbildung \/ Anerkennung von beruflichen qualifikationen in Frankreich\",\"item\":\"https:\/\/frontaliers-grandest.eu\/de\/startseite\/grenzganger\/deutschland-frankreich\/ausbildung-anerkennung-von-beruflichen-qualifikationen\/\"},{\"@type\":\"ListItem\",\"position\":5,\"name\":\"Anerkennung von beruflichen qualifikationen in Frankreich\",\"item\":\"https:\/\/frontaliers-grandest.eu\/de\/startseite\/grenzganger\/deutschland-frankreich\/ausbildung-anerkennung-von-beruflichen-qualifikationen\/annerkennung-von-beruflichen-qualifikationen-in-frankreich\/\"},{\"@type\":\"ListItem\",\"position\":6,\"name\":\"Sie m\u00f6chten in Frankreich einen paramedizinischen Beruf aus\u00fcben\"}]},{\"@type\":\"WebSite\",\"@id\":\"https:\/\/frontaliers-grandest.eu\/de\/#website\",\"url\":\"https:\/\/frontaliers-grandest.eu\/de\/\",\"name\":\"Frontaliers Grand Est\",\"description\":\"Le site ressource du travail frontalier\",\"publisher\":{\"@id\":\"https:\/\/frontaliers-grandest.eu\/de\/#organization\"},\"alternateName\":\"Frontaliers Grand Est\",\"potentialAction\":[{\"@type\":\"SearchAction\",\"target\":{\"@type\":\"EntryPoint\",\"urlTemplate\":\"https:\/\/frontaliers-grandest.eu\/de\/?s={search_term_string}\"},\"query-input\":{\"@type\":\"PropertyValueSpecification\",\"valueRequired\":true,\"valueName\":\"search_term_string\"}}],\"inLanguage\":\"de\"},{\"@type\":\"Organization\",\"@id\":\"https:\/\/frontaliers-grandest.eu\/de\/#organization\",\"name\":\"Frontaliers Grand Est\",\"alternateName\":\"Frontaliers Grand Est\",\"url\":\"https:\/\/frontaliers-grandest.eu\/de\/\",\"logo\":{\"@type\":\"ImageObject\",\"inLanguage\":\"de\",\"@id\":\"https:\/\/frontaliers-grandest.eu\/de\/#\/schema\/logo\/image\/\",\"url\":\"https:\/\/frontaliers-grandest.eu\/wp-content\/uploads\/2025\/07\/260328234_2966785176920310_3332838526503858160_n.jpg\",\"contentUrl\":\"https:\/\/frontaliers-grandest.eu\/wp-content\/uploads\/2025\/07\/260328234_2966785176920310_3332838526503858160_n.jpg\",\"width\":396,\"height\":396,\"caption\":\"Frontaliers Grand Est\"},\"image\":{\"@id\":\"https:\/\/frontaliers-grandest.eu\/de\/#\/schema\/logo\/image\/\"},\"sameAs\":[\"https:\/\/www.facebook.com\/frontaliers.GR.EST\/?locale=fr_FR\"]}]}<\/script>\n<!-- \/ Yoast SEO plugin. -->","yoast_head_json":{"title":"Sie m\u00f6chten in Frankreich einen paramedizinischen Beruf aus\u00fcben - Frontaliers Grand Est","description":"Entdecken Sie auf dieser Seite die verschiedenen Schritte, um im Gesundheitsbereich in Frankreich zu arbeiten.","robots":{"index":"index","follow":"follow","max-snippet":"max-snippet:-1","max-image-preview":"max-image-preview:large","max-video-preview":"max-video-preview:-1"},"canonical":"https:\/\/frontaliers-grandest.eu\/de\/startseite\/grenzganger\/deutschland-frankreich\/ausbildung-anerkennung-von-beruflichen-qualifikationen\/annerkennung-von-beruflichen-qualifikationen-in-frankreich\/sie-mochten-in-frankreich-einen-paramedizinischen-beruf-ausuben\/","og_locale":"de_DE","og_type":"article","og_title":"Sie m\u00f6chten in Frankreich einen paramedizinischen Beruf aus\u00fcben - Frontaliers Grand Est","og_description":"Entdecken Sie auf dieser Seite die verschiedenen Schritte, um im Gesundheitsbereich in Frankreich zu arbeiten.","og_url":"https:\/\/frontaliers-grandest.eu\/de\/startseite\/grenzganger\/deutschland-frankreich\/ausbildung-anerkennung-von-beruflichen-qualifikationen\/annerkennung-von-beruflichen-qualifikationen-in-frankreich\/sie-mochten-in-frankreich-einen-paramedizinischen-beruf-ausuben\/","og_site_name":"Frontaliers Grand Est","article_publisher":"https:\/\/www.facebook.com\/frontaliers.GR.EST\/?locale=fr_FR","article_modified_time":"2026-01-30T14:43:57+00:00","twitter_card":"summary_large_image","twitter_misc":{"Gesch\u00e4tzte Lesezeit":"5\u00a0Minuten"},"schema":{"@context":"https:\/\/schema.org","@graph":[{"@type":"WebPage","@id":"https:\/\/frontaliers-grandest.eu\/de\/startseite\/grenzganger\/deutschland-frankreich\/ausbildung-anerkennung-von-beruflichen-qualifikationen\/annerkennung-von-beruflichen-qualifikationen-in-frankreich\/sie-mochten-in-frankreich-einen-paramedizinischen-beruf-ausuben\/","url":"https:\/\/frontaliers-grandest.eu\/de\/startseite\/grenzganger\/deutschland-frankreich\/ausbildung-anerkennung-von-beruflichen-qualifikationen\/annerkennung-von-beruflichen-qualifikationen-in-frankreich\/sie-mochten-in-frankreich-einen-paramedizinischen-beruf-ausuben\/","name":"Sie m\u00f6chten in Frankreich einen paramedizinischen Beruf aus\u00fcben - Frontaliers Grand Est","isPartOf":{"@id":"https:\/\/frontaliers-grandest.eu\/de\/#website"},"datePublished":"2021-06-14T13:18:29+00:00","dateModified":"2026-01-30T14:43:57+00:00","description":"Entdecken Sie auf dieser Seite die verschiedenen Schritte, um im Gesundheitsbereich in Frankreich zu arbeiten.","breadcrumb":{"@id":"https:\/\/frontaliers-grandest.eu\/de\/startseite\/grenzganger\/deutschland-frankreich\/ausbildung-anerkennung-von-beruflichen-qualifikationen\/annerkennung-von-beruflichen-qualifikationen-in-frankreich\/sie-mochten-in-frankreich-einen-paramedizinischen-beruf-ausuben\/#breadcrumb"},"inLanguage":"de","potentialAction":[{"@type":"ReadAction","target":["https:\/\/frontaliers-grandest.eu\/de\/startseite\/grenzganger\/deutschland-frankreich\/ausbildung-anerkennung-von-beruflichen-qualifikationen\/annerkennung-von-beruflichen-qualifikationen-in-frankreich\/sie-mochten-in-frankreich-einen-paramedizinischen-beruf-ausuben\/"]}]},{"@type":"BreadcrumbList","@id":"https:\/\/frontaliers-grandest.eu\/de\/startseite\/grenzganger\/deutschland-frankreich\/ausbildung-anerkennung-von-beruflichen-qualifikationen\/annerkennung-von-beruflichen-qualifikationen-in-frankreich\/sie-mochten-in-frankreich-einen-paramedizinischen-beruf-ausuben\/#breadcrumb","itemListElement":[{"@type":"ListItem","position":1,"name":"Startseite","item":"https:\/\/frontaliers-grandest.eu\/de\/"},{"@type":"ListItem","position":2,"name":"Grenzg\u00e4nger","item":"https:\/\/frontaliers-grandest.eu\/de\/startseite\/grenzganger\/"},{"@type":"ListItem","position":3,"name":"Deutschland - Frankreich","item":"https:\/\/frontaliers-grandest.eu\/de\/startseite\/grenzganger\/deutschland-frankreich\/"},{"@type":"ListItem","position":4,"name":"Ausbildung \/ Anerkennung von beruflichen qualifikationen in Frankreich","item":"https:\/\/frontaliers-grandest.eu\/de\/startseite\/grenzganger\/deutschland-frankreich\/ausbildung-anerkennung-von-beruflichen-qualifikationen\/"},{"@type":"ListItem","position":5,"name":"Anerkennung von beruflichen qualifikationen in Frankreich","item":"https:\/\/frontaliers-grandest.eu\/de\/startseite\/grenzganger\/deutschland-frankreich\/ausbildung-anerkennung-von-beruflichen-qualifikationen\/annerkennung-von-beruflichen-qualifikationen-in-frankreich\/"},{"@type":"ListItem","position":6,"name":"Sie m\u00f6chten in Frankreich einen paramedizinischen Beruf aus\u00fcben"}]},{"@type":"WebSite","@id":"https:\/\/frontaliers-grandest.eu\/de\/#website","url":"https:\/\/frontaliers-grandest.eu\/de\/","name":"Frontaliers Grand Est","description":"Le site ressource du travail frontalier","publisher":{"@id":"https:\/\/frontaliers-grandest.eu\/de\/#organization"},"alternateName":"Frontaliers Grand Est","potentialAction":[{"@type":"SearchAction","target":{"@type":"EntryPoint","urlTemplate":"https:\/\/frontaliers-grandest.eu\/de\/?s={search_term_string}"},"query-input":{"@type":"PropertyValueSpecification","valueRequired":true,"valueName":"search_term_string"}}],"inLanguage":"de"},{"@type":"Organization","@id":"https:\/\/frontaliers-grandest.eu\/de\/#organization","name":"Frontaliers Grand Est","alternateName":"Frontaliers Grand Est","url":"https:\/\/frontaliers-grandest.eu\/de\/","logo":{"@type":"ImageObject","inLanguage":"de","@id":"https:\/\/frontaliers-grandest.eu\/de\/#\/schema\/logo\/image\/","url":"https:\/\/frontaliers-grandest.eu\/wp-content\/uploads\/2025\/07\/260328234_2966785176920310_3332838526503858160_n.jpg","contentUrl":"https:\/\/frontaliers-grandest.eu\/wp-content\/uploads\/2025\/07\/260328234_2966785176920310_3332838526503858160_n.jpg","width":396,"height":396,"caption":"Frontaliers Grand Est"},"image":{"@id":"https:\/\/frontaliers-grandest.eu\/de\/#\/schema\/logo\/image\/"},"sameAs":["https:\/\/www.facebook.com\/frontaliers.GR.EST\/?locale=fr_FR"]}]}},"frge_page_order":"0","_links":{"self":[{"href":"https:\/\/frontaliers-grandest.eu\/de\/wp-json\/wp\/v2\/pages\/8518","targetHints":{"allow":["GET"]}}],"collection":[{"href":"https:\/\/frontaliers-grandest.eu\/de\/wp-json\/wp\/v2\/pages"}],"about":[{"href":"https:\/\/frontaliers-grandest.eu\/de\/wp-json\/wp\/v2\/types\/page"}],"author":[{"embeddable":true,"href":"https:\/\/frontaliers-grandest.eu\/de\/wp-json\/wp\/v2\/users\/7"}],"replies":[{"embeddable":true,"href":"https:\/\/frontaliers-grandest.eu\/de\/wp-json\/wp\/v2\/comments?post=8518"}],"version-history":[{"count":6,"href":"https:\/\/frontaliers-grandest.eu\/de\/wp-json\/wp\/v2\/pages\/8518\/revisions"}],"predecessor-version":[{"id":57116,"href":"https:\/\/frontaliers-grandest.eu\/de\/wp-json\/wp\/v2\/pages\/8518\/revisions\/57116"}],"up":[{"embeddable":true,"href":"https:\/\/frontaliers-grandest.eu\/de\/wp-json\/wp\/v2\/pages\/8488"}],"wp:attachment":[{"href":"https:\/\/frontaliers-grandest.eu\/de\/wp-json\/wp\/v2\/media?parent=8518"}],"wp:term":[{"taxonomy":"post_tag","embeddable":true,"href":"https:\/\/frontaliers-grandest.eu\/de\/wp-json\/wp\/v2\/tags?post=8518"},{"taxonomy":"frge_profile","embeddable":true,"href":"https:\/\/frontaliers-grandest.eu\/de\/wp-json\/wp\/v2\/frge_profile?post=8518"}],"curies":[{"name":"wp","href":"https:\/\/api.w.org\/{rel}","templated":true}]}}