{"id":8513,"date":"2021-06-14T15:08:29","date_gmt":"2021-06-14T13:08:29","guid":{"rendered":"https:\/\/frontaliers-grandest.eu\/?page_id=8513"},"modified":"2024-07-08T08:28:02","modified_gmt":"2024-07-08T06:28:02","slug":"professionnalisierungsperiode-periode-de-professionnalisation-aufrechterhaltung-der-beschaftigung-fur-geringqualifizierten-personen","status":"publish","type":"page","link":"https:\/\/frontaliers-grandest.eu\/de\/startseite\/grenzganger\/deutschland-frankreich\/ausbildung-anerkennung-von-beruflichen-qualifikationen\/weiterbildung-des-arbeitnehmers-in-frankreich\/professionnalisierungsperiode-periode-de-professionnalisation-aufrechterhaltung-der-beschaftigung-fur-geringqualifizierten-personen\/","title":{"rendered":"Professionnalisierungsperiode (p\u00e9riode de professionnalisation ): Aufrechterhaltung der Besch\u00e4ftigung f\u00fcr geringqualifizierten Personen"},"content":{"rendered":"\n<p><strong>Berufsbezogenheitsperiode&nbsp;: Erhalt der Besch\u00e4ftigung der gering qualifizierten Arbeitnehmer<\/strong><\/p>\n\n\n\n<p>Der Zeitraum von Berufsbezogenheit richtet sich an die Arbeitnehmer als Teil der Belegschaft des Unternehmens, die einen unbefristeten Arbeitsvertrag haben. Es ist beabsichtigt, durch den Erwerb einer Zertifizierung, eine Besch\u00e4ftigung von gering qualifizierten Arbeitskr\u00e4ften zu f\u00f6rdern. Die Ausbildung kann w\u00e4hrend der Arbeitszeit im Rahmen eines Ausbildungsplans stattfinden oder au\u00dferhalb von Arbeitsstunden im Rahmen des personalen Ausbildungskontos.<\/p>\n\n\n\n<h4 class=\"wp-block-heading\"><strong>Voraussetzungen:<\/strong><\/h4>\n\n\n\n<p>Der Arbeitnehmer muss einem unbefristeten oder befristeten Arbeitsvertrag unterliegen, insbesondere in einer Einf\u00fchrungsstruktur, die durch die Wirtschaftst\u00e4tigkeit agiert oder einen einzelnen Integrationsvertrag haben. Die Ausbildung hat eine Mindestdauer von 70 Stunden verteilt \u00fcber einen Zeitraum von 12 Monaten.<\/p>\n\n\n\n<h4 class=\"wp-block-heading\"><strong>Vorgehen:<\/strong><\/h4>\n\n\n\n<p>Der Antrag muss an dem Arbeitgeber per Einschreiben mit Empfangsbest\u00e4tigung gestellt werden.<\/p>\n\n\n\n<p>In den Unternehmen mit weniger als 50 Mitarbeitern kann die Ausbildung auf der Initiative von Arbeitgeber verschoben werden, wenn mindestens 2 Arbeitnehmer darum gleichzeitig gebeten haben.<\/p>\n\n\n\n<h4 class=\"wp-block-heading\"><strong>Finanzierung:<\/strong><\/h4>\n\n\n\n<p>Die Finanzierung der Berufsbezogenheitsperiode wird durch die OPCA gew\u00e4hrleistet, an der das Unternehmen seine Beitr\u00e4ge zur Weiterbildung gezahlt hat.<\/p>\n\n\n\n<p>Die Gehaltsfortzahlung wird w\u00e4hrend der Arbeitszeit f\u00fcr die Ausbildung gew\u00e4hrt. F\u00fcr die Ausbildungen au\u00dferhalb der Arbeitszeit, muss der Arbeitgeber eine Ausbildungsverg\u00fctung in H\u00f6he von 50% des Netto-Gehaltes zahlen, die zus\u00e4tzlich zum Gehalt leistet wird.<\/p>\n\n\n\n<h4 class=\"wp-block-heading\"><strong>F\u00f6rderf\u00e4hige Ausbildungen:<\/strong><\/h4>\n\n\n\n<ul class=\"wp-block-list\"><li>eingetragen Qualifizierungskurse in dem staatlichen Register der Zertifikate (RNCP),<\/li><li>Ausbildungen die den Zugang zur die Kompetenzenkern und die Einf\u00fchrung in die Berufswelt der Arbeit erleichtern ,<\/li><li>die zu einem Zertifikat der Nationalen Kommission f\u00fcr die berufliche Zertifizierung (CNCP) f\u00fchrende Ausbildungen.<\/li><\/ul>\n\n\n\n<h5 class=\"wp-block-heading\">Ausk\u00fcnfte:<\/h5>\n\n\n\n<p><strong>OPCA interprofessionnel pour la Lorraine\u00a0:<\/strong><\/p>\n\n\n\n<ul class=\"wp-block-list\"><li>OPCAREG Lorraine\u00a0\u00a0\u00a0<br><a href=\"http:\/\/www.opcareg-lorraine.org\/\" target=\"_blank\" rel=\"noreferrer noopener\">www.opcareg-lorraine.org<\/a>,<\/li><li>Minist\u00e8re du Travail, de la Solidarit\u00e9 et de la Fonction Publique\u00a0<br>\u00a0<a href=\"http:\/\/www.travail-solidarite.gouv.fr\/\" target=\"_blank\" rel=\"noreferrer noopener\">www.travail-solidarite.gouv.fr<\/a>.<\/li><\/ul>\n","protected":false},"excerpt":{"rendered":"<p>Berufsbezogenheitsperiode&nbsp;: Erhalt der Besch\u00e4ftigung der gering qualifizierten Arbeitnehmer Der Zeitraum von Berufsbezogenheit richtet sich an die Arbeitnehmer als Teil der Belegschaft des Unternehmens, die einen unbefristeten Arbeitsvertrag haben. Es ist beabsichtigt, durch den Erwerb einer Zertifizierung, eine Besch\u00e4ftigung von gering qualifizierten Arbeitskr\u00e4ften zu f\u00f6rdern. Die Ausbildung kann w\u00e4hrend der Arbeitszeit im Rahmen eines Ausbildungsplans stattfinden [&hellip;]<\/p>\n","protected":false},"author":7,"featured_media":0,"parent":8486,"menu_order":4,"comment_status":"closed","ping_status":"closed","template":"","meta":{"inline_featured_image":false,"footnotes":""},"tags":[],"frge_profile":[],"class_list":["post-8513","page","type-page","status-publish","hentry"],"yoast_head":"<!-- This site is optimized with the Yoast SEO plugin v27.1.1 - https:\/\/yoast.com\/product\/yoast-seo-wordpress\/ -->\n<title>Professionalisierungsperiode: besch\u00e4ftigung f\u00fcr geringqualifizierte<\/title>\n<meta name=\"description\" content=\"Berufsbezogenheitsperiode: F\u00f6rderung der Besch\u00e4ftigung gering qualifizierter Arbeitnehmer durch Zertifizierung und Weiterbildung.\" \/>\n<meta name=\"robots\" content=\"index, follow, max-snippet:-1, max-image-preview:large, max-video-preview:-1\" \/>\n<link rel=\"canonical\" href=\"https:\/\/frontaliers-grandest.eu\/de\/startseite\/grenzganger\/deutschland-frankreich\/ausbildung-anerkennung-von-beruflichen-qualifikationen\/weiterbildung-des-arbeitnehmers-in-frankreich\/professionnalisierungsperiode-periode-de-professionnalisation-aufrechterhaltung-der-beschaftigung-fur-geringqualifizierten-personen\/\" \/>\n<meta property=\"og:locale\" content=\"de_DE\" \/>\n<meta property=\"og:type\" content=\"article\" \/>\n<meta property=\"og:title\" content=\"Professionalisierungsperiode: besch\u00e4ftigung f\u00fcr geringqualifizierte\" \/>\n<meta property=\"og:description\" content=\"Berufsbezogenheitsperiode: F\u00f6rderung der Besch\u00e4ftigung gering qualifizierter Arbeitnehmer durch Zertifizierung und Weiterbildung.\" \/>\n<meta property=\"og:url\" content=\"https:\/\/frontaliers-grandest.eu\/de\/startseite\/grenzganger\/deutschland-frankreich\/ausbildung-anerkennung-von-beruflichen-qualifikationen\/weiterbildung-des-arbeitnehmers-in-frankreich\/professionnalisierungsperiode-periode-de-professionnalisation-aufrechterhaltung-der-beschaftigung-fur-geringqualifizierten-personen\/\" \/>\n<meta property=\"og:site_name\" content=\"Frontaliers Grand Est\" \/>\n<meta property=\"article:publisher\" content=\"https:\/\/www.facebook.com\/frontaliers.GR.EST\/?locale=fr_FR\" \/>\n<meta property=\"article:modified_time\" content=\"2024-07-08T06:28:02+00:00\" \/>\n<meta name=\"twitter:card\" content=\"summary_large_image\" \/>\n<meta name=\"twitter:label1\" content=\"Gesch\u00e4tzte Lesezeit\" \/>\n\t<meta name=\"twitter:data1\" content=\"2\u00a0Minuten\" \/>\n<script type=\"application\/ld+json\" class=\"yoast-schema-graph\">{\"@context\":\"https:\/\/schema.org\",\"@graph\":[{\"@type\":\"WebPage\",\"@id\":\"https:\/\/frontaliers-grandest.eu\/de\/startseite\/grenzganger\/deutschland-frankreich\/ausbildung-anerkennung-von-beruflichen-qualifikationen\/weiterbildung-des-arbeitnehmers-in-frankreich\/professionnalisierungsperiode-periode-de-professionnalisation-aufrechterhaltung-der-beschaftigung-fur-geringqualifizierten-personen\/\",\"url\":\"https:\/\/frontaliers-grandest.eu\/de\/startseite\/grenzganger\/deutschland-frankreich\/ausbildung-anerkennung-von-beruflichen-qualifikationen\/weiterbildung-des-arbeitnehmers-in-frankreich\/professionnalisierungsperiode-periode-de-professionnalisation-aufrechterhaltung-der-beschaftigung-fur-geringqualifizierten-personen\/\",\"name\":\"Professionalisierungsperiode: besch\u00e4ftigung f\u00fcr geringqualifizierte\",\"isPartOf\":{\"@id\":\"https:\/\/frontaliers-grandest.eu\/de\/#website\"},\"datePublished\":\"2021-06-14T13:08:29+00:00\",\"dateModified\":\"2024-07-08T06:28:02+00:00\",\"description\":\"Berufsbezogenheitsperiode: F\u00f6rderung der Besch\u00e4ftigung gering qualifizierter Arbeitnehmer durch Zertifizierung und Weiterbildung.\",\"breadcrumb\":{\"@id\":\"https:\/\/frontaliers-grandest.eu\/de\/startseite\/grenzganger\/deutschland-frankreich\/ausbildung-anerkennung-von-beruflichen-qualifikationen\/weiterbildung-des-arbeitnehmers-in-frankreich\/professionnalisierungsperiode-periode-de-professionnalisation-aufrechterhaltung-der-beschaftigung-fur-geringqualifizierten-personen\/#breadcrumb\"},\"inLanguage\":\"de\",\"potentialAction\":[{\"@type\":\"ReadAction\",\"target\":[\"https:\/\/frontaliers-grandest.eu\/de\/startseite\/grenzganger\/deutschland-frankreich\/ausbildung-anerkennung-von-beruflichen-qualifikationen\/weiterbildung-des-arbeitnehmers-in-frankreich\/professionnalisierungsperiode-periode-de-professionnalisation-aufrechterhaltung-der-beschaftigung-fur-geringqualifizierten-personen\/\"]}]},{\"@type\":\"BreadcrumbList\",\"@id\":\"https:\/\/frontaliers-grandest.eu\/de\/startseite\/grenzganger\/deutschland-frankreich\/ausbildung-anerkennung-von-beruflichen-qualifikationen\/weiterbildung-des-arbeitnehmers-in-frankreich\/professionnalisierungsperiode-periode-de-professionnalisation-aufrechterhaltung-der-beschaftigung-fur-geringqualifizierten-personen\/#breadcrumb\",\"itemListElement\":[{\"@type\":\"ListItem\",\"position\":1,\"name\":\"Startseite\",\"item\":\"https:\/\/frontaliers-grandest.eu\/de\/\"},{\"@type\":\"ListItem\",\"position\":2,\"name\":\"Grenzg\u00e4nger\",\"item\":\"https:\/\/frontaliers-grandest.eu\/de\/startseite\/grenzganger\/\"},{\"@type\":\"ListItem\",\"position\":3,\"name\":\"Deutschland - Frankreich\",\"item\":\"https:\/\/frontaliers-grandest.eu\/de\/startseite\/grenzganger\/deutschland-frankreich\/\"},{\"@type\":\"ListItem\",\"position\":4,\"name\":\"Ausbildung \/ Anerkennung von beruflichen qualifikationen in Frankreich\",\"item\":\"https:\/\/frontaliers-grandest.eu\/de\/startseite\/grenzganger\/deutschland-frankreich\/ausbildung-anerkennung-von-beruflichen-qualifikationen\/\"},{\"@type\":\"ListItem\",\"position\":5,\"name\":\"Weiterbildung des Arbeitnehmers in Frankreich\",\"item\":\"https:\/\/frontaliers-grandest.eu\/de\/startseite\/grenzganger\/deutschland-frankreich\/ausbildung-anerkennung-von-beruflichen-qualifikationen\/weiterbildung-des-arbeitnehmers-in-frankreich\/\"},{\"@type\":\"ListItem\",\"position\":6,\"name\":\"Professionnalisierungsperiode (p\u00e9riode de professionnalisation ): Aufrechterhaltung der Besch\u00e4ftigung f\u00fcr geringqualifizierten Personen\"}]},{\"@type\":\"WebSite\",\"@id\":\"https:\/\/frontaliers-grandest.eu\/de\/#website\",\"url\":\"https:\/\/frontaliers-grandest.eu\/de\/\",\"name\":\"Frontaliers Grand Est\",\"description\":\"Le site ressource du travail frontalier\",\"publisher\":{\"@id\":\"https:\/\/frontaliers-grandest.eu\/de\/#organization\"},\"alternateName\":\"Frontaliers Grand Est\",\"potentialAction\":[{\"@type\":\"SearchAction\",\"target\":{\"@type\":\"EntryPoint\",\"urlTemplate\":\"https:\/\/frontaliers-grandest.eu\/de\/?s={search_term_string}\"},\"query-input\":{\"@type\":\"PropertyValueSpecification\",\"valueRequired\":true,\"valueName\":\"search_term_string\"}}],\"inLanguage\":\"de\"},{\"@type\":\"Organization\",\"@id\":\"https:\/\/frontaliers-grandest.eu\/de\/#organization\",\"name\":\"Frontaliers Grand Est\",\"alternateName\":\"Frontaliers Grand Est\",\"url\":\"https:\/\/frontaliers-grandest.eu\/de\/\",\"logo\":{\"@type\":\"ImageObject\",\"inLanguage\":\"de\",\"@id\":\"https:\/\/frontaliers-grandest.eu\/de\/#\/schema\/logo\/image\/\",\"url\":\"https:\/\/frontaliers-grandest.eu\/wp-content\/uploads\/2025\/07\/260328234_2966785176920310_3332838526503858160_n.jpg\",\"contentUrl\":\"https:\/\/frontaliers-grandest.eu\/wp-content\/uploads\/2025\/07\/260328234_2966785176920310_3332838526503858160_n.jpg\",\"width\":396,\"height\":396,\"caption\":\"Frontaliers Grand Est\"},\"image\":{\"@id\":\"https:\/\/frontaliers-grandest.eu\/de\/#\/schema\/logo\/image\/\"},\"sameAs\":[\"https:\/\/www.facebook.com\/frontaliers.GR.EST\/?locale=fr_FR\"]}]}<\/script>\n<!-- \/ Yoast SEO plugin. -->","yoast_head_json":{"title":"Professionalisierungsperiode: besch\u00e4ftigung f\u00fcr geringqualifizierte","description":"Berufsbezogenheitsperiode: F\u00f6rderung der Besch\u00e4ftigung gering qualifizierter Arbeitnehmer durch Zertifizierung und Weiterbildung.","robots":{"index":"index","follow":"follow","max-snippet":"max-snippet:-1","max-image-preview":"max-image-preview:large","max-video-preview":"max-video-preview:-1"},"canonical":"https:\/\/frontaliers-grandest.eu\/de\/startseite\/grenzganger\/deutschland-frankreich\/ausbildung-anerkennung-von-beruflichen-qualifikationen\/weiterbildung-des-arbeitnehmers-in-frankreich\/professionnalisierungsperiode-periode-de-professionnalisation-aufrechterhaltung-der-beschaftigung-fur-geringqualifizierten-personen\/","og_locale":"de_DE","og_type":"article","og_title":"Professionalisierungsperiode: besch\u00e4ftigung f\u00fcr geringqualifizierte","og_description":"Berufsbezogenheitsperiode: F\u00f6rderung der Besch\u00e4ftigung gering qualifizierter Arbeitnehmer durch Zertifizierung und Weiterbildung.","og_url":"https:\/\/frontaliers-grandest.eu\/de\/startseite\/grenzganger\/deutschland-frankreich\/ausbildung-anerkennung-von-beruflichen-qualifikationen\/weiterbildung-des-arbeitnehmers-in-frankreich\/professionnalisierungsperiode-periode-de-professionnalisation-aufrechterhaltung-der-beschaftigung-fur-geringqualifizierten-personen\/","og_site_name":"Frontaliers Grand Est","article_publisher":"https:\/\/www.facebook.com\/frontaliers.GR.EST\/?locale=fr_FR","article_modified_time":"2024-07-08T06:28:02+00:00","twitter_card":"summary_large_image","twitter_misc":{"Gesch\u00e4tzte Lesezeit":"2\u00a0Minuten"},"schema":{"@context":"https:\/\/schema.org","@graph":[{"@type":"WebPage","@id":"https:\/\/frontaliers-grandest.eu\/de\/startseite\/grenzganger\/deutschland-frankreich\/ausbildung-anerkennung-von-beruflichen-qualifikationen\/weiterbildung-des-arbeitnehmers-in-frankreich\/professionnalisierungsperiode-periode-de-professionnalisation-aufrechterhaltung-der-beschaftigung-fur-geringqualifizierten-personen\/","url":"https:\/\/frontaliers-grandest.eu\/de\/startseite\/grenzganger\/deutschland-frankreich\/ausbildung-anerkennung-von-beruflichen-qualifikationen\/weiterbildung-des-arbeitnehmers-in-frankreich\/professionnalisierungsperiode-periode-de-professionnalisation-aufrechterhaltung-der-beschaftigung-fur-geringqualifizierten-personen\/","name":"Professionalisierungsperiode: besch\u00e4ftigung f\u00fcr geringqualifizierte","isPartOf":{"@id":"https:\/\/frontaliers-grandest.eu\/de\/#website"},"datePublished":"2021-06-14T13:08:29+00:00","dateModified":"2024-07-08T06:28:02+00:00","description":"Berufsbezogenheitsperiode: F\u00f6rderung der Besch\u00e4ftigung gering qualifizierter Arbeitnehmer durch Zertifizierung und Weiterbildung.","breadcrumb":{"@id":"https:\/\/frontaliers-grandest.eu\/de\/startseite\/grenzganger\/deutschland-frankreich\/ausbildung-anerkennung-von-beruflichen-qualifikationen\/weiterbildung-des-arbeitnehmers-in-frankreich\/professionnalisierungsperiode-periode-de-professionnalisation-aufrechterhaltung-der-beschaftigung-fur-geringqualifizierten-personen\/#breadcrumb"},"inLanguage":"de","potentialAction":[{"@type":"ReadAction","target":["https:\/\/frontaliers-grandest.eu\/de\/startseite\/grenzganger\/deutschland-frankreich\/ausbildung-anerkennung-von-beruflichen-qualifikationen\/weiterbildung-des-arbeitnehmers-in-frankreich\/professionnalisierungsperiode-periode-de-professionnalisation-aufrechterhaltung-der-beschaftigung-fur-geringqualifizierten-personen\/"]}]},{"@type":"BreadcrumbList","@id":"https:\/\/frontaliers-grandest.eu\/de\/startseite\/grenzganger\/deutschland-frankreich\/ausbildung-anerkennung-von-beruflichen-qualifikationen\/weiterbildung-des-arbeitnehmers-in-frankreich\/professionnalisierungsperiode-periode-de-professionnalisation-aufrechterhaltung-der-beschaftigung-fur-geringqualifizierten-personen\/#breadcrumb","itemListElement":[{"@type":"ListItem","position":1,"name":"Startseite","item":"https:\/\/frontaliers-grandest.eu\/de\/"},{"@type":"ListItem","position":2,"name":"Grenzg\u00e4nger","item":"https:\/\/frontaliers-grandest.eu\/de\/startseite\/grenzganger\/"},{"@type":"ListItem","position":3,"name":"Deutschland - Frankreich","item":"https:\/\/frontaliers-grandest.eu\/de\/startseite\/grenzganger\/deutschland-frankreich\/"},{"@type":"ListItem","position":4,"name":"Ausbildung \/ Anerkennung von beruflichen qualifikationen in Frankreich","item":"https:\/\/frontaliers-grandest.eu\/de\/startseite\/grenzganger\/deutschland-frankreich\/ausbildung-anerkennung-von-beruflichen-qualifikationen\/"},{"@type":"ListItem","position":5,"name":"Weiterbildung des Arbeitnehmers in Frankreich","item":"https:\/\/frontaliers-grandest.eu\/de\/startseite\/grenzganger\/deutschland-frankreich\/ausbildung-anerkennung-von-beruflichen-qualifikationen\/weiterbildung-des-arbeitnehmers-in-frankreich\/"},{"@type":"ListItem","position":6,"name":"Professionnalisierungsperiode (p\u00e9riode de professionnalisation ): Aufrechterhaltung der Besch\u00e4ftigung f\u00fcr geringqualifizierten Personen"}]},{"@type":"WebSite","@id":"https:\/\/frontaliers-grandest.eu\/de\/#website","url":"https:\/\/frontaliers-grandest.eu\/de\/","name":"Frontaliers Grand Est","description":"Le site ressource du travail frontalier","publisher":{"@id":"https:\/\/frontaliers-grandest.eu\/de\/#organization"},"alternateName":"Frontaliers Grand Est","potentialAction":[{"@type":"SearchAction","target":{"@type":"EntryPoint","urlTemplate":"https:\/\/frontaliers-grandest.eu\/de\/?s={search_term_string}"},"query-input":{"@type":"PropertyValueSpecification","valueRequired":true,"valueName":"search_term_string"}}],"inLanguage":"de"},{"@type":"Organization","@id":"https:\/\/frontaliers-grandest.eu\/de\/#organization","name":"Frontaliers Grand Est","alternateName":"Frontaliers Grand Est","url":"https:\/\/frontaliers-grandest.eu\/de\/","logo":{"@type":"ImageObject","inLanguage":"de","@id":"https:\/\/frontaliers-grandest.eu\/de\/#\/schema\/logo\/image\/","url":"https:\/\/frontaliers-grandest.eu\/wp-content\/uploads\/2025\/07\/260328234_2966785176920310_3332838526503858160_n.jpg","contentUrl":"https:\/\/frontaliers-grandest.eu\/wp-content\/uploads\/2025\/07\/260328234_2966785176920310_3332838526503858160_n.jpg","width":396,"height":396,"caption":"Frontaliers Grand Est"},"image":{"@id":"https:\/\/frontaliers-grandest.eu\/de\/#\/schema\/logo\/image\/"},"sameAs":["https:\/\/www.facebook.com\/frontaliers.GR.EST\/?locale=fr_FR"]}]}},"frge_page_order":0,"_links":{"self":[{"href":"https:\/\/frontaliers-grandest.eu\/de\/wp-json\/wp\/v2\/pages\/8513","targetHints":{"allow":["GET"]}}],"collection":[{"href":"https:\/\/frontaliers-grandest.eu\/de\/wp-json\/wp\/v2\/pages"}],"about":[{"href":"https:\/\/frontaliers-grandest.eu\/de\/wp-json\/wp\/v2\/types\/page"}],"author":[{"embeddable":true,"href":"https:\/\/frontaliers-grandest.eu\/de\/wp-json\/wp\/v2\/users\/7"}],"replies":[{"embeddable":true,"href":"https:\/\/frontaliers-grandest.eu\/de\/wp-json\/wp\/v2\/comments?post=8513"}],"version-history":[{"count":1,"href":"https:\/\/frontaliers-grandest.eu\/de\/wp-json\/wp\/v2\/pages\/8513\/revisions"}],"predecessor-version":[{"id":8514,"href":"https:\/\/frontaliers-grandest.eu\/de\/wp-json\/wp\/v2\/pages\/8513\/revisions\/8514"}],"up":[{"embeddable":true,"href":"https:\/\/frontaliers-grandest.eu\/de\/wp-json\/wp\/v2\/pages\/8486"}],"wp:attachment":[{"href":"https:\/\/frontaliers-grandest.eu\/de\/wp-json\/wp\/v2\/media?parent=8513"}],"wp:term":[{"taxonomy":"post_tag","embeddable":true,"href":"https:\/\/frontaliers-grandest.eu\/de\/wp-json\/wp\/v2\/tags?post=8513"},{"taxonomy":"frge_profile","embeddable":true,"href":"https:\/\/frontaliers-grandest.eu\/de\/wp-json\/wp\/v2\/frge_profile?post=8513"}],"curies":[{"name":"wp","href":"https:\/\/api.w.org\/{rel}","templated":true}]}}