{"id":8501,"date":"2021-06-14T14:56:58","date_gmt":"2021-06-14T12:56:58","guid":{"rendered":"https:\/\/frontaliers-grandest.eu\/?page_id=8501"},"modified":"2026-01-26T16:28:29","modified_gmt":"2026-01-26T15:28:29","slug":"der-individuelle-bildungsurlaub-conge-individuel-de-formation-eine-einjahrige-fortbildung","status":"publish","type":"page","link":"https:\/\/frontaliers-grandest.eu\/de\/startseite\/grenzganger\/deutschland-frankreich\/ausbildung-anerkennung-von-beruflichen-qualifikationen\/weiterbildung-des-arbeitnehmers-in-frankreich\/der-individuelle-bildungsurlaub-conge-individuel-de-formation-eine-einjahrige-fortbildung\/","title":{"rendered":"Das Projekt des beruflichen \u00dcbergangs"},"content":{"rendered":"\n<p>Das Projekt f\u00fcr den beruflichen \u00dcbergang ersetzt die bisherige Regelung des individuellen Bildungsurlaubs, der seit dem 1. Januar 2019 abgeschafft wurde. Er erm\u00f6glicht es dem Arbeitnehmer, sich von seiner Arbeitsstelle fernzuhalten, um eine Ausbildung zu absolvieren, damit er seine berufliche Orientierung \u00e4ndern oder einen neuen Beruf erlernen kann.<\/p>\n\n\n\n<p>Die beantragte Ausbildung muss nicht mit der beruflichen T\u00e4tigkeit des Arbeitnehmers zusammenh\u00e4ngen, aber sie muss f\u00fcr das pers\u00f6nliche Ausbildungskonto (CPF) in Frage kommen.<\/p>\n\n\n\n<p>Die Dauer des Berufs\u00fcbergangsprojekts betr\u00e4gt ein Jahr oder mehr, wenn die Ausbildung in Vollzeit erfolgt, oder 1200 Stunden oder mehr, wenn sie in Teilzeit durchgef\u00fchrt wird.<\/p>\n\n\n\n<div class=\"wp-block-frontaliers-grandest-plugin-frge-accordion-block\"><div class=\"accordion-top\"><h4 class=\"accordion-title\">Bedingungen<\/h4><svg viewBox=\"0 0 24 24\" stroke-width=\"1.5\" fill=\"none\" xmlns=\"http:\/\/www.w3.org\/2000\/svg\" class=\"accordion-top__icon\"><path d=\"M3 12L21 12M21 12L12.5 3.5M21 12L12.5 20.5\" stroke-width=\"1.5\" stroke-linecap=\"round\" stroke-linejoin=\"round\"><\/path><\/svg><\/div><div class=\"accordion-content\">\n<p>Um von einem beruflichen \u00dcbergangsprojekt zu profitieren, muss der Arbeitnehmer mit unbefristetem Arbeitsvertrag eine Betriebszugeh\u00f6rigkeit von mindestens 2 aufeinanderfolgenden oder nicht aufeinanderfolgenden Jahren nachweisen, davon 12 Monate in demselben Unternehmen, unabh\u00e4ngig von der Art der aufeinander folgenden Arbeitsvertr\u00e4ge.<\/p>\n<\/div><\/div>\n\n\n\n<div class=\"wp-block-frontaliers-grandest-plugin-frge-accordion-block\"><div class=\"accordion-top\"><h4 class=\"accordion-title\">F\u00f6rderf\u00e4hige Ausbildungsg\u00e4nge<\/h4><svg viewBox=\"0 0 24 24\" stroke-width=\"1.5\" fill=\"none\" xmlns=\"http:\/\/www.w3.org\/2000\/svg\" class=\"accordion-top__icon\"><path d=\"M3 12L21 12M21 12L12.5 3.5M21 12L12.5 20.5\" stroke-width=\"1.5\" stroke-linecap=\"round\" stroke-linejoin=\"round\"><\/path><\/svg><\/div><div class=\"accordion-content\">\n<p>Im Rahmen des Projekts f\u00fcr den beruflichen \u00dcbergang ist die Auswahl der Ausbildungsg\u00e4nge restriktiver als im Rahmen des individuellen Bildungsurlaubs (CIF). Die vom Kandidaten \u00fcber das Personal Training Account gew\u00e4hlte Ausbildungseinrichtung muss eine \u00abvorherige Positionierung\u00bb vornehmen. Diese Positionierung erm\u00f6glicht es, die Kompetenzen des Kandidaten zu bewerten, sich auf die mit der angestrebten Zertifizierung zu erreichenden Ziele zu konzentrieren und die Dauer der vorgeschlagenen Ausbildung anzupassen.<\/p>\n<\/div><\/div>\n\n\n\n<div class=\"wp-block-frontaliers-grandest-plugin-frge-accordion-block\"><div class=\"accordion-top\"><h4 class=\"accordion-title\">Schritte<\/h4><svg viewBox=\"0 0 24 24\" stroke-width=\"1.5\" fill=\"none\" xmlns=\"http:\/\/www.w3.org\/2000\/svg\" class=\"accordion-top__icon\"><path d=\"M3 12L21 12M21 12L12.5 3.5M21 12L12.5 20.5\" stroke-width=\"1.5\" stroke-linecap=\"round\" stroke-linejoin=\"round\"><\/path><\/svg><\/div><div class=\"accordion-content\">\n<ul class=\"wp-block-list\">\n<li>Wenn die Ausbildung weniger als 6 Monate dauert oder auf Teilzeitbasis stattfindet: Ein Antrag muss 60 Tage vor Beginn der Ausbildung an den Arbeitgeber gerichtet werden.<\/li>\n\n\n\n<li>Wenn die Ausbildung 6 Monate oder l\u00e4nger dauert: Der Antrag muss 120 Tage vor Beginn der Ausbildung an den Arbeitgeber gerichtet werden.<\/li>\n<\/ul>\n\n\n\n<p>Der Arbeitgeber muss dem Arbeitnehmer innerhalb von 30 Tagen nach Eingang des Urlaubsantrags antworten. Wenn der Arbeitgeber nicht innerhalb der gesetzten Frist antwortet, wird die Freistellungsgenehmigung von Rechts wegen erteilt. Der Arbeitgeber kann den beruflichen \u00dcbergangsurlaub nicht verweigern, er kann ihn jedoch um h\u00f6chstens 9 Monate verschieben, wenn die Abwesenheit des Arbeitnehmers das reibungslose Funktionieren des Unternehmens beeintr\u00e4chtigt.<\/p>\n\n\n\n<p>Der Arbeitnehmer muss auch einen Antrag auf \u00dcbernahme seines beruflichen \u00dcbergangsprojekts bei der Association Transitions Pro (ATpro ) einreichen, die an seinem Hauptwohnsitz oder -arbeitsplatz zugelassen ist, w\u00e4hrend er seinen Arbeitsvertrag ausf\u00fchrt. Der Parit\u00e4tische Ausschuss beurteilt die Relevanz des Projekts, pr\u00fcft den Antrag auf finanzielle Unterst\u00fctzung und genehmigt die Durchf\u00fchrung und Finanzierung des Projekts. Diese Entscheidung wird dem Antragsteller mitgeteilt.<\/p>\n\n\n\n<p>Liste der Transitions Pro-Verb\u00e4nde: <a href=\"https:\/\/arbeit.gouv.fr\/berufsbildend-ausbildung\/partners-rahmenund -qualit\u00e4te-berufsbildung\/cpir\">https:\/\/travail-emploi.gouv.fr\/formation-professionnelle\/acteurs-cadre-et-qualite-de-la-formation-professionnelle\/cpir<\/a><\/p>\n<\/div><\/div>\n\n\n\n<div class=\"wp-block-frontaliers-grandest-plugin-frge-accordion-block\"><div class=\"accordion-top\"><h4 class=\"accordion-title\">Finanzierung<\/h4><svg viewBox=\"0 0 24 24\" stroke-width=\"1.5\" fill=\"none\" xmlns=\"http:\/\/www.w3.org\/2000\/svg\" class=\"accordion-top__icon\"><path d=\"M3 12L21 12M21 12L12.5 3.5M21 12L12.5 20.5\" stroke-width=\"1.5\" stroke-linecap=\"round\" stroke-linejoin=\"round\"><\/path><\/svg><\/div><div class=\"accordion-content\">\n<p><strong><span style=\"text-decoration: underline;\">Beibehaltung des Lohnes<\/span><\/strong><br>Wenn die Ausbildung in der Arbeitszeit durchgef\u00fchrt wird: Der Beg\u00fcnstigte eines beruflichen \u00dcbergangsurlaubs kann eine Verg\u00fctung erhalten, die sich nach dem Referenzgehalt richtet.<\/p>\n\n\n\n<p><strong><span style=\"text-decoration: underline;\">Erstattung an den Arbeitgeber<\/span><\/strong><br>Die Verg\u00fctung und die gesetzlichen und vertraglichen Sozialbeitr\u00e4ge werden vom Arbeitgeber direkt an den Arbeitnehmer gezahlt, der anschlie\u00dfend von der Interregionalen Parit\u00e4tischen Kommission (CPIR) erstattet wird. In Unternehmen mit weniger als 50 Besch\u00e4ftigten kann der Arbeitgeber bei der Interregionalen Parit\u00e4tischen Kommission (CPIR) die Zahlung von Vorsch\u00fcssen auf die Erstattung des Arbeitsentgelts beantragen.<\/p>\n<\/div><\/div>\n\n\n\n<h5 class=\"wp-block-heading\"><strong>Ausk\u00fcnfte:<\/strong><\/h5>\n\n\n\n<figure class=\"wp-block-pullquote\"><blockquote><p><strong>FONGECIF Lorraine<\/strong><br><br>Tel. 03 83 30 82 80,<br>Kostenlose Nummer aus Frankreich: 0 800 328337<br><a href=\"http:\/\/www.fongecif-lorraine.org\/\" target=\"_blank\" rel=\"noreferrer noopener\">www.fongecif-lorraine.org<\/a><\/p><\/blockquote><\/figure>\n\n\n\n<p><strong>F\u00fcr weitere Informationen wenden Sie sich bitte an die Website von Greta Lorraine :<\/strong><\/p>\n\n\n\n<figure class=\"wp-block-pullquote\"><blockquote><p><strong>Greta Lorraine<\/strong><br><strong><br><\/strong>Tel. 03 87&nbsp;76 40 31<br><a href=\"https:\/\/www.greta-lorraine.fr\/reseau\/gip-formation-tout-au-long-de-la-vie\/\" target=\"_blank\" rel=\"noreferrer noopener\">https:\/\/www.greta-lorraine.fr\/reseau\/gip-formation-tout-au-long-de-la-vie\/<\/a><\/p><\/blockquote><\/figure>\n","protected":false},"excerpt":{"rendered":"<p>Das Projekt f\u00fcr den beruflichen \u00dcbergang ersetzt die bisherige Regelung des individuellen Bildungsurlaubs, der seit dem 1. Januar 2019 abgeschafft wurde. Er erm\u00f6glicht es dem Arbeitnehmer, sich von seiner Arbeitsstelle fernzuhalten, um eine Ausbildung zu absolvieren, damit er seine berufliche Orientierung \u00e4ndern oder einen neuen Beruf erlernen kann. Die beantragte Ausbildung muss nicht mit der [&hellip;]<\/p>\n","protected":false},"author":7,"featured_media":0,"parent":8486,"menu_order":1,"comment_status":"closed","ping_status":"closed","template":"","meta":{"inline_featured_image":false,"footnotes":""},"tags":[461,447,448,517],"frge_profile":[225],"class_list":["post-8501","page","type-page","status-publish","hentry","tag-arbeitnehmer","tag-ausbildung","tag-frankreich","tag-grengaenger","frge_profile-arbeitnehmer"],"yoast_head":"<!-- This site is optimized with the Yoast SEO plugin v27.1.1 - https:\/\/yoast.com\/product\/yoast-seo-wordpress\/ -->\n<title>Individueller bildungsurlaub: voraussetzungen und finanzierung<\/title>\n<meta name=\"description\" content=\"Individueller Bildungsurlaub : einj\u00e4hriger Sonderurlaub f\u00fcr Weiterbildung, Berufswechsel oder kulturelle Teilhabe bei 2 Jahren Betriebszugeh\u00f6rigkeit.\" \/>\n<meta name=\"robots\" content=\"index, follow, max-snippet:-1, max-image-preview:large, max-video-preview:-1\" \/>\n<link rel=\"canonical\" href=\"https:\/\/frontaliers-grandest.eu\/de\/startseite\/grenzganger\/deutschland-frankreich\/ausbildung-anerkennung-von-beruflichen-qualifikationen\/weiterbildung-des-arbeitnehmers-in-frankreich\/der-individuelle-bildungsurlaub-conge-individuel-de-formation-eine-einjahrige-fortbildung\/\" \/>\n<meta property=\"og:locale\" content=\"de_DE\" \/>\n<meta property=\"og:type\" content=\"article\" \/>\n<meta property=\"og:title\" content=\"Individueller bildungsurlaub: voraussetzungen und finanzierung\" \/>\n<meta property=\"og:description\" content=\"Individueller Bildungsurlaub : einj\u00e4hriger Sonderurlaub f\u00fcr Weiterbildung, Berufswechsel oder kulturelle Teilhabe bei 2 Jahren Betriebszugeh\u00f6rigkeit.\" \/>\n<meta property=\"og:url\" content=\"https:\/\/frontaliers-grandest.eu\/de\/startseite\/grenzganger\/deutschland-frankreich\/ausbildung-anerkennung-von-beruflichen-qualifikationen\/weiterbildung-des-arbeitnehmers-in-frankreich\/der-individuelle-bildungsurlaub-conge-individuel-de-formation-eine-einjahrige-fortbildung\/\" \/>\n<meta property=\"og:site_name\" content=\"Frontaliers Grand Est\" \/>\n<meta property=\"article:publisher\" content=\"https:\/\/www.facebook.com\/frontaliers.GR.EST\/?locale=fr_FR\" \/>\n<meta property=\"article:modified_time\" content=\"2026-01-26T15:28:29+00:00\" \/>\n<meta name=\"twitter:card\" content=\"summary_large_image\" \/>\n<meta name=\"twitter:label1\" content=\"Gesch\u00e4tzte Lesezeit\" \/>\n\t<meta name=\"twitter:data1\" content=\"3\u00a0Minuten\" \/>\n<script type=\"application\/ld+json\" class=\"yoast-schema-graph\">{\"@context\":\"https:\/\/schema.org\",\"@graph\":[{\"@type\":\"WebPage\",\"@id\":\"https:\/\/frontaliers-grandest.eu\/de\/startseite\/grenzganger\/deutschland-frankreich\/ausbildung-anerkennung-von-beruflichen-qualifikationen\/weiterbildung-des-arbeitnehmers-in-frankreich\/der-individuelle-bildungsurlaub-conge-individuel-de-formation-eine-einjahrige-fortbildung\/\",\"url\":\"https:\/\/frontaliers-grandest.eu\/de\/startseite\/grenzganger\/deutschland-frankreich\/ausbildung-anerkennung-von-beruflichen-qualifikationen\/weiterbildung-des-arbeitnehmers-in-frankreich\/der-individuelle-bildungsurlaub-conge-individuel-de-formation-eine-einjahrige-fortbildung\/\",\"name\":\"Individueller bildungsurlaub: voraussetzungen und finanzierung\",\"isPartOf\":{\"@id\":\"https:\/\/frontaliers-grandest.eu\/de\/#website\"},\"datePublished\":\"2021-06-14T12:56:58+00:00\",\"dateModified\":\"2026-01-26T15:28:29+00:00\",\"description\":\"Individueller Bildungsurlaub : einj\u00e4hriger Sonderurlaub f\u00fcr Weiterbildung, Berufswechsel oder kulturelle Teilhabe bei 2 Jahren Betriebszugeh\u00f6rigkeit.\",\"breadcrumb\":{\"@id\":\"https:\/\/frontaliers-grandest.eu\/de\/startseite\/grenzganger\/deutschland-frankreich\/ausbildung-anerkennung-von-beruflichen-qualifikationen\/weiterbildung-des-arbeitnehmers-in-frankreich\/der-individuelle-bildungsurlaub-conge-individuel-de-formation-eine-einjahrige-fortbildung\/#breadcrumb\"},\"inLanguage\":\"de\",\"potentialAction\":[{\"@type\":\"ReadAction\",\"target\":[\"https:\/\/frontaliers-grandest.eu\/de\/startseite\/grenzganger\/deutschland-frankreich\/ausbildung-anerkennung-von-beruflichen-qualifikationen\/weiterbildung-des-arbeitnehmers-in-frankreich\/der-individuelle-bildungsurlaub-conge-individuel-de-formation-eine-einjahrige-fortbildung\/\"]}]},{\"@type\":\"BreadcrumbList\",\"@id\":\"https:\/\/frontaliers-grandest.eu\/de\/startseite\/grenzganger\/deutschland-frankreich\/ausbildung-anerkennung-von-beruflichen-qualifikationen\/weiterbildung-des-arbeitnehmers-in-frankreich\/der-individuelle-bildungsurlaub-conge-individuel-de-formation-eine-einjahrige-fortbildung\/#breadcrumb\",\"itemListElement\":[{\"@type\":\"ListItem\",\"position\":1,\"name\":\"Startseite\",\"item\":\"https:\/\/frontaliers-grandest.eu\/de\/\"},{\"@type\":\"ListItem\",\"position\":2,\"name\":\"Grenzg\u00e4nger\",\"item\":\"https:\/\/frontaliers-grandest.eu\/de\/startseite\/grenzganger\/\"},{\"@type\":\"ListItem\",\"position\":3,\"name\":\"Deutschland - Frankreich\",\"item\":\"https:\/\/frontaliers-grandest.eu\/de\/startseite\/grenzganger\/deutschland-frankreich\/\"},{\"@type\":\"ListItem\",\"position\":4,\"name\":\"Ausbildung \/ Anerkennung von beruflichen qualifikationen in Frankreich\",\"item\":\"https:\/\/frontaliers-grandest.eu\/de\/startseite\/grenzganger\/deutschland-frankreich\/ausbildung-anerkennung-von-beruflichen-qualifikationen\/\"},{\"@type\":\"ListItem\",\"position\":5,\"name\":\"Weiterbildung des Arbeitnehmers in Frankreich\",\"item\":\"https:\/\/frontaliers-grandest.eu\/de\/startseite\/grenzganger\/deutschland-frankreich\/ausbildung-anerkennung-von-beruflichen-qualifikationen\/weiterbildung-des-arbeitnehmers-in-frankreich\/\"},{\"@type\":\"ListItem\",\"position\":6,\"name\":\"Das Projekt des beruflichen \u00dcbergangs\"}]},{\"@type\":\"WebSite\",\"@id\":\"https:\/\/frontaliers-grandest.eu\/de\/#website\",\"url\":\"https:\/\/frontaliers-grandest.eu\/de\/\",\"name\":\"Frontaliers Grand Est\",\"description\":\"Le site ressource du travail frontalier\",\"publisher\":{\"@id\":\"https:\/\/frontaliers-grandest.eu\/de\/#organization\"},\"alternateName\":\"Frontaliers Grand Est\",\"potentialAction\":[{\"@type\":\"SearchAction\",\"target\":{\"@type\":\"EntryPoint\",\"urlTemplate\":\"https:\/\/frontaliers-grandest.eu\/de\/?s={search_term_string}\"},\"query-input\":{\"@type\":\"PropertyValueSpecification\",\"valueRequired\":true,\"valueName\":\"search_term_string\"}}],\"inLanguage\":\"de\"},{\"@type\":\"Organization\",\"@id\":\"https:\/\/frontaliers-grandest.eu\/de\/#organization\",\"name\":\"Frontaliers Grand Est\",\"alternateName\":\"Frontaliers Grand Est\",\"url\":\"https:\/\/frontaliers-grandest.eu\/de\/\",\"logo\":{\"@type\":\"ImageObject\",\"inLanguage\":\"de\",\"@id\":\"https:\/\/frontaliers-grandest.eu\/de\/#\/schema\/logo\/image\/\",\"url\":\"https:\/\/frontaliers-grandest.eu\/wp-content\/uploads\/2025\/07\/260328234_2966785176920310_3332838526503858160_n.jpg\",\"contentUrl\":\"https:\/\/frontaliers-grandest.eu\/wp-content\/uploads\/2025\/07\/260328234_2966785176920310_3332838526503858160_n.jpg\",\"width\":396,\"height\":396,\"caption\":\"Frontaliers Grand Est\"},\"image\":{\"@id\":\"https:\/\/frontaliers-grandest.eu\/de\/#\/schema\/logo\/image\/\"},\"sameAs\":[\"https:\/\/www.facebook.com\/frontaliers.GR.EST\/?locale=fr_FR\"]}]}<\/script>\n<!-- \/ Yoast SEO plugin. -->","yoast_head_json":{"title":"Individueller bildungsurlaub: voraussetzungen und finanzierung","description":"Individueller Bildungsurlaub : einj\u00e4hriger Sonderurlaub f\u00fcr Weiterbildung, Berufswechsel oder kulturelle Teilhabe bei 2 Jahren Betriebszugeh\u00f6rigkeit.","robots":{"index":"index","follow":"follow","max-snippet":"max-snippet:-1","max-image-preview":"max-image-preview:large","max-video-preview":"max-video-preview:-1"},"canonical":"https:\/\/frontaliers-grandest.eu\/de\/startseite\/grenzganger\/deutschland-frankreich\/ausbildung-anerkennung-von-beruflichen-qualifikationen\/weiterbildung-des-arbeitnehmers-in-frankreich\/der-individuelle-bildungsurlaub-conge-individuel-de-formation-eine-einjahrige-fortbildung\/","og_locale":"de_DE","og_type":"article","og_title":"Individueller bildungsurlaub: voraussetzungen und finanzierung","og_description":"Individueller Bildungsurlaub : einj\u00e4hriger Sonderurlaub f\u00fcr Weiterbildung, Berufswechsel oder kulturelle Teilhabe bei 2 Jahren Betriebszugeh\u00f6rigkeit.","og_url":"https:\/\/frontaliers-grandest.eu\/de\/startseite\/grenzganger\/deutschland-frankreich\/ausbildung-anerkennung-von-beruflichen-qualifikationen\/weiterbildung-des-arbeitnehmers-in-frankreich\/der-individuelle-bildungsurlaub-conge-individuel-de-formation-eine-einjahrige-fortbildung\/","og_site_name":"Frontaliers Grand Est","article_publisher":"https:\/\/www.facebook.com\/frontaliers.GR.EST\/?locale=fr_FR","article_modified_time":"2026-01-26T15:28:29+00:00","twitter_card":"summary_large_image","twitter_misc":{"Gesch\u00e4tzte Lesezeit":"3\u00a0Minuten"},"schema":{"@context":"https:\/\/schema.org","@graph":[{"@type":"WebPage","@id":"https:\/\/frontaliers-grandest.eu\/de\/startseite\/grenzganger\/deutschland-frankreich\/ausbildung-anerkennung-von-beruflichen-qualifikationen\/weiterbildung-des-arbeitnehmers-in-frankreich\/der-individuelle-bildungsurlaub-conge-individuel-de-formation-eine-einjahrige-fortbildung\/","url":"https:\/\/frontaliers-grandest.eu\/de\/startseite\/grenzganger\/deutschland-frankreich\/ausbildung-anerkennung-von-beruflichen-qualifikationen\/weiterbildung-des-arbeitnehmers-in-frankreich\/der-individuelle-bildungsurlaub-conge-individuel-de-formation-eine-einjahrige-fortbildung\/","name":"Individueller bildungsurlaub: voraussetzungen und finanzierung","isPartOf":{"@id":"https:\/\/frontaliers-grandest.eu\/de\/#website"},"datePublished":"2021-06-14T12:56:58+00:00","dateModified":"2026-01-26T15:28:29+00:00","description":"Individueller Bildungsurlaub : einj\u00e4hriger Sonderurlaub f\u00fcr Weiterbildung, Berufswechsel oder kulturelle Teilhabe bei 2 Jahren Betriebszugeh\u00f6rigkeit.","breadcrumb":{"@id":"https:\/\/frontaliers-grandest.eu\/de\/startseite\/grenzganger\/deutschland-frankreich\/ausbildung-anerkennung-von-beruflichen-qualifikationen\/weiterbildung-des-arbeitnehmers-in-frankreich\/der-individuelle-bildungsurlaub-conge-individuel-de-formation-eine-einjahrige-fortbildung\/#breadcrumb"},"inLanguage":"de","potentialAction":[{"@type":"ReadAction","target":["https:\/\/frontaliers-grandest.eu\/de\/startseite\/grenzganger\/deutschland-frankreich\/ausbildung-anerkennung-von-beruflichen-qualifikationen\/weiterbildung-des-arbeitnehmers-in-frankreich\/der-individuelle-bildungsurlaub-conge-individuel-de-formation-eine-einjahrige-fortbildung\/"]}]},{"@type":"BreadcrumbList","@id":"https:\/\/frontaliers-grandest.eu\/de\/startseite\/grenzganger\/deutschland-frankreich\/ausbildung-anerkennung-von-beruflichen-qualifikationen\/weiterbildung-des-arbeitnehmers-in-frankreich\/der-individuelle-bildungsurlaub-conge-individuel-de-formation-eine-einjahrige-fortbildung\/#breadcrumb","itemListElement":[{"@type":"ListItem","position":1,"name":"Startseite","item":"https:\/\/frontaliers-grandest.eu\/de\/"},{"@type":"ListItem","position":2,"name":"Grenzg\u00e4nger","item":"https:\/\/frontaliers-grandest.eu\/de\/startseite\/grenzganger\/"},{"@type":"ListItem","position":3,"name":"Deutschland - Frankreich","item":"https:\/\/frontaliers-grandest.eu\/de\/startseite\/grenzganger\/deutschland-frankreich\/"},{"@type":"ListItem","position":4,"name":"Ausbildung \/ Anerkennung von beruflichen qualifikationen in Frankreich","item":"https:\/\/frontaliers-grandest.eu\/de\/startseite\/grenzganger\/deutschland-frankreich\/ausbildung-anerkennung-von-beruflichen-qualifikationen\/"},{"@type":"ListItem","position":5,"name":"Weiterbildung des Arbeitnehmers in Frankreich","item":"https:\/\/frontaliers-grandest.eu\/de\/startseite\/grenzganger\/deutschland-frankreich\/ausbildung-anerkennung-von-beruflichen-qualifikationen\/weiterbildung-des-arbeitnehmers-in-frankreich\/"},{"@type":"ListItem","position":6,"name":"Das Projekt des beruflichen \u00dcbergangs"}]},{"@type":"WebSite","@id":"https:\/\/frontaliers-grandest.eu\/de\/#website","url":"https:\/\/frontaliers-grandest.eu\/de\/","name":"Frontaliers Grand Est","description":"Le site ressource du travail frontalier","publisher":{"@id":"https:\/\/frontaliers-grandest.eu\/de\/#organization"},"alternateName":"Frontaliers Grand Est","potentialAction":[{"@type":"SearchAction","target":{"@type":"EntryPoint","urlTemplate":"https:\/\/frontaliers-grandest.eu\/de\/?s={search_term_string}"},"query-input":{"@type":"PropertyValueSpecification","valueRequired":true,"valueName":"search_term_string"}}],"inLanguage":"de"},{"@type":"Organization","@id":"https:\/\/frontaliers-grandest.eu\/de\/#organization","name":"Frontaliers Grand Est","alternateName":"Frontaliers Grand Est","url":"https:\/\/frontaliers-grandest.eu\/de\/","logo":{"@type":"ImageObject","inLanguage":"de","@id":"https:\/\/frontaliers-grandest.eu\/de\/#\/schema\/logo\/image\/","url":"https:\/\/frontaliers-grandest.eu\/wp-content\/uploads\/2025\/07\/260328234_2966785176920310_3332838526503858160_n.jpg","contentUrl":"https:\/\/frontaliers-grandest.eu\/wp-content\/uploads\/2025\/07\/260328234_2966785176920310_3332838526503858160_n.jpg","width":396,"height":396,"caption":"Frontaliers Grand Est"},"image":{"@id":"https:\/\/frontaliers-grandest.eu\/de\/#\/schema\/logo\/image\/"},"sameAs":["https:\/\/www.facebook.com\/frontaliers.GR.EST\/?locale=fr_FR"]}]}},"frge_page_order":"0","_links":{"self":[{"href":"https:\/\/frontaliers-grandest.eu\/de\/wp-json\/wp\/v2\/pages\/8501","targetHints":{"allow":["GET"]}}],"collection":[{"href":"https:\/\/frontaliers-grandest.eu\/de\/wp-json\/wp\/v2\/pages"}],"about":[{"href":"https:\/\/frontaliers-grandest.eu\/de\/wp-json\/wp\/v2\/types\/page"}],"author":[{"embeddable":true,"href":"https:\/\/frontaliers-grandest.eu\/de\/wp-json\/wp\/v2\/users\/7"}],"replies":[{"embeddable":true,"href":"https:\/\/frontaliers-grandest.eu\/de\/wp-json\/wp\/v2\/comments?post=8501"}],"version-history":[{"count":9,"href":"https:\/\/frontaliers-grandest.eu\/de\/wp-json\/wp\/v2\/pages\/8501\/revisions"}],"predecessor-version":[{"id":56951,"href":"https:\/\/frontaliers-grandest.eu\/de\/wp-json\/wp\/v2\/pages\/8501\/revisions\/56951"}],"up":[{"embeddable":true,"href":"https:\/\/frontaliers-grandest.eu\/de\/wp-json\/wp\/v2\/pages\/8486"}],"wp:attachment":[{"href":"https:\/\/frontaliers-grandest.eu\/de\/wp-json\/wp\/v2\/media?parent=8501"}],"wp:term":[{"taxonomy":"post_tag","embeddable":true,"href":"https:\/\/frontaliers-grandest.eu\/de\/wp-json\/wp\/v2\/tags?post=8501"},{"taxonomy":"frge_profile","embeddable":true,"href":"https:\/\/frontaliers-grandest.eu\/de\/wp-json\/wp\/v2\/frge_profile?post=8501"}],"curies":[{"name":"wp","href":"https:\/\/api.w.org\/{rel}","templated":true}]}}