{"id":8483,"date":"2021-06-14T14:36:52","date_gmt":"2021-06-14T12:36:52","guid":{"rendered":"https:\/\/frontaliers-grandest.eu\/?page_id=8483"},"modified":"2026-01-23T12:26:34","modified_gmt":"2026-01-23T11:26:34","slug":"sie-sind-erwerbsunfahig-und-haben-das-rentenalter-erreicht","status":"publish","type":"page","link":"https:\/\/frontaliers-grandest.eu\/de\/startseite\/grenzganger\/deutschland-frankreich\/sozialversicherung\/die-invalidenversicherung\/sie-sind-erwerbsunfahig-und-haben-das-rentenalter-erreicht\/","title":{"rendered":"Sie sind erwerbsunf\u00e4hig und haben das Rentenalter erreicht ?"},"content":{"rendered":"\n<p><strong>Wenn Sie Inhaber einer franz\u00f6sischen Invalidenrente sind, eine berufliche T\u00e4tigkeit aus\u00fcben und nicht ausdr\u00fccklich die Zurechnung Ihrer pers\u00f6nlichen Rente zum gesetzlichen Rentenalter<\/strong> (zwischen 60 und 62 Jahren je nach Geburtsjahr) beantragenk\u00f6nnen Sie Ihre Invalidenrente weiterhin beziehen, bis Sie arbeitslos werden oder vollj\u00e4hrig sind (zwischen 65 und 67 Jahren je nach Geburtsjahr). Ihre Rente wird dann zwingend in eine Altersrente umgewandelt, die aufgrund der Arbeitsunf\u00e4higkeit gew\u00e4hrt wird.<\/p>\n\n\n\n<p><strong>Erst an Ihrem 66. Geburtstag wird die deutsche Invalidenrente automatisch in eine Altersrente umgewandelt.<\/strong><\/p>\n","protected":false},"excerpt":{"rendered":"<p>Wenn Sie Inhaber einer franz\u00f6sischen Invalidenrente sind, eine berufliche T\u00e4tigkeit aus\u00fcben und nicht ausdr\u00fccklich die Zurechnung Ihrer pers\u00f6nlichen Rente zum gesetzlichen Rentenalter (zwischen 60 und 62 Jahren je nach Geburtsjahr) beantragenk\u00f6nnen Sie Ihre Invalidenrente weiterhin beziehen, bis Sie arbeitslos werden oder vollj\u00e4hrig sind (zwischen 65 und 67 Jahren je nach Geburtsjahr). Ihre Rente wird dann [&hellip;]<\/p>\n","protected":false},"author":7,"featured_media":0,"parent":8360,"menu_order":5,"comment_status":"closed","ping_status":"closed","template":"","meta":{"inline_featured_image":false,"footnotes":""},"tags":[461,857,448,517],"frge_profile":[225],"class_list":["post-8483","page","type-page","status-publish","hentry","tag-arbeitnehmer","tag-die-invalidenversicherung","tag-frankreich","tag-grengaenger","frge_profile-arbeitnehmer"],"yoast_head":"<!-- This site is optimized with the Yoast SEO plugin v27.1.1 - https:\/\/yoast.com\/product\/yoast-seo-wordpress\/ -->\n<title>Sie sind erwerbsunf\u00e4hig und haben das Rentenalter erreicht ? - Frontaliers Grand Est<\/title>\n<meta name=\"description\" content=\"Informieren Sie sich \u00fcber die Rentenvorschriften und erhalten Sie eine Invalidenrente in Frankreich und Deutschland.\" \/>\n<meta name=\"robots\" content=\"index, follow, max-snippet:-1, max-image-preview:large, max-video-preview:-1\" \/>\n<link rel=\"canonical\" href=\"https:\/\/frontaliers-grandest.eu\/de\/startseite\/grenzganger\/deutschland-frankreich\/sozialversicherung\/die-invalidenversicherung\/sie-sind-erwerbsunfahig-und-haben-das-rentenalter-erreicht\/\" \/>\n<meta property=\"og:locale\" content=\"de_DE\" \/>\n<meta property=\"og:type\" content=\"article\" \/>\n<meta property=\"og:title\" content=\"Sie sind erwerbsunf\u00e4hig und haben das Rentenalter erreicht ? - Frontaliers Grand Est\" \/>\n<meta property=\"og:description\" content=\"Informieren Sie sich \u00fcber die Rentenvorschriften und erhalten Sie eine Invalidenrente in Frankreich und Deutschland.\" \/>\n<meta property=\"og:url\" content=\"https:\/\/frontaliers-grandest.eu\/de\/startseite\/grenzganger\/deutschland-frankreich\/sozialversicherung\/die-invalidenversicherung\/sie-sind-erwerbsunfahig-und-haben-das-rentenalter-erreicht\/\" \/>\n<meta property=\"og:site_name\" content=\"Frontaliers Grand Est\" \/>\n<meta property=\"article:publisher\" content=\"https:\/\/www.facebook.com\/frontaliers.GR.EST\/?locale=fr_FR\" \/>\n<meta property=\"article:modified_time\" content=\"2026-01-23T11:26:34+00:00\" \/>\n<meta name=\"twitter:card\" content=\"summary_large_image\" \/>\n<meta name=\"twitter:label1\" content=\"Gesch\u00e4tzte Lesezeit\" \/>\n\t<meta name=\"twitter:data1\" content=\"1\u00a0Minute\" \/>\n<script type=\"application\/ld+json\" class=\"yoast-schema-graph\">{\"@context\":\"https:\/\/schema.org\",\"@graph\":[{\"@type\":\"WebPage\",\"@id\":\"https:\/\/frontaliers-grandest.eu\/de\/startseite\/grenzganger\/deutschland-frankreich\/sozialversicherung\/die-invalidenversicherung\/sie-sind-erwerbsunfahig-und-haben-das-rentenalter-erreicht\/\",\"url\":\"https:\/\/frontaliers-grandest.eu\/de\/startseite\/grenzganger\/deutschland-frankreich\/sozialversicherung\/die-invalidenversicherung\/sie-sind-erwerbsunfahig-und-haben-das-rentenalter-erreicht\/\",\"name\":\"Sie sind erwerbsunf\u00e4hig und haben das Rentenalter erreicht ? - Frontaliers Grand Est\",\"isPartOf\":{\"@id\":\"https:\/\/frontaliers-grandest.eu\/de\/#website\"},\"datePublished\":\"2021-06-14T12:36:52+00:00\",\"dateModified\":\"2026-01-23T11:26:34+00:00\",\"description\":\"Informieren Sie sich \u00fcber die Rentenvorschriften und erhalten Sie eine Invalidenrente in Frankreich und Deutschland.\",\"breadcrumb\":{\"@id\":\"https:\/\/frontaliers-grandest.eu\/de\/startseite\/grenzganger\/deutschland-frankreich\/sozialversicherung\/die-invalidenversicherung\/sie-sind-erwerbsunfahig-und-haben-das-rentenalter-erreicht\/#breadcrumb\"},\"inLanguage\":\"de\",\"potentialAction\":[{\"@type\":\"ReadAction\",\"target\":[\"https:\/\/frontaliers-grandest.eu\/de\/startseite\/grenzganger\/deutschland-frankreich\/sozialversicherung\/die-invalidenversicherung\/sie-sind-erwerbsunfahig-und-haben-das-rentenalter-erreicht\/\"]}]},{\"@type\":\"BreadcrumbList\",\"@id\":\"https:\/\/frontaliers-grandest.eu\/de\/startseite\/grenzganger\/deutschland-frankreich\/sozialversicherung\/die-invalidenversicherung\/sie-sind-erwerbsunfahig-und-haben-das-rentenalter-erreicht\/#breadcrumb\",\"itemListElement\":[{\"@type\":\"ListItem\",\"position\":1,\"name\":\"Startseite\",\"item\":\"https:\/\/frontaliers-grandest.eu\/de\/\"},{\"@type\":\"ListItem\",\"position\":2,\"name\":\"Grenzg\u00e4nger\",\"item\":\"https:\/\/frontaliers-grandest.eu\/de\/startseite\/grenzganger\/\"},{\"@type\":\"ListItem\",\"position\":3,\"name\":\"Deutschland - Frankreich\",\"item\":\"https:\/\/frontaliers-grandest.eu\/de\/startseite\/grenzganger\/deutschland-frankreich\/\"},{\"@type\":\"ListItem\",\"position\":4,\"name\":\"Sozialversicherung in Frankreich\",\"item\":\"https:\/\/frontaliers-grandest.eu\/de\/startseite\/grenzganger\/deutschland-frankreich\/sozialversicherung\/\"},{\"@type\":\"ListItem\",\"position\":5,\"name\":\"Die Invalidenversicherung\",\"item\":\"https:\/\/frontaliers-grandest.eu\/de\/startseite\/grenzganger\/deutschland-frankreich\/sozialversicherung\/die-invalidenversicherung\/\"},{\"@type\":\"ListItem\",\"position\":6,\"name\":\"Sie sind erwerbsunf\u00e4hig und haben das Rentenalter erreicht ?\"}]},{\"@type\":\"WebSite\",\"@id\":\"https:\/\/frontaliers-grandest.eu\/de\/#website\",\"url\":\"https:\/\/frontaliers-grandest.eu\/de\/\",\"name\":\"Frontaliers Grand Est\",\"description\":\"Le site ressource du travail frontalier\",\"publisher\":{\"@id\":\"https:\/\/frontaliers-grandest.eu\/de\/#organization\"},\"alternateName\":\"Frontaliers Grand Est\",\"potentialAction\":[{\"@type\":\"SearchAction\",\"target\":{\"@type\":\"EntryPoint\",\"urlTemplate\":\"https:\/\/frontaliers-grandest.eu\/de\/?s={search_term_string}\"},\"query-input\":{\"@type\":\"PropertyValueSpecification\",\"valueRequired\":true,\"valueName\":\"search_term_string\"}}],\"inLanguage\":\"de\"},{\"@type\":\"Organization\",\"@id\":\"https:\/\/frontaliers-grandest.eu\/de\/#organization\",\"name\":\"Frontaliers Grand Est\",\"alternateName\":\"Frontaliers Grand Est\",\"url\":\"https:\/\/frontaliers-grandest.eu\/de\/\",\"logo\":{\"@type\":\"ImageObject\",\"inLanguage\":\"de\",\"@id\":\"https:\/\/frontaliers-grandest.eu\/de\/#\/schema\/logo\/image\/\",\"url\":\"https:\/\/frontaliers-grandest.eu\/wp-content\/uploads\/2025\/07\/260328234_2966785176920310_3332838526503858160_n.jpg\",\"contentUrl\":\"https:\/\/frontaliers-grandest.eu\/wp-content\/uploads\/2025\/07\/260328234_2966785176920310_3332838526503858160_n.jpg\",\"width\":396,\"height\":396,\"caption\":\"Frontaliers Grand Est\"},\"image\":{\"@id\":\"https:\/\/frontaliers-grandest.eu\/de\/#\/schema\/logo\/image\/\"},\"sameAs\":[\"https:\/\/www.facebook.com\/frontaliers.GR.EST\/?locale=fr_FR\"]}]}<\/script>\n<!-- \/ Yoast SEO plugin. -->","yoast_head_json":{"title":"Sie sind erwerbsunf\u00e4hig und haben das Rentenalter erreicht ? - Frontaliers Grand Est","description":"Informieren Sie sich \u00fcber die Rentenvorschriften und erhalten Sie eine Invalidenrente in Frankreich und Deutschland.","robots":{"index":"index","follow":"follow","max-snippet":"max-snippet:-1","max-image-preview":"max-image-preview:large","max-video-preview":"max-video-preview:-1"},"canonical":"https:\/\/frontaliers-grandest.eu\/de\/startseite\/grenzganger\/deutschland-frankreich\/sozialversicherung\/die-invalidenversicherung\/sie-sind-erwerbsunfahig-und-haben-das-rentenalter-erreicht\/","og_locale":"de_DE","og_type":"article","og_title":"Sie sind erwerbsunf\u00e4hig und haben das Rentenalter erreicht ? - Frontaliers Grand Est","og_description":"Informieren Sie sich \u00fcber die Rentenvorschriften und erhalten Sie eine Invalidenrente in Frankreich und Deutschland.","og_url":"https:\/\/frontaliers-grandest.eu\/de\/startseite\/grenzganger\/deutschland-frankreich\/sozialversicherung\/die-invalidenversicherung\/sie-sind-erwerbsunfahig-und-haben-das-rentenalter-erreicht\/","og_site_name":"Frontaliers Grand Est","article_publisher":"https:\/\/www.facebook.com\/frontaliers.GR.EST\/?locale=fr_FR","article_modified_time":"2026-01-23T11:26:34+00:00","twitter_card":"summary_large_image","twitter_misc":{"Gesch\u00e4tzte Lesezeit":"1\u00a0Minute"},"schema":{"@context":"https:\/\/schema.org","@graph":[{"@type":"WebPage","@id":"https:\/\/frontaliers-grandest.eu\/de\/startseite\/grenzganger\/deutschland-frankreich\/sozialversicherung\/die-invalidenversicherung\/sie-sind-erwerbsunfahig-und-haben-das-rentenalter-erreicht\/","url":"https:\/\/frontaliers-grandest.eu\/de\/startseite\/grenzganger\/deutschland-frankreich\/sozialversicherung\/die-invalidenversicherung\/sie-sind-erwerbsunfahig-und-haben-das-rentenalter-erreicht\/","name":"Sie sind erwerbsunf\u00e4hig und haben das Rentenalter erreicht ? - Frontaliers Grand Est","isPartOf":{"@id":"https:\/\/frontaliers-grandest.eu\/de\/#website"},"datePublished":"2021-06-14T12:36:52+00:00","dateModified":"2026-01-23T11:26:34+00:00","description":"Informieren Sie sich \u00fcber die Rentenvorschriften und erhalten Sie eine Invalidenrente in Frankreich und Deutschland.","breadcrumb":{"@id":"https:\/\/frontaliers-grandest.eu\/de\/startseite\/grenzganger\/deutschland-frankreich\/sozialversicherung\/die-invalidenversicherung\/sie-sind-erwerbsunfahig-und-haben-das-rentenalter-erreicht\/#breadcrumb"},"inLanguage":"de","potentialAction":[{"@type":"ReadAction","target":["https:\/\/frontaliers-grandest.eu\/de\/startseite\/grenzganger\/deutschland-frankreich\/sozialversicherung\/die-invalidenversicherung\/sie-sind-erwerbsunfahig-und-haben-das-rentenalter-erreicht\/"]}]},{"@type":"BreadcrumbList","@id":"https:\/\/frontaliers-grandest.eu\/de\/startseite\/grenzganger\/deutschland-frankreich\/sozialversicherung\/die-invalidenversicherung\/sie-sind-erwerbsunfahig-und-haben-das-rentenalter-erreicht\/#breadcrumb","itemListElement":[{"@type":"ListItem","position":1,"name":"Startseite","item":"https:\/\/frontaliers-grandest.eu\/de\/"},{"@type":"ListItem","position":2,"name":"Grenzg\u00e4nger","item":"https:\/\/frontaliers-grandest.eu\/de\/startseite\/grenzganger\/"},{"@type":"ListItem","position":3,"name":"Deutschland - Frankreich","item":"https:\/\/frontaliers-grandest.eu\/de\/startseite\/grenzganger\/deutschland-frankreich\/"},{"@type":"ListItem","position":4,"name":"Sozialversicherung in Frankreich","item":"https:\/\/frontaliers-grandest.eu\/de\/startseite\/grenzganger\/deutschland-frankreich\/sozialversicherung\/"},{"@type":"ListItem","position":5,"name":"Die Invalidenversicherung","item":"https:\/\/frontaliers-grandest.eu\/de\/startseite\/grenzganger\/deutschland-frankreich\/sozialversicherung\/die-invalidenversicherung\/"},{"@type":"ListItem","position":6,"name":"Sie sind erwerbsunf\u00e4hig und haben das Rentenalter erreicht ?"}]},{"@type":"WebSite","@id":"https:\/\/frontaliers-grandest.eu\/de\/#website","url":"https:\/\/frontaliers-grandest.eu\/de\/","name":"Frontaliers Grand Est","description":"Le site ressource du travail frontalier","publisher":{"@id":"https:\/\/frontaliers-grandest.eu\/de\/#organization"},"alternateName":"Frontaliers Grand Est","potentialAction":[{"@type":"SearchAction","target":{"@type":"EntryPoint","urlTemplate":"https:\/\/frontaliers-grandest.eu\/de\/?s={search_term_string}"},"query-input":{"@type":"PropertyValueSpecification","valueRequired":true,"valueName":"search_term_string"}}],"inLanguage":"de"},{"@type":"Organization","@id":"https:\/\/frontaliers-grandest.eu\/de\/#organization","name":"Frontaliers Grand Est","alternateName":"Frontaliers Grand Est","url":"https:\/\/frontaliers-grandest.eu\/de\/","logo":{"@type":"ImageObject","inLanguage":"de","@id":"https:\/\/frontaliers-grandest.eu\/de\/#\/schema\/logo\/image\/","url":"https:\/\/frontaliers-grandest.eu\/wp-content\/uploads\/2025\/07\/260328234_2966785176920310_3332838526503858160_n.jpg","contentUrl":"https:\/\/frontaliers-grandest.eu\/wp-content\/uploads\/2025\/07\/260328234_2966785176920310_3332838526503858160_n.jpg","width":396,"height":396,"caption":"Frontaliers Grand Est"},"image":{"@id":"https:\/\/frontaliers-grandest.eu\/de\/#\/schema\/logo\/image\/"},"sameAs":["https:\/\/www.facebook.com\/frontaliers.GR.EST\/?locale=fr_FR"]}]}},"frge_page_order":"0","_links":{"self":[{"href":"https:\/\/frontaliers-grandest.eu\/de\/wp-json\/wp\/v2\/pages\/8483","targetHints":{"allow":["GET"]}}],"collection":[{"href":"https:\/\/frontaliers-grandest.eu\/de\/wp-json\/wp\/v2\/pages"}],"about":[{"href":"https:\/\/frontaliers-grandest.eu\/de\/wp-json\/wp\/v2\/types\/page"}],"author":[{"embeddable":true,"href":"https:\/\/frontaliers-grandest.eu\/de\/wp-json\/wp\/v2\/users\/7"}],"replies":[{"embeddable":true,"href":"https:\/\/frontaliers-grandest.eu\/de\/wp-json\/wp\/v2\/comments?post=8483"}],"version-history":[{"count":3,"href":"https:\/\/frontaliers-grandest.eu\/de\/wp-json\/wp\/v2\/pages\/8483\/revisions"}],"predecessor-version":[{"id":56860,"href":"https:\/\/frontaliers-grandest.eu\/de\/wp-json\/wp\/v2\/pages\/8483\/revisions\/56860"}],"up":[{"embeddable":true,"href":"https:\/\/frontaliers-grandest.eu\/de\/wp-json\/wp\/v2\/pages\/8360"}],"wp:attachment":[{"href":"https:\/\/frontaliers-grandest.eu\/de\/wp-json\/wp\/v2\/media?parent=8483"}],"wp:term":[{"taxonomy":"post_tag","embeddable":true,"href":"https:\/\/frontaliers-grandest.eu\/de\/wp-json\/wp\/v2\/tags?post=8483"},{"taxonomy":"frge_profile","embeddable":true,"href":"https:\/\/frontaliers-grandest.eu\/de\/wp-json\/wp\/v2\/frge_profile?post=8483"}],"curies":[{"name":"wp","href":"https:\/\/api.w.org\/{rel}","templated":true}]}}