{"id":8481,"date":"2021-06-14T14:35:49","date_gmt":"2021-06-14T12:35:49","guid":{"rendered":"https:\/\/frontaliers-grandest.eu\/?page_id=8481"},"modified":"2026-01-23T12:22:00","modified_gmt":"2026-01-23T11:22:00","slug":"welche-rechte-haben-die-hinterbliebenen-im-todesfall-des-versicherten-erwerbsunfahigen","status":"publish","type":"page","link":"https:\/\/frontaliers-grandest.eu\/de\/startseite\/grenzganger\/deutschland-frankreich\/sozialversicherung\/die-invalidenversicherung\/welche-rechte-haben-die-hinterbliebenen-im-todesfall-des-versicherten-erwerbsunfahigen\/","title":{"rendered":"Welche Rechte haben die Hinterbliebenen im Todesfall des versicherten Erwerbsunf\u00e4higen ?"},"content":{"rendered":"\n<h2 class=\"wp-block-heading\">Deutsches Invalidit\u00e4tssystem<\/h2>\n\n\n\n<p>Bei Tod des Versicherten oder des Beg\u00fcnstigten einer deutschen Altersrente kann der \u00fcberlebende Ehegatte eine Witwenrente (\u00abWitwenrente\u00bb) beziehen.<\/p>\n\n\n\n<p>In den ersten drei Monaten erh\u00e4lt der \u00fcberlebende Ehegatte eine Altersrente.<\/p>\n\n\n\n<p><strong><br>Es gibt zwei weitere Arten von Renten:<\/strong><\/p>\n\n\n\n<ul class=\"wp-block-list\">\n<li><strong>die kleine Witwenrente<\/strong>: sie wird f\u00fcr einen Zeitraum von zwei Jahren gezahlt und entspricht 25 % des Rentenbetrags, den der Verstorbene bezog.<\/li>\n\n\n\n<li><strong>die gro\u00dfe Witwenrente<\/strong>: sie wird bis zum Tag einer etwaigen erneuten Eheschlie\u00dfung gezahlt, sofern folgende Voraussetzungen erf\u00fcllt sind:\n<ul class=\"wp-block-list\">\n<li>Der verstorbene Ehegatte hat mindestens 5 Jahre lang Beitr\u00e4ge geleistet.<\/li>\n\n\n\n<li>Der \u00fcberlebende Ehegatte hat das 45. Lebensjahr vollendet oder ist f\u00fcr einen Minderj\u00e4hrigen oder eine Invalidit\u00e4t verantwortlich.<\/li>\n\n\n\n<li>Die Ehe hat eine Dauer von mehr als einem Jahr (au\u00dfer in Ausnahmef\u00e4llen).<\/li>\n\n\n\n<li>Der \u00fcberlebende Ehegatte ist nicht wiederverheiratet.<br><\/li>\n<\/ul>\n<\/li>\n<\/ul>\n\n\n\n<p><strong>Sie entspricht 55 % der Rente des Verstorbenen.<\/strong> <strong>Das Einkommen des \u00fcberlebenden Ehegatten wird bei der Berechnung der Witwen-\/Witwenrente ber\u00fccksichtigt.<\/strong><\/p>\n\n\n\n<p>Bei geschiedenen Ehegatten gibt es Besonderheiten.<\/p>\n\n\n\n<p>Waisenkinder von Vater oder Mutter haben auch Anspruch auf eine \u00abWaisenrente\u00bb, die bis zum Alter von 18 Jahren gezahlt wird (27 Jahre bei Studien, l\u00e4nger bei Behinderung).<\/p>\n\n\n\n<p>Die Hinterbliebenen der Grenzversicherten m\u00fcssen ihren Antrag auf Hinterbliebenenrente bei der Prim\u00e4r-Krankenkasse ihres Wohnorts einreichen.<\/p>\n\n\n\n<h2 class=\"wp-block-heading\">Franz\u00f6sisches Invalidit\u00e4tssystem<\/h2>\n\n\n\n<div class=\"wp-block-frontaliers-grandest-plugin-frge-accordion-block\"><div class=\"accordion-top\"><h4 class=\"accordion-title\">Erwerbsunf\u00e4higkeitsrente f\u00fcr Witwer oder Witwen (Pension d\u2019invalidit\u00e9 de veuf)<\/h4><svg viewBox=\"0 0 24 24\" stroke-width=\"1.5\" fill=\"none\" xmlns=\"http:\/\/www.w3.org\/2000\/svg\" class=\"accordion-top__icon\"><path d=\"M3 12L21 12M21 12L12.5 3.5M21 12L12.5 20.5\" stroke-width=\"1.5\" stroke-linecap=\"round\" stroke-linejoin=\"round\"><\/path><\/svg><\/div><div class=\"accordion-content\">\n<p>Nur der \u00fcberlebende Ehegatte (und\/oder der geschiedene, nicht wiederverheiratete Ehegatte) <strong>unter 55 Jahren hat Anspruch auf eine Invalidit\u00e4tsrente f\u00fcr Witwer oder Witwen, wenn er selbst behindert ist.<\/strong><\/p>\n\n\n\n<p>Die H\u00f6he der Witwenrente entspricht <strong>54 % der Invalidenrente<\/strong>, von der der Verstorbene profitiert hat oder h\u00e4tte profitieren k\u00f6nnen. Dieser Betrag kann um 10 % erh\u00f6ht werden, wenn Sie mindestens 3 Kinder haben. Unter bestimmten Voraussetzungen k\u00f6nnen Sie auch einen pauschalen Kinderzuschlag erhalten.<\/p>\n\n\n\n<p>Bei erneuter Eheschlie\u00dfung erlischt der Anspruch auf die Witwenrente.<\/p>\n\n\n\n<p><strong>Nach dem 55. Lebensjahr erlischt diese Witweninvalidenrente zugunsten der Witwenaltersrente in gleicher H\u00f6he.<\/strong><\/p>\n<\/div><\/div>\n\n\n\n<div class=\"wp-block-frontaliers-grandest-plugin-frge-accordion-block\"><div class=\"accordion-top\"><h4 class=\"accordion-title\"><strong>Hinterbliebenenrente<\/strong> (pension de r\u00e9version)<\/h4><svg viewBox=\"0 0 24 24\" stroke-width=\"1.5\" fill=\"none\" xmlns=\"http:\/\/www.w3.org\/2000\/svg\" class=\"accordion-top__icon\"><path d=\"M3 12L21 12M21 12L12.5 3.5M21 12L12.5 20.5\" stroke-width=\"1.5\" stroke-linecap=\"round\" stroke-linejoin=\"round\"><\/path><\/svg><\/div><div class=\"accordion-content\">\n<p>Nur der \u00fcberlebende Ehegatte (und\/oder der geschiedene Ehegatte) ab 55 Jahren (siehe Gesetz 2008-1330 vom 18.12.2008) hat Anspruch auf eine Hinterbliebenenrente, wenn seine pers\u00f6nlichen Mittel f\u00fcr das Jahr 2025 niedriger sind als:<\/p>\n\n\n\n<ul class=\"wp-block-list\">\n<li>25 001,60 \u20ac brutto, wenn er allein lebt,<\/li>\n\n\n\n<li>40 002,56 \u20ac brutto, wenn er als Paar lebt.<\/li>\n<\/ul>\n\n\n\n<p><br>F\u00fcr Personen, die vor dem 1. Januar 2009 verwitwet sind, betr\u00e4gt das Mindestalter f\u00fcr eine Hinterbliebenenrente weiterhin 51 Jahre.<\/p>\n\n\n\n<p><strong>Die Hinterbliebenenrente entspricht 54 % der Altersrente, die dem Erblasser gezahlt wurde oder h\u00e4tte gezahlt werden k\u00f6nnen.<\/strong><\/p>\n\n\n\n<p><strong>Diese Rente kann unter bestimmten Voraussetzungen auch erh\u00f6ht werden:<\/strong><\/p>\n\n\n\n<ul class=\"wp-block-list\">\n<li>f\u00fcr unterhaltsberechtigte Kinder, d. h. minderj\u00e4hrige Kinder oder Kinder unter 21 Jahren, die ihre Ausbildung fortsetzen oder aufgrund von Behinderung oder chronischer Krankheit und dauernder Arbeitsunf\u00e4higkeit. Der Zuschlag betr\u00e4gt 113,59 \u20ac pro Kind und Monat (per 1. Januar 2026).<\/li>\n\n\n\n<li>Erh\u00f6hung um 10 %, wenn die Person drei Kinder hat.<br><\/li>\n<\/ul>\n\n\n\n<p>Der Empf\u00e4nger der Hinterbliebenenrente muss unter 65 Jahre alt sein und darf keine Rente aus einem Grundversorgungssystem beziehen.<\/p>\n\n\n\n<p><strong>Mindestrente ab 15 Versicherungsjahren (oder 60 Quartalen): 4019,13 \u20ac pro Jahr (d. h. 334,92 \u20ac pro Monat) im Jahr 2026.<\/strong><\/p>\n\n\n\n<p>Die Hinterbliebenenrente ist bei der Kasse zu beantragen, die die Rentenanspr\u00fcche des Verstorbenen verrechnet hat, oder bei der Kasse am Wohnort des \u00fcberlebenden Ehegatten.<\/p>\n<\/div><\/div>\n","protected":false},"excerpt":{"rendered":"<p>Deutsches Invalidit\u00e4tssystem Bei Tod des Versicherten oder des Beg\u00fcnstigten einer deutschen Altersrente kann der \u00fcberlebende Ehegatte eine Witwenrente (\u00abWitwenrente\u00bb) beziehen. In den ersten drei Monaten erh\u00e4lt der \u00fcberlebende Ehegatte eine Altersrente. Es gibt zwei weitere Arten von Renten: Sie entspricht 55 % der Rente des Verstorbenen. Das Einkommen des \u00fcberlebenden Ehegatten wird bei der Berechnung [&hellip;]<\/p>\n","protected":false},"author":7,"featured_media":0,"parent":8360,"menu_order":4,"comment_status":"closed","ping_status":"closed","template":"","meta":{"inline_featured_image":false,"footnotes":""},"tags":[461,448,517,853],"frge_profile":[225],"class_list":["post-8481","page","type-page","status-publish","hentry","tag-arbeitnehmer","tag-frankreich","tag-grengaenger","tag-recht-der-hinterbliebenen","frge_profile-arbeitnehmer"],"yoast_head":"<!-- This site is optimized with the Yoast SEO plugin v27.1.1 - https:\/\/yoast.com\/product\/yoast-seo-wordpress\/ -->\n<title>Welche Rechte haben die Hinterbliebenen im Todesfall des versicherten Erwerbsunf\u00e4higen ? - Frontaliers Grand Est<\/title>\n<meta name=\"description\" content=\"Entdecken Sie auf dieser Seite die Rechte der Hinterbliebenen in Frankreich und Deutschland.\" \/>\n<meta name=\"robots\" content=\"index, follow, max-snippet:-1, max-image-preview:large, max-video-preview:-1\" \/>\n<link rel=\"canonical\" href=\"https:\/\/frontaliers-grandest.eu\/de\/startseite\/grenzganger\/deutschland-frankreich\/sozialversicherung\/die-invalidenversicherung\/welche-rechte-haben-die-hinterbliebenen-im-todesfall-des-versicherten-erwerbsunfahigen\/\" \/>\n<meta property=\"og:locale\" content=\"de_DE\" \/>\n<meta property=\"og:type\" content=\"article\" \/>\n<meta property=\"og:title\" content=\"Welche Rechte haben die Hinterbliebenen im Todesfall des versicherten Erwerbsunf\u00e4higen ? - Frontaliers Grand Est\" \/>\n<meta property=\"og:description\" content=\"Entdecken Sie auf dieser Seite die Rechte der Hinterbliebenen in Frankreich und Deutschland.\" \/>\n<meta property=\"og:url\" content=\"https:\/\/frontaliers-grandest.eu\/de\/startseite\/grenzganger\/deutschland-frankreich\/sozialversicherung\/die-invalidenversicherung\/welche-rechte-haben-die-hinterbliebenen-im-todesfall-des-versicherten-erwerbsunfahigen\/\" \/>\n<meta property=\"og:site_name\" content=\"Frontaliers Grand Est\" \/>\n<meta property=\"article:publisher\" content=\"https:\/\/www.facebook.com\/frontaliers.GR.EST\/?locale=fr_FR\" \/>\n<meta property=\"article:modified_time\" content=\"2026-01-23T11:22:00+00:00\" \/>\n<meta name=\"twitter:card\" content=\"summary_large_image\" \/>\n<meta name=\"twitter:label1\" content=\"Gesch\u00e4tzte Lesezeit\" \/>\n\t<meta name=\"twitter:data1\" content=\"3\u00a0Minuten\" \/>\n<script type=\"application\/ld+json\" class=\"yoast-schema-graph\">{\"@context\":\"https:\/\/schema.org\",\"@graph\":[{\"@type\":\"WebPage\",\"@id\":\"https:\/\/frontaliers-grandest.eu\/de\/startseite\/grenzganger\/deutschland-frankreich\/sozialversicherung\/die-invalidenversicherung\/welche-rechte-haben-die-hinterbliebenen-im-todesfall-des-versicherten-erwerbsunfahigen\/\",\"url\":\"https:\/\/frontaliers-grandest.eu\/de\/startseite\/grenzganger\/deutschland-frankreich\/sozialversicherung\/die-invalidenversicherung\/welche-rechte-haben-die-hinterbliebenen-im-todesfall-des-versicherten-erwerbsunfahigen\/\",\"name\":\"Welche Rechte haben die Hinterbliebenen im Todesfall des versicherten Erwerbsunf\u00e4higen ? - Frontaliers Grand Est\",\"isPartOf\":{\"@id\":\"https:\/\/frontaliers-grandest.eu\/de\/#website\"},\"datePublished\":\"2021-06-14T12:35:49+00:00\",\"dateModified\":\"2026-01-23T11:22:00+00:00\",\"description\":\"Entdecken Sie auf dieser Seite die Rechte der Hinterbliebenen in Frankreich und Deutschland.\",\"breadcrumb\":{\"@id\":\"https:\/\/frontaliers-grandest.eu\/de\/startseite\/grenzganger\/deutschland-frankreich\/sozialversicherung\/die-invalidenversicherung\/welche-rechte-haben-die-hinterbliebenen-im-todesfall-des-versicherten-erwerbsunfahigen\/#breadcrumb\"},\"inLanguage\":\"de\",\"potentialAction\":[{\"@type\":\"ReadAction\",\"target\":[\"https:\/\/frontaliers-grandest.eu\/de\/startseite\/grenzganger\/deutschland-frankreich\/sozialversicherung\/die-invalidenversicherung\/welche-rechte-haben-die-hinterbliebenen-im-todesfall-des-versicherten-erwerbsunfahigen\/\"]}]},{\"@type\":\"BreadcrumbList\",\"@id\":\"https:\/\/frontaliers-grandest.eu\/de\/startseite\/grenzganger\/deutschland-frankreich\/sozialversicherung\/die-invalidenversicherung\/welche-rechte-haben-die-hinterbliebenen-im-todesfall-des-versicherten-erwerbsunfahigen\/#breadcrumb\",\"itemListElement\":[{\"@type\":\"ListItem\",\"position\":1,\"name\":\"Startseite\",\"item\":\"https:\/\/frontaliers-grandest.eu\/de\/\"},{\"@type\":\"ListItem\",\"position\":2,\"name\":\"Grenzg\u00e4nger\",\"item\":\"https:\/\/frontaliers-grandest.eu\/de\/startseite\/grenzganger\/\"},{\"@type\":\"ListItem\",\"position\":3,\"name\":\"Deutschland - Frankreich\",\"item\":\"https:\/\/frontaliers-grandest.eu\/de\/startseite\/grenzganger\/deutschland-frankreich\/\"},{\"@type\":\"ListItem\",\"position\":4,\"name\":\"Sozialversicherung in Frankreich\",\"item\":\"https:\/\/frontaliers-grandest.eu\/de\/startseite\/grenzganger\/deutschland-frankreich\/sozialversicherung\/\"},{\"@type\":\"ListItem\",\"position\":5,\"name\":\"Die Invalidenversicherung\",\"item\":\"https:\/\/frontaliers-grandest.eu\/de\/startseite\/grenzganger\/deutschland-frankreich\/sozialversicherung\/die-invalidenversicherung\/\"},{\"@type\":\"ListItem\",\"position\":6,\"name\":\"Welche Rechte haben die Hinterbliebenen im Todesfall des versicherten Erwerbsunf\u00e4higen ?\"}]},{\"@type\":\"WebSite\",\"@id\":\"https:\/\/frontaliers-grandest.eu\/de\/#website\",\"url\":\"https:\/\/frontaliers-grandest.eu\/de\/\",\"name\":\"Frontaliers Grand Est\",\"description\":\"Le site ressource du travail frontalier\",\"publisher\":{\"@id\":\"https:\/\/frontaliers-grandest.eu\/de\/#organization\"},\"alternateName\":\"Frontaliers Grand Est\",\"potentialAction\":[{\"@type\":\"SearchAction\",\"target\":{\"@type\":\"EntryPoint\",\"urlTemplate\":\"https:\/\/frontaliers-grandest.eu\/de\/?s={search_term_string}\"},\"query-input\":{\"@type\":\"PropertyValueSpecification\",\"valueRequired\":true,\"valueName\":\"search_term_string\"}}],\"inLanguage\":\"de\"},{\"@type\":\"Organization\",\"@id\":\"https:\/\/frontaliers-grandest.eu\/de\/#organization\",\"name\":\"Frontaliers Grand Est\",\"alternateName\":\"Frontaliers Grand Est\",\"url\":\"https:\/\/frontaliers-grandest.eu\/de\/\",\"logo\":{\"@type\":\"ImageObject\",\"inLanguage\":\"de\",\"@id\":\"https:\/\/frontaliers-grandest.eu\/de\/#\/schema\/logo\/image\/\",\"url\":\"https:\/\/frontaliers-grandest.eu\/wp-content\/uploads\/2025\/07\/260328234_2966785176920310_3332838526503858160_n.jpg\",\"contentUrl\":\"https:\/\/frontaliers-grandest.eu\/wp-content\/uploads\/2025\/07\/260328234_2966785176920310_3332838526503858160_n.jpg\",\"width\":396,\"height\":396,\"caption\":\"Frontaliers Grand Est\"},\"image\":{\"@id\":\"https:\/\/frontaliers-grandest.eu\/de\/#\/schema\/logo\/image\/\"},\"sameAs\":[\"https:\/\/www.facebook.com\/frontaliers.GR.EST\/?locale=fr_FR\"]}]}<\/script>\n<!-- \/ Yoast SEO plugin. -->","yoast_head_json":{"title":"Welche Rechte haben die Hinterbliebenen im Todesfall des versicherten Erwerbsunf\u00e4higen ? - Frontaliers Grand Est","description":"Entdecken Sie auf dieser Seite die Rechte der Hinterbliebenen in Frankreich und Deutschland.","robots":{"index":"index","follow":"follow","max-snippet":"max-snippet:-1","max-image-preview":"max-image-preview:large","max-video-preview":"max-video-preview:-1"},"canonical":"https:\/\/frontaliers-grandest.eu\/de\/startseite\/grenzganger\/deutschland-frankreich\/sozialversicherung\/die-invalidenversicherung\/welche-rechte-haben-die-hinterbliebenen-im-todesfall-des-versicherten-erwerbsunfahigen\/","og_locale":"de_DE","og_type":"article","og_title":"Welche Rechte haben die Hinterbliebenen im Todesfall des versicherten Erwerbsunf\u00e4higen ? - Frontaliers Grand Est","og_description":"Entdecken Sie auf dieser Seite die Rechte der Hinterbliebenen in Frankreich und Deutschland.","og_url":"https:\/\/frontaliers-grandest.eu\/de\/startseite\/grenzganger\/deutschland-frankreich\/sozialversicherung\/die-invalidenversicherung\/welche-rechte-haben-die-hinterbliebenen-im-todesfall-des-versicherten-erwerbsunfahigen\/","og_site_name":"Frontaliers Grand Est","article_publisher":"https:\/\/www.facebook.com\/frontaliers.GR.EST\/?locale=fr_FR","article_modified_time":"2026-01-23T11:22:00+00:00","twitter_card":"summary_large_image","twitter_misc":{"Gesch\u00e4tzte Lesezeit":"3\u00a0Minuten"},"schema":{"@context":"https:\/\/schema.org","@graph":[{"@type":"WebPage","@id":"https:\/\/frontaliers-grandest.eu\/de\/startseite\/grenzganger\/deutschland-frankreich\/sozialversicherung\/die-invalidenversicherung\/welche-rechte-haben-die-hinterbliebenen-im-todesfall-des-versicherten-erwerbsunfahigen\/","url":"https:\/\/frontaliers-grandest.eu\/de\/startseite\/grenzganger\/deutschland-frankreich\/sozialversicherung\/die-invalidenversicherung\/welche-rechte-haben-die-hinterbliebenen-im-todesfall-des-versicherten-erwerbsunfahigen\/","name":"Welche Rechte haben die Hinterbliebenen im Todesfall des versicherten Erwerbsunf\u00e4higen ? - Frontaliers Grand Est","isPartOf":{"@id":"https:\/\/frontaliers-grandest.eu\/de\/#website"},"datePublished":"2021-06-14T12:35:49+00:00","dateModified":"2026-01-23T11:22:00+00:00","description":"Entdecken Sie auf dieser Seite die Rechte der Hinterbliebenen in Frankreich und Deutschland.","breadcrumb":{"@id":"https:\/\/frontaliers-grandest.eu\/de\/startseite\/grenzganger\/deutschland-frankreich\/sozialversicherung\/die-invalidenversicherung\/welche-rechte-haben-die-hinterbliebenen-im-todesfall-des-versicherten-erwerbsunfahigen\/#breadcrumb"},"inLanguage":"de","potentialAction":[{"@type":"ReadAction","target":["https:\/\/frontaliers-grandest.eu\/de\/startseite\/grenzganger\/deutschland-frankreich\/sozialversicherung\/die-invalidenversicherung\/welche-rechte-haben-die-hinterbliebenen-im-todesfall-des-versicherten-erwerbsunfahigen\/"]}]},{"@type":"BreadcrumbList","@id":"https:\/\/frontaliers-grandest.eu\/de\/startseite\/grenzganger\/deutschland-frankreich\/sozialversicherung\/die-invalidenversicherung\/welche-rechte-haben-die-hinterbliebenen-im-todesfall-des-versicherten-erwerbsunfahigen\/#breadcrumb","itemListElement":[{"@type":"ListItem","position":1,"name":"Startseite","item":"https:\/\/frontaliers-grandest.eu\/de\/"},{"@type":"ListItem","position":2,"name":"Grenzg\u00e4nger","item":"https:\/\/frontaliers-grandest.eu\/de\/startseite\/grenzganger\/"},{"@type":"ListItem","position":3,"name":"Deutschland - Frankreich","item":"https:\/\/frontaliers-grandest.eu\/de\/startseite\/grenzganger\/deutschland-frankreich\/"},{"@type":"ListItem","position":4,"name":"Sozialversicherung in Frankreich","item":"https:\/\/frontaliers-grandest.eu\/de\/startseite\/grenzganger\/deutschland-frankreich\/sozialversicherung\/"},{"@type":"ListItem","position":5,"name":"Die Invalidenversicherung","item":"https:\/\/frontaliers-grandest.eu\/de\/startseite\/grenzganger\/deutschland-frankreich\/sozialversicherung\/die-invalidenversicherung\/"},{"@type":"ListItem","position":6,"name":"Welche Rechte haben die Hinterbliebenen im Todesfall des versicherten Erwerbsunf\u00e4higen ?"}]},{"@type":"WebSite","@id":"https:\/\/frontaliers-grandest.eu\/de\/#website","url":"https:\/\/frontaliers-grandest.eu\/de\/","name":"Frontaliers Grand Est","description":"Le site ressource du travail frontalier","publisher":{"@id":"https:\/\/frontaliers-grandest.eu\/de\/#organization"},"alternateName":"Frontaliers Grand Est","potentialAction":[{"@type":"SearchAction","target":{"@type":"EntryPoint","urlTemplate":"https:\/\/frontaliers-grandest.eu\/de\/?s={search_term_string}"},"query-input":{"@type":"PropertyValueSpecification","valueRequired":true,"valueName":"search_term_string"}}],"inLanguage":"de"},{"@type":"Organization","@id":"https:\/\/frontaliers-grandest.eu\/de\/#organization","name":"Frontaliers Grand Est","alternateName":"Frontaliers Grand Est","url":"https:\/\/frontaliers-grandest.eu\/de\/","logo":{"@type":"ImageObject","inLanguage":"de","@id":"https:\/\/frontaliers-grandest.eu\/de\/#\/schema\/logo\/image\/","url":"https:\/\/frontaliers-grandest.eu\/wp-content\/uploads\/2025\/07\/260328234_2966785176920310_3332838526503858160_n.jpg","contentUrl":"https:\/\/frontaliers-grandest.eu\/wp-content\/uploads\/2025\/07\/260328234_2966785176920310_3332838526503858160_n.jpg","width":396,"height":396,"caption":"Frontaliers Grand Est"},"image":{"@id":"https:\/\/frontaliers-grandest.eu\/de\/#\/schema\/logo\/image\/"},"sameAs":["https:\/\/www.facebook.com\/frontaliers.GR.EST\/?locale=fr_FR"]}]}},"frge_page_order":"0","_links":{"self":[{"href":"https:\/\/frontaliers-grandest.eu\/de\/wp-json\/wp\/v2\/pages\/8481","targetHints":{"allow":["GET"]}}],"collection":[{"href":"https:\/\/frontaliers-grandest.eu\/de\/wp-json\/wp\/v2\/pages"}],"about":[{"href":"https:\/\/frontaliers-grandest.eu\/de\/wp-json\/wp\/v2\/types\/page"}],"author":[{"embeddable":true,"href":"https:\/\/frontaliers-grandest.eu\/de\/wp-json\/wp\/v2\/users\/7"}],"replies":[{"embeddable":true,"href":"https:\/\/frontaliers-grandest.eu\/de\/wp-json\/wp\/v2\/comments?post=8481"}],"version-history":[{"count":2,"href":"https:\/\/frontaliers-grandest.eu\/de\/wp-json\/wp\/v2\/pages\/8481\/revisions"}],"predecessor-version":[{"id":56857,"href":"https:\/\/frontaliers-grandest.eu\/de\/wp-json\/wp\/v2\/pages\/8481\/revisions\/56857"}],"up":[{"embeddable":true,"href":"https:\/\/frontaliers-grandest.eu\/de\/wp-json\/wp\/v2\/pages\/8360"}],"wp:attachment":[{"href":"https:\/\/frontaliers-grandest.eu\/de\/wp-json\/wp\/v2\/media?parent=8481"}],"wp:term":[{"taxonomy":"post_tag","embeddable":true,"href":"https:\/\/frontaliers-grandest.eu\/de\/wp-json\/wp\/v2\/tags?post=8481"},{"taxonomy":"frge_profile","embeddable":true,"href":"https:\/\/frontaliers-grandest.eu\/de\/wp-json\/wp\/v2\/frge_profile?post=8481"}],"curies":[{"name":"wp","href":"https:\/\/api.w.org\/{rel}","templated":true}]}}