{"id":8474,"date":"2021-06-14T14:23:55","date_gmt":"2021-06-14T12:23:55","guid":{"rendered":"https:\/\/frontaliers-grandest.eu\/?page_id=8474"},"modified":"2026-01-23T12:00:32","modified_gmt":"2026-01-23T11:00:32","slug":"arztliche-behandlungen-im-falle-von-erwerbsunfahigkeit","status":"publish","type":"page","link":"https:\/\/frontaliers-grandest.eu\/de\/startseite\/grenzganger\/deutschland-frankreich\/sozialversicherung\/die-invalidenversicherung\/arztliche-behandlungen-im-falle-von-erwerbsunfahigkeit\/","title":{"rendered":"\u00c4rztliche Behandlungen im Falle von Erwerbsunf\u00e4higkeit"},"content":{"rendered":"\n<p>Wenn Sie eine Invalidenrente in Deutschland und eine andere franz\u00f6sische Rente beziehen, werden die Sachleistungen (Gesundheitsf\u00fcrsorge) Ihnen in Deutschland gew\u00e4hrt, wenn Sie dort wohnen.<\/p>\n\n\n\n<p>Wenn Sie nicht in Deutschland gearbeitet haben und daher nach deutschem Recht keinen Anspruch auf Sachleistungen haben, werden diese an Sie und Ihre Familie gezahlt, unter der Bedingung, dass Sie bei der Caisse d&#8217;Assurance Maladie Ihres Wohnorts mit einem tragbaren <strong>Dokument S1 registriert sind, das Ihnen von der Caisse Primaire d&#8217;Assurance Maladie Ihres letzten Arbeitsplatzes in Frankreich ausgestellt wurde<\/strong>.<\/p>\n\n\n\n<p>Bei Grenzg\u00e4ngern, die eine Alters- oder Invalidit\u00e4tsrente beziehen, k\u00f6nnen sie weiterhin Sachleistungen des Staates erhalten, in dem sie zuletzt erwerbst\u00e4tig waren, sofern es darum geht, eine in diesem Staat begonnene Behandlung fortzusetzen. Wenn der Grenzg\u00e4nger in den 5 Jahren vor dem Zeitpunkt, zu dem die Rente wirksam wird, zwei Jahre lang erwerbst\u00e4tig war, hat er Anspruch auf Sachleistungen im Staat, in dem er zuletzt erwerbst\u00e4tig war, sofern beide Mitgliedstaaten diese L\u00f6sung gew\u00e4hlt haben (Frankreich und Deutschland).<\/p>\n\n\n\n<p><strong>Die Geldleistungen werden stets von dem f\u00fcr die Sachleistungen zust\u00e4ndigen Tr\u00e4ger gezahlt.<\/strong><\/p>\n","protected":false},"excerpt":{"rendered":"<p>Wenn Sie eine Invalidenrente in Deutschland und eine andere franz\u00f6sische Rente beziehen, werden die Sachleistungen (Gesundheitsf\u00fcrsorge) Ihnen in Deutschland gew\u00e4hrt, wenn Sie dort wohnen. Wenn Sie nicht in Deutschland gearbeitet haben und daher nach deutschem Recht keinen Anspruch auf Sachleistungen haben, werden diese an Sie und Ihre Familie gezahlt, unter der Bedingung, dass Sie bei [&hellip;]<\/p>\n","protected":false},"author":7,"featured_media":0,"parent":8360,"menu_order":2,"comment_status":"closed","ping_status":"closed","template":"","meta":{"inline_featured_image":false,"footnotes":""},"tags":[461,857,448,517],"frge_profile":[225],"class_list":["post-8474","page","type-page","status-publish","hentry","tag-arbeitnehmer","tag-die-invalidenversicherung","tag-frankreich","tag-grengaenger","frge_profile-arbeitnehmer"],"yoast_head":"<!-- This site is optimized with the Yoast SEO plugin v27.1.1 - https:\/\/yoast.com\/product\/yoast-seo-wordpress\/ -->\n<title>\u00c4rztliche Behandlungen im Falle von Erwerbsunf\u00e4higkeit - Frontaliers Grand Est<\/title>\n<meta name=\"description\" content=\"Informieren Sie sich \u00fcber die Leistungen, auf die Sie als Empf\u00e4nger einer Invalidenrente in Frankreich und\/oder Deutschland Anspruch haben k\u00f6nnten.\" \/>\n<meta name=\"robots\" content=\"index, follow, max-snippet:-1, max-image-preview:large, max-video-preview:-1\" \/>\n<link rel=\"canonical\" href=\"https:\/\/frontaliers-grandest.eu\/de\/startseite\/grenzganger\/deutschland-frankreich\/sozialversicherung\/die-invalidenversicherung\/arztliche-behandlungen-im-falle-von-erwerbsunfahigkeit\/\" \/>\n<meta property=\"og:locale\" content=\"de_DE\" \/>\n<meta property=\"og:type\" content=\"article\" \/>\n<meta property=\"og:title\" content=\"\u00c4rztliche Behandlungen im Falle von Erwerbsunf\u00e4higkeit - Frontaliers Grand Est\" \/>\n<meta property=\"og:description\" content=\"Informieren Sie sich \u00fcber die Leistungen, auf die Sie als Empf\u00e4nger einer Invalidenrente in Frankreich und\/oder Deutschland Anspruch haben k\u00f6nnten.\" \/>\n<meta property=\"og:url\" content=\"https:\/\/frontaliers-grandest.eu\/de\/startseite\/grenzganger\/deutschland-frankreich\/sozialversicherung\/die-invalidenversicherung\/arztliche-behandlungen-im-falle-von-erwerbsunfahigkeit\/\" \/>\n<meta property=\"og:site_name\" content=\"Frontaliers Grand Est\" \/>\n<meta property=\"article:publisher\" content=\"https:\/\/www.facebook.com\/frontaliers.GR.EST\/?locale=fr_FR\" \/>\n<meta property=\"article:modified_time\" content=\"2026-01-23T11:00:32+00:00\" \/>\n<meta name=\"twitter:card\" content=\"summary_large_image\" \/>\n<meta name=\"twitter:label1\" content=\"Gesch\u00e4tzte Lesezeit\" \/>\n\t<meta name=\"twitter:data1\" content=\"1\u00a0Minute\" \/>\n<script type=\"application\/ld+json\" class=\"yoast-schema-graph\">{\"@context\":\"https:\/\/schema.org\",\"@graph\":[{\"@type\":\"WebPage\",\"@id\":\"https:\/\/frontaliers-grandest.eu\/de\/startseite\/grenzganger\/deutschland-frankreich\/sozialversicherung\/die-invalidenversicherung\/arztliche-behandlungen-im-falle-von-erwerbsunfahigkeit\/\",\"url\":\"https:\/\/frontaliers-grandest.eu\/de\/startseite\/grenzganger\/deutschland-frankreich\/sozialversicherung\/die-invalidenversicherung\/arztliche-behandlungen-im-falle-von-erwerbsunfahigkeit\/\",\"name\":\"\u00c4rztliche Behandlungen im Falle von Erwerbsunf\u00e4higkeit - Frontaliers Grand Est\",\"isPartOf\":{\"@id\":\"https:\/\/frontaliers-grandest.eu\/de\/#website\"},\"datePublished\":\"2021-06-14T12:23:55+00:00\",\"dateModified\":\"2026-01-23T11:00:32+00:00\",\"description\":\"Informieren Sie sich \u00fcber die Leistungen, auf die Sie als Empf\u00e4nger einer Invalidenrente in Frankreich und\/oder Deutschland Anspruch haben k\u00f6nnten.\",\"breadcrumb\":{\"@id\":\"https:\/\/frontaliers-grandest.eu\/de\/startseite\/grenzganger\/deutschland-frankreich\/sozialversicherung\/die-invalidenversicherung\/arztliche-behandlungen-im-falle-von-erwerbsunfahigkeit\/#breadcrumb\"},\"inLanguage\":\"de\",\"potentialAction\":[{\"@type\":\"ReadAction\",\"target\":[\"https:\/\/frontaliers-grandest.eu\/de\/startseite\/grenzganger\/deutschland-frankreich\/sozialversicherung\/die-invalidenversicherung\/arztliche-behandlungen-im-falle-von-erwerbsunfahigkeit\/\"]}]},{\"@type\":\"BreadcrumbList\",\"@id\":\"https:\/\/frontaliers-grandest.eu\/de\/startseite\/grenzganger\/deutschland-frankreich\/sozialversicherung\/die-invalidenversicherung\/arztliche-behandlungen-im-falle-von-erwerbsunfahigkeit\/#breadcrumb\",\"itemListElement\":[{\"@type\":\"ListItem\",\"position\":1,\"name\":\"Startseite\",\"item\":\"https:\/\/frontaliers-grandest.eu\/de\/\"},{\"@type\":\"ListItem\",\"position\":2,\"name\":\"Grenzg\u00e4nger\",\"item\":\"https:\/\/frontaliers-grandest.eu\/de\/startseite\/grenzganger\/\"},{\"@type\":\"ListItem\",\"position\":3,\"name\":\"Deutschland - Frankreich\",\"item\":\"https:\/\/frontaliers-grandest.eu\/de\/startseite\/grenzganger\/deutschland-frankreich\/\"},{\"@type\":\"ListItem\",\"position\":4,\"name\":\"Sozialversicherung in Frankreich\",\"item\":\"https:\/\/frontaliers-grandest.eu\/de\/startseite\/grenzganger\/deutschland-frankreich\/sozialversicherung\/\"},{\"@type\":\"ListItem\",\"position\":5,\"name\":\"Die Invalidenversicherung\",\"item\":\"https:\/\/frontaliers-grandest.eu\/de\/startseite\/grenzganger\/deutschland-frankreich\/sozialversicherung\/die-invalidenversicherung\/\"},{\"@type\":\"ListItem\",\"position\":6,\"name\":\"\u00c4rztliche Behandlungen im Falle von Erwerbsunf\u00e4higkeit\"}]},{\"@type\":\"WebSite\",\"@id\":\"https:\/\/frontaliers-grandest.eu\/de\/#website\",\"url\":\"https:\/\/frontaliers-grandest.eu\/de\/\",\"name\":\"Frontaliers Grand Est\",\"description\":\"Le site ressource du travail frontalier\",\"publisher\":{\"@id\":\"https:\/\/frontaliers-grandest.eu\/de\/#organization\"},\"alternateName\":\"Frontaliers Grand Est\",\"potentialAction\":[{\"@type\":\"SearchAction\",\"target\":{\"@type\":\"EntryPoint\",\"urlTemplate\":\"https:\/\/frontaliers-grandest.eu\/de\/?s={search_term_string}\"},\"query-input\":{\"@type\":\"PropertyValueSpecification\",\"valueRequired\":true,\"valueName\":\"search_term_string\"}}],\"inLanguage\":\"de\"},{\"@type\":\"Organization\",\"@id\":\"https:\/\/frontaliers-grandest.eu\/de\/#organization\",\"name\":\"Frontaliers Grand Est\",\"alternateName\":\"Frontaliers Grand Est\",\"url\":\"https:\/\/frontaliers-grandest.eu\/de\/\",\"logo\":{\"@type\":\"ImageObject\",\"inLanguage\":\"de\",\"@id\":\"https:\/\/frontaliers-grandest.eu\/de\/#\/schema\/logo\/image\/\",\"url\":\"https:\/\/frontaliers-grandest.eu\/wp-content\/uploads\/2025\/07\/260328234_2966785176920310_3332838526503858160_n.jpg\",\"contentUrl\":\"https:\/\/frontaliers-grandest.eu\/wp-content\/uploads\/2025\/07\/260328234_2966785176920310_3332838526503858160_n.jpg\",\"width\":396,\"height\":396,\"caption\":\"Frontaliers Grand Est\"},\"image\":{\"@id\":\"https:\/\/frontaliers-grandest.eu\/de\/#\/schema\/logo\/image\/\"},\"sameAs\":[\"https:\/\/www.facebook.com\/frontaliers.GR.EST\/?locale=fr_FR\"]}]}<\/script>\n<!-- \/ Yoast SEO plugin. -->","yoast_head_json":{"title":"\u00c4rztliche Behandlungen im Falle von Erwerbsunf\u00e4higkeit - Frontaliers Grand Est","description":"Informieren Sie sich \u00fcber die Leistungen, auf die Sie als Empf\u00e4nger einer Invalidenrente in Frankreich und\/oder Deutschland Anspruch haben k\u00f6nnten.","robots":{"index":"index","follow":"follow","max-snippet":"max-snippet:-1","max-image-preview":"max-image-preview:large","max-video-preview":"max-video-preview:-1"},"canonical":"https:\/\/frontaliers-grandest.eu\/de\/startseite\/grenzganger\/deutschland-frankreich\/sozialversicherung\/die-invalidenversicherung\/arztliche-behandlungen-im-falle-von-erwerbsunfahigkeit\/","og_locale":"de_DE","og_type":"article","og_title":"\u00c4rztliche Behandlungen im Falle von Erwerbsunf\u00e4higkeit - Frontaliers Grand Est","og_description":"Informieren Sie sich \u00fcber die Leistungen, auf die Sie als Empf\u00e4nger einer Invalidenrente in Frankreich und\/oder Deutschland Anspruch haben k\u00f6nnten.","og_url":"https:\/\/frontaliers-grandest.eu\/de\/startseite\/grenzganger\/deutschland-frankreich\/sozialversicherung\/die-invalidenversicherung\/arztliche-behandlungen-im-falle-von-erwerbsunfahigkeit\/","og_site_name":"Frontaliers Grand Est","article_publisher":"https:\/\/www.facebook.com\/frontaliers.GR.EST\/?locale=fr_FR","article_modified_time":"2026-01-23T11:00:32+00:00","twitter_card":"summary_large_image","twitter_misc":{"Gesch\u00e4tzte Lesezeit":"1\u00a0Minute"},"schema":{"@context":"https:\/\/schema.org","@graph":[{"@type":"WebPage","@id":"https:\/\/frontaliers-grandest.eu\/de\/startseite\/grenzganger\/deutschland-frankreich\/sozialversicherung\/die-invalidenversicherung\/arztliche-behandlungen-im-falle-von-erwerbsunfahigkeit\/","url":"https:\/\/frontaliers-grandest.eu\/de\/startseite\/grenzganger\/deutschland-frankreich\/sozialversicherung\/die-invalidenversicherung\/arztliche-behandlungen-im-falle-von-erwerbsunfahigkeit\/","name":"\u00c4rztliche Behandlungen im Falle von Erwerbsunf\u00e4higkeit - Frontaliers Grand Est","isPartOf":{"@id":"https:\/\/frontaliers-grandest.eu\/de\/#website"},"datePublished":"2021-06-14T12:23:55+00:00","dateModified":"2026-01-23T11:00:32+00:00","description":"Informieren Sie sich \u00fcber die Leistungen, auf die Sie als Empf\u00e4nger einer Invalidenrente in Frankreich und\/oder Deutschland Anspruch haben k\u00f6nnten.","breadcrumb":{"@id":"https:\/\/frontaliers-grandest.eu\/de\/startseite\/grenzganger\/deutschland-frankreich\/sozialversicherung\/die-invalidenversicherung\/arztliche-behandlungen-im-falle-von-erwerbsunfahigkeit\/#breadcrumb"},"inLanguage":"de","potentialAction":[{"@type":"ReadAction","target":["https:\/\/frontaliers-grandest.eu\/de\/startseite\/grenzganger\/deutschland-frankreich\/sozialversicherung\/die-invalidenversicherung\/arztliche-behandlungen-im-falle-von-erwerbsunfahigkeit\/"]}]},{"@type":"BreadcrumbList","@id":"https:\/\/frontaliers-grandest.eu\/de\/startseite\/grenzganger\/deutschland-frankreich\/sozialversicherung\/die-invalidenversicherung\/arztliche-behandlungen-im-falle-von-erwerbsunfahigkeit\/#breadcrumb","itemListElement":[{"@type":"ListItem","position":1,"name":"Startseite","item":"https:\/\/frontaliers-grandest.eu\/de\/"},{"@type":"ListItem","position":2,"name":"Grenzg\u00e4nger","item":"https:\/\/frontaliers-grandest.eu\/de\/startseite\/grenzganger\/"},{"@type":"ListItem","position":3,"name":"Deutschland - Frankreich","item":"https:\/\/frontaliers-grandest.eu\/de\/startseite\/grenzganger\/deutschland-frankreich\/"},{"@type":"ListItem","position":4,"name":"Sozialversicherung in Frankreich","item":"https:\/\/frontaliers-grandest.eu\/de\/startseite\/grenzganger\/deutschland-frankreich\/sozialversicherung\/"},{"@type":"ListItem","position":5,"name":"Die Invalidenversicherung","item":"https:\/\/frontaliers-grandest.eu\/de\/startseite\/grenzganger\/deutschland-frankreich\/sozialversicherung\/die-invalidenversicherung\/"},{"@type":"ListItem","position":6,"name":"\u00c4rztliche Behandlungen im Falle von Erwerbsunf\u00e4higkeit"}]},{"@type":"WebSite","@id":"https:\/\/frontaliers-grandest.eu\/de\/#website","url":"https:\/\/frontaliers-grandest.eu\/de\/","name":"Frontaliers Grand Est","description":"Le site ressource du travail frontalier","publisher":{"@id":"https:\/\/frontaliers-grandest.eu\/de\/#organization"},"alternateName":"Frontaliers Grand Est","potentialAction":[{"@type":"SearchAction","target":{"@type":"EntryPoint","urlTemplate":"https:\/\/frontaliers-grandest.eu\/de\/?s={search_term_string}"},"query-input":{"@type":"PropertyValueSpecification","valueRequired":true,"valueName":"search_term_string"}}],"inLanguage":"de"},{"@type":"Organization","@id":"https:\/\/frontaliers-grandest.eu\/de\/#organization","name":"Frontaliers Grand Est","alternateName":"Frontaliers Grand Est","url":"https:\/\/frontaliers-grandest.eu\/de\/","logo":{"@type":"ImageObject","inLanguage":"de","@id":"https:\/\/frontaliers-grandest.eu\/de\/#\/schema\/logo\/image\/","url":"https:\/\/frontaliers-grandest.eu\/wp-content\/uploads\/2025\/07\/260328234_2966785176920310_3332838526503858160_n.jpg","contentUrl":"https:\/\/frontaliers-grandest.eu\/wp-content\/uploads\/2025\/07\/260328234_2966785176920310_3332838526503858160_n.jpg","width":396,"height":396,"caption":"Frontaliers Grand Est"},"image":{"@id":"https:\/\/frontaliers-grandest.eu\/de\/#\/schema\/logo\/image\/"},"sameAs":["https:\/\/www.facebook.com\/frontaliers.GR.EST\/?locale=fr_FR"]}]}},"frge_page_order":"0","_links":{"self":[{"href":"https:\/\/frontaliers-grandest.eu\/de\/wp-json\/wp\/v2\/pages\/8474","targetHints":{"allow":["GET"]}}],"collection":[{"href":"https:\/\/frontaliers-grandest.eu\/de\/wp-json\/wp\/v2\/pages"}],"about":[{"href":"https:\/\/frontaliers-grandest.eu\/de\/wp-json\/wp\/v2\/types\/page"}],"author":[{"embeddable":true,"href":"https:\/\/frontaliers-grandest.eu\/de\/wp-json\/wp\/v2\/users\/7"}],"replies":[{"embeddable":true,"href":"https:\/\/frontaliers-grandest.eu\/de\/wp-json\/wp\/v2\/comments?post=8474"}],"version-history":[{"count":2,"href":"https:\/\/frontaliers-grandest.eu\/de\/wp-json\/wp\/v2\/pages\/8474\/revisions"}],"predecessor-version":[{"id":56853,"href":"https:\/\/frontaliers-grandest.eu\/de\/wp-json\/wp\/v2\/pages\/8474\/revisions\/56853"}],"up":[{"embeddable":true,"href":"https:\/\/frontaliers-grandest.eu\/de\/wp-json\/wp\/v2\/pages\/8360"}],"wp:attachment":[{"href":"https:\/\/frontaliers-grandest.eu\/de\/wp-json\/wp\/v2\/media?parent=8474"}],"wp:term":[{"taxonomy":"post_tag","embeddable":true,"href":"https:\/\/frontaliers-grandest.eu\/de\/wp-json\/wp\/v2\/tags?post=8474"},{"taxonomy":"frge_profile","embeddable":true,"href":"https:\/\/frontaliers-grandest.eu\/de\/wp-json\/wp\/v2\/frge_profile?post=8474"}],"curies":[{"name":"wp","href":"https:\/\/api.w.org\/{rel}","templated":true}]}}