{"id":8472,"date":"2021-06-14T14:13:43","date_gmt":"2021-06-14T12:13:43","guid":{"rendered":"https:\/\/frontaliers-grandest.eu\/?page_id=8472"},"modified":"2026-01-23T11:55:53","modified_gmt":"2026-01-23T10:55:53","slug":"welches-land-uberweist-mir-meine-invalidenrente","status":"publish","type":"page","link":"https:\/\/frontaliers-grandest.eu\/de\/startseite\/grenzganger\/deutschland-frankreich\/sozialversicherung\/die-invalidenversicherung\/welches-land-uberweist-mir-meine-invalidenrente\/","title":{"rendered":"Welches Land \u00fcberweist mir meine Invalidenrente ?"},"content":{"rendered":"\n<h4 class=\"wp-block-heading\">Europ\u00e4ische Vorschriften<\/h4>\n\n\n\n<p>Die Liquidation und die Regeln f\u00fcr die Berechnung der Invalidenrenten liegen dem Titel III Kapitel 4 und 5 der EG-Verordnung 883\/2004 vor. Jedes Land beh\u00e4lt seine eigenen Regeln, die Voraussetzungen zu bestimmen, unter denen eine Rente gew\u00e4hrt werden kann.<\/p>\n\n\n\n<p>In einigen Staaten h\u00e4ngt der Invalidenrente nicht von der Beitragsdauer ab, sondern von der Tatsache, dass zum Zeitpunkt des Auftretens der Behinderung die Person versichert wurde(dieses System ist Typ-A-Land genannt). In anderen Staaten h\u00e4ngt die H\u00f6he der Rente von der Beitragsdauer im Moment, wenn die Behinderung aufgetreten wird (Typ-B).<\/p>\n\n\n\n<p>Mit dem Inkrafttreten der EG-Verordnung 883\/2004 am 1. Mai 2010, Deutschland und Frankreich fallen in die Kategorie Typ-B. Folglich wird die Invalidenrente als eine Altersrente berechnet (um die Berechnungsmethode einzusehen, k\u00f6nnen Sie das Thema \u201eAltersversicherung\u201c konsultieren).<\/p>\n\n\n\n<p>Jedes Land beh\u00e4lt seine eigenen Regeln, die Bedingungen zu bestimmen, unter denen eine Rente gew\u00e4hrt werden kann, Au\u00dferdem unterscheiden sie sich die Begriffe je nach dem Staat.<\/p>\n\n\n\n<h4 class=\"wp-block-heading\">Wie berechnet sich meine Rente?<\/h4>\n\n\n\n<p>Sobald Sie Ihren Rentenantrag f\u00fcr Behinderung bei Ihrer kompetenten Kasse in Frankreich gestellt haben, werden die franz\u00f6sischen und deutschen Kassen die H\u00f6he Ihrer Rente berechnen.<\/p>\n\n\n\n<div class=\"wp-block-frontaliers-grandest-plugin-frge-accordion-block\"><div class=\"accordion-top\"><h4 class=\"accordion-title\">Franz\u00f6sische Rente<\/h4><svg viewBox=\"0 0 24 24\" stroke-width=\"1.5\" fill=\"none\" xmlns=\"http:\/\/www.w3.org\/2000\/svg\" class=\"accordion-top__icon\"><path d=\"M3 12L21 12M21 12L12.5 3.5M21 12L12.5 20.5\" stroke-width=\"1.5\" stroke-linecap=\"round\" stroke-linejoin=\"round\"><\/path><\/svg><\/div><div class=\"accordion-content\">\n<p>Die Rente wird auf der Grundlage des durchschnittlichen Verdienstes berechnet, das aus den besten 10 Jahren L\u00f6hne erhalten wird. Der Betrag wird dann als Prozentsatz des Durchschnittslohns bestimmt und h\u00e4ngt von der Referenzkategorie, die vom Vertrauensarzt des CPAM bestimmt wird. Sie<\/p>\n\n\n\n<p>h\u00e4ngt nicht von Ihrer Beitragszeit und wird die gleiche sein, ob Sie 5 Jahre oder 20 Jahre gezahlt haben. Allerdings wird der Betrag im Verh\u00e4ltnis zu der in Frankreich realisierten Laufbahn bezahlt.<\/p>\n\n\n\n<p>Es gibt drei Kategorien von Renten je nach gebliebener Besch\u00e4ftigungskapazit\u00e4t.&nbsp;<\/p>\n\n\n\n<p>Die Invalidenrenten werden j\u00e4hrlich indexiert.<\/p>\n\n\n\n<h5 class=\"wp-block-heading\">Anwendbare S\u00e4tze (stand 2026):<\/h5>\n\n\n\n<figure class=\"wp-block-table\"><table><tbody><tr><td><strong>Kategorie der Behinderung<\/strong><\/td><td><strong>Prozentsatz des durchschnittlichen Jahresgehaltes von den besten 10 Jahren<\/strong><\/td><td><strong>Mindestbetrag pro Monat<\/strong><\/td><td><strong>Maximaler monatlicher Betrag<\/strong><\/td><\/tr><tr><td><strong>1. Kategorie<\/strong>&nbsp;: Sie k\u00f6nnen eine T\u00e4tigkeit aus\u00fcben<\/td><td>30%<\/td><td>335,29 \u20ac<\/td><td>1.201,50 \u20ac<\/td><\/tr><tr><td><strong>2. Kategorie<\/strong>&nbsp;: Sie k\u00f6nnen keine Erwerbst\u00e4tigkeit aus\u00fcben<\/td><td>50%<\/td><td>335,29 \u20ac<\/td><td>2.002,50 \u20ac<\/td><\/tr><tr><td><strong>3. Kategorie<\/strong>&nbsp;: Sie k\u00f6nnen keine Erwerbst\u00e4tigkeit aus\u00fcben und ben\u00f6tigen die Hilfe eines Drittens im Alltagsleben<\/td><td>50% plus 40% der Erh\u00f6hung f\u00fcr den Dritten<\/td><td>1.601,89 \u20ac<\/td><td><br>3.229,10 \u20ac<\/td><\/tr><\/tbody><\/table><\/figure>\n\n\n\n<p>Dar\u00fcber hinaus ist es m\u00f6glich, eine zus\u00e4tzliche Invalidit\u00e4tsbeihilfe (ASI) als Erg\u00e4nzung zu Ihrer Rente zu erhalten, unabh\u00e4ngig von Ihrem Alter, sofern Sie in Frankreich wohnen und Ihre Mittel 1.530,60 \u20ac pro Monat nicht \u00fcberschreiten, wenn Sie als Paar leben (oder 914,85 \u20ac pro Monat, wenn Sie allein leben).<\/p>\n\n\n\n<p><strong>Die H\u00f6he dieser Beihilfe, die vom Einkommen abh\u00e4ngt, kann 579,56 \u20ac pro Monat f\u00fcr eine Einzelperson und 1 530,60 \u20ac pro Monat f\u00fcr ein beg\u00fcnstigtes Ehepaar (am 1. Januar 2026) erreichen.<\/strong><\/p>\n<\/div><\/div>\n\n\n\n<div class=\"wp-block-frontaliers-grandest-plugin-frge-accordion-block\"><div class=\"accordion-top\"><h4 class=\"accordion-title\">Deutsche Rente<\/h4><svg viewBox=\"0 0 24 24\" stroke-width=\"1.5\" fill=\"none\" xmlns=\"http:\/\/www.w3.org\/2000\/svg\" class=\"accordion-top__icon\"><path d=\"M3 12L21 12M21 12L12.5 3.5M21 12L12.5 20.5\" stroke-width=\"1.5\" stroke-linecap=\"round\" stroke-linejoin=\"round\"><\/path><\/svg><\/div><div class=\"accordion-content\">\n<p>Wenn Ihre (teilweise oder vollst\u00e4ndige) Invalidit\u00e4t anerkannt wird, zahlt Ihnen Ihre Altersversicherung eine Rente f\u00fcr maximal 3 Jahre. Sie k\u00f6nnen jedoch 3 Monate vor Ablauf der ersten drei Jahre einen Antrag auf Beibehaltung stellen.<\/p>\n\n\n\n<p>Die Verl\u00e4ngerung der 3 Jahre kann nur zweimal erfolgen. Somit betr\u00e4gt die maximale Dauer der befristeten Rente 9 Jahre. Wenn nach 9 Jahren festgestellt wird, dass sich Ihr Zustand nicht bessert, kann die befristete Rente aus medizinischen Gr\u00fcnden in eine dauerhafte Rente umgewandelt werden.<\/p>\n\n\n\n<p>Die monatliche H\u00f6he Ihrer Rente ergibt sich aus einer Berechnung, bei der Folgendes ber\u00fccksichtigt wird:<\/p>\n\n\n\n<ul class=\"wp-block-list\">\n<li><strong>Ihre pers\u00f6nlichen Entgeltpunkte<\/strong> (PEP): das sind Ihre Verg\u00fctungspunkte, multipliziert mit dem \u00abZugangsfaktor\u00bb (1 f\u00fcr eine Rente im Alter von 65 oder 67 Jahren, je nach Geburtsjahr, &lt; 1 f\u00fcr eine vorzeitige Altersrente und &gt; 1 f\u00fcr eine Rente nach dem 65. oder 67 Lebensjahr);<\/li>\n\n\n\n<li><strong>ein Multiplikator<\/strong> (Rentenartfaktor: RAF): 1 f\u00fcr eine vollst\u00e4ndige Arbeitsunf\u00e4higkeit, 0,5 f\u00fcr eine teilweise Arbeitsunf\u00e4higkeit und 0,55 f\u00fcr eine Witwenrente;<\/li>\n\n\n\n<li><strong>und der aktuelle Wert einer Rente<\/strong> (Aktueller Rentewert: AR) aus Beitr\u00e4gen, die von einem \u00fcber ein Jahr gezahlten Durchschnittseinkommen abgezogen werden: 40,79 \u20ac\/ Monat (ab 01\/07\/2025) in allen Bundesl\u00e4ndern (Ost und West).<\/li>\n<\/ul>\n\n\n\n<p>Monatlicher Bruttobetrag der Rente = PEP X RAF X AR<\/p>\n\n\n\n<p>Die Anhebung des Rentenalters von 65 auf 67 Jahre in Deutschland hat sich auch auf die deutsche Invalidit\u00e4t ausgewirkt:3 % pro Monat der Vorsch\u00fcsse werden schrittweise von 63 auf 65 Jahre erh\u00f6ht (f\u00fcr die ab 2012 gew\u00e4hrten Renten).<\/p>\n\n\n\n<p>F\u00fcr weitere Informationen zu Ihrer Rente k\u00f6nnen Sie sich an die \u00abDeutsche Rentenversicherung Saarland\u00bb unter 0049 681 30 93-0 wenden.<\/p>\n<\/div><\/div>\n","protected":false},"excerpt":{"rendered":"<p>Europ\u00e4ische Vorschriften Die Liquidation und die Regeln f\u00fcr die Berechnung der Invalidenrenten liegen dem Titel III Kapitel 4 und 5 der EG-Verordnung 883\/2004 vor. Jedes Land beh\u00e4lt seine eigenen Regeln, die Voraussetzungen zu bestimmen, unter denen eine Rente gew\u00e4hrt werden kann. In einigen Staaten h\u00e4ngt der Invalidenrente nicht von der Beitragsdauer ab, sondern von der [&hellip;]<\/p>\n","protected":false},"author":7,"featured_media":0,"parent":8360,"menu_order":1,"comment_status":"closed","ping_status":"closed","template":"","meta":{"inline_featured_image":false,"footnotes":""},"tags":[461,857,448,517],"frge_profile":[225],"class_list":["post-8472","page","type-page","status-publish","hentry","tag-arbeitnehmer","tag-die-invalidenversicherung","tag-frankreich","tag-grengaenger","frge_profile-arbeitnehmer"],"yoast_head":"<!-- This site is optimized with the Yoast SEO plugin v27.1.1 - https:\/\/yoast.com\/product\/yoast-seo-wordpress\/ -->\n<title>Welches Land \u00fcberweist mir meine Invalidenrente ? - Frontaliers Grand Est<\/title>\n<meta name=\"description\" content=\"Informieren Sie sich auf dieser Seite \u00fcber die verschiedenen Betr\u00e4ge der Invalidenrenten in Frankreich und Deutschland.\" \/>\n<meta name=\"robots\" content=\"index, follow, max-snippet:-1, max-image-preview:large, max-video-preview:-1\" \/>\n<link rel=\"canonical\" href=\"https:\/\/frontaliers-grandest.eu\/de\/startseite\/grenzganger\/deutschland-frankreich\/sozialversicherung\/die-invalidenversicherung\/welches-land-uberweist-mir-meine-invalidenrente\/\" \/>\n<meta property=\"og:locale\" content=\"de_DE\" \/>\n<meta property=\"og:type\" content=\"article\" \/>\n<meta property=\"og:title\" content=\"Welches Land \u00fcberweist mir meine Invalidenrente ? - Frontaliers Grand Est\" \/>\n<meta property=\"og:description\" content=\"Informieren Sie sich auf dieser Seite \u00fcber die verschiedenen Betr\u00e4ge der Invalidenrenten in Frankreich und Deutschland.\" \/>\n<meta property=\"og:url\" content=\"https:\/\/frontaliers-grandest.eu\/de\/startseite\/grenzganger\/deutschland-frankreich\/sozialversicherung\/die-invalidenversicherung\/welches-land-uberweist-mir-meine-invalidenrente\/\" \/>\n<meta property=\"og:site_name\" content=\"Frontaliers Grand Est\" \/>\n<meta property=\"article:publisher\" content=\"https:\/\/www.facebook.com\/frontaliers.GR.EST\/?locale=fr_FR\" \/>\n<meta property=\"article:modified_time\" content=\"2026-01-23T10:55:53+00:00\" \/>\n<meta name=\"twitter:card\" content=\"summary_large_image\" \/>\n<meta name=\"twitter:label1\" content=\"Gesch\u00e4tzte Lesezeit\" \/>\n\t<meta name=\"twitter:data1\" content=\"4\u00a0Minuten\" \/>\n<script type=\"application\/ld+json\" class=\"yoast-schema-graph\">{\"@context\":\"https:\/\/schema.org\",\"@graph\":[{\"@type\":\"WebPage\",\"@id\":\"https:\/\/frontaliers-grandest.eu\/de\/startseite\/grenzganger\/deutschland-frankreich\/sozialversicherung\/die-invalidenversicherung\/welches-land-uberweist-mir-meine-invalidenrente\/\",\"url\":\"https:\/\/frontaliers-grandest.eu\/de\/startseite\/grenzganger\/deutschland-frankreich\/sozialversicherung\/die-invalidenversicherung\/welches-land-uberweist-mir-meine-invalidenrente\/\",\"name\":\"Welches Land \u00fcberweist mir meine Invalidenrente ? - Frontaliers Grand Est\",\"isPartOf\":{\"@id\":\"https:\/\/frontaliers-grandest.eu\/de\/#website\"},\"datePublished\":\"2021-06-14T12:13:43+00:00\",\"dateModified\":\"2026-01-23T10:55:53+00:00\",\"description\":\"Informieren Sie sich auf dieser Seite \u00fcber die verschiedenen Betr\u00e4ge der Invalidenrenten in Frankreich und Deutschland.\",\"breadcrumb\":{\"@id\":\"https:\/\/frontaliers-grandest.eu\/de\/startseite\/grenzganger\/deutschland-frankreich\/sozialversicherung\/die-invalidenversicherung\/welches-land-uberweist-mir-meine-invalidenrente\/#breadcrumb\"},\"inLanguage\":\"de\",\"potentialAction\":[{\"@type\":\"ReadAction\",\"target\":[\"https:\/\/frontaliers-grandest.eu\/de\/startseite\/grenzganger\/deutschland-frankreich\/sozialversicherung\/die-invalidenversicherung\/welches-land-uberweist-mir-meine-invalidenrente\/\"]}]},{\"@type\":\"BreadcrumbList\",\"@id\":\"https:\/\/frontaliers-grandest.eu\/de\/startseite\/grenzganger\/deutschland-frankreich\/sozialversicherung\/die-invalidenversicherung\/welches-land-uberweist-mir-meine-invalidenrente\/#breadcrumb\",\"itemListElement\":[{\"@type\":\"ListItem\",\"position\":1,\"name\":\"Startseite\",\"item\":\"https:\/\/frontaliers-grandest.eu\/de\/\"},{\"@type\":\"ListItem\",\"position\":2,\"name\":\"Grenzg\u00e4nger\",\"item\":\"https:\/\/frontaliers-grandest.eu\/de\/startseite\/grenzganger\/\"},{\"@type\":\"ListItem\",\"position\":3,\"name\":\"Deutschland - Frankreich\",\"item\":\"https:\/\/frontaliers-grandest.eu\/de\/startseite\/grenzganger\/deutschland-frankreich\/\"},{\"@type\":\"ListItem\",\"position\":4,\"name\":\"Sozialversicherung in Frankreich\",\"item\":\"https:\/\/frontaliers-grandest.eu\/de\/startseite\/grenzganger\/deutschland-frankreich\/sozialversicherung\/\"},{\"@type\":\"ListItem\",\"position\":5,\"name\":\"Die Invalidenversicherung\",\"item\":\"https:\/\/frontaliers-grandest.eu\/de\/startseite\/grenzganger\/deutschland-frankreich\/sozialversicherung\/die-invalidenversicherung\/\"},{\"@type\":\"ListItem\",\"position\":6,\"name\":\"Welches Land \u00fcberweist mir meine Invalidenrente ?\"}]},{\"@type\":\"WebSite\",\"@id\":\"https:\/\/frontaliers-grandest.eu\/de\/#website\",\"url\":\"https:\/\/frontaliers-grandest.eu\/de\/\",\"name\":\"Frontaliers Grand Est\",\"description\":\"Le site ressource du travail frontalier\",\"publisher\":{\"@id\":\"https:\/\/frontaliers-grandest.eu\/de\/#organization\"},\"alternateName\":\"Frontaliers Grand Est\",\"potentialAction\":[{\"@type\":\"SearchAction\",\"target\":{\"@type\":\"EntryPoint\",\"urlTemplate\":\"https:\/\/frontaliers-grandest.eu\/de\/?s={search_term_string}\"},\"query-input\":{\"@type\":\"PropertyValueSpecification\",\"valueRequired\":true,\"valueName\":\"search_term_string\"}}],\"inLanguage\":\"de\"},{\"@type\":\"Organization\",\"@id\":\"https:\/\/frontaliers-grandest.eu\/de\/#organization\",\"name\":\"Frontaliers Grand Est\",\"alternateName\":\"Frontaliers Grand Est\",\"url\":\"https:\/\/frontaliers-grandest.eu\/de\/\",\"logo\":{\"@type\":\"ImageObject\",\"inLanguage\":\"de\",\"@id\":\"https:\/\/frontaliers-grandest.eu\/de\/#\/schema\/logo\/image\/\",\"url\":\"https:\/\/frontaliers-grandest.eu\/wp-content\/uploads\/2025\/07\/260328234_2966785176920310_3332838526503858160_n.jpg\",\"contentUrl\":\"https:\/\/frontaliers-grandest.eu\/wp-content\/uploads\/2025\/07\/260328234_2966785176920310_3332838526503858160_n.jpg\",\"width\":396,\"height\":396,\"caption\":\"Frontaliers Grand Est\"},\"image\":{\"@id\":\"https:\/\/frontaliers-grandest.eu\/de\/#\/schema\/logo\/image\/\"},\"sameAs\":[\"https:\/\/www.facebook.com\/frontaliers.GR.EST\/?locale=fr_FR\"]}]}<\/script>\n<!-- \/ Yoast SEO plugin. -->","yoast_head_json":{"title":"Welches Land \u00fcberweist mir meine Invalidenrente ? - Frontaliers Grand Est","description":"Informieren Sie sich auf dieser Seite \u00fcber die verschiedenen Betr\u00e4ge der Invalidenrenten in Frankreich und Deutschland.","robots":{"index":"index","follow":"follow","max-snippet":"max-snippet:-1","max-image-preview":"max-image-preview:large","max-video-preview":"max-video-preview:-1"},"canonical":"https:\/\/frontaliers-grandest.eu\/de\/startseite\/grenzganger\/deutschland-frankreich\/sozialversicherung\/die-invalidenversicherung\/welches-land-uberweist-mir-meine-invalidenrente\/","og_locale":"de_DE","og_type":"article","og_title":"Welches Land \u00fcberweist mir meine Invalidenrente ? - Frontaliers Grand Est","og_description":"Informieren Sie sich auf dieser Seite \u00fcber die verschiedenen Betr\u00e4ge der Invalidenrenten in Frankreich und Deutschland.","og_url":"https:\/\/frontaliers-grandest.eu\/de\/startseite\/grenzganger\/deutschland-frankreich\/sozialversicherung\/die-invalidenversicherung\/welches-land-uberweist-mir-meine-invalidenrente\/","og_site_name":"Frontaliers Grand Est","article_publisher":"https:\/\/www.facebook.com\/frontaliers.GR.EST\/?locale=fr_FR","article_modified_time":"2026-01-23T10:55:53+00:00","twitter_card":"summary_large_image","twitter_misc":{"Gesch\u00e4tzte Lesezeit":"4\u00a0Minuten"},"schema":{"@context":"https:\/\/schema.org","@graph":[{"@type":"WebPage","@id":"https:\/\/frontaliers-grandest.eu\/de\/startseite\/grenzganger\/deutschland-frankreich\/sozialversicherung\/die-invalidenversicherung\/welches-land-uberweist-mir-meine-invalidenrente\/","url":"https:\/\/frontaliers-grandest.eu\/de\/startseite\/grenzganger\/deutschland-frankreich\/sozialversicherung\/die-invalidenversicherung\/welches-land-uberweist-mir-meine-invalidenrente\/","name":"Welches Land \u00fcberweist mir meine Invalidenrente ? - Frontaliers Grand Est","isPartOf":{"@id":"https:\/\/frontaliers-grandest.eu\/de\/#website"},"datePublished":"2021-06-14T12:13:43+00:00","dateModified":"2026-01-23T10:55:53+00:00","description":"Informieren Sie sich auf dieser Seite \u00fcber die verschiedenen Betr\u00e4ge der Invalidenrenten in Frankreich und Deutschland.","breadcrumb":{"@id":"https:\/\/frontaliers-grandest.eu\/de\/startseite\/grenzganger\/deutschland-frankreich\/sozialversicherung\/die-invalidenversicherung\/welches-land-uberweist-mir-meine-invalidenrente\/#breadcrumb"},"inLanguage":"de","potentialAction":[{"@type":"ReadAction","target":["https:\/\/frontaliers-grandest.eu\/de\/startseite\/grenzganger\/deutschland-frankreich\/sozialversicherung\/die-invalidenversicherung\/welches-land-uberweist-mir-meine-invalidenrente\/"]}]},{"@type":"BreadcrumbList","@id":"https:\/\/frontaliers-grandest.eu\/de\/startseite\/grenzganger\/deutschland-frankreich\/sozialversicherung\/die-invalidenversicherung\/welches-land-uberweist-mir-meine-invalidenrente\/#breadcrumb","itemListElement":[{"@type":"ListItem","position":1,"name":"Startseite","item":"https:\/\/frontaliers-grandest.eu\/de\/"},{"@type":"ListItem","position":2,"name":"Grenzg\u00e4nger","item":"https:\/\/frontaliers-grandest.eu\/de\/startseite\/grenzganger\/"},{"@type":"ListItem","position":3,"name":"Deutschland - Frankreich","item":"https:\/\/frontaliers-grandest.eu\/de\/startseite\/grenzganger\/deutschland-frankreich\/"},{"@type":"ListItem","position":4,"name":"Sozialversicherung in Frankreich","item":"https:\/\/frontaliers-grandest.eu\/de\/startseite\/grenzganger\/deutschland-frankreich\/sozialversicherung\/"},{"@type":"ListItem","position":5,"name":"Die Invalidenversicherung","item":"https:\/\/frontaliers-grandest.eu\/de\/startseite\/grenzganger\/deutschland-frankreich\/sozialversicherung\/die-invalidenversicherung\/"},{"@type":"ListItem","position":6,"name":"Welches Land \u00fcberweist mir meine Invalidenrente ?"}]},{"@type":"WebSite","@id":"https:\/\/frontaliers-grandest.eu\/de\/#website","url":"https:\/\/frontaliers-grandest.eu\/de\/","name":"Frontaliers Grand Est","description":"Le site ressource du travail frontalier","publisher":{"@id":"https:\/\/frontaliers-grandest.eu\/de\/#organization"},"alternateName":"Frontaliers Grand Est","potentialAction":[{"@type":"SearchAction","target":{"@type":"EntryPoint","urlTemplate":"https:\/\/frontaliers-grandest.eu\/de\/?s={search_term_string}"},"query-input":{"@type":"PropertyValueSpecification","valueRequired":true,"valueName":"search_term_string"}}],"inLanguage":"de"},{"@type":"Organization","@id":"https:\/\/frontaliers-grandest.eu\/de\/#organization","name":"Frontaliers Grand Est","alternateName":"Frontaliers Grand Est","url":"https:\/\/frontaliers-grandest.eu\/de\/","logo":{"@type":"ImageObject","inLanguage":"de","@id":"https:\/\/frontaliers-grandest.eu\/de\/#\/schema\/logo\/image\/","url":"https:\/\/frontaliers-grandest.eu\/wp-content\/uploads\/2025\/07\/260328234_2966785176920310_3332838526503858160_n.jpg","contentUrl":"https:\/\/frontaliers-grandest.eu\/wp-content\/uploads\/2025\/07\/260328234_2966785176920310_3332838526503858160_n.jpg","width":396,"height":396,"caption":"Frontaliers Grand Est"},"image":{"@id":"https:\/\/frontaliers-grandest.eu\/de\/#\/schema\/logo\/image\/"},"sameAs":["https:\/\/www.facebook.com\/frontaliers.GR.EST\/?locale=fr_FR"]}]}},"frge_page_order":"0","_links":{"self":[{"href":"https:\/\/frontaliers-grandest.eu\/de\/wp-json\/wp\/v2\/pages\/8472","targetHints":{"allow":["GET"]}}],"collection":[{"href":"https:\/\/frontaliers-grandest.eu\/de\/wp-json\/wp\/v2\/pages"}],"about":[{"href":"https:\/\/frontaliers-grandest.eu\/de\/wp-json\/wp\/v2\/types\/page"}],"author":[{"embeddable":true,"href":"https:\/\/frontaliers-grandest.eu\/de\/wp-json\/wp\/v2\/users\/7"}],"replies":[{"embeddable":true,"href":"https:\/\/frontaliers-grandest.eu\/de\/wp-json\/wp\/v2\/comments?post=8472"}],"version-history":[{"count":5,"href":"https:\/\/frontaliers-grandest.eu\/de\/wp-json\/wp\/v2\/pages\/8472\/revisions"}],"predecessor-version":[{"id":56851,"href":"https:\/\/frontaliers-grandest.eu\/de\/wp-json\/wp\/v2\/pages\/8472\/revisions\/56851"}],"up":[{"embeddable":true,"href":"https:\/\/frontaliers-grandest.eu\/de\/wp-json\/wp\/v2\/pages\/8360"}],"wp:attachment":[{"href":"https:\/\/frontaliers-grandest.eu\/de\/wp-json\/wp\/v2\/media?parent=8472"}],"wp:term":[{"taxonomy":"post_tag","embeddable":true,"href":"https:\/\/frontaliers-grandest.eu\/de\/wp-json\/wp\/v2\/tags?post=8472"},{"taxonomy":"frge_profile","embeddable":true,"href":"https:\/\/frontaliers-grandest.eu\/de\/wp-json\/wp\/v2\/frge_profile?post=8472"}],"curies":[{"name":"wp","href":"https:\/\/api.w.org\/{rel}","templated":true}]}}