{"id":8469,"date":"2021-06-14T14:01:43","date_gmt":"2021-06-14T12:01:43","guid":{"rendered":"https:\/\/frontaliers-grandest.eu\/?page_id=8469"},"modified":"2026-01-23T10:53:43","modified_gmt":"2026-01-23T09:53:43","slug":"welche-schritte-sind-notig-um-leistungen-der-invalidenversicherung-zu-erhalten","status":"publish","type":"page","link":"https:\/\/frontaliers-grandest.eu\/de\/startseite\/grenzganger\/deutschland-frankreich\/sozialversicherung\/die-invalidenversicherung\/welche-schritte-sind-notig-um-leistungen-der-invalidenversicherung-zu-erhalten\/","title":{"rendered":"Welche Schritte sind n\u00f6tig, um Leistungen der Invalidenversicherung zu erhalten ?"},"content":{"rendered":"\n<p>In Frankreich und in Deutschland ist die Invalidit\u00e4tsversicherung eine&nbsp;<strong>obligatorische Sozialversicherung<\/strong>.<\/p>\n\n\n\n<p>Als Arbeitnehmer mit Arbeitsplatz in Frankreich entrichten Sie Beitr\u00e4ge zur&nbsp;<strong>Invalidit\u00e4tsversicherung<\/strong>&nbsp;(Invalidit\u00e4ts- und Altersversicherung), die direkt von Ihrem Gehalt abgezogen und von Ihrem Arbeitgeber an die franz\u00f6sischen Rentenversicherungstr\u00e4ger \u00fcberwiesen werden.<\/p>\n\n\n\n<p>Um Leistungen aus der Invalidit\u00e4tsversicherung zu beziehen, m\u00fcssen Sie zuallererst die&nbsp;<strong>Anerkennung Ihrer Erwerbsunf\u00e4higkeit<\/strong>&nbsp;beantragen. Allerdings haben sich Frankreich und Deutschland nicht auf einheitliche Bedingungen f\u00fcr die Anerkennung der Invalidit\u00e4t geeinigt.<\/p>\n\n\n\n<p>Nach Anerkennung Ihrer Invalidit\u00e4t m\u00fcssen Sie bei der Institution des Staates, in dem Ihre Erwerbsunf\u00e4higkeit gemeldet ist, ODER bei der Institution Ihres Wohnortes einen Rentenantrag stellen. Dieser Antrag wird dann&nbsp;<em>automatisch<\/em>&nbsp;an die zust\u00e4ndige Kasse weitergeleitet.<\/p>\n\n\n\n<h4 class=\"wp-block-heading\"><strong>Es handelt sich um folgende Kassen:<\/strong><\/h4>\n\n\n\n<h5 class=\"wp-block-heading\"><strong>In Frankreich:<\/strong> Ihre Ortskrankenkasse (Caisse Primaire d\u2019Assurance Maladie)<\/h5>\n\n\n\n<p>Aber Sie k\u00f6nnen, auf eigene Initiative, innerhalb von 12 Monaten Ihrer Stabilisierung, Ihrer Verletzung oder der Anerkennung Ihrer Behinderung, einen Antrag auf die Invalidit\u00e4tsrente stellen wenn es um eine vorzeitige Abnutzung des K\u00f6rpers oder eine allgemeine Reduzierung Ihrer Arbeitskapazit\u00e4t geht.<\/p>\n\n\n\n<p>In beiden F\u00e4llen m\u00fcssen Sie ein Formular S4150e &#8222;Invalidenversicherung &#8211; Rentenantrag &#8220; an die CPAM senden.<\/p>\n\n\n\n<p>Ihre CPAM innerhalb von zwei Monaten nach der Bekanntgabe oder nach der Eingang Ihres Antrages soll die CPAM dem Versicherten ihre Entscheidung mittteilen, sonst gilt ihr Schweigen als Ablehnung.<\/p>\n\n\n\n<h5 class=\"wp-block-heading\"><strong>In Deutschland: <\/strong>Deutsche Rentenversicherung<\/h5>\n\n\n\n<p>Die von der franz\u00f6sischen oder deutschen Kasse getroffene Entscheidung hinsichtlich der Anerkennung Ihrer Erwerbsunf\u00e4higkeit wird nicht automatisch von der anderen Kasse \u00fcbernommen, was zu erheblichen Problemen bei der Rentenzahlung f\u00fchren kann!<\/p>\n\n\n\n<p>Die Krankheiten, Verletzungen und anderen Behinderungen aufgrund Ihres vors\u00e4tzlichen Verschuldens f\u00fchren zu einer Invalidenrente.<\/p>\n","protected":false},"excerpt":{"rendered":"<p>In Frankreich und in Deutschland ist die Invalidit\u00e4tsversicherung eine&nbsp;obligatorische Sozialversicherung. Als Arbeitnehmer mit Arbeitsplatz in Frankreich entrichten Sie Beitr\u00e4ge zur&nbsp;Invalidit\u00e4tsversicherung&nbsp;(Invalidit\u00e4ts- und Altersversicherung), die direkt von Ihrem Gehalt abgezogen und von Ihrem Arbeitgeber an die franz\u00f6sischen Rentenversicherungstr\u00e4ger \u00fcberwiesen werden. Um Leistungen aus der Invalidit\u00e4tsversicherung zu beziehen, m\u00fcssen Sie zuallererst die&nbsp;Anerkennung Ihrer Erwerbsunf\u00e4higkeit&nbsp;beantragen. Allerdings haben sich Frankreich [&hellip;]<\/p>\n","protected":false},"author":7,"featured_media":0,"parent":8360,"menu_order":0,"comment_status":"closed","ping_status":"closed","template":"","meta":{"inline_featured_image":false,"footnotes":""},"tags":[461,857,832,448,517],"frge_profile":[225],"class_list":["post-8469","page","type-page","status-publish","hentry","tag-arbeitnehmer","tag-die-invalidenversicherung","tag-formalitaeten","tag-frankreich","tag-grengaenger","frge_profile-arbeitnehmer"],"yoast_head":"<!-- This site is optimized with the Yoast SEO plugin v27.1.1 - https:\/\/yoast.com\/product\/yoast-seo-wordpress\/ -->\n<title>Welche Schritte sind n\u00f6tig, um Leistungen der Invalidenversicherung zu erhalten ? - Frontaliers Grand Est<\/title>\n<meta name=\"description\" content=\"Um die Leistungen der Invalidenversicherung in Anspruch nehmen zu k\u00f6nnen, m\u00fcssen Sie zun\u00e4chst Ihren Behindertenstatus anerkennen lassen.\" \/>\n<meta name=\"robots\" content=\"index, follow, max-snippet:-1, max-image-preview:large, max-video-preview:-1\" \/>\n<link rel=\"canonical\" href=\"https:\/\/frontaliers-grandest.eu\/de\/startseite\/grenzganger\/deutschland-frankreich\/sozialversicherung\/die-invalidenversicherung\/welche-schritte-sind-notig-um-leistungen-der-invalidenversicherung-zu-erhalten\/\" \/>\n<meta property=\"og:locale\" content=\"de_DE\" \/>\n<meta property=\"og:type\" content=\"article\" \/>\n<meta property=\"og:title\" content=\"Welche Schritte sind n\u00f6tig, um Leistungen der Invalidenversicherung zu erhalten ? - Frontaliers Grand Est\" \/>\n<meta property=\"og:description\" content=\"Um die Leistungen der Invalidenversicherung in Anspruch nehmen zu k\u00f6nnen, m\u00fcssen Sie zun\u00e4chst Ihren Behindertenstatus anerkennen lassen.\" \/>\n<meta property=\"og:url\" content=\"https:\/\/frontaliers-grandest.eu\/de\/startseite\/grenzganger\/deutschland-frankreich\/sozialversicherung\/die-invalidenversicherung\/welche-schritte-sind-notig-um-leistungen-der-invalidenversicherung-zu-erhalten\/\" \/>\n<meta property=\"og:site_name\" content=\"Frontaliers Grand Est\" \/>\n<meta property=\"article:publisher\" content=\"https:\/\/www.facebook.com\/frontaliers.GR.EST\/?locale=fr_FR\" \/>\n<meta property=\"article:modified_time\" content=\"2026-01-23T09:53:43+00:00\" \/>\n<meta name=\"twitter:card\" content=\"summary_large_image\" \/>\n<meta name=\"twitter:label1\" content=\"Gesch\u00e4tzte Lesezeit\" \/>\n\t<meta name=\"twitter:data1\" content=\"2\u00a0Minuten\" \/>\n<script type=\"application\/ld+json\" class=\"yoast-schema-graph\">{\"@context\":\"https:\/\/schema.org\",\"@graph\":[{\"@type\":\"WebPage\",\"@id\":\"https:\/\/frontaliers-grandest.eu\/de\/startseite\/grenzganger\/deutschland-frankreich\/sozialversicherung\/die-invalidenversicherung\/welche-schritte-sind-notig-um-leistungen-der-invalidenversicherung-zu-erhalten\/\",\"url\":\"https:\/\/frontaliers-grandest.eu\/de\/startseite\/grenzganger\/deutschland-frankreich\/sozialversicherung\/die-invalidenversicherung\/welche-schritte-sind-notig-um-leistungen-der-invalidenversicherung-zu-erhalten\/\",\"name\":\"Welche Schritte sind n\u00f6tig, um Leistungen der Invalidenversicherung zu erhalten ? - Frontaliers Grand Est\",\"isPartOf\":{\"@id\":\"https:\/\/frontaliers-grandest.eu\/de\/#website\"},\"datePublished\":\"2021-06-14T12:01:43+00:00\",\"dateModified\":\"2026-01-23T09:53:43+00:00\",\"description\":\"Um die Leistungen der Invalidenversicherung in Anspruch nehmen zu k\u00f6nnen, m\u00fcssen Sie zun\u00e4chst Ihren Behindertenstatus anerkennen lassen.\",\"breadcrumb\":{\"@id\":\"https:\/\/frontaliers-grandest.eu\/de\/startseite\/grenzganger\/deutschland-frankreich\/sozialversicherung\/die-invalidenversicherung\/welche-schritte-sind-notig-um-leistungen-der-invalidenversicherung-zu-erhalten\/#breadcrumb\"},\"inLanguage\":\"de\",\"potentialAction\":[{\"@type\":\"ReadAction\",\"target\":[\"https:\/\/frontaliers-grandest.eu\/de\/startseite\/grenzganger\/deutschland-frankreich\/sozialversicherung\/die-invalidenversicherung\/welche-schritte-sind-notig-um-leistungen-der-invalidenversicherung-zu-erhalten\/\"]}]},{\"@type\":\"BreadcrumbList\",\"@id\":\"https:\/\/frontaliers-grandest.eu\/de\/startseite\/grenzganger\/deutschland-frankreich\/sozialversicherung\/die-invalidenversicherung\/welche-schritte-sind-notig-um-leistungen-der-invalidenversicherung-zu-erhalten\/#breadcrumb\",\"itemListElement\":[{\"@type\":\"ListItem\",\"position\":1,\"name\":\"Startseite\",\"item\":\"https:\/\/frontaliers-grandest.eu\/de\/\"},{\"@type\":\"ListItem\",\"position\":2,\"name\":\"Grenzg\u00e4nger\",\"item\":\"https:\/\/frontaliers-grandest.eu\/de\/startseite\/grenzganger\/\"},{\"@type\":\"ListItem\",\"position\":3,\"name\":\"Deutschland - Frankreich\",\"item\":\"https:\/\/frontaliers-grandest.eu\/de\/startseite\/grenzganger\/deutschland-frankreich\/\"},{\"@type\":\"ListItem\",\"position\":4,\"name\":\"Sozialversicherung in Frankreich\",\"item\":\"https:\/\/frontaliers-grandest.eu\/de\/startseite\/grenzganger\/deutschland-frankreich\/sozialversicherung\/\"},{\"@type\":\"ListItem\",\"position\":5,\"name\":\"Die Invalidenversicherung\",\"item\":\"https:\/\/frontaliers-grandest.eu\/de\/startseite\/grenzganger\/deutschland-frankreich\/sozialversicherung\/die-invalidenversicherung\/\"},{\"@type\":\"ListItem\",\"position\":6,\"name\":\"Welche Schritte sind n\u00f6tig, um Leistungen der Invalidenversicherung zu erhalten ?\"}]},{\"@type\":\"WebSite\",\"@id\":\"https:\/\/frontaliers-grandest.eu\/de\/#website\",\"url\":\"https:\/\/frontaliers-grandest.eu\/de\/\",\"name\":\"Frontaliers Grand Est\",\"description\":\"Le site ressource du travail frontalier\",\"publisher\":{\"@id\":\"https:\/\/frontaliers-grandest.eu\/de\/#organization\"},\"alternateName\":\"Frontaliers Grand Est\",\"potentialAction\":[{\"@type\":\"SearchAction\",\"target\":{\"@type\":\"EntryPoint\",\"urlTemplate\":\"https:\/\/frontaliers-grandest.eu\/de\/?s={search_term_string}\"},\"query-input\":{\"@type\":\"PropertyValueSpecification\",\"valueRequired\":true,\"valueName\":\"search_term_string\"}}],\"inLanguage\":\"de\"},{\"@type\":\"Organization\",\"@id\":\"https:\/\/frontaliers-grandest.eu\/de\/#organization\",\"name\":\"Frontaliers Grand Est\",\"alternateName\":\"Frontaliers Grand Est\",\"url\":\"https:\/\/frontaliers-grandest.eu\/de\/\",\"logo\":{\"@type\":\"ImageObject\",\"inLanguage\":\"de\",\"@id\":\"https:\/\/frontaliers-grandest.eu\/de\/#\/schema\/logo\/image\/\",\"url\":\"https:\/\/frontaliers-grandest.eu\/wp-content\/uploads\/2025\/07\/260328234_2966785176920310_3332838526503858160_n.jpg\",\"contentUrl\":\"https:\/\/frontaliers-grandest.eu\/wp-content\/uploads\/2025\/07\/260328234_2966785176920310_3332838526503858160_n.jpg\",\"width\":396,\"height\":396,\"caption\":\"Frontaliers Grand Est\"},\"image\":{\"@id\":\"https:\/\/frontaliers-grandest.eu\/de\/#\/schema\/logo\/image\/\"},\"sameAs\":[\"https:\/\/www.facebook.com\/frontaliers.GR.EST\/?locale=fr_FR\"]}]}<\/script>\n<!-- \/ Yoast SEO plugin. -->","yoast_head_json":{"title":"Welche Schritte sind n\u00f6tig, um Leistungen der Invalidenversicherung zu erhalten ? - Frontaliers Grand Est","description":"Um die Leistungen der Invalidenversicherung in Anspruch nehmen zu k\u00f6nnen, m\u00fcssen Sie zun\u00e4chst Ihren Behindertenstatus anerkennen lassen.","robots":{"index":"index","follow":"follow","max-snippet":"max-snippet:-1","max-image-preview":"max-image-preview:large","max-video-preview":"max-video-preview:-1"},"canonical":"https:\/\/frontaliers-grandest.eu\/de\/startseite\/grenzganger\/deutschland-frankreich\/sozialversicherung\/die-invalidenversicherung\/welche-schritte-sind-notig-um-leistungen-der-invalidenversicherung-zu-erhalten\/","og_locale":"de_DE","og_type":"article","og_title":"Welche Schritte sind n\u00f6tig, um Leistungen der Invalidenversicherung zu erhalten ? - Frontaliers Grand Est","og_description":"Um die Leistungen der Invalidenversicherung in Anspruch nehmen zu k\u00f6nnen, m\u00fcssen Sie zun\u00e4chst Ihren Behindertenstatus anerkennen lassen.","og_url":"https:\/\/frontaliers-grandest.eu\/de\/startseite\/grenzganger\/deutschland-frankreich\/sozialversicherung\/die-invalidenversicherung\/welche-schritte-sind-notig-um-leistungen-der-invalidenversicherung-zu-erhalten\/","og_site_name":"Frontaliers Grand Est","article_publisher":"https:\/\/www.facebook.com\/frontaliers.GR.EST\/?locale=fr_FR","article_modified_time":"2026-01-23T09:53:43+00:00","twitter_card":"summary_large_image","twitter_misc":{"Gesch\u00e4tzte Lesezeit":"2\u00a0Minuten"},"schema":{"@context":"https:\/\/schema.org","@graph":[{"@type":"WebPage","@id":"https:\/\/frontaliers-grandest.eu\/de\/startseite\/grenzganger\/deutschland-frankreich\/sozialversicherung\/die-invalidenversicherung\/welche-schritte-sind-notig-um-leistungen-der-invalidenversicherung-zu-erhalten\/","url":"https:\/\/frontaliers-grandest.eu\/de\/startseite\/grenzganger\/deutschland-frankreich\/sozialversicherung\/die-invalidenversicherung\/welche-schritte-sind-notig-um-leistungen-der-invalidenversicherung-zu-erhalten\/","name":"Welche Schritte sind n\u00f6tig, um Leistungen der Invalidenversicherung zu erhalten ? - Frontaliers Grand Est","isPartOf":{"@id":"https:\/\/frontaliers-grandest.eu\/de\/#website"},"datePublished":"2021-06-14T12:01:43+00:00","dateModified":"2026-01-23T09:53:43+00:00","description":"Um die Leistungen der Invalidenversicherung in Anspruch nehmen zu k\u00f6nnen, m\u00fcssen Sie zun\u00e4chst Ihren Behindertenstatus anerkennen lassen.","breadcrumb":{"@id":"https:\/\/frontaliers-grandest.eu\/de\/startseite\/grenzganger\/deutschland-frankreich\/sozialversicherung\/die-invalidenversicherung\/welche-schritte-sind-notig-um-leistungen-der-invalidenversicherung-zu-erhalten\/#breadcrumb"},"inLanguage":"de","potentialAction":[{"@type":"ReadAction","target":["https:\/\/frontaliers-grandest.eu\/de\/startseite\/grenzganger\/deutschland-frankreich\/sozialversicherung\/die-invalidenversicherung\/welche-schritte-sind-notig-um-leistungen-der-invalidenversicherung-zu-erhalten\/"]}]},{"@type":"BreadcrumbList","@id":"https:\/\/frontaliers-grandest.eu\/de\/startseite\/grenzganger\/deutschland-frankreich\/sozialversicherung\/die-invalidenversicherung\/welche-schritte-sind-notig-um-leistungen-der-invalidenversicherung-zu-erhalten\/#breadcrumb","itemListElement":[{"@type":"ListItem","position":1,"name":"Startseite","item":"https:\/\/frontaliers-grandest.eu\/de\/"},{"@type":"ListItem","position":2,"name":"Grenzg\u00e4nger","item":"https:\/\/frontaliers-grandest.eu\/de\/startseite\/grenzganger\/"},{"@type":"ListItem","position":3,"name":"Deutschland - Frankreich","item":"https:\/\/frontaliers-grandest.eu\/de\/startseite\/grenzganger\/deutschland-frankreich\/"},{"@type":"ListItem","position":4,"name":"Sozialversicherung in Frankreich","item":"https:\/\/frontaliers-grandest.eu\/de\/startseite\/grenzganger\/deutschland-frankreich\/sozialversicherung\/"},{"@type":"ListItem","position":5,"name":"Die Invalidenversicherung","item":"https:\/\/frontaliers-grandest.eu\/de\/startseite\/grenzganger\/deutschland-frankreich\/sozialversicherung\/die-invalidenversicherung\/"},{"@type":"ListItem","position":6,"name":"Welche Schritte sind n\u00f6tig, um Leistungen der Invalidenversicherung zu erhalten ?"}]},{"@type":"WebSite","@id":"https:\/\/frontaliers-grandest.eu\/de\/#website","url":"https:\/\/frontaliers-grandest.eu\/de\/","name":"Frontaliers Grand Est","description":"Le site ressource du travail frontalier","publisher":{"@id":"https:\/\/frontaliers-grandest.eu\/de\/#organization"},"alternateName":"Frontaliers Grand Est","potentialAction":[{"@type":"SearchAction","target":{"@type":"EntryPoint","urlTemplate":"https:\/\/frontaliers-grandest.eu\/de\/?s={search_term_string}"},"query-input":{"@type":"PropertyValueSpecification","valueRequired":true,"valueName":"search_term_string"}}],"inLanguage":"de"},{"@type":"Organization","@id":"https:\/\/frontaliers-grandest.eu\/de\/#organization","name":"Frontaliers Grand Est","alternateName":"Frontaliers Grand Est","url":"https:\/\/frontaliers-grandest.eu\/de\/","logo":{"@type":"ImageObject","inLanguage":"de","@id":"https:\/\/frontaliers-grandest.eu\/de\/#\/schema\/logo\/image\/","url":"https:\/\/frontaliers-grandest.eu\/wp-content\/uploads\/2025\/07\/260328234_2966785176920310_3332838526503858160_n.jpg","contentUrl":"https:\/\/frontaliers-grandest.eu\/wp-content\/uploads\/2025\/07\/260328234_2966785176920310_3332838526503858160_n.jpg","width":396,"height":396,"caption":"Frontaliers Grand Est"},"image":{"@id":"https:\/\/frontaliers-grandest.eu\/de\/#\/schema\/logo\/image\/"},"sameAs":["https:\/\/www.facebook.com\/frontaliers.GR.EST\/?locale=fr_FR"]}]}},"frge_page_order":"0","_links":{"self":[{"href":"https:\/\/frontaliers-grandest.eu\/de\/wp-json\/wp\/v2\/pages\/8469","targetHints":{"allow":["GET"]}}],"collection":[{"href":"https:\/\/frontaliers-grandest.eu\/de\/wp-json\/wp\/v2\/pages"}],"about":[{"href":"https:\/\/frontaliers-grandest.eu\/de\/wp-json\/wp\/v2\/types\/page"}],"author":[{"embeddable":true,"href":"https:\/\/frontaliers-grandest.eu\/de\/wp-json\/wp\/v2\/users\/7"}],"replies":[{"embeddable":true,"href":"https:\/\/frontaliers-grandest.eu\/de\/wp-json\/wp\/v2\/comments?post=8469"}],"version-history":[{"count":2,"href":"https:\/\/frontaliers-grandest.eu\/de\/wp-json\/wp\/v2\/pages\/8469\/revisions"}],"predecessor-version":[{"id":8471,"href":"https:\/\/frontaliers-grandest.eu\/de\/wp-json\/wp\/v2\/pages\/8469\/revisions\/8471"}],"up":[{"embeddable":true,"href":"https:\/\/frontaliers-grandest.eu\/de\/wp-json\/wp\/v2\/pages\/8360"}],"wp:attachment":[{"href":"https:\/\/frontaliers-grandest.eu\/de\/wp-json\/wp\/v2\/media?parent=8469"}],"wp:term":[{"taxonomy":"post_tag","embeddable":true,"href":"https:\/\/frontaliers-grandest.eu\/de\/wp-json\/wp\/v2\/tags?post=8469"},{"taxonomy":"frge_profile","embeddable":true,"href":"https:\/\/frontaliers-grandest.eu\/de\/wp-json\/wp\/v2\/frge_profile?post=8469"}],"curies":[{"name":"wp","href":"https:\/\/api.w.org\/{rel}","templated":true}]}}