{"id":8460,"date":"2021-06-11T16:53:58","date_gmt":"2021-06-11T14:53:58","guid":{"rendered":"https:\/\/frontaliers-grandest.eu\/?page_id=8460"},"modified":"2026-01-29T11:24:04","modified_gmt":"2026-01-29T10:24:04","slug":"wie-erhalte-ich-meine-differenzzulage","status":"publish","type":"page","link":"https:\/\/frontaliers-grandest.eu\/de\/startseite\/grenzganger\/deutschland-frankreich\/sozialversicherung\/die-familienbeihilfen\/wie-erhalte-ich-meine-differenzzulage\/","title":{"rendered":"Wie erhalte ich meine Differenzzulage ?"},"content":{"rendered":"\n<p>In der Regel sind die Familienleistungen in Deutschland h\u00f6her als in Frankreich.<\/p>\n\n\n\n<p>Nach dem Prinzip der Gleichheit der EU-B\u00fcrger&nbsp;<strong>haben Sie Anspruch auf den Unterschied zwischen dem Betrag, den Ihnen einer von beiden Staaten gew\u00e4hrt, und demjenigen Betrag, den Sie vom anderen Staat erhalten h\u00e4tten. Diese Differenz wird \u201eDifferenzzulage<\/strong>\u201c (allocation diff\u00e9rentielle) genannt.<\/p>\n\n\n\n<h5 class=\"wp-block-heading\"><strong>Die Differenzzulage deckt folgende Situationen ab:<\/strong><\/h5>\n\n\n\n<ul class=\"wp-block-list\">\n<li><strong>Die Leistung existiert in einem Staat aber nicht in dem anderen<\/strong>.&nbsp;<strong>Beispiel:&nbsp;<\/strong>Familienbeihilfe ab dem ersten Kind existiert in Deutschland, jedoch nicht in Frankreich.<\/li>\n\n\n\n<li><strong>Die Leistung existiert in beiden Staaten aber ist H\u00f6her in einem als in dem anderen<\/strong>.&nbsp;<strong>Beispiel<\/strong>: Die franz\u00f6sischen Familienbeihilfen f\u00fcr 2 Kinder sind geringer als die deutschen Familienbeihilfen.<\/li>\n<\/ul>\n\n\n\n<p><strong>Sie m\u00fcssen Ihren ersten Antrag f\u00fcr die Zahlung der Differenzzulage bei der zust\u00e4ndigen Kasse in Frankreich einreichen<\/strong>. Diese fordert dann bei Ihrer Familienkasse in Deutschland Belege zum Nachweis der an Sie geleisteten Zahlungen an.<br>Die franz\u00f6sische Kasse zahlt Ihnen dann eine Differenzzulage aus.<\/p>\n\n\n\n<p><strong>Um eine m\u00f6glichst schnelle Bearbeitung zu gew\u00e4hrleisten, m\u00fcssen Sie die Familienkasse (CAF) unverz\u00fcglich \u00fcber jegliche \u00c4nderung Ihrer pers\u00f6nlichen Angaben, wie z.B. Arbeitgeberwechsel oder Geburt, informieren.<\/strong><\/p>\n\n\n\n<p>Sollten bei der Zahlung der <a href=\"https:\/\/frontaliers-grandest.eu\/de\/startseite\/grenzganger\/deutschland-frankreich\/sozialversicherung\/die-familienbeihilfen\/wie-erhalte-ich-meine-differenzzulage\/\">Differenzzulage <\/a>Schwierigkeiten auftreten, empfehlen wir Ihnen, Ihre Familienkasse zu verst\u00e4ndigen.<\/p>\n\n\n\n<p><\/p>\n","protected":false},"excerpt":{"rendered":"<p>In der Regel sind die Familienleistungen in Deutschland h\u00f6her als in Frankreich. Nach dem Prinzip der Gleichheit der EU-B\u00fcrger&nbsp;haben Sie Anspruch auf den Unterschied zwischen dem Betrag, den Ihnen einer von beiden Staaten gew\u00e4hrt, und demjenigen Betrag, den Sie vom anderen Staat erhalten h\u00e4tten. Diese Differenz wird \u201eDifferenzzulage\u201c (allocation diff\u00e9rentielle) genannt. Die Differenzzulage deckt folgende [&hellip;]<\/p>\n","protected":false},"author":7,"featured_media":0,"parent":8358,"menu_order":1,"comment_status":"closed","ping_status":"closed","template":"","meta":{"inline_featured_image":false,"footnotes":""},"tags":[461,864,854,448,517],"frge_profile":[225],"class_list":["post-8460","page","type-page","status-publish","hentry","tag-arbeitnehmer","tag-differenzzulage","tag-familienbeihilfen","tag-frankreich","tag-grengaenger","frge_profile-arbeitnehmer"],"yoast_head":"<!-- This site is optimized with the Yoast SEO plugin v27.1.1 - https:\/\/yoast.com\/product\/yoast-seo-wordpress\/ -->\n<title>Wie erhalte ich meine Differenzzulage ? - Frontaliers Grand Est<\/title>\n<meta name=\"description\" content=\"Wenn Sie in erster Linie deutsche Familienleistungen beziehen, k\u00f6nnen Sie gegebenenfalls Anspruch auf die Differenzzulage haben.\" \/>\n<meta name=\"robots\" content=\"index, follow, max-snippet:-1, max-image-preview:large, max-video-preview:-1\" \/>\n<link rel=\"canonical\" href=\"https:\/\/frontaliers-grandest.eu\/de\/startseite\/grenzganger\/deutschland-frankreich\/sozialversicherung\/die-familienbeihilfen\/wie-erhalte-ich-meine-differenzzulage\/\" \/>\n<meta property=\"og:locale\" content=\"de_DE\" \/>\n<meta property=\"og:type\" content=\"article\" \/>\n<meta property=\"og:title\" content=\"Wie erhalte ich meine Differenzzulage ? - Frontaliers Grand Est\" \/>\n<meta property=\"og:description\" content=\"Wenn Sie in erster Linie deutsche Familienleistungen beziehen, k\u00f6nnen Sie gegebenenfalls Anspruch auf die Differenzzulage haben.\" \/>\n<meta property=\"og:url\" content=\"https:\/\/frontaliers-grandest.eu\/de\/startseite\/grenzganger\/deutschland-frankreich\/sozialversicherung\/die-familienbeihilfen\/wie-erhalte-ich-meine-differenzzulage\/\" \/>\n<meta property=\"og:site_name\" content=\"Frontaliers Grand Est\" \/>\n<meta property=\"article:publisher\" content=\"https:\/\/www.facebook.com\/frontaliers.GR.EST\/?locale=fr_FR\" \/>\n<meta property=\"article:modified_time\" content=\"2026-01-29T10:24:04+00:00\" \/>\n<meta name=\"twitter:card\" content=\"summary_large_image\" \/>\n<meta name=\"twitter:label1\" content=\"Gesch\u00e4tzte Lesezeit\" \/>\n\t<meta name=\"twitter:data1\" content=\"1\u00a0Minute\" \/>\n<script type=\"application\/ld+json\" class=\"yoast-schema-graph\">{\"@context\":\"https:\/\/schema.org\",\"@graph\":[{\"@type\":\"WebPage\",\"@id\":\"https:\/\/frontaliers-grandest.eu\/de\/startseite\/grenzganger\/deutschland-frankreich\/sozialversicherung\/die-familienbeihilfen\/wie-erhalte-ich-meine-differenzzulage\/\",\"url\":\"https:\/\/frontaliers-grandest.eu\/de\/startseite\/grenzganger\/deutschland-frankreich\/sozialversicherung\/die-familienbeihilfen\/wie-erhalte-ich-meine-differenzzulage\/\",\"name\":\"Wie erhalte ich meine Differenzzulage ? - Frontaliers Grand Est\",\"isPartOf\":{\"@id\":\"https:\/\/frontaliers-grandest.eu\/de\/#website\"},\"datePublished\":\"2021-06-11T14:53:58+00:00\",\"dateModified\":\"2026-01-29T10:24:04+00:00\",\"description\":\"Wenn Sie in erster Linie deutsche Familienleistungen beziehen, k\u00f6nnen Sie gegebenenfalls Anspruch auf die Differenzzulage haben.\",\"breadcrumb\":{\"@id\":\"https:\/\/frontaliers-grandest.eu\/de\/startseite\/grenzganger\/deutschland-frankreich\/sozialversicherung\/die-familienbeihilfen\/wie-erhalte-ich-meine-differenzzulage\/#breadcrumb\"},\"inLanguage\":\"de\",\"potentialAction\":[{\"@type\":\"ReadAction\",\"target\":[\"https:\/\/frontaliers-grandest.eu\/de\/startseite\/grenzganger\/deutschland-frankreich\/sozialversicherung\/die-familienbeihilfen\/wie-erhalte-ich-meine-differenzzulage\/\"]}]},{\"@type\":\"BreadcrumbList\",\"@id\":\"https:\/\/frontaliers-grandest.eu\/de\/startseite\/grenzganger\/deutschland-frankreich\/sozialversicherung\/die-familienbeihilfen\/wie-erhalte-ich-meine-differenzzulage\/#breadcrumb\",\"itemListElement\":[{\"@type\":\"ListItem\",\"position\":1,\"name\":\"Startseite\",\"item\":\"https:\/\/frontaliers-grandest.eu\/de\/\"},{\"@type\":\"ListItem\",\"position\":2,\"name\":\"Grenzg\u00e4nger\",\"item\":\"https:\/\/frontaliers-grandest.eu\/de\/startseite\/grenzganger\/\"},{\"@type\":\"ListItem\",\"position\":3,\"name\":\"Deutschland - Frankreich\",\"item\":\"https:\/\/frontaliers-grandest.eu\/de\/startseite\/grenzganger\/deutschland-frankreich\/\"},{\"@type\":\"ListItem\",\"position\":4,\"name\":\"Sozialversicherung in Frankreich\",\"item\":\"https:\/\/frontaliers-grandest.eu\/de\/startseite\/grenzganger\/deutschland-frankreich\/sozialversicherung\/\"},{\"@type\":\"ListItem\",\"position\":5,\"name\":\"Die Familienbeihilfen\",\"item\":\"https:\/\/frontaliers-grandest.eu\/de\/startseite\/grenzganger\/deutschland-frankreich\/sozialversicherung\/die-familienbeihilfen\/\"},{\"@type\":\"ListItem\",\"position\":6,\"name\":\"Wie erhalte ich meine Differenzzulage ?\"}]},{\"@type\":\"WebSite\",\"@id\":\"https:\/\/frontaliers-grandest.eu\/de\/#website\",\"url\":\"https:\/\/frontaliers-grandest.eu\/de\/\",\"name\":\"Frontaliers Grand Est\",\"description\":\"Le site ressource du travail frontalier\",\"publisher\":{\"@id\":\"https:\/\/frontaliers-grandest.eu\/de\/#organization\"},\"alternateName\":\"Frontaliers Grand Est\",\"potentialAction\":[{\"@type\":\"SearchAction\",\"target\":{\"@type\":\"EntryPoint\",\"urlTemplate\":\"https:\/\/frontaliers-grandest.eu\/de\/?s={search_term_string}\"},\"query-input\":{\"@type\":\"PropertyValueSpecification\",\"valueRequired\":true,\"valueName\":\"search_term_string\"}}],\"inLanguage\":\"de\"},{\"@type\":\"Organization\",\"@id\":\"https:\/\/frontaliers-grandest.eu\/de\/#organization\",\"name\":\"Frontaliers Grand Est\",\"alternateName\":\"Frontaliers Grand Est\",\"url\":\"https:\/\/frontaliers-grandest.eu\/de\/\",\"logo\":{\"@type\":\"ImageObject\",\"inLanguage\":\"de\",\"@id\":\"https:\/\/frontaliers-grandest.eu\/de\/#\/schema\/logo\/image\/\",\"url\":\"https:\/\/frontaliers-grandest.eu\/wp-content\/uploads\/2025\/07\/260328234_2966785176920310_3332838526503858160_n.jpg\",\"contentUrl\":\"https:\/\/frontaliers-grandest.eu\/wp-content\/uploads\/2025\/07\/260328234_2966785176920310_3332838526503858160_n.jpg\",\"width\":396,\"height\":396,\"caption\":\"Frontaliers Grand Est\"},\"image\":{\"@id\":\"https:\/\/frontaliers-grandest.eu\/de\/#\/schema\/logo\/image\/\"},\"sameAs\":[\"https:\/\/www.facebook.com\/frontaliers.GR.EST\/?locale=fr_FR\"]}]}<\/script>\n<!-- \/ Yoast SEO plugin. -->","yoast_head_json":{"title":"Wie erhalte ich meine Differenzzulage ? - Frontaliers Grand Est","description":"Wenn Sie in erster Linie deutsche Familienleistungen beziehen, k\u00f6nnen Sie gegebenenfalls Anspruch auf die Differenzzulage haben.","robots":{"index":"index","follow":"follow","max-snippet":"max-snippet:-1","max-image-preview":"max-image-preview:large","max-video-preview":"max-video-preview:-1"},"canonical":"https:\/\/frontaliers-grandest.eu\/de\/startseite\/grenzganger\/deutschland-frankreich\/sozialversicherung\/die-familienbeihilfen\/wie-erhalte-ich-meine-differenzzulage\/","og_locale":"de_DE","og_type":"article","og_title":"Wie erhalte ich meine Differenzzulage ? - Frontaliers Grand Est","og_description":"Wenn Sie in erster Linie deutsche Familienleistungen beziehen, k\u00f6nnen Sie gegebenenfalls Anspruch auf die Differenzzulage haben.","og_url":"https:\/\/frontaliers-grandest.eu\/de\/startseite\/grenzganger\/deutschland-frankreich\/sozialversicherung\/die-familienbeihilfen\/wie-erhalte-ich-meine-differenzzulage\/","og_site_name":"Frontaliers Grand Est","article_publisher":"https:\/\/www.facebook.com\/frontaliers.GR.EST\/?locale=fr_FR","article_modified_time":"2026-01-29T10:24:04+00:00","twitter_card":"summary_large_image","twitter_misc":{"Gesch\u00e4tzte Lesezeit":"1\u00a0Minute"},"schema":{"@context":"https:\/\/schema.org","@graph":[{"@type":"WebPage","@id":"https:\/\/frontaliers-grandest.eu\/de\/startseite\/grenzganger\/deutschland-frankreich\/sozialversicherung\/die-familienbeihilfen\/wie-erhalte-ich-meine-differenzzulage\/","url":"https:\/\/frontaliers-grandest.eu\/de\/startseite\/grenzganger\/deutschland-frankreich\/sozialversicherung\/die-familienbeihilfen\/wie-erhalte-ich-meine-differenzzulage\/","name":"Wie erhalte ich meine Differenzzulage ? - Frontaliers Grand Est","isPartOf":{"@id":"https:\/\/frontaliers-grandest.eu\/de\/#website"},"datePublished":"2021-06-11T14:53:58+00:00","dateModified":"2026-01-29T10:24:04+00:00","description":"Wenn Sie in erster Linie deutsche Familienleistungen beziehen, k\u00f6nnen Sie gegebenenfalls Anspruch auf die Differenzzulage haben.","breadcrumb":{"@id":"https:\/\/frontaliers-grandest.eu\/de\/startseite\/grenzganger\/deutschland-frankreich\/sozialversicherung\/die-familienbeihilfen\/wie-erhalte-ich-meine-differenzzulage\/#breadcrumb"},"inLanguage":"de","potentialAction":[{"@type":"ReadAction","target":["https:\/\/frontaliers-grandest.eu\/de\/startseite\/grenzganger\/deutschland-frankreich\/sozialversicherung\/die-familienbeihilfen\/wie-erhalte-ich-meine-differenzzulage\/"]}]},{"@type":"BreadcrumbList","@id":"https:\/\/frontaliers-grandest.eu\/de\/startseite\/grenzganger\/deutschland-frankreich\/sozialversicherung\/die-familienbeihilfen\/wie-erhalte-ich-meine-differenzzulage\/#breadcrumb","itemListElement":[{"@type":"ListItem","position":1,"name":"Startseite","item":"https:\/\/frontaliers-grandest.eu\/de\/"},{"@type":"ListItem","position":2,"name":"Grenzg\u00e4nger","item":"https:\/\/frontaliers-grandest.eu\/de\/startseite\/grenzganger\/"},{"@type":"ListItem","position":3,"name":"Deutschland - Frankreich","item":"https:\/\/frontaliers-grandest.eu\/de\/startseite\/grenzganger\/deutschland-frankreich\/"},{"@type":"ListItem","position":4,"name":"Sozialversicherung in Frankreich","item":"https:\/\/frontaliers-grandest.eu\/de\/startseite\/grenzganger\/deutschland-frankreich\/sozialversicherung\/"},{"@type":"ListItem","position":5,"name":"Die Familienbeihilfen","item":"https:\/\/frontaliers-grandest.eu\/de\/startseite\/grenzganger\/deutschland-frankreich\/sozialversicherung\/die-familienbeihilfen\/"},{"@type":"ListItem","position":6,"name":"Wie erhalte ich meine Differenzzulage ?"}]},{"@type":"WebSite","@id":"https:\/\/frontaliers-grandest.eu\/de\/#website","url":"https:\/\/frontaliers-grandest.eu\/de\/","name":"Frontaliers Grand Est","description":"Le site ressource du travail frontalier","publisher":{"@id":"https:\/\/frontaliers-grandest.eu\/de\/#organization"},"alternateName":"Frontaliers Grand Est","potentialAction":[{"@type":"SearchAction","target":{"@type":"EntryPoint","urlTemplate":"https:\/\/frontaliers-grandest.eu\/de\/?s={search_term_string}"},"query-input":{"@type":"PropertyValueSpecification","valueRequired":true,"valueName":"search_term_string"}}],"inLanguage":"de"},{"@type":"Organization","@id":"https:\/\/frontaliers-grandest.eu\/de\/#organization","name":"Frontaliers Grand Est","alternateName":"Frontaliers Grand Est","url":"https:\/\/frontaliers-grandest.eu\/de\/","logo":{"@type":"ImageObject","inLanguage":"de","@id":"https:\/\/frontaliers-grandest.eu\/de\/#\/schema\/logo\/image\/","url":"https:\/\/frontaliers-grandest.eu\/wp-content\/uploads\/2025\/07\/260328234_2966785176920310_3332838526503858160_n.jpg","contentUrl":"https:\/\/frontaliers-grandest.eu\/wp-content\/uploads\/2025\/07\/260328234_2966785176920310_3332838526503858160_n.jpg","width":396,"height":396,"caption":"Frontaliers Grand Est"},"image":{"@id":"https:\/\/frontaliers-grandest.eu\/de\/#\/schema\/logo\/image\/"},"sameAs":["https:\/\/www.facebook.com\/frontaliers.GR.EST\/?locale=fr_FR"]}]}},"frge_page_order":"0","_links":{"self":[{"href":"https:\/\/frontaliers-grandest.eu\/de\/wp-json\/wp\/v2\/pages\/8460","targetHints":{"allow":["GET"]}}],"collection":[{"href":"https:\/\/frontaliers-grandest.eu\/de\/wp-json\/wp\/v2\/pages"}],"about":[{"href":"https:\/\/frontaliers-grandest.eu\/de\/wp-json\/wp\/v2\/types\/page"}],"author":[{"embeddable":true,"href":"https:\/\/frontaliers-grandest.eu\/de\/wp-json\/wp\/v2\/users\/7"}],"replies":[{"embeddable":true,"href":"https:\/\/frontaliers-grandest.eu\/de\/wp-json\/wp\/v2\/comments?post=8460"}],"version-history":[{"count":3,"href":"https:\/\/frontaliers-grandest.eu\/de\/wp-json\/wp\/v2\/pages\/8460\/revisions"}],"predecessor-version":[{"id":57041,"href":"https:\/\/frontaliers-grandest.eu\/de\/wp-json\/wp\/v2\/pages\/8460\/revisions\/57041"}],"up":[{"embeddable":true,"href":"https:\/\/frontaliers-grandest.eu\/de\/wp-json\/wp\/v2\/pages\/8358"}],"wp:attachment":[{"href":"https:\/\/frontaliers-grandest.eu\/de\/wp-json\/wp\/v2\/media?parent=8460"}],"wp:term":[{"taxonomy":"post_tag","embeddable":true,"href":"https:\/\/frontaliers-grandest.eu\/de\/wp-json\/wp\/v2\/tags?post=8460"},{"taxonomy":"frge_profile","embeddable":true,"href":"https:\/\/frontaliers-grandest.eu\/de\/wp-json\/wp\/v2\/frge_profile?post=8460"}],"curies":[{"name":"wp","href":"https:\/\/api.w.org\/{rel}","templated":true}]}}