{"id":8413,"date":"2021-06-08T15:46:19","date_gmt":"2021-06-08T13:46:19","guid":{"rendered":"https:\/\/frontaliers-grandest.eu\/?page_id=8413"},"modified":"2026-01-22T15:14:43","modified_gmt":"2026-01-22T14:14:43","slug":"welche-rechte-haben-die-hinterbliebenen-im-todesfall-des-der-versicherten-infolge-eines-arbeitsunfalls-oder-einer-berufskrankheit","status":"publish","type":"page","link":"https:\/\/frontaliers-grandest.eu\/de\/startseite\/grenzganger\/deutschland-frankreich\/sozialversicherung\/arbeitsunfalle-und-berufskrankheiten\/welche-rechte-haben-die-hinterbliebenen-im-todesfall-des-der-versicherten-infolge-eines-arbeitsunfalls-oder-einer-berufskrankheit\/","title":{"rendered":"Welche Rechte haben die Hinterbliebenen im Todesfall des\/der Versicherten infolge eines Arbeitsunfalls oder einer Berufskrankheit?"},"content":{"rendered":"\n<p>Im Falle des Todes des Versicherten infolge seines Arbeitsunfalls oder seiner Berufskrankheit <strong>(AT-MP) werden die Bestattungskosten bis zu einem Betrag von 2 003 \u20ac erstattet <\/strong>(am 1. Januar 2026).<\/p>\n\n\n\n<p>Unter bestimmten Voraussetzungen k\u00f6nnen folgende Personen eine Rente beziehen:<\/p>\n\n\n\n<ul class=\"wp-block-list\">\n<li>der nicht geschiedene Ehegatte des Verstorbenen,<\/li>\n\n\n\n<li>Lebensgef\u00e4hrte oder Partner, die durch einen Solidarit\u00e4tspakt (PACS) gebunden sind,<\/li>\n\n\n\n<li>der geschiedene Ehegatte, wenn er Unterhaltszahlungen erhalten hat,<\/li>\n\n\n\n<li>Ehegatten, die getrennt leben und Unterhaltszahlungen leisten,<\/li>\n\n\n\n<li>Kinder des Verstorbenen bis zum 20. Lebensjahr.<\/li>\n\n\n\n<li>Die Vorfahren des verstorbenen Versicherten, wenn sie den Nachweis erbringen, dass sie ohne Ehepartner, Konkubinatspartner, PACS-gebundenen Partner und Kinder vom Versicherten eine Unterhaltsleistung h\u00e4tten erhalten k\u00f6nnen oder wenn sie im gegenteiligen Fall nachweisen, dass sie f\u00fcr ihn tats\u00e4chlich verantwortlich waren.<\/li>\n<\/ul>\n\n\n\n<p><strong>Die gezahlten Renten d\u00fcrfen insgesamt 85 % des j\u00e4hrlichen Grundgehalts des verstorbenen Versicherten nicht \u00fcbersteigen.<\/strong><\/p>\n","protected":false},"excerpt":{"rendered":"<p>Im Falle des Todes des Versicherten infolge seines Arbeitsunfalls oder seiner Berufskrankheit (AT-MP) werden die Bestattungskosten bis zu einem Betrag von 2 003 \u20ac erstattet (am 1. Januar 2026). Unter bestimmten Voraussetzungen k\u00f6nnen folgende Personen eine Rente beziehen: Die gezahlten Renten d\u00fcrfen insgesamt 85 % des j\u00e4hrlichen Grundgehalts des verstorbenen Versicherten nicht \u00fcbersteigen.<\/p>\n","protected":false},"author":7,"featured_media":0,"parent":8354,"menu_order":4,"comment_status":"closed","ping_status":"closed","template":"","meta":{"inline_featured_image":false,"footnotes":""},"tags":[461,448,517,853],"frge_profile":[225],"class_list":["post-8413","page","type-page","status-publish","hentry","tag-arbeitnehmer","tag-frankreich","tag-grengaenger","tag-recht-der-hinterbliebenen","frge_profile-arbeitnehmer"],"yoast_head":"<!-- This site is optimized with the Yoast SEO plugin v27.1.1 - https:\/\/yoast.com\/product\/yoast-seo-wordpress\/ -->\n<title>Rechte der hinterbliebenen bei arbeitsunfall oder berufskrankheit \u200b\u200b<\/title>\n<meta name=\"description\" content=\"Die Rechte der Hinterbliebenen bei Tod des Versicherten infolge eines Arbeitsunfalls oder einer Berufskrankheit umfassen Bestattungskosten und Rentenanspr\u00fcche.\" \/>\n<meta name=\"robots\" content=\"index, follow, max-snippet:-1, max-image-preview:large, max-video-preview:-1\" \/>\n<link rel=\"canonical\" href=\"https:\/\/frontaliers-grandest.eu\/de\/startseite\/grenzganger\/deutschland-frankreich\/sozialversicherung\/arbeitsunfalle-und-berufskrankheiten\/welche-rechte-haben-die-hinterbliebenen-im-todesfall-des-der-versicherten-infolge-eines-arbeitsunfalls-oder-einer-berufskrankheit\/\" \/>\n<meta property=\"og:locale\" content=\"de_DE\" \/>\n<meta property=\"og:type\" content=\"article\" \/>\n<meta property=\"og:title\" content=\"Rechte der hinterbliebenen bei arbeitsunfall oder berufskrankheit \u200b\u200b\" \/>\n<meta property=\"og:description\" content=\"Die Rechte der Hinterbliebenen bei Tod des Versicherten infolge eines Arbeitsunfalls oder einer Berufskrankheit umfassen Bestattungskosten und Rentenanspr\u00fcche.\" \/>\n<meta property=\"og:url\" content=\"https:\/\/frontaliers-grandest.eu\/de\/startseite\/grenzganger\/deutschland-frankreich\/sozialversicherung\/arbeitsunfalle-und-berufskrankheiten\/welche-rechte-haben-die-hinterbliebenen-im-todesfall-des-der-versicherten-infolge-eines-arbeitsunfalls-oder-einer-berufskrankheit\/\" \/>\n<meta property=\"og:site_name\" content=\"Frontaliers Grand Est\" \/>\n<meta property=\"article:publisher\" content=\"https:\/\/www.facebook.com\/frontaliers.GR.EST\/?locale=fr_FR\" \/>\n<meta property=\"article:modified_time\" content=\"2026-01-22T14:14:43+00:00\" \/>\n<meta name=\"twitter:card\" content=\"summary_large_image\" \/>\n<meta name=\"twitter:label1\" content=\"Gesch\u00e4tzte Lesezeit\" \/>\n\t<meta name=\"twitter:data1\" content=\"1\u00a0Minute\" \/>\n<script type=\"application\/ld+json\" class=\"yoast-schema-graph\">{\"@context\":\"https:\/\/schema.org\",\"@graph\":[{\"@type\":\"WebPage\",\"@id\":\"https:\/\/frontaliers-grandest.eu\/de\/startseite\/grenzganger\/deutschland-frankreich\/sozialversicherung\/arbeitsunfalle-und-berufskrankheiten\/welche-rechte-haben-die-hinterbliebenen-im-todesfall-des-der-versicherten-infolge-eines-arbeitsunfalls-oder-einer-berufskrankheit\/\",\"url\":\"https:\/\/frontaliers-grandest.eu\/de\/startseite\/grenzganger\/deutschland-frankreich\/sozialversicherung\/arbeitsunfalle-und-berufskrankheiten\/welche-rechte-haben-die-hinterbliebenen-im-todesfall-des-der-versicherten-infolge-eines-arbeitsunfalls-oder-einer-berufskrankheit\/\",\"name\":\"Rechte der hinterbliebenen bei arbeitsunfall oder berufskrankheit \u200b\u200b\",\"isPartOf\":{\"@id\":\"https:\/\/frontaliers-grandest.eu\/de\/#website\"},\"datePublished\":\"2021-06-08T13:46:19+00:00\",\"dateModified\":\"2026-01-22T14:14:43+00:00\",\"description\":\"Die Rechte der Hinterbliebenen bei Tod des Versicherten infolge eines Arbeitsunfalls oder einer Berufskrankheit umfassen Bestattungskosten und Rentenanspr\u00fcche.\",\"breadcrumb\":{\"@id\":\"https:\/\/frontaliers-grandest.eu\/de\/startseite\/grenzganger\/deutschland-frankreich\/sozialversicherung\/arbeitsunfalle-und-berufskrankheiten\/welche-rechte-haben-die-hinterbliebenen-im-todesfall-des-der-versicherten-infolge-eines-arbeitsunfalls-oder-einer-berufskrankheit\/#breadcrumb\"},\"inLanguage\":\"de\",\"potentialAction\":[{\"@type\":\"ReadAction\",\"target\":[\"https:\/\/frontaliers-grandest.eu\/de\/startseite\/grenzganger\/deutschland-frankreich\/sozialversicherung\/arbeitsunfalle-und-berufskrankheiten\/welche-rechte-haben-die-hinterbliebenen-im-todesfall-des-der-versicherten-infolge-eines-arbeitsunfalls-oder-einer-berufskrankheit\/\"]}]},{\"@type\":\"BreadcrumbList\",\"@id\":\"https:\/\/frontaliers-grandest.eu\/de\/startseite\/grenzganger\/deutschland-frankreich\/sozialversicherung\/arbeitsunfalle-und-berufskrankheiten\/welche-rechte-haben-die-hinterbliebenen-im-todesfall-des-der-versicherten-infolge-eines-arbeitsunfalls-oder-einer-berufskrankheit\/#breadcrumb\",\"itemListElement\":[{\"@type\":\"ListItem\",\"position\":1,\"name\":\"Startseite\",\"item\":\"https:\/\/frontaliers-grandest.eu\/de\/\"},{\"@type\":\"ListItem\",\"position\":2,\"name\":\"Grenzg\u00e4nger\",\"item\":\"https:\/\/frontaliers-grandest.eu\/de\/startseite\/grenzganger\/\"},{\"@type\":\"ListItem\",\"position\":3,\"name\":\"Deutschland - Frankreich\",\"item\":\"https:\/\/frontaliers-grandest.eu\/de\/startseite\/grenzganger\/deutschland-frankreich\/\"},{\"@type\":\"ListItem\",\"position\":4,\"name\":\"Sozialversicherung in Frankreich\",\"item\":\"https:\/\/frontaliers-grandest.eu\/de\/startseite\/grenzganger\/deutschland-frankreich\/sozialversicherung\/\"},{\"@type\":\"ListItem\",\"position\":5,\"name\":\"Arbeitsunf\u00e4lle und Berufskrankheiten\",\"item\":\"https:\/\/frontaliers-grandest.eu\/de\/startseite\/grenzganger\/deutschland-frankreich\/sozialversicherung\/arbeitsunfalle-und-berufskrankheiten\/\"},{\"@type\":\"ListItem\",\"position\":6,\"name\":\"Welche Rechte haben die Hinterbliebenen im Todesfall des\/der Versicherten infolge eines Arbeitsunfalls oder einer Berufskrankheit?\"}]},{\"@type\":\"WebSite\",\"@id\":\"https:\/\/frontaliers-grandest.eu\/de\/#website\",\"url\":\"https:\/\/frontaliers-grandest.eu\/de\/\",\"name\":\"Frontaliers Grand Est\",\"description\":\"Le site ressource du travail frontalier\",\"publisher\":{\"@id\":\"https:\/\/frontaliers-grandest.eu\/de\/#organization\"},\"alternateName\":\"Frontaliers Grand Est\",\"potentialAction\":[{\"@type\":\"SearchAction\",\"target\":{\"@type\":\"EntryPoint\",\"urlTemplate\":\"https:\/\/frontaliers-grandest.eu\/de\/?s={search_term_string}\"},\"query-input\":{\"@type\":\"PropertyValueSpecification\",\"valueRequired\":true,\"valueName\":\"search_term_string\"}}],\"inLanguage\":\"de\"},{\"@type\":\"Organization\",\"@id\":\"https:\/\/frontaliers-grandest.eu\/de\/#organization\",\"name\":\"Frontaliers Grand Est\",\"alternateName\":\"Frontaliers Grand Est\",\"url\":\"https:\/\/frontaliers-grandest.eu\/de\/\",\"logo\":{\"@type\":\"ImageObject\",\"inLanguage\":\"de\",\"@id\":\"https:\/\/frontaliers-grandest.eu\/de\/#\/schema\/logo\/image\/\",\"url\":\"https:\/\/frontaliers-grandest.eu\/wp-content\/uploads\/2025\/07\/260328234_2966785176920310_3332838526503858160_n.jpg\",\"contentUrl\":\"https:\/\/frontaliers-grandest.eu\/wp-content\/uploads\/2025\/07\/260328234_2966785176920310_3332838526503858160_n.jpg\",\"width\":396,\"height\":396,\"caption\":\"Frontaliers Grand Est\"},\"image\":{\"@id\":\"https:\/\/frontaliers-grandest.eu\/de\/#\/schema\/logo\/image\/\"},\"sameAs\":[\"https:\/\/www.facebook.com\/frontaliers.GR.EST\/?locale=fr_FR\"]}]}<\/script>\n<!-- \/ Yoast SEO plugin. -->","yoast_head_json":{"title":"Rechte der hinterbliebenen bei arbeitsunfall oder berufskrankheit \u200b\u200b","description":"Die Rechte der Hinterbliebenen bei Tod des Versicherten infolge eines Arbeitsunfalls oder einer Berufskrankheit umfassen Bestattungskosten und Rentenanspr\u00fcche.","robots":{"index":"index","follow":"follow","max-snippet":"max-snippet:-1","max-image-preview":"max-image-preview:large","max-video-preview":"max-video-preview:-1"},"canonical":"https:\/\/frontaliers-grandest.eu\/de\/startseite\/grenzganger\/deutschland-frankreich\/sozialversicherung\/arbeitsunfalle-und-berufskrankheiten\/welche-rechte-haben-die-hinterbliebenen-im-todesfall-des-der-versicherten-infolge-eines-arbeitsunfalls-oder-einer-berufskrankheit\/","og_locale":"de_DE","og_type":"article","og_title":"Rechte der hinterbliebenen bei arbeitsunfall oder berufskrankheit \u200b\u200b","og_description":"Die Rechte der Hinterbliebenen bei Tod des Versicherten infolge eines Arbeitsunfalls oder einer Berufskrankheit umfassen Bestattungskosten und Rentenanspr\u00fcche.","og_url":"https:\/\/frontaliers-grandest.eu\/de\/startseite\/grenzganger\/deutschland-frankreich\/sozialversicherung\/arbeitsunfalle-und-berufskrankheiten\/welche-rechte-haben-die-hinterbliebenen-im-todesfall-des-der-versicherten-infolge-eines-arbeitsunfalls-oder-einer-berufskrankheit\/","og_site_name":"Frontaliers Grand Est","article_publisher":"https:\/\/www.facebook.com\/frontaliers.GR.EST\/?locale=fr_FR","article_modified_time":"2026-01-22T14:14:43+00:00","twitter_card":"summary_large_image","twitter_misc":{"Gesch\u00e4tzte Lesezeit":"1\u00a0Minute"},"schema":{"@context":"https:\/\/schema.org","@graph":[{"@type":"WebPage","@id":"https:\/\/frontaliers-grandest.eu\/de\/startseite\/grenzganger\/deutschland-frankreich\/sozialversicherung\/arbeitsunfalle-und-berufskrankheiten\/welche-rechte-haben-die-hinterbliebenen-im-todesfall-des-der-versicherten-infolge-eines-arbeitsunfalls-oder-einer-berufskrankheit\/","url":"https:\/\/frontaliers-grandest.eu\/de\/startseite\/grenzganger\/deutschland-frankreich\/sozialversicherung\/arbeitsunfalle-und-berufskrankheiten\/welche-rechte-haben-die-hinterbliebenen-im-todesfall-des-der-versicherten-infolge-eines-arbeitsunfalls-oder-einer-berufskrankheit\/","name":"Rechte der hinterbliebenen bei arbeitsunfall oder berufskrankheit \u200b\u200b","isPartOf":{"@id":"https:\/\/frontaliers-grandest.eu\/de\/#website"},"datePublished":"2021-06-08T13:46:19+00:00","dateModified":"2026-01-22T14:14:43+00:00","description":"Die Rechte der Hinterbliebenen bei Tod des Versicherten infolge eines Arbeitsunfalls oder einer Berufskrankheit umfassen Bestattungskosten und Rentenanspr\u00fcche.","breadcrumb":{"@id":"https:\/\/frontaliers-grandest.eu\/de\/startseite\/grenzganger\/deutschland-frankreich\/sozialversicherung\/arbeitsunfalle-und-berufskrankheiten\/welche-rechte-haben-die-hinterbliebenen-im-todesfall-des-der-versicherten-infolge-eines-arbeitsunfalls-oder-einer-berufskrankheit\/#breadcrumb"},"inLanguage":"de","potentialAction":[{"@type":"ReadAction","target":["https:\/\/frontaliers-grandest.eu\/de\/startseite\/grenzganger\/deutschland-frankreich\/sozialversicherung\/arbeitsunfalle-und-berufskrankheiten\/welche-rechte-haben-die-hinterbliebenen-im-todesfall-des-der-versicherten-infolge-eines-arbeitsunfalls-oder-einer-berufskrankheit\/"]}]},{"@type":"BreadcrumbList","@id":"https:\/\/frontaliers-grandest.eu\/de\/startseite\/grenzganger\/deutschland-frankreich\/sozialversicherung\/arbeitsunfalle-und-berufskrankheiten\/welche-rechte-haben-die-hinterbliebenen-im-todesfall-des-der-versicherten-infolge-eines-arbeitsunfalls-oder-einer-berufskrankheit\/#breadcrumb","itemListElement":[{"@type":"ListItem","position":1,"name":"Startseite","item":"https:\/\/frontaliers-grandest.eu\/de\/"},{"@type":"ListItem","position":2,"name":"Grenzg\u00e4nger","item":"https:\/\/frontaliers-grandest.eu\/de\/startseite\/grenzganger\/"},{"@type":"ListItem","position":3,"name":"Deutschland - Frankreich","item":"https:\/\/frontaliers-grandest.eu\/de\/startseite\/grenzganger\/deutschland-frankreich\/"},{"@type":"ListItem","position":4,"name":"Sozialversicherung in Frankreich","item":"https:\/\/frontaliers-grandest.eu\/de\/startseite\/grenzganger\/deutschland-frankreich\/sozialversicherung\/"},{"@type":"ListItem","position":5,"name":"Arbeitsunf\u00e4lle und Berufskrankheiten","item":"https:\/\/frontaliers-grandest.eu\/de\/startseite\/grenzganger\/deutschland-frankreich\/sozialversicherung\/arbeitsunfalle-und-berufskrankheiten\/"},{"@type":"ListItem","position":6,"name":"Welche Rechte haben die Hinterbliebenen im Todesfall des\/der Versicherten infolge eines Arbeitsunfalls oder einer Berufskrankheit?"}]},{"@type":"WebSite","@id":"https:\/\/frontaliers-grandest.eu\/de\/#website","url":"https:\/\/frontaliers-grandest.eu\/de\/","name":"Frontaliers Grand Est","description":"Le site ressource du travail frontalier","publisher":{"@id":"https:\/\/frontaliers-grandest.eu\/de\/#organization"},"alternateName":"Frontaliers Grand Est","potentialAction":[{"@type":"SearchAction","target":{"@type":"EntryPoint","urlTemplate":"https:\/\/frontaliers-grandest.eu\/de\/?s={search_term_string}"},"query-input":{"@type":"PropertyValueSpecification","valueRequired":true,"valueName":"search_term_string"}}],"inLanguage":"de"},{"@type":"Organization","@id":"https:\/\/frontaliers-grandest.eu\/de\/#organization","name":"Frontaliers Grand Est","alternateName":"Frontaliers Grand Est","url":"https:\/\/frontaliers-grandest.eu\/de\/","logo":{"@type":"ImageObject","inLanguage":"de","@id":"https:\/\/frontaliers-grandest.eu\/de\/#\/schema\/logo\/image\/","url":"https:\/\/frontaliers-grandest.eu\/wp-content\/uploads\/2025\/07\/260328234_2966785176920310_3332838526503858160_n.jpg","contentUrl":"https:\/\/frontaliers-grandest.eu\/wp-content\/uploads\/2025\/07\/260328234_2966785176920310_3332838526503858160_n.jpg","width":396,"height":396,"caption":"Frontaliers Grand Est"},"image":{"@id":"https:\/\/frontaliers-grandest.eu\/de\/#\/schema\/logo\/image\/"},"sameAs":["https:\/\/www.facebook.com\/frontaliers.GR.EST\/?locale=fr_FR"]}]}},"frge_page_order":"0","_links":{"self":[{"href":"https:\/\/frontaliers-grandest.eu\/de\/wp-json\/wp\/v2\/pages\/8413","targetHints":{"allow":["GET"]}}],"collection":[{"href":"https:\/\/frontaliers-grandest.eu\/de\/wp-json\/wp\/v2\/pages"}],"about":[{"href":"https:\/\/frontaliers-grandest.eu\/de\/wp-json\/wp\/v2\/types\/page"}],"author":[{"embeddable":true,"href":"https:\/\/frontaliers-grandest.eu\/de\/wp-json\/wp\/v2\/users\/7"}],"replies":[{"embeddable":true,"href":"https:\/\/frontaliers-grandest.eu\/de\/wp-json\/wp\/v2\/comments?post=8413"}],"version-history":[{"count":2,"href":"https:\/\/frontaliers-grandest.eu\/de\/wp-json\/wp\/v2\/pages\/8413\/revisions"}],"predecessor-version":[{"id":56792,"href":"https:\/\/frontaliers-grandest.eu\/de\/wp-json\/wp\/v2\/pages\/8413\/revisions\/56792"}],"up":[{"embeddable":true,"href":"https:\/\/frontaliers-grandest.eu\/de\/wp-json\/wp\/v2\/pages\/8354"}],"wp:attachment":[{"href":"https:\/\/frontaliers-grandest.eu\/de\/wp-json\/wp\/v2\/media?parent=8413"}],"wp:term":[{"taxonomy":"post_tag","embeddable":true,"href":"https:\/\/frontaliers-grandest.eu\/de\/wp-json\/wp\/v2\/tags?post=8413"},{"taxonomy":"frge_profile","embeddable":true,"href":"https:\/\/frontaliers-grandest.eu\/de\/wp-json\/wp\/v2\/frge_profile?post=8413"}],"curies":[{"name":"wp","href":"https:\/\/api.w.org\/{rel}","templated":true}]}}