{"id":8410,"date":"2021-06-08T15:45:25","date_gmt":"2021-06-08T13:45:25","guid":{"rendered":"https:\/\/frontaliers-grandest.eu\/?page_id=8410"},"modified":"2026-01-22T15:07:49","modified_gmt":"2026-01-22T14:07:49","slug":"kann-mich-mein-arbeitgeber-in-falle-eines-unfalls-oder-einer-berufskrankheit-entlassen","status":"publish","type":"page","link":"https:\/\/frontaliers-grandest.eu\/de\/startseite\/grenzganger\/deutschland-frankreich\/sozialversicherung\/arbeitsunfalle-und-berufskrankheiten\/kann-mich-mein-arbeitgeber-in-falle-eines-unfalls-oder-einer-berufskrankheit-entlassen\/","title":{"rendered":"Kann mich mein Arbeitgeber in Falle eines Unfalls oder einer Berufskrankheit entlassen?"},"content":{"rendered":"\n<div class=\"wp-block-frontaliers-grandest-plugin-frge-accordion-block\"><div class=\"accordion-top\"><h4 class=\"accordion-title\"><strong>Wenn Sie einen unbefristeten Arbeitsvertrag besitzen (CDI)<\/strong><\/h4><svg viewBox=\"0 0 24 24\" stroke-width=\"1.5\" fill=\"none\" xmlns=\"http:\/\/www.w3.org\/2000\/svg\" class=\"accordion-top__icon\"><path d=\"M3 12L21 12M21 12L12.5 3.5M21 12L12.5 20.5\" stroke-width=\"1.5\" stroke-linecap=\"round\" stroke-linejoin=\"round\"><\/path><\/svg><\/div><div class=\"accordion-content\">\n<p>In Frankreich ist es Ihrem Arbeitgeber untersagt, Sie w\u00e4hrend des gesamten Zeitraums zu entlassen, in dem Ihr Arbeitsvertrag aufgrund Ihres Arbeitsunfalls oder Ihrer Berufskrankheit ausgesetzt ist, d. h. f\u00fcr die gesamte Dauer Ihres Arbeitsstopps.<br>Dieses Verbot gilt auch, wenn Sie sich in der Probezeit befinden.<\/p>\n\n\n\n<p>Ihr Arbeitgeber kann daher nicht :<\/p>\n\n\n\n<ul class=\"wp-block-list\">\n<li>dich entlassen<\/li>\n\n\n\n<li>Sie in den Ruhestand versetzen<\/li>\n\n\n\n<li>eine K\u00fcndigung Ihres Arbeitsvertrags \u00abim gegenseitigen Einvernehmen\u00bb unterschreiben.<\/li>\n<\/ul>\n\n\n\n<p>Ihr Arbeitgeber kann Ihre Entlassung nur in Betracht ziehen, wenn Sie eine schwere Verfehlung begehen oder wenn er aus einem anderen als dem Unfall oder der Krankheit fremden Grund nicht in der Lage ist, Ihren Arbeitsvertrag aufrechtzuerhalten (was sehr selten ist. So stellen eine solche Unm\u00f6glichkeit, ein gerichtlicher Konkurs Ihres Unternehmens, wirtschaftliche Gr\u00fcnde, von denen das \u00dcberleben des Unternehmens abh\u00e4ngt, usw. nicht dar).<\/p>\n\n\n\n<p>Bei einer Berufskrankheit, dieses K\u00fcndigungsverbot gilt, sobald Ihr Arbeitgeber von Ihrem Wunsch Kenntnis erlangt hat, den beruflichen Charakter Ihrer Krankheit durch die \u00dcbermittlung eines Arbeitsstopps zusammen mit einem \u00e4rztlichen Attest als Antrag auf Feststellung einer Berufskrankheit anzuerkennen.<\/p>\n\n\n\n<p>Wenn der Arbeitsmediziner nach Ihrer \u00e4rztlichen Untersuchung feststellt, dass Sie nicht mehr arbeitsf\u00e4hig sind, ist Ihr Arbeitgeber verpflichtet, alles in seiner Macht Stehende zu tun, um Sie wieder einzustellen.<br>Sie haben einen Monat Zeit, um dies nach Ihrer zweiten \u00e4rztlichen Untersuchung beim Arbeitsmediziner zu tun.<\/p>\n\n\n\n<p>Wenn eine Umstufung nicht m\u00f6glich ist, weil entweder keine geeignete Umstufungsposition vorhanden ist oder der Arbeitnehmer die vorgeschlagenen Positionen ablehnt (Sie haben ein wirkliches Recht, die Stellenvorschl\u00e4ge Ihres Arbeitgebers abzulehnen, sofern diese Ablehnung nicht missbr\u00e4uchlich ist), muss der Arbeitsvertrag gek\u00fcndigt werden. Es handelt sich dann um eine Entlassung wegen \u00abvom Arbeitsmediziner festgestellter Untauglichkeit\u00bb.<\/p>\n\n\n\n<p>Wenn Sie nach Ablauf der Frist von einem Monat nicht umgestellt oder entlassen wurden, ist Ihr Arbeitgeber verpflichtet, die Zahlung Ihres Lohnes f\u00fcr die vor der Aussetzung des Arbeitsvertrags geleistete Arbeit wieder aufzunehmen.<\/p>\n\n\n\n<p>Im Falle einer Entlassung m\u00fcssen Sie folgende Leistungen erhalten:<\/p>\n\n\n\n<ul class=\"wp-block-list\">\n<li>der gesetzlichen Abfindungen<\/li>\n\n\n\n<li>sowie eine besondere Abfindungsentsch\u00e4digung, die mindestens dem Doppelten der gesetzlich vorgesehenen Abfindungsentsch\u00e4digung entspricht.<\/li>\n<\/ul>\n\n\n\n<p>Die Beendigung des Arbeitsvertrags eines Arbeitnehmers, der einen Arbeitsunfall erlitten hat, ist ohne Wiederaufnahmebesuch ung\u00fcltig; der Arbeitnehmer kann seine Wiedereingliederung und eine Entsch\u00e4digung f\u00fcr den Zeitraum zwischen der Beendigung des Vertrags und der tats\u00e4chlichen Wiedereingliederung beantragen.<\/p>\n<\/div><\/div>\n\n\n\n<div class=\"wp-block-frontaliers-grandest-plugin-frge-accordion-block\"><div class=\"accordion-top\"><h4 class=\"accordion-title\"><strong>Wenn Sie einen befristeten Arbeitsvertrag besitzen (CDD)<\/strong><\/h4><svg viewBox=\"0 0 24 24\" stroke-width=\"1.5\" fill=\"none\" xmlns=\"http:\/\/www.w3.org\/2000\/svg\" class=\"accordion-top__icon\"><path d=\"M3 12L21 12M21 12L12.5 3.5M21 12L12.5 20.5\" stroke-width=\"1.5\" stroke-linecap=\"round\" stroke-linejoin=\"round\"><\/path><\/svg><\/div><div class=\"accordion-content\">\n<p>Ihr Arbeitsvertrag endet mit dem Datum oder dem Eintreten des Ereignisses,&nbsp;<strong>welche im Vertrag vorgesehen sind<\/strong>. Wenn Ihr befristeter Arbeitsvertrag eine Erneuerungsklausel vorsieht, muss Ihr Arbeitgeber sich daran halten und Ihr Arbeitsvertrag endet mit dem Ende der genannten Erneuerung.<\/p>\n\n\n\n<p><strong>Sie haben Anspruch auf eine Entsch\u00e4digung bei Vertragsbeendigung, so als h\u00e4tten Sie gearbeitet.<\/strong><\/p>\n<\/div><\/div>\n","protected":false},"excerpt":{"rendered":"","protected":false},"author":7,"featured_media":0,"parent":8354,"menu_order":3,"comment_status":"closed","ping_status":"closed","template":"","meta":{"inline_featured_image":false,"footnotes":""},"tags":[461,838,448,517,851],"frge_profile":[225],"class_list":["post-8410","page","type-page","status-publish","hentry","tag-arbeitnehmer","tag-entlassung","tag-frankreich","tag-grengaenger","tag-unfallversicherung","frge_profile-arbeitnehmer"],"yoast_head":"<!-- This site is optimized with the Yoast SEO plugin v27.1.1 - https:\/\/yoast.com\/product\/yoast-seo-wordpress\/ -->\n<title>Arbeitsunfall: k\u00fcndigungsschutz und rechte am arbeitsplatz<\/title>\n<meta name=\"description\" content=\"Ihr Arbeitgeber darf Sie bei einem Arbeitsunfall oder einer Berufskrankheit w\u00e4hrend der gesamten Dauer Ihrer Arbeitsunterbrechung nicht entlassen.\" \/>\n<meta name=\"robots\" content=\"index, follow, max-snippet:-1, max-image-preview:large, max-video-preview:-1\" \/>\n<link rel=\"canonical\" href=\"https:\/\/frontaliers-grandest.eu\/de\/startseite\/grenzganger\/deutschland-frankreich\/sozialversicherung\/arbeitsunfalle-und-berufskrankheiten\/kann-mich-mein-arbeitgeber-in-falle-eines-unfalls-oder-einer-berufskrankheit-entlassen\/\" \/>\n<meta property=\"og:locale\" content=\"de_DE\" \/>\n<meta property=\"og:type\" content=\"article\" \/>\n<meta property=\"og:title\" content=\"Arbeitsunfall: k\u00fcndigungsschutz und rechte am arbeitsplatz\" \/>\n<meta property=\"og:description\" content=\"Ihr Arbeitgeber darf Sie bei einem Arbeitsunfall oder einer Berufskrankheit w\u00e4hrend der gesamten Dauer Ihrer Arbeitsunterbrechung nicht entlassen.\" \/>\n<meta property=\"og:url\" content=\"https:\/\/frontaliers-grandest.eu\/de\/startseite\/grenzganger\/deutschland-frankreich\/sozialversicherung\/arbeitsunfalle-und-berufskrankheiten\/kann-mich-mein-arbeitgeber-in-falle-eines-unfalls-oder-einer-berufskrankheit-entlassen\/\" \/>\n<meta property=\"og:site_name\" content=\"Frontaliers Grand Est\" \/>\n<meta property=\"article:publisher\" content=\"https:\/\/www.facebook.com\/frontaliers.GR.EST\/?locale=fr_FR\" \/>\n<meta property=\"article:modified_time\" content=\"2026-01-22T14:07:49+00:00\" \/>\n<meta name=\"twitter:card\" content=\"summary_large_image\" \/>\n<meta name=\"twitter:label1\" content=\"Gesch\u00e4tzte Lesezeit\" \/>\n\t<meta name=\"twitter:data1\" content=\"3\u00a0Minuten\" \/>\n<script type=\"application\/ld+json\" class=\"yoast-schema-graph\">{\"@context\":\"https:\/\/schema.org\",\"@graph\":[{\"@type\":\"WebPage\",\"@id\":\"https:\/\/frontaliers-grandest.eu\/de\/startseite\/grenzganger\/deutschland-frankreich\/sozialversicherung\/arbeitsunfalle-und-berufskrankheiten\/kann-mich-mein-arbeitgeber-in-falle-eines-unfalls-oder-einer-berufskrankheit-entlassen\/\",\"url\":\"https:\/\/frontaliers-grandest.eu\/de\/startseite\/grenzganger\/deutschland-frankreich\/sozialversicherung\/arbeitsunfalle-und-berufskrankheiten\/kann-mich-mein-arbeitgeber-in-falle-eines-unfalls-oder-einer-berufskrankheit-entlassen\/\",\"name\":\"Arbeitsunfall: k\u00fcndigungsschutz und rechte am arbeitsplatz\",\"isPartOf\":{\"@id\":\"https:\/\/frontaliers-grandest.eu\/de\/#website\"},\"datePublished\":\"2021-06-08T13:45:25+00:00\",\"dateModified\":\"2026-01-22T14:07:49+00:00\",\"description\":\"Ihr Arbeitgeber darf Sie bei einem Arbeitsunfall oder einer Berufskrankheit w\u00e4hrend der gesamten Dauer Ihrer Arbeitsunterbrechung nicht entlassen.\",\"breadcrumb\":{\"@id\":\"https:\/\/frontaliers-grandest.eu\/de\/startseite\/grenzganger\/deutschland-frankreich\/sozialversicherung\/arbeitsunfalle-und-berufskrankheiten\/kann-mich-mein-arbeitgeber-in-falle-eines-unfalls-oder-einer-berufskrankheit-entlassen\/#breadcrumb\"},\"inLanguage\":\"de\",\"potentialAction\":[{\"@type\":\"ReadAction\",\"target\":[\"https:\/\/frontaliers-grandest.eu\/de\/startseite\/grenzganger\/deutschland-frankreich\/sozialversicherung\/arbeitsunfalle-und-berufskrankheiten\/kann-mich-mein-arbeitgeber-in-falle-eines-unfalls-oder-einer-berufskrankheit-entlassen\/\"]}]},{\"@type\":\"BreadcrumbList\",\"@id\":\"https:\/\/frontaliers-grandest.eu\/de\/startseite\/grenzganger\/deutschland-frankreich\/sozialversicherung\/arbeitsunfalle-und-berufskrankheiten\/kann-mich-mein-arbeitgeber-in-falle-eines-unfalls-oder-einer-berufskrankheit-entlassen\/#breadcrumb\",\"itemListElement\":[{\"@type\":\"ListItem\",\"position\":1,\"name\":\"Startseite\",\"item\":\"https:\/\/frontaliers-grandest.eu\/de\/\"},{\"@type\":\"ListItem\",\"position\":2,\"name\":\"Grenzg\u00e4nger\",\"item\":\"https:\/\/frontaliers-grandest.eu\/de\/startseite\/grenzganger\/\"},{\"@type\":\"ListItem\",\"position\":3,\"name\":\"Deutschland - Frankreich\",\"item\":\"https:\/\/frontaliers-grandest.eu\/de\/startseite\/grenzganger\/deutschland-frankreich\/\"},{\"@type\":\"ListItem\",\"position\":4,\"name\":\"Sozialversicherung in Frankreich\",\"item\":\"https:\/\/frontaliers-grandest.eu\/de\/startseite\/grenzganger\/deutschland-frankreich\/sozialversicherung\/\"},{\"@type\":\"ListItem\",\"position\":5,\"name\":\"Arbeitsunf\u00e4lle und Berufskrankheiten\",\"item\":\"https:\/\/frontaliers-grandest.eu\/de\/startseite\/grenzganger\/deutschland-frankreich\/sozialversicherung\/arbeitsunfalle-und-berufskrankheiten\/\"},{\"@type\":\"ListItem\",\"position\":6,\"name\":\"Kann mich mein Arbeitgeber in Falle eines Unfalls oder einer Berufskrankheit entlassen?\"}]},{\"@type\":\"WebSite\",\"@id\":\"https:\/\/frontaliers-grandest.eu\/de\/#website\",\"url\":\"https:\/\/frontaliers-grandest.eu\/de\/\",\"name\":\"Frontaliers Grand Est\",\"description\":\"Le site ressource du travail frontalier\",\"publisher\":{\"@id\":\"https:\/\/frontaliers-grandest.eu\/de\/#organization\"},\"alternateName\":\"Frontaliers Grand Est\",\"potentialAction\":[{\"@type\":\"SearchAction\",\"target\":{\"@type\":\"EntryPoint\",\"urlTemplate\":\"https:\/\/frontaliers-grandest.eu\/de\/?s={search_term_string}\"},\"query-input\":{\"@type\":\"PropertyValueSpecification\",\"valueRequired\":true,\"valueName\":\"search_term_string\"}}],\"inLanguage\":\"de\"},{\"@type\":\"Organization\",\"@id\":\"https:\/\/frontaliers-grandest.eu\/de\/#organization\",\"name\":\"Frontaliers Grand Est\",\"alternateName\":\"Frontaliers Grand Est\",\"url\":\"https:\/\/frontaliers-grandest.eu\/de\/\",\"logo\":{\"@type\":\"ImageObject\",\"inLanguage\":\"de\",\"@id\":\"https:\/\/frontaliers-grandest.eu\/de\/#\/schema\/logo\/image\/\",\"url\":\"https:\/\/frontaliers-grandest.eu\/wp-content\/uploads\/2025\/07\/260328234_2966785176920310_3332838526503858160_n.jpg\",\"contentUrl\":\"https:\/\/frontaliers-grandest.eu\/wp-content\/uploads\/2025\/07\/260328234_2966785176920310_3332838526503858160_n.jpg\",\"width\":396,\"height\":396,\"caption\":\"Frontaliers Grand Est\"},\"image\":{\"@id\":\"https:\/\/frontaliers-grandest.eu\/de\/#\/schema\/logo\/image\/\"},\"sameAs\":[\"https:\/\/www.facebook.com\/frontaliers.GR.EST\/?locale=fr_FR\"]}]}<\/script>\n<!-- \/ Yoast SEO plugin. -->","yoast_head_json":{"title":"Arbeitsunfall: k\u00fcndigungsschutz und rechte am arbeitsplatz","description":"Ihr Arbeitgeber darf Sie bei einem Arbeitsunfall oder einer Berufskrankheit w\u00e4hrend der gesamten Dauer Ihrer Arbeitsunterbrechung nicht entlassen.","robots":{"index":"index","follow":"follow","max-snippet":"max-snippet:-1","max-image-preview":"max-image-preview:large","max-video-preview":"max-video-preview:-1"},"canonical":"https:\/\/frontaliers-grandest.eu\/de\/startseite\/grenzganger\/deutschland-frankreich\/sozialversicherung\/arbeitsunfalle-und-berufskrankheiten\/kann-mich-mein-arbeitgeber-in-falle-eines-unfalls-oder-einer-berufskrankheit-entlassen\/","og_locale":"de_DE","og_type":"article","og_title":"Arbeitsunfall: k\u00fcndigungsschutz und rechte am arbeitsplatz","og_description":"Ihr Arbeitgeber darf Sie bei einem Arbeitsunfall oder einer Berufskrankheit w\u00e4hrend der gesamten Dauer Ihrer Arbeitsunterbrechung nicht entlassen.","og_url":"https:\/\/frontaliers-grandest.eu\/de\/startseite\/grenzganger\/deutschland-frankreich\/sozialversicherung\/arbeitsunfalle-und-berufskrankheiten\/kann-mich-mein-arbeitgeber-in-falle-eines-unfalls-oder-einer-berufskrankheit-entlassen\/","og_site_name":"Frontaliers Grand Est","article_publisher":"https:\/\/www.facebook.com\/frontaliers.GR.EST\/?locale=fr_FR","article_modified_time":"2026-01-22T14:07:49+00:00","twitter_card":"summary_large_image","twitter_misc":{"Gesch\u00e4tzte Lesezeit":"3\u00a0Minuten"},"schema":{"@context":"https:\/\/schema.org","@graph":[{"@type":"WebPage","@id":"https:\/\/frontaliers-grandest.eu\/de\/startseite\/grenzganger\/deutschland-frankreich\/sozialversicherung\/arbeitsunfalle-und-berufskrankheiten\/kann-mich-mein-arbeitgeber-in-falle-eines-unfalls-oder-einer-berufskrankheit-entlassen\/","url":"https:\/\/frontaliers-grandest.eu\/de\/startseite\/grenzganger\/deutschland-frankreich\/sozialversicherung\/arbeitsunfalle-und-berufskrankheiten\/kann-mich-mein-arbeitgeber-in-falle-eines-unfalls-oder-einer-berufskrankheit-entlassen\/","name":"Arbeitsunfall: k\u00fcndigungsschutz und rechte am arbeitsplatz","isPartOf":{"@id":"https:\/\/frontaliers-grandest.eu\/de\/#website"},"datePublished":"2021-06-08T13:45:25+00:00","dateModified":"2026-01-22T14:07:49+00:00","description":"Ihr Arbeitgeber darf Sie bei einem Arbeitsunfall oder einer Berufskrankheit w\u00e4hrend der gesamten Dauer Ihrer Arbeitsunterbrechung nicht entlassen.","breadcrumb":{"@id":"https:\/\/frontaliers-grandest.eu\/de\/startseite\/grenzganger\/deutschland-frankreich\/sozialversicherung\/arbeitsunfalle-und-berufskrankheiten\/kann-mich-mein-arbeitgeber-in-falle-eines-unfalls-oder-einer-berufskrankheit-entlassen\/#breadcrumb"},"inLanguage":"de","potentialAction":[{"@type":"ReadAction","target":["https:\/\/frontaliers-grandest.eu\/de\/startseite\/grenzganger\/deutschland-frankreich\/sozialversicherung\/arbeitsunfalle-und-berufskrankheiten\/kann-mich-mein-arbeitgeber-in-falle-eines-unfalls-oder-einer-berufskrankheit-entlassen\/"]}]},{"@type":"BreadcrumbList","@id":"https:\/\/frontaliers-grandest.eu\/de\/startseite\/grenzganger\/deutschland-frankreich\/sozialversicherung\/arbeitsunfalle-und-berufskrankheiten\/kann-mich-mein-arbeitgeber-in-falle-eines-unfalls-oder-einer-berufskrankheit-entlassen\/#breadcrumb","itemListElement":[{"@type":"ListItem","position":1,"name":"Startseite","item":"https:\/\/frontaliers-grandest.eu\/de\/"},{"@type":"ListItem","position":2,"name":"Grenzg\u00e4nger","item":"https:\/\/frontaliers-grandest.eu\/de\/startseite\/grenzganger\/"},{"@type":"ListItem","position":3,"name":"Deutschland - Frankreich","item":"https:\/\/frontaliers-grandest.eu\/de\/startseite\/grenzganger\/deutschland-frankreich\/"},{"@type":"ListItem","position":4,"name":"Sozialversicherung in Frankreich","item":"https:\/\/frontaliers-grandest.eu\/de\/startseite\/grenzganger\/deutschland-frankreich\/sozialversicherung\/"},{"@type":"ListItem","position":5,"name":"Arbeitsunf\u00e4lle und Berufskrankheiten","item":"https:\/\/frontaliers-grandest.eu\/de\/startseite\/grenzganger\/deutschland-frankreich\/sozialversicherung\/arbeitsunfalle-und-berufskrankheiten\/"},{"@type":"ListItem","position":6,"name":"Kann mich mein Arbeitgeber in Falle eines Unfalls oder einer Berufskrankheit entlassen?"}]},{"@type":"WebSite","@id":"https:\/\/frontaliers-grandest.eu\/de\/#website","url":"https:\/\/frontaliers-grandest.eu\/de\/","name":"Frontaliers Grand Est","description":"Le site ressource du travail frontalier","publisher":{"@id":"https:\/\/frontaliers-grandest.eu\/de\/#organization"},"alternateName":"Frontaliers Grand Est","potentialAction":[{"@type":"SearchAction","target":{"@type":"EntryPoint","urlTemplate":"https:\/\/frontaliers-grandest.eu\/de\/?s={search_term_string}"},"query-input":{"@type":"PropertyValueSpecification","valueRequired":true,"valueName":"search_term_string"}}],"inLanguage":"de"},{"@type":"Organization","@id":"https:\/\/frontaliers-grandest.eu\/de\/#organization","name":"Frontaliers Grand Est","alternateName":"Frontaliers Grand Est","url":"https:\/\/frontaliers-grandest.eu\/de\/","logo":{"@type":"ImageObject","inLanguage":"de","@id":"https:\/\/frontaliers-grandest.eu\/de\/#\/schema\/logo\/image\/","url":"https:\/\/frontaliers-grandest.eu\/wp-content\/uploads\/2025\/07\/260328234_2966785176920310_3332838526503858160_n.jpg","contentUrl":"https:\/\/frontaliers-grandest.eu\/wp-content\/uploads\/2025\/07\/260328234_2966785176920310_3332838526503858160_n.jpg","width":396,"height":396,"caption":"Frontaliers Grand Est"},"image":{"@id":"https:\/\/frontaliers-grandest.eu\/de\/#\/schema\/logo\/image\/"},"sameAs":["https:\/\/www.facebook.com\/frontaliers.GR.EST\/?locale=fr_FR"]}]}},"frge_page_order":"0","_links":{"self":[{"href":"https:\/\/frontaliers-grandest.eu\/de\/wp-json\/wp\/v2\/pages\/8410","targetHints":{"allow":["GET"]}}],"collection":[{"href":"https:\/\/frontaliers-grandest.eu\/de\/wp-json\/wp\/v2\/pages"}],"about":[{"href":"https:\/\/frontaliers-grandest.eu\/de\/wp-json\/wp\/v2\/types\/page"}],"author":[{"embeddable":true,"href":"https:\/\/frontaliers-grandest.eu\/de\/wp-json\/wp\/v2\/users\/7"}],"replies":[{"embeddable":true,"href":"https:\/\/frontaliers-grandest.eu\/de\/wp-json\/wp\/v2\/comments?post=8410"}],"version-history":[{"count":3,"href":"https:\/\/frontaliers-grandest.eu\/de\/wp-json\/wp\/v2\/pages\/8410\/revisions"}],"predecessor-version":[{"id":56790,"href":"https:\/\/frontaliers-grandest.eu\/de\/wp-json\/wp\/v2\/pages\/8410\/revisions\/56790"}],"up":[{"embeddable":true,"href":"https:\/\/frontaliers-grandest.eu\/de\/wp-json\/wp\/v2\/pages\/8354"}],"wp:attachment":[{"href":"https:\/\/frontaliers-grandest.eu\/de\/wp-json\/wp\/v2\/media?parent=8410"}],"wp:term":[{"taxonomy":"post_tag","embeddable":true,"href":"https:\/\/frontaliers-grandest.eu\/de\/wp-json\/wp\/v2\/tags?post=8410"},{"taxonomy":"frge_profile","embeddable":true,"href":"https:\/\/frontaliers-grandest.eu\/de\/wp-json\/wp\/v2\/frge_profile?post=8410"}],"curies":[{"name":"wp","href":"https:\/\/api.w.org\/{rel}","templated":true}]}}