{"id":8402,"date":"2021-06-08T15:33:19","date_gmt":"2021-06-08T13:33:19","guid":{"rendered":"https:\/\/frontaliers-grandest.eu\/?page_id=8402"},"modified":"2026-01-22T14:22:15","modified_gmt":"2026-01-22T13:22:15","slug":"welche-risiken-werden-durch-die-unfallversicherung-abgedeckt","status":"publish","type":"page","link":"https:\/\/frontaliers-grandest.eu\/de\/startseite\/grenzganger\/deutschland-frankreich\/sozialversicherung\/arbeitsunfalle-und-berufskrankheiten\/welche-risiken-werden-durch-die-unfallversicherung-abgedeckt\/","title":{"rendered":"Welche Risiken werden durch die Unfallversicherung abgedeckt?"},"content":{"rendered":"\n<p>Die Unfall-\/Berufskrankheitsversicherung\u00a0\u00a0decken folgende Risiken ab :<\/p>\n\n\n\n<ul class=\"wp-block-list\">\n<li><strong>Unf\u00e4lle<\/strong>, die sich auf dem Hin- und R\u00fcckweg zur Arbeit ereignen,<\/li>\n\n\n\n<li><strong>Arbeitsunf\u00e4lle<\/strong>,<\/li>\n\n\n\n<li>und\u00a0<strong>Berufskrankheit<\/strong>.<\/li>\n<\/ul>\n\n\n\n<p>Die Leistungen der Versicherung Arbeitsunfall &#8211; Berufskrankheit k\u00f6nnen gek\u00fcrzt werden, wenn das Opfer eine unentschuldbare Verfehlung begangen hat (wenn Sie freiwillig einen au\u00dfergew\u00f6hnlich schweren Fehler begangen haben und sich einer Gefahr ausgesetzt haben, von der Sie h\u00e4tten wissen m\u00fcssen).<\/p>\n\n\n\n<p>F\u00fcr den Unfall oder die Berufskrankheit wird keine Entsch\u00e4digung gezahlt, wenn :<\/p>\n\n\n\n<ul class=\"wp-block-list\">\n<li>der Arbeitsunfall vom Opfer vors\u00e4tzlich verursacht wurde,<\/li>\n\n\n\n<li>der Arbeitsunfall mit dem Alkoholkonsum des Unfallopfers zusammenh\u00e4ngt,<\/li>\n\n\n\n<li>wenn der Unfall auf einer anderen Strecke als zwischen dem Arbeitsplatz und dem Wohnort (oder dem \u00fcblichen Ort, an den er aus famili\u00e4ren Gr\u00fcnden zur\u00fcckkehrt) oder dem Ort seiner Mahlzeit stattfindet.<\/li>\n<\/ul>\n\n\n\n<div class=\"wp-block-frontaliers-grandest-plugin-frge-accordion-block\"><div class=\"accordion-top\"><h4 class=\"accordion-title\">Arbeitsunf\u00e4lle<\/h4><svg viewBox=\"0 0 24 24\" stroke-width=\"1.5\" fill=\"none\" xmlns=\"http:\/\/www.w3.org\/2000\/svg\" class=\"accordion-top__icon\"><path d=\"M3 12L21 12M21 12L12.5 3.5M21 12L12.5 20.5\" stroke-width=\"1.5\" stroke-linecap=\"round\" stroke-linejoin=\"round\"><\/path><\/svg><\/div><div class=\"accordion-content\">\n<p>Als Arbeitsunfall gilt jeder, der auf Rechnung eines Arbeitgebers arbeitet, unabh\u00e4ngig von seiner Ursache, der durch die Handlung oder im Zusammenhang mit der Arbeit eingetretene Unfall.<\/p>\n\n\n\n<p>Es ist auch notwendig, dass das Auftreten des die Verletzung verursachenden Ereignisses mit der Arbeit zusammenh\u00e4ngt.<\/p>\n<\/div><\/div>\n\n\n\n<div class=\"wp-block-frontaliers-grandest-plugin-frge-accordion-block\"><div class=\"accordion-top\"><h4 class=\"accordion-title\">Wegeunf\u00e4lle<\/h4><svg viewBox=\"0 0 24 24\" stroke-width=\"1.5\" fill=\"none\" xmlns=\"http:\/\/www.w3.org\/2000\/svg\" class=\"accordion-top__icon\"><path d=\"M3 12L21 12M21 12L12.5 3.5M21 12L12.5 20.5\" stroke-width=\"1.5\" stroke-linecap=\"round\" stroke-linejoin=\"round\"><\/path><\/svg><\/div><div class=\"accordion-content\">\n<p>Als Reiseunfall gilt, unabh\u00e4ngig von der Ursache, der Unfall des Arbeitnehmers w\u00e4hrend der Hin- und R\u00fcckfahrt:<\/p>\n\n\n\n<ul class=\"wp-block-list\">\n<li>zwischen seinem Arbeitsplatz und seinem Hauptwohnsitz oder einem Zweitwohnsitz oder jedem anderen Ort, an den der Arbeitnehmer aus famili\u00e4ren Gr\u00fcnden gew\u00f6hnlich reist,<\/li>\n\n\n\n<li>zwischen seinem Arbeitsplatz und dem Restaurant, der Kantine und jedem anderen Ort, an dem der Arbeitnehmer normalerweise seine Mahlzeiten einnimmt.<\/li>\n<\/ul>\n<\/div><\/div>\n\n\n\n<div class=\"wp-block-frontaliers-grandest-plugin-frge-accordion-block\"><div class=\"accordion-top\"><h4 class=\"accordion-title\">Die Anerkennung der Berufskrankheit<\/h4><svg viewBox=\"0 0 24 24\" stroke-width=\"1.5\" fill=\"none\" xmlns=\"http:\/\/www.w3.org\/2000\/svg\" class=\"accordion-top__icon\"><path d=\"M3 12L21 12M21 12L12.5 3.5M21 12L12.5 20.5\" stroke-width=\"1.5\" stroke-linecap=\"round\" stroke-linejoin=\"round\"><\/path><\/svg><\/div><div class=\"accordion-content\">\n<p>Die Berufskrankheit ist die Folge einer mehr oder weniger l\u00e4ngeren Exposition gegen\u00fcber einem Risiko, das mit der normalen Aus\u00fcbung der beruflichen T\u00e4tigkeit verbunden ist.<\/p>\n\n\n\n<ul class=\"wp-block-list\">\n<li>entweder die Krankheit in der Tabelle der Berufskrankheiten aufgef\u00fchrt ist und die darin enthaltenen administrativen Voraussetzungen erfuellt sind: der Arbeitnehmer muss den beruflichen Charakter der Krankheit nicht nachweisen (es besteht die Vermutung der Zurechenbarkeit der Krankheit zur beruflichen T\u00e4tigkeit).<\/li>\n\n\n\n<li>entweder die Krankheit in der Tabelle der Berufskrankheiten aufgef\u00fchrt ist, aber die darin enthaltenen administrativen Voraussetzungen nicht erf\u00fcllt sind: Der Arbeitnehmer muss nachweisen, dass die Krankheit unmittelbar durch die Arbeit verursacht wird, selbst wenn die \u00fcbliche Arbeit des Arbeitnehmers nicht die einzige oder wesentliche Ursache der Krankheit ist.<\/li>\n\n\n\n<li>entweder die Krankheit nicht in der Tabelle der Berufskrankheiten aufgef\u00fchrt ist: damit die Krankheit als berufsbedingt anerkannt wird, Sie muss zum Tod des Versicherten oder zu einer dauerhaften Arbeitsunf\u00e4higkeit von mindestens 25 % f\u00fchren und im wesentlichen und unmittelbar durch die Arbeit verursacht sein (der Arbeitnehmer darf keine medizinische Vorgeschichte haben).<\/li>\n<\/ul>\n\n\n\n<p>Wenn Sie eine Berufskrankheit haben, k\u00f6nnen Sie einen Antrag auf \u00dcbernahme der Kosten bei Ihrer Krankenkasse stellen. Diese pr\u00fcft Ihren Antrag.<\/p>\n\n\n\n<p>Die Caisse Primaire d&#8217;Assurance Maladie muss nach dem Zeitpunkt, zu dem sie von der Meldung der Berufskrankheit Kenntnis erlangt hat, innerhalb von drei Monaten (gegebenenfalls um weitere drei Monate verl\u00e4ngert) eine Entscheidung treffen nach Stellungnahme eines regionalen Ausschusses f\u00fcr die Anerkennung von Berufskrankheiten. Nach dieser sechsmonatigen Frist wird der berufliche Charakter der Krankheit anerkannt.<\/p>\n\n\n\n<p><strong>Wird der berufliche Charakter nicht anerkannt, so kann die Krankheit im Rahmen der Krankenversicherung entsch\u00e4digt werden.<\/strong><\/p>\n<\/div><\/div>\n","protected":false},"excerpt":{"rendered":"<p>Die Unfall-\/Berufskrankheitsversicherung\u00a0\u00a0decken folgende Risiken ab : Die Leistungen der Versicherung Arbeitsunfall &#8211; Berufskrankheit k\u00f6nnen gek\u00fcrzt werden, wenn das Opfer eine unentschuldbare Verfehlung begangen hat (wenn Sie freiwillig einen au\u00dfergew\u00f6hnlich schweren Fehler begangen haben und sich einer Gefahr ausgesetzt haben, von der Sie h\u00e4tten wissen m\u00fcssen). F\u00fcr den Unfall oder die Berufskrankheit wird keine Entsch\u00e4digung gezahlt, [&hellip;]<\/p>\n","protected":false},"author":7,"featured_media":0,"parent":8354,"menu_order":0,"comment_status":"closed","ping_status":"closed","template":"","meta":{"inline_featured_image":false,"footnotes":""},"tags":[461,448,517],"frge_profile":[225],"class_list":["post-8402","page","type-page","status-publish","hentry","tag-arbeitnehmer","tag-frankreich","tag-grengaenger","frge_profile-arbeitnehmer"],"yoast_head":"<!-- This site is optimized with the Yoast SEO plugin v27.1.1 - https:\/\/yoast.com\/product\/yoast-seo-wordpress\/ -->\n<title>Welche Risiken werden durch die Unfallversicherung abgedeckt? - Frontaliers Grand Est<\/title>\n<meta name=\"description\" content=\"Entdecken Sie auf dieser Seite die von der Unfallversicherung in Frankreich gedeckten Risiken.\" \/>\n<meta name=\"robots\" content=\"index, follow, max-snippet:-1, max-image-preview:large, max-video-preview:-1\" \/>\n<link rel=\"canonical\" href=\"https:\/\/frontaliers-grandest.eu\/de\/startseite\/grenzganger\/deutschland-frankreich\/sozialversicherung\/arbeitsunfalle-und-berufskrankheiten\/welche-risiken-werden-durch-die-unfallversicherung-abgedeckt\/\" \/>\n<meta property=\"og:locale\" content=\"de_DE\" \/>\n<meta property=\"og:type\" content=\"article\" \/>\n<meta property=\"og:title\" content=\"Welche Risiken werden durch die Unfallversicherung abgedeckt? - Frontaliers Grand Est\" \/>\n<meta property=\"og:description\" content=\"Entdecken Sie auf dieser Seite die von der Unfallversicherung in Frankreich gedeckten Risiken.\" \/>\n<meta property=\"og:url\" content=\"https:\/\/frontaliers-grandest.eu\/de\/startseite\/grenzganger\/deutschland-frankreich\/sozialversicherung\/arbeitsunfalle-und-berufskrankheiten\/welche-risiken-werden-durch-die-unfallversicherung-abgedeckt\/\" \/>\n<meta property=\"og:site_name\" content=\"Frontaliers Grand Est\" \/>\n<meta property=\"article:publisher\" content=\"https:\/\/www.facebook.com\/frontaliers.GR.EST\/?locale=fr_FR\" \/>\n<meta property=\"article:modified_time\" content=\"2026-01-22T13:22:15+00:00\" \/>\n<meta name=\"twitter:card\" content=\"summary_large_image\" \/>\n<meta name=\"twitter:label1\" content=\"Gesch\u00e4tzte Lesezeit\" \/>\n\t<meta name=\"twitter:data1\" content=\"3\u00a0Minuten\" \/>\n<script type=\"application\/ld+json\" class=\"yoast-schema-graph\">{\"@context\":\"https:\/\/schema.org\",\"@graph\":[{\"@type\":\"WebPage\",\"@id\":\"https:\/\/frontaliers-grandest.eu\/de\/startseite\/grenzganger\/deutschland-frankreich\/sozialversicherung\/arbeitsunfalle-und-berufskrankheiten\/welche-risiken-werden-durch-die-unfallversicherung-abgedeckt\/\",\"url\":\"https:\/\/frontaliers-grandest.eu\/de\/startseite\/grenzganger\/deutschland-frankreich\/sozialversicherung\/arbeitsunfalle-und-berufskrankheiten\/welche-risiken-werden-durch-die-unfallversicherung-abgedeckt\/\",\"name\":\"Welche Risiken werden durch die Unfallversicherung abgedeckt? - Frontaliers Grand Est\",\"isPartOf\":{\"@id\":\"https:\/\/frontaliers-grandest.eu\/de\/#website\"},\"datePublished\":\"2021-06-08T13:33:19+00:00\",\"dateModified\":\"2026-01-22T13:22:15+00:00\",\"description\":\"Entdecken Sie auf dieser Seite die von der Unfallversicherung in Frankreich gedeckten Risiken.\",\"breadcrumb\":{\"@id\":\"https:\/\/frontaliers-grandest.eu\/de\/startseite\/grenzganger\/deutschland-frankreich\/sozialversicherung\/arbeitsunfalle-und-berufskrankheiten\/welche-risiken-werden-durch-die-unfallversicherung-abgedeckt\/#breadcrumb\"},\"inLanguage\":\"de\",\"potentialAction\":[{\"@type\":\"ReadAction\",\"target\":[\"https:\/\/frontaliers-grandest.eu\/de\/startseite\/grenzganger\/deutschland-frankreich\/sozialversicherung\/arbeitsunfalle-und-berufskrankheiten\/welche-risiken-werden-durch-die-unfallversicherung-abgedeckt\/\"]}]},{\"@type\":\"BreadcrumbList\",\"@id\":\"https:\/\/frontaliers-grandest.eu\/de\/startseite\/grenzganger\/deutschland-frankreich\/sozialversicherung\/arbeitsunfalle-und-berufskrankheiten\/welche-risiken-werden-durch-die-unfallversicherung-abgedeckt\/#breadcrumb\",\"itemListElement\":[{\"@type\":\"ListItem\",\"position\":1,\"name\":\"Startseite\",\"item\":\"https:\/\/frontaliers-grandest.eu\/de\/\"},{\"@type\":\"ListItem\",\"position\":2,\"name\":\"Grenzg\u00e4nger\",\"item\":\"https:\/\/frontaliers-grandest.eu\/de\/startseite\/grenzganger\/\"},{\"@type\":\"ListItem\",\"position\":3,\"name\":\"Deutschland - Frankreich\",\"item\":\"https:\/\/frontaliers-grandest.eu\/de\/startseite\/grenzganger\/deutschland-frankreich\/\"},{\"@type\":\"ListItem\",\"position\":4,\"name\":\"Sozialversicherung in Frankreich\",\"item\":\"https:\/\/frontaliers-grandest.eu\/de\/startseite\/grenzganger\/deutschland-frankreich\/sozialversicherung\/\"},{\"@type\":\"ListItem\",\"position\":5,\"name\":\"Arbeitsunf\u00e4lle und Berufskrankheiten\",\"item\":\"https:\/\/frontaliers-grandest.eu\/de\/startseite\/grenzganger\/deutschland-frankreich\/sozialversicherung\/arbeitsunfalle-und-berufskrankheiten\/\"},{\"@type\":\"ListItem\",\"position\":6,\"name\":\"Welche Risiken werden durch die Unfallversicherung abgedeckt?\"}]},{\"@type\":\"WebSite\",\"@id\":\"https:\/\/frontaliers-grandest.eu\/de\/#website\",\"url\":\"https:\/\/frontaliers-grandest.eu\/de\/\",\"name\":\"Frontaliers Grand Est\",\"description\":\"Le site ressource du travail frontalier\",\"publisher\":{\"@id\":\"https:\/\/frontaliers-grandest.eu\/de\/#organization\"},\"alternateName\":\"Frontaliers Grand Est\",\"potentialAction\":[{\"@type\":\"SearchAction\",\"target\":{\"@type\":\"EntryPoint\",\"urlTemplate\":\"https:\/\/frontaliers-grandest.eu\/de\/?s={search_term_string}\"},\"query-input\":{\"@type\":\"PropertyValueSpecification\",\"valueRequired\":true,\"valueName\":\"search_term_string\"}}],\"inLanguage\":\"de\"},{\"@type\":\"Organization\",\"@id\":\"https:\/\/frontaliers-grandest.eu\/de\/#organization\",\"name\":\"Frontaliers Grand Est\",\"alternateName\":\"Frontaliers Grand Est\",\"url\":\"https:\/\/frontaliers-grandest.eu\/de\/\",\"logo\":{\"@type\":\"ImageObject\",\"inLanguage\":\"de\",\"@id\":\"https:\/\/frontaliers-grandest.eu\/de\/#\/schema\/logo\/image\/\",\"url\":\"https:\/\/frontaliers-grandest.eu\/wp-content\/uploads\/2025\/07\/260328234_2966785176920310_3332838526503858160_n.jpg\",\"contentUrl\":\"https:\/\/frontaliers-grandest.eu\/wp-content\/uploads\/2025\/07\/260328234_2966785176920310_3332838526503858160_n.jpg\",\"width\":396,\"height\":396,\"caption\":\"Frontaliers Grand Est\"},\"image\":{\"@id\":\"https:\/\/frontaliers-grandest.eu\/de\/#\/schema\/logo\/image\/\"},\"sameAs\":[\"https:\/\/www.facebook.com\/frontaliers.GR.EST\/?locale=fr_FR\"]}]}<\/script>\n<!-- \/ Yoast SEO plugin. -->","yoast_head_json":{"title":"Welche Risiken werden durch die Unfallversicherung abgedeckt? - Frontaliers Grand Est","description":"Entdecken Sie auf dieser Seite die von der Unfallversicherung in Frankreich gedeckten Risiken.","robots":{"index":"index","follow":"follow","max-snippet":"max-snippet:-1","max-image-preview":"max-image-preview:large","max-video-preview":"max-video-preview:-1"},"canonical":"https:\/\/frontaliers-grandest.eu\/de\/startseite\/grenzganger\/deutschland-frankreich\/sozialversicherung\/arbeitsunfalle-und-berufskrankheiten\/welche-risiken-werden-durch-die-unfallversicherung-abgedeckt\/","og_locale":"de_DE","og_type":"article","og_title":"Welche Risiken werden durch die Unfallversicherung abgedeckt? - Frontaliers Grand Est","og_description":"Entdecken Sie auf dieser Seite die von der Unfallversicherung in Frankreich gedeckten Risiken.","og_url":"https:\/\/frontaliers-grandest.eu\/de\/startseite\/grenzganger\/deutschland-frankreich\/sozialversicherung\/arbeitsunfalle-und-berufskrankheiten\/welche-risiken-werden-durch-die-unfallversicherung-abgedeckt\/","og_site_name":"Frontaliers Grand Est","article_publisher":"https:\/\/www.facebook.com\/frontaliers.GR.EST\/?locale=fr_FR","article_modified_time":"2026-01-22T13:22:15+00:00","twitter_card":"summary_large_image","twitter_misc":{"Gesch\u00e4tzte Lesezeit":"3\u00a0Minuten"},"schema":{"@context":"https:\/\/schema.org","@graph":[{"@type":"WebPage","@id":"https:\/\/frontaliers-grandest.eu\/de\/startseite\/grenzganger\/deutschland-frankreich\/sozialversicherung\/arbeitsunfalle-und-berufskrankheiten\/welche-risiken-werden-durch-die-unfallversicherung-abgedeckt\/","url":"https:\/\/frontaliers-grandest.eu\/de\/startseite\/grenzganger\/deutschland-frankreich\/sozialversicherung\/arbeitsunfalle-und-berufskrankheiten\/welche-risiken-werden-durch-die-unfallversicherung-abgedeckt\/","name":"Welche Risiken werden durch die Unfallversicherung abgedeckt? - Frontaliers Grand Est","isPartOf":{"@id":"https:\/\/frontaliers-grandest.eu\/de\/#website"},"datePublished":"2021-06-08T13:33:19+00:00","dateModified":"2026-01-22T13:22:15+00:00","description":"Entdecken Sie auf dieser Seite die von der Unfallversicherung in Frankreich gedeckten Risiken.","breadcrumb":{"@id":"https:\/\/frontaliers-grandest.eu\/de\/startseite\/grenzganger\/deutschland-frankreich\/sozialversicherung\/arbeitsunfalle-und-berufskrankheiten\/welche-risiken-werden-durch-die-unfallversicherung-abgedeckt\/#breadcrumb"},"inLanguage":"de","potentialAction":[{"@type":"ReadAction","target":["https:\/\/frontaliers-grandest.eu\/de\/startseite\/grenzganger\/deutschland-frankreich\/sozialversicherung\/arbeitsunfalle-und-berufskrankheiten\/welche-risiken-werden-durch-die-unfallversicherung-abgedeckt\/"]}]},{"@type":"BreadcrumbList","@id":"https:\/\/frontaliers-grandest.eu\/de\/startseite\/grenzganger\/deutschland-frankreich\/sozialversicherung\/arbeitsunfalle-und-berufskrankheiten\/welche-risiken-werden-durch-die-unfallversicherung-abgedeckt\/#breadcrumb","itemListElement":[{"@type":"ListItem","position":1,"name":"Startseite","item":"https:\/\/frontaliers-grandest.eu\/de\/"},{"@type":"ListItem","position":2,"name":"Grenzg\u00e4nger","item":"https:\/\/frontaliers-grandest.eu\/de\/startseite\/grenzganger\/"},{"@type":"ListItem","position":3,"name":"Deutschland - Frankreich","item":"https:\/\/frontaliers-grandest.eu\/de\/startseite\/grenzganger\/deutschland-frankreich\/"},{"@type":"ListItem","position":4,"name":"Sozialversicherung in Frankreich","item":"https:\/\/frontaliers-grandest.eu\/de\/startseite\/grenzganger\/deutschland-frankreich\/sozialversicherung\/"},{"@type":"ListItem","position":5,"name":"Arbeitsunf\u00e4lle und Berufskrankheiten","item":"https:\/\/frontaliers-grandest.eu\/de\/startseite\/grenzganger\/deutschland-frankreich\/sozialversicherung\/arbeitsunfalle-und-berufskrankheiten\/"},{"@type":"ListItem","position":6,"name":"Welche Risiken werden durch die Unfallversicherung abgedeckt?"}]},{"@type":"WebSite","@id":"https:\/\/frontaliers-grandest.eu\/de\/#website","url":"https:\/\/frontaliers-grandest.eu\/de\/","name":"Frontaliers Grand Est","description":"Le site ressource du travail frontalier","publisher":{"@id":"https:\/\/frontaliers-grandest.eu\/de\/#organization"},"alternateName":"Frontaliers Grand Est","potentialAction":[{"@type":"SearchAction","target":{"@type":"EntryPoint","urlTemplate":"https:\/\/frontaliers-grandest.eu\/de\/?s={search_term_string}"},"query-input":{"@type":"PropertyValueSpecification","valueRequired":true,"valueName":"search_term_string"}}],"inLanguage":"de"},{"@type":"Organization","@id":"https:\/\/frontaliers-grandest.eu\/de\/#organization","name":"Frontaliers Grand Est","alternateName":"Frontaliers Grand Est","url":"https:\/\/frontaliers-grandest.eu\/de\/","logo":{"@type":"ImageObject","inLanguage":"de","@id":"https:\/\/frontaliers-grandest.eu\/de\/#\/schema\/logo\/image\/","url":"https:\/\/frontaliers-grandest.eu\/wp-content\/uploads\/2025\/07\/260328234_2966785176920310_3332838526503858160_n.jpg","contentUrl":"https:\/\/frontaliers-grandest.eu\/wp-content\/uploads\/2025\/07\/260328234_2966785176920310_3332838526503858160_n.jpg","width":396,"height":396,"caption":"Frontaliers Grand Est"},"image":{"@id":"https:\/\/frontaliers-grandest.eu\/de\/#\/schema\/logo\/image\/"},"sameAs":["https:\/\/www.facebook.com\/frontaliers.GR.EST\/?locale=fr_FR"]}]}},"frge_page_order":"0","_links":{"self":[{"href":"https:\/\/frontaliers-grandest.eu\/de\/wp-json\/wp\/v2\/pages\/8402","targetHints":{"allow":["GET"]}}],"collection":[{"href":"https:\/\/frontaliers-grandest.eu\/de\/wp-json\/wp\/v2\/pages"}],"about":[{"href":"https:\/\/frontaliers-grandest.eu\/de\/wp-json\/wp\/v2\/types\/page"}],"author":[{"embeddable":true,"href":"https:\/\/frontaliers-grandest.eu\/de\/wp-json\/wp\/v2\/users\/7"}],"replies":[{"embeddable":true,"href":"https:\/\/frontaliers-grandest.eu\/de\/wp-json\/wp\/v2\/comments?post=8402"}],"version-history":[{"count":2,"href":"https:\/\/frontaliers-grandest.eu\/de\/wp-json\/wp\/v2\/pages\/8402\/revisions"}],"predecessor-version":[{"id":56776,"href":"https:\/\/frontaliers-grandest.eu\/de\/wp-json\/wp\/v2\/pages\/8402\/revisions\/56776"}],"up":[{"embeddable":true,"href":"https:\/\/frontaliers-grandest.eu\/de\/wp-json\/wp\/v2\/pages\/8354"}],"wp:attachment":[{"href":"https:\/\/frontaliers-grandest.eu\/de\/wp-json\/wp\/v2\/media?parent=8402"}],"wp:term":[{"taxonomy":"post_tag","embeddable":true,"href":"https:\/\/frontaliers-grandest.eu\/de\/wp-json\/wp\/v2\/tags?post=8402"},{"taxonomy":"frge_profile","embeddable":true,"href":"https:\/\/frontaliers-grandest.eu\/de\/wp-json\/wp\/v2\/frge_profile?post=8402"}],"curies":[{"name":"wp","href":"https:\/\/api.w.org\/{rel}","templated":true}]}}