{"id":8397,"date":"2021-06-08T15:20:04","date_gmt":"2021-06-08T13:20:04","guid":{"rendered":"https:\/\/frontaliers-grandest.eu\/?page_id=8397"},"modified":"2026-01-22T10:51:19","modified_gmt":"2026-01-22T09:51:19","slug":"leistungen-bei-kurzarbeit-oder-vorubergehendem-arbeitsausfall","status":"publish","type":"page","link":"https:\/\/frontaliers-grandest.eu\/de\/startseite\/grenzganger\/deutschland-frankreich\/sozialversicherung\/die-arbeitslosenversicherung\/leistungen-bei-kurzarbeit-oder-vorubergehendem-arbeitsausfall\/","title":{"rendered":"Leistungen bei Kurzarbeit oder vor\u00fcbergehendem Arbeitsausfall"},"content":{"rendered":"\n<div class=\"wp-block-frontaliers-grandest-plugin-frge-accordion-block\"><div class=\"accordion-top\"><h4 class=\"accordion-title\">Definition der Kurzarbeit<\/h4><svg viewBox=\"0 0 24 24\" stroke-width=\"1.5\" fill=\"none\" xmlns=\"http:\/\/www.w3.org\/2000\/svg\" class=\"accordion-top__icon\"><path d=\"M3 12L21 12M21 12L12.5 3.5M21 12L12.5 20.5\" stroke-width=\"1.5\" stroke-linecap=\"round\" stroke-linejoin=\"round\"><\/path><\/svg><\/div><div class=\"accordion-content\">\n<p>Auf die Bestimmung von Kurzarbeit geht das Urteil U3 vom 12 Juni 2009 durch die Verwaltungskommission f\u00fcr die Koordinierung der Systeme der sozialen Sicherheit genauer ein:<\/p>\n\n\n\n<p><em>\u201dEine Person, die in einem anderen Mitgliedstaat als demjenigen, in dessen Gebiet sie wohnt, weiter bei einem Unternehmen besch\u00e4ftigt ist und die vor\u00fcbergehend nicht arbeitet, die jedoch jederzeit an ihren Arbeitsplatz zur\u00fcckkehren kann, ist als Kurzarbeiter anzusehen\u2026\u201d&nbsp;<\/em>Entscheidung U2 JOUE n\u00b0 C106 vom 24. April &nbsp;2010.<\/p>\n<\/div><\/div>\n\n\n\n<div class=\"wp-block-frontaliers-grandest-plugin-frge-accordion-block\"><div class=\"accordion-top\"><h4 class=\"accordion-title\"><strong>Voraussetzungen von Kurzarbeit<\/strong><\/h4><svg viewBox=\"0 0 24 24\" stroke-width=\"1.5\" fill=\"none\" xmlns=\"http:\/\/www.w3.org\/2000\/svg\" class=\"accordion-top__icon\"><path d=\"M3 12L21 12M21 12L12.5 3.5M21 12L12.5 20.5\" stroke-width=\"1.5\" stroke-linecap=\"round\" stroke-linejoin=\"round\"><\/path><\/svg><\/div><div class=\"accordion-content\">\n<p>Die Inanspruchnahme der Teilt\u00e4tigkeit durch den Arbeitgeber f\u00fcr alle oder einen Teil der Arbeitnehmer, wenn das Unternehmen gezwungen ist, seine T\u00e4tigkeit vor\u00fcbergehend zu reduzieren oder auszusetzen, ist nur aus einem der folgenden Gr\u00fcnde m\u00f6glich:<\/p>\n\n\n\n<ul class=\"wp-block-list\">\n<li>ung\u00fcnstige Wirtschaftsbedingungen (z. B. sinkende Auftr\u00e4ge),<\/li>\n\n\n\n<li>Schwierigkeiten bei der Versorgung mit Rohstoffen oder Energie,<\/li>\n\n\n\n<li>ein Schadensfall (oder Unwetter) oder andere au\u00dfergew\u00f6hnliche Umst\u00e4nde, die zur Unterbrechung oder Verringerung der T\u00e4tigkeit gef\u00fchrt haben (z. B. Verlust des Hauptkunden),<\/li>\n\n\n\n<li>die Umwandlung, Umstrukturierung oder Modernisierung des Unternehmens,<\/li>\n\n\n\n<li>bei au\u00dfergew\u00f6hnlichen Umst\u00e4nden.<\/li>\n<\/ul>\n\n\n\n<div class=\"wp-block-frontaliers-grandest-plugin-simple-infos-block\"><div class=\"simple-infos-container\" style=\"background-image:url(https:\/\/frontaliers-grandest.eu\/wp-content\/plugins\/frontaliers-grandest-plugin\/build\/simple-infos-block\/..\/images\/simple-infos-background.26777861.png);background-size:cover\"><div class=\"simple-infos-container__content\"><p class=\"simple-infos-container__content__text\"><strong>In diesem Fall erhalten Sie die daf\u00fcr in Frankreich vorgesehenen Leistungen.<\/strong><\/p><\/div><\/div><\/div>\n\n\n\n<p>Teilarbeitslosigkeit kann in der vor\u00fcbergehenden Schlie\u00dfung aller oder eines Teils des Betriebes oder in einer Verk\u00fcrzung der Arbeitszeit unterhalb der gesetzlichen Arbeitszeit bestehen, die zu einem Lohnausfall f\u00fchrt.<\/p>\n\n\n\n<p>Der Arbeitnehmer ist nicht berechtigt, eine solche Ma\u00dfnahme abzulehnen. Der Arbeitsvertrag wird in den Zeitr\u00e4umen, in denen der Arbeitnehmer nicht erwerbst\u00e4tig ist, ausgesetzt.<\/p>\n<\/div><\/div>\n\n\n\n<div class=\"wp-block-frontaliers-grandest-plugin-frge-accordion-block\"><div class=\"accordion-top\"><h4 class=\"accordion-title\"><strong>Verg\u00fctung<\/strong><\/h4><svg viewBox=\"0 0 24 24\" stroke-width=\"1.5\" fill=\"none\" xmlns=\"http:\/\/www.w3.org\/2000\/svg\" class=\"accordion-top__icon\"><path d=\"M3 12L21 12M21 12L12.5 3.5M21 12L12.5 20.5\" stroke-width=\"1.5\" stroke-linecap=\"round\" stroke-linejoin=\"round\"><\/path><\/svg><\/div><div class=\"accordion-content\">\n<p>W\u00e4hrend der nicht geleisteten Arbeitszeiten erh\u00e4lt der Arbeitnehmer eine Zulage in H\u00f6he von mindestens 60% seines fr\u00fcheren Bruttolohns, die auf maximal 60% des SMIC-Satzes von 4,5 begrenzt ist. Der Arbeitgeber kann jedoch beschlie\u00dfen, den Entsch\u00e4digungssatz zu erh\u00f6hen.<\/p>\n\n\n\n<p>Der Arbeitnehmer kann auch w\u00e4hrend dieser verk\u00fcrzten Besch\u00e4ftigungszeit eine Ausbildung absolvieren, in diesem Fall wird die Entsch\u00e4digung auf 100 % des Nettogehalts angehoben.<\/p>\n\n\n\n<p>Wenn der Arbeitnehmer eine monatliche Verg\u00fctung (Lohn und kumulierte Teilerwerbst\u00e4tigkeit) erh\u00e4lt, die unter dem SMIC liegt, muss der Arbeitgeber ihm eine zus\u00e4tzliche Beihilfe zahlen, damit er am Ende das \u00c4quivalent des SMIC erhalten kann.<br>Diese monatliche Mindestverg\u00fctung gilt nur f\u00fcr vollzeitbesch\u00e4ftigte Arbeitnehmer.<\/p>\n\n\n\n<p>Die Teilerwerbsbeihilfe ist von den Sozialbeitr\u00e4gen befreit. Sie unterliegt hingegen der CSG und der CRDS auf Ersatzeinkommen sowie der Einkommensteuer.<\/p>\n<\/div><\/div>\n","protected":false},"excerpt":{"rendered":"","protected":false},"author":7,"featured_media":0,"parent":8352,"menu_order":1,"comment_status":"closed","ping_status":"closed","template":"","meta":{"inline_featured_image":false,"footnotes":""},"tags":[461,840,839,448,517],"frge_profile":[225,233],"class_list":["post-8397","page","type-page","status-publish","hentry","tag-arbeitnehmer","tag-arbeitslosenversicherung","tag-arbeitsuchende","tag-frankreich","tag-grengaenger","frge_profile-arbeitnehmer","frge_profile-arbeitsuchende"],"yoast_head":"<!-- This site is optimized with the Yoast SEO plugin v27.1.1 - https:\/\/yoast.com\/product\/yoast-seo-wordpress\/ -->\n<title>Leistungen bei Kurzarbeit oder vor\u00fcbergehendem Arbeitsausfall - Frontaliers Grand Est<\/title>\n<meta name=\"description\" content=\"Entdecken Sie auf dieser Seite die Leistungen bei Arbeitslosigkeit in Frankreich\" \/>\n<meta name=\"robots\" content=\"index, follow, max-snippet:-1, max-image-preview:large, max-video-preview:-1\" \/>\n<link rel=\"canonical\" href=\"https:\/\/frontaliers-grandest.eu\/de\/startseite\/grenzganger\/deutschland-frankreich\/sozialversicherung\/die-arbeitslosenversicherung\/leistungen-bei-kurzarbeit-oder-vorubergehendem-arbeitsausfall\/\" \/>\n<meta property=\"og:locale\" content=\"de_DE\" \/>\n<meta property=\"og:type\" content=\"article\" \/>\n<meta property=\"og:title\" content=\"Leistungen bei Kurzarbeit oder vor\u00fcbergehendem Arbeitsausfall - Frontaliers Grand Est\" \/>\n<meta property=\"og:description\" content=\"Entdecken Sie auf dieser Seite die Leistungen bei Arbeitslosigkeit in Frankreich\" \/>\n<meta property=\"og:url\" content=\"https:\/\/frontaliers-grandest.eu\/de\/startseite\/grenzganger\/deutschland-frankreich\/sozialversicherung\/die-arbeitslosenversicherung\/leistungen-bei-kurzarbeit-oder-vorubergehendem-arbeitsausfall\/\" \/>\n<meta property=\"og:site_name\" content=\"Frontaliers Grand Est\" \/>\n<meta property=\"article:publisher\" content=\"https:\/\/www.facebook.com\/frontaliers.GR.EST\/?locale=fr_FR\" \/>\n<meta property=\"article:modified_time\" content=\"2026-01-22T09:51:19+00:00\" \/>\n<meta name=\"twitter:card\" content=\"summary_large_image\" \/>\n<meta name=\"twitter:label1\" content=\"Gesch\u00e4tzte Lesezeit\" \/>\n\t<meta name=\"twitter:data1\" content=\"2\u00a0Minuten\" \/>\n<script type=\"application\/ld+json\" class=\"yoast-schema-graph\">{\"@context\":\"https:\/\/schema.org\",\"@graph\":[{\"@type\":\"WebPage\",\"@id\":\"https:\/\/frontaliers-grandest.eu\/de\/startseite\/grenzganger\/deutschland-frankreich\/sozialversicherung\/die-arbeitslosenversicherung\/leistungen-bei-kurzarbeit-oder-vorubergehendem-arbeitsausfall\/\",\"url\":\"https:\/\/frontaliers-grandest.eu\/de\/startseite\/grenzganger\/deutschland-frankreich\/sozialversicherung\/die-arbeitslosenversicherung\/leistungen-bei-kurzarbeit-oder-vorubergehendem-arbeitsausfall\/\",\"name\":\"Leistungen bei Kurzarbeit oder vor\u00fcbergehendem Arbeitsausfall - Frontaliers Grand Est\",\"isPartOf\":{\"@id\":\"https:\/\/frontaliers-grandest.eu\/de\/#website\"},\"datePublished\":\"2021-06-08T13:20:04+00:00\",\"dateModified\":\"2026-01-22T09:51:19+00:00\",\"description\":\"Entdecken Sie auf dieser Seite die Leistungen bei Arbeitslosigkeit in Frankreich\",\"breadcrumb\":{\"@id\":\"https:\/\/frontaliers-grandest.eu\/de\/startseite\/grenzganger\/deutschland-frankreich\/sozialversicherung\/die-arbeitslosenversicherung\/leistungen-bei-kurzarbeit-oder-vorubergehendem-arbeitsausfall\/#breadcrumb\"},\"inLanguage\":\"de\",\"potentialAction\":[{\"@type\":\"ReadAction\",\"target\":[\"https:\/\/frontaliers-grandest.eu\/de\/startseite\/grenzganger\/deutschland-frankreich\/sozialversicherung\/die-arbeitslosenversicherung\/leistungen-bei-kurzarbeit-oder-vorubergehendem-arbeitsausfall\/\"]}]},{\"@type\":\"BreadcrumbList\",\"@id\":\"https:\/\/frontaliers-grandest.eu\/de\/startseite\/grenzganger\/deutschland-frankreich\/sozialversicherung\/die-arbeitslosenversicherung\/leistungen-bei-kurzarbeit-oder-vorubergehendem-arbeitsausfall\/#breadcrumb\",\"itemListElement\":[{\"@type\":\"ListItem\",\"position\":1,\"name\":\"Startseite\",\"item\":\"https:\/\/frontaliers-grandest.eu\/de\/\"},{\"@type\":\"ListItem\",\"position\":2,\"name\":\"Grenzg\u00e4nger\",\"item\":\"https:\/\/frontaliers-grandest.eu\/de\/startseite\/grenzganger\/\"},{\"@type\":\"ListItem\",\"position\":3,\"name\":\"Deutschland - Frankreich\",\"item\":\"https:\/\/frontaliers-grandest.eu\/de\/startseite\/grenzganger\/deutschland-frankreich\/\"},{\"@type\":\"ListItem\",\"position\":4,\"name\":\"Sozialversicherung in Frankreich\",\"item\":\"https:\/\/frontaliers-grandest.eu\/de\/startseite\/grenzganger\/deutschland-frankreich\/sozialversicherung\/\"},{\"@type\":\"ListItem\",\"position\":5,\"name\":\"Die Arbeitslosenversicherung\",\"item\":\"https:\/\/frontaliers-grandest.eu\/de\/startseite\/grenzganger\/deutschland-frankreich\/sozialversicherung\/die-arbeitslosenversicherung\/\"},{\"@type\":\"ListItem\",\"position\":6,\"name\":\"Leistungen bei Kurzarbeit oder vor\u00fcbergehendem Arbeitsausfall\"}]},{\"@type\":\"WebSite\",\"@id\":\"https:\/\/frontaliers-grandest.eu\/de\/#website\",\"url\":\"https:\/\/frontaliers-grandest.eu\/de\/\",\"name\":\"Frontaliers Grand Est\",\"description\":\"Le site ressource du travail frontalier\",\"publisher\":{\"@id\":\"https:\/\/frontaliers-grandest.eu\/de\/#organization\"},\"alternateName\":\"Frontaliers Grand Est\",\"potentialAction\":[{\"@type\":\"SearchAction\",\"target\":{\"@type\":\"EntryPoint\",\"urlTemplate\":\"https:\/\/frontaliers-grandest.eu\/de\/?s={search_term_string}\"},\"query-input\":{\"@type\":\"PropertyValueSpecification\",\"valueRequired\":true,\"valueName\":\"search_term_string\"}}],\"inLanguage\":\"de\"},{\"@type\":\"Organization\",\"@id\":\"https:\/\/frontaliers-grandest.eu\/de\/#organization\",\"name\":\"Frontaliers Grand Est\",\"alternateName\":\"Frontaliers Grand Est\",\"url\":\"https:\/\/frontaliers-grandest.eu\/de\/\",\"logo\":{\"@type\":\"ImageObject\",\"inLanguage\":\"de\",\"@id\":\"https:\/\/frontaliers-grandest.eu\/de\/#\/schema\/logo\/image\/\",\"url\":\"https:\/\/frontaliers-grandest.eu\/wp-content\/uploads\/2025\/07\/260328234_2966785176920310_3332838526503858160_n.jpg\",\"contentUrl\":\"https:\/\/frontaliers-grandest.eu\/wp-content\/uploads\/2025\/07\/260328234_2966785176920310_3332838526503858160_n.jpg\",\"width\":396,\"height\":396,\"caption\":\"Frontaliers Grand Est\"},\"image\":{\"@id\":\"https:\/\/frontaliers-grandest.eu\/de\/#\/schema\/logo\/image\/\"},\"sameAs\":[\"https:\/\/www.facebook.com\/frontaliers.GR.EST\/?locale=fr_FR\"]}]}<\/script>\n<!-- \/ Yoast SEO plugin. -->","yoast_head_json":{"title":"Leistungen bei Kurzarbeit oder vor\u00fcbergehendem Arbeitsausfall - Frontaliers Grand Est","description":"Entdecken Sie auf dieser Seite die Leistungen bei Arbeitslosigkeit in Frankreich","robots":{"index":"index","follow":"follow","max-snippet":"max-snippet:-1","max-image-preview":"max-image-preview:large","max-video-preview":"max-video-preview:-1"},"canonical":"https:\/\/frontaliers-grandest.eu\/de\/startseite\/grenzganger\/deutschland-frankreich\/sozialversicherung\/die-arbeitslosenversicherung\/leistungen-bei-kurzarbeit-oder-vorubergehendem-arbeitsausfall\/","og_locale":"de_DE","og_type":"article","og_title":"Leistungen bei Kurzarbeit oder vor\u00fcbergehendem Arbeitsausfall - Frontaliers Grand Est","og_description":"Entdecken Sie auf dieser Seite die Leistungen bei Arbeitslosigkeit in Frankreich","og_url":"https:\/\/frontaliers-grandest.eu\/de\/startseite\/grenzganger\/deutschland-frankreich\/sozialversicherung\/die-arbeitslosenversicherung\/leistungen-bei-kurzarbeit-oder-vorubergehendem-arbeitsausfall\/","og_site_name":"Frontaliers Grand Est","article_publisher":"https:\/\/www.facebook.com\/frontaliers.GR.EST\/?locale=fr_FR","article_modified_time":"2026-01-22T09:51:19+00:00","twitter_card":"summary_large_image","twitter_misc":{"Gesch\u00e4tzte Lesezeit":"2\u00a0Minuten"},"schema":{"@context":"https:\/\/schema.org","@graph":[{"@type":"WebPage","@id":"https:\/\/frontaliers-grandest.eu\/de\/startseite\/grenzganger\/deutschland-frankreich\/sozialversicherung\/die-arbeitslosenversicherung\/leistungen-bei-kurzarbeit-oder-vorubergehendem-arbeitsausfall\/","url":"https:\/\/frontaliers-grandest.eu\/de\/startseite\/grenzganger\/deutschland-frankreich\/sozialversicherung\/die-arbeitslosenversicherung\/leistungen-bei-kurzarbeit-oder-vorubergehendem-arbeitsausfall\/","name":"Leistungen bei Kurzarbeit oder vor\u00fcbergehendem Arbeitsausfall - Frontaliers Grand Est","isPartOf":{"@id":"https:\/\/frontaliers-grandest.eu\/de\/#website"},"datePublished":"2021-06-08T13:20:04+00:00","dateModified":"2026-01-22T09:51:19+00:00","description":"Entdecken Sie auf dieser Seite die Leistungen bei Arbeitslosigkeit in Frankreich","breadcrumb":{"@id":"https:\/\/frontaliers-grandest.eu\/de\/startseite\/grenzganger\/deutschland-frankreich\/sozialversicherung\/die-arbeitslosenversicherung\/leistungen-bei-kurzarbeit-oder-vorubergehendem-arbeitsausfall\/#breadcrumb"},"inLanguage":"de","potentialAction":[{"@type":"ReadAction","target":["https:\/\/frontaliers-grandest.eu\/de\/startseite\/grenzganger\/deutschland-frankreich\/sozialversicherung\/die-arbeitslosenversicherung\/leistungen-bei-kurzarbeit-oder-vorubergehendem-arbeitsausfall\/"]}]},{"@type":"BreadcrumbList","@id":"https:\/\/frontaliers-grandest.eu\/de\/startseite\/grenzganger\/deutschland-frankreich\/sozialversicherung\/die-arbeitslosenversicherung\/leistungen-bei-kurzarbeit-oder-vorubergehendem-arbeitsausfall\/#breadcrumb","itemListElement":[{"@type":"ListItem","position":1,"name":"Startseite","item":"https:\/\/frontaliers-grandest.eu\/de\/"},{"@type":"ListItem","position":2,"name":"Grenzg\u00e4nger","item":"https:\/\/frontaliers-grandest.eu\/de\/startseite\/grenzganger\/"},{"@type":"ListItem","position":3,"name":"Deutschland - Frankreich","item":"https:\/\/frontaliers-grandest.eu\/de\/startseite\/grenzganger\/deutschland-frankreich\/"},{"@type":"ListItem","position":4,"name":"Sozialversicherung in Frankreich","item":"https:\/\/frontaliers-grandest.eu\/de\/startseite\/grenzganger\/deutschland-frankreich\/sozialversicherung\/"},{"@type":"ListItem","position":5,"name":"Die Arbeitslosenversicherung","item":"https:\/\/frontaliers-grandest.eu\/de\/startseite\/grenzganger\/deutschland-frankreich\/sozialversicherung\/die-arbeitslosenversicherung\/"},{"@type":"ListItem","position":6,"name":"Leistungen bei Kurzarbeit oder vor\u00fcbergehendem Arbeitsausfall"}]},{"@type":"WebSite","@id":"https:\/\/frontaliers-grandest.eu\/de\/#website","url":"https:\/\/frontaliers-grandest.eu\/de\/","name":"Frontaliers Grand Est","description":"Le site ressource du travail frontalier","publisher":{"@id":"https:\/\/frontaliers-grandest.eu\/de\/#organization"},"alternateName":"Frontaliers Grand Est","potentialAction":[{"@type":"SearchAction","target":{"@type":"EntryPoint","urlTemplate":"https:\/\/frontaliers-grandest.eu\/de\/?s={search_term_string}"},"query-input":{"@type":"PropertyValueSpecification","valueRequired":true,"valueName":"search_term_string"}}],"inLanguage":"de"},{"@type":"Organization","@id":"https:\/\/frontaliers-grandest.eu\/de\/#organization","name":"Frontaliers Grand Est","alternateName":"Frontaliers Grand Est","url":"https:\/\/frontaliers-grandest.eu\/de\/","logo":{"@type":"ImageObject","inLanguage":"de","@id":"https:\/\/frontaliers-grandest.eu\/de\/#\/schema\/logo\/image\/","url":"https:\/\/frontaliers-grandest.eu\/wp-content\/uploads\/2025\/07\/260328234_2966785176920310_3332838526503858160_n.jpg","contentUrl":"https:\/\/frontaliers-grandest.eu\/wp-content\/uploads\/2025\/07\/260328234_2966785176920310_3332838526503858160_n.jpg","width":396,"height":396,"caption":"Frontaliers Grand Est"},"image":{"@id":"https:\/\/frontaliers-grandest.eu\/de\/#\/schema\/logo\/image\/"},"sameAs":["https:\/\/www.facebook.com\/frontaliers.GR.EST\/?locale=fr_FR"]}]}},"frge_page_order":"0","_links":{"self":[{"href":"https:\/\/frontaliers-grandest.eu\/de\/wp-json\/wp\/v2\/pages\/8397","targetHints":{"allow":["GET"]}}],"collection":[{"href":"https:\/\/frontaliers-grandest.eu\/de\/wp-json\/wp\/v2\/pages"}],"about":[{"href":"https:\/\/frontaliers-grandest.eu\/de\/wp-json\/wp\/v2\/types\/page"}],"author":[{"embeddable":true,"href":"https:\/\/frontaliers-grandest.eu\/de\/wp-json\/wp\/v2\/users\/7"}],"replies":[{"embeddable":true,"href":"https:\/\/frontaliers-grandest.eu\/de\/wp-json\/wp\/v2\/comments?post=8397"}],"version-history":[{"count":3,"href":"https:\/\/frontaliers-grandest.eu\/de\/wp-json\/wp\/v2\/pages\/8397\/revisions"}],"predecessor-version":[{"id":56739,"href":"https:\/\/frontaliers-grandest.eu\/de\/wp-json\/wp\/v2\/pages\/8397\/revisions\/56739"}],"up":[{"embeddable":true,"href":"https:\/\/frontaliers-grandest.eu\/de\/wp-json\/wp\/v2\/pages\/8352"}],"wp:attachment":[{"href":"https:\/\/frontaliers-grandest.eu\/de\/wp-json\/wp\/v2\/media?parent=8397"}],"wp:term":[{"taxonomy":"post_tag","embeddable":true,"href":"https:\/\/frontaliers-grandest.eu\/de\/wp-json\/wp\/v2\/tags?post=8397"},{"taxonomy":"frge_profile","embeddable":true,"href":"https:\/\/frontaliers-grandest.eu\/de\/wp-json\/wp\/v2\/frge_profile?post=8397"}],"curies":[{"name":"wp","href":"https:\/\/api.w.org\/{rel}","templated":true}]}}