{"id":8395,"date":"2026-01-22T09:43:35","date_gmt":"2026-01-22T08:43:35","guid":{"rendered":"https:\/\/frontaliers-grandest.eu\/?page_id=8395"},"modified":"2026-01-22T09:43:37","modified_gmt":"2026-01-22T08:43:37","slug":"die-arbeitslosenversicherung-bei-vollarbeitslosigkeit","status":"publish","type":"page","link":"https:\/\/frontaliers-grandest.eu\/de\/startseite\/grenzganger\/deutschland-frankreich\/sozialversicherung\/die-arbeitslosenversicherung\/die-arbeitslosenversicherung-bei-vollarbeitslosigkeit\/","title":{"rendered":"Die Arbeitslosenversicherung bei Vollarbeitslosigkeit"},"content":{"rendered":"\n<p>Arbeitslos ist ein Arbeitnehmer, der nicht in einem Besch\u00e4ftigungsverh\u00e4ltnis steht (Besch\u00e4ftigungslosigkeit), sich bem\u00fcht, seine Besch\u00e4ftigungslosigkeit zu beenden (Eigenbem\u00fchungen) und den Vermittlungsbem\u00fchungen der Agentur f\u00fcr Arbeit zur Verf\u00fcgung steht (Verf\u00fcgbarkeit).<br><strong>In diesem Fall haben Sie Anspruch auf Arbeitslosengeld in&nbsp;Deutschland.&nbsp;<\/strong><\/p>\n\n\n\n<div class=\"wp-block-frontaliers-grandest-plugin-frge-accordion-block\"><div class=\"accordion-top\"><h4 class=\"accordion-title\">Welche Voraussetzungen bestehen f\u00fcr die Gew\u00e4hrung von Arbeitslosengeld ?<\/h4><svg viewBox=\"0 0 24 24\" stroke-width=\"1.5\" fill=\"none\" xmlns=\"http:\/\/www.w3.org\/2000\/svg\" class=\"accordion-top__icon\"><path d=\"M3 12L21 12M21 12L12.5 3.5M21 12L12.5 20.5\" stroke-width=\"1.5\" stroke-linecap=\"round\" stroke-linejoin=\"round\"><\/path><\/svg><\/div><div class=\"accordion-content\">\n<p>Um Arbeitslosengeld in Deutschland beziehen zu k\u00f6nnen, m\u00fcssen Sie :<\/p>\n\n\n\n<ul class=\"wp-block-list\">\n<li>das Rentenalter noch&nbsp; nicht erreicht haben,<\/li>\n\n\n\n<li>als Arbeitsuchender bei der zust\u00e4ndigen Agentur f\u00fcr Arbeit gemeldet sein UND aktiv eine neue Arbeit suchen,<\/li>\n\n\n\n<li>auf dem Arbeitsmarkt verf\u00fcgbar sein und in der Lage sein, eine Besch\u00e4ftigung aufzunehmen,<\/li>\n\n\n\n<li>Mindestens 12 Monate Mitgliedschaft in den 30 Monaten vor der Anmeldung bei der Agentur f\u00fcr Arbeit nachweisen.<\/li>\n<\/ul>\n<\/div><\/div>\n\n\n\n<div class=\"wp-block-frontaliers-grandest-plugin-frge-accordion-block\"><div class=\"accordion-top\"><h4 class=\"accordion-title\">Welche Formalit\u00e4ten sind f\u00fcr den Bezug von Arbeitslosengeld zu erf\u00fcllen?<\/h4><svg viewBox=\"0 0 24 24\" stroke-width=\"1.5\" fill=\"none\" xmlns=\"http:\/\/www.w3.org\/2000\/svg\" class=\"accordion-top__icon\"><path d=\"M3 12L21 12M21 12L12.5 3.5M21 12L12.5 20.5\" stroke-width=\"1.5\" stroke-linecap=\"round\" stroke-linejoin=\"round\"><\/path><\/svg><\/div><div class=\"accordion-content\">\n<p>Als Erstes&nbsp;<strong>m\u00fcssen Sie sich als Arbeitsuchender&nbsp;<\/strong>in Deutschland bei der Agentur f\u00fcr Arbeit melden! Diese Meldung muss&nbsp;<strong>unverz\u00fcglich erfolgen, andernfalls werden Ihre Leistungen f\u00fcr jeden Tag Versp\u00e4tung gek\u00fcrzt<\/strong>!<\/p>\n\n\n\n<p><\/p>\n\n\n\n<p>Meldepflicht : <\/p>\n\n\n\n<ul class=\"wp-block-list\">\n<li>Meldepflicht innerhalb&nbsp;<strong>der ersten 3 Tage nach Zugang der K\u00fcndigung,<\/strong><\/li>\n\n\n\n<li>Meldepflicht&nbsp;<strong>sp\u00e4testens 3 Monate vor Ablauf Ihres<\/strong>&nbsp;befristeten Arbeitsvertrags.<\/li>\n<\/ul>\n\n\n\n<p>F\u00fcr die Antragstellung bei der Agentur f\u00fcr Arbeit m\u00fcssen Sie bei der<strong>&nbsp;franz\u00f6sischen France Travail Nanterre ein Formular E 301 \/ DPU1<\/strong>&nbsp;(document portable&nbsp;<strong>U1<\/strong>:neue Bezeichnung seit Inkrafttreten der Verordnung 883\/2004) anfordern, das Ihre in Frankreich zur\u00fcckgelegten und f\u00fcr die Gew\u00e4hrung von Arbeitslosenleistungen in Deutschland zu ber\u00fccksichtigenden Besch\u00e4ftigungszeiten bescheinigt.<\/p>\n\n\n\n<figure class=\"wp-block-pullquote\"><blockquote><p><strong>France Travail Services<\/strong><br><strong>Service de Mobilit\u00e9 Internationale<\/strong><br>TSA 10107<br>92891 NANTERRE CEDEX 9<\/p><\/blockquote><\/figure>\n\n\n\n<p>Nach der R\u00fccksendung des Formulars durch France Travail ist dieses bei der Agentur f\u00fcr Arbeit einzureichen.Um das Formular E 301 \/ DPU1 zu erhalten, m\u00fcssen Sie France Travail die von Ihrem letzten Arbeitgeber ausgestellte France Travail Bescheinigung (attestation France Travail),&nbsp;<strong>die Arbeitsbescheinigungen \u00fcber alle franz\u00f6sischen Besch\u00e4ftigungszeiten und Ihre letzten sechs Gehaltszettel vorlegen.<\/strong><\/p>\n<\/div><\/div>\n\n\n\n<div class=\"wp-block-frontaliers-grandest-plugin-frge-accordion-block\"><div class=\"accordion-top\"><h4 class=\"accordion-title\"><strong>Wie hoch ist meine Entsch\u00e4digung?<\/strong><\/h4><svg viewBox=\"0 0 24 24\" stroke-width=\"1.5\" fill=\"none\" xmlns=\"http:\/\/www.w3.org\/2000\/svg\" class=\"accordion-top__icon\"><path d=\"M3 12L21 12M21 12L12.5 3.5M21 12L12.5 20.5\" stroke-width=\"1.5\" stroke-linecap=\"round\" stroke-linejoin=\"round\"><\/path><\/svg><\/div><div class=\"accordion-content\">\n<p>Wenn Sie mindestens 1 Kind haben, entspricht das Arbeitslosengeld I&nbsp;<strong>67 % des pauschalierten Netto-Entgeltes Ihrer letzten 52 Besch\u00e4ftigungswochen.<\/strong><\/p>\n\n\n\n<p>Sonst betr\u00e4gt Ihr Arbeitslosengeld<strong>&nbsp;60 % des Nettoarbeitsentgelts Ihrer letzten 52 Besch\u00e4ftigungswochen.<\/strong><\/p>\n<\/div><\/div>\n\n\n\n<div class=\"wp-block-frontaliers-grandest-plugin-frge-accordion-block\"><div class=\"accordion-top\"><h4 class=\"accordion-title\">Wie lange erhalte ich das Arbeitslosengeld I?<\/h4><svg viewBox=\"0 0 24 24\" stroke-width=\"1.5\" fill=\"none\" xmlns=\"http:\/\/www.w3.org\/2000\/svg\" class=\"accordion-top__icon\"><path d=\"M3 12L21 12M21 12L12.5 3.5M21 12L12.5 20.5\" stroke-width=\"1.5\" stroke-linecap=\"round\" stroke-linejoin=\"round\"><\/path><\/svg><\/div><div class=\"accordion-content\">\n<p>Die Dauer, in der Arbeitslosengeld I \u00fcberwiesen wird, h\u00e4ngt von der Versicherungsdauer und Ihrem Alter ab. F\u00fcr <strong>Personen&nbsp;\u00fcber 50 Jahren&nbsp;ist eine Verl\u00e4ngerung des Leistungsbezugs ab dem 1 Januar 2008 in Kraft getreten.<\/strong><\/p>\n\n\n\n<figure class=\"wp-block-table\"><table><tbody><tr><td class=\"has-text-align-center\" data-align=\"center\"><strong>Versicherungsdauer<\/strong><\/td><td class=\"has-text-align-center\" data-align=\"center\"><strong>Alter<\/strong><\/td><td class=\"has-text-align-center\" data-align=\"center\"><strong>Bezugsdauer<\/strong><\/td><\/tr><tr><td class=\"has-text-align-center\" data-align=\"center\"><strong>12 Monate<\/strong><\/td><td class=\"has-text-align-center\" data-align=\"center\"><\/td><td class=\"has-text-align-center\" data-align=\"center\">6 Monate<\/td><\/tr><tr><td class=\"has-text-align-center\" data-align=\"center\"><strong>16 Monate<\/strong><\/td><td class=\"has-text-align-center\" data-align=\"center\"><\/td><td class=\"has-text-align-center\" data-align=\"center\">8 Monate<\/td><\/tr><tr><td class=\"has-text-align-center\" data-align=\"center\"><strong>20 Monate<\/strong><\/td><td class=\"has-text-align-center\" data-align=\"center\"><\/td><td class=\"has-text-align-center\" data-align=\"center\">10 Monate<\/td><\/tr><tr><td class=\"has-text-align-center\" data-align=\"center\"><strong>24 Monate<\/strong><\/td><td class=\"has-text-align-center\" data-align=\"center\"><\/td><td class=\"has-text-align-center\" data-align=\"center\">12 Monate<\/td><\/tr><tr><td class=\"has-text-align-center\" data-align=\"center\"><strong>30 Monate<\/strong><\/td><td class=\"has-text-align-center\" data-align=\"center\">Nach 50 Jahre alt<\/td><td class=\"has-text-align-center\" data-align=\"center\">15 Monate<\/td><\/tr><tr><td class=\"has-text-align-center\" data-align=\"center\"><strong>36 Monate<\/strong><\/td><td class=\"has-text-align-center\" data-align=\"center\">Nach Vollendung des 55. Lebensjahres<\/td><td class=\"has-text-align-center\" data-align=\"center\">18 Monate<\/td><\/tr><tr><td class=\"has-text-align-center\" data-align=\"center\"><strong>48 Monate<\/strong><\/td><td class=\"has-text-align-center\" data-align=\"center\">Nach Vollendung des&nbsp;58. Lebensjahres<\/td><td class=\"has-text-align-center\" data-align=\"center\">24 Monate<\/td><\/tr><\/tbody><\/table><\/figure>\n<\/div><\/div>\n\n\n\n<div class=\"wp-block-frontaliers-grandest-plugin-frge-accordion-block\"><div class=\"accordion-top\"><h4 class=\"accordion-title\">Sozialversicherung w\u00e4hrend des Bezugs von Arbeitslosengeld<\/h4><svg viewBox=\"0 0 24 24\" stroke-width=\"1.5\" fill=\"none\" xmlns=\"http:\/\/www.w3.org\/2000\/svg\" class=\"accordion-top__icon\"><path d=\"M3 12L21 12M21 12L12.5 3.5M21 12L12.5 20.5\" stroke-width=\"1.5\" stroke-linecap=\"round\" stroke-linejoin=\"round\"><\/path><\/svg><\/div><div class=\"accordion-content\">\n<div class=\"wp-block-frontaliers-grandest-plugin-frge-accordion-block\"><div class=\"accordion-top\"><h4 class=\"accordion-title\"><strong>Kranken- und Pflegeversicherung<\/strong><\/h4><svg viewBox=\"0 0 24 24\" stroke-width=\"1.5\" fill=\"none\" xmlns=\"http:\/\/www.w3.org\/2000\/svg\" class=\"accordion-top__icon\"><path d=\"M3 12L21 12M21 12L12.5 3.5M21 12L12.5 20.5\" stroke-width=\"1.5\" stroke-linecap=\"round\" stroke-linejoin=\"round\"><\/path><\/svg><\/div><div class=\"accordion-content\">\n<p>Wer Leistungen zur Teilhabe am Arbeitsleben erh\u00e4lt, ist grunds\u00e4tzlich pflichtversichert in der gesetzlichen Kranken- und sozialen Pflegeversicherung.<\/p>\n\n\n\n<p>Im Krankheitsfall setzt die Agentur f\u00fcr Arbeit die Zahlung Ihres Arbeitslosengeldes I w\u00e4hrend einer H\u00f6chstdauer von 6 Wochen fort. Danach zahlt die Krankenkasse eine Beihilfe, deren Summe der H\u00f6he Ihres Arbeitslosengeldes entspricht.<\/p>\n<\/div><\/div>\n\n\n\n<div class=\"wp-block-frontaliers-grandest-plugin-frge-accordion-block\"><div class=\"accordion-top\"><h4 class=\"accordion-title\">Rentenversicherung<\/h4><svg viewBox=\"0 0 24 24\" stroke-width=\"1.5\" fill=\"none\" xmlns=\"http:\/\/www.w3.org\/2000\/svg\" class=\"accordion-top__icon\"><path d=\"M3 12L21 12M21 12L12.5 3.5M21 12L12.5 20.5\" stroke-width=\"1.5\" stroke-linecap=\"round\" stroke-linejoin=\"round\"><\/path><\/svg><\/div><div class=\"accordion-content\">\n<p>F\u00fcr die Zeit des Leistungsbezuges werden von der Agentur f\u00fcr Arbeit Pflichtbeitr\u00e4ge an den Rentenversicherungstr\u00e4ger entrichtet, wenn Sie im letzten Jahr vor Beginn des Arbeitslosengeldes zuletzt rentenversicherungspflichtig waren.<\/p>\n<\/div><\/div>\n\n\n\n<div class=\"wp-block-frontaliers-grandest-plugin-frge-accordion-block\"><div class=\"accordion-top\"><h4 class=\"accordion-title\">Unfallversicherung<\/h4><svg viewBox=\"0 0 24 24\" stroke-width=\"1.5\" fill=\"none\" xmlns=\"http:\/\/www.w3.org\/2000\/svg\" class=\"accordion-top__icon\"><path d=\"M3 12L21 12M21 12L12.5 3.5M21 12L12.5 20.5\" stroke-width=\"1.5\" stroke-linecap=\"round\" stroke-linejoin=\"round\"><\/path><\/svg><\/div><div class=\"accordion-content\">\n<p>Als Leistungsempf\u00e4nger\/-in sind Sie gegen Unf\u00e4lle versichert, wenn Sie auf besondere Aufforderung der Agentur f\u00fcr Arbeit diese oder andere Stellen aufsuchen (<em>zum Beispiel zur \u00e4rztlichen Untersuchung oder zur Vorstellung beim Arbeitgeber)<\/em><strong>. Den Unfall m\u00fcssen Sie sofort der Agentur f\u00fcr Arbeit anzeigen.<\/strong><\/p>\n\n\n\n<p>Wenn Sie einen Anspruch auf Arbeitslosengeld II haben,<strong>&nbsp;werden Sie durch den zust\u00e4ndigen Tr\u00e4ger der Grundsicherung kranken- und&nbsp; pflegeversichert.<\/strong><\/p>\n\n\n\n<p>Dies erfolgt vorrangig im Rahmen einer Familienversicherung,<strong>&nbsp;das hei\u00dft Sie werden bei einem bereits rankenversicherungspflichtigen Angeh\u00f6rigen mitversichert.<\/strong><\/p>\n\n\n\n<p>Wenn dies unm\u00f6glich ist, m\u00fcssen Sie Mitglied einer staatlichen Krankenkasse werden. Sie erhalten auch die Unfallversicherung. In Bezug auf die Rentenversicherung, bezahlen die Jobcenter keine Pflichtbeitr\u00e4ge seit 2012.<strong>&nbsp;Die Dauer der Zahlung von Arbeitslosengeld II wird als eine Wartezeit f\u00fcr die Rentenversicherung ber\u00fccksichtigt.<\/strong><\/p>\n<\/div><\/div>\n<\/div><\/div>\n","protected":false},"excerpt":{"rendered":"<p>Arbeitslos ist ein Arbeitnehmer, der nicht in einem Besch\u00e4ftigungsverh\u00e4ltnis steht (Besch\u00e4ftigungslosigkeit), sich bem\u00fcht, seine Besch\u00e4ftigungslosigkeit zu beenden (Eigenbem\u00fchungen) und den Vermittlungsbem\u00fchungen der Agentur f\u00fcr Arbeit zur Verf\u00fcgung steht (Verf\u00fcgbarkeit).In diesem Fall haben Sie Anspruch auf Arbeitslosengeld in&nbsp;Deutschland.&nbsp;<\/p>\n","protected":false},"author":7,"featured_media":0,"parent":8352,"menu_order":0,"comment_status":"closed","ping_status":"closed","template":"","meta":{"inline_featured_image":false,"footnotes":""},"tags":[461,839,841,448,517],"frge_profile":[225,233],"class_list":["post-8395","page","type-page","status-publish","hentry","tag-arbeitnehmer","tag-arbeitsuchende","tag-die-arbeitslosenversicherung","tag-frankreich","tag-grengaenger","frge_profile-arbeitnehmer","frge_profile-arbeitsuchende"],"yoast_head":"<!-- This site is optimized with the Yoast SEO plugin v27.1.1 - https:\/\/yoast.com\/product\/yoast-seo-wordpress\/ -->\n<title>Die Arbeitslosenversicherung bei Vollarbeitslosigkeit - Frontaliers Grand Est<\/title>\n<meta name=\"description\" content=\"Unter bestimmten Voraussetzungen k\u00f6nnen Sie von Deutschland Arbeitslosengeld nach deutschem Recht beziehen.\" \/>\n<meta name=\"robots\" content=\"index, follow, max-snippet:-1, max-image-preview:large, max-video-preview:-1\" \/>\n<link rel=\"canonical\" href=\"https:\/\/frontaliers-grandest.eu\/de\/startseite\/grenzganger\/deutschland-frankreich\/sozialversicherung\/die-arbeitslosenversicherung\/die-arbeitslosenversicherung-bei-vollarbeitslosigkeit\/\" \/>\n<meta property=\"og:locale\" content=\"de_DE\" \/>\n<meta property=\"og:type\" content=\"article\" \/>\n<meta property=\"og:title\" content=\"Die Arbeitslosenversicherung bei Vollarbeitslosigkeit - Frontaliers Grand Est\" \/>\n<meta property=\"og:description\" content=\"Unter bestimmten Voraussetzungen k\u00f6nnen Sie von Deutschland Arbeitslosengeld nach deutschem Recht beziehen.\" \/>\n<meta property=\"og:url\" content=\"https:\/\/frontaliers-grandest.eu\/de\/startseite\/grenzganger\/deutschland-frankreich\/sozialversicherung\/die-arbeitslosenversicherung\/die-arbeitslosenversicherung-bei-vollarbeitslosigkeit\/\" \/>\n<meta property=\"og:site_name\" content=\"Frontaliers Grand Est\" \/>\n<meta property=\"article:publisher\" content=\"https:\/\/www.facebook.com\/frontaliers.GR.EST\/?locale=fr_FR\" \/>\n<meta property=\"article:modified_time\" content=\"2026-01-22T08:43:37+00:00\" \/>\n<meta name=\"twitter:card\" content=\"summary_large_image\" \/>\n<meta name=\"twitter:label1\" content=\"Gesch\u00e4tzte Lesezeit\" \/>\n\t<meta name=\"twitter:data1\" content=\"4\u00a0Minuten\" \/>\n<script type=\"application\/ld+json\" class=\"yoast-schema-graph\">{\"@context\":\"https:\/\/schema.org\",\"@graph\":[{\"@type\":\"WebPage\",\"@id\":\"https:\/\/frontaliers-grandest.eu\/de\/startseite\/grenzganger\/deutschland-frankreich\/sozialversicherung\/die-arbeitslosenversicherung\/die-arbeitslosenversicherung-bei-vollarbeitslosigkeit\/\",\"url\":\"https:\/\/frontaliers-grandest.eu\/de\/startseite\/grenzganger\/deutschland-frankreich\/sozialversicherung\/die-arbeitslosenversicherung\/die-arbeitslosenversicherung-bei-vollarbeitslosigkeit\/\",\"name\":\"Die Arbeitslosenversicherung bei Vollarbeitslosigkeit - Frontaliers Grand Est\",\"isPartOf\":{\"@id\":\"https:\/\/frontaliers-grandest.eu\/de\/#website\"},\"datePublished\":\"2026-01-22T08:43:35+00:00\",\"dateModified\":\"2026-01-22T08:43:37+00:00\",\"description\":\"Unter bestimmten Voraussetzungen k\u00f6nnen Sie von Deutschland Arbeitslosengeld nach deutschem Recht beziehen.\",\"breadcrumb\":{\"@id\":\"https:\/\/frontaliers-grandest.eu\/de\/startseite\/grenzganger\/deutschland-frankreich\/sozialversicherung\/die-arbeitslosenversicherung\/die-arbeitslosenversicherung-bei-vollarbeitslosigkeit\/#breadcrumb\"},\"inLanguage\":\"de\",\"potentialAction\":[{\"@type\":\"ReadAction\",\"target\":[\"https:\/\/frontaliers-grandest.eu\/de\/startseite\/grenzganger\/deutschland-frankreich\/sozialversicherung\/die-arbeitslosenversicherung\/die-arbeitslosenversicherung-bei-vollarbeitslosigkeit\/\"]}]},{\"@type\":\"BreadcrumbList\",\"@id\":\"https:\/\/frontaliers-grandest.eu\/de\/startseite\/grenzganger\/deutschland-frankreich\/sozialversicherung\/die-arbeitslosenversicherung\/die-arbeitslosenversicherung-bei-vollarbeitslosigkeit\/#breadcrumb\",\"itemListElement\":[{\"@type\":\"ListItem\",\"position\":1,\"name\":\"Startseite\",\"item\":\"https:\/\/frontaliers-grandest.eu\/de\/\"},{\"@type\":\"ListItem\",\"position\":2,\"name\":\"Grenzg\u00e4nger\",\"item\":\"https:\/\/frontaliers-grandest.eu\/de\/startseite\/grenzganger\/\"},{\"@type\":\"ListItem\",\"position\":3,\"name\":\"Deutschland - Frankreich\",\"item\":\"https:\/\/frontaliers-grandest.eu\/de\/startseite\/grenzganger\/deutschland-frankreich\/\"},{\"@type\":\"ListItem\",\"position\":4,\"name\":\"Sozialversicherung in Frankreich\",\"item\":\"https:\/\/frontaliers-grandest.eu\/de\/startseite\/grenzganger\/deutschland-frankreich\/sozialversicherung\/\"},{\"@type\":\"ListItem\",\"position\":5,\"name\":\"Die Arbeitslosenversicherung\",\"item\":\"https:\/\/frontaliers-grandest.eu\/de\/startseite\/grenzganger\/deutschland-frankreich\/sozialversicherung\/die-arbeitslosenversicherung\/\"},{\"@type\":\"ListItem\",\"position\":6,\"name\":\"Die Arbeitslosenversicherung bei Vollarbeitslosigkeit\"}]},{\"@type\":\"WebSite\",\"@id\":\"https:\/\/frontaliers-grandest.eu\/de\/#website\",\"url\":\"https:\/\/frontaliers-grandest.eu\/de\/\",\"name\":\"Frontaliers Grand Est\",\"description\":\"Le site ressource du travail frontalier\",\"publisher\":{\"@id\":\"https:\/\/frontaliers-grandest.eu\/de\/#organization\"},\"alternateName\":\"Frontaliers Grand Est\",\"potentialAction\":[{\"@type\":\"SearchAction\",\"target\":{\"@type\":\"EntryPoint\",\"urlTemplate\":\"https:\/\/frontaliers-grandest.eu\/de\/?s={search_term_string}\"},\"query-input\":{\"@type\":\"PropertyValueSpecification\",\"valueRequired\":true,\"valueName\":\"search_term_string\"}}],\"inLanguage\":\"de\"},{\"@type\":\"Organization\",\"@id\":\"https:\/\/frontaliers-grandest.eu\/de\/#organization\",\"name\":\"Frontaliers Grand Est\",\"alternateName\":\"Frontaliers Grand Est\",\"url\":\"https:\/\/frontaliers-grandest.eu\/de\/\",\"logo\":{\"@type\":\"ImageObject\",\"inLanguage\":\"de\",\"@id\":\"https:\/\/frontaliers-grandest.eu\/de\/#\/schema\/logo\/image\/\",\"url\":\"https:\/\/frontaliers-grandest.eu\/wp-content\/uploads\/2025\/07\/260328234_2966785176920310_3332838526503858160_n.jpg\",\"contentUrl\":\"https:\/\/frontaliers-grandest.eu\/wp-content\/uploads\/2025\/07\/260328234_2966785176920310_3332838526503858160_n.jpg\",\"width\":396,\"height\":396,\"caption\":\"Frontaliers Grand Est\"},\"image\":{\"@id\":\"https:\/\/frontaliers-grandest.eu\/de\/#\/schema\/logo\/image\/\"},\"sameAs\":[\"https:\/\/www.facebook.com\/frontaliers.GR.EST\/?locale=fr_FR\"]}]}<\/script>\n<!-- \/ Yoast SEO plugin. -->","yoast_head_json":{"title":"Die Arbeitslosenversicherung bei Vollarbeitslosigkeit - Frontaliers Grand Est","description":"Unter bestimmten Voraussetzungen k\u00f6nnen Sie von Deutschland Arbeitslosengeld nach deutschem Recht beziehen.","robots":{"index":"index","follow":"follow","max-snippet":"max-snippet:-1","max-image-preview":"max-image-preview:large","max-video-preview":"max-video-preview:-1"},"canonical":"https:\/\/frontaliers-grandest.eu\/de\/startseite\/grenzganger\/deutschland-frankreich\/sozialversicherung\/die-arbeitslosenversicherung\/die-arbeitslosenversicherung-bei-vollarbeitslosigkeit\/","og_locale":"de_DE","og_type":"article","og_title":"Die Arbeitslosenversicherung bei Vollarbeitslosigkeit - Frontaliers Grand Est","og_description":"Unter bestimmten Voraussetzungen k\u00f6nnen Sie von Deutschland Arbeitslosengeld nach deutschem Recht beziehen.","og_url":"https:\/\/frontaliers-grandest.eu\/de\/startseite\/grenzganger\/deutschland-frankreich\/sozialversicherung\/die-arbeitslosenversicherung\/die-arbeitslosenversicherung-bei-vollarbeitslosigkeit\/","og_site_name":"Frontaliers Grand Est","article_publisher":"https:\/\/www.facebook.com\/frontaliers.GR.EST\/?locale=fr_FR","article_modified_time":"2026-01-22T08:43:37+00:00","twitter_card":"summary_large_image","twitter_misc":{"Gesch\u00e4tzte Lesezeit":"4\u00a0Minuten"},"schema":{"@context":"https:\/\/schema.org","@graph":[{"@type":"WebPage","@id":"https:\/\/frontaliers-grandest.eu\/de\/startseite\/grenzganger\/deutschland-frankreich\/sozialversicherung\/die-arbeitslosenversicherung\/die-arbeitslosenversicherung-bei-vollarbeitslosigkeit\/","url":"https:\/\/frontaliers-grandest.eu\/de\/startseite\/grenzganger\/deutschland-frankreich\/sozialversicherung\/die-arbeitslosenversicherung\/die-arbeitslosenversicherung-bei-vollarbeitslosigkeit\/","name":"Die Arbeitslosenversicherung bei Vollarbeitslosigkeit - Frontaliers Grand Est","isPartOf":{"@id":"https:\/\/frontaliers-grandest.eu\/de\/#website"},"datePublished":"2026-01-22T08:43:35+00:00","dateModified":"2026-01-22T08:43:37+00:00","description":"Unter bestimmten Voraussetzungen k\u00f6nnen Sie von Deutschland Arbeitslosengeld nach deutschem Recht beziehen.","breadcrumb":{"@id":"https:\/\/frontaliers-grandest.eu\/de\/startseite\/grenzganger\/deutschland-frankreich\/sozialversicherung\/die-arbeitslosenversicherung\/die-arbeitslosenversicherung-bei-vollarbeitslosigkeit\/#breadcrumb"},"inLanguage":"de","potentialAction":[{"@type":"ReadAction","target":["https:\/\/frontaliers-grandest.eu\/de\/startseite\/grenzganger\/deutschland-frankreich\/sozialversicherung\/die-arbeitslosenversicherung\/die-arbeitslosenversicherung-bei-vollarbeitslosigkeit\/"]}]},{"@type":"BreadcrumbList","@id":"https:\/\/frontaliers-grandest.eu\/de\/startseite\/grenzganger\/deutschland-frankreich\/sozialversicherung\/die-arbeitslosenversicherung\/die-arbeitslosenversicherung-bei-vollarbeitslosigkeit\/#breadcrumb","itemListElement":[{"@type":"ListItem","position":1,"name":"Startseite","item":"https:\/\/frontaliers-grandest.eu\/de\/"},{"@type":"ListItem","position":2,"name":"Grenzg\u00e4nger","item":"https:\/\/frontaliers-grandest.eu\/de\/startseite\/grenzganger\/"},{"@type":"ListItem","position":3,"name":"Deutschland - Frankreich","item":"https:\/\/frontaliers-grandest.eu\/de\/startseite\/grenzganger\/deutschland-frankreich\/"},{"@type":"ListItem","position":4,"name":"Sozialversicherung in Frankreich","item":"https:\/\/frontaliers-grandest.eu\/de\/startseite\/grenzganger\/deutschland-frankreich\/sozialversicherung\/"},{"@type":"ListItem","position":5,"name":"Die Arbeitslosenversicherung","item":"https:\/\/frontaliers-grandest.eu\/de\/startseite\/grenzganger\/deutschland-frankreich\/sozialversicherung\/die-arbeitslosenversicherung\/"},{"@type":"ListItem","position":6,"name":"Die Arbeitslosenversicherung bei Vollarbeitslosigkeit"}]},{"@type":"WebSite","@id":"https:\/\/frontaliers-grandest.eu\/de\/#website","url":"https:\/\/frontaliers-grandest.eu\/de\/","name":"Frontaliers Grand Est","description":"Le site ressource du travail frontalier","publisher":{"@id":"https:\/\/frontaliers-grandest.eu\/de\/#organization"},"alternateName":"Frontaliers Grand Est","potentialAction":[{"@type":"SearchAction","target":{"@type":"EntryPoint","urlTemplate":"https:\/\/frontaliers-grandest.eu\/de\/?s={search_term_string}"},"query-input":{"@type":"PropertyValueSpecification","valueRequired":true,"valueName":"search_term_string"}}],"inLanguage":"de"},{"@type":"Organization","@id":"https:\/\/frontaliers-grandest.eu\/de\/#organization","name":"Frontaliers Grand Est","alternateName":"Frontaliers Grand Est","url":"https:\/\/frontaliers-grandest.eu\/de\/","logo":{"@type":"ImageObject","inLanguage":"de","@id":"https:\/\/frontaliers-grandest.eu\/de\/#\/schema\/logo\/image\/","url":"https:\/\/frontaliers-grandest.eu\/wp-content\/uploads\/2025\/07\/260328234_2966785176920310_3332838526503858160_n.jpg","contentUrl":"https:\/\/frontaliers-grandest.eu\/wp-content\/uploads\/2025\/07\/260328234_2966785176920310_3332838526503858160_n.jpg","width":396,"height":396,"caption":"Frontaliers Grand Est"},"image":{"@id":"https:\/\/frontaliers-grandest.eu\/de\/#\/schema\/logo\/image\/"},"sameAs":["https:\/\/www.facebook.com\/frontaliers.GR.EST\/?locale=fr_FR"]}]}},"frge_page_order":"0","_links":{"self":[{"href":"https:\/\/frontaliers-grandest.eu\/de\/wp-json\/wp\/v2\/pages\/8395","targetHints":{"allow":["GET"]}}],"collection":[{"href":"https:\/\/frontaliers-grandest.eu\/de\/wp-json\/wp\/v2\/pages"}],"about":[{"href":"https:\/\/frontaliers-grandest.eu\/de\/wp-json\/wp\/v2\/types\/page"}],"author":[{"embeddable":true,"href":"https:\/\/frontaliers-grandest.eu\/de\/wp-json\/wp\/v2\/users\/7"}],"replies":[{"embeddable":true,"href":"https:\/\/frontaliers-grandest.eu\/de\/wp-json\/wp\/v2\/comments?post=8395"}],"version-history":[{"count":8,"href":"https:\/\/frontaliers-grandest.eu\/de\/wp-json\/wp\/v2\/pages\/8395\/revisions"}],"predecessor-version":[{"id":56731,"href":"https:\/\/frontaliers-grandest.eu\/de\/wp-json\/wp\/v2\/pages\/8395\/revisions\/56731"}],"up":[{"embeddable":true,"href":"https:\/\/frontaliers-grandest.eu\/de\/wp-json\/wp\/v2\/pages\/8352"}],"wp:attachment":[{"href":"https:\/\/frontaliers-grandest.eu\/de\/wp-json\/wp\/v2\/media?parent=8395"}],"wp:term":[{"taxonomy":"post_tag","embeddable":true,"href":"https:\/\/frontaliers-grandest.eu\/de\/wp-json\/wp\/v2\/tags?post=8395"},{"taxonomy":"frge_profile","embeddable":true,"href":"https:\/\/frontaliers-grandest.eu\/de\/wp-json\/wp\/v2\/frge_profile?post=8395"}],"curies":[{"name":"wp","href":"https:\/\/api.w.org\/{rel}","templated":true}]}}