{"id":8381,"date":"2021-06-08T14:47:12","date_gmt":"2021-06-08T12:47:12","guid":{"rendered":"https:\/\/frontaliers-grandest.eu\/?page_id=8381"},"modified":"2026-01-15T17:20:39","modified_gmt":"2026-01-15T16:20:39","slug":"welche-rechte-haben-die-hinterbliebenen-im-falle-des-todes-des-der-versicherten-rentners-rentnerin","status":"publish","type":"page","link":"https:\/\/frontaliers-grandest.eu\/de\/startseite\/grenzganger\/deutschland-frankreich\/sozialversicherung\/die-rentenversicherung\/welche-rechte-haben-die-hinterbliebenen-im-falle-des-todes-des-der-versicherten-rentners-rentnerin\/","title":{"rendered":"Welche Rechte haben die Hinterbliebenen im Falle des Todes des\/der versicherten Rentners\/Rentnerin ?"},"content":{"rendered":"\n<div class=\"wp-block-frontaliers-grandest-plugin-frge-accordion-block\"><div class=\"accordion-top\"><h4 class=\"accordion-title\">Franz\u00f6sisches Rentensystem<\/h4><svg viewBox=\"0 0 24 24\" stroke-width=\"1.5\" fill=\"none\" xmlns=\"http:\/\/www.w3.org\/2000\/svg\" class=\"accordion-top__icon\"><path d=\"M3 12L21 12M21 12L12.5 3.5M21 12L12.5 20.5\" stroke-width=\"1.5\" stroke-linecap=\"round\" stroke-linejoin=\"round\"><\/path><\/svg><\/div><div class=\"accordion-content\">\n<div class=\"wp-block-frontaliers-grandest-plugin-frge-accordion-block\"><div class=\"accordion-top\"><h4 class=\"accordion-title\">Tod-Kapital<\/h4><svg viewBox=\"0 0 24 24\" stroke-width=\"1.5\" fill=\"none\" xmlns=\"http:\/\/www.w3.org\/2000\/svg\" class=\"accordion-top__icon\"><path d=\"M3 12L21 12M21 12L12.5 3.5M21 12L12.5 20.5\" stroke-width=\"1.5\" stroke-linecap=\"round\" stroke-linejoin=\"round\"><\/path><\/svg><\/div><div class=\"accordion-content\">\n<p>Um die Kosten im Zusammenhang mit dem Tod des Versicherten zu decken, wird ein Todesfallkapital an die Personen ausgezahlt, die tats\u00e4chlich vom verstorbenen Versicherten unterhalten wurden (in der Reihenfolge: Ehepartner oder Lebenspartner, Kinder, Vorfahren), sofern dieser sich in den drei Monaten vor seinem Tod in einer der folgenden Situationen befand:<\/p>\n\n\n\n<ul class=\"wp-block-list\">\n<li>Er \u00fcbte eine T\u00e4tigkeit als Arbeitnehmer aus, die ausreichte, um einen Anspruch auf Krankenversicherung zu begr\u00fcnden.<\/li>\n\n\n\n<li>Er bekam eine Entsch\u00e4digung von France Travail<\/li>\n\n\n\n<li>Er bezog eine Invalidit\u00e4tsrente oder eine Rente wegen eines Arbeitsunfalls oder einer Berufskrankheit (dauerhafte Erwerbsunf\u00e4higkeit von mindestens 66 %).<\/li>\n\n\n\n<li>Er befand sich in einer Situation der Aufrechterhaltung seiner Anspr\u00fcche<\/li>\n<\/ul>\n\n\n\n<p><strong>F\u00fcr Todesf\u00e4lle seit dem 1. April 2025 betr\u00e4gt die Todesfallleistung pauschal 3.977 \u20ac.<\/strong><\/p>\n<\/div><\/div>\n\n\n\n<div class=\"wp-block-frontaliers-grandest-plugin-frge-accordion-block\"><div class=\"accordion-top\"><h4 class=\"accordion-title\">Hinterbliebenenrente<\/h4><svg viewBox=\"0 0 24 24\" stroke-width=\"1.5\" fill=\"none\" xmlns=\"http:\/\/www.w3.org\/2000\/svg\" class=\"accordion-top__icon\"><path d=\"M3 12L21 12M21 12L12.5 3.5M21 12L12.5 20.5\" stroke-width=\"1.5\" stroke-linecap=\"round\" stroke-linejoin=\"round\"><\/path><\/svg><\/div><div class=\"accordion-content\">\n<p>Nur der \u00fcberlebende Ehepartner (und\/oder der geschiedene Ehepartner) ab 55 Jahren (siehe Gesetz 2008-1330 vom 18.12.2008) hat Anspruch auf eine Hinterbliebenenrente, wenn sein pers\u00f6nliches Einkommen f\u00fcr das Jahr 2026 unter folgenden Betr\u00e4gen liegt:<\/p>\n\n\n\n<ul class=\"wp-block-list\">\n<li>25.001,60 \u20ac, wenn er allein lebt,<\/li>\n\n\n\n<li>40.002,56 \u20ac, wenn er in einer Partnerschaft lebt.<br>F\u00fcr Personen, die vor dem 1. Januar 2009 verwitwet sind, bleibt das Mindestalter f\u00fcr den Bezug einer Hinterbliebenenrente bei 51 Jahren.<\/li>\n<\/ul>\n\n\n\n<p>Die Hinterbliebenenrente betr\u00e4gt 54 % der Altersrente, die der Verstorbene bezogen hat oder h\u00e4tte beziehen k\u00f6nnen.<\/p>\n\n\n\n<p>Diese Rente kann unter bestimmten Voraussetzungen auch erh\u00f6ht werden:<\/p>\n\n\n\n<ul class=\"wp-block-list\">\n<li>f\u00fcr unterhaltsberechtigte Kinder. Als unterhaltsberechtigt gelten minderj\u00e4hrige Kinder, Kinder unter 21 Jahren, die eine Ausbildung absolvieren, oder Kinder unter 21 Jahren, die aufgrund einer Behinderung oder chronischen Krankheit dauerhaft nicht in der Lage sind, einer Erwerbst\u00e4tigkeit nachzugehen.<\/li>\n\n\n\n<li>Zuschlag von 10 %, wenn die Person drei Kinder hatte.<\/li>\n<\/ul>\n\n\n\n<p>Der Beg\u00fcnstigte der Hinterbliebenenrente muss unter 65 Jahre alt sein und darf keine Rente aus einer Grundrentenversicherung beziehen.<\/p>\n\n\n\n<p><strong><span style=\"text-decoration: underline;\">H\u00f6chstrente:<\/span><br>54 % der H\u00f6chstrente aus der allgemeinen Rentenversicherung, d. h. 1.081,35 \u20ac pro Monat im Jahr 2026.<\/strong><\/p>\n\n\n\n<p><strong><span style=\"text-decoration: underline;\">Mindestrente:<\/span><\/strong><br><strong>Ab 15 Versicherungsjahren: 4.019,13 \u20ac pro Jahr (d. h. 334,92 \u20ac pro Monat) im Jahr 2026.<\/strong><\/p>\n\n\n\n<p>Die Hinterbliebenenrente muss bei der Kasse beantragt werden, die die Rentenanspr\u00fcche des Verstorbenen abgerechnet hat, oder bei der Kasse am Wohnort des hinterbliebenen Ehepartners.<\/p>\n<\/div><\/div>\n<\/div><\/div>\n\n\n\n<div class=\"wp-block-frontaliers-grandest-plugin-frge-accordion-block\"><div class=\"accordion-top\"><h4 class=\"accordion-title\">Deutsches Rentensystem<\/h4><svg viewBox=\"0 0 24 24\" stroke-width=\"1.5\" fill=\"none\" xmlns=\"http:\/\/www.w3.org\/2000\/svg\" class=\"accordion-top__icon\"><path d=\"M3 12L21 12M21 12L12.5 3.5M21 12L12.5 20.5\" stroke-width=\"1.5\" stroke-linecap=\"round\" stroke-linejoin=\"round\"><\/path><\/svg><\/div><div class=\"accordion-content\">\n<p>Im Falle des Todes des Versicherten oder des Beziehers einer deutschen Altersrente kann der \u00fcberlebende Ehepartner eine Witwenrente (\u201eWitwenrente\u201c) beziehen.<\/p>\n\n\n\n<p>In den ersten drei Monaten erh\u00e4lt der \u00fcberlebende Ehepartner eine Altersrente.<br>Danach gibt es zwei Arten von Renten:<\/p>\n\n\n\n<ul class=\"wp-block-list\">\n<li>die kleine Witwenrente: Sie wird f\u00fcr einen Zeitraum von zwei Jahren gezahlt und entspricht 25 % der Rente, die der Verstorbene bezogen hat.<\/li>\n\n\n\n<li>Die gro\u00dfe Witwenrente: Sie wird bis zum Tag einer eventuellen Wiederverheiratung gezahlt, sofern die folgenden Bedingungen erf\u00fcllt sind:\n<ul class=\"wp-block-list\">\n<li>Der verstorbene Ehepartner hat mindestens 5 Jahre lang Beitr\u00e4ge gezahlt.<\/li>\n\n\n\n<li>Der hinterbliebene Ehepartner hat das 45. Lebensjahr vollendet oder ist f\u00fcr einen Minderj\u00e4hrigen unterhaltspflichtig oder erwerbsunf\u00e4hig.<\/li>\n\n\n\n<li>Die Ehe hat l\u00e4nger als ein Jahr bestanden (mit Ausnahmen).<\/li>\n\n\n\n<li>Der hinterbliebene Ehepartner ist nicht wiederverheiratet.<br><\/li>\n<\/ul>\n<\/li>\n<\/ul>\n\n\n\n<p>Sie entspricht 55 % der Rente, die der Verstorbene bezogen hat.<\/p>\n\n\n\n<p>Das Einkommen des hinterbliebenen Ehepartners wird bei der Festlegung der Witwen-\/Witwerrente ber\u00fccksichtigt.<\/p>\n\n\n\n<p>Bei geschiedenen Ehepartnern gelten besondere Bestimmungen.<\/p>\n\n\n\n<p>Waisen, die ihren Vater oder ihre Mutter verloren haben, haben ebenfalls Anspruch auf eine \u201eWaisenrente\u201d, die bis zum Alter von 18 Jahren (27 Jahren bei Studium oder l\u00e4nger bei Behinderung) gezahlt wird.<\/p>\n\n\n\n<p>Hinterbliebene von Grenzg\u00e4ngern m\u00fcssen ihren Antrag auf Hinterbliebenenrente bei der Krankenkasse ihres Wohnortes stellen.<\/p>\n<\/div><\/div>\n","protected":false},"excerpt":{"rendered":"","protected":false},"author":7,"featured_media":0,"parent":8347,"menu_order":4,"comment_status":"closed","ping_status":"closed","template":"","meta":{"inline_featured_image":false,"footnotes":""},"tags":[461,448,517,830],"frge_profile":[225,231],"class_list":["post-8381","page","type-page","status-publish","hentry","tag-arbeitnehmer","tag-frankreich","tag-grengaenger","tag-rentner","frge_profile-arbeitnehmer","frge_profile-rentner"],"yoast_head":"<!-- This site is optimized with the Yoast SEO plugin v27.1.1 - https:\/\/yoast.com\/product\/yoast-seo-wordpress\/ -->\n<title>Welche rechte haben hinterbliebene im todesfall eines rentners<\/title>\n<meta name=\"description\" content=\"Hinterbliebene im Todesfall eines Rentners: Rechte und Leistungen im franz\u00f6sischen und deutschen Rentensystem, Voraussetzungen und Antragsverfahren.\" \/>\n<meta name=\"robots\" content=\"index, follow, max-snippet:-1, max-image-preview:large, max-video-preview:-1\" \/>\n<link rel=\"canonical\" href=\"https:\/\/frontaliers-grandest.eu\/de\/startseite\/grenzganger\/deutschland-frankreich\/sozialversicherung\/die-rentenversicherung\/welche-rechte-haben-die-hinterbliebenen-im-falle-des-todes-des-der-versicherten-rentners-rentnerin\/\" \/>\n<meta property=\"og:locale\" content=\"de_DE\" \/>\n<meta property=\"og:type\" content=\"article\" \/>\n<meta property=\"og:title\" content=\"Welche rechte haben hinterbliebene im todesfall eines rentners\" \/>\n<meta property=\"og:description\" content=\"Hinterbliebene im Todesfall eines Rentners: Rechte und Leistungen im franz\u00f6sischen und deutschen Rentensystem, Voraussetzungen und Antragsverfahren.\" \/>\n<meta property=\"og:url\" content=\"https:\/\/frontaliers-grandest.eu\/de\/startseite\/grenzganger\/deutschland-frankreich\/sozialversicherung\/die-rentenversicherung\/welche-rechte-haben-die-hinterbliebenen-im-falle-des-todes-des-der-versicherten-rentners-rentnerin\/\" \/>\n<meta property=\"og:site_name\" content=\"Frontaliers Grand Est\" \/>\n<meta property=\"article:publisher\" content=\"https:\/\/www.facebook.com\/frontaliers.GR.EST\/?locale=fr_FR\" \/>\n<meta property=\"article:modified_time\" content=\"2026-01-15T16:20:39+00:00\" \/>\n<meta name=\"twitter:card\" content=\"summary_large_image\" \/>\n<meta name=\"twitter:label1\" content=\"Gesch\u00e4tzte Lesezeit\" \/>\n\t<meta name=\"twitter:data1\" content=\"3\u00a0Minuten\" \/>\n<script type=\"application\/ld+json\" class=\"yoast-schema-graph\">{\"@context\":\"https:\/\/schema.org\",\"@graph\":[{\"@type\":\"WebPage\",\"@id\":\"https:\/\/frontaliers-grandest.eu\/de\/startseite\/grenzganger\/deutschland-frankreich\/sozialversicherung\/die-rentenversicherung\/welche-rechte-haben-die-hinterbliebenen-im-falle-des-todes-des-der-versicherten-rentners-rentnerin\/\",\"url\":\"https:\/\/frontaliers-grandest.eu\/de\/startseite\/grenzganger\/deutschland-frankreich\/sozialversicherung\/die-rentenversicherung\/welche-rechte-haben-die-hinterbliebenen-im-falle-des-todes-des-der-versicherten-rentners-rentnerin\/\",\"name\":\"Welche rechte haben hinterbliebene im todesfall eines rentners\",\"isPartOf\":{\"@id\":\"https:\/\/frontaliers-grandest.eu\/de\/#website\"},\"datePublished\":\"2021-06-08T12:47:12+00:00\",\"dateModified\":\"2026-01-15T16:20:39+00:00\",\"description\":\"Hinterbliebene im Todesfall eines Rentners: Rechte und Leistungen im franz\u00f6sischen und deutschen Rentensystem, Voraussetzungen und Antragsverfahren.\",\"breadcrumb\":{\"@id\":\"https:\/\/frontaliers-grandest.eu\/de\/startseite\/grenzganger\/deutschland-frankreich\/sozialversicherung\/die-rentenversicherung\/welche-rechte-haben-die-hinterbliebenen-im-falle-des-todes-des-der-versicherten-rentners-rentnerin\/#breadcrumb\"},\"inLanguage\":\"de\",\"potentialAction\":[{\"@type\":\"ReadAction\",\"target\":[\"https:\/\/frontaliers-grandest.eu\/de\/startseite\/grenzganger\/deutschland-frankreich\/sozialversicherung\/die-rentenversicherung\/welche-rechte-haben-die-hinterbliebenen-im-falle-des-todes-des-der-versicherten-rentners-rentnerin\/\"]}]},{\"@type\":\"BreadcrumbList\",\"@id\":\"https:\/\/frontaliers-grandest.eu\/de\/startseite\/grenzganger\/deutschland-frankreich\/sozialversicherung\/die-rentenversicherung\/welche-rechte-haben-die-hinterbliebenen-im-falle-des-todes-des-der-versicherten-rentners-rentnerin\/#breadcrumb\",\"itemListElement\":[{\"@type\":\"ListItem\",\"position\":1,\"name\":\"Startseite\",\"item\":\"https:\/\/frontaliers-grandest.eu\/de\/\"},{\"@type\":\"ListItem\",\"position\":2,\"name\":\"Grenzg\u00e4nger\",\"item\":\"https:\/\/frontaliers-grandest.eu\/de\/startseite\/grenzganger\/\"},{\"@type\":\"ListItem\",\"position\":3,\"name\":\"Deutschland - Frankreich\",\"item\":\"https:\/\/frontaliers-grandest.eu\/de\/startseite\/grenzganger\/deutschland-frankreich\/\"},{\"@type\":\"ListItem\",\"position\":4,\"name\":\"Sozialversicherung in Frankreich\",\"item\":\"https:\/\/frontaliers-grandest.eu\/de\/startseite\/grenzganger\/deutschland-frankreich\/sozialversicherung\/\"},{\"@type\":\"ListItem\",\"position\":5,\"name\":\"Die Rentenversicherung\",\"item\":\"https:\/\/frontaliers-grandest.eu\/de\/startseite\/grenzganger\/deutschland-frankreich\/sozialversicherung\/die-rentenversicherung\/\"},{\"@type\":\"ListItem\",\"position\":6,\"name\":\"Welche Rechte haben die Hinterbliebenen im Falle des Todes des\/der versicherten Rentners\/Rentnerin ?\"}]},{\"@type\":\"WebSite\",\"@id\":\"https:\/\/frontaliers-grandest.eu\/de\/#website\",\"url\":\"https:\/\/frontaliers-grandest.eu\/de\/\",\"name\":\"Frontaliers Grand Est\",\"description\":\"Le site ressource du travail frontalier\",\"publisher\":{\"@id\":\"https:\/\/frontaliers-grandest.eu\/de\/#organization\"},\"alternateName\":\"Frontaliers Grand Est\",\"potentialAction\":[{\"@type\":\"SearchAction\",\"target\":{\"@type\":\"EntryPoint\",\"urlTemplate\":\"https:\/\/frontaliers-grandest.eu\/de\/?s={search_term_string}\"},\"query-input\":{\"@type\":\"PropertyValueSpecification\",\"valueRequired\":true,\"valueName\":\"search_term_string\"}}],\"inLanguage\":\"de\"},{\"@type\":\"Organization\",\"@id\":\"https:\/\/frontaliers-grandest.eu\/de\/#organization\",\"name\":\"Frontaliers Grand Est\",\"alternateName\":\"Frontaliers Grand Est\",\"url\":\"https:\/\/frontaliers-grandest.eu\/de\/\",\"logo\":{\"@type\":\"ImageObject\",\"inLanguage\":\"de\",\"@id\":\"https:\/\/frontaliers-grandest.eu\/de\/#\/schema\/logo\/image\/\",\"url\":\"https:\/\/frontaliers-grandest.eu\/wp-content\/uploads\/2025\/07\/260328234_2966785176920310_3332838526503858160_n.jpg\",\"contentUrl\":\"https:\/\/frontaliers-grandest.eu\/wp-content\/uploads\/2025\/07\/260328234_2966785176920310_3332838526503858160_n.jpg\",\"width\":396,\"height\":396,\"caption\":\"Frontaliers Grand Est\"},\"image\":{\"@id\":\"https:\/\/frontaliers-grandest.eu\/de\/#\/schema\/logo\/image\/\"},\"sameAs\":[\"https:\/\/www.facebook.com\/frontaliers.GR.EST\/?locale=fr_FR\"]}]}<\/script>\n<!-- \/ Yoast SEO plugin. -->","yoast_head_json":{"title":"Welche rechte haben hinterbliebene im todesfall eines rentners","description":"Hinterbliebene im Todesfall eines Rentners: Rechte und Leistungen im franz\u00f6sischen und deutschen Rentensystem, Voraussetzungen und Antragsverfahren.","robots":{"index":"index","follow":"follow","max-snippet":"max-snippet:-1","max-image-preview":"max-image-preview:large","max-video-preview":"max-video-preview:-1"},"canonical":"https:\/\/frontaliers-grandest.eu\/de\/startseite\/grenzganger\/deutschland-frankreich\/sozialversicherung\/die-rentenversicherung\/welche-rechte-haben-die-hinterbliebenen-im-falle-des-todes-des-der-versicherten-rentners-rentnerin\/","og_locale":"de_DE","og_type":"article","og_title":"Welche rechte haben hinterbliebene im todesfall eines rentners","og_description":"Hinterbliebene im Todesfall eines Rentners: Rechte und Leistungen im franz\u00f6sischen und deutschen Rentensystem, Voraussetzungen und Antragsverfahren.","og_url":"https:\/\/frontaliers-grandest.eu\/de\/startseite\/grenzganger\/deutschland-frankreich\/sozialversicherung\/die-rentenversicherung\/welche-rechte-haben-die-hinterbliebenen-im-falle-des-todes-des-der-versicherten-rentners-rentnerin\/","og_site_name":"Frontaliers Grand Est","article_publisher":"https:\/\/www.facebook.com\/frontaliers.GR.EST\/?locale=fr_FR","article_modified_time":"2026-01-15T16:20:39+00:00","twitter_card":"summary_large_image","twitter_misc":{"Gesch\u00e4tzte Lesezeit":"3\u00a0Minuten"},"schema":{"@context":"https:\/\/schema.org","@graph":[{"@type":"WebPage","@id":"https:\/\/frontaliers-grandest.eu\/de\/startseite\/grenzganger\/deutschland-frankreich\/sozialversicherung\/die-rentenversicherung\/welche-rechte-haben-die-hinterbliebenen-im-falle-des-todes-des-der-versicherten-rentners-rentnerin\/","url":"https:\/\/frontaliers-grandest.eu\/de\/startseite\/grenzganger\/deutschland-frankreich\/sozialversicherung\/die-rentenversicherung\/welche-rechte-haben-die-hinterbliebenen-im-falle-des-todes-des-der-versicherten-rentners-rentnerin\/","name":"Welche rechte haben hinterbliebene im todesfall eines rentners","isPartOf":{"@id":"https:\/\/frontaliers-grandest.eu\/de\/#website"},"datePublished":"2021-06-08T12:47:12+00:00","dateModified":"2026-01-15T16:20:39+00:00","description":"Hinterbliebene im Todesfall eines Rentners: Rechte und Leistungen im franz\u00f6sischen und deutschen Rentensystem, Voraussetzungen und Antragsverfahren.","breadcrumb":{"@id":"https:\/\/frontaliers-grandest.eu\/de\/startseite\/grenzganger\/deutschland-frankreich\/sozialversicherung\/die-rentenversicherung\/welche-rechte-haben-die-hinterbliebenen-im-falle-des-todes-des-der-versicherten-rentners-rentnerin\/#breadcrumb"},"inLanguage":"de","potentialAction":[{"@type":"ReadAction","target":["https:\/\/frontaliers-grandest.eu\/de\/startseite\/grenzganger\/deutschland-frankreich\/sozialversicherung\/die-rentenversicherung\/welche-rechte-haben-die-hinterbliebenen-im-falle-des-todes-des-der-versicherten-rentners-rentnerin\/"]}]},{"@type":"BreadcrumbList","@id":"https:\/\/frontaliers-grandest.eu\/de\/startseite\/grenzganger\/deutschland-frankreich\/sozialversicherung\/die-rentenversicherung\/welche-rechte-haben-die-hinterbliebenen-im-falle-des-todes-des-der-versicherten-rentners-rentnerin\/#breadcrumb","itemListElement":[{"@type":"ListItem","position":1,"name":"Startseite","item":"https:\/\/frontaliers-grandest.eu\/de\/"},{"@type":"ListItem","position":2,"name":"Grenzg\u00e4nger","item":"https:\/\/frontaliers-grandest.eu\/de\/startseite\/grenzganger\/"},{"@type":"ListItem","position":3,"name":"Deutschland - Frankreich","item":"https:\/\/frontaliers-grandest.eu\/de\/startseite\/grenzganger\/deutschland-frankreich\/"},{"@type":"ListItem","position":4,"name":"Sozialversicherung in Frankreich","item":"https:\/\/frontaliers-grandest.eu\/de\/startseite\/grenzganger\/deutschland-frankreich\/sozialversicherung\/"},{"@type":"ListItem","position":5,"name":"Die Rentenversicherung","item":"https:\/\/frontaliers-grandest.eu\/de\/startseite\/grenzganger\/deutschland-frankreich\/sozialversicherung\/die-rentenversicherung\/"},{"@type":"ListItem","position":6,"name":"Welche Rechte haben die Hinterbliebenen im Falle des Todes des\/der versicherten Rentners\/Rentnerin ?"}]},{"@type":"WebSite","@id":"https:\/\/frontaliers-grandest.eu\/de\/#website","url":"https:\/\/frontaliers-grandest.eu\/de\/","name":"Frontaliers Grand Est","description":"Le site ressource du travail frontalier","publisher":{"@id":"https:\/\/frontaliers-grandest.eu\/de\/#organization"},"alternateName":"Frontaliers Grand Est","potentialAction":[{"@type":"SearchAction","target":{"@type":"EntryPoint","urlTemplate":"https:\/\/frontaliers-grandest.eu\/de\/?s={search_term_string}"},"query-input":{"@type":"PropertyValueSpecification","valueRequired":true,"valueName":"search_term_string"}}],"inLanguage":"de"},{"@type":"Organization","@id":"https:\/\/frontaliers-grandest.eu\/de\/#organization","name":"Frontaliers Grand Est","alternateName":"Frontaliers Grand Est","url":"https:\/\/frontaliers-grandest.eu\/de\/","logo":{"@type":"ImageObject","inLanguage":"de","@id":"https:\/\/frontaliers-grandest.eu\/de\/#\/schema\/logo\/image\/","url":"https:\/\/frontaliers-grandest.eu\/wp-content\/uploads\/2025\/07\/260328234_2966785176920310_3332838526503858160_n.jpg","contentUrl":"https:\/\/frontaliers-grandest.eu\/wp-content\/uploads\/2025\/07\/260328234_2966785176920310_3332838526503858160_n.jpg","width":396,"height":396,"caption":"Frontaliers Grand Est"},"image":{"@id":"https:\/\/frontaliers-grandest.eu\/de\/#\/schema\/logo\/image\/"},"sameAs":["https:\/\/www.facebook.com\/frontaliers.GR.EST\/?locale=fr_FR"]}]}},"frge_page_order":"0","_links":{"self":[{"href":"https:\/\/frontaliers-grandest.eu\/de\/wp-json\/wp\/v2\/pages\/8381","targetHints":{"allow":["GET"]}}],"collection":[{"href":"https:\/\/frontaliers-grandest.eu\/de\/wp-json\/wp\/v2\/pages"}],"about":[{"href":"https:\/\/frontaliers-grandest.eu\/de\/wp-json\/wp\/v2\/types\/page"}],"author":[{"embeddable":true,"href":"https:\/\/frontaliers-grandest.eu\/de\/wp-json\/wp\/v2\/users\/7"}],"replies":[{"embeddable":true,"href":"https:\/\/frontaliers-grandest.eu\/de\/wp-json\/wp\/v2\/comments?post=8381"}],"version-history":[{"count":3,"href":"https:\/\/frontaliers-grandest.eu\/de\/wp-json\/wp\/v2\/pages\/8381\/revisions"}],"predecessor-version":[{"id":56573,"href":"https:\/\/frontaliers-grandest.eu\/de\/wp-json\/wp\/v2\/pages\/8381\/revisions\/56573"}],"up":[{"embeddable":true,"href":"https:\/\/frontaliers-grandest.eu\/de\/wp-json\/wp\/v2\/pages\/8347"}],"wp:attachment":[{"href":"https:\/\/frontaliers-grandest.eu\/de\/wp-json\/wp\/v2\/media?parent=8381"}],"wp:term":[{"taxonomy":"post_tag","embeddable":true,"href":"https:\/\/frontaliers-grandest.eu\/de\/wp-json\/wp\/v2\/tags?post=8381"},{"taxonomy":"frge_profile","embeddable":true,"href":"https:\/\/frontaliers-grandest.eu\/de\/wp-json\/wp\/v2\/frge_profile?post=8381"}],"curies":[{"name":"wp","href":"https:\/\/api.w.org\/{rel}","templated":true}]}}