{"id":8373,"date":"2021-06-08T14:34:57","date_gmt":"2021-06-08T12:34:57","guid":{"rendered":"https:\/\/frontaliers-grandest.eu\/?page_id=8373"},"modified":"2026-01-15T16:12:15","modified_gmt":"2026-01-15T15:12:15","slug":"wann-kann-ich-in-den-ruhestand-gehen","status":"publish","type":"page","link":"https:\/\/frontaliers-grandest.eu\/de\/startseite\/grenzganger\/deutschland-frankreich\/sozialversicherung\/die-rentenversicherung\/wann-kann-ich-in-den-ruhestand-gehen\/","title":{"rendered":"Wann kann ich in den Ruhestand gehen ?"},"content":{"rendered":"\n<h3 class=\"wp-block-heading\"><strong>Sie haben Ihre gesamte berufliche Laufbahn in Frankreich absolviert<\/strong><\/h3>\n\n\n\n<p>In Frankreich variiert das gesetzliche Rentenalter je nach Geburtsjahr.<\/p>\n\n\n\n<p>Eine Rentenreform, die am 1. September 2023 in Kraft trat, sieht eine schrittweise Anhebung des gesetzlichen Rentenalters von 62 auf 64 Jahre vor. Das gesetzliche Rentenalter h\u00e4ngt vom Geburtsjahr der versicherten Person ab:<\/p>\n\n\n\n<figure class=\"wp-block-table\"><table><tbody><tr><td><strong>Geburtsjahr<\/strong><\/td><td><strong>Gesetzliches Rentenalter<\/strong><\/td><\/tr><tr><td>Vor dem 01\/09\/1961<\/td><td>62 Jahre<\/td><\/tr><tr><td>Zwischen dem 01\/09\/1961 und dem 31\/12\/1961<\/td><td>62 Jahre und 3 Monate<\/td><\/tr><tr><td>1962<\/td><td>62 Jahre und 6 Monate<\/td><\/tr><tr><td>1963<\/td><td>62 Jahre und 9 Monate<\/td><\/tr><tr><td>1964<\/td><td>63 Jahre<\/td><\/tr><tr><td>1965<\/td><td>63 Jahre und 3 Monate<\/td><\/tr><tr><td>1966<\/td><td>63 Jahre und 6 Monate<\/td><\/tr><tr><td>1967<\/td><td>63 Jahre und 9 Monate<\/td><\/tr><tr><td>Ab dem 01\/01\/1968<\/td><td>64 Jahre<\/td><\/tr><\/tbody><\/table><\/figure>\n\n\n\n<p>Zus\u00e4tzlich zum Alterskriterium ist es erforderlich, eine bestimmte Anzahl von Beitragsquartalen geleistet zu haben, um eine Rente in voller H\u00f6he zu erhalten. Um eine Rente beantragen zu k\u00f6nnen, muss man mindestens <strong>ein Quartal in Frankreich<\/strong> einbezahlt haben.<\/p>\n\n\n\n<p>Um dieses Quartal zu validieren, muss die versicherte Person mindestens <strong>150 Mal den Stundenlohn des SMIC<\/strong> eingezahlt haben, das hei\u00dft <strong>1.803 \u20ac f\u00fcr das Jahr 2026<\/strong>.<\/p>\n\n\n\n<p>Um eine Rente in voller H\u00f6he (Vollrente) zu erhalten, ist eine bestimmte Anzahl von Beitragsquartalen erforderlich :<\/p>\n\n\n\n<figure class=\"wp-block-table\"><table><tbody><tr><td><strong>Geburtsdatum<\/strong><\/td><td><strong><br>Rentenbeginn ab<\/strong> :<\/td><td><strong>Anzahl der erforderlichen Quartale f\u00fcr die Vollrente<\/strong><\/td><\/tr><tr><td>1956 order 1957<\/td><td>62 Jahre<\/td><td>166 (41 Jahre und 6 Monate)<\/td><\/tr><tr><td>Zwischen dem 01\/01\/1958 und dem 31\/12\/1960<\/td><td>62 Jahre<\/td><td>167 (41 Jahre und 9 Monate)<\/td><\/tr><tr><td>Zwischen dem 01\/01\/1961 und dem 31\/08\/1961<\/td><td>62 Jahre<\/td><td>168 (42 Jahre)<\/td><\/tr><tr><td>Zwischen dem 01\/09\/1961 und dem 31\/12\/1961<\/td><td>62 Jahre und 3 Monate<\/td><td>169 (42 Jahre und 3 Monate)<\/td><\/tr><tr><td>1962<\/td><td>62 Jahre und 6 Monate<\/td><td>169 (42 Jahre und 3 Monate)<\/td><\/tr><tr><td>1963<\/td><td>62 Jahre und 9 Monate<\/td><td>170 (42 Jahre und 6 Monate)<\/td><\/tr><tr><td>1964<\/td><td>63 Jahre<\/td><td>171 (42 Jahre und 9 Monate)<\/td><\/tr><tr><td>1965<\/td><td>63 Jahre und 3 Monate<\/td><td>172 (43 Jahre)<\/td><\/tr><tr><td>1966<\/td><td>63 Jahre und 6 Monate<\/td><td>172 (43 Jahre)<\/td><\/tr><tr><td>1967<\/td><td>63 Jahre und 9 Monate<\/td><td>172 (43 Jahre)<\/td><\/tr><tr><td>Ab dem 01\/01\/1968<\/td><td>64 Jahre<\/td><td>172 (43 Jahre)<\/td><\/tr><\/tbody><\/table><\/figure>\n\n\n\n<h5 class=\"wp-block-heading\">Vorzeitige Altersrente<\/h5>\n\n\n\n<p>Sie k\u00f6nnen eine vorzeitige Rente beziehen, sofern Sie folgende Bedingungen erf\u00fcllen :<\/p>\n\n\n\n<ol class=\"wp-block-list\">\n<li>wenn Sie sehr jung zu arbeiten angefangen haben<\/li>\n\n\n\n<li>und wenn Sie eine Mindestzahl der erforderlichen Versicherungstrimester nachweisen k\u00f6nnen (im Jahr Ihres 16. oder 17. Geburtstag)<\/li>\n\n\n\n<li>Schlie\u00dflich, wenn Sie eine bestimmte Beitragszeitrechtfertigen k\u00f6nnen.<\/li>\n<\/ol>\n\n\n\n<p>F\u00fcr weitere Informationen wenden Sie sich bitte an Ihre zust\u00e4ndige Versicherungskasse.<\/p>\n\n\n\n<p>So wird der Versicherte in<strong>&nbsp;60 Jahren in den Ruhestand gehen, wenn er seine Karriere vor dem Alter von 20 Jahre angefangen hat und eine Mindestperiode der Versicherungsbeitr\u00e4ge rechtfertigen kann<\/strong>&nbsp;(diese Periode ist der Dauer der Beitr\u00e4ge von Vollrente entspricht und variiert je &nbsp;nach dem Geburtsjahr des Versicherten).<\/p>\n\n\n\n<p>Weitere Informationen finden Sie auch auf dieser Seite : <a href=\"https:\/\/www.lassuranceretraite.fr\/portail-info\/home\/actif\/je-souhaite-partir-plus-tot.html\">Fr\u00fchzeitiger Eintritt in den Ruhestand \u2013 Rentenversicherung<\/a><\/p>\n\n\n\n<p>Jedes Jahr werden&nbsp;<strong>eine Lebensbescheinigung und eine Wohnsitzbescheinigung&nbsp; aufgefordert<\/strong>&nbsp;damit Sie Ihre franz\u00f6sische Rente erhalten k\u00f6nnten.<\/p>\n\n\n\n<p><strong>W\u00e4hrend Ihrer Anmeldung an die franz\u00f6sische soziale Versicherung wird ein individuelles Konto auf Ihren Namen er\u00f6ffnet<\/strong>, in dem die Jahresgeh\u00e4lter von Ihren franz\u00f6sischen Pensionsbeitr\u00e4gen erw\u00e4hnt werden. Dieses Konto wird von Ihrem Rentenversicherungstr\u00e4ger verwendet, um Ihre Franz\u00f6sisch R\u00fcckzug zu berechnen.<\/p>\n\n\n\n<h5 class=\"wp-block-heading\"><strong>Zusatzversicherung<\/strong><\/h5>\n\n\n\n<p><strong>\u00a0<\/strong>Alle Arbeitnehmer in Frankreich sind verpflichtet, einer Zusatzrentenkasse beizutreten. Diese Zusatzrentenkasse dient dazu, die allgemeine Rentenversicherung zu erg\u00e4nzen.<br>Um Ihre Zusatzrente in voller H\u00f6he zu erhalten, m\u00fcssen Sie zwischen 62 und 64 Jahre alt sein (abh\u00e4ngig von Ihrem Geburtsdatum und unter der Voraussetzung, dass Sie die Versicherungsdauer erf\u00fcllen, die Ihnen Anspruch auf Ihre Grundrente in voller H\u00f6he gibt). Wenn Sie sich entscheiden, Ihre Rente vor Erreichen dieses Alters zu beziehen, wird in der Regel ein Vorauszahlungskoeffizient angewendet, der den Betrag Ihrer Anspr\u00fcche mindert.<\/p>\n\n\n\n<p>Sie k\u00f6nnen eine Zusatzrente in voller H\u00f6he ohne Versicherungsdauer erhalten, wenn Sie das 67. Lebensjahr vollendet haben.<\/p>\n\n\n\n<h3 class=\"wp-block-heading\"><strong>Sie haben Ihre Karriere teilweise in Deutschalnd und teilweise in Frankreich absolviert<\/strong><\/h3>\n\n\n\n<p>Wenn sie in Frankreich (und\/oder in einem anderen Staat des europ\u00e4ischen Wirtschaftsraumes) und in Deutschland gearbeitet haben,<strong>&nbsp;erhalten Sie eine Altersrente von jedem Staat, unter der Bedingung, dass Sie in jedem Staat mindestens ein Jahr lang Beitr\u00e4ge gezahlt haben<\/strong>. Jedes Land ber\u00fccksichtigt die Versicherungsperioden im Ausland und pr\u00fcft ob Sie die gesetzlichen Voraussetzungen ausf\u00fcllen um eine Altersrente zu erhalten k\u00f6nnen.&nbsp;<strong>Jedes Land berechnet und zahlt den proportionalen Teil der Alterspension.<\/strong><\/p>\n\n\n\n<h5 class=\"wp-block-heading\"><strong>Deutsche Rente<\/strong><\/h5>\n\n\n\n<p>In Deutschland liegt das gesetzliche Rentenalter bei 65 Jahren (dieses Alter wird schrittweise auf 67 Jahre angehoben).<\/p>\n\n\n\n<p>Au\u00dferdem m\u00fcssen Sie mindestens 60 Monate (5 Jahre) in Deutschland versichert sein (oder Versicherungszeiten in Deutschland und Frankreich oder anderen L\u00e4ndern des Europ\u00e4ischen Wirtschaftsraums zusammenrechnen).<\/p>\n\n\n\n<p>Sie k\u00f6nnen ab 63 Jahren ohne Abschlag vorzeitig in Rente gehen (\u00dcbergangsbestimmung: \u00a7 236 b SGB VI). F\u00fcr Personen, die ab 1953 geboren sind, ergibt sich jedoch eine stufenweise Erh\u00f6hung um jeweils 2 Monate bis zum Alter von 65 Jahren (erreicht f\u00fcr Personen, die 1964 geboren sind). Au\u00dferdem m\u00fcssen 45 Beitragsjahre nachgewiesen werden, um diese Leistung in Anspruch nehmen zu k\u00f6nnen. Seit kurzem werden auch Arbeitslosengeld I sowie freiwillige Beitr\u00e4ge ber\u00fccksichtigt, wenn mindestens 18 Pflichtbeitragsjahre angespart wurden, ohne die 2 Jahre vor Beginn der Rente mitzurechnen (Ausnahmen: Insolvenz oder vollst\u00e4ndige Einstellung der T\u00e4tigkeit des Arbeitgebers).<\/p>\n\n\n\n<p>Ab dem Jahrgang 1949 wird das Rentenalter f\u00fcr Langzeitversicherte ebenfalls schrittweise von 65 auf 67 Jahre angehoben. Somit wird f\u00fcr Jahrg\u00e4nge ab 1964, die vorzeitig in Rente gehen m\u00f6chten, ein Abschlag von 14,4 % statt wie bisher 7,2 % gelten. Es gibt auch Ausnahmeregelungen, deren Einzelheiten bei den zust\u00e4ndigen Stellen erfragt werden k\u00f6nnen. Die Beitragsdauer f\u00fcr den Anspruch auf diese Rente betr\u00e4gt 35 Jahre (420 Monate).<\/p>\n\n\n\n<p>In allen anderen F\u00e4llen der vorzeitigen Pensionierung wird auf den Teil Ihrer deutschen Rente ein Abschlag von 0,3 % pro Monat der vorzeitigen Pensionierung zwischen dem Zeitpunkt Ihrer Pensionierung und dem Zeitpunkt, zu dem Sie normalerweise in Rente gehen m\u00fcssten, angewendet. Der Abschlag darf jedoch maximal 14,4 % betragen.<\/p>\n\n\n\n<h5 class=\"wp-block-heading\"><strong>Franz\u00f6sische Rente<\/strong><\/h5>\n\n\n\n<p>Sie k\u00f6nnen ab dem Alter von 62 Jahren in Rente gehen, aber die franz\u00f6sische Rente richtet sich nach der Dauer Ihrer dortigen Versicherungszeit. Sie m\u00fcssen bis zum Alter von 65 Jahren (oder \u00e4lter) warten, um Anspruch auf die normale deutsche Altersrente zu haben, die sich nach der Dauer Ihrer Versicherungszeit in Deutschland richtet.<\/p>\n","protected":false},"excerpt":{"rendered":"<p>Sie haben Ihre gesamte berufliche Laufbahn in Frankreich absolviert In Frankreich variiert das gesetzliche Rentenalter je nach Geburtsjahr. Eine Rentenreform, die am 1. September 2023 in Kraft trat, sieht eine schrittweise Anhebung des gesetzlichen Rentenalters von 62 auf 64 Jahre vor. Das gesetzliche Rentenalter h\u00e4ngt vom Geburtsjahr der versicherten Person ab: Geburtsjahr Gesetzliches Rentenalter Vor [&hellip;]<\/p>\n","protected":false},"author":7,"featured_media":0,"parent":8347,"menu_order":1,"comment_status":"closed","ping_status":"closed","template":"","meta":{"inline_featured_image":false,"footnotes":""},"tags":[461,448,833,517,830],"frge_profile":[225,231],"class_list":["post-8373","page","type-page","status-publish","hentry","tag-arbeitnehmer","tag-frankreich","tag-gesetzliches-rentenalter","tag-grengaenger","tag-rentner","frge_profile-arbeitnehmer","frge_profile-rentner"],"yoast_head":"<!-- This site is optimized with the Yoast SEO plugin v27.1.1 - https:\/\/yoast.com\/product\/yoast-seo-wordpress\/ -->\n<title>Wann kann ich in den Ruhestand gehen ? - Frontaliers Grand Est<\/title>\n<meta name=\"description\" content=\"Auf dieser Seite erfahren Sie, ab welchem Alter Sie Anspruch auf eine Altersrente aus Frankreich und Deutschland haben.\" \/>\n<meta name=\"robots\" content=\"index, follow, max-snippet:-1, max-image-preview:large, max-video-preview:-1\" \/>\n<link rel=\"canonical\" href=\"https:\/\/frontaliers-grandest.eu\/de\/startseite\/grenzganger\/deutschland-frankreich\/sozialversicherung\/die-rentenversicherung\/wann-kann-ich-in-den-ruhestand-gehen\/\" \/>\n<meta property=\"og:locale\" content=\"de_DE\" \/>\n<meta property=\"og:type\" content=\"article\" \/>\n<meta property=\"og:title\" content=\"Wann kann ich in den Ruhestand gehen ? - Frontaliers Grand Est\" \/>\n<meta property=\"og:description\" content=\"Auf dieser Seite erfahren Sie, ab welchem Alter Sie Anspruch auf eine Altersrente aus Frankreich und Deutschland haben.\" \/>\n<meta property=\"og:url\" content=\"https:\/\/frontaliers-grandest.eu\/de\/startseite\/grenzganger\/deutschland-frankreich\/sozialversicherung\/die-rentenversicherung\/wann-kann-ich-in-den-ruhestand-gehen\/\" \/>\n<meta property=\"og:site_name\" content=\"Frontaliers Grand Est\" \/>\n<meta property=\"article:publisher\" content=\"https:\/\/www.facebook.com\/frontaliers.GR.EST\/?locale=fr_FR\" \/>\n<meta property=\"article:modified_time\" content=\"2026-01-15T15:12:15+00:00\" \/>\n<meta name=\"twitter:card\" content=\"summary_large_image\" \/>\n<meta name=\"twitter:label1\" content=\"Gesch\u00e4tzte Lesezeit\" \/>\n\t<meta name=\"twitter:data1\" content=\"6\u00a0Minuten\" \/>\n<script type=\"application\/ld+json\" class=\"yoast-schema-graph\">{\"@context\":\"https:\/\/schema.org\",\"@graph\":[{\"@type\":\"WebPage\",\"@id\":\"https:\/\/frontaliers-grandest.eu\/de\/startseite\/grenzganger\/deutschland-frankreich\/sozialversicherung\/die-rentenversicherung\/wann-kann-ich-in-den-ruhestand-gehen\/\",\"url\":\"https:\/\/frontaliers-grandest.eu\/de\/startseite\/grenzganger\/deutschland-frankreich\/sozialversicherung\/die-rentenversicherung\/wann-kann-ich-in-den-ruhestand-gehen\/\",\"name\":\"Wann kann ich in den Ruhestand gehen ? - Frontaliers Grand Est\",\"isPartOf\":{\"@id\":\"https:\/\/frontaliers-grandest.eu\/de\/#website\"},\"datePublished\":\"2021-06-08T12:34:57+00:00\",\"dateModified\":\"2026-01-15T15:12:15+00:00\",\"description\":\"Auf dieser Seite erfahren Sie, ab welchem Alter Sie Anspruch auf eine Altersrente aus Frankreich und Deutschland haben.\",\"breadcrumb\":{\"@id\":\"https:\/\/frontaliers-grandest.eu\/de\/startseite\/grenzganger\/deutschland-frankreich\/sozialversicherung\/die-rentenversicherung\/wann-kann-ich-in-den-ruhestand-gehen\/#breadcrumb\"},\"inLanguage\":\"de\",\"potentialAction\":[{\"@type\":\"ReadAction\",\"target\":[\"https:\/\/frontaliers-grandest.eu\/de\/startseite\/grenzganger\/deutschland-frankreich\/sozialversicherung\/die-rentenversicherung\/wann-kann-ich-in-den-ruhestand-gehen\/\"]}]},{\"@type\":\"BreadcrumbList\",\"@id\":\"https:\/\/frontaliers-grandest.eu\/de\/startseite\/grenzganger\/deutschland-frankreich\/sozialversicherung\/die-rentenversicherung\/wann-kann-ich-in-den-ruhestand-gehen\/#breadcrumb\",\"itemListElement\":[{\"@type\":\"ListItem\",\"position\":1,\"name\":\"Startseite\",\"item\":\"https:\/\/frontaliers-grandest.eu\/de\/\"},{\"@type\":\"ListItem\",\"position\":2,\"name\":\"Grenzg\u00e4nger\",\"item\":\"https:\/\/frontaliers-grandest.eu\/de\/startseite\/grenzganger\/\"},{\"@type\":\"ListItem\",\"position\":3,\"name\":\"Deutschland - Frankreich\",\"item\":\"https:\/\/frontaliers-grandest.eu\/de\/startseite\/grenzganger\/deutschland-frankreich\/\"},{\"@type\":\"ListItem\",\"position\":4,\"name\":\"Sozialversicherung in Frankreich\",\"item\":\"https:\/\/frontaliers-grandest.eu\/de\/startseite\/grenzganger\/deutschland-frankreich\/sozialversicherung\/\"},{\"@type\":\"ListItem\",\"position\":5,\"name\":\"Die Rentenversicherung\",\"item\":\"https:\/\/frontaliers-grandest.eu\/de\/startseite\/grenzganger\/deutschland-frankreich\/sozialversicherung\/die-rentenversicherung\/\"},{\"@type\":\"ListItem\",\"position\":6,\"name\":\"Wann kann ich in den Ruhestand gehen ?\"}]},{\"@type\":\"WebSite\",\"@id\":\"https:\/\/frontaliers-grandest.eu\/de\/#website\",\"url\":\"https:\/\/frontaliers-grandest.eu\/de\/\",\"name\":\"Frontaliers Grand Est\",\"description\":\"Le site ressource du travail frontalier\",\"publisher\":{\"@id\":\"https:\/\/frontaliers-grandest.eu\/de\/#organization\"},\"alternateName\":\"Frontaliers Grand Est\",\"potentialAction\":[{\"@type\":\"SearchAction\",\"target\":{\"@type\":\"EntryPoint\",\"urlTemplate\":\"https:\/\/frontaliers-grandest.eu\/de\/?s={search_term_string}\"},\"query-input\":{\"@type\":\"PropertyValueSpecification\",\"valueRequired\":true,\"valueName\":\"search_term_string\"}}],\"inLanguage\":\"de\"},{\"@type\":\"Organization\",\"@id\":\"https:\/\/frontaliers-grandest.eu\/de\/#organization\",\"name\":\"Frontaliers Grand Est\",\"alternateName\":\"Frontaliers Grand Est\",\"url\":\"https:\/\/frontaliers-grandest.eu\/de\/\",\"logo\":{\"@type\":\"ImageObject\",\"inLanguage\":\"de\",\"@id\":\"https:\/\/frontaliers-grandest.eu\/de\/#\/schema\/logo\/image\/\",\"url\":\"https:\/\/frontaliers-grandest.eu\/wp-content\/uploads\/2025\/07\/260328234_2966785176920310_3332838526503858160_n.jpg\",\"contentUrl\":\"https:\/\/frontaliers-grandest.eu\/wp-content\/uploads\/2025\/07\/260328234_2966785176920310_3332838526503858160_n.jpg\",\"width\":396,\"height\":396,\"caption\":\"Frontaliers Grand Est\"},\"image\":{\"@id\":\"https:\/\/frontaliers-grandest.eu\/de\/#\/schema\/logo\/image\/\"},\"sameAs\":[\"https:\/\/www.facebook.com\/frontaliers.GR.EST\/?locale=fr_FR\"]}]}<\/script>\n<!-- \/ Yoast SEO plugin. -->","yoast_head_json":{"title":"Wann kann ich in den Ruhestand gehen ? - Frontaliers Grand Est","description":"Auf dieser Seite erfahren Sie, ab welchem Alter Sie Anspruch auf eine Altersrente aus Frankreich und Deutschland haben.","robots":{"index":"index","follow":"follow","max-snippet":"max-snippet:-1","max-image-preview":"max-image-preview:large","max-video-preview":"max-video-preview:-1"},"canonical":"https:\/\/frontaliers-grandest.eu\/de\/startseite\/grenzganger\/deutschland-frankreich\/sozialversicherung\/die-rentenversicherung\/wann-kann-ich-in-den-ruhestand-gehen\/","og_locale":"de_DE","og_type":"article","og_title":"Wann kann ich in den Ruhestand gehen ? - Frontaliers Grand Est","og_description":"Auf dieser Seite erfahren Sie, ab welchem Alter Sie Anspruch auf eine Altersrente aus Frankreich und Deutschland haben.","og_url":"https:\/\/frontaliers-grandest.eu\/de\/startseite\/grenzganger\/deutschland-frankreich\/sozialversicherung\/die-rentenversicherung\/wann-kann-ich-in-den-ruhestand-gehen\/","og_site_name":"Frontaliers Grand Est","article_publisher":"https:\/\/www.facebook.com\/frontaliers.GR.EST\/?locale=fr_FR","article_modified_time":"2026-01-15T15:12:15+00:00","twitter_card":"summary_large_image","twitter_misc":{"Gesch\u00e4tzte Lesezeit":"6\u00a0Minuten"},"schema":{"@context":"https:\/\/schema.org","@graph":[{"@type":"WebPage","@id":"https:\/\/frontaliers-grandest.eu\/de\/startseite\/grenzganger\/deutschland-frankreich\/sozialversicherung\/die-rentenversicherung\/wann-kann-ich-in-den-ruhestand-gehen\/","url":"https:\/\/frontaliers-grandest.eu\/de\/startseite\/grenzganger\/deutschland-frankreich\/sozialversicherung\/die-rentenversicherung\/wann-kann-ich-in-den-ruhestand-gehen\/","name":"Wann kann ich in den Ruhestand gehen ? - Frontaliers Grand Est","isPartOf":{"@id":"https:\/\/frontaliers-grandest.eu\/de\/#website"},"datePublished":"2021-06-08T12:34:57+00:00","dateModified":"2026-01-15T15:12:15+00:00","description":"Auf dieser Seite erfahren Sie, ab welchem Alter Sie Anspruch auf eine Altersrente aus Frankreich und Deutschland haben.","breadcrumb":{"@id":"https:\/\/frontaliers-grandest.eu\/de\/startseite\/grenzganger\/deutschland-frankreich\/sozialversicherung\/die-rentenversicherung\/wann-kann-ich-in-den-ruhestand-gehen\/#breadcrumb"},"inLanguage":"de","potentialAction":[{"@type":"ReadAction","target":["https:\/\/frontaliers-grandest.eu\/de\/startseite\/grenzganger\/deutschland-frankreich\/sozialversicherung\/die-rentenversicherung\/wann-kann-ich-in-den-ruhestand-gehen\/"]}]},{"@type":"BreadcrumbList","@id":"https:\/\/frontaliers-grandest.eu\/de\/startseite\/grenzganger\/deutschland-frankreich\/sozialversicherung\/die-rentenversicherung\/wann-kann-ich-in-den-ruhestand-gehen\/#breadcrumb","itemListElement":[{"@type":"ListItem","position":1,"name":"Startseite","item":"https:\/\/frontaliers-grandest.eu\/de\/"},{"@type":"ListItem","position":2,"name":"Grenzg\u00e4nger","item":"https:\/\/frontaliers-grandest.eu\/de\/startseite\/grenzganger\/"},{"@type":"ListItem","position":3,"name":"Deutschland - Frankreich","item":"https:\/\/frontaliers-grandest.eu\/de\/startseite\/grenzganger\/deutschland-frankreich\/"},{"@type":"ListItem","position":4,"name":"Sozialversicherung in Frankreich","item":"https:\/\/frontaliers-grandest.eu\/de\/startseite\/grenzganger\/deutschland-frankreich\/sozialversicherung\/"},{"@type":"ListItem","position":5,"name":"Die Rentenversicherung","item":"https:\/\/frontaliers-grandest.eu\/de\/startseite\/grenzganger\/deutschland-frankreich\/sozialversicherung\/die-rentenversicherung\/"},{"@type":"ListItem","position":6,"name":"Wann kann ich in den Ruhestand gehen ?"}]},{"@type":"WebSite","@id":"https:\/\/frontaliers-grandest.eu\/de\/#website","url":"https:\/\/frontaliers-grandest.eu\/de\/","name":"Frontaliers Grand Est","description":"Le site ressource du travail frontalier","publisher":{"@id":"https:\/\/frontaliers-grandest.eu\/de\/#organization"},"alternateName":"Frontaliers Grand Est","potentialAction":[{"@type":"SearchAction","target":{"@type":"EntryPoint","urlTemplate":"https:\/\/frontaliers-grandest.eu\/de\/?s={search_term_string}"},"query-input":{"@type":"PropertyValueSpecification","valueRequired":true,"valueName":"search_term_string"}}],"inLanguage":"de"},{"@type":"Organization","@id":"https:\/\/frontaliers-grandest.eu\/de\/#organization","name":"Frontaliers Grand Est","alternateName":"Frontaliers Grand Est","url":"https:\/\/frontaliers-grandest.eu\/de\/","logo":{"@type":"ImageObject","inLanguage":"de","@id":"https:\/\/frontaliers-grandest.eu\/de\/#\/schema\/logo\/image\/","url":"https:\/\/frontaliers-grandest.eu\/wp-content\/uploads\/2025\/07\/260328234_2966785176920310_3332838526503858160_n.jpg","contentUrl":"https:\/\/frontaliers-grandest.eu\/wp-content\/uploads\/2025\/07\/260328234_2966785176920310_3332838526503858160_n.jpg","width":396,"height":396,"caption":"Frontaliers Grand Est"},"image":{"@id":"https:\/\/frontaliers-grandest.eu\/de\/#\/schema\/logo\/image\/"},"sameAs":["https:\/\/www.facebook.com\/frontaliers.GR.EST\/?locale=fr_FR"]}]}},"frge_page_order":"0","_links":{"self":[{"href":"https:\/\/frontaliers-grandest.eu\/de\/wp-json\/wp\/v2\/pages\/8373","targetHints":{"allow":["GET"]}}],"collection":[{"href":"https:\/\/frontaliers-grandest.eu\/de\/wp-json\/wp\/v2\/pages"}],"about":[{"href":"https:\/\/frontaliers-grandest.eu\/de\/wp-json\/wp\/v2\/types\/page"}],"author":[{"embeddable":true,"href":"https:\/\/frontaliers-grandest.eu\/de\/wp-json\/wp\/v2\/users\/7"}],"replies":[{"embeddable":true,"href":"https:\/\/frontaliers-grandest.eu\/de\/wp-json\/wp\/v2\/comments?post=8373"}],"version-history":[{"count":4,"href":"https:\/\/frontaliers-grandest.eu\/de\/wp-json\/wp\/v2\/pages\/8373\/revisions"}],"predecessor-version":[{"id":56565,"href":"https:\/\/frontaliers-grandest.eu\/de\/wp-json\/wp\/v2\/pages\/8373\/revisions\/56565"}],"up":[{"embeddable":true,"href":"https:\/\/frontaliers-grandest.eu\/de\/wp-json\/wp\/v2\/pages\/8347"}],"wp:attachment":[{"href":"https:\/\/frontaliers-grandest.eu\/de\/wp-json\/wp\/v2\/media?parent=8373"}],"wp:term":[{"taxonomy":"post_tag","embeddable":true,"href":"https:\/\/frontaliers-grandest.eu\/de\/wp-json\/wp\/v2\/tags?post=8373"},{"taxonomy":"frge_profile","embeddable":true,"href":"https:\/\/frontaliers-grandest.eu\/de\/wp-json\/wp\/v2\/frge_profile?post=8373"}],"curies":[{"name":"wp","href":"https:\/\/api.w.org\/{rel}","templated":true}]}}