{"id":8371,"date":"2021-06-08T14:31:54","date_gmt":"2021-06-08T12:31:54","guid":{"rendered":"https:\/\/frontaliers-grandest.eu\/?page_id=8371"},"modified":"2026-01-15T15:28:10","modified_gmt":"2026-01-15T14:28:10","slug":"welche-formalitaten-sind-fur-den-bezug-der-altersrente-erforderlich","status":"publish","type":"page","link":"https:\/\/frontaliers-grandest.eu\/de\/startseite\/grenzganger\/deutschland-frankreich\/sozialversicherung\/die-rentenversicherung\/welche-formalitaten-sind-fur-den-bezug-der-altersrente-erforderlich\/","title":{"rendered":"Welche Formalit\u00e4ten sind f\u00fcr den Bezug der Altersrente erforderlich ?"},"content":{"rendered":"\n<p>Sowohl in Frankreich als auch in Deutschland ist&nbsp;<strong>die Rentenversicherung eine gesetzliche Sozialversicherung<\/strong>. Als in Frankreich besch\u00e4ftigter Arbeitnehmer zahlen Sie Beitr\u00e4ge zur Rentenversicherung, die&nbsp;<strong>direkt von Ihrem Gehalt abgezogen und vom Arbeitgeber an die zust\u00e4ndige Kasse in Frankreich \u00fcberwiesen werden<\/strong>.<\/p>\n\n\n\n<p>Die Rente wird nicht automatisch bewilligt :&nbsp;<strong>Sie m\u00fcssen hierf\u00fcr einen Antrag stellen.<\/strong>&nbsp;&nbsp;<\/p>\n\n\n\n<p>Um Ihre Rente zu erhalten, m\u00fcssen Sie lediglich<strong>&nbsp;vier bis f\u00fcnf Monate vor Beginn Ihrer Rente bei der Versicherungskasse<\/strong>&nbsp;(Deutsche Rentenversicherung, Knappschaft-Bahn-See, usw.)&nbsp;<strong>in Deutschland&nbsp;einen Rentenantrag stellen<\/strong>&nbsp;und diese \u00fcber Ihre unselbst\u00e4ndige Erwerbst\u00e4tigkeit in Frankreich informieren. Sie leitet dann die notwendigen Schritte ein, damit Sie von beiden L\u00e4ndern Ihre Altersrenten beziehen k\u00f6nnen.<\/p>\n\n\n\n<p>Wenn Sie&nbsp;<strong>niemals in Deutschland gearbeitet haben, m\u00fcssen Sie einen Antrag bei Ihrer zust\u00e4ndigen Rentenversicherung in Frankreich stellen.<\/strong><\/p>\n\n\n\n<p>Ferner wird empfohlen, einige Jahre vor Eintritt in den Ruhestand bei Ihrer Kasse einen Versicherungsverlauf anzufordern, um diesen auf L\u00fccken zu \u00fcberpr\u00fcfen und Ihren \u00dcbergang vom Erwerbseinkommen zur Rente zu erleichtern.<\/p>\n\n\n\n<p>Die<strong>&nbsp;Anforderung des Versicherungsverlaufs gilt jedoch nicht als Rentenantrag<\/strong>!<\/p>\n\n\n\n<p>Sie k\u00f6nnen ebenfalls als k\u00fcnftiger Rentner bei der&nbsp;<strong>CICAS<\/strong>&nbsp;(Centre d\u2019Information et de Coordination de l\u2019Action Sociale \/ Informations- und Koordinationszentrum f\u00fcr soziale Angelegenheiten) einen franz\u00f6sischen Versicherungverlauf anfordern,&nbsp;<strong>um sich \u00fcber Ihre&nbsp;Anspr\u00fcche auf die franz\u00f6sische Zusatzrente&nbsp;zu informieren.<\/strong><\/p>\n","protected":false},"excerpt":{"rendered":"<p>Sowohl in Frankreich als auch in Deutschland ist&nbsp;die Rentenversicherung eine gesetzliche Sozialversicherung. Als in Frankreich besch\u00e4ftigter Arbeitnehmer zahlen Sie Beitr\u00e4ge zur Rentenversicherung, die&nbsp;direkt von Ihrem Gehalt abgezogen und vom Arbeitgeber an die zust\u00e4ndige Kasse in Frankreich \u00fcberwiesen werden. Die Rente wird nicht automatisch bewilligt :&nbsp;Sie m\u00fcssen hierf\u00fcr einen Antrag stellen.&nbsp;&nbsp; Um Ihre Rente zu erhalten, [&hellip;]<\/p>\n","protected":false},"author":7,"featured_media":0,"parent":8347,"menu_order":0,"comment_status":"closed","ping_status":"closed","template":"","meta":{"inline_featured_image":false,"footnotes":""},"tags":[461,832,448,517,829,830],"frge_profile":[225,231],"class_list":["post-8371","page","type-page","status-publish","hentry","tag-arbeitnehmer","tag-formalitaeten","tag-frankreich","tag-grengaenger","tag-rentenversicherung","tag-rentner","frge_profile-arbeitnehmer","frge_profile-rentner"],"yoast_head":"<!-- This site is optimized with the Yoast SEO plugin v27.1.1 - https:\/\/yoast.com\/product\/yoast-seo-wordpress\/ -->\n<title>Welche Formalit\u00e4ten sind f\u00fcr den Bezug der Altersrente erforderlich ? - Frontaliers Grand Est<\/title>\n<meta name=\"description\" content=\"Erfahren Sie, welche Schritte Sie unternehmen m\u00fcssen, um Ihre Altersrente als Grenzg\u00e4nger zu beziehen.\" \/>\n<meta name=\"robots\" content=\"index, follow, max-snippet:-1, max-image-preview:large, max-video-preview:-1\" \/>\n<link rel=\"canonical\" href=\"https:\/\/frontaliers-grandest.eu\/de\/startseite\/grenzganger\/deutschland-frankreich\/sozialversicherung\/die-rentenversicherung\/welche-formalitaten-sind-fur-den-bezug-der-altersrente-erforderlich\/\" \/>\n<meta property=\"og:locale\" content=\"de_DE\" \/>\n<meta property=\"og:type\" content=\"article\" \/>\n<meta property=\"og:title\" content=\"Welche Formalit\u00e4ten sind f\u00fcr den Bezug der Altersrente erforderlich ? - Frontaliers Grand Est\" \/>\n<meta property=\"og:description\" content=\"Erfahren Sie, welche Schritte Sie unternehmen m\u00fcssen, um Ihre Altersrente als Grenzg\u00e4nger zu beziehen.\" \/>\n<meta property=\"og:url\" content=\"https:\/\/frontaliers-grandest.eu\/de\/startseite\/grenzganger\/deutschland-frankreich\/sozialversicherung\/die-rentenversicherung\/welche-formalitaten-sind-fur-den-bezug-der-altersrente-erforderlich\/\" \/>\n<meta property=\"og:site_name\" content=\"Frontaliers Grand Est\" \/>\n<meta property=\"article:publisher\" content=\"https:\/\/www.facebook.com\/frontaliers.GR.EST\/?locale=fr_FR\" \/>\n<meta property=\"article:modified_time\" content=\"2026-01-15T14:28:10+00:00\" \/>\n<meta name=\"twitter:card\" content=\"summary_large_image\" \/>\n<meta name=\"twitter:label1\" content=\"Gesch\u00e4tzte Lesezeit\" \/>\n\t<meta name=\"twitter:data1\" content=\"2\u00a0Minuten\" \/>\n<script type=\"application\/ld+json\" class=\"yoast-schema-graph\">{\"@context\":\"https:\/\/schema.org\",\"@graph\":[{\"@type\":\"WebPage\",\"@id\":\"https:\/\/frontaliers-grandest.eu\/de\/startseite\/grenzganger\/deutschland-frankreich\/sozialversicherung\/die-rentenversicherung\/welche-formalitaten-sind-fur-den-bezug-der-altersrente-erforderlich\/\",\"url\":\"https:\/\/frontaliers-grandest.eu\/de\/startseite\/grenzganger\/deutschland-frankreich\/sozialversicherung\/die-rentenversicherung\/welche-formalitaten-sind-fur-den-bezug-der-altersrente-erforderlich\/\",\"name\":\"Welche Formalit\u00e4ten sind f\u00fcr den Bezug der Altersrente erforderlich ? - Frontaliers Grand Est\",\"isPartOf\":{\"@id\":\"https:\/\/frontaliers-grandest.eu\/de\/#website\"},\"datePublished\":\"2021-06-08T12:31:54+00:00\",\"dateModified\":\"2026-01-15T14:28:10+00:00\",\"description\":\"Erfahren Sie, welche Schritte Sie unternehmen m\u00fcssen, um Ihre Altersrente als Grenzg\u00e4nger zu beziehen.\",\"breadcrumb\":{\"@id\":\"https:\/\/frontaliers-grandest.eu\/de\/startseite\/grenzganger\/deutschland-frankreich\/sozialversicherung\/die-rentenversicherung\/welche-formalitaten-sind-fur-den-bezug-der-altersrente-erforderlich\/#breadcrumb\"},\"inLanguage\":\"de\",\"potentialAction\":[{\"@type\":\"ReadAction\",\"target\":[\"https:\/\/frontaliers-grandest.eu\/de\/startseite\/grenzganger\/deutschland-frankreich\/sozialversicherung\/die-rentenversicherung\/welche-formalitaten-sind-fur-den-bezug-der-altersrente-erforderlich\/\"]}]},{\"@type\":\"BreadcrumbList\",\"@id\":\"https:\/\/frontaliers-grandest.eu\/de\/startseite\/grenzganger\/deutschland-frankreich\/sozialversicherung\/die-rentenversicherung\/welche-formalitaten-sind-fur-den-bezug-der-altersrente-erforderlich\/#breadcrumb\",\"itemListElement\":[{\"@type\":\"ListItem\",\"position\":1,\"name\":\"Startseite\",\"item\":\"https:\/\/frontaliers-grandest.eu\/de\/\"},{\"@type\":\"ListItem\",\"position\":2,\"name\":\"Grenzg\u00e4nger\",\"item\":\"https:\/\/frontaliers-grandest.eu\/de\/startseite\/grenzganger\/\"},{\"@type\":\"ListItem\",\"position\":3,\"name\":\"Deutschland - Frankreich\",\"item\":\"https:\/\/frontaliers-grandest.eu\/de\/startseite\/grenzganger\/deutschland-frankreich\/\"},{\"@type\":\"ListItem\",\"position\":4,\"name\":\"Sozialversicherung in Frankreich\",\"item\":\"https:\/\/frontaliers-grandest.eu\/de\/startseite\/grenzganger\/deutschland-frankreich\/sozialversicherung\/\"},{\"@type\":\"ListItem\",\"position\":5,\"name\":\"Die Rentenversicherung\",\"item\":\"https:\/\/frontaliers-grandest.eu\/de\/startseite\/grenzganger\/deutschland-frankreich\/sozialversicherung\/die-rentenversicherung\/\"},{\"@type\":\"ListItem\",\"position\":6,\"name\":\"Welche Formalit\u00e4ten sind f\u00fcr den Bezug der Altersrente erforderlich ?\"}]},{\"@type\":\"WebSite\",\"@id\":\"https:\/\/frontaliers-grandest.eu\/de\/#website\",\"url\":\"https:\/\/frontaliers-grandest.eu\/de\/\",\"name\":\"Frontaliers Grand Est\",\"description\":\"Le site ressource du travail frontalier\",\"publisher\":{\"@id\":\"https:\/\/frontaliers-grandest.eu\/de\/#organization\"},\"alternateName\":\"Frontaliers Grand Est\",\"potentialAction\":[{\"@type\":\"SearchAction\",\"target\":{\"@type\":\"EntryPoint\",\"urlTemplate\":\"https:\/\/frontaliers-grandest.eu\/de\/?s={search_term_string}\"},\"query-input\":{\"@type\":\"PropertyValueSpecification\",\"valueRequired\":true,\"valueName\":\"search_term_string\"}}],\"inLanguage\":\"de\"},{\"@type\":\"Organization\",\"@id\":\"https:\/\/frontaliers-grandest.eu\/de\/#organization\",\"name\":\"Frontaliers Grand Est\",\"alternateName\":\"Frontaliers Grand Est\",\"url\":\"https:\/\/frontaliers-grandest.eu\/de\/\",\"logo\":{\"@type\":\"ImageObject\",\"inLanguage\":\"de\",\"@id\":\"https:\/\/frontaliers-grandest.eu\/de\/#\/schema\/logo\/image\/\",\"url\":\"https:\/\/frontaliers-grandest.eu\/wp-content\/uploads\/2025\/07\/260328234_2966785176920310_3332838526503858160_n.jpg\",\"contentUrl\":\"https:\/\/frontaliers-grandest.eu\/wp-content\/uploads\/2025\/07\/260328234_2966785176920310_3332838526503858160_n.jpg\",\"width\":396,\"height\":396,\"caption\":\"Frontaliers Grand Est\"},\"image\":{\"@id\":\"https:\/\/frontaliers-grandest.eu\/de\/#\/schema\/logo\/image\/\"},\"sameAs\":[\"https:\/\/www.facebook.com\/frontaliers.GR.EST\/?locale=fr_FR\"]}]}<\/script>\n<!-- \/ Yoast SEO plugin. -->","yoast_head_json":{"title":"Welche Formalit\u00e4ten sind f\u00fcr den Bezug der Altersrente erforderlich ? - Frontaliers Grand Est","description":"Erfahren Sie, welche Schritte Sie unternehmen m\u00fcssen, um Ihre Altersrente als Grenzg\u00e4nger zu beziehen.","robots":{"index":"index","follow":"follow","max-snippet":"max-snippet:-1","max-image-preview":"max-image-preview:large","max-video-preview":"max-video-preview:-1"},"canonical":"https:\/\/frontaliers-grandest.eu\/de\/startseite\/grenzganger\/deutschland-frankreich\/sozialversicherung\/die-rentenversicherung\/welche-formalitaten-sind-fur-den-bezug-der-altersrente-erforderlich\/","og_locale":"de_DE","og_type":"article","og_title":"Welche Formalit\u00e4ten sind f\u00fcr den Bezug der Altersrente erforderlich ? - Frontaliers Grand Est","og_description":"Erfahren Sie, welche Schritte Sie unternehmen m\u00fcssen, um Ihre Altersrente als Grenzg\u00e4nger zu beziehen.","og_url":"https:\/\/frontaliers-grandest.eu\/de\/startseite\/grenzganger\/deutschland-frankreich\/sozialversicherung\/die-rentenversicherung\/welche-formalitaten-sind-fur-den-bezug-der-altersrente-erforderlich\/","og_site_name":"Frontaliers Grand Est","article_publisher":"https:\/\/www.facebook.com\/frontaliers.GR.EST\/?locale=fr_FR","article_modified_time":"2026-01-15T14:28:10+00:00","twitter_card":"summary_large_image","twitter_misc":{"Gesch\u00e4tzte Lesezeit":"2\u00a0Minuten"},"schema":{"@context":"https:\/\/schema.org","@graph":[{"@type":"WebPage","@id":"https:\/\/frontaliers-grandest.eu\/de\/startseite\/grenzganger\/deutschland-frankreich\/sozialversicherung\/die-rentenversicherung\/welche-formalitaten-sind-fur-den-bezug-der-altersrente-erforderlich\/","url":"https:\/\/frontaliers-grandest.eu\/de\/startseite\/grenzganger\/deutschland-frankreich\/sozialversicherung\/die-rentenversicherung\/welche-formalitaten-sind-fur-den-bezug-der-altersrente-erforderlich\/","name":"Welche Formalit\u00e4ten sind f\u00fcr den Bezug der Altersrente erforderlich ? - Frontaliers Grand Est","isPartOf":{"@id":"https:\/\/frontaliers-grandest.eu\/de\/#website"},"datePublished":"2021-06-08T12:31:54+00:00","dateModified":"2026-01-15T14:28:10+00:00","description":"Erfahren Sie, welche Schritte Sie unternehmen m\u00fcssen, um Ihre Altersrente als Grenzg\u00e4nger zu beziehen.","breadcrumb":{"@id":"https:\/\/frontaliers-grandest.eu\/de\/startseite\/grenzganger\/deutschland-frankreich\/sozialversicherung\/die-rentenversicherung\/welche-formalitaten-sind-fur-den-bezug-der-altersrente-erforderlich\/#breadcrumb"},"inLanguage":"de","potentialAction":[{"@type":"ReadAction","target":["https:\/\/frontaliers-grandest.eu\/de\/startseite\/grenzganger\/deutschland-frankreich\/sozialversicherung\/die-rentenversicherung\/welche-formalitaten-sind-fur-den-bezug-der-altersrente-erforderlich\/"]}]},{"@type":"BreadcrumbList","@id":"https:\/\/frontaliers-grandest.eu\/de\/startseite\/grenzganger\/deutschland-frankreich\/sozialversicherung\/die-rentenversicherung\/welche-formalitaten-sind-fur-den-bezug-der-altersrente-erforderlich\/#breadcrumb","itemListElement":[{"@type":"ListItem","position":1,"name":"Startseite","item":"https:\/\/frontaliers-grandest.eu\/de\/"},{"@type":"ListItem","position":2,"name":"Grenzg\u00e4nger","item":"https:\/\/frontaliers-grandest.eu\/de\/startseite\/grenzganger\/"},{"@type":"ListItem","position":3,"name":"Deutschland - Frankreich","item":"https:\/\/frontaliers-grandest.eu\/de\/startseite\/grenzganger\/deutschland-frankreich\/"},{"@type":"ListItem","position":4,"name":"Sozialversicherung in Frankreich","item":"https:\/\/frontaliers-grandest.eu\/de\/startseite\/grenzganger\/deutschland-frankreich\/sozialversicherung\/"},{"@type":"ListItem","position":5,"name":"Die Rentenversicherung","item":"https:\/\/frontaliers-grandest.eu\/de\/startseite\/grenzganger\/deutschland-frankreich\/sozialversicherung\/die-rentenversicherung\/"},{"@type":"ListItem","position":6,"name":"Welche Formalit\u00e4ten sind f\u00fcr den Bezug der Altersrente erforderlich ?"}]},{"@type":"WebSite","@id":"https:\/\/frontaliers-grandest.eu\/de\/#website","url":"https:\/\/frontaliers-grandest.eu\/de\/","name":"Frontaliers Grand Est","description":"Le site ressource du travail frontalier","publisher":{"@id":"https:\/\/frontaliers-grandest.eu\/de\/#organization"},"alternateName":"Frontaliers Grand Est","potentialAction":[{"@type":"SearchAction","target":{"@type":"EntryPoint","urlTemplate":"https:\/\/frontaliers-grandest.eu\/de\/?s={search_term_string}"},"query-input":{"@type":"PropertyValueSpecification","valueRequired":true,"valueName":"search_term_string"}}],"inLanguage":"de"},{"@type":"Organization","@id":"https:\/\/frontaliers-grandest.eu\/de\/#organization","name":"Frontaliers Grand Est","alternateName":"Frontaliers Grand Est","url":"https:\/\/frontaliers-grandest.eu\/de\/","logo":{"@type":"ImageObject","inLanguage":"de","@id":"https:\/\/frontaliers-grandest.eu\/de\/#\/schema\/logo\/image\/","url":"https:\/\/frontaliers-grandest.eu\/wp-content\/uploads\/2025\/07\/260328234_2966785176920310_3332838526503858160_n.jpg","contentUrl":"https:\/\/frontaliers-grandest.eu\/wp-content\/uploads\/2025\/07\/260328234_2966785176920310_3332838526503858160_n.jpg","width":396,"height":396,"caption":"Frontaliers Grand Est"},"image":{"@id":"https:\/\/frontaliers-grandest.eu\/de\/#\/schema\/logo\/image\/"},"sameAs":["https:\/\/www.facebook.com\/frontaliers.GR.EST\/?locale=fr_FR"]}]}},"frge_page_order":"0","_links":{"self":[{"href":"https:\/\/frontaliers-grandest.eu\/de\/wp-json\/wp\/v2\/pages\/8371","targetHints":{"allow":["GET"]}}],"collection":[{"href":"https:\/\/frontaliers-grandest.eu\/de\/wp-json\/wp\/v2\/pages"}],"about":[{"href":"https:\/\/frontaliers-grandest.eu\/de\/wp-json\/wp\/v2\/types\/page"}],"author":[{"embeddable":true,"href":"https:\/\/frontaliers-grandest.eu\/de\/wp-json\/wp\/v2\/users\/7"}],"replies":[{"embeddable":true,"href":"https:\/\/frontaliers-grandest.eu\/de\/wp-json\/wp\/v2\/comments?post=8371"}],"version-history":[{"count":1,"href":"https:\/\/frontaliers-grandest.eu\/de\/wp-json\/wp\/v2\/pages\/8371\/revisions"}],"predecessor-version":[{"id":8372,"href":"https:\/\/frontaliers-grandest.eu\/de\/wp-json\/wp\/v2\/pages\/8371\/revisions\/8372"}],"up":[{"embeddable":true,"href":"https:\/\/frontaliers-grandest.eu\/de\/wp-json\/wp\/v2\/pages\/8347"}],"wp:attachment":[{"href":"https:\/\/frontaliers-grandest.eu\/de\/wp-json\/wp\/v2\/media?parent=8371"}],"wp:term":[{"taxonomy":"post_tag","embeddable":true,"href":"https:\/\/frontaliers-grandest.eu\/de\/wp-json\/wp\/v2\/tags?post=8371"},{"taxonomy":"frge_profile","embeddable":true,"href":"https:\/\/frontaliers-grandest.eu\/de\/wp-json\/wp\/v2\/frge_profile?post=8371"}],"curies":[{"name":"wp","href":"https:\/\/api.w.org\/{rel}","templated":true}]}}