{"id":8347,"date":"2021-06-08T14:15:15","date_gmt":"2021-06-08T12:15:15","guid":{"rendered":"https:\/\/frontaliers-grandest.eu\/?page_id=8347"},"modified":"2026-01-15T17:22:55","modified_gmt":"2026-01-15T16:22:55","slug":"die-rentenversicherung","status":"publish","type":"page","link":"https:\/\/frontaliers-grandest.eu\/de\/startseite\/grenzganger\/deutschland-frankreich\/sozialversicherung\/die-rentenversicherung\/","title":{"rendered":"Die Rentenversicherung"},"content":{"rendered":"\n<ul class=\"wp-block-list\">\n<li>Als Arbeitnehmer\u00a0<strong>zahlen Sie Ihre Beitr\u00e4ge zur Alters- und Invalidit\u00e4tsversicherung in Frankreich.<\/strong><\/li>\n\n\n\n<li>Wenn Sie nur in Frankreich gearbeitet habe<strong>n, k\u00f6nnen Sie eine franz\u00f6sische Alterspension in Anspruch nehmen, erst wenn Sie w\u00e4hrend 3 Monate<\/strong>\u00a0(1 Trimester) altersversichert waren (notwendige Voraussetzung \u00a0f\u00fcr die Versorgungszusage).<\/li>\n\n\n\n<li>Wenn sie in Frankreich (und\/oder in einem anderen Staat des europ\u00e4ischen Wirtschaftsraumes) und in Deutschland gearbeitet haben, erhalten Sie eine Alt<strong>ersrente von jedem Staat, unter der Bedingung, dass Sie in jedem Staat mindestens ein Jahr lang Beitr\u00e4ge gezahlt haben.<\/strong>\u00a0Jedes Land berechnet und zahlt den proportionalen Teil der Alterspension.<\/li>\n<\/ul>\n\n\n\n<p>Das gesetzliche Rentenalter ist in Frankreich und Deutschland nicht gleich. In Deutschland liegt es zwischen 65 und 67 Jahren, je nach Ihrem Geburtsjahr. In Frankreich liegt es zwischen 62 und 64 Jahren, je nach Ihrem Geburtsjahr.<\/p>\n\n\n\n<p>Im Gegensatz zu Deutschland ist die Zusatzrenteversicherung eine Pflicht in Frankreich, deren Ziel ist, die Grundleistungen zu erg\u00e4nzen.<\/p>\n","protected":false},"excerpt":{"rendered":"<p>Das gesetzliche Rentenalter ist in Frankreich und Deutschland nicht gleich. In Deutschland liegt es zwischen 65 und 67 Jahren, je nach Ihrem Geburtsjahr. In Frankreich liegt es zwischen 62 und 64 Jahren, je nach Ihrem Geburtsjahr. Im Gegensatz zu Deutschland ist die Zusatzrenteversicherung eine Pflicht in Frankreich, deren Ziel ist, die Grundleistungen zu erg\u00e4nzen.<\/p>\n","protected":false},"author":7,"featured_media":9901,"parent":8236,"menu_order":0,"comment_status":"closed","ping_status":"closed","template":"","meta":{"inline_featured_image":false,"footnotes":""},"tags":[461,448,517,829,830],"frge_profile":[225,231],"class_list":["post-8347","page","type-page","status-publish","has-post-thumbnail","hentry","tag-arbeitnehmer","tag-frankreich","tag-grengaenger","tag-rentenversicherung","tag-rentner","frge_profile-arbeitnehmer","frge_profile-rentner"],"yoast_head":"<!-- This site is optimized with the Yoast SEO plugin v27.1.1 - https:\/\/yoast.com\/product\/yoast-seo-wordpress\/ -->\n<title>Die Rentenversicherung - Frontaliers Grand Est<\/title>\n<meta name=\"description\" content=\"Hier finden Sie alle Informationen zur Rente in Frankreich f\u00fcr Grenzg\u00e4nger (Beh\u00f6rdeng\u00e4nge, Betr\u00e4ge, Renteneintrittsalter usw).\" \/>\n<meta name=\"robots\" content=\"index, follow, max-snippet:-1, max-image-preview:large, max-video-preview:-1\" \/>\n<link rel=\"canonical\" href=\"https:\/\/frontaliers-grandest.eu\/de\/startseite\/grenzganger\/deutschland-frankreich\/sozialversicherung\/die-rentenversicherung\/\" \/>\n<meta property=\"og:locale\" content=\"de_DE\" \/>\n<meta property=\"og:type\" content=\"article\" \/>\n<meta property=\"og:title\" content=\"Die Rentenversicherung - Frontaliers Grand Est\" \/>\n<meta property=\"og:description\" content=\"Hier finden Sie alle Informationen zur Rente in Frankreich f\u00fcr Grenzg\u00e4nger (Beh\u00f6rdeng\u00e4nge, Betr\u00e4ge, Renteneintrittsalter usw).\" \/>\n<meta property=\"og:url\" content=\"https:\/\/frontaliers-grandest.eu\/de\/startseite\/grenzganger\/deutschland-frankreich\/sozialversicherung\/die-rentenversicherung\/\" \/>\n<meta property=\"og:site_name\" content=\"Frontaliers Grand Est\" \/>\n<meta property=\"article:publisher\" content=\"https:\/\/www.facebook.com\/frontaliers.GR.EST\/?locale=fr_FR\" \/>\n<meta property=\"article:modified_time\" content=\"2026-01-15T16:22:55+00:00\" \/>\n<meta property=\"og:image\" content=\"https:\/\/frontaliers-grandest.eu\/wp-content\/uploads\/2021\/07\/Retraite-1.jpg\" \/>\n\t<meta property=\"og:image:width\" content=\"509\" \/>\n\t<meta property=\"og:image:height\" content=\"339\" \/>\n\t<meta property=\"og:image:type\" content=\"image\/jpeg\" \/>\n<meta name=\"twitter:card\" content=\"summary_large_image\" \/>\n<meta name=\"twitter:label1\" content=\"Gesch\u00e4tzte Lesezeit\" \/>\n\t<meta name=\"twitter:data1\" content=\"1\u00a0Minute\" \/>\n<script type=\"application\/ld+json\" class=\"yoast-schema-graph\">{\"@context\":\"https:\/\/schema.org\",\"@graph\":[{\"@type\":\"WebPage\",\"@id\":\"https:\/\/frontaliers-grandest.eu\/de\/startseite\/grenzganger\/deutschland-frankreich\/sozialversicherung\/die-rentenversicherung\/\",\"url\":\"https:\/\/frontaliers-grandest.eu\/de\/startseite\/grenzganger\/deutschland-frankreich\/sozialversicherung\/die-rentenversicherung\/\",\"name\":\"Die Rentenversicherung - Frontaliers Grand Est\",\"isPartOf\":{\"@id\":\"https:\/\/frontaliers-grandest.eu\/de\/#website\"},\"primaryImageOfPage\":{\"@id\":\"https:\/\/frontaliers-grandest.eu\/de\/startseite\/grenzganger\/deutschland-frankreich\/sozialversicherung\/die-rentenversicherung\/#primaryimage\"},\"image\":{\"@id\":\"https:\/\/frontaliers-grandest.eu\/de\/startseite\/grenzganger\/deutschland-frankreich\/sozialversicherung\/die-rentenversicherung\/#primaryimage\"},\"thumbnailUrl\":\"https:\/\/frontaliers-grandest.eu\/wp-content\/uploads\/2021\/07\/Retraite-1.jpg\",\"datePublished\":\"2021-06-08T12:15:15+00:00\",\"dateModified\":\"2026-01-15T16:22:55+00:00\",\"description\":\"Hier finden Sie alle Informationen zur Rente in Frankreich f\u00fcr Grenzg\u00e4nger (Beh\u00f6rdeng\u00e4nge, Betr\u00e4ge, Renteneintrittsalter usw).\",\"breadcrumb\":{\"@id\":\"https:\/\/frontaliers-grandest.eu\/de\/startseite\/grenzganger\/deutschland-frankreich\/sozialversicherung\/die-rentenversicherung\/#breadcrumb\"},\"inLanguage\":\"de\",\"potentialAction\":[{\"@type\":\"ReadAction\",\"target\":[\"https:\/\/frontaliers-grandest.eu\/de\/startseite\/grenzganger\/deutschland-frankreich\/sozialversicherung\/die-rentenversicherung\/\"]}]},{\"@type\":\"ImageObject\",\"inLanguage\":\"de\",\"@id\":\"https:\/\/frontaliers-grandest.eu\/de\/startseite\/grenzganger\/deutschland-frankreich\/sozialversicherung\/die-rentenversicherung\/#primaryimage\",\"url\":\"https:\/\/frontaliers-grandest.eu\/wp-content\/uploads\/2021\/07\/Retraite-1.jpg\",\"contentUrl\":\"https:\/\/frontaliers-grandest.eu\/wp-content\/uploads\/2021\/07\/Retraite-1.jpg\",\"width\":509,\"height\":339,\"caption\":\"Retraite pour les Frontaliers\"},{\"@type\":\"BreadcrumbList\",\"@id\":\"https:\/\/frontaliers-grandest.eu\/de\/startseite\/grenzganger\/deutschland-frankreich\/sozialversicherung\/die-rentenversicherung\/#breadcrumb\",\"itemListElement\":[{\"@type\":\"ListItem\",\"position\":1,\"name\":\"Startseite\",\"item\":\"https:\/\/frontaliers-grandest.eu\/de\/\"},{\"@type\":\"ListItem\",\"position\":2,\"name\":\"Grenzg\u00e4nger\",\"item\":\"https:\/\/frontaliers-grandest.eu\/de\/startseite\/grenzganger\/\"},{\"@type\":\"ListItem\",\"position\":3,\"name\":\"Deutschland - Frankreich\",\"item\":\"https:\/\/frontaliers-grandest.eu\/de\/startseite\/grenzganger\/deutschland-frankreich\/\"},{\"@type\":\"ListItem\",\"position\":4,\"name\":\"Sozialversicherung in Frankreich\",\"item\":\"https:\/\/frontaliers-grandest.eu\/de\/startseite\/grenzganger\/deutschland-frankreich\/sozialversicherung\/\"},{\"@type\":\"ListItem\",\"position\":5,\"name\":\"Die Rentenversicherung\"}]},{\"@type\":\"WebSite\",\"@id\":\"https:\/\/frontaliers-grandest.eu\/de\/#website\",\"url\":\"https:\/\/frontaliers-grandest.eu\/de\/\",\"name\":\"Frontaliers Grand Est\",\"description\":\"Le site ressource du travail frontalier\",\"publisher\":{\"@id\":\"https:\/\/frontaliers-grandest.eu\/de\/#organization\"},\"alternateName\":\"Frontaliers Grand Est\",\"potentialAction\":[{\"@type\":\"SearchAction\",\"target\":{\"@type\":\"EntryPoint\",\"urlTemplate\":\"https:\/\/frontaliers-grandest.eu\/de\/?s={search_term_string}\"},\"query-input\":{\"@type\":\"PropertyValueSpecification\",\"valueRequired\":true,\"valueName\":\"search_term_string\"}}],\"inLanguage\":\"de\"},{\"@type\":\"Organization\",\"@id\":\"https:\/\/frontaliers-grandest.eu\/de\/#organization\",\"name\":\"Frontaliers Grand Est\",\"alternateName\":\"Frontaliers Grand Est\",\"url\":\"https:\/\/frontaliers-grandest.eu\/de\/\",\"logo\":{\"@type\":\"ImageObject\",\"inLanguage\":\"de\",\"@id\":\"https:\/\/frontaliers-grandest.eu\/de\/#\/schema\/logo\/image\/\",\"url\":\"https:\/\/frontaliers-grandest.eu\/wp-content\/uploads\/2025\/07\/260328234_2966785176920310_3332838526503858160_n.jpg\",\"contentUrl\":\"https:\/\/frontaliers-grandest.eu\/wp-content\/uploads\/2025\/07\/260328234_2966785176920310_3332838526503858160_n.jpg\",\"width\":396,\"height\":396,\"caption\":\"Frontaliers Grand Est\"},\"image\":{\"@id\":\"https:\/\/frontaliers-grandest.eu\/de\/#\/schema\/logo\/image\/\"},\"sameAs\":[\"https:\/\/www.facebook.com\/frontaliers.GR.EST\/?locale=fr_FR\"]}]}<\/script>\n<!-- \/ Yoast SEO plugin. -->","yoast_head_json":{"title":"Die Rentenversicherung - Frontaliers Grand Est","description":"Hier finden Sie alle Informationen zur Rente in Frankreich f\u00fcr Grenzg\u00e4nger (Beh\u00f6rdeng\u00e4nge, Betr\u00e4ge, Renteneintrittsalter usw).","robots":{"index":"index","follow":"follow","max-snippet":"max-snippet:-1","max-image-preview":"max-image-preview:large","max-video-preview":"max-video-preview:-1"},"canonical":"https:\/\/frontaliers-grandest.eu\/de\/startseite\/grenzganger\/deutschland-frankreich\/sozialversicherung\/die-rentenversicherung\/","og_locale":"de_DE","og_type":"article","og_title":"Die Rentenversicherung - Frontaliers Grand Est","og_description":"Hier finden Sie alle Informationen zur Rente in Frankreich f\u00fcr Grenzg\u00e4nger (Beh\u00f6rdeng\u00e4nge, Betr\u00e4ge, Renteneintrittsalter usw).","og_url":"https:\/\/frontaliers-grandest.eu\/de\/startseite\/grenzganger\/deutschland-frankreich\/sozialversicherung\/die-rentenversicherung\/","og_site_name":"Frontaliers Grand Est","article_publisher":"https:\/\/www.facebook.com\/frontaliers.GR.EST\/?locale=fr_FR","article_modified_time":"2026-01-15T16:22:55+00:00","og_image":[{"width":509,"height":339,"url":"https:\/\/frontaliers-grandest.eu\/wp-content\/uploads\/2021\/07\/Retraite-1.jpg","type":"image\/jpeg"}],"twitter_card":"summary_large_image","twitter_misc":{"Gesch\u00e4tzte Lesezeit":"1\u00a0Minute"},"schema":{"@context":"https:\/\/schema.org","@graph":[{"@type":"WebPage","@id":"https:\/\/frontaliers-grandest.eu\/de\/startseite\/grenzganger\/deutschland-frankreich\/sozialversicherung\/die-rentenversicherung\/","url":"https:\/\/frontaliers-grandest.eu\/de\/startseite\/grenzganger\/deutschland-frankreich\/sozialversicherung\/die-rentenversicherung\/","name":"Die Rentenversicherung - Frontaliers Grand Est","isPartOf":{"@id":"https:\/\/frontaliers-grandest.eu\/de\/#website"},"primaryImageOfPage":{"@id":"https:\/\/frontaliers-grandest.eu\/de\/startseite\/grenzganger\/deutschland-frankreich\/sozialversicherung\/die-rentenversicherung\/#primaryimage"},"image":{"@id":"https:\/\/frontaliers-grandest.eu\/de\/startseite\/grenzganger\/deutschland-frankreich\/sozialversicherung\/die-rentenversicherung\/#primaryimage"},"thumbnailUrl":"https:\/\/frontaliers-grandest.eu\/wp-content\/uploads\/2021\/07\/Retraite-1.jpg","datePublished":"2021-06-08T12:15:15+00:00","dateModified":"2026-01-15T16:22:55+00:00","description":"Hier finden Sie alle Informationen zur Rente in Frankreich f\u00fcr Grenzg\u00e4nger (Beh\u00f6rdeng\u00e4nge, Betr\u00e4ge, Renteneintrittsalter usw).","breadcrumb":{"@id":"https:\/\/frontaliers-grandest.eu\/de\/startseite\/grenzganger\/deutschland-frankreich\/sozialversicherung\/die-rentenversicherung\/#breadcrumb"},"inLanguage":"de","potentialAction":[{"@type":"ReadAction","target":["https:\/\/frontaliers-grandest.eu\/de\/startseite\/grenzganger\/deutschland-frankreich\/sozialversicherung\/die-rentenversicherung\/"]}]},{"@type":"ImageObject","inLanguage":"de","@id":"https:\/\/frontaliers-grandest.eu\/de\/startseite\/grenzganger\/deutschland-frankreich\/sozialversicherung\/die-rentenversicherung\/#primaryimage","url":"https:\/\/frontaliers-grandest.eu\/wp-content\/uploads\/2021\/07\/Retraite-1.jpg","contentUrl":"https:\/\/frontaliers-grandest.eu\/wp-content\/uploads\/2021\/07\/Retraite-1.jpg","width":509,"height":339,"caption":"Retraite pour les Frontaliers"},{"@type":"BreadcrumbList","@id":"https:\/\/frontaliers-grandest.eu\/de\/startseite\/grenzganger\/deutschland-frankreich\/sozialversicherung\/die-rentenversicherung\/#breadcrumb","itemListElement":[{"@type":"ListItem","position":1,"name":"Startseite","item":"https:\/\/frontaliers-grandest.eu\/de\/"},{"@type":"ListItem","position":2,"name":"Grenzg\u00e4nger","item":"https:\/\/frontaliers-grandest.eu\/de\/startseite\/grenzganger\/"},{"@type":"ListItem","position":3,"name":"Deutschland - Frankreich","item":"https:\/\/frontaliers-grandest.eu\/de\/startseite\/grenzganger\/deutschland-frankreich\/"},{"@type":"ListItem","position":4,"name":"Sozialversicherung in Frankreich","item":"https:\/\/frontaliers-grandest.eu\/de\/startseite\/grenzganger\/deutschland-frankreich\/sozialversicherung\/"},{"@type":"ListItem","position":5,"name":"Die Rentenversicherung"}]},{"@type":"WebSite","@id":"https:\/\/frontaliers-grandest.eu\/de\/#website","url":"https:\/\/frontaliers-grandest.eu\/de\/","name":"Frontaliers Grand Est","description":"Le site ressource du travail frontalier","publisher":{"@id":"https:\/\/frontaliers-grandest.eu\/de\/#organization"},"alternateName":"Frontaliers Grand Est","potentialAction":[{"@type":"SearchAction","target":{"@type":"EntryPoint","urlTemplate":"https:\/\/frontaliers-grandest.eu\/de\/?s={search_term_string}"},"query-input":{"@type":"PropertyValueSpecification","valueRequired":true,"valueName":"search_term_string"}}],"inLanguage":"de"},{"@type":"Organization","@id":"https:\/\/frontaliers-grandest.eu\/de\/#organization","name":"Frontaliers Grand Est","alternateName":"Frontaliers Grand Est","url":"https:\/\/frontaliers-grandest.eu\/de\/","logo":{"@type":"ImageObject","inLanguage":"de","@id":"https:\/\/frontaliers-grandest.eu\/de\/#\/schema\/logo\/image\/","url":"https:\/\/frontaliers-grandest.eu\/wp-content\/uploads\/2025\/07\/260328234_2966785176920310_3332838526503858160_n.jpg","contentUrl":"https:\/\/frontaliers-grandest.eu\/wp-content\/uploads\/2025\/07\/260328234_2966785176920310_3332838526503858160_n.jpg","width":396,"height":396,"caption":"Frontaliers Grand Est"},"image":{"@id":"https:\/\/frontaliers-grandest.eu\/de\/#\/schema\/logo\/image\/"},"sameAs":["https:\/\/www.facebook.com\/frontaliers.GR.EST\/?locale=fr_FR"]}]}},"frge_page_order":"0","_links":{"self":[{"href":"https:\/\/frontaliers-grandest.eu\/de\/wp-json\/wp\/v2\/pages\/8347","targetHints":{"allow":["GET"]}}],"collection":[{"href":"https:\/\/frontaliers-grandest.eu\/de\/wp-json\/wp\/v2\/pages"}],"about":[{"href":"https:\/\/frontaliers-grandest.eu\/de\/wp-json\/wp\/v2\/types\/page"}],"author":[{"embeddable":true,"href":"https:\/\/frontaliers-grandest.eu\/de\/wp-json\/wp\/v2\/users\/7"}],"replies":[{"embeddable":true,"href":"https:\/\/frontaliers-grandest.eu\/de\/wp-json\/wp\/v2\/comments?post=8347"}],"version-history":[{"count":4,"href":"https:\/\/frontaliers-grandest.eu\/de\/wp-json\/wp\/v2\/pages\/8347\/revisions"}],"predecessor-version":[{"id":56560,"href":"https:\/\/frontaliers-grandest.eu\/de\/wp-json\/wp\/v2\/pages\/8347\/revisions\/56560"}],"up":[{"embeddable":true,"href":"https:\/\/frontaliers-grandest.eu\/de\/wp-json\/wp\/v2\/pages\/8236"}],"wp:featuredmedia":[{"embeddable":true,"href":"https:\/\/frontaliers-grandest.eu\/de\/wp-json\/wp\/v2\/media\/9901"}],"wp:attachment":[{"href":"https:\/\/frontaliers-grandest.eu\/de\/wp-json\/wp\/v2\/media?parent=8347"}],"wp:term":[{"taxonomy":"post_tag","embeddable":true,"href":"https:\/\/frontaliers-grandest.eu\/de\/wp-json\/wp\/v2\/tags?post=8347"},{"taxonomy":"frge_profile","embeddable":true,"href":"https:\/\/frontaliers-grandest.eu\/de\/wp-json\/wp\/v2\/frge_profile?post=8347"}],"curies":[{"name":"wp","href":"https:\/\/api.w.org\/{rel}","templated":true}]}}