{"id":8344,"date":"2021-06-08T14:10:11","date_gmt":"2021-06-08T12:10:11","guid":{"rendered":"https:\/\/frontaliers-grandest.eu\/?page_id=8344"},"modified":"2021-06-08T14:10:11","modified_gmt":"2021-06-08T12:10:11","slug":"die-besteuerung-in-deutschland","status":"publish","type":"page","link":"https:\/\/frontaliers-grandest.eu\/de\/startseite\/grenzganger\/deutschland-frankreich\/besteuerung\/die-besteuerung\/die-besteuerung-in-deutschland\/","title":{"rendered":"Die Besteuerung in Deutschland"},"content":{"rendered":"\n<h5 class=\"wp-block-heading\">Die besteuerten Arbeitnehmer\/-innen in Deutschland sind in 6 Steuerklassen aufgeteilt:<\/h5>\n\n\n\n<ul class=\"wp-block-list\"><li><strong>Klasse I:&nbsp;<\/strong>Arbeitnehmer\/-innen, die ledig, verwitwet oder geschieden sind und nicht zu Klasse 2 oder 3 geh\u00f6ren.<strong>&nbsp;&nbsp;Nichtans\u00e4ssige Arbeitnehmer\/-innen;<\/strong><\/li><li><strong>Klasse II<\/strong>:Arbeitnehmer\/-innen, die ledig, verwitwet oder geschieden sind und mindestens<strong>&nbsp;ein unterhaltsberechtigtes Kind haben;<\/strong><\/li><li><strong>Klasse III:&nbsp;Verheiratete Arbeitnehmer\/-innen, wenn ein Teil der Eheleute Arbeitnehmer\/-in ist oder wenn ein Teil der Eheleute der Klasse 5 angeh\u00f6rt<\/strong>. Die verheirateten steuerpflichtigen Arbeitnehmer haben die Wahl, entweder beide der Klasse 4&nbsp; oder jeweils einer der Klasse 3 und der andere der Klasse 5 anzugeh\u00f6ren. Des Weiteren geh\u00f6ren verwitwete Arbeitnehmer\/-innen der Klasse 3 w\u00e4hrend des Jahres an, das dem Tod des Ehepartners folgt.<\/li><li><strong>Klasse IV:<\/strong>&nbsp;Verheiratete Arbeitnehmer\/-innen,<strong>&nbsp;wenn beide Ehepartner Arbeitnehmer sind und sich nicht f\u00fcr die Klassen 3 und 5 entschieden haben.<\/strong><\/li><li><strong>Klasse V:<\/strong>&nbsp;<strong>Verheiratete Arbeitnehmer, wenn beide Ehepartner Arbeitnehmer sind und einer von beiden sich f\u00fcr Klasse 3 entschieden hat.<\/strong><\/li><li><strong>Klasse VI:&nbsp;Arbeitnehmer, die gleichzeitig mehrere Geh\u00e4lter von unterschiedlichen Arbeitgebern erhalten, um die f\u00e4llige Quellensteuer f\u00fcr das zweite und alle weiteren Besch\u00e4ftigungsverh\u00e4ltnisse zu bestimmen.&nbsp;<\/strong><\/li><\/ul>\n\n\n\n<h5 class=\"wp-block-heading\">Die besteuerbare Basis setzt sich aus der Gesamtheit der Einkommen einer unselbstst\u00e4ndigen Berufst\u00e4tigkeit zusammen:<\/h5>\n\n\n\n<ol class=\"wp-block-list\"><li>Geh\u00e4lter und Verg\u00fctung,<\/li><li>Abfindungszahlungen, auch im Falle der Beendigung durch den Arbeitgeber<\/li><li>Pr\u00e4mien und Gehaltszulagen (f\u00fcr Nacht-, Feiertags- und Sonntagsarbeit),<\/li><li>Pensionen und pensions\u00e4hnliche Leistungen,<\/li><li>Kostenerstattungen sind bis zu einer bestimmten H\u00f6he von der Steuer befreit.<\/li><\/ol>\n\n\n\n<h4 class=\"wp-block-heading\"><strong>Freibetr\u00e4ge und Abzugsf\u00e4hige Aufwendungen<\/strong><\/h4>\n\n\n\n<h5 class=\"wp-block-heading\">Sonderaufwendungen:<\/h5>\n\n\n\n<ol class=\"wp-block-list\"><li><strong>Vorsorgeaufwendungen<\/strong>&nbsp;(Beitr\u00e4ge zur Altersvorsorge, Nichtbetriebsunfallversicherung, Krankenkasse, Arbeitslosenversicherung) bis zu den gesetzlichen Maximalbetr\u00e4gen und Versicherungspr\u00e4mien,<\/li><li><strong>Spenden f\u00fcr gemeinn\u00fctzige Zwecke&nbsp;<\/strong>(5 % des Betrags),<\/li><li><strong>Kirchensteuer<\/strong>,<\/li><li><strong>Unterhaltszahlungen an einen geschiedenen Ehegatten<\/strong>,<\/li><li>Aufwendungen f\u00fcr die&nbsp;<strong>Berufsausbildung&nbsp;<\/strong>(begrenzt),<\/li><li>Aufwendungen f\u00fcr ha<strong>uswirtschaftliche Besch\u00e4ftigungsverh\u00e4ltnisse.<\/strong><\/li><\/ol>\n\n\n\n<h5 class=\"wp-block-heading\">Au\u00dfergew\u00f6hnliche Belastungen:<\/h5>\n\n\n\n<p>Sie werden im Gesetz nicht aufgez\u00e4hlt. Die steuerliche Ber\u00fccksichtigung erfolgt auf Antrag und gegen Vorlage der Belege. Diese Aufwendungen k\u00f6nnen die Berufsausbildung eines Kindes betreffen, die Unterbringung des Steuerpflichtigen oder seines Ehegatten in einem Heim, die Aufwendungen f\u00fcr au\u00dfergew\u00f6hnliche Ereignisse, wie Scheidung, Krankheit, Beerdigung usw.<\/p>\n\n\n\n<h5 class=\"wp-block-heading\">Werbungskosten:<\/h5>\n\n\n\n<p>Der Steuerpflichtige hat Anspruch auf Abzug der Werbungskosten, wie beispielsweise Aufwendungen f\u00fcr Fahrten zwischen Wohnung und Arbeitsst\u00e4tte (Kilometer-Pauschale oder Kosten des \u00f6ffentlichen Verkehrsmittels), f\u00fcr Verpflegungsmehraufwand, Beitr\u00e4ge an Berufsverb\u00e4nde, f\u00fcr Arbeitskleidung,&nbsp;Fachliteratur etc. Der Abzug erfolgt entweder pauschal (1000 \u20ac) oder in H\u00f6he der nachgewiesenen tats\u00e4chlichen Aufwendungen.<\/p>\n\n\n\n<h5 class=\"wp-block-heading\">Festsetzung der Steuerschuld :<\/h5>\n\n\n\n<p>Der Grenzg\u00e4nger leitet den Lohnausweis mit&nbsp;<strong>der Einkommenssteuererkl\u00e4rung an das Finanzamt<\/strong>&nbsp;weiter (Formulare k\u00f6nnen auf der Seite des Bundesfinanzministeriums \u201ewww.formulare-bfinv.de\u201c oder auf der Internetseite des Bundeszentralamts f\u00fcr Steuern heruntergeladen werden). Es ist auch m\u00f6glich, die Steuererkl\u00e4rung elektronisch via \u201ewww.elster.de\u201c an das Finanzamt zu \u00fcbermitteln.<\/p>\n\n\n\n<p>Ihre voraussichtliche Steuerschuld k\u00f6nnen Sie \u00fcber den interaktiven Steuerrechner des Bundesministeriums f\u00fcr Finanzen \u201ewww.abgabenrechner.de\u201c in Erfahrung bringen.<\/p>\n\n\n\n<p><strong>Ehegatten, die beide ihren Wohnsitz in Deutschland haben, k\u00f6nnen sich nach deutschem Steuerrecht zwischen einer Einzelveranlagung und einer Zusammenveranlagung entscheiden.<\/strong><\/p>\n\n\n\n<p>Treffen die Ehegatten keine Entscheidung, findet eine Zusammenveranlagung statt.<\/p>\n\n\n\n<p><strong>Diese Regelung gilt auch f\u00fcr Ehepaare, bei denen ein Ehegatte seinen Wohnsitz nicht in Deutschland hat, sofern er Staatsb\u00fcrger eines Staates des Europ\u00e4ischen Wirtschaftsraumes ist und sein Einkommen nahezu vollst\u00e4ndig in Deutschland erzielt<\/strong>. In diesem Fall wird das zusammen veranlagte Einkommen durch zwei geteilt. Es gelten dann die Steuers\u00e4tze f\u00fcr Ledige, und zur Ermittlung des f\u00e4lligen Steuerbetrages wird das Ergebnis mit zwei multipliziert.<\/p>\n\n\n\n<p>Im Gegensatz zum franz\u00f6sischen System<strong>&nbsp;ber\u00fccksichtigt diese Methode keine Kinder.<\/strong>&nbsp;Die unterhaltsberechtigten Kinder werden durch einen Steuerfreibetrag ber\u00fccksichtigt. Jedoch kontrolliert die Beh\u00f6rde bei der Steuererkl\u00e4rung, ob der Freibetrag vorteilhafter als das Kindergeld ist.<\/p>\n","protected":false},"excerpt":{"rendered":"<p>Die besteuerten Arbeitnehmer\/-innen in Deutschland sind in 6 Steuerklassen aufgeteilt: Klasse I:&nbsp;Arbeitnehmer\/-innen, die ledig, verwitwet oder geschieden sind und nicht zu Klasse 2 oder 3 geh\u00f6ren.&nbsp;&nbsp;Nichtans\u00e4ssige Arbeitnehmer\/-innen; Klasse II:Arbeitnehmer\/-innen, die ledig, verwitwet oder geschieden sind und mindestens&nbsp;ein unterhaltsberechtigtes Kind haben; Klasse III:&nbsp;Verheiratete Arbeitnehmer\/-innen, wenn ein Teil der Eheleute Arbeitnehmer\/-in ist oder wenn ein Teil der [&hellip;]<\/p>\n","protected":false},"author":7,"featured_media":0,"parent":8324,"menu_order":2,"comment_status":"closed","ping_status":"closed","template":"","meta":{"inline_featured_image":false,"footnotes":""},"tags":[],"frge_profile":[],"class_list":["post-8344","page","type-page","status-publish","hentry"],"yoast_head":"<!-- This site is optimized with the Yoast SEO plugin v27.1.1 - https:\/\/yoast.com\/product\/yoast-seo-wordpress\/ -->\n<title>Die Besteuerung in Deutschland - Frontaliers Grand Est<\/title>\n<meta name=\"robots\" content=\"index, follow, max-snippet:-1, max-image-preview:large, max-video-preview:-1\" \/>\n<link rel=\"canonical\" href=\"https:\/\/frontaliers-grandest.eu\/de\/startseite\/grenzganger\/deutschland-frankreich\/besteuerung\/die-besteuerung\/die-besteuerung-in-deutschland\/\" \/>\n<meta property=\"og:locale\" content=\"de_DE\" \/>\n<meta property=\"og:type\" content=\"article\" \/>\n<meta property=\"og:title\" content=\"Die Besteuerung in Deutschland - Frontaliers Grand Est\" \/>\n<meta property=\"og:description\" content=\"Die besteuerten Arbeitnehmer\/-innen in Deutschland sind in 6 Steuerklassen aufgeteilt: Klasse I:&nbsp;Arbeitnehmer\/-innen, die ledig, verwitwet oder geschieden sind und nicht zu Klasse 2 oder 3 geh\u00f6ren.&nbsp;&nbsp;Nichtans\u00e4ssige Arbeitnehmer\/-innen; Klasse II:Arbeitnehmer\/-innen, die ledig, verwitwet oder geschieden sind und mindestens&nbsp;ein unterhaltsberechtigtes Kind haben; Klasse III:&nbsp;Verheiratete Arbeitnehmer\/-innen, wenn ein Teil der Eheleute Arbeitnehmer\/-in ist oder wenn ein Teil der [&hellip;]\" \/>\n<meta property=\"og:url\" content=\"https:\/\/frontaliers-grandest.eu\/de\/startseite\/grenzganger\/deutschland-frankreich\/besteuerung\/die-besteuerung\/die-besteuerung-in-deutschland\/\" \/>\n<meta property=\"og:site_name\" content=\"Frontaliers Grand Est\" \/>\n<meta property=\"article:publisher\" content=\"https:\/\/www.facebook.com\/frontaliers.GR.EST\/?locale=fr_FR\" \/>\n<meta name=\"twitter:card\" content=\"summary_large_image\" \/>\n<meta name=\"twitter:label1\" content=\"Gesch\u00e4tzte Lesezeit\" \/>\n\t<meta name=\"twitter:data1\" content=\"3\u00a0Minuten\" \/>\n<script type=\"application\/ld+json\" class=\"yoast-schema-graph\">{\"@context\":\"https:\/\/schema.org\",\"@graph\":[{\"@type\":\"WebPage\",\"@id\":\"https:\/\/frontaliers-grandest.eu\/de\/startseite\/grenzganger\/deutschland-frankreich\/besteuerung\/die-besteuerung\/die-besteuerung-in-deutschland\/\",\"url\":\"https:\/\/frontaliers-grandest.eu\/de\/startseite\/grenzganger\/deutschland-frankreich\/besteuerung\/die-besteuerung\/die-besteuerung-in-deutschland\/\",\"name\":\"Die Besteuerung in Deutschland - Frontaliers Grand Est\",\"isPartOf\":{\"@id\":\"https:\/\/frontaliers-grandest.eu\/de\/#website\"},\"datePublished\":\"2021-06-08T12:10:11+00:00\",\"breadcrumb\":{\"@id\":\"https:\/\/frontaliers-grandest.eu\/de\/startseite\/grenzganger\/deutschland-frankreich\/besteuerung\/die-besteuerung\/die-besteuerung-in-deutschland\/#breadcrumb\"},\"inLanguage\":\"de\",\"potentialAction\":[{\"@type\":\"ReadAction\",\"target\":[\"https:\/\/frontaliers-grandest.eu\/de\/startseite\/grenzganger\/deutschland-frankreich\/besteuerung\/die-besteuerung\/die-besteuerung-in-deutschland\/\"]}]},{\"@type\":\"BreadcrumbList\",\"@id\":\"https:\/\/frontaliers-grandest.eu\/de\/startseite\/grenzganger\/deutschland-frankreich\/besteuerung\/die-besteuerung\/die-besteuerung-in-deutschland\/#breadcrumb\",\"itemListElement\":[{\"@type\":\"ListItem\",\"position\":1,\"name\":\"Startseite\",\"item\":\"https:\/\/frontaliers-grandest.eu\/de\/\"},{\"@type\":\"ListItem\",\"position\":2,\"name\":\"Grenzg\u00e4nger\",\"item\":\"https:\/\/frontaliers-grandest.eu\/de\/startseite\/grenzganger\/\"},{\"@type\":\"ListItem\",\"position\":3,\"name\":\"Deutschland - Frankreich\",\"item\":\"https:\/\/frontaliers-grandest.eu\/de\/startseite\/grenzganger\/deutschland-frankreich\/\"},{\"@type\":\"ListItem\",\"position\":4,\"name\":\"Besteuerung in Frankreich\",\"item\":\"https:\/\/frontaliers-grandest.eu\/de\/startseite\/grenzganger\/deutschland-frankreich\/besteuerung\/\"},{\"@type\":\"ListItem\",\"position\":5,\"name\":\"Die Besteuerung\",\"item\":\"https:\/\/frontaliers-grandest.eu\/de\/startseite\/grenzganger\/deutschland-frankreich\/besteuerung\/die-besteuerung\/\"},{\"@type\":\"ListItem\",\"position\":6,\"name\":\"Die Besteuerung in Deutschland\"}]},{\"@type\":\"WebSite\",\"@id\":\"https:\/\/frontaliers-grandest.eu\/de\/#website\",\"url\":\"https:\/\/frontaliers-grandest.eu\/de\/\",\"name\":\"Frontaliers Grand Est\",\"description\":\"Le site ressource du travail frontalier\",\"publisher\":{\"@id\":\"https:\/\/frontaliers-grandest.eu\/de\/#organization\"},\"alternateName\":\"Frontaliers Grand Est\",\"potentialAction\":[{\"@type\":\"SearchAction\",\"target\":{\"@type\":\"EntryPoint\",\"urlTemplate\":\"https:\/\/frontaliers-grandest.eu\/de\/?s={search_term_string}\"},\"query-input\":{\"@type\":\"PropertyValueSpecification\",\"valueRequired\":true,\"valueName\":\"search_term_string\"}}],\"inLanguage\":\"de\"},{\"@type\":\"Organization\",\"@id\":\"https:\/\/frontaliers-grandest.eu\/de\/#organization\",\"name\":\"Frontaliers Grand Est\",\"alternateName\":\"Frontaliers Grand Est\",\"url\":\"https:\/\/frontaliers-grandest.eu\/de\/\",\"logo\":{\"@type\":\"ImageObject\",\"inLanguage\":\"de\",\"@id\":\"https:\/\/frontaliers-grandest.eu\/de\/#\/schema\/logo\/image\/\",\"url\":\"https:\/\/frontaliers-grandest.eu\/wp-content\/uploads\/2025\/07\/260328234_2966785176920310_3332838526503858160_n.jpg\",\"contentUrl\":\"https:\/\/frontaliers-grandest.eu\/wp-content\/uploads\/2025\/07\/260328234_2966785176920310_3332838526503858160_n.jpg\",\"width\":396,\"height\":396,\"caption\":\"Frontaliers Grand Est\"},\"image\":{\"@id\":\"https:\/\/frontaliers-grandest.eu\/de\/#\/schema\/logo\/image\/\"},\"sameAs\":[\"https:\/\/www.facebook.com\/frontaliers.GR.EST\/?locale=fr_FR\"]}]}<\/script>\n<!-- \/ Yoast SEO plugin. -->","yoast_head_json":{"title":"Die Besteuerung in Deutschland - Frontaliers Grand Est","robots":{"index":"index","follow":"follow","max-snippet":"max-snippet:-1","max-image-preview":"max-image-preview:large","max-video-preview":"max-video-preview:-1"},"canonical":"https:\/\/frontaliers-grandest.eu\/de\/startseite\/grenzganger\/deutschland-frankreich\/besteuerung\/die-besteuerung\/die-besteuerung-in-deutschland\/","og_locale":"de_DE","og_type":"article","og_title":"Die Besteuerung in Deutschland - Frontaliers Grand Est","og_description":"Die besteuerten Arbeitnehmer\/-innen in Deutschland sind in 6 Steuerklassen aufgeteilt: Klasse I:&nbsp;Arbeitnehmer\/-innen, die ledig, verwitwet oder geschieden sind und nicht zu Klasse 2 oder 3 geh\u00f6ren.&nbsp;&nbsp;Nichtans\u00e4ssige Arbeitnehmer\/-innen; Klasse II:Arbeitnehmer\/-innen, die ledig, verwitwet oder geschieden sind und mindestens&nbsp;ein unterhaltsberechtigtes Kind haben; Klasse III:&nbsp;Verheiratete Arbeitnehmer\/-innen, wenn ein Teil der Eheleute Arbeitnehmer\/-in ist oder wenn ein Teil der [&hellip;]","og_url":"https:\/\/frontaliers-grandest.eu\/de\/startseite\/grenzganger\/deutschland-frankreich\/besteuerung\/die-besteuerung\/die-besteuerung-in-deutschland\/","og_site_name":"Frontaliers Grand Est","article_publisher":"https:\/\/www.facebook.com\/frontaliers.GR.EST\/?locale=fr_FR","twitter_card":"summary_large_image","twitter_misc":{"Gesch\u00e4tzte Lesezeit":"3\u00a0Minuten"},"schema":{"@context":"https:\/\/schema.org","@graph":[{"@type":"WebPage","@id":"https:\/\/frontaliers-grandest.eu\/de\/startseite\/grenzganger\/deutschland-frankreich\/besteuerung\/die-besteuerung\/die-besteuerung-in-deutschland\/","url":"https:\/\/frontaliers-grandest.eu\/de\/startseite\/grenzganger\/deutschland-frankreich\/besteuerung\/die-besteuerung\/die-besteuerung-in-deutschland\/","name":"Die Besteuerung in Deutschland - Frontaliers Grand Est","isPartOf":{"@id":"https:\/\/frontaliers-grandest.eu\/de\/#website"},"datePublished":"2021-06-08T12:10:11+00:00","breadcrumb":{"@id":"https:\/\/frontaliers-grandest.eu\/de\/startseite\/grenzganger\/deutschland-frankreich\/besteuerung\/die-besteuerung\/die-besteuerung-in-deutschland\/#breadcrumb"},"inLanguage":"de","potentialAction":[{"@type":"ReadAction","target":["https:\/\/frontaliers-grandest.eu\/de\/startseite\/grenzganger\/deutschland-frankreich\/besteuerung\/die-besteuerung\/die-besteuerung-in-deutschland\/"]}]},{"@type":"BreadcrumbList","@id":"https:\/\/frontaliers-grandest.eu\/de\/startseite\/grenzganger\/deutschland-frankreich\/besteuerung\/die-besteuerung\/die-besteuerung-in-deutschland\/#breadcrumb","itemListElement":[{"@type":"ListItem","position":1,"name":"Startseite","item":"https:\/\/frontaliers-grandest.eu\/de\/"},{"@type":"ListItem","position":2,"name":"Grenzg\u00e4nger","item":"https:\/\/frontaliers-grandest.eu\/de\/startseite\/grenzganger\/"},{"@type":"ListItem","position":3,"name":"Deutschland - Frankreich","item":"https:\/\/frontaliers-grandest.eu\/de\/startseite\/grenzganger\/deutschland-frankreich\/"},{"@type":"ListItem","position":4,"name":"Besteuerung in Frankreich","item":"https:\/\/frontaliers-grandest.eu\/de\/startseite\/grenzganger\/deutschland-frankreich\/besteuerung\/"},{"@type":"ListItem","position":5,"name":"Die Besteuerung","item":"https:\/\/frontaliers-grandest.eu\/de\/startseite\/grenzganger\/deutschland-frankreich\/besteuerung\/die-besteuerung\/"},{"@type":"ListItem","position":6,"name":"Die Besteuerung in Deutschland"}]},{"@type":"WebSite","@id":"https:\/\/frontaliers-grandest.eu\/de\/#website","url":"https:\/\/frontaliers-grandest.eu\/de\/","name":"Frontaliers Grand Est","description":"Le site ressource du travail frontalier","publisher":{"@id":"https:\/\/frontaliers-grandest.eu\/de\/#organization"},"alternateName":"Frontaliers Grand Est","potentialAction":[{"@type":"SearchAction","target":{"@type":"EntryPoint","urlTemplate":"https:\/\/frontaliers-grandest.eu\/de\/?s={search_term_string}"},"query-input":{"@type":"PropertyValueSpecification","valueRequired":true,"valueName":"search_term_string"}}],"inLanguage":"de"},{"@type":"Organization","@id":"https:\/\/frontaliers-grandest.eu\/de\/#organization","name":"Frontaliers Grand Est","alternateName":"Frontaliers Grand Est","url":"https:\/\/frontaliers-grandest.eu\/de\/","logo":{"@type":"ImageObject","inLanguage":"de","@id":"https:\/\/frontaliers-grandest.eu\/de\/#\/schema\/logo\/image\/","url":"https:\/\/frontaliers-grandest.eu\/wp-content\/uploads\/2025\/07\/260328234_2966785176920310_3332838526503858160_n.jpg","contentUrl":"https:\/\/frontaliers-grandest.eu\/wp-content\/uploads\/2025\/07\/260328234_2966785176920310_3332838526503858160_n.jpg","width":396,"height":396,"caption":"Frontaliers Grand Est"},"image":{"@id":"https:\/\/frontaliers-grandest.eu\/de\/#\/schema\/logo\/image\/"},"sameAs":["https:\/\/www.facebook.com\/frontaliers.GR.EST\/?locale=fr_FR"]}]}},"frge_page_order":0,"_links":{"self":[{"href":"https:\/\/frontaliers-grandest.eu\/de\/wp-json\/wp\/v2\/pages\/8344","targetHints":{"allow":["GET"]}}],"collection":[{"href":"https:\/\/frontaliers-grandest.eu\/de\/wp-json\/wp\/v2\/pages"}],"about":[{"href":"https:\/\/frontaliers-grandest.eu\/de\/wp-json\/wp\/v2\/types\/page"}],"author":[{"embeddable":true,"href":"https:\/\/frontaliers-grandest.eu\/de\/wp-json\/wp\/v2\/users\/7"}],"replies":[{"embeddable":true,"href":"https:\/\/frontaliers-grandest.eu\/de\/wp-json\/wp\/v2\/comments?post=8344"}],"version-history":[{"count":1,"href":"https:\/\/frontaliers-grandest.eu\/de\/wp-json\/wp\/v2\/pages\/8344\/revisions"}],"predecessor-version":[{"id":8345,"href":"https:\/\/frontaliers-grandest.eu\/de\/wp-json\/wp\/v2\/pages\/8344\/revisions\/8345"}],"up":[{"embeddable":true,"href":"https:\/\/frontaliers-grandest.eu\/de\/wp-json\/wp\/v2\/pages\/8324"}],"wp:attachment":[{"href":"https:\/\/frontaliers-grandest.eu\/de\/wp-json\/wp\/v2\/media?parent=8344"}],"wp:term":[{"taxonomy":"post_tag","embeddable":true,"href":"https:\/\/frontaliers-grandest.eu\/de\/wp-json\/wp\/v2\/tags?post=8344"},{"taxonomy":"frge_profile","embeddable":true,"href":"https:\/\/frontaliers-grandest.eu\/de\/wp-json\/wp\/v2\/frge_profile?post=8344"}],"curies":[{"name":"wp","href":"https:\/\/api.w.org\/{rel}","templated":true}]}}