{"id":8341,"date":"2021-06-08T14:05:47","date_gmt":"2021-06-08T12:05:47","guid":{"rendered":"https:\/\/frontaliers-grandest.eu\/?page_id=8341"},"modified":"2024-07-25T11:19:49","modified_gmt":"2024-07-25T09:19:49","slug":"welche-steuerrechtlichen-schritte-sind-erforderlich-wenn-ich-in-frankreich-arbeite","status":"publish","type":"page","link":"https:\/\/frontaliers-grandest.eu\/de\/startseite\/grenzganger\/deutschland-frankreich\/besteuerung\/die-besteuerung\/welche-steuerrechtlichen-schritte-sind-erforderlich-wenn-ich-in-frankreich-arbeite\/","title":{"rendered":"Welche steuerrechtlichen Schritte sind erforderlich, wenn ich in Frankreich arbeite?"},"content":{"rendered":"\n<p>Wenn Sie in Deutschland wohnen und in Frankreich arbeiten und au\u00dferdem den steuerrechtlichen Status eines Grenzg\u00e4ngers haben,<strong>&nbsp;zahlen Sie Ihre Einkommensteuer in Deutschland.<\/strong><\/p>\n\n\n\n<h4 class=\"wp-block-heading\"><strong>Steuererkl\u00e4rung in Deutschland<\/strong>&nbsp;<\/h4>\n\n\n\n<p>Da Ihr Arbeitgeber nicht in Deutschland etabliert ist,&nbsp;<strong>unterliegen Sie nicht der Quellensteuer.<\/strong>&nbsp;Sie m\u00fcssen eine Steuererkl\u00e4rung in Deutschland ausstellen.<\/p>\n\n\n\n<p>Die Formulare sind bei den \u00f6rtlichen Finanz\u00e4mtern erh\u00e4ltlich und k\u00f6nnen auch von der Internetseite der Finanzverwaltung herunter geladen werden:&nbsp;<br><a href=\"http:\/\/www.formulare-bfinv.de\/\" target=\"_blank\" rel=\"noreferrer noopener\">www.formulare-bfinv.de<\/a><\/p>\n\n\n\n<h4 class=\"wp-block-heading\"><strong>Beantragung einer Freistellungsbescheinigung in Frankreich<\/strong>&nbsp;<\/h4>\n\n\n\n<p>Der Arbeitnehmer muss die Freistellung von der franz\u00f6sischen Lohnsteuer (Formular S 2-240) beim deutschen Finanzamt seines Wohnsitzes beantragen und diese Freistellungsbescheinigung dem Arbeitgeber in Frankreich vorlegen.<\/p>\n\n\n\n<p>Dieser Antrag muss vor Ende des Monats nach der Anstellung erfolgen und jedes Jahr im Januar erneuert werden.<\/p>\n\n\n\n<p>F\u00fcr weitere Informationen k\u00f6nnen sie die EURES-Berater und die zust\u00e4ndigen Steuerbeh\u00f6rden kontaktieren.<\/p>\n\n\n\n<p><strong>Wenn Sie in Deutschland wohnen und in Frankreich arbeiten, aber nicht den steuerrechtlichen Status eines Grenzg\u00e4ngers haben, zahlen Sie Ihre Einkommensteuer in Frankreich.<\/strong><\/p>\n\n\n\n<h4 class=\"wp-block-heading\"><strong>Formalit\u00e4ten bei der franz\u00f6sischen Steuerbeh\u00f6rde&nbsp;&nbsp;<\/strong>&nbsp;<\/h4>\n\n\n\n<p>Sie m\u00fcssen jedes Jahr zum ersten Mai die Lohnsteuererkl\u00e4rung 2042 bei der Steuerbeh\u00f6rde f\u00fcr Devisenausl\u00e4nder abgeben:<\/p>\n\n\n\n<figure class=\"wp-block-pullquote\"><blockquote><p><strong>Centre des imp\u00f4ts des non-r\u00e9sidents&nbsp; TSA 10010<\/strong><\/p><p>10, rue du centre<br>F-93465 Noisy le Grand Cedex<br>T\u00e9l.: +33 (0) 1 72 95 20 42<br>Email : <a href=\"mailto:nonresidents@dgi.finances.gouv.fr\" target=\"_blank\" rel=\"noreferrer noopener\">nonresidents@dgi.finances.gouv.fr&nbsp; <\/a>&nbsp;<\/p><\/blockquote><\/figure>\n\n\n\n<p>Auf diesem Formular m\u00fcssen Sie insbesondere den Betrag der mit einem Steuersatz von 20 % versteuerten L\u00f6hne angeben. Es gibt drei Besteuerungss\u00e4tze (0%, 12%, 20%).<\/p>\n\n\n\n<figure class=\"wp-block-table\"><table><tbody><tr><td class=\"has-text-align-center\" data-align=\"center\"><strong>&nbsp;Jahr 2019<\/strong><\/td><td class=\"has-text-align-center\" data-align=\"center\"><strong>&nbsp;Grenzen der Steuers\u00e4tze per Jarh in Euros&nbsp;<\/strong><\/td><\/tr><tr><td class=\"has-text-align-center\" data-align=\"center\"><strong>0% unterhalb&nbsp;<\/strong><\/td><td class=\"has-text-align-center\" data-align=\"center\">14.839 \u20ac<\/td><\/tr><tr><td class=\"has-text-align-center\" data-align=\"center\"><strong>12%&nbsp;von<\/strong><\/td><td class=\"has-text-align-center\" data-align=\"center\">14.839 \u20ac<\/td><\/tr><tr><td class=\"has-text-align-center\" data-align=\"center\"><strong>bis&nbsp;<\/strong><\/td><td class=\"has-text-align-center\" data-align=\"center\">43.047 \u20ac<\/td><\/tr><tr><td class=\"has-text-align-center\" data-align=\"center\"><strong>20% oberhalb<\/strong><\/td><td class=\"has-text-align-center\" data-align=\"center\">43.047 \u20ac<\/td><\/tr><\/tbody><\/table><\/figure>\n\n\n\n<p>Der Arbeitgeber muss am&nbsp;<strong>15. jeden Monats den Vordruck 2494 zur Quellensteuer in zwei Exemplaren ausf\u00fcllen&nbsp;<\/strong>und bei der Abteilung \u201eRecette Principale des imp\u00f4ts\u201c mit der Abrechnung des einbehaltenen Steuerabzugs abgeben.<\/p>\n\n\n\n<h4 class=\"wp-block-heading\"><strong>Formalit\u00e4ten beim deutschen Finanzamt<\/strong><\/h4>\n\n\n\n<p>F\u00fcr die Befreiung von der deutschen Steuer gibt es&nbsp;<strong>kein gesondertes Formular.<\/strong><\/p>\n\n\n\n<p>Informieren Sie das f\u00fcr Ihren Wohnort zust\u00e4ndige Finanzamt, dass Sie nicht (mehr) den steuerrechtlichen Grenzg\u00e4nger-Status haben.<\/p>\n\n\n\n<p><strong>Auch wenn Ihr Einkommen in Frankreich besteuert wird, kann es sein, dass Sie auch in Deutschland eine Steuererkl\u00e4rung abgeben m\u00fcssen, weil weitere Eink\u00fcnfte vorliegen&nbsp;<\/strong>(z.B. Eink\u00fcnfte des Partners\/der Partnerin, Mieteinnahmen etc.).<\/p>\n\n\n\n<p>F\u00fcr weitere Informationen k\u00f6nnen Sie Kontakt mit den EURES-Beratern oder die zust\u00e4ndigen Steuerbeh\u00f6rden kontaktieren.<\/p>\n","protected":false},"excerpt":{"rendered":"<p>Wenn Sie in Deutschland wohnen und in Frankreich arbeiten und au\u00dferdem den steuerrechtlichen Status eines Grenzg\u00e4ngers haben,&nbsp;zahlen Sie Ihre Einkommensteuer in Deutschland. Steuererkl\u00e4rung in Deutschland&nbsp; Da Ihr Arbeitgeber nicht in Deutschland etabliert ist,&nbsp;unterliegen Sie nicht der Quellensteuer.&nbsp;Sie m\u00fcssen eine Steuererkl\u00e4rung in Deutschland ausstellen. Die Formulare sind bei den \u00f6rtlichen Finanz\u00e4mtern erh\u00e4ltlich und k\u00f6nnen auch von [&hellip;]<\/p>\n","protected":false},"author":7,"featured_media":0,"parent":8324,"menu_order":1,"comment_status":"closed","ping_status":"closed","template":"","meta":{"inline_featured_image":false,"footnotes":""},"tags":[],"frge_profile":[],"class_list":["post-8341","page","type-page","status-publish","hentry"],"yoast_head":"<!-- This site is optimized with the Yoast SEO plugin v27.1.1 - https:\/\/yoast.com\/product\/yoast-seo-wordpress\/ -->\n<title>Steuerrechtliche schritte f\u00fcr in Frankreich arbeitende grenzg\u00e4nger<\/title>\n<meta name=\"description\" content=\"Steuerschritte f\u00fcr in Frankreich arbeitende deutsche Grenzg\u00e4nger: Steuererkl\u00e4rung in Deutschland, Freistellungsbescheinigung in Frankreich.\" \/>\n<meta name=\"robots\" content=\"index, follow, max-snippet:-1, max-image-preview:large, max-video-preview:-1\" \/>\n<link rel=\"canonical\" href=\"https:\/\/frontaliers-grandest.eu\/de\/startseite\/grenzganger\/deutschland-frankreich\/besteuerung\/die-besteuerung\/welche-steuerrechtlichen-schritte-sind-erforderlich-wenn-ich-in-frankreich-arbeite\/\" \/>\n<meta property=\"og:locale\" content=\"de_DE\" \/>\n<meta property=\"og:type\" content=\"article\" \/>\n<meta property=\"og:title\" content=\"Steuerrechtliche schritte f\u00fcr in Frankreich arbeitende grenzg\u00e4nger\" \/>\n<meta property=\"og:description\" content=\"Steuerschritte f\u00fcr in Frankreich arbeitende deutsche Grenzg\u00e4nger: Steuererkl\u00e4rung in Deutschland, Freistellungsbescheinigung in Frankreich.\" \/>\n<meta property=\"og:url\" content=\"https:\/\/frontaliers-grandest.eu\/de\/startseite\/grenzganger\/deutschland-frankreich\/besteuerung\/die-besteuerung\/welche-steuerrechtlichen-schritte-sind-erforderlich-wenn-ich-in-frankreich-arbeite\/\" \/>\n<meta property=\"og:site_name\" content=\"Frontaliers Grand Est\" \/>\n<meta property=\"article:publisher\" content=\"https:\/\/www.facebook.com\/frontaliers.GR.EST\/?locale=fr_FR\" \/>\n<meta property=\"article:modified_time\" content=\"2024-07-25T09:19:49+00:00\" \/>\n<meta name=\"twitter:card\" content=\"summary_large_image\" \/>\n<meta name=\"twitter:label1\" content=\"Gesch\u00e4tzte Lesezeit\" \/>\n\t<meta name=\"twitter:data1\" content=\"2\u00a0Minuten\" \/>\n<script type=\"application\/ld+json\" class=\"yoast-schema-graph\">{\"@context\":\"https:\/\/schema.org\",\"@graph\":[{\"@type\":\"WebPage\",\"@id\":\"https:\/\/frontaliers-grandest.eu\/de\/startseite\/grenzganger\/deutschland-frankreich\/besteuerung\/die-besteuerung\/welche-steuerrechtlichen-schritte-sind-erforderlich-wenn-ich-in-frankreich-arbeite\/\",\"url\":\"https:\/\/frontaliers-grandest.eu\/de\/startseite\/grenzganger\/deutschland-frankreich\/besteuerung\/die-besteuerung\/welche-steuerrechtlichen-schritte-sind-erforderlich-wenn-ich-in-frankreich-arbeite\/\",\"name\":\"Steuerrechtliche schritte f\u00fcr in Frankreich arbeitende grenzg\u00e4nger\",\"isPartOf\":{\"@id\":\"https:\/\/frontaliers-grandest.eu\/de\/#website\"},\"datePublished\":\"2021-06-08T12:05:47+00:00\",\"dateModified\":\"2024-07-25T09:19:49+00:00\",\"description\":\"Steuerschritte f\u00fcr in Frankreich arbeitende deutsche Grenzg\u00e4nger: Steuererkl\u00e4rung in Deutschland, Freistellungsbescheinigung in Frankreich.\",\"breadcrumb\":{\"@id\":\"https:\/\/frontaliers-grandest.eu\/de\/startseite\/grenzganger\/deutschland-frankreich\/besteuerung\/die-besteuerung\/welche-steuerrechtlichen-schritte-sind-erforderlich-wenn-ich-in-frankreich-arbeite\/#breadcrumb\"},\"inLanguage\":\"de\",\"potentialAction\":[{\"@type\":\"ReadAction\",\"target\":[\"https:\/\/frontaliers-grandest.eu\/de\/startseite\/grenzganger\/deutschland-frankreich\/besteuerung\/die-besteuerung\/welche-steuerrechtlichen-schritte-sind-erforderlich-wenn-ich-in-frankreich-arbeite\/\"]}]},{\"@type\":\"BreadcrumbList\",\"@id\":\"https:\/\/frontaliers-grandest.eu\/de\/startseite\/grenzganger\/deutschland-frankreich\/besteuerung\/die-besteuerung\/welche-steuerrechtlichen-schritte-sind-erforderlich-wenn-ich-in-frankreich-arbeite\/#breadcrumb\",\"itemListElement\":[{\"@type\":\"ListItem\",\"position\":1,\"name\":\"Startseite\",\"item\":\"https:\/\/frontaliers-grandest.eu\/de\/\"},{\"@type\":\"ListItem\",\"position\":2,\"name\":\"Grenzg\u00e4nger\",\"item\":\"https:\/\/frontaliers-grandest.eu\/de\/startseite\/grenzganger\/\"},{\"@type\":\"ListItem\",\"position\":3,\"name\":\"Deutschland - Frankreich\",\"item\":\"https:\/\/frontaliers-grandest.eu\/de\/startseite\/grenzganger\/deutschland-frankreich\/\"},{\"@type\":\"ListItem\",\"position\":4,\"name\":\"Besteuerung in Frankreich\",\"item\":\"https:\/\/frontaliers-grandest.eu\/de\/startseite\/grenzganger\/deutschland-frankreich\/besteuerung\/\"},{\"@type\":\"ListItem\",\"position\":5,\"name\":\"Die Besteuerung\",\"item\":\"https:\/\/frontaliers-grandest.eu\/de\/startseite\/grenzganger\/deutschland-frankreich\/besteuerung\/die-besteuerung\/\"},{\"@type\":\"ListItem\",\"position\":6,\"name\":\"Welche steuerrechtlichen Schritte sind erforderlich, wenn ich in Frankreich arbeite?\"}]},{\"@type\":\"WebSite\",\"@id\":\"https:\/\/frontaliers-grandest.eu\/de\/#website\",\"url\":\"https:\/\/frontaliers-grandest.eu\/de\/\",\"name\":\"Frontaliers Grand Est\",\"description\":\"Le site ressource du travail frontalier\",\"publisher\":{\"@id\":\"https:\/\/frontaliers-grandest.eu\/de\/#organization\"},\"alternateName\":\"Frontaliers Grand Est\",\"potentialAction\":[{\"@type\":\"SearchAction\",\"target\":{\"@type\":\"EntryPoint\",\"urlTemplate\":\"https:\/\/frontaliers-grandest.eu\/de\/?s={search_term_string}\"},\"query-input\":{\"@type\":\"PropertyValueSpecification\",\"valueRequired\":true,\"valueName\":\"search_term_string\"}}],\"inLanguage\":\"de\"},{\"@type\":\"Organization\",\"@id\":\"https:\/\/frontaliers-grandest.eu\/de\/#organization\",\"name\":\"Frontaliers Grand Est\",\"alternateName\":\"Frontaliers Grand Est\",\"url\":\"https:\/\/frontaliers-grandest.eu\/de\/\",\"logo\":{\"@type\":\"ImageObject\",\"inLanguage\":\"de\",\"@id\":\"https:\/\/frontaliers-grandest.eu\/de\/#\/schema\/logo\/image\/\",\"url\":\"https:\/\/frontaliers-grandest.eu\/wp-content\/uploads\/2025\/07\/260328234_2966785176920310_3332838526503858160_n.jpg\",\"contentUrl\":\"https:\/\/frontaliers-grandest.eu\/wp-content\/uploads\/2025\/07\/260328234_2966785176920310_3332838526503858160_n.jpg\",\"width\":396,\"height\":396,\"caption\":\"Frontaliers Grand Est\"},\"image\":{\"@id\":\"https:\/\/frontaliers-grandest.eu\/de\/#\/schema\/logo\/image\/\"},\"sameAs\":[\"https:\/\/www.facebook.com\/frontaliers.GR.EST\/?locale=fr_FR\"]}]}<\/script>\n<!-- \/ Yoast SEO plugin. -->","yoast_head_json":{"title":"Steuerrechtliche schritte f\u00fcr in Frankreich arbeitende grenzg\u00e4nger","description":"Steuerschritte f\u00fcr in Frankreich arbeitende deutsche Grenzg\u00e4nger: Steuererkl\u00e4rung in Deutschland, Freistellungsbescheinigung in Frankreich.","robots":{"index":"index","follow":"follow","max-snippet":"max-snippet:-1","max-image-preview":"max-image-preview:large","max-video-preview":"max-video-preview:-1"},"canonical":"https:\/\/frontaliers-grandest.eu\/de\/startseite\/grenzganger\/deutschland-frankreich\/besteuerung\/die-besteuerung\/welche-steuerrechtlichen-schritte-sind-erforderlich-wenn-ich-in-frankreich-arbeite\/","og_locale":"de_DE","og_type":"article","og_title":"Steuerrechtliche schritte f\u00fcr in Frankreich arbeitende grenzg\u00e4nger","og_description":"Steuerschritte f\u00fcr in Frankreich arbeitende deutsche Grenzg\u00e4nger: Steuererkl\u00e4rung in Deutschland, Freistellungsbescheinigung in Frankreich.","og_url":"https:\/\/frontaliers-grandest.eu\/de\/startseite\/grenzganger\/deutschland-frankreich\/besteuerung\/die-besteuerung\/welche-steuerrechtlichen-schritte-sind-erforderlich-wenn-ich-in-frankreich-arbeite\/","og_site_name":"Frontaliers Grand Est","article_publisher":"https:\/\/www.facebook.com\/frontaliers.GR.EST\/?locale=fr_FR","article_modified_time":"2024-07-25T09:19:49+00:00","twitter_card":"summary_large_image","twitter_misc":{"Gesch\u00e4tzte Lesezeit":"2\u00a0Minuten"},"schema":{"@context":"https:\/\/schema.org","@graph":[{"@type":"WebPage","@id":"https:\/\/frontaliers-grandest.eu\/de\/startseite\/grenzganger\/deutschland-frankreich\/besteuerung\/die-besteuerung\/welche-steuerrechtlichen-schritte-sind-erforderlich-wenn-ich-in-frankreich-arbeite\/","url":"https:\/\/frontaliers-grandest.eu\/de\/startseite\/grenzganger\/deutschland-frankreich\/besteuerung\/die-besteuerung\/welche-steuerrechtlichen-schritte-sind-erforderlich-wenn-ich-in-frankreich-arbeite\/","name":"Steuerrechtliche schritte f\u00fcr in Frankreich arbeitende grenzg\u00e4nger","isPartOf":{"@id":"https:\/\/frontaliers-grandest.eu\/de\/#website"},"datePublished":"2021-06-08T12:05:47+00:00","dateModified":"2024-07-25T09:19:49+00:00","description":"Steuerschritte f\u00fcr in Frankreich arbeitende deutsche Grenzg\u00e4nger: Steuererkl\u00e4rung in Deutschland, Freistellungsbescheinigung in Frankreich.","breadcrumb":{"@id":"https:\/\/frontaliers-grandest.eu\/de\/startseite\/grenzganger\/deutschland-frankreich\/besteuerung\/die-besteuerung\/welche-steuerrechtlichen-schritte-sind-erforderlich-wenn-ich-in-frankreich-arbeite\/#breadcrumb"},"inLanguage":"de","potentialAction":[{"@type":"ReadAction","target":["https:\/\/frontaliers-grandest.eu\/de\/startseite\/grenzganger\/deutschland-frankreich\/besteuerung\/die-besteuerung\/welche-steuerrechtlichen-schritte-sind-erforderlich-wenn-ich-in-frankreich-arbeite\/"]}]},{"@type":"BreadcrumbList","@id":"https:\/\/frontaliers-grandest.eu\/de\/startseite\/grenzganger\/deutschland-frankreich\/besteuerung\/die-besteuerung\/welche-steuerrechtlichen-schritte-sind-erforderlich-wenn-ich-in-frankreich-arbeite\/#breadcrumb","itemListElement":[{"@type":"ListItem","position":1,"name":"Startseite","item":"https:\/\/frontaliers-grandest.eu\/de\/"},{"@type":"ListItem","position":2,"name":"Grenzg\u00e4nger","item":"https:\/\/frontaliers-grandest.eu\/de\/startseite\/grenzganger\/"},{"@type":"ListItem","position":3,"name":"Deutschland - Frankreich","item":"https:\/\/frontaliers-grandest.eu\/de\/startseite\/grenzganger\/deutschland-frankreich\/"},{"@type":"ListItem","position":4,"name":"Besteuerung in Frankreich","item":"https:\/\/frontaliers-grandest.eu\/de\/startseite\/grenzganger\/deutschland-frankreich\/besteuerung\/"},{"@type":"ListItem","position":5,"name":"Die Besteuerung","item":"https:\/\/frontaliers-grandest.eu\/de\/startseite\/grenzganger\/deutschland-frankreich\/besteuerung\/die-besteuerung\/"},{"@type":"ListItem","position":6,"name":"Welche steuerrechtlichen Schritte sind erforderlich, wenn ich in Frankreich arbeite?"}]},{"@type":"WebSite","@id":"https:\/\/frontaliers-grandest.eu\/de\/#website","url":"https:\/\/frontaliers-grandest.eu\/de\/","name":"Frontaliers Grand Est","description":"Le site ressource du travail frontalier","publisher":{"@id":"https:\/\/frontaliers-grandest.eu\/de\/#organization"},"alternateName":"Frontaliers Grand Est","potentialAction":[{"@type":"SearchAction","target":{"@type":"EntryPoint","urlTemplate":"https:\/\/frontaliers-grandest.eu\/de\/?s={search_term_string}"},"query-input":{"@type":"PropertyValueSpecification","valueRequired":true,"valueName":"search_term_string"}}],"inLanguage":"de"},{"@type":"Organization","@id":"https:\/\/frontaliers-grandest.eu\/de\/#organization","name":"Frontaliers Grand Est","alternateName":"Frontaliers Grand Est","url":"https:\/\/frontaliers-grandest.eu\/de\/","logo":{"@type":"ImageObject","inLanguage":"de","@id":"https:\/\/frontaliers-grandest.eu\/de\/#\/schema\/logo\/image\/","url":"https:\/\/frontaliers-grandest.eu\/wp-content\/uploads\/2025\/07\/260328234_2966785176920310_3332838526503858160_n.jpg","contentUrl":"https:\/\/frontaliers-grandest.eu\/wp-content\/uploads\/2025\/07\/260328234_2966785176920310_3332838526503858160_n.jpg","width":396,"height":396,"caption":"Frontaliers Grand Est"},"image":{"@id":"https:\/\/frontaliers-grandest.eu\/de\/#\/schema\/logo\/image\/"},"sameAs":["https:\/\/www.facebook.com\/frontaliers.GR.EST\/?locale=fr_FR"]}]}},"frge_page_order":0,"_links":{"self":[{"href":"https:\/\/frontaliers-grandest.eu\/de\/wp-json\/wp\/v2\/pages\/8341","targetHints":{"allow":["GET"]}}],"collection":[{"href":"https:\/\/frontaliers-grandest.eu\/de\/wp-json\/wp\/v2\/pages"}],"about":[{"href":"https:\/\/frontaliers-grandest.eu\/de\/wp-json\/wp\/v2\/types\/page"}],"author":[{"embeddable":true,"href":"https:\/\/frontaliers-grandest.eu\/de\/wp-json\/wp\/v2\/users\/7"}],"replies":[{"embeddable":true,"href":"https:\/\/frontaliers-grandest.eu\/de\/wp-json\/wp\/v2\/comments?post=8341"}],"version-history":[{"count":4,"href":"https:\/\/frontaliers-grandest.eu\/de\/wp-json\/wp\/v2\/pages\/8341\/revisions"}],"predecessor-version":[{"id":34627,"href":"https:\/\/frontaliers-grandest.eu\/de\/wp-json\/wp\/v2\/pages\/8341\/revisions\/34627"}],"up":[{"embeddable":true,"href":"https:\/\/frontaliers-grandest.eu\/de\/wp-json\/wp\/v2\/pages\/8324"}],"wp:attachment":[{"href":"https:\/\/frontaliers-grandest.eu\/de\/wp-json\/wp\/v2\/media?parent=8341"}],"wp:term":[{"taxonomy":"post_tag","embeddable":true,"href":"https:\/\/frontaliers-grandest.eu\/de\/wp-json\/wp\/v2\/tags?post=8341"},{"taxonomy":"frge_profile","embeddable":true,"href":"https:\/\/frontaliers-grandest.eu\/de\/wp-json\/wp\/v2\/frge_profile?post=8341"}],"curies":[{"name":"wp","href":"https:\/\/api.w.org\/{rel}","templated":true}]}}