{"id":8339,"date":"2021-06-08T13:53:43","date_gmt":"2021-06-08T11:53:43","guid":{"rendered":"https:\/\/frontaliers-grandest.eu\/?page_id=8339"},"modified":"2025-03-04T12:38:05","modified_gmt":"2025-03-04T11:38:05","slug":"steuerrechtlicher-status-grenzganger-oder-nicht-grenzganger","status":"publish","type":"page","link":"https:\/\/frontaliers-grandest.eu\/de\/startseite\/grenzganger\/deutschland-frankreich\/besteuerung\/die-besteuerung\/steuerrechtlicher-status-grenzganger-oder-nicht-grenzganger\/","title":{"rendered":"Steuerrechtlicher Status : Grenzg\u00e4nger oder Nicht-Grenzg\u00e4nger"},"content":{"rendered":"\n<p>Das im Juli 1959 geschlossene deutsch-franz\u00f6sische Steuerabkommen sowie die zus\u00e4tzlichen Vereinbarungen legen eine grunds\u00e4tzliche&nbsp;<strong>Einkommensteuerpflicht im Besch\u00e4ftigungsland&nbsp;<\/strong>fest, d.&nbsp;h. in dem Land, in dem die Berufst\u00e4tigkeit ausge\u00fcbt wird.<\/p>\n\n\n\n<p>Eine<strong>&nbsp;Ausnahme&nbsp;<\/strong>stelltder&nbsp;<strong>steuerrechtliche Status des&nbsp;Grenzg\u00e4ngers&nbsp;<\/strong>dar, f\u00fcr den folgende Voraussetzungen erf\u00fcllt sein m\u00fcssen:<\/p>\n\n\n\n<ul class=\"wp-block-list\">\n<li><strong>Wohnsitz\u00a0<\/strong>in Deutschland in einer Grenzzone, die h\u00f6chstens<strong>\u00a020 km Luftlinie<\/strong>\u00a0von der\u00a0 Grenze entfernt liegt,<\/li>\n\n\n\n<li><strong>Berufst\u00e4tigkeit\u00a0<\/strong>in einer franz\u00f6sischen Gemeinde, die h\u00f6chstens<strong>\u00a020 km Luftlinie<\/strong>\u00a0von der Grenze entfernt liegt,<\/li>\n\n\n\n<li>Grunds\u00e4tzlich<strong>\u00a0t\u00e4gliche Heimfahrt.<\/strong><\/li>\n<\/ul>\n\n\n\n<p><strong>Wenn Sie diese Bedingungen erf\u00fcllen, haben Sie den steuerrechtlichen Status eines Grenzg\u00e4ngers und zahlen Ihre Einkommensteuer in Deutschland.<\/strong><\/p>\n\n\n\n<p><strong>Selbst wenn diese Bedingungen erf\u00fcllt sind,&nbsp;<\/strong>kann der&nbsp;<strong>steuerrechtliche Grenzg\u00e4ngerstatus&nbsp;<\/strong>in einigen F\u00e4llen&nbsp;<strong>verloren gehen.<\/strong><\/p>\n\n\n\n<h4 class=\"wp-block-heading\"><strong>45-Tage-Regel&nbsp;<\/strong><\/h4>\n\n\n\n<p>Wenn es dem Grenzg\u00e4nger nicht m\u00f6glich ist, nach jedem Arbeitstag an seinen Wohnort zur\u00fcckzukehren, oder wenn er beispielsweise au\u00dferhalb der Grenzregion arbeitet,&nbsp;beh\u00e4lt er dennoch seinen Grenzg\u00e4ngerstatus:<\/p>\n\n\n\n<ul class=\"wp-block-list\">\n<li>Wenn der Arbeitnehmer seine T\u00e4tigkeit w\u00e4hrend des ganzen Jahres in der Grenzregion aus\u00fcbt und\u00a0<strong>in diesem Zeitraum an h\u00f6chstens 45 Arbeitstagen nicht an seinen Wohnort zur\u00fcckkehren kann.<\/strong><\/li>\n\n\n\n<li>Wenn, f\u00fcr den Fall, dass er seine T\u00e4tigkeit nicht w\u00e4hrend des ganzen Jahres in der Grenzregion aus\u00fcbt, die Arbeitstage au\u00dferhalb der Grenzregion\u00a0<strong>nicht mehr als 20\u00a0% der gesamten Arbeitszeit<\/strong>\u00a0bzw. Arbeitstage im Rahmen des Arbeitsverh\u00e4ltnisses ausmachen.<strong>\u00a0In keinem Fall d\u00fcrfen 45 Tage eines Kalenderjahres \u00fcberschritten werden<\/strong>.<\/li>\n<\/ul>\n\n\n\n<p>Einzelheiten zur Anwendung der 45-Tage-Regelung finden Sie in der Ver-st\u00e4ndigungsvereinbarung vom 16. Februar 2006 zwischen Frankreich und Deutschland zur 183-Tage-Regelung und zur Anwendung der Grenzg\u00e4ngerregelung. Wenden Sie sich daf\u00fcr bitte an Ihr Finanzamt.<\/p>\n\n\n\n<p>Ist eine dieser Bedingungen&nbsp;<strong>nicht erf\u00fcllt,&nbsp;<\/strong>gelten Sie steuerrechtlich nicht als Grenzg\u00e4nger und&nbsp;<strong>zahlen Ihre Einkommensteuer in Frankreich.<\/strong><\/p>\n\n\n\n<h4 class=\"wp-block-heading\"><strong>Dienstbez\u00fcge von Einrichtungen des \u00f6ffentlichen Rechts&nbsp;<\/strong><\/h4>\n\n\n\n<p>Die vom Staat oder einer juristischen Person \u00f6ffentlichen Rechts gezahlten Dienstbez\u00fcge sind im&nbsp;<strong>Schuldnerland (Besch\u00e4ftigungsland = Frankreich) steuerpflichtig,<\/strong>&nbsp;sofern der Bezieher Staatsangeh\u00f6riger dieses Staates ist (im vorliegenden Fall also die franz\u00f6sische Staatsangeh\u00f6rigkeit besitzt).&nbsp;<strong>Besitzt&nbsp;er nur die deutsche Staatsangeh\u00f6rigkeit, ist die Einkommensteuer im Wohnsitzland zu entrichten.<\/strong><\/p>\n\n\n\n<h4 class=\"wp-block-heading\"><strong>Leiharbeitnehmer&nbsp;<\/strong><\/h4>\n\n\n\n<p>Die in der Grenzregion arbeitenden Leiharbeitnehmer unterliegen der<strong>&nbsp;Steuerpflicht in beiden Staaten.&nbsp;Sie haben jedoch Anspruch auf eine Steuergutschrift im Wohnsitzland<\/strong>, (d. h. das Absetzen\/ R\u00fcckerstatten gezahlter Steuern ist m\u00f6glich).<\/p>\n","protected":false},"excerpt":{"rendered":"<p>Das im Juli 1959 geschlossene deutsch-franz\u00f6sische Steuerabkommen sowie die zus\u00e4tzlichen Vereinbarungen legen eine grunds\u00e4tzliche&nbsp;Einkommensteuerpflicht im Besch\u00e4ftigungsland&nbsp;fest, d.&nbsp;h. in dem Land, in dem die Berufst\u00e4tigkeit ausge\u00fcbt wird. Eine&nbsp;Ausnahme&nbsp;stelltder&nbsp;steuerrechtliche Status des&nbsp;Grenzg\u00e4ngers&nbsp;dar, f\u00fcr den folgende Voraussetzungen erf\u00fcllt sein m\u00fcssen: Wenn Sie diese Bedingungen erf\u00fcllen, haben Sie den steuerrechtlichen Status eines Grenzg\u00e4ngers und zahlen Ihre Einkommensteuer in Deutschland. Selbst [&hellip;]<\/p>\n","protected":false},"author":7,"featured_media":0,"parent":8324,"menu_order":0,"comment_status":"closed","ping_status":"closed","template":"","meta":{"inline_featured_image":false,"footnotes":""},"tags":[],"frge_profile":[],"class_list":["post-8339","page","type-page","status-publish","hentry"],"yoast_head":"<!-- This site is optimized with the Yoast SEO plugin v27.1.1 - https:\/\/yoast.com\/product\/yoast-seo-wordpress\/ -->\n<title>Steuerrechtlicher Status : Grenzg\u00e4nger oder Nicht-Grenzg\u00e4nger - Frontaliers Grand Est<\/title>\n<meta name=\"robots\" content=\"index, follow, max-snippet:-1, max-image-preview:large, max-video-preview:-1\" \/>\n<link rel=\"canonical\" href=\"https:\/\/frontaliers-grandest.eu\/de\/startseite\/grenzganger\/deutschland-frankreich\/besteuerung\/die-besteuerung\/steuerrechtlicher-status-grenzganger-oder-nicht-grenzganger\/\" \/>\n<meta property=\"og:locale\" content=\"de_DE\" \/>\n<meta property=\"og:type\" content=\"article\" \/>\n<meta property=\"og:title\" content=\"Steuerrechtlicher Status : Grenzg\u00e4nger oder Nicht-Grenzg\u00e4nger - Frontaliers Grand Est\" \/>\n<meta property=\"og:description\" content=\"Das im Juli 1959 geschlossene deutsch-franz\u00f6sische Steuerabkommen sowie die zus\u00e4tzlichen Vereinbarungen legen eine grunds\u00e4tzliche&nbsp;Einkommensteuerpflicht im Besch\u00e4ftigungsland&nbsp;fest, d.&nbsp;h. in dem Land, in dem die Berufst\u00e4tigkeit ausge\u00fcbt wird. Eine&nbsp;Ausnahme&nbsp;stelltder&nbsp;steuerrechtliche Status des&nbsp;Grenzg\u00e4ngers&nbsp;dar, f\u00fcr den folgende Voraussetzungen erf\u00fcllt sein m\u00fcssen: Wenn Sie diese Bedingungen erf\u00fcllen, haben Sie den steuerrechtlichen Status eines Grenzg\u00e4ngers und zahlen Ihre Einkommensteuer in Deutschland. Selbst [&hellip;]\" \/>\n<meta property=\"og:url\" content=\"https:\/\/frontaliers-grandest.eu\/de\/startseite\/grenzganger\/deutschland-frankreich\/besteuerung\/die-besteuerung\/steuerrechtlicher-status-grenzganger-oder-nicht-grenzganger\/\" \/>\n<meta property=\"og:site_name\" content=\"Frontaliers Grand Est\" \/>\n<meta property=\"article:publisher\" content=\"https:\/\/www.facebook.com\/frontaliers.GR.EST\/?locale=fr_FR\" \/>\n<meta property=\"article:modified_time\" content=\"2025-03-04T11:38:05+00:00\" \/>\n<meta name=\"twitter:card\" content=\"summary_large_image\" \/>\n<meta name=\"twitter:label1\" content=\"Gesch\u00e4tzte Lesezeit\" \/>\n\t<meta name=\"twitter:data1\" content=\"2\u00a0Minuten\" \/>\n<script type=\"application\/ld+json\" class=\"yoast-schema-graph\">{\"@context\":\"https:\/\/schema.org\",\"@graph\":[{\"@type\":\"WebPage\",\"@id\":\"https:\/\/frontaliers-grandest.eu\/de\/startseite\/grenzganger\/deutschland-frankreich\/besteuerung\/die-besteuerung\/steuerrechtlicher-status-grenzganger-oder-nicht-grenzganger\/\",\"url\":\"https:\/\/frontaliers-grandest.eu\/de\/startseite\/grenzganger\/deutschland-frankreich\/besteuerung\/die-besteuerung\/steuerrechtlicher-status-grenzganger-oder-nicht-grenzganger\/\",\"name\":\"Steuerrechtlicher Status : Grenzg\u00e4nger oder Nicht-Grenzg\u00e4nger - Frontaliers Grand Est\",\"isPartOf\":{\"@id\":\"https:\/\/frontaliers-grandest.eu\/de\/#website\"},\"datePublished\":\"2021-06-08T11:53:43+00:00\",\"dateModified\":\"2025-03-04T11:38:05+00:00\",\"breadcrumb\":{\"@id\":\"https:\/\/frontaliers-grandest.eu\/de\/startseite\/grenzganger\/deutschland-frankreich\/besteuerung\/die-besteuerung\/steuerrechtlicher-status-grenzganger-oder-nicht-grenzganger\/#breadcrumb\"},\"inLanguage\":\"de\",\"potentialAction\":[{\"@type\":\"ReadAction\",\"target\":[\"https:\/\/frontaliers-grandest.eu\/de\/startseite\/grenzganger\/deutschland-frankreich\/besteuerung\/die-besteuerung\/steuerrechtlicher-status-grenzganger-oder-nicht-grenzganger\/\"]}]},{\"@type\":\"BreadcrumbList\",\"@id\":\"https:\/\/frontaliers-grandest.eu\/de\/startseite\/grenzganger\/deutschland-frankreich\/besteuerung\/die-besteuerung\/steuerrechtlicher-status-grenzganger-oder-nicht-grenzganger\/#breadcrumb\",\"itemListElement\":[{\"@type\":\"ListItem\",\"position\":1,\"name\":\"Startseite\",\"item\":\"https:\/\/frontaliers-grandest.eu\/de\/\"},{\"@type\":\"ListItem\",\"position\":2,\"name\":\"Grenzg\u00e4nger\",\"item\":\"https:\/\/frontaliers-grandest.eu\/de\/startseite\/grenzganger\/\"},{\"@type\":\"ListItem\",\"position\":3,\"name\":\"Deutschland - Frankreich\",\"item\":\"https:\/\/frontaliers-grandest.eu\/de\/startseite\/grenzganger\/deutschland-frankreich\/\"},{\"@type\":\"ListItem\",\"position\":4,\"name\":\"Besteuerung in Frankreich\",\"item\":\"https:\/\/frontaliers-grandest.eu\/de\/startseite\/grenzganger\/deutschland-frankreich\/besteuerung\/\"},{\"@type\":\"ListItem\",\"position\":5,\"name\":\"Die Besteuerung\",\"item\":\"https:\/\/frontaliers-grandest.eu\/de\/startseite\/grenzganger\/deutschland-frankreich\/besteuerung\/die-besteuerung\/\"},{\"@type\":\"ListItem\",\"position\":6,\"name\":\"Steuerrechtlicher Status : Grenzg\u00e4nger oder Nicht-Grenzg\u00e4nger\"}]},{\"@type\":\"WebSite\",\"@id\":\"https:\/\/frontaliers-grandest.eu\/de\/#website\",\"url\":\"https:\/\/frontaliers-grandest.eu\/de\/\",\"name\":\"Frontaliers Grand Est\",\"description\":\"Le site ressource du travail frontalier\",\"publisher\":{\"@id\":\"https:\/\/frontaliers-grandest.eu\/de\/#organization\"},\"alternateName\":\"Frontaliers Grand Est\",\"potentialAction\":[{\"@type\":\"SearchAction\",\"target\":{\"@type\":\"EntryPoint\",\"urlTemplate\":\"https:\/\/frontaliers-grandest.eu\/de\/?s={search_term_string}\"},\"query-input\":{\"@type\":\"PropertyValueSpecification\",\"valueRequired\":true,\"valueName\":\"search_term_string\"}}],\"inLanguage\":\"de\"},{\"@type\":\"Organization\",\"@id\":\"https:\/\/frontaliers-grandest.eu\/de\/#organization\",\"name\":\"Frontaliers Grand Est\",\"alternateName\":\"Frontaliers Grand Est\",\"url\":\"https:\/\/frontaliers-grandest.eu\/de\/\",\"logo\":{\"@type\":\"ImageObject\",\"inLanguage\":\"de\",\"@id\":\"https:\/\/frontaliers-grandest.eu\/de\/#\/schema\/logo\/image\/\",\"url\":\"https:\/\/frontaliers-grandest.eu\/wp-content\/uploads\/2025\/07\/260328234_2966785176920310_3332838526503858160_n.jpg\",\"contentUrl\":\"https:\/\/frontaliers-grandest.eu\/wp-content\/uploads\/2025\/07\/260328234_2966785176920310_3332838526503858160_n.jpg\",\"width\":396,\"height\":396,\"caption\":\"Frontaliers Grand Est\"},\"image\":{\"@id\":\"https:\/\/frontaliers-grandest.eu\/de\/#\/schema\/logo\/image\/\"},\"sameAs\":[\"https:\/\/www.facebook.com\/frontaliers.GR.EST\/?locale=fr_FR\"]}]}<\/script>\n<!-- \/ Yoast SEO plugin. -->","yoast_head_json":{"title":"Steuerrechtlicher Status : Grenzg\u00e4nger oder Nicht-Grenzg\u00e4nger - Frontaliers Grand Est","robots":{"index":"index","follow":"follow","max-snippet":"max-snippet:-1","max-image-preview":"max-image-preview:large","max-video-preview":"max-video-preview:-1"},"canonical":"https:\/\/frontaliers-grandest.eu\/de\/startseite\/grenzganger\/deutschland-frankreich\/besteuerung\/die-besteuerung\/steuerrechtlicher-status-grenzganger-oder-nicht-grenzganger\/","og_locale":"de_DE","og_type":"article","og_title":"Steuerrechtlicher Status : Grenzg\u00e4nger oder Nicht-Grenzg\u00e4nger - Frontaliers Grand Est","og_description":"Das im Juli 1959 geschlossene deutsch-franz\u00f6sische Steuerabkommen sowie die zus\u00e4tzlichen Vereinbarungen legen eine grunds\u00e4tzliche&nbsp;Einkommensteuerpflicht im Besch\u00e4ftigungsland&nbsp;fest, d.&nbsp;h. in dem Land, in dem die Berufst\u00e4tigkeit ausge\u00fcbt wird. Eine&nbsp;Ausnahme&nbsp;stelltder&nbsp;steuerrechtliche Status des&nbsp;Grenzg\u00e4ngers&nbsp;dar, f\u00fcr den folgende Voraussetzungen erf\u00fcllt sein m\u00fcssen: Wenn Sie diese Bedingungen erf\u00fcllen, haben Sie den steuerrechtlichen Status eines Grenzg\u00e4ngers und zahlen Ihre Einkommensteuer in Deutschland. Selbst [&hellip;]","og_url":"https:\/\/frontaliers-grandest.eu\/de\/startseite\/grenzganger\/deutschland-frankreich\/besteuerung\/die-besteuerung\/steuerrechtlicher-status-grenzganger-oder-nicht-grenzganger\/","og_site_name":"Frontaliers Grand Est","article_publisher":"https:\/\/www.facebook.com\/frontaliers.GR.EST\/?locale=fr_FR","article_modified_time":"2025-03-04T11:38:05+00:00","twitter_card":"summary_large_image","twitter_misc":{"Gesch\u00e4tzte Lesezeit":"2\u00a0Minuten"},"schema":{"@context":"https:\/\/schema.org","@graph":[{"@type":"WebPage","@id":"https:\/\/frontaliers-grandest.eu\/de\/startseite\/grenzganger\/deutschland-frankreich\/besteuerung\/die-besteuerung\/steuerrechtlicher-status-grenzganger-oder-nicht-grenzganger\/","url":"https:\/\/frontaliers-grandest.eu\/de\/startseite\/grenzganger\/deutschland-frankreich\/besteuerung\/die-besteuerung\/steuerrechtlicher-status-grenzganger-oder-nicht-grenzganger\/","name":"Steuerrechtlicher Status : Grenzg\u00e4nger oder Nicht-Grenzg\u00e4nger - Frontaliers Grand Est","isPartOf":{"@id":"https:\/\/frontaliers-grandest.eu\/de\/#website"},"datePublished":"2021-06-08T11:53:43+00:00","dateModified":"2025-03-04T11:38:05+00:00","breadcrumb":{"@id":"https:\/\/frontaliers-grandest.eu\/de\/startseite\/grenzganger\/deutschland-frankreich\/besteuerung\/die-besteuerung\/steuerrechtlicher-status-grenzganger-oder-nicht-grenzganger\/#breadcrumb"},"inLanguage":"de","potentialAction":[{"@type":"ReadAction","target":["https:\/\/frontaliers-grandest.eu\/de\/startseite\/grenzganger\/deutschland-frankreich\/besteuerung\/die-besteuerung\/steuerrechtlicher-status-grenzganger-oder-nicht-grenzganger\/"]}]},{"@type":"BreadcrumbList","@id":"https:\/\/frontaliers-grandest.eu\/de\/startseite\/grenzganger\/deutschland-frankreich\/besteuerung\/die-besteuerung\/steuerrechtlicher-status-grenzganger-oder-nicht-grenzganger\/#breadcrumb","itemListElement":[{"@type":"ListItem","position":1,"name":"Startseite","item":"https:\/\/frontaliers-grandest.eu\/de\/"},{"@type":"ListItem","position":2,"name":"Grenzg\u00e4nger","item":"https:\/\/frontaliers-grandest.eu\/de\/startseite\/grenzganger\/"},{"@type":"ListItem","position":3,"name":"Deutschland - Frankreich","item":"https:\/\/frontaliers-grandest.eu\/de\/startseite\/grenzganger\/deutschland-frankreich\/"},{"@type":"ListItem","position":4,"name":"Besteuerung in Frankreich","item":"https:\/\/frontaliers-grandest.eu\/de\/startseite\/grenzganger\/deutschland-frankreich\/besteuerung\/"},{"@type":"ListItem","position":5,"name":"Die Besteuerung","item":"https:\/\/frontaliers-grandest.eu\/de\/startseite\/grenzganger\/deutschland-frankreich\/besteuerung\/die-besteuerung\/"},{"@type":"ListItem","position":6,"name":"Steuerrechtlicher Status : Grenzg\u00e4nger oder Nicht-Grenzg\u00e4nger"}]},{"@type":"WebSite","@id":"https:\/\/frontaliers-grandest.eu\/de\/#website","url":"https:\/\/frontaliers-grandest.eu\/de\/","name":"Frontaliers Grand Est","description":"Le site ressource du travail frontalier","publisher":{"@id":"https:\/\/frontaliers-grandest.eu\/de\/#organization"},"alternateName":"Frontaliers Grand Est","potentialAction":[{"@type":"SearchAction","target":{"@type":"EntryPoint","urlTemplate":"https:\/\/frontaliers-grandest.eu\/de\/?s={search_term_string}"},"query-input":{"@type":"PropertyValueSpecification","valueRequired":true,"valueName":"search_term_string"}}],"inLanguage":"de"},{"@type":"Organization","@id":"https:\/\/frontaliers-grandest.eu\/de\/#organization","name":"Frontaliers Grand Est","alternateName":"Frontaliers Grand Est","url":"https:\/\/frontaliers-grandest.eu\/de\/","logo":{"@type":"ImageObject","inLanguage":"de","@id":"https:\/\/frontaliers-grandest.eu\/de\/#\/schema\/logo\/image\/","url":"https:\/\/frontaliers-grandest.eu\/wp-content\/uploads\/2025\/07\/260328234_2966785176920310_3332838526503858160_n.jpg","contentUrl":"https:\/\/frontaliers-grandest.eu\/wp-content\/uploads\/2025\/07\/260328234_2966785176920310_3332838526503858160_n.jpg","width":396,"height":396,"caption":"Frontaliers Grand Est"},"image":{"@id":"https:\/\/frontaliers-grandest.eu\/de\/#\/schema\/logo\/image\/"},"sameAs":["https:\/\/www.facebook.com\/frontaliers.GR.EST\/?locale=fr_FR"]}]}},"frge_page_order":0,"_links":{"self":[{"href":"https:\/\/frontaliers-grandest.eu\/de\/wp-json\/wp\/v2\/pages\/8339","targetHints":{"allow":["GET"]}}],"collection":[{"href":"https:\/\/frontaliers-grandest.eu\/de\/wp-json\/wp\/v2\/pages"}],"about":[{"href":"https:\/\/frontaliers-grandest.eu\/de\/wp-json\/wp\/v2\/types\/page"}],"author":[{"embeddable":true,"href":"https:\/\/frontaliers-grandest.eu\/de\/wp-json\/wp\/v2\/users\/7"}],"replies":[{"embeddable":true,"href":"https:\/\/frontaliers-grandest.eu\/de\/wp-json\/wp\/v2\/comments?post=8339"}],"version-history":[{"count":2,"href":"https:\/\/frontaliers-grandest.eu\/de\/wp-json\/wp\/v2\/pages\/8339\/revisions"}],"predecessor-version":[{"id":47141,"href":"https:\/\/frontaliers-grandest.eu\/de\/wp-json\/wp\/v2\/pages\/8339\/revisions\/47141"}],"up":[{"embeddable":true,"href":"https:\/\/frontaliers-grandest.eu\/de\/wp-json\/wp\/v2\/pages\/8324"}],"wp:attachment":[{"href":"https:\/\/frontaliers-grandest.eu\/de\/wp-json\/wp\/v2\/media?parent=8339"}],"wp:term":[{"taxonomy":"post_tag","embeddable":true,"href":"https:\/\/frontaliers-grandest.eu\/de\/wp-json\/wp\/v2\/tags?post=8339"},{"taxonomy":"frge_profile","embeddable":true,"href":"https:\/\/frontaliers-grandest.eu\/de\/wp-json\/wp\/v2\/frge_profile?post=8339"}],"curies":[{"name":"wp","href":"https:\/\/api.w.org\/{rel}","templated":true}]}}