{"id":8307,"date":"2021-06-08T11:46:57","date_gmt":"2021-06-08T09:46:57","guid":{"rendered":"https:\/\/frontaliers-grandest.eu\/?page_id=8307"},"modified":"2026-02-05T12:41:39","modified_gmt":"2026-02-05T11:41:39","slug":"die-vertragliche-kundigung","status":"publish","type":"page","link":"https:\/\/frontaliers-grandest.eu\/de\/startseite\/grenzganger\/deutschland-frankreich\/arbeitsrecht\/die-kundigung-des-arbeitsvertrags\/die-vertragliche-kundigung\/","title":{"rendered":"Die vertragliche K\u00fcndigung"},"content":{"rendered":"\n<p>Diese Form der Beendigung des Arbeitsverh\u00e4ltnisses, die nur f\u00fcr unbefristete Arbeitsvertr\u00e4ge gilt,&nbsp;<strong>erm\u00f6glicht es sowohl dem Arbeitnehmer als auch dem Arbeitgeber<\/strong>, den Arbeitsvertrag zu beenden und gemeinsam die Bedingungen daf\u00fcr zu vereinbaren. Eine solche Beendigung ergibt sich aus einer von beiden Parteien unterzeichneten Vereinbarung und soll das beiderseitige Einvernehmen sicherstellen<\/p>\n\n\n\n<h2 class=\"wp-block-heading\"><strong>Verfahrensweise&nbsp;<\/strong><\/h2>\n\n\n\n<p>Bevor der Vertrag beendet wird,&nbsp;<strong>m\u00fcssen ein oder mehrere Gespr\u00e4che gef\u00fchrt werden.&nbsp;<\/strong>Der Arbeitnehmer kann sich v<strong>on einem Mitglied der Belegschaft des Unternehmens&nbsp;<\/strong>oder, wenn es keine Personalvertretung im Betrieb gibt,&nbsp;<strong>von einem Berater des Arbeitnehmers aus der Beh\u00f6rdenliste unterst\u00fctzen lassen.<\/strong>&nbsp;Wenn er sich f\u00fcr eine solche Unterst\u00fctzung entscheidet, muss er vorher seinen Arbeitgeber dar\u00fcber informieren. In diesem Falle kann sich der Arbeitgeber ebenfalls Unterst\u00fctzung suchen, wor\u00fcber er<strong>&nbsp;seinerseits den Arbeitnehmer informieren muss.<\/strong><\/p>\n\n\n\n<p>W\u00e4hrend der Gespr\u00e4che&nbsp;<strong>m\u00fcssen die Umst\u00e4nde der Beendigung des Arbeitsvertrages besprochen werden.<\/strong><br>Sobald Arbeitgeber und Arbeitnehmer sich \u00fcber die grunds\u00e4tzliche Beendigung des Arbeitsverh\u00e4ltnisses geeinigt haben, m\u00fcssen sie dies in einer s<strong>chriftlichen Vereinbarung festhalten.<\/strong>&nbsp;Diese enth\u00e4lt zwingend folgende Angaben&nbsp;:<\/p>\n\n\n\n<ul class=\"wp-block-list\">\n<li><strong>Datum der Beendigung:&nbsp;<\/strong>nicht vor dem Tag nach der Anerkennung durch die&nbsp; DDETSPP&nbsp;(Direction d\u00e9partementale Emploi, Travail, Solidarit\u00e9s et Protection des Populations)<\/li>\n\n\n\n<li><strong>die H\u00f6he der speziellen Abfindung f\u00fcr<\/strong>&nbsp;eine vertragliche K\u00fcndigung darf nicht unter der gesetzlichen Abfindung liegen.<\/li>\n<\/ul>\n\n\n\n<p>Ab dem Datum der Unterzeichnung k\u00f6nnen Arbeitgeber und Arbeitnehmer&nbsp;<strong>w\u00e4hrend einer Frist von 2 Wochen ihre Entscheidung widerrufen.<\/strong><br>Ist die Widerrufsfrist abgelaufen, muss der Arbeitgeber ODER der Arbeitnehmer einen Antrag auf Zulassung der Vereinbarung an die DDETSPP&nbsp;(Direction d\u00e9partementale Emploi, Travail, Solidarit\u00e9s et Protection des Populations) schicken (unter Hinzuf\u00fcgung eines Exemplars der Vereinbarung).<strong>&nbsp;Die Beh\u00f6rde muss dann den Antrag innerhalb von 15 Arbeitstagen pr\u00fcfen.<\/strong>&nbsp;Erfolgt in dieser Frist keine Antwort, wird die Zulassung als akzeptiert angesehen.<\/p>\n\n\n\n<p>Die vertraglich vereinbarte Beendigung des Arbeitsverh\u00e4ltnisses kann genutzt werden, um den Arbeitsvertrag mit einem Arbeitnehmer zu beenden, der einen besonderen K\u00fcndigungsschutz genie\u00dft. Allerdings muss in diesem Fall der&nbsp; \u201einspecteur du travail\u201c um vorherige Zustimmung gebeten werden<\/p>\n\n\n\n<h2 class=\"wp-block-heading\"><strong>Arbeitslosengeldanspr\u00fcche des Arbeitnehmers<\/strong><\/h2>\n\n\n\n<p>Bislang wurde ein Arbeitnehmer, der im Einvernehmen mit seinem Arbeitgeber seinen Arbeitsvertrag aufgel\u00f6st hatte, von der Arbeitslosenversicherung so behandelt, als habe er seinen Arbeitsplatz freiwillig aufgegeben.&nbsp;<strong>Dank der neuen Regelung hat der Arbeitnehmer, dessen Arbeitsvertrag vertraglich aufgehoben wurde, nun Anspr\u00fcche auf Arbeitslosenunterst\u00fctzung.<\/strong><\/p>\n\n\n\n<p><strong>Achtung<\/strong>: derzeit wird die vertragliche K\u00fcndigung nicht als \u201eAufhebungsvertrag\u201c nach&nbsp;<strong>deutschem Recht anerkannt.<\/strong><\/p>\n\n\n\n<h5 class=\"wp-block-heading\">Im Streitfall\u00a0<\/h5>\n\n\n\n<p>Streitf\u00e4lle bez\u00fcglich des Aufhebungsvertrages,<strong>&nbsp;der Zulassung oder Ablehnung der Zulassung werden grunds\u00e4tzlich vom franz\u00f6sischen Arbeitsgericht<\/strong>&nbsp;(Conseil de prud\u2019hommes) gekl\u00e4rt. Die Klage muss binnen<strong>&nbsp;12 Monaten<\/strong>&nbsp;ab Datum der Zulassung erhoben werden.<\/p>\n\n\n\n<div class=\"wp-block-frontaliers-grandest-plugin-simple-infos-block\"><div class=\"simple-infos-container\" style=\"background-image:url(https:\/\/frontaliers-grandest.eu\/wp-content\/plugins\/frontaliers-grandest-plugin\/build\/simple-infos-block\/..\/images\/simple-infos-background.26777861.png);background-size:cover\"><div class=\"simple-infos-container__content\"><p class=\"simple-infos-container__content__text\">F\u00fcr weitere Informationen k\u00f6nnen Sie sich an die EURES-Berater oder die zust\u00e4ndige&nbsp;DDETSPP&nbsp;(Direction d\u00e9partementale Emploi, Travail, Solidarit\u00e9s et Protection des Populations)&nbsp;wenden.<\/p><\/div><\/div><\/div>\n\n\n\n<p><\/p>\n","protected":false},"excerpt":{"rendered":"<p>Diese Form der Beendigung des Arbeitsverh\u00e4ltnisses, die nur f\u00fcr unbefristete Arbeitsvertr\u00e4ge gilt,&nbsp;erm\u00f6glicht es sowohl dem Arbeitnehmer als auch dem Arbeitgeber, den Arbeitsvertrag zu beenden und gemeinsam die Bedingungen daf\u00fcr zu vereinbaren. Eine solche Beendigung ergibt sich aus einer von beiden Parteien unterzeichneten Vereinbarung und soll das beiderseitige Einvernehmen sicherstellen Verfahrensweise&nbsp; Bevor der Vertrag beendet wird,&nbsp;m\u00fcssen [&hellip;]<\/p>\n","protected":false},"author":7,"featured_media":0,"parent":8252,"menu_order":4,"comment_status":"closed","ping_status":"closed","template":"","meta":{"inline_featured_image":false,"footnotes":""},"tags":[461,448,517,880],"frge_profile":[225],"class_list":["post-8307","page","type-page","status-publish","hentry","tag-arbeitnehmer","tag-frankreich","tag-grengaenger","tag-kuendigung","frge_profile-arbeitnehmer"],"yoast_head":"<!-- This site is optimized with the Yoast SEO plugin v27.1.1 - https:\/\/yoast.com\/product\/yoast-seo-wordpress\/ -->\n<title>Die vertragliche K\u00fcndigung - Frontaliers Grand Est<\/title>\n<meta name=\"description\" content=\"Sie finden alle Informationen \u00fcber den konventionellen Bruch in Frankreich auf unserer Seite.\" \/>\n<meta name=\"robots\" content=\"index, follow, max-snippet:-1, max-image-preview:large, max-video-preview:-1\" \/>\n<link rel=\"canonical\" href=\"https:\/\/frontaliers-grandest.eu\/de\/startseite\/grenzganger\/deutschland-frankreich\/arbeitsrecht\/die-kundigung-des-arbeitsvertrags\/die-vertragliche-kundigung\/\" \/>\n<meta property=\"og:locale\" content=\"de_DE\" \/>\n<meta property=\"og:type\" content=\"article\" \/>\n<meta property=\"og:title\" content=\"Die vertragliche K\u00fcndigung - Frontaliers Grand Est\" \/>\n<meta property=\"og:description\" content=\"Sie finden alle Informationen \u00fcber den konventionellen Bruch in Frankreich auf unserer Seite.\" \/>\n<meta property=\"og:url\" content=\"https:\/\/frontaliers-grandest.eu\/de\/startseite\/grenzganger\/deutschland-frankreich\/arbeitsrecht\/die-kundigung-des-arbeitsvertrags\/die-vertragliche-kundigung\/\" \/>\n<meta property=\"og:site_name\" content=\"Frontaliers Grand Est\" \/>\n<meta property=\"article:publisher\" content=\"https:\/\/www.facebook.com\/frontaliers.GR.EST\/?locale=fr_FR\" \/>\n<meta property=\"article:modified_time\" content=\"2026-02-05T11:41:39+00:00\" \/>\n<meta name=\"twitter:card\" content=\"summary_large_image\" \/>\n<meta name=\"twitter:label1\" content=\"Gesch\u00e4tzte Lesezeit\" \/>\n\t<meta name=\"twitter:data1\" content=\"3\u00a0Minuten\" \/>\n<script type=\"application\/ld+json\" class=\"yoast-schema-graph\">{\"@context\":\"https:\/\/schema.org\",\"@graph\":[{\"@type\":\"WebPage\",\"@id\":\"https:\/\/frontaliers-grandest.eu\/de\/startseite\/grenzganger\/deutschland-frankreich\/arbeitsrecht\/die-kundigung-des-arbeitsvertrags\/die-vertragliche-kundigung\/\",\"url\":\"https:\/\/frontaliers-grandest.eu\/de\/startseite\/grenzganger\/deutschland-frankreich\/arbeitsrecht\/die-kundigung-des-arbeitsvertrags\/die-vertragliche-kundigung\/\",\"name\":\"Die vertragliche K\u00fcndigung - Frontaliers Grand Est\",\"isPartOf\":{\"@id\":\"https:\/\/frontaliers-grandest.eu\/de\/#website\"},\"datePublished\":\"2021-06-08T09:46:57+00:00\",\"dateModified\":\"2026-02-05T11:41:39+00:00\",\"description\":\"Sie finden alle Informationen \u00fcber den konventionellen Bruch in Frankreich auf unserer Seite.\",\"breadcrumb\":{\"@id\":\"https:\/\/frontaliers-grandest.eu\/de\/startseite\/grenzganger\/deutschland-frankreich\/arbeitsrecht\/die-kundigung-des-arbeitsvertrags\/die-vertragliche-kundigung\/#breadcrumb\"},\"inLanguage\":\"de\",\"potentialAction\":[{\"@type\":\"ReadAction\",\"target\":[\"https:\/\/frontaliers-grandest.eu\/de\/startseite\/grenzganger\/deutschland-frankreich\/arbeitsrecht\/die-kundigung-des-arbeitsvertrags\/die-vertragliche-kundigung\/\"]}]},{\"@type\":\"BreadcrumbList\",\"@id\":\"https:\/\/frontaliers-grandest.eu\/de\/startseite\/grenzganger\/deutschland-frankreich\/arbeitsrecht\/die-kundigung-des-arbeitsvertrags\/die-vertragliche-kundigung\/#breadcrumb\",\"itemListElement\":[{\"@type\":\"ListItem\",\"position\":1,\"name\":\"Startseite\",\"item\":\"https:\/\/frontaliers-grandest.eu\/de\/\"},{\"@type\":\"ListItem\",\"position\":2,\"name\":\"Grenzg\u00e4nger\",\"item\":\"https:\/\/frontaliers-grandest.eu\/de\/startseite\/grenzganger\/\"},{\"@type\":\"ListItem\",\"position\":3,\"name\":\"Deutschland - Frankreich\",\"item\":\"https:\/\/frontaliers-grandest.eu\/de\/startseite\/grenzganger\/deutschland-frankreich\/\"},{\"@type\":\"ListItem\",\"position\":4,\"name\":\"Arbeitsrecht in Frankreich\",\"item\":\"https:\/\/frontaliers-grandest.eu\/de\/startseite\/grenzganger\/deutschland-frankreich\/arbeitsrecht\/\"},{\"@type\":\"ListItem\",\"position\":5,\"name\":\"Die K\u00fcndigung des Arbeitsvertrags\",\"item\":\"https:\/\/frontaliers-grandest.eu\/de\/startseite\/grenzganger\/deutschland-frankreich\/arbeitsrecht\/die-kundigung-des-arbeitsvertrags\/\"},{\"@type\":\"ListItem\",\"position\":6,\"name\":\"Die vertragliche K\u00fcndigung\"}]},{\"@type\":\"WebSite\",\"@id\":\"https:\/\/frontaliers-grandest.eu\/de\/#website\",\"url\":\"https:\/\/frontaliers-grandest.eu\/de\/\",\"name\":\"Frontaliers Grand Est\",\"description\":\"Le site ressource du travail frontalier\",\"publisher\":{\"@id\":\"https:\/\/frontaliers-grandest.eu\/de\/#organization\"},\"alternateName\":\"Frontaliers Grand Est\",\"potentialAction\":[{\"@type\":\"SearchAction\",\"target\":{\"@type\":\"EntryPoint\",\"urlTemplate\":\"https:\/\/frontaliers-grandest.eu\/de\/?s={search_term_string}\"},\"query-input\":{\"@type\":\"PropertyValueSpecification\",\"valueRequired\":true,\"valueName\":\"search_term_string\"}}],\"inLanguage\":\"de\"},{\"@type\":\"Organization\",\"@id\":\"https:\/\/frontaliers-grandest.eu\/de\/#organization\",\"name\":\"Frontaliers Grand Est\",\"alternateName\":\"Frontaliers Grand Est\",\"url\":\"https:\/\/frontaliers-grandest.eu\/de\/\",\"logo\":{\"@type\":\"ImageObject\",\"inLanguage\":\"de\",\"@id\":\"https:\/\/frontaliers-grandest.eu\/de\/#\/schema\/logo\/image\/\",\"url\":\"https:\/\/frontaliers-grandest.eu\/wp-content\/uploads\/2025\/07\/260328234_2966785176920310_3332838526503858160_n.jpg\",\"contentUrl\":\"https:\/\/frontaliers-grandest.eu\/wp-content\/uploads\/2025\/07\/260328234_2966785176920310_3332838526503858160_n.jpg\",\"width\":396,\"height\":396,\"caption\":\"Frontaliers Grand Est\"},\"image\":{\"@id\":\"https:\/\/frontaliers-grandest.eu\/de\/#\/schema\/logo\/image\/\"},\"sameAs\":[\"https:\/\/www.facebook.com\/frontaliers.GR.EST\/?locale=fr_FR\"]}]}<\/script>\n<!-- \/ Yoast SEO plugin. -->","yoast_head_json":{"title":"Die vertragliche K\u00fcndigung - Frontaliers Grand Est","description":"Sie finden alle Informationen \u00fcber den konventionellen Bruch in Frankreich auf unserer Seite.","robots":{"index":"index","follow":"follow","max-snippet":"max-snippet:-1","max-image-preview":"max-image-preview:large","max-video-preview":"max-video-preview:-1"},"canonical":"https:\/\/frontaliers-grandest.eu\/de\/startseite\/grenzganger\/deutschland-frankreich\/arbeitsrecht\/die-kundigung-des-arbeitsvertrags\/die-vertragliche-kundigung\/","og_locale":"de_DE","og_type":"article","og_title":"Die vertragliche K\u00fcndigung - Frontaliers Grand Est","og_description":"Sie finden alle Informationen \u00fcber den konventionellen Bruch in Frankreich auf unserer Seite.","og_url":"https:\/\/frontaliers-grandest.eu\/de\/startseite\/grenzganger\/deutschland-frankreich\/arbeitsrecht\/die-kundigung-des-arbeitsvertrags\/die-vertragliche-kundigung\/","og_site_name":"Frontaliers Grand Est","article_publisher":"https:\/\/www.facebook.com\/frontaliers.GR.EST\/?locale=fr_FR","article_modified_time":"2026-02-05T11:41:39+00:00","twitter_card":"summary_large_image","twitter_misc":{"Gesch\u00e4tzte Lesezeit":"3\u00a0Minuten"},"schema":{"@context":"https:\/\/schema.org","@graph":[{"@type":"WebPage","@id":"https:\/\/frontaliers-grandest.eu\/de\/startseite\/grenzganger\/deutschland-frankreich\/arbeitsrecht\/die-kundigung-des-arbeitsvertrags\/die-vertragliche-kundigung\/","url":"https:\/\/frontaliers-grandest.eu\/de\/startseite\/grenzganger\/deutschland-frankreich\/arbeitsrecht\/die-kundigung-des-arbeitsvertrags\/die-vertragliche-kundigung\/","name":"Die vertragliche K\u00fcndigung - Frontaliers Grand Est","isPartOf":{"@id":"https:\/\/frontaliers-grandest.eu\/de\/#website"},"datePublished":"2021-06-08T09:46:57+00:00","dateModified":"2026-02-05T11:41:39+00:00","description":"Sie finden alle Informationen \u00fcber den konventionellen Bruch in Frankreich auf unserer Seite.","breadcrumb":{"@id":"https:\/\/frontaliers-grandest.eu\/de\/startseite\/grenzganger\/deutschland-frankreich\/arbeitsrecht\/die-kundigung-des-arbeitsvertrags\/die-vertragliche-kundigung\/#breadcrumb"},"inLanguage":"de","potentialAction":[{"@type":"ReadAction","target":["https:\/\/frontaliers-grandest.eu\/de\/startseite\/grenzganger\/deutschland-frankreich\/arbeitsrecht\/die-kundigung-des-arbeitsvertrags\/die-vertragliche-kundigung\/"]}]},{"@type":"BreadcrumbList","@id":"https:\/\/frontaliers-grandest.eu\/de\/startseite\/grenzganger\/deutschland-frankreich\/arbeitsrecht\/die-kundigung-des-arbeitsvertrags\/die-vertragliche-kundigung\/#breadcrumb","itemListElement":[{"@type":"ListItem","position":1,"name":"Startseite","item":"https:\/\/frontaliers-grandest.eu\/de\/"},{"@type":"ListItem","position":2,"name":"Grenzg\u00e4nger","item":"https:\/\/frontaliers-grandest.eu\/de\/startseite\/grenzganger\/"},{"@type":"ListItem","position":3,"name":"Deutschland - Frankreich","item":"https:\/\/frontaliers-grandest.eu\/de\/startseite\/grenzganger\/deutschland-frankreich\/"},{"@type":"ListItem","position":4,"name":"Arbeitsrecht in Frankreich","item":"https:\/\/frontaliers-grandest.eu\/de\/startseite\/grenzganger\/deutschland-frankreich\/arbeitsrecht\/"},{"@type":"ListItem","position":5,"name":"Die K\u00fcndigung des Arbeitsvertrags","item":"https:\/\/frontaliers-grandest.eu\/de\/startseite\/grenzganger\/deutschland-frankreich\/arbeitsrecht\/die-kundigung-des-arbeitsvertrags\/"},{"@type":"ListItem","position":6,"name":"Die vertragliche K\u00fcndigung"}]},{"@type":"WebSite","@id":"https:\/\/frontaliers-grandest.eu\/de\/#website","url":"https:\/\/frontaliers-grandest.eu\/de\/","name":"Frontaliers Grand Est","description":"Le site ressource du travail frontalier","publisher":{"@id":"https:\/\/frontaliers-grandest.eu\/de\/#organization"},"alternateName":"Frontaliers Grand Est","potentialAction":[{"@type":"SearchAction","target":{"@type":"EntryPoint","urlTemplate":"https:\/\/frontaliers-grandest.eu\/de\/?s={search_term_string}"},"query-input":{"@type":"PropertyValueSpecification","valueRequired":true,"valueName":"search_term_string"}}],"inLanguage":"de"},{"@type":"Organization","@id":"https:\/\/frontaliers-grandest.eu\/de\/#organization","name":"Frontaliers Grand Est","alternateName":"Frontaliers Grand Est","url":"https:\/\/frontaliers-grandest.eu\/de\/","logo":{"@type":"ImageObject","inLanguage":"de","@id":"https:\/\/frontaliers-grandest.eu\/de\/#\/schema\/logo\/image\/","url":"https:\/\/frontaliers-grandest.eu\/wp-content\/uploads\/2025\/07\/260328234_2966785176920310_3332838526503858160_n.jpg","contentUrl":"https:\/\/frontaliers-grandest.eu\/wp-content\/uploads\/2025\/07\/260328234_2966785176920310_3332838526503858160_n.jpg","width":396,"height":396,"caption":"Frontaliers Grand Est"},"image":{"@id":"https:\/\/frontaliers-grandest.eu\/de\/#\/schema\/logo\/image\/"},"sameAs":["https:\/\/www.facebook.com\/frontaliers.GR.EST\/?locale=fr_FR"]}]}},"frge_page_order":"0","_links":{"self":[{"href":"https:\/\/frontaliers-grandest.eu\/de\/wp-json\/wp\/v2\/pages\/8307","targetHints":{"allow":["GET"]}}],"collection":[{"href":"https:\/\/frontaliers-grandest.eu\/de\/wp-json\/wp\/v2\/pages"}],"about":[{"href":"https:\/\/frontaliers-grandest.eu\/de\/wp-json\/wp\/v2\/types\/page"}],"author":[{"embeddable":true,"href":"https:\/\/frontaliers-grandest.eu\/de\/wp-json\/wp\/v2\/users\/7"}],"replies":[{"embeddable":true,"href":"https:\/\/frontaliers-grandest.eu\/de\/wp-json\/wp\/v2\/comments?post=8307"}],"version-history":[{"count":3,"href":"https:\/\/frontaliers-grandest.eu\/de\/wp-json\/wp\/v2\/pages\/8307\/revisions"}],"predecessor-version":[{"id":57262,"href":"https:\/\/frontaliers-grandest.eu\/de\/wp-json\/wp\/v2\/pages\/8307\/revisions\/57262"}],"up":[{"embeddable":true,"href":"https:\/\/frontaliers-grandest.eu\/de\/wp-json\/wp\/v2\/pages\/8252"}],"wp:attachment":[{"href":"https:\/\/frontaliers-grandest.eu\/de\/wp-json\/wp\/v2\/media?parent=8307"}],"wp:term":[{"taxonomy":"post_tag","embeddable":true,"href":"https:\/\/frontaliers-grandest.eu\/de\/wp-json\/wp\/v2\/tags?post=8307"},{"taxonomy":"frge_profile","embeddable":true,"href":"https:\/\/frontaliers-grandest.eu\/de\/wp-json\/wp\/v2\/frge_profile?post=8307"}],"curies":[{"name":"wp","href":"https:\/\/api.w.org\/{rel}","templated":true}]}}