{"id":8295,"date":"2021-06-08T11:29:27","date_gmt":"2021-06-08T09:29:27","guid":{"rendered":"https:\/\/frontaliers-grandest.eu\/?page_id=8295"},"modified":"2026-02-04T15:41:33","modified_gmt":"2026-02-04T14:41:33","slug":"das-arbeitentgelt","status":"publish","type":"page","link":"https:\/\/frontaliers-grandest.eu\/de\/startseite\/grenzganger\/deutschland-frankreich\/arbeitsrecht\/der-arbeitsvertrag\/das-arbeitentgelt\/","title":{"rendered":"Das Arbeitentgelt"},"content":{"rendered":"\n<p><strong>Die H\u00f6he des Arbeitsentgelts wird zwischen Ihnen und Ihrem Arbeitgeber bei der Aushandlung des Arbeitsvertrages frei festgelegt.<\/strong><\/p>\n\n\n\n<p>Allerdings darf das Arbeitsentgelt nicht:<\/p>\n\n\n\n<ul class=\"wp-block-list\">\n<li><strong>unter dem gesetzlich geregelten Mindestlohn<\/strong> liegen (SMIC),<\/li>\n\n\n\n<li><strong>unter dem im Tarifvertrag oder dem in der f\u00fcr Sie geltenden Tarifvereinbarung<\/strong>\u00a0vorgesehenen H\u00f6he liegen,<\/li>\n\n\n\n<li>unter der H\u00f6he liegen,\u00a0<strong>die ein franz\u00f6sischer Arbeitnehmer in einer mit Ihnen identischen Lage beziehen w\u00fcrde<\/strong>.<\/li>\n<\/ul>\n\n\n\n<p>Der <strong>SMIC (Salaire Minimum Interprofessionnel de Croissance)<\/strong> betr\u00e4gt ab dem 1. Januar 2026 <strong>1.823,03 \u20ac brutto pro Monat<\/strong>. Wenn Ihre Tarifvereinbarung einen h\u00f6heren Mindestlohn als den SMIC vorsieht, darf Ihnen Ihr Arbeitgeber kein niedrigeres Gehalt anbieten als in der Tarifvereinbarung festgelegt.<\/p>\n\n\n\n<p>Bei der <strong>Gehaltsverhandlung<\/strong> wird, sofern keine besonderen Angaben vorliegen, das <strong>Bruttogehalt<\/strong> verhandelt, also vor Abzug der Sozialabgaben.<\/p>\n\n\n\n<p><strong>Die Sozialabgaben der Arbeitnehmer betragen durchschnittlich etwa 22 % Ihres Bruttogehalts.<\/strong><\/p>\n\n\n\n<p>Das Gehalt besteht aus einem <strong>Grundgehalt<\/strong>, dem <strong>Sachleistungen<\/strong> (z.\u202fB. Verpflegung, Unterkunft, Auto) oder <strong>Zuwendungen<\/strong> (13. Monatsgehalt, Urlaubsgeld, Erfolgspr\u00e4mie usw.) hinzugef\u00fcgt werden k\u00f6nnen.<\/p>\n\n\n\n<p>Ihre Verg\u00fctung kann per Scheck, \u00dcberweisung oder, wenn sie 1.500 \u20ac nicht \u00fcbersteigt, auch in bar gezahlt werden.<\/p>\n\n\n\n<p><strong>Der Arbeitgeber ist verpflichtet, Ihnen f\u00fcr jede Gehaltszahlung eine Lohnabrechnung auszustellen.<\/strong><\/p>\n\n\n\n<p><\/p>\n","protected":false},"excerpt":{"rendered":"<p>Die H\u00f6he des Arbeitsentgelts wird zwischen Ihnen und Ihrem Arbeitgeber bei der Aushandlung des Arbeitsvertrages frei festgelegt. Allerdings darf das Arbeitsentgelt nicht: Der SMIC (Salaire Minimum Interprofessionnel de Croissance) betr\u00e4gt ab dem 1. Januar 2026 1.823,03 \u20ac brutto pro Monat. Wenn Ihre Tarifvereinbarung einen h\u00f6heren Mindestlohn als den SMIC vorsieht, darf Ihnen Ihr Arbeitgeber kein [&hellip;]<\/p>\n","protected":false},"author":7,"featured_media":0,"parent":8250,"menu_order":3,"comment_status":"closed","ping_status":"closed","template":"","meta":{"inline_featured_image":false,"footnotes":""},"tags":[877,461,448,517],"frge_profile":[225],"class_list":["post-8295","page","type-page","status-publish","hentry","tag-arbeitentgelt","tag-arbeitnehmer","tag-frankreich","tag-grengaenger","frge_profile-arbeitnehmer"],"yoast_head":"<!-- This site is optimized with the Yoast SEO plugin v27.1.1 - https:\/\/yoast.com\/product\/yoast-seo-wordpress\/ -->\n<title>Arbeitsentgelt in Frankreich: mindestlohn und gehaltsregelungen<\/title>\n<meta name=\"description\" content=\"Die H\u00f6he des Arbeitsentgelts wird zwischen Ihnen und Ihrem Arbeitgeber bei der Aushandlung des Arbeitsvertrages frei festgelegt.\" \/>\n<meta name=\"robots\" content=\"index, follow, max-snippet:-1, max-image-preview:large, max-video-preview:-1\" \/>\n<link rel=\"canonical\" href=\"https:\/\/frontaliers-grandest.eu\/de\/startseite\/grenzganger\/deutschland-frankreich\/arbeitsrecht\/der-arbeitsvertrag\/das-arbeitentgelt\/\" \/>\n<meta property=\"og:locale\" content=\"de_DE\" \/>\n<meta property=\"og:type\" content=\"article\" \/>\n<meta property=\"og:title\" content=\"Arbeitsentgelt in Frankreich: mindestlohn und gehaltsregelungen\" \/>\n<meta property=\"og:description\" content=\"Die H\u00f6he des Arbeitsentgelts wird zwischen Ihnen und Ihrem Arbeitgeber bei der Aushandlung des Arbeitsvertrages frei festgelegt.\" \/>\n<meta property=\"og:url\" content=\"https:\/\/frontaliers-grandest.eu\/de\/startseite\/grenzganger\/deutschland-frankreich\/arbeitsrecht\/der-arbeitsvertrag\/das-arbeitentgelt\/\" \/>\n<meta property=\"og:site_name\" content=\"Frontaliers Grand Est\" \/>\n<meta property=\"article:publisher\" content=\"https:\/\/www.facebook.com\/frontaliers.GR.EST\/?locale=fr_FR\" \/>\n<meta property=\"article:modified_time\" content=\"2026-02-04T14:41:33+00:00\" \/>\n<meta name=\"twitter:card\" content=\"summary_large_image\" \/>\n<meta name=\"twitter:label1\" content=\"Gesch\u00e4tzte Lesezeit\" \/>\n\t<meta name=\"twitter:data1\" content=\"1\u00a0Minute\" \/>\n<script type=\"application\/ld+json\" class=\"yoast-schema-graph\">{\"@context\":\"https:\/\/schema.org\",\"@graph\":[{\"@type\":\"WebPage\",\"@id\":\"https:\/\/frontaliers-grandest.eu\/de\/startseite\/grenzganger\/deutschland-frankreich\/arbeitsrecht\/der-arbeitsvertrag\/das-arbeitentgelt\/\",\"url\":\"https:\/\/frontaliers-grandest.eu\/de\/startseite\/grenzganger\/deutschland-frankreich\/arbeitsrecht\/der-arbeitsvertrag\/das-arbeitentgelt\/\",\"name\":\"Arbeitsentgelt in Frankreich: mindestlohn und gehaltsregelungen\",\"isPartOf\":{\"@id\":\"https:\/\/frontaliers-grandest.eu\/de\/#website\"},\"datePublished\":\"2021-06-08T09:29:27+00:00\",\"dateModified\":\"2026-02-04T14:41:33+00:00\",\"description\":\"Die H\u00f6he des Arbeitsentgelts wird zwischen Ihnen und Ihrem Arbeitgeber bei der Aushandlung des Arbeitsvertrages frei festgelegt.\",\"breadcrumb\":{\"@id\":\"https:\/\/frontaliers-grandest.eu\/de\/startseite\/grenzganger\/deutschland-frankreich\/arbeitsrecht\/der-arbeitsvertrag\/das-arbeitentgelt\/#breadcrumb\"},\"inLanguage\":\"de\",\"potentialAction\":[{\"@type\":\"ReadAction\",\"target\":[\"https:\/\/frontaliers-grandest.eu\/de\/startseite\/grenzganger\/deutschland-frankreich\/arbeitsrecht\/der-arbeitsvertrag\/das-arbeitentgelt\/\"]}]},{\"@type\":\"BreadcrumbList\",\"@id\":\"https:\/\/frontaliers-grandest.eu\/de\/startseite\/grenzganger\/deutschland-frankreich\/arbeitsrecht\/der-arbeitsvertrag\/das-arbeitentgelt\/#breadcrumb\",\"itemListElement\":[{\"@type\":\"ListItem\",\"position\":1,\"name\":\"Startseite\",\"item\":\"https:\/\/frontaliers-grandest.eu\/de\/\"},{\"@type\":\"ListItem\",\"position\":2,\"name\":\"Grenzg\u00e4nger\",\"item\":\"https:\/\/frontaliers-grandest.eu\/de\/startseite\/grenzganger\/\"},{\"@type\":\"ListItem\",\"position\":3,\"name\":\"Deutschland - Frankreich\",\"item\":\"https:\/\/frontaliers-grandest.eu\/de\/startseite\/grenzganger\/deutschland-frankreich\/\"},{\"@type\":\"ListItem\",\"position\":4,\"name\":\"Arbeitsrecht in Frankreich\",\"item\":\"https:\/\/frontaliers-grandest.eu\/de\/startseite\/grenzganger\/deutschland-frankreich\/arbeitsrecht\/\"},{\"@type\":\"ListItem\",\"position\":5,\"name\":\"Der Arbeitsvertrag\",\"item\":\"https:\/\/frontaliers-grandest.eu\/de\/startseite\/grenzganger\/deutschland-frankreich\/arbeitsrecht\/der-arbeitsvertrag\/\"},{\"@type\":\"ListItem\",\"position\":6,\"name\":\"Das Arbeitentgelt\"}]},{\"@type\":\"WebSite\",\"@id\":\"https:\/\/frontaliers-grandest.eu\/de\/#website\",\"url\":\"https:\/\/frontaliers-grandest.eu\/de\/\",\"name\":\"Frontaliers Grand Est\",\"description\":\"Le site ressource du travail frontalier\",\"publisher\":{\"@id\":\"https:\/\/frontaliers-grandest.eu\/de\/#organization\"},\"alternateName\":\"Frontaliers Grand Est\",\"potentialAction\":[{\"@type\":\"SearchAction\",\"target\":{\"@type\":\"EntryPoint\",\"urlTemplate\":\"https:\/\/frontaliers-grandest.eu\/de\/?s={search_term_string}\"},\"query-input\":{\"@type\":\"PropertyValueSpecification\",\"valueRequired\":true,\"valueName\":\"search_term_string\"}}],\"inLanguage\":\"de\"},{\"@type\":\"Organization\",\"@id\":\"https:\/\/frontaliers-grandest.eu\/de\/#organization\",\"name\":\"Frontaliers Grand Est\",\"alternateName\":\"Frontaliers Grand Est\",\"url\":\"https:\/\/frontaliers-grandest.eu\/de\/\",\"logo\":{\"@type\":\"ImageObject\",\"inLanguage\":\"de\",\"@id\":\"https:\/\/frontaliers-grandest.eu\/de\/#\/schema\/logo\/image\/\",\"url\":\"https:\/\/frontaliers-grandest.eu\/wp-content\/uploads\/2025\/07\/260328234_2966785176920310_3332838526503858160_n.jpg\",\"contentUrl\":\"https:\/\/frontaliers-grandest.eu\/wp-content\/uploads\/2025\/07\/260328234_2966785176920310_3332838526503858160_n.jpg\",\"width\":396,\"height\":396,\"caption\":\"Frontaliers Grand Est\"},\"image\":{\"@id\":\"https:\/\/frontaliers-grandest.eu\/de\/#\/schema\/logo\/image\/\"},\"sameAs\":[\"https:\/\/www.facebook.com\/frontaliers.GR.EST\/?locale=fr_FR\"]}]}<\/script>\n<!-- \/ Yoast SEO plugin. -->","yoast_head_json":{"title":"Arbeitsentgelt in Frankreich: mindestlohn und gehaltsregelungen","description":"Die H\u00f6he des Arbeitsentgelts wird zwischen Ihnen und Ihrem Arbeitgeber bei der Aushandlung des Arbeitsvertrages frei festgelegt.","robots":{"index":"index","follow":"follow","max-snippet":"max-snippet:-1","max-image-preview":"max-image-preview:large","max-video-preview":"max-video-preview:-1"},"canonical":"https:\/\/frontaliers-grandest.eu\/de\/startseite\/grenzganger\/deutschland-frankreich\/arbeitsrecht\/der-arbeitsvertrag\/das-arbeitentgelt\/","og_locale":"de_DE","og_type":"article","og_title":"Arbeitsentgelt in Frankreich: mindestlohn und gehaltsregelungen","og_description":"Die H\u00f6he des Arbeitsentgelts wird zwischen Ihnen und Ihrem Arbeitgeber bei der Aushandlung des Arbeitsvertrages frei festgelegt.","og_url":"https:\/\/frontaliers-grandest.eu\/de\/startseite\/grenzganger\/deutschland-frankreich\/arbeitsrecht\/der-arbeitsvertrag\/das-arbeitentgelt\/","og_site_name":"Frontaliers Grand Est","article_publisher":"https:\/\/www.facebook.com\/frontaliers.GR.EST\/?locale=fr_FR","article_modified_time":"2026-02-04T14:41:33+00:00","twitter_card":"summary_large_image","twitter_misc":{"Gesch\u00e4tzte Lesezeit":"1\u00a0Minute"},"schema":{"@context":"https:\/\/schema.org","@graph":[{"@type":"WebPage","@id":"https:\/\/frontaliers-grandest.eu\/de\/startseite\/grenzganger\/deutschland-frankreich\/arbeitsrecht\/der-arbeitsvertrag\/das-arbeitentgelt\/","url":"https:\/\/frontaliers-grandest.eu\/de\/startseite\/grenzganger\/deutschland-frankreich\/arbeitsrecht\/der-arbeitsvertrag\/das-arbeitentgelt\/","name":"Arbeitsentgelt in Frankreich: mindestlohn und gehaltsregelungen","isPartOf":{"@id":"https:\/\/frontaliers-grandest.eu\/de\/#website"},"datePublished":"2021-06-08T09:29:27+00:00","dateModified":"2026-02-04T14:41:33+00:00","description":"Die H\u00f6he des Arbeitsentgelts wird zwischen Ihnen und Ihrem Arbeitgeber bei der Aushandlung des Arbeitsvertrages frei festgelegt.","breadcrumb":{"@id":"https:\/\/frontaliers-grandest.eu\/de\/startseite\/grenzganger\/deutschland-frankreich\/arbeitsrecht\/der-arbeitsvertrag\/das-arbeitentgelt\/#breadcrumb"},"inLanguage":"de","potentialAction":[{"@type":"ReadAction","target":["https:\/\/frontaliers-grandest.eu\/de\/startseite\/grenzganger\/deutschland-frankreich\/arbeitsrecht\/der-arbeitsvertrag\/das-arbeitentgelt\/"]}]},{"@type":"BreadcrumbList","@id":"https:\/\/frontaliers-grandest.eu\/de\/startseite\/grenzganger\/deutschland-frankreich\/arbeitsrecht\/der-arbeitsvertrag\/das-arbeitentgelt\/#breadcrumb","itemListElement":[{"@type":"ListItem","position":1,"name":"Startseite","item":"https:\/\/frontaliers-grandest.eu\/de\/"},{"@type":"ListItem","position":2,"name":"Grenzg\u00e4nger","item":"https:\/\/frontaliers-grandest.eu\/de\/startseite\/grenzganger\/"},{"@type":"ListItem","position":3,"name":"Deutschland - Frankreich","item":"https:\/\/frontaliers-grandest.eu\/de\/startseite\/grenzganger\/deutschland-frankreich\/"},{"@type":"ListItem","position":4,"name":"Arbeitsrecht in Frankreich","item":"https:\/\/frontaliers-grandest.eu\/de\/startseite\/grenzganger\/deutschland-frankreich\/arbeitsrecht\/"},{"@type":"ListItem","position":5,"name":"Der Arbeitsvertrag","item":"https:\/\/frontaliers-grandest.eu\/de\/startseite\/grenzganger\/deutschland-frankreich\/arbeitsrecht\/der-arbeitsvertrag\/"},{"@type":"ListItem","position":6,"name":"Das Arbeitentgelt"}]},{"@type":"WebSite","@id":"https:\/\/frontaliers-grandest.eu\/de\/#website","url":"https:\/\/frontaliers-grandest.eu\/de\/","name":"Frontaliers Grand Est","description":"Le site ressource du travail frontalier","publisher":{"@id":"https:\/\/frontaliers-grandest.eu\/de\/#organization"},"alternateName":"Frontaliers Grand Est","potentialAction":[{"@type":"SearchAction","target":{"@type":"EntryPoint","urlTemplate":"https:\/\/frontaliers-grandest.eu\/de\/?s={search_term_string}"},"query-input":{"@type":"PropertyValueSpecification","valueRequired":true,"valueName":"search_term_string"}}],"inLanguage":"de"},{"@type":"Organization","@id":"https:\/\/frontaliers-grandest.eu\/de\/#organization","name":"Frontaliers Grand Est","alternateName":"Frontaliers Grand Est","url":"https:\/\/frontaliers-grandest.eu\/de\/","logo":{"@type":"ImageObject","inLanguage":"de","@id":"https:\/\/frontaliers-grandest.eu\/de\/#\/schema\/logo\/image\/","url":"https:\/\/frontaliers-grandest.eu\/wp-content\/uploads\/2025\/07\/260328234_2966785176920310_3332838526503858160_n.jpg","contentUrl":"https:\/\/frontaliers-grandest.eu\/wp-content\/uploads\/2025\/07\/260328234_2966785176920310_3332838526503858160_n.jpg","width":396,"height":396,"caption":"Frontaliers Grand Est"},"image":{"@id":"https:\/\/frontaliers-grandest.eu\/de\/#\/schema\/logo\/image\/"},"sameAs":["https:\/\/www.facebook.com\/frontaliers.GR.EST\/?locale=fr_FR"]}]}},"frge_page_order":"0","_links":{"self":[{"href":"https:\/\/frontaliers-grandest.eu\/de\/wp-json\/wp\/v2\/pages\/8295","targetHints":{"allow":["GET"]}}],"collection":[{"href":"https:\/\/frontaliers-grandest.eu\/de\/wp-json\/wp\/v2\/pages"}],"about":[{"href":"https:\/\/frontaliers-grandest.eu\/de\/wp-json\/wp\/v2\/types\/page"}],"author":[{"embeddable":true,"href":"https:\/\/frontaliers-grandest.eu\/de\/wp-json\/wp\/v2\/users\/7"}],"replies":[{"embeddable":true,"href":"https:\/\/frontaliers-grandest.eu\/de\/wp-json\/wp\/v2\/comments?post=8295"}],"version-history":[{"count":2,"href":"https:\/\/frontaliers-grandest.eu\/de\/wp-json\/wp\/v2\/pages\/8295\/revisions"}],"predecessor-version":[{"id":57203,"href":"https:\/\/frontaliers-grandest.eu\/de\/wp-json\/wp\/v2\/pages\/8295\/revisions\/57203"}],"up":[{"embeddable":true,"href":"https:\/\/frontaliers-grandest.eu\/de\/wp-json\/wp\/v2\/pages\/8250"}],"wp:attachment":[{"href":"https:\/\/frontaliers-grandest.eu\/de\/wp-json\/wp\/v2\/media?parent=8295"}],"wp:term":[{"taxonomy":"post_tag","embeddable":true,"href":"https:\/\/frontaliers-grandest.eu\/de\/wp-json\/wp\/v2\/tags?post=8295"},{"taxonomy":"frge_profile","embeddable":true,"href":"https:\/\/frontaliers-grandest.eu\/de\/wp-json\/wp\/v2\/frge_profile?post=8295"}],"curies":[{"name":"wp","href":"https:\/\/api.w.org\/{rel}","templated":true}]}}